

{"id":97753,"date":"2025-07-11T20:49:42","date_gmt":"2025-07-11T18:49:42","guid":{"rendered":"https:\/\/www.praktivak.be\/product\/durr-id220-aldehyde-vrij-gebruiksklaar-2-500ml\/"},"modified":"2026-02-01T02:58:12","modified_gmt":"2026-02-01T01:58:12","slug":"durr-id220-sans-aldehyde-pret-a-lemploi-2500ml","status":"publish","type":"product","link":"https:\/\/www.praktivak.be\/fr\/produit\/durr-id220-sans-aldehyde-pret-a-lemploi-2500ml\/","title":{"rendered":"Durr ID220 (sans aldehyde) pr\u00eat \u00e0 l&#8217;emploi, 2500ml"},"content":{"rendered":"\n<p>\nSolution d&rsquo;ald&eacute;hyde utilisation pour la d&eacute;sinfection et le nettoyage simultan&eacute; des instruments rotatifs dans un bain &agrave; ultrasons ou borenbad. <\/p>\n<p>\nTemps de r&eacute;action extr&ecirc;mement rapide 1 minute <\/p>\n<p>\nPerformance de nettoyage exceptionnelle et la compatibilit&eacute; des mat&eacute;riaux, contient des inhibiteurs de corrosion. <\/p>\n<p>\nFacilement biod&eacute;gradable. <\/p>\n<p>\nVAH \/ DGHM inscrit y compris les virus. Enregistrement &Ouml;GHMP. Conforme aux exigences DGHM actuelles et normen4 europ&eacute;enne) 5) 6) 7) 8) 9) 10). <\/p>\n<p>\nSpectre d&rsquo;activit&eacute;: bact&eacute;ricide, la tuberculose, fungicide3) virucide2) <\/p>\n<p>\n(Tous les virus envelopp&eacute;s, non compris le VHB, le VHC et le VIH). <\/p>\n<p>\nLes substances actives: alcool dans un environnement alcalin. <\/p>\n<p>\nConditionnement: 2,5 litres.<\/p>\n\n","protected":false},"excerpt":{"rendered":"<p>Solution d&rsquo;ald&eacute;hyde utilisation pour la d&eacute;sinfection et le nettoyage simultan&eacute; des instruments rotatifs dans un bain &agrave; ultrasons ou borenbad. Temps de r&eacute;action extr&ecirc;mement rapide 1 minute Performance de nettoyage exceptionnelle et la compatibilit&eacute; des mat&eacute;riaux, contient des inhibiteurs de corrosion. Facilement biod&eacute;gradable. VAH \/ DGHM inscrit y compris les virus. Enregistrement &Ouml;GHMP. Conforme aux &hellip; <\/p>\n<p class=\"link-more\"><a href=\"https:\/\/www.praktivak.be\/fr\/produit\/durr-id220-sans-aldehyde-pret-a-lemploi-2500ml\/\" class=\"more-link\">Continuer la lecture<span class=\"screen-reader-text\"> \u00ab\u00a0Durr ID220 (sans aldehyde) pr\u00eat \u00e0 l&#8217;emploi, 2500ml\u00a0\u00bb<\/span><\/a><\/p>\n","protected":false},"author":1,"featured_media":304509,"template":"","meta":{"_acf_changed":false,"_relevanssi_hide_post":"","_relevanssi_hide_content":"","_relevanssi_pin_for_all":"","_relevanssi_pin_keywords":"","_relevanssi_unpin_keywords":"","_relevanssi_related_keywords":"","_relevanssi_related_include_ids":"","_relevanssi_related_exclude_ids":"","_relevanssi_related_no_append":"","_relevanssi_related_not_related":"","_relevanssi_related_posts":"","_relevanssi_noindex_reason":"","advgb_blocks_editor_width":"","advgb_blocks_columns_visual_guide":"","footnotes":""},"product_brand":[],"product_cat":[1942],"product_tag":[],"class_list":{"0":"post-97753","1":"product","2":"type-product","3":"status-publish","4":"has-post-thumbnail","6":"product_cat-vloeistoffen-hygiene-en-desinfectie-fr","8":"first","9":"instock","10":"taxable","11":"shipping-taxable","12":"product-type-simple"},"acf":[],"yoast_head":"<!-- This site is optimized with the Yoast SEO plugin v27.2 - https:\/\/yoast.com\/product\/yoast-seo-wordpress\/ -->\n<title>Durr ID220 (sans aldehyde) pr\u00eat \u00e0 l&#039;emploi, 2500ml - Praktivak<\/title>\n<meta name=\"robots\" content=\"index, follow, max-snippet:-1, max-image-preview:large, max-video-preview:-1\" \/>\n<link rel=\"canonical\" href=\"https:\/\/www.praktivak.be\/fr\/produit\/durr-id220-sans-aldehyde-pret-a-lemploi-2500ml\/\" \/>\n<meta property=\"og:locale\" content=\"fr_FR\" \/>\n<meta property=\"og:type\" content=\"article\" \/>\n<meta property=\"og:title\" content=\"Durr ID220 (sans aldehyde) pr\u00eat \u00e0 l&#039;emploi, 2500ml - Praktivak\" \/>\n<meta property=\"og:description\" content=\"Solution d&rsquo;ald&eacute;hyde utilisation pour la d&eacute;sinfection et le nettoyage simultan&eacute; des instruments rotatifs dans un bain &agrave; ultrasons ou borenbad. Temps de r&eacute;action extr&ecirc;mement rapide 1 minute Performance de nettoyage exceptionnelle et la compatibilit&eacute; des mat&eacute;riaux, contient des inhibiteurs de corrosion. Facilement biod&eacute;gradable. VAH \/ DGHM inscrit y compris les virus. Enregistrement &Ouml;GHMP. Conforme aux &hellip; Continuer la lecture &quot;Durr ID220 (sans aldehyde) pr\u00eat \u00e0 l&#8217;emploi, 2500ml&quot;\" \/>\n<meta property=\"og:url\" content=\"https:\/\/www.praktivak.be\/fr\/produit\/durr-id220-sans-aldehyde-pret-a-lemploi-2500ml\/\" \/>\n<meta property=\"og:site_name\" content=\"Praktivak\" \/>\n<meta property=\"article:modified_time\" content=\"2026-02-01T01:58:12+00:00\" \/>\n<meta property=\"og:image\" content=\"https:\/\/www.praktivak.be\/wp-content\/uploads\/2025\/09\/4102-2.jpg\" \/>\n\t<meta property=\"og:image:width\" content=\"640\" \/>\n\t<meta property=\"og:image:height\" content=\"460\" \/>\n\t<meta property=\"og:image:type\" content=\"image\/jpeg\" \/>\n<meta name=\"twitter:card\" content=\"summary_large_image\" \/>\n<script type=\"application\/ld+json\" class=\"yoast-schema-graph\">{\"@context\":\"https:\/\/schema.org\",\"@graph\":[{\"@type\":\"WebPage\",\"@id\":\"https:\/\/www.praktivak.be\/fr\/produit\/durr-id220-sans-aldehyde-pret-a-lemploi-2500ml\/\",\"url\":\"https:\/\/www.praktivak.be\/fr\/produit\/durr-id220-sans-aldehyde-pret-a-lemploi-2500ml\/\",\"name\":\"Durr ID220 (sans aldehyde) pr\u00eat \u00e0 l'emploi, 2500ml - Praktivak\",\"isPartOf\":{\"@id\":\"https:\/\/www.praktivak.be\/fr\/#website\"},\"primaryImageOfPage\":{\"@id\":\"https:\/\/www.praktivak.be\/fr\/produit\/durr-id220-sans-aldehyde-pret-a-lemploi-2500ml\/#primaryimage\"},\"image\":{\"@id\":\"https:\/\/www.praktivak.be\/fr\/produit\/durr-id220-sans-aldehyde-pret-a-lemploi-2500ml\/#primaryimage\"},\"thumbnailUrl\":\"https:\/\/www.praktivak.be\/wp-content\/uploads\/2025\/09\/4102-2.jpg\",\"datePublished\":\"2025-07-11T18:49:42+00:00\",\"dateModified\":\"2026-02-01T01:58:12+00:00\",\"breadcrumb\":{\"@id\":\"https:\/\/www.praktivak.be\/fr\/produit\/durr-id220-sans-aldehyde-pret-a-lemploi-2500ml\/#breadcrumb\"},\"inLanguage\":\"fr-FR\",\"potentialAction\":[{\"@type\":\"ReadAction\",\"target\":[\"https:\/\/www.praktivak.be\/fr\/produit\/durr-id220-sans-aldehyde-pret-a-lemploi-2500ml\/\"]}]},{\"@type\":\"ImageObject\",\"inLanguage\":\"fr-FR\",\"@id\":\"https:\/\/www.praktivak.be\/fr\/produit\/durr-id220-sans-aldehyde-pret-a-lemploi-2500ml\/#primaryimage\",\"url\":\"https:\/\/www.praktivak.be\/wp-content\/uploads\/2025\/09\/4102-2.jpg\",\"contentUrl\":\"https:\/\/www.praktivak.be\/wp-content\/uploads\/2025\/09\/4102-2.jpg\",\"width\":640,\"height\":460},{\"@type\":\"BreadcrumbList\",\"@id\":\"https:\/\/www.praktivak.be\/fr\/produit\/durr-id220-sans-aldehyde-pret-a-lemploi-2500ml\/#breadcrumb\",\"itemListElement\":[{\"@type\":\"ListItem\",\"position\":1,\"name\":\"Home\",\"item\":\"https:\/\/www.praktivak.be\/fr\/\"},{\"@type\":\"ListItem\",\"position\":2,\"name\":\"Boutique\",\"item\":\"https:\/\/www.praktivak.be\/fr\/boutique\/\"},{\"@type\":\"ListItem\",\"position\":3,\"name\":\"Durr ID220 (sans aldehyde) pr\u00eat \u00e0 l&#8217;emploi, 2500ml\"}]},{\"@type\":\"WebSite\",\"@id\":\"https:\/\/www.praktivak.be\/fr\/#website\",\"url\":\"https:\/\/www.praktivak.be\/fr\/\",\"name\":\"Praktivak\",\"description\":\"\",\"publisher\":{\"@id\":\"https:\/\/www.praktivak.be\/fr\/#organization\"},\"potentialAction\":[{\"@type\":\"SearchAction\",\"target\":{\"@type\":\"EntryPoint\",\"urlTemplate\":\"https:\/\/www.praktivak.be\/fr\/?s={search_term_string}\"},\"query-input\":{\"@type\":\"PropertyValueSpecification\",\"valueRequired\":true,\"valueName\":\"search_term_string\"}}],\"inLanguage\":\"fr-FR\"},{\"@type\":\"Organization\",\"@id\":\"https:\/\/www.praktivak.be\/fr\/#organization\",\"name\":\"Praktivak\",\"url\":\"https:\/\/www.praktivak.be\/fr\/\",\"logo\":{\"@type\":\"ImageObject\",\"inLanguage\":\"fr-FR\",\"@id\":\"https:\/\/www.praktivak.be\/fr\/#\/schema\/logo\/image\/\",\"url\":\"https:\/\/www.praktivak.be\/wp-content\/uploads\/2024\/09\/Logo.png\",\"contentUrl\":\"https:\/\/www.praktivak.be\/wp-content\/uploads\/2024\/09\/Logo.png\",\"width\":1774,\"height\":337,\"caption\":\"Praktivak\"},\"image\":{\"@id\":\"https:\/\/www.praktivak.be\/fr\/#\/schema\/logo\/image\/\"}}]}<\/script>\n<!-- \/ Yoast SEO plugin. -->","yoast_head_json":{"title":"Durr ID220 (sans aldehyde) pr\u00eat \u00e0 l'emploi, 2500ml - Praktivak","robots":{"index":"index","follow":"follow","max-snippet":"max-snippet:-1","max-image-preview":"max-image-preview:large","max-video-preview":"max-video-preview:-1"},"canonical":"https:\/\/www.praktivak.be\/fr\/produit\/durr-id220-sans-aldehyde-pret-a-lemploi-2500ml\/","og_locale":"fr_FR","og_type":"article","og_title":"Durr ID220 (sans aldehyde) pr\u00eat \u00e0 l'emploi, 2500ml - Praktivak","og_description":"Solution d&rsquo;ald&eacute;hyde utilisation pour la d&eacute;sinfection et le nettoyage simultan&eacute; des instruments rotatifs dans un bain &agrave; ultrasons ou borenbad. Temps de r&eacute;action extr&ecirc;mement rapide 1 minute Performance de nettoyage exceptionnelle et la compatibilit&eacute; des mat&eacute;riaux, contient des inhibiteurs de corrosion. Facilement biod&eacute;gradable. VAH \/ DGHM inscrit y compris les virus. Enregistrement &Ouml;GHMP. Conforme aux &hellip; Continuer la lecture \"Durr ID220 (sans aldehyde) pr\u00eat \u00e0 l&#8217;emploi, 2500ml\"","og_url":"https:\/\/www.praktivak.be\/fr\/produit\/durr-id220-sans-aldehyde-pret-a-lemploi-2500ml\/","og_site_name":"Praktivak","article_modified_time":"2026-02-01T01:58:12+00:00","og_image":[{"width":640,"height":460,"url":"https:\/\/www.praktivak.be\/wp-content\/uploads\/2025\/09\/4102-2.jpg","type":"image\/jpeg"}],"twitter_card":"summary_large_image","schema":{"@context":"https:\/\/schema.org","@graph":[{"@type":"WebPage","@id":"https:\/\/www.praktivak.be\/fr\/produit\/durr-id220-sans-aldehyde-pret-a-lemploi-2500ml\/","url":"https:\/\/www.praktivak.be\/fr\/produit\/durr-id220-sans-aldehyde-pret-a-lemploi-2500ml\/","name":"Durr ID220 (sans aldehyde) pr\u00eat \u00e0 l'emploi, 2500ml - Praktivak","isPartOf":{"@id":"https:\/\/www.praktivak.be\/fr\/#website"},"primaryImageOfPage":{"@id":"https:\/\/www.praktivak.be\/fr\/produit\/durr-id220-sans-aldehyde-pret-a-lemploi-2500ml\/#primaryimage"},"image":{"@id":"https:\/\/www.praktivak.be\/fr\/produit\/durr-id220-sans-aldehyde-pret-a-lemploi-2500ml\/#primaryimage"},"thumbnailUrl":"https:\/\/www.praktivak.be\/wp-content\/uploads\/2025\/09\/4102-2.jpg","datePublished":"2025-07-11T18:49:42+00:00","dateModified":"2026-02-01T01:58:12+00:00","breadcrumb":{"@id":"https:\/\/www.praktivak.be\/fr\/produit\/durr-id220-sans-aldehyde-pret-a-lemploi-2500ml\/#breadcrumb"},"inLanguage":"fr-FR","potentialAction":[{"@type":"ReadAction","target":["https:\/\/www.praktivak.be\/fr\/produit\/durr-id220-sans-aldehyde-pret-a-lemploi-2500ml\/"]}]},{"@type":"ImageObject","inLanguage":"fr-FR","@id":"https:\/\/www.praktivak.be\/fr\/produit\/durr-id220-sans-aldehyde-pret-a-lemploi-2500ml\/#primaryimage","url":"https:\/\/www.praktivak.be\/wp-content\/uploads\/2025\/09\/4102-2.jpg","contentUrl":"https:\/\/www.praktivak.be\/wp-content\/uploads\/2025\/09\/4102-2.jpg","width":640,"height":460},{"@type":"BreadcrumbList","@id":"https:\/\/www.praktivak.be\/fr\/produit\/durr-id220-sans-aldehyde-pret-a-lemploi-2500ml\/#breadcrumb","itemListElement":[{"@type":"ListItem","position":1,"name":"Home","item":"https:\/\/www.praktivak.be\/fr\/"},{"@type":"ListItem","position":2,"name":"Boutique","item":"https:\/\/www.praktivak.be\/fr\/boutique\/"},{"@type":"ListItem","position":3,"name":"Durr ID220 (sans aldehyde) pr\u00eat \u00e0 l&#8217;emploi, 2500ml"}]},{"@type":"WebSite","@id":"https:\/\/www.praktivak.be\/fr\/#website","url":"https:\/\/www.praktivak.be\/fr\/","name":"Praktivak","description":"","publisher":{"@id":"https:\/\/www.praktivak.be\/fr\/#organization"},"potentialAction":[{"@type":"SearchAction","target":{"@type":"EntryPoint","urlTemplate":"https:\/\/www.praktivak.be\/fr\/?s={search_term_string}"},"query-input":{"@type":"PropertyValueSpecification","valueRequired":true,"valueName":"search_term_string"}}],"inLanguage":"fr-FR"},{"@type":"Organization","@id":"https:\/\/www.praktivak.be\/fr\/#organization","name":"Praktivak","url":"https:\/\/www.praktivak.be\/fr\/","logo":{"@type":"ImageObject","inLanguage":"fr-FR","@id":"https:\/\/www.praktivak.be\/fr\/#\/schema\/logo\/image\/","url":"https:\/\/www.praktivak.be\/wp-content\/uploads\/2024\/09\/Logo.png","contentUrl":"https:\/\/www.praktivak.be\/wp-content\/uploads\/2024\/09\/Logo.png","width":1774,"height":337,"caption":"Praktivak"},"image":{"@id":"https:\/\/www.praktivak.be\/fr\/#\/schema\/logo\/image\/"}}]}},"featured_img":"https:\/\/www.praktivak.be\/wp-content\/uploads\/2025\/09\/4102-2.jpg","coauthors":[],"author_meta":{"author_link":"https:\/\/www.praktivak.be\/fr\/author\/madeit\/","display_name":"Tjebbe Lievens"},"relative_dates":{"created":"Publi\u00e9 9 mois il y a","modified":"Mis \u00e0 jour 2 mois il y a"},"absolute_dates":{"created":"Publi\u00e9 le 11 juillet 2025","modified":"Mise \u00e0 jour le 1 f\u00e9vrier 2026"},"absolute_dates_time":{"created":"Publi\u00e9 le 11 juillet 2025 20h49","modified":"Mise \u00e0 jour le 1 f\u00e9vrier 2026 2h58"},"featured_img_caption":"","tax_additional":{"product_brand":{"linked":[],"unlinked":[],"slug":"product_brand","name":"Marques"},"product_type":{"linked":["<a href=\"https:\/\/www.praktivak.be\/fr\/?taxonomy=product_type&#038;term=simple\" class=\"advgb-post-tax-term\">simple<\/a>"],"unlinked":["<span class=\"advgb-post-tax-term\">simple<\/span>"],"slug":"product_type","name":"Type de produit"},"product_visibility":{"linked":[],"unlinked":[],"slug":"product_visibility","name":"Visibilit\u00e9 du produit"},"product_cat":{"linked":["<a href=\"https:\/\/www.praktivak.be\/fr\/categorie-de-produit\/hygiene-en-desinfectie-fr\/vloeistoffen-hygiene-en-desinfectie-fr\/\" class=\"advgb-post-tax-term\">Liquides<\/a>"],"unlinked":["<span class=\"advgb-post-tax-term\">Liquides<\/span>"],"slug":"product_cat","name":"Cat\u00e9gories de produits"},"product_tag":{"linked":[],"unlinked":[],"slug":"product_tag","name":"\u00c9tiquettes produit"},"product_shipping_class":{"linked":[],"unlinked":[],"slug":"product_shipping_class","name":"Classe d\u2019exp\u00e9dition du produit"},"pos_product_visibility":{"linked":[],"unlinked":[],"slug":"pos_product_visibility","name":"Visibilit\u00e9 du produit sur le point de vente"},"translation_priority":{"linked":[],"unlinked":[],"slug":"translation_priority","name":"Priorit\u00e9s de traduction"}},"series_order":"","_links":{"self":[{"href":"https:\/\/www.praktivak.be\/fr\/wp-json\/wp\/v2\/product\/97753","targetHints":{"allow":["GET"]}}],"collection":[{"href":"https:\/\/www.praktivak.be\/fr\/wp-json\/wp\/v2\/product"}],"about":[{"href":"https:\/\/www.praktivak.be\/fr\/wp-json\/wp\/v2\/types\/product"}],"version-history":[{"count":92,"href":"https:\/\/www.praktivak.be\/fr\/wp-json\/wp\/v2\/product\/97753\/revisions"}],"predecessor-version":[{"id":335044,"href":"https:\/\/www.praktivak.be\/fr\/wp-json\/wp\/v2\/product\/97753\/revisions\/335044"}],"wp:featuredmedia":[{"embeddable":true,"href":"https:\/\/www.praktivak.be\/fr\/wp-json\/wp\/v2\/media\/304509"}],"wp:attachment":[{"href":"https:\/\/www.praktivak.be\/fr\/wp-json\/wp\/v2\/media?parent=97753"}],"wp:term":[{"taxonomy":"product_brand","embeddable":true,"href":"https:\/\/www.praktivak.be\/fr\/wp-json\/wp\/v2\/product_brand?post=97753"},{"taxonomy":"product_cat","embeddable":true,"href":"https:\/\/www.praktivak.be\/fr\/wp-json\/wp\/v2\/product_cat?post=97753"},{"taxonomy":"product_tag","embeddable":true,"href":"https:\/\/www.praktivak.be\/fr\/wp-json\/wp\/v2\/product_tag?post=97753"}],"curies":[{"name":"wp","href":"https:\/\/api.w.org\/{rel}","templated":true}]}}