

{"id":49751,"date":"2025-05-14T16:06:26","date_gmt":"2025-05-14T14:06:26","guid":{"rendered":"https:\/\/www.praktivak.be\/product\/depiluxe-harspatroon-groen-chlorphyl-100ml\/"},"modified":"2026-02-01T03:06:43","modified_gmt":"2026-02-01T02:06:43","slug":"depiluxe-cartouche-de-cire-vert-chlorophyl-100ml","status":"publish","type":"product","link":"https:\/\/www.praktivak.be\/fr\/produit\/depiluxe-cartouche-de-cire-vert-chlorophyl-100ml\/","title":{"rendered":"Depiluxe cartouche de cire vert (chlorophyl), 100ml"},"content":{"rendered":"\n<p data-oe-version=\"1.2\">\n<\/p><p>\nCartouche de cire&nbsp;d&eacute;piluxe de 100 ml avec rouleau fix&eacute; sur le dessus. <\/p>\n\n<p>\nL&rsquo;azul&egrave;ne est extrait de la camomille sauvage et est connu pour ses propri&eacute;t&eacute;s apaisantes, adoucissantes et anti-inflammatoires. Cette cire verte d&rsquo;azul&egrave;ne favorise une bonne et rapide r&eacute;cup&eacute;ration de la peau apr&egrave;s l&rsquo;&eacute;pilation. La cire&nbsp;prot&egrave;ge et favorise la circulation. Elle apaise, adoucit et rend la peau plus r&eacute;sistante et plus saine. Cette colophane convient donc parfaitement aux peaux normales et sensibles et poss&egrave;de une excellente capacit&eacute; de traction. Elle peut &ecirc;tre utilis&eacute;e sur le corps et le visage.<\/p>\n\n","protected":false},"excerpt":{"rendered":"<p>Cartouche de cire&nbsp;d&eacute;piluxe de 100 ml avec rouleau fix&eacute; sur le dessus. L&rsquo;azul&egrave;ne est extrait de la camomille sauvage et est connu pour ses propri&eacute;t&eacute;s apaisantes, adoucissantes et anti-inflammatoires. Cette cire verte d&rsquo;azul&egrave;ne favorise une bonne et rapide r&eacute;cup&eacute;ration de la peau apr&egrave;s l&rsquo;&eacute;pilation. La cire&nbsp;prot&egrave;ge et favorise la circulation. Elle apaise, adoucit et rend &hellip; <\/p>\n<p class=\"link-more\"><a href=\"https:\/\/www.praktivak.be\/fr\/produit\/depiluxe-cartouche-de-cire-vert-chlorophyl-100ml\/\" class=\"more-link\">Continuer la lecture<span class=\"screen-reader-text\"> \u00ab\u00a0Depiluxe cartouche de cire vert (chlorophyl), 100ml\u00a0\u00bb<\/span><\/a><\/p>\n","protected":false},"author":1,"featured_media":287631,"template":"","meta":{"_acf_changed":false,"_relevanssi_hide_post":"","_relevanssi_hide_content":"","_relevanssi_pin_for_all":"","_relevanssi_pin_keywords":"","_relevanssi_unpin_keywords":"","_relevanssi_related_keywords":"","_relevanssi_related_include_ids":"","_relevanssi_related_exclude_ids":"","_relevanssi_related_no_append":"","_relevanssi_related_not_related":"","_relevanssi_related_posts":"","_relevanssi_noindex_reason":"","advgb_blocks_editor_width":"","advgb_blocks_columns_visual_guide":"","footnotes":""},"product_brand":[],"product_cat":[2102],"product_tag":[],"class_list":{"0":"post-49751","1":"product","2":"type-product","3":"status-publish","4":"has-post-thumbnail","6":"product_cat-cartridges-depiluxe-fr","8":"first","9":"instock","10":"taxable","11":"shipping-taxable","12":"product-type-simple"},"acf":[],"yoast_head":"<!-- This site is optimized with the Yoast SEO plugin v27.2 - https:\/\/yoast.com\/product\/yoast-seo-wordpress\/ -->\n<title>Depiluxe cartouche de cire vert (chlorophyl), 100ml - Praktivak<\/title>\n<meta name=\"robots\" content=\"index, follow, max-snippet:-1, max-image-preview:large, max-video-preview:-1\" \/>\n<link rel=\"canonical\" href=\"https:\/\/www.praktivak.be\/fr\/produit\/depiluxe-cartouche-de-cire-vert-chlorophyl-100ml\/\" \/>\n<meta property=\"og:locale\" content=\"fr_FR\" \/>\n<meta property=\"og:type\" content=\"article\" \/>\n<meta property=\"og:title\" content=\"Depiluxe cartouche de cire vert (chlorophyl), 100ml - Praktivak\" \/>\n<meta property=\"og:description\" content=\"Cartouche de cire&nbsp;d&eacute;piluxe de 100 ml avec rouleau fix&eacute; sur le dessus. L&rsquo;azul&egrave;ne est extrait de la camomille sauvage et est connu pour ses propri&eacute;t&eacute;s apaisantes, adoucissantes et anti-inflammatoires. Cette cire verte d&rsquo;azul&egrave;ne favorise une bonne et rapide r&eacute;cup&eacute;ration de la peau apr&egrave;s l&rsquo;&eacute;pilation. La cire&nbsp;prot&egrave;ge et favorise la circulation. Elle apaise, adoucit et rend &hellip; Continuer la lecture &quot;Depiluxe cartouche de cire vert (chlorophyl), 100ml&quot;\" \/>\n<meta property=\"og:url\" content=\"https:\/\/www.praktivak.be\/fr\/produit\/depiluxe-cartouche-de-cire-vert-chlorophyl-100ml\/\" \/>\n<meta property=\"og:site_name\" content=\"Praktivak\" \/>\n<meta property=\"article:modified_time\" content=\"2026-02-01T02:06:43+00:00\" \/>\n<meta property=\"og:image\" content=\"https:\/\/www.praktivak.be\/wp-content\/uploads\/2025\/09\/XI930.015.jpg\" \/>\n\t<meta property=\"og:image:width\" content=\"1000\" \/>\n\t<meta property=\"og:image:height\" content=\"1000\" \/>\n\t<meta property=\"og:image:type\" content=\"image\/jpeg\" \/>\n<meta name=\"twitter:card\" content=\"summary_large_image\" \/>\n<meta name=\"twitter:label1\" content=\"Dur\u00e9e de lecture estim\u00e9e\" \/>\n\t<meta name=\"twitter:data1\" content=\"1 minute\" \/>\n<script type=\"application\/ld+json\" class=\"yoast-schema-graph\">{\"@context\":\"https:\/\/schema.org\",\"@graph\":[{\"@type\":\"WebPage\",\"@id\":\"https:\/\/www.praktivak.be\/fr\/produit\/depiluxe-cartouche-de-cire-vert-chlorophyl-100ml\/\",\"url\":\"https:\/\/www.praktivak.be\/fr\/produit\/depiluxe-cartouche-de-cire-vert-chlorophyl-100ml\/\",\"name\":\"Depiluxe cartouche de cire vert (chlorophyl), 100ml - Praktivak\",\"isPartOf\":{\"@id\":\"https:\/\/www.praktivak.be\/fr\/#website\"},\"primaryImageOfPage\":{\"@id\":\"https:\/\/www.praktivak.be\/fr\/produit\/depiluxe-cartouche-de-cire-vert-chlorophyl-100ml\/#primaryimage\"},\"image\":{\"@id\":\"https:\/\/www.praktivak.be\/fr\/produit\/depiluxe-cartouche-de-cire-vert-chlorophyl-100ml\/#primaryimage\"},\"thumbnailUrl\":\"https:\/\/www.praktivak.be\/wp-content\/uploads\/2025\/09\/XI930.015.jpg\",\"datePublished\":\"2025-05-14T14:06:26+00:00\",\"dateModified\":\"2026-02-01T02:06:43+00:00\",\"breadcrumb\":{\"@id\":\"https:\/\/www.praktivak.be\/fr\/produit\/depiluxe-cartouche-de-cire-vert-chlorophyl-100ml\/#breadcrumb\"},\"inLanguage\":\"fr-FR\",\"potentialAction\":[{\"@type\":\"ReadAction\",\"target\":[\"https:\/\/www.praktivak.be\/fr\/produit\/depiluxe-cartouche-de-cire-vert-chlorophyl-100ml\/\"]}]},{\"@type\":\"ImageObject\",\"inLanguage\":\"fr-FR\",\"@id\":\"https:\/\/www.praktivak.be\/fr\/produit\/depiluxe-cartouche-de-cire-vert-chlorophyl-100ml\/#primaryimage\",\"url\":\"https:\/\/www.praktivak.be\/wp-content\/uploads\/2025\/09\/XI930.015.jpg\",\"contentUrl\":\"https:\/\/www.praktivak.be\/wp-content\/uploads\/2025\/09\/XI930.015.jpg\",\"width\":1000,\"height\":1000},{\"@type\":\"BreadcrumbList\",\"@id\":\"https:\/\/www.praktivak.be\/fr\/produit\/depiluxe-cartouche-de-cire-vert-chlorophyl-100ml\/#breadcrumb\",\"itemListElement\":[{\"@type\":\"ListItem\",\"position\":1,\"name\":\"Home\",\"item\":\"https:\/\/www.praktivak.be\/fr\/\"},{\"@type\":\"ListItem\",\"position\":2,\"name\":\"Boutique\",\"item\":\"https:\/\/www.praktivak.be\/fr\/boutique\/\"},{\"@type\":\"ListItem\",\"position\":3,\"name\":\"Depiluxe cartouche de cire vert (chlorophyl), 100ml\"}]},{\"@type\":\"WebSite\",\"@id\":\"https:\/\/www.praktivak.be\/fr\/#website\",\"url\":\"https:\/\/www.praktivak.be\/fr\/\",\"name\":\"Praktivak\",\"description\":\"\",\"publisher\":{\"@id\":\"https:\/\/www.praktivak.be\/fr\/#organization\"},\"potentialAction\":[{\"@type\":\"SearchAction\",\"target\":{\"@type\":\"EntryPoint\",\"urlTemplate\":\"https:\/\/www.praktivak.be\/fr\/?s={search_term_string}\"},\"query-input\":{\"@type\":\"PropertyValueSpecification\",\"valueRequired\":true,\"valueName\":\"search_term_string\"}}],\"inLanguage\":\"fr-FR\"},{\"@type\":\"Organization\",\"@id\":\"https:\/\/www.praktivak.be\/fr\/#organization\",\"name\":\"Praktivak\",\"url\":\"https:\/\/www.praktivak.be\/fr\/\",\"logo\":{\"@type\":\"ImageObject\",\"inLanguage\":\"fr-FR\",\"@id\":\"https:\/\/www.praktivak.be\/fr\/#\/schema\/logo\/image\/\",\"url\":\"https:\/\/www.praktivak.be\/wp-content\/uploads\/2024\/09\/Logo.png\",\"contentUrl\":\"https:\/\/www.praktivak.be\/wp-content\/uploads\/2024\/09\/Logo.png\",\"width\":1774,\"height\":337,\"caption\":\"Praktivak\"},\"image\":{\"@id\":\"https:\/\/www.praktivak.be\/fr\/#\/schema\/logo\/image\/\"}}]}<\/script>\n<!-- \/ Yoast SEO plugin. -->","yoast_head_json":{"title":"Depiluxe cartouche de cire vert (chlorophyl), 100ml - Praktivak","robots":{"index":"index","follow":"follow","max-snippet":"max-snippet:-1","max-image-preview":"max-image-preview:large","max-video-preview":"max-video-preview:-1"},"canonical":"https:\/\/www.praktivak.be\/fr\/produit\/depiluxe-cartouche-de-cire-vert-chlorophyl-100ml\/","og_locale":"fr_FR","og_type":"article","og_title":"Depiluxe cartouche de cire vert (chlorophyl), 100ml - Praktivak","og_description":"Cartouche de cire&nbsp;d&eacute;piluxe de 100 ml avec rouleau fix&eacute; sur le dessus. L&rsquo;azul&egrave;ne est extrait de la camomille sauvage et est connu pour ses propri&eacute;t&eacute;s apaisantes, adoucissantes et anti-inflammatoires. Cette cire verte d&rsquo;azul&egrave;ne favorise une bonne et rapide r&eacute;cup&eacute;ration de la peau apr&egrave;s l&rsquo;&eacute;pilation. La cire&nbsp;prot&egrave;ge et favorise la circulation. Elle apaise, adoucit et rend &hellip; Continuer la lecture \"Depiluxe cartouche de cire vert (chlorophyl), 100ml\"","og_url":"https:\/\/www.praktivak.be\/fr\/produit\/depiluxe-cartouche-de-cire-vert-chlorophyl-100ml\/","og_site_name":"Praktivak","article_modified_time":"2026-02-01T02:06:43+00:00","og_image":[{"width":1000,"height":1000,"url":"https:\/\/www.praktivak.be\/wp-content\/uploads\/2025\/09\/XI930.015.jpg","type":"image\/jpeg"}],"twitter_card":"summary_large_image","twitter_misc":{"Dur\u00e9e de lecture estim\u00e9e":"1 minute"},"schema":{"@context":"https:\/\/schema.org","@graph":[{"@type":"WebPage","@id":"https:\/\/www.praktivak.be\/fr\/produit\/depiluxe-cartouche-de-cire-vert-chlorophyl-100ml\/","url":"https:\/\/www.praktivak.be\/fr\/produit\/depiluxe-cartouche-de-cire-vert-chlorophyl-100ml\/","name":"Depiluxe cartouche de cire vert (chlorophyl), 100ml - Praktivak","isPartOf":{"@id":"https:\/\/www.praktivak.be\/fr\/#website"},"primaryImageOfPage":{"@id":"https:\/\/www.praktivak.be\/fr\/produit\/depiluxe-cartouche-de-cire-vert-chlorophyl-100ml\/#primaryimage"},"image":{"@id":"https:\/\/www.praktivak.be\/fr\/produit\/depiluxe-cartouche-de-cire-vert-chlorophyl-100ml\/#primaryimage"},"thumbnailUrl":"https:\/\/www.praktivak.be\/wp-content\/uploads\/2025\/09\/XI930.015.jpg","datePublished":"2025-05-14T14:06:26+00:00","dateModified":"2026-02-01T02:06:43+00:00","breadcrumb":{"@id":"https:\/\/www.praktivak.be\/fr\/produit\/depiluxe-cartouche-de-cire-vert-chlorophyl-100ml\/#breadcrumb"},"inLanguage":"fr-FR","potentialAction":[{"@type":"ReadAction","target":["https:\/\/www.praktivak.be\/fr\/produit\/depiluxe-cartouche-de-cire-vert-chlorophyl-100ml\/"]}]},{"@type":"ImageObject","inLanguage":"fr-FR","@id":"https:\/\/www.praktivak.be\/fr\/produit\/depiluxe-cartouche-de-cire-vert-chlorophyl-100ml\/#primaryimage","url":"https:\/\/www.praktivak.be\/wp-content\/uploads\/2025\/09\/XI930.015.jpg","contentUrl":"https:\/\/www.praktivak.be\/wp-content\/uploads\/2025\/09\/XI930.015.jpg","width":1000,"height":1000},{"@type":"BreadcrumbList","@id":"https:\/\/www.praktivak.be\/fr\/produit\/depiluxe-cartouche-de-cire-vert-chlorophyl-100ml\/#breadcrumb","itemListElement":[{"@type":"ListItem","position":1,"name":"Home","item":"https:\/\/www.praktivak.be\/fr\/"},{"@type":"ListItem","position":2,"name":"Boutique","item":"https:\/\/www.praktivak.be\/fr\/boutique\/"},{"@type":"ListItem","position":3,"name":"Depiluxe cartouche de cire vert (chlorophyl), 100ml"}]},{"@type":"WebSite","@id":"https:\/\/www.praktivak.be\/fr\/#website","url":"https:\/\/www.praktivak.be\/fr\/","name":"Praktivak","description":"","publisher":{"@id":"https:\/\/www.praktivak.be\/fr\/#organization"},"potentialAction":[{"@type":"SearchAction","target":{"@type":"EntryPoint","urlTemplate":"https:\/\/www.praktivak.be\/fr\/?s={search_term_string}"},"query-input":{"@type":"PropertyValueSpecification","valueRequired":true,"valueName":"search_term_string"}}],"inLanguage":"fr-FR"},{"@type":"Organization","@id":"https:\/\/www.praktivak.be\/fr\/#organization","name":"Praktivak","url":"https:\/\/www.praktivak.be\/fr\/","logo":{"@type":"ImageObject","inLanguage":"fr-FR","@id":"https:\/\/www.praktivak.be\/fr\/#\/schema\/logo\/image\/","url":"https:\/\/www.praktivak.be\/wp-content\/uploads\/2024\/09\/Logo.png","contentUrl":"https:\/\/www.praktivak.be\/wp-content\/uploads\/2024\/09\/Logo.png","width":1774,"height":337,"caption":"Praktivak"},"image":{"@id":"https:\/\/www.praktivak.be\/fr\/#\/schema\/logo\/image\/"}}]}},"featured_img":"https:\/\/www.praktivak.be\/wp-content\/uploads\/2025\/09\/XI930.015.jpg","coauthors":[],"author_meta":{"author_link":"https:\/\/www.praktivak.be\/fr\/author\/madeit\/","display_name":"Tjebbe Lievens"},"relative_dates":{"created":"Publi\u00e9 11 mois il y a","modified":"Mis \u00e0 jour 2 mois il y a"},"absolute_dates":{"created":"Publi\u00e9 le 14 mai 2025","modified":"Mise \u00e0 jour le 1 f\u00e9vrier 2026"},"absolute_dates_time":{"created":"Publi\u00e9 le 14 mai 2025 16h06","modified":"Mise \u00e0 jour le 1 f\u00e9vrier 2026 3h06"},"featured_img_caption":"","tax_additional":{"product_brand":{"linked":[],"unlinked":[],"slug":"product_brand","name":"Marques"},"product_type":{"linked":["<a href=\"https:\/\/www.praktivak.be\/fr\/?taxonomy=product_type&#038;term=simple\" class=\"advgb-post-tax-term\">simple<\/a>"],"unlinked":["<span class=\"advgb-post-tax-term\">simple<\/span>"],"slug":"product_type","name":"Type de produit"},"product_visibility":{"linked":[],"unlinked":[],"slug":"product_visibility","name":"Visibilit\u00e9 du produit"},"product_cat":{"linked":["<a href=\"https:\/\/www.praktivak.be\/fr\/categorie-de-produit\/ontharing-fr\/depiluxe-fr\/cartridges-depiluxe-fr\/\" class=\"advgb-post-tax-term\">Cartouches<\/a>"],"unlinked":["<span class=\"advgb-post-tax-term\">Cartouches<\/span>"],"slug":"product_cat","name":"Cat\u00e9gories de produits"},"product_tag":{"linked":[],"unlinked":[],"slug":"product_tag","name":"\u00c9tiquettes produit"},"product_shipping_class":{"linked":[],"unlinked":[],"slug":"product_shipping_class","name":"Classe d\u2019exp\u00e9dition du produit"},"pos_product_visibility":{"linked":[],"unlinked":[],"slug":"pos_product_visibility","name":"Visibilit\u00e9 du produit sur le point de vente"},"translation_priority":{"linked":[],"unlinked":[],"slug":"translation_priority","name":"Priorit\u00e9s de traduction"}},"series_order":"","_links":{"self":[{"href":"https:\/\/www.praktivak.be\/fr\/wp-json\/wp\/v2\/product\/49751","targetHints":{"allow":["GET"]}}],"collection":[{"href":"https:\/\/www.praktivak.be\/fr\/wp-json\/wp\/v2\/product"}],"about":[{"href":"https:\/\/www.praktivak.be\/fr\/wp-json\/wp\/v2\/types\/product"}],"version-history":[{"count":97,"href":"https:\/\/www.praktivak.be\/fr\/wp-json\/wp\/v2\/product\/49751\/revisions"}],"predecessor-version":[{"id":330104,"href":"https:\/\/www.praktivak.be\/fr\/wp-json\/wp\/v2\/product\/49751\/revisions\/330104"}],"wp:featuredmedia":[{"embeddable":true,"href":"https:\/\/www.praktivak.be\/fr\/wp-json\/wp\/v2\/media\/287631"}],"wp:attachment":[{"href":"https:\/\/www.praktivak.be\/fr\/wp-json\/wp\/v2\/media?parent=49751"}],"wp:term":[{"taxonomy":"product_brand","embeddable":true,"href":"https:\/\/www.praktivak.be\/fr\/wp-json\/wp\/v2\/product_brand?post=49751"},{"taxonomy":"product_cat","embeddable":true,"href":"https:\/\/www.praktivak.be\/fr\/wp-json\/wp\/v2\/product_cat?post=49751"},{"taxonomy":"product_tag","embeddable":true,"href":"https:\/\/www.praktivak.be\/fr\/wp-json\/wp\/v2\/product_tag?post=49751"}],"curies":[{"name":"wp","href":"https:\/\/api.w.org\/{rel}","templated":true}]}}