

{"id":49242,"date":"2025-05-14T00:00:57","date_gmt":"2025-05-13T22:00:57","guid":{"rendered":"https:\/\/www.praktivak.be\/product\/gelsmart-voorvoetkussen-met-lus-l-xl-rechts-1-st\/"},"modified":"2026-02-01T03:03:08","modified_gmt":"2026-02-01T02:03:08","slug":"gelsmart-coussin-metatarsien-avec-boucle-droite-l-xl-1-pc","status":"publish","type":"product","link":"https:\/\/www.praktivak.be\/fr\/produit\/gelsmart-coussin-metatarsien-avec-boucle-droite-l-xl-1-pc\/","title":{"rendered":"GelSmart Coussin M\u00e9tatarsien avec Boucle &#8211; Droite &#8211; L\/XL, 1 pc."},"content":{"rendered":"\n<p>\nGelSmart Coussin M&eacute;tatarsien avec Boucle &ndash; Droite &ndash; L\/XL<\/p>\n\n<p>\nCe coussin pour le pied droit offre une protection, un confort et un soulagement de la pression pour tout le m&eacute;tatarse et en particulier les m&eacute;tatarsiens. Gr&acirc;ce &agrave; la boucle flexible, le coussin reste en place. En plus, le gel est enrichi en huiles min&eacute;rales pour un confort et une hydratation optimal. Test&eacute; dermatologiquement, hypoallerg&eacute;nique, lavable et r&eacute;utilisable.<\/p>\n\n<p>\nTaille: L\/XL<\/p>\n<p>\nEmball&eacute; par 1 pi&egrave;ce.<\/p>\n\n","protected":false},"excerpt":{"rendered":"<p>GelSmart Coussin M&eacute;tatarsien avec Boucle &ndash; Droite &ndash; L\/XL Ce coussin pour le pied droit offre une protection, un confort et un soulagement de la pression pour tout le m&eacute;tatarse et en particulier les m&eacute;tatarsiens. Gr&acirc;ce &agrave; la boucle flexible, le coussin reste en place. En plus, le gel est enrichi en huiles min&eacute;rales pour &hellip; <\/p>\n<p class=\"link-more\"><a href=\"https:\/\/www.praktivak.be\/fr\/produit\/gelsmart-coussin-metatarsien-avec-boucle-droite-l-xl-1-pc\/\" class=\"more-link\">Continuer la lecture<span class=\"screen-reader-text\"> \u00ab\u00a0GelSmart Coussin M\u00e9tatarsien avec Boucle &#8211; Droite &#8211; L\/XL, 1 pc.\u00a0\u00bb<\/span><\/a><\/p>\n","protected":false},"author":1,"featured_media":292535,"template":"","meta":{"_acf_changed":false,"_relevanssi_hide_post":"","_relevanssi_hide_content":"","_relevanssi_pin_for_all":"","_relevanssi_pin_keywords":"","_relevanssi_unpin_keywords":"","_relevanssi_related_keywords":"","_relevanssi_related_include_ids":"","_relevanssi_related_exclude_ids":"","_relevanssi_related_no_append":"","_relevanssi_related_not_related":"","_relevanssi_related_posts":"","_relevanssi_noindex_reason":"","advgb_blocks_editor_width":"","advgb_blocks_columns_visual_guide":"","footnotes":""},"product_brand":[],"product_cat":[2109],"product_tag":[],"class_list":{"0":"post-49242","1":"product","2":"type-product","3":"status-publish","4":"has-post-thumbnail","6":"product_cat-gelsmart-siliconen-en-antidruk-pedicure-2-fr","8":"first","9":"instock","10":"taxable","11":"shipping-taxable","12":"product-type-simple"},"acf":[],"yoast_head":"<!-- This site is optimized with the Yoast SEO plugin v27.2 - https:\/\/yoast.com\/product\/yoast-seo-wordpress\/ -->\n<title>GelSmart Coussin M\u00e9tatarsien avec Boucle - Droite - L\/XL, 1 pc. - Praktivak<\/title>\n<meta name=\"robots\" content=\"index, follow, max-snippet:-1, max-image-preview:large, max-video-preview:-1\" \/>\n<link rel=\"canonical\" href=\"https:\/\/www.praktivak.be\/fr\/produit\/gelsmart-coussin-metatarsien-avec-boucle-droite-l-xl-1-pc\/\" \/>\n<meta property=\"og:locale\" content=\"fr_FR\" \/>\n<meta property=\"og:type\" content=\"article\" \/>\n<meta property=\"og:title\" content=\"GelSmart Coussin M\u00e9tatarsien avec Boucle - Droite - L\/XL, 1 pc. - Praktivak\" \/>\n<meta property=\"og:description\" content=\"GelSmart Coussin M&eacute;tatarsien avec Boucle &ndash; Droite &ndash; L\/XL Ce coussin pour le pied droit offre une protection, un confort et un soulagement de la pression pour tout le m&eacute;tatarse et en particulier les m&eacute;tatarsiens. Gr&acirc;ce &agrave; la boucle flexible, le coussin reste en place. En plus, le gel est enrichi en huiles min&eacute;rales pour &hellip; Continuer la lecture &quot;GelSmart Coussin M\u00e9tatarsien avec Boucle &#8211; Droite &#8211; L\/XL, 1 pc.&quot;\" \/>\n<meta property=\"og:url\" content=\"https:\/\/www.praktivak.be\/fr\/produit\/gelsmart-coussin-metatarsien-avec-boucle-droite-l-xl-1-pc\/\" \/>\n<meta property=\"og:site_name\" content=\"Praktivak\" \/>\n<meta property=\"article:modified_time\" content=\"2026-02-01T02:03:08+00:00\" \/>\n<meta property=\"og:image\" content=\"https:\/\/www.praktivak.be\/wp-content\/uploads\/2025\/09\/GS5215.121-3.jpg\" \/>\n\t<meta property=\"og:image:width\" content=\"100\" \/>\n\t<meta property=\"og:image:height\" content=\"100\" \/>\n\t<meta property=\"og:image:type\" content=\"image\/jpeg\" \/>\n<meta name=\"twitter:card\" content=\"summary_large_image\" \/>\n<script type=\"application\/ld+json\" class=\"yoast-schema-graph\">{\"@context\":\"https:\/\/schema.org\",\"@graph\":[{\"@type\":\"WebPage\",\"@id\":\"https:\/\/www.praktivak.be\/fr\/produit\/gelsmart-coussin-metatarsien-avec-boucle-droite-l-xl-1-pc\/\",\"url\":\"https:\/\/www.praktivak.be\/fr\/produit\/gelsmart-coussin-metatarsien-avec-boucle-droite-l-xl-1-pc\/\",\"name\":\"GelSmart Coussin M\u00e9tatarsien avec Boucle - Droite - L\/XL, 1 pc. - Praktivak\",\"isPartOf\":{\"@id\":\"https:\/\/www.praktivak.be\/fr\/#website\"},\"primaryImageOfPage\":{\"@id\":\"https:\/\/www.praktivak.be\/fr\/produit\/gelsmart-coussin-metatarsien-avec-boucle-droite-l-xl-1-pc\/#primaryimage\"},\"image\":{\"@id\":\"https:\/\/www.praktivak.be\/fr\/produit\/gelsmart-coussin-metatarsien-avec-boucle-droite-l-xl-1-pc\/#primaryimage\"},\"thumbnailUrl\":\"https:\/\/www.praktivak.be\/wp-content\/uploads\/2025\/09\/GS5215.121-3.jpg\",\"datePublished\":\"2025-05-13T22:00:57+00:00\",\"dateModified\":\"2026-02-01T02:03:08+00:00\",\"breadcrumb\":{\"@id\":\"https:\/\/www.praktivak.be\/fr\/produit\/gelsmart-coussin-metatarsien-avec-boucle-droite-l-xl-1-pc\/#breadcrumb\"},\"inLanguage\":\"fr-FR\",\"potentialAction\":[{\"@type\":\"ReadAction\",\"target\":[\"https:\/\/www.praktivak.be\/fr\/produit\/gelsmart-coussin-metatarsien-avec-boucle-droite-l-xl-1-pc\/\"]}]},{\"@type\":\"ImageObject\",\"inLanguage\":\"fr-FR\",\"@id\":\"https:\/\/www.praktivak.be\/fr\/produit\/gelsmart-coussin-metatarsien-avec-boucle-droite-l-xl-1-pc\/#primaryimage\",\"url\":\"https:\/\/www.praktivak.be\/wp-content\/uploads\/2025\/09\/GS5215.121-3.jpg\",\"contentUrl\":\"https:\/\/www.praktivak.be\/wp-content\/uploads\/2025\/09\/GS5215.121-3.jpg\",\"width\":100,\"height\":100},{\"@type\":\"BreadcrumbList\",\"@id\":\"https:\/\/www.praktivak.be\/fr\/produit\/gelsmart-coussin-metatarsien-avec-boucle-droite-l-xl-1-pc\/#breadcrumb\",\"itemListElement\":[{\"@type\":\"ListItem\",\"position\":1,\"name\":\"Home\",\"item\":\"https:\/\/www.praktivak.be\/fr\/\"},{\"@type\":\"ListItem\",\"position\":2,\"name\":\"Boutique\",\"item\":\"https:\/\/www.praktivak.be\/fr\/boutique\/\"},{\"@type\":\"ListItem\",\"position\":3,\"name\":\"GelSmart Coussin M\u00e9tatarsien avec Boucle &#8211; Droite &#8211; L\/XL, 1 pc.\"}]},{\"@type\":\"WebSite\",\"@id\":\"https:\/\/www.praktivak.be\/fr\/#website\",\"url\":\"https:\/\/www.praktivak.be\/fr\/\",\"name\":\"Praktivak\",\"description\":\"\",\"publisher\":{\"@id\":\"https:\/\/www.praktivak.be\/fr\/#organization\"},\"potentialAction\":[{\"@type\":\"SearchAction\",\"target\":{\"@type\":\"EntryPoint\",\"urlTemplate\":\"https:\/\/www.praktivak.be\/fr\/?s={search_term_string}\"},\"query-input\":{\"@type\":\"PropertyValueSpecification\",\"valueRequired\":true,\"valueName\":\"search_term_string\"}}],\"inLanguage\":\"fr-FR\"},{\"@type\":\"Organization\",\"@id\":\"https:\/\/www.praktivak.be\/fr\/#organization\",\"name\":\"Praktivak\",\"url\":\"https:\/\/www.praktivak.be\/fr\/\",\"logo\":{\"@type\":\"ImageObject\",\"inLanguage\":\"fr-FR\",\"@id\":\"https:\/\/www.praktivak.be\/fr\/#\/schema\/logo\/image\/\",\"url\":\"https:\/\/www.praktivak.be\/wp-content\/uploads\/2024\/09\/Logo.png\",\"contentUrl\":\"https:\/\/www.praktivak.be\/wp-content\/uploads\/2024\/09\/Logo.png\",\"width\":1774,\"height\":337,\"caption\":\"Praktivak\"},\"image\":{\"@id\":\"https:\/\/www.praktivak.be\/fr\/#\/schema\/logo\/image\/\"}}]}<\/script>\n<!-- \/ Yoast SEO plugin. -->","yoast_head_json":{"title":"GelSmart Coussin M\u00e9tatarsien avec Boucle - Droite - L\/XL, 1 pc. - Praktivak","robots":{"index":"index","follow":"follow","max-snippet":"max-snippet:-1","max-image-preview":"max-image-preview:large","max-video-preview":"max-video-preview:-1"},"canonical":"https:\/\/www.praktivak.be\/fr\/produit\/gelsmart-coussin-metatarsien-avec-boucle-droite-l-xl-1-pc\/","og_locale":"fr_FR","og_type":"article","og_title":"GelSmart Coussin M\u00e9tatarsien avec Boucle - Droite - L\/XL, 1 pc. - Praktivak","og_description":"GelSmart Coussin M&eacute;tatarsien avec Boucle &ndash; Droite &ndash; L\/XL Ce coussin pour le pied droit offre une protection, un confort et un soulagement de la pression pour tout le m&eacute;tatarse et en particulier les m&eacute;tatarsiens. Gr&acirc;ce &agrave; la boucle flexible, le coussin reste en place. En plus, le gel est enrichi en huiles min&eacute;rales pour &hellip; Continuer la lecture \"GelSmart Coussin M\u00e9tatarsien avec Boucle &#8211; Droite &#8211; L\/XL, 1 pc.\"","og_url":"https:\/\/www.praktivak.be\/fr\/produit\/gelsmart-coussin-metatarsien-avec-boucle-droite-l-xl-1-pc\/","og_site_name":"Praktivak","article_modified_time":"2026-02-01T02:03:08+00:00","og_image":[{"width":100,"height":100,"url":"https:\/\/www.praktivak.be\/wp-content\/uploads\/2025\/09\/GS5215.121-3.jpg","type":"image\/jpeg"}],"twitter_card":"summary_large_image","schema":{"@context":"https:\/\/schema.org","@graph":[{"@type":"WebPage","@id":"https:\/\/www.praktivak.be\/fr\/produit\/gelsmart-coussin-metatarsien-avec-boucle-droite-l-xl-1-pc\/","url":"https:\/\/www.praktivak.be\/fr\/produit\/gelsmart-coussin-metatarsien-avec-boucle-droite-l-xl-1-pc\/","name":"GelSmart Coussin M\u00e9tatarsien avec Boucle - Droite - L\/XL, 1 pc. - Praktivak","isPartOf":{"@id":"https:\/\/www.praktivak.be\/fr\/#website"},"primaryImageOfPage":{"@id":"https:\/\/www.praktivak.be\/fr\/produit\/gelsmart-coussin-metatarsien-avec-boucle-droite-l-xl-1-pc\/#primaryimage"},"image":{"@id":"https:\/\/www.praktivak.be\/fr\/produit\/gelsmart-coussin-metatarsien-avec-boucle-droite-l-xl-1-pc\/#primaryimage"},"thumbnailUrl":"https:\/\/www.praktivak.be\/wp-content\/uploads\/2025\/09\/GS5215.121-3.jpg","datePublished":"2025-05-13T22:00:57+00:00","dateModified":"2026-02-01T02:03:08+00:00","breadcrumb":{"@id":"https:\/\/www.praktivak.be\/fr\/produit\/gelsmart-coussin-metatarsien-avec-boucle-droite-l-xl-1-pc\/#breadcrumb"},"inLanguage":"fr-FR","potentialAction":[{"@type":"ReadAction","target":["https:\/\/www.praktivak.be\/fr\/produit\/gelsmart-coussin-metatarsien-avec-boucle-droite-l-xl-1-pc\/"]}]},{"@type":"ImageObject","inLanguage":"fr-FR","@id":"https:\/\/www.praktivak.be\/fr\/produit\/gelsmart-coussin-metatarsien-avec-boucle-droite-l-xl-1-pc\/#primaryimage","url":"https:\/\/www.praktivak.be\/wp-content\/uploads\/2025\/09\/GS5215.121-3.jpg","contentUrl":"https:\/\/www.praktivak.be\/wp-content\/uploads\/2025\/09\/GS5215.121-3.jpg","width":100,"height":100},{"@type":"BreadcrumbList","@id":"https:\/\/www.praktivak.be\/fr\/produit\/gelsmart-coussin-metatarsien-avec-boucle-droite-l-xl-1-pc\/#breadcrumb","itemListElement":[{"@type":"ListItem","position":1,"name":"Home","item":"https:\/\/www.praktivak.be\/fr\/"},{"@type":"ListItem","position":2,"name":"Boutique","item":"https:\/\/www.praktivak.be\/fr\/boutique\/"},{"@type":"ListItem","position":3,"name":"GelSmart Coussin M\u00e9tatarsien avec Boucle &#8211; Droite &#8211; L\/XL, 1 pc."}]},{"@type":"WebSite","@id":"https:\/\/www.praktivak.be\/fr\/#website","url":"https:\/\/www.praktivak.be\/fr\/","name":"Praktivak","description":"","publisher":{"@id":"https:\/\/www.praktivak.be\/fr\/#organization"},"potentialAction":[{"@type":"SearchAction","target":{"@type":"EntryPoint","urlTemplate":"https:\/\/www.praktivak.be\/fr\/?s={search_term_string}"},"query-input":{"@type":"PropertyValueSpecification","valueRequired":true,"valueName":"search_term_string"}}],"inLanguage":"fr-FR"},{"@type":"Organization","@id":"https:\/\/www.praktivak.be\/fr\/#organization","name":"Praktivak","url":"https:\/\/www.praktivak.be\/fr\/","logo":{"@type":"ImageObject","inLanguage":"fr-FR","@id":"https:\/\/www.praktivak.be\/fr\/#\/schema\/logo\/image\/","url":"https:\/\/www.praktivak.be\/wp-content\/uploads\/2024\/09\/Logo.png","contentUrl":"https:\/\/www.praktivak.be\/wp-content\/uploads\/2024\/09\/Logo.png","width":1774,"height":337,"caption":"Praktivak"},"image":{"@id":"https:\/\/www.praktivak.be\/fr\/#\/schema\/logo\/image\/"}}]}},"featured_img":"https:\/\/www.praktivak.be\/wp-content\/uploads\/2025\/09\/GS5215.121-3.jpg","coauthors":[],"author_meta":{"author_link":"https:\/\/www.praktivak.be\/fr\/author\/madeit\/","display_name":"Tjebbe Lievens"},"relative_dates":{"created":"Publi\u00e9 11 mois il y a","modified":"Mis \u00e0 jour 3 mois il y a"},"absolute_dates":{"created":"Publi\u00e9 le 14 mai 2025","modified":"Mise \u00e0 jour le 1 f\u00e9vrier 2026"},"absolute_dates_time":{"created":"Publi\u00e9 le 14 mai 2025 0h00","modified":"Mise \u00e0 jour le 1 f\u00e9vrier 2026 3h03"},"featured_img_caption":"","tax_additional":{"product_brand":{"linked":[],"unlinked":[],"slug":"product_brand","name":"Marques"},"product_type":{"linked":["<a href=\"https:\/\/www.praktivak.be\/fr\/?taxonomy=product_type&#038;term=simple\" class=\"advgb-post-tax-term\">simple<\/a>"],"unlinked":["<span class=\"advgb-post-tax-term\">simple<\/span>"],"slug":"product_type","name":"Type de produit"},"product_visibility":{"linked":[],"unlinked":[],"slug":"product_visibility","name":"Visibilit\u00e9 du produit"},"product_cat":{"linked":["<a href=\"https:\/\/www.praktivak.be\/fr\/categorie-de-produit\/pedicure-2-fr\/siliconen-en-antidruk\/gelsmart-siliconen-en-antidruk-pedicure-2-fr\/\" class=\"advgb-post-tax-term\">GelSmart<\/a>"],"unlinked":["<span class=\"advgb-post-tax-term\">GelSmart<\/span>"],"slug":"product_cat","name":"Cat\u00e9gories de produits"},"product_tag":{"linked":[],"unlinked":[],"slug":"product_tag","name":"\u00c9tiquettes produit"},"product_shipping_class":{"linked":[],"unlinked":[],"slug":"product_shipping_class","name":"Classe d\u2019exp\u00e9dition du produit"},"pos_product_visibility":{"linked":[],"unlinked":[],"slug":"pos_product_visibility","name":"Visibilit\u00e9 du produit sur le point de vente"},"translation_priority":{"linked":[],"unlinked":[],"slug":"translation_priority","name":"Priorit\u00e9s de traduction"}},"series_order":"","_links":{"self":[{"href":"https:\/\/www.praktivak.be\/fr\/wp-json\/wp\/v2\/product\/49242","targetHints":{"allow":["GET"]}}],"collection":[{"href":"https:\/\/www.praktivak.be\/fr\/wp-json\/wp\/v2\/product"}],"about":[{"href":"https:\/\/www.praktivak.be\/fr\/wp-json\/wp\/v2\/types\/product"}],"version-history":[{"count":91,"href":"https:\/\/www.praktivak.be\/fr\/wp-json\/wp\/v2\/product\/49242\/revisions"}],"predecessor-version":[{"id":327076,"href":"https:\/\/www.praktivak.be\/fr\/wp-json\/wp\/v2\/product\/49242\/revisions\/327076"}],"wp:featuredmedia":[{"embeddable":true,"href":"https:\/\/www.praktivak.be\/fr\/wp-json\/wp\/v2\/media\/292535"}],"wp:attachment":[{"href":"https:\/\/www.praktivak.be\/fr\/wp-json\/wp\/v2\/media?parent=49242"}],"wp:term":[{"taxonomy":"product_brand","embeddable":true,"href":"https:\/\/www.praktivak.be\/fr\/wp-json\/wp\/v2\/product_brand?post=49242"},{"taxonomy":"product_cat","embeddable":true,"href":"https:\/\/www.praktivak.be\/fr\/wp-json\/wp\/v2\/product_cat?post=49242"},{"taxonomy":"product_tag","embeddable":true,"href":"https:\/\/www.praktivak.be\/fr\/wp-json\/wp\/v2\/product_tag?post=49242"}],"curies":[{"name":"wp","href":"https:\/\/api.w.org\/{rel}","templated":true}]}}