

{"id":49202,"date":"2025-05-13T23:59:30","date_gmt":"2025-05-13T21:59:30","guid":{"rendered":"https:\/\/www.praktivak.be\/product\/gelsmart-teenring-tricot-small-3-st-laatste-stuks-wordt-gs5217-081\/"},"modified":"2026-02-01T03:03:06","modified_gmt":"2026-02-01T02:03:06","slug":"gelsmart-anneau-dorteil-tricot-small-3-pcs-jusqua-epuisement-du-stock-alors-gs5217-081","status":"publish","type":"product","link":"https:\/\/www.praktivak.be\/fr\/produit\/gelsmart-anneau-dorteil-tricot-small-3-pcs-jusqua-epuisement-du-stock-alors-gs5217-081\/","title":{"rendered":"GelSmart Anneau d&rsquo;Orteil Tricot Small, 3 pcs. &#8211; Jusqu&rsquo;\u00e0 \u00e9puisement du stock! &#8211; alors GS5217.081"},"content":{"rendered":"\n<p>\nGelSmart Anneau d&rsquo;Orteil Tricot Small<\/p>\n\n<p>\nCet anneau en tricot antimicrobien (fabricsmartTM) dispose &agrave; l&#146;int&eacute;rieur d&#146;un coussinet en gel soulageant la pression et le frottement aux orteils. De cette fa&ccedil;on, l&#146;anneau offre une protection et un confort en cas de probl&egrave;mes ongulaires, de sillons ongulaires secs et abim&eacute;s, de cors, d&#146;orteils marteaux et de peau irrit&eacute;e. En plus, le gel est enrichi en huiles min&eacute;rales pour un confort optimal. Test&eacute; dermatologiquement, hypoallerg&eacute;nique, lavable et r&eacute;utilisable.<\/p>\n\n<p>\nM-Gel: Ce gel en polym&egrave;re avanc&eacute; contient des huiles min&eacute;rales et des vitamines m&eacute;dicalement brevet&eacute;es qui adoucissent et hydratent la peau. M-Gel est sp&eacute;cialement d&eacute;velopp&eacute; pour les produits orthop&eacute;diques, les proth&egrave;ses et le traitement de blessures. Test&eacute; dermatologiquement, hypoallerg&eacute;nique, inodore, lavable et r&eacute;utilisable.<\/p>\n\n<p>\nRiche en Vitamine E, Vitamine F Forte, Beurre de karit&eacute; et Aloe Vera.<\/p>\n\n<p>\nTaille: Small<\/p>\n\n<p>\nEmball&eacute; par 3 pi&egrave;ces.<\/p>\n\n","protected":false},"excerpt":{"rendered":"<p>GelSmart Anneau d&rsquo;Orteil Tricot Small Cet anneau en tricot antimicrobien (fabricsmartTM) dispose &agrave; l&#146;int&eacute;rieur d&#146;un coussinet en gel soulageant la pression et le frottement aux orteils. De cette fa&ccedil;on, l&#146;anneau offre une protection et un confort en cas de probl&egrave;mes ongulaires, de sillons ongulaires secs et abim&eacute;s, de cors, d&#146;orteils marteaux et de peau irrit&eacute;e. &hellip; <\/p>\n<p class=\"link-more\"><a href=\"https:\/\/www.praktivak.be\/fr\/produit\/gelsmart-anneau-dorteil-tricot-small-3-pcs-jusqua-epuisement-du-stock-alors-gs5217-081\/\" class=\"more-link\">Continuer la lecture<span class=\"screen-reader-text\"> \u00ab\u00a0GelSmart Anneau d&rsquo;Orteil Tricot Small, 3 pcs. &#8211; Jusqu&rsquo;\u00e0 \u00e9puisement du stock! &#8211; alors GS5217.081\u00a0\u00bb<\/span><\/a><\/p>\n","protected":false},"author":1,"featured_media":292651,"template":"","meta":{"_acf_changed":false,"_relevanssi_hide_post":"","_relevanssi_hide_content":"","_relevanssi_pin_for_all":"","_relevanssi_pin_keywords":"","_relevanssi_unpin_keywords":"","_relevanssi_related_keywords":"","_relevanssi_related_include_ids":"","_relevanssi_related_exclude_ids":"","_relevanssi_related_no_append":"","_relevanssi_related_not_related":"","_relevanssi_related_posts":"","_relevanssi_noindex_reason":"","advgb_blocks_editor_width":"","advgb_blocks_columns_visual_guide":"","footnotes":""},"product_brand":[],"product_cat":[2109],"product_tag":[],"class_list":{"0":"post-49202","1":"product","2":"type-product","3":"status-publish","4":"has-post-thumbnail","6":"product_cat-gelsmart-siliconen-en-antidruk-pedicure-2-fr","8":"first","9":"instock","10":"taxable","11":"shipping-taxable","12":"product-type-simple"},"acf":[],"yoast_head":"<!-- This site is optimized with the Yoast SEO plugin v27.2 - https:\/\/yoast.com\/product\/yoast-seo-wordpress\/ -->\n<title>GelSmart Anneau d&#039;Orteil Tricot Small, 3 pcs. - Jusqu&#039;\u00e0 \u00e9puisement du stock! - alors GS5217.081 - Praktivak<\/title>\n<meta name=\"robots\" content=\"index, follow, max-snippet:-1, max-image-preview:large, max-video-preview:-1\" \/>\n<link rel=\"canonical\" href=\"https:\/\/www.praktivak.be\/fr\/produit\/gelsmart-anneau-dorteil-tricot-small-3-pcs-jusqua-epuisement-du-stock-alors-gs5217-081\/\" \/>\n<meta property=\"og:locale\" content=\"fr_FR\" \/>\n<meta property=\"og:type\" content=\"article\" \/>\n<meta property=\"og:title\" content=\"GelSmart Anneau d&#039;Orteil Tricot Small, 3 pcs. - Jusqu&#039;\u00e0 \u00e9puisement du stock! - alors GS5217.081 - Praktivak\" \/>\n<meta property=\"og:description\" content=\"GelSmart Anneau d&rsquo;Orteil Tricot Small Cet anneau en tricot antimicrobien (fabricsmartTM) dispose &agrave; l&#146;int&eacute;rieur d&#146;un coussinet en gel soulageant la pression et le frottement aux orteils. De cette fa&ccedil;on, l&#146;anneau offre une protection et un confort en cas de probl&egrave;mes ongulaires, de sillons ongulaires secs et abim&eacute;s, de cors, d&#146;orteils marteaux et de peau irrit&eacute;e. &hellip; Continuer la lecture &quot;GelSmart Anneau d&rsquo;Orteil Tricot Small, 3 pcs. &#8211; Jusqu&rsquo;\u00e0 \u00e9puisement du stock! &#8211; alors GS5217.081&quot;\" \/>\n<meta property=\"og:url\" content=\"https:\/\/www.praktivak.be\/fr\/produit\/gelsmart-anneau-dorteil-tricot-small-3-pcs-jusqua-epuisement-du-stock-alors-gs5217-081\/\" \/>\n<meta property=\"og:site_name\" content=\"Praktivak\" \/>\n<meta property=\"article:modified_time\" content=\"2026-02-01T02:03:06+00:00\" \/>\n<meta property=\"og:image\" content=\"https:\/\/www.praktivak.be\/wp-content\/uploads\/2025\/09\/GS5215.081.jpg\" \/>\n\t<meta property=\"og:image:width\" content=\"360\" \/>\n\t<meta property=\"og:image:height\" content=\"360\" \/>\n\t<meta property=\"og:image:type\" content=\"image\/jpeg\" \/>\n<meta name=\"twitter:card\" content=\"summary_large_image\" \/>\n<meta name=\"twitter:label1\" content=\"Dur\u00e9e de lecture estim\u00e9e\" \/>\n\t<meta name=\"twitter:data1\" content=\"1 minute\" \/>\n<script type=\"application\/ld+json\" class=\"yoast-schema-graph\">{\"@context\":\"https:\/\/schema.org\",\"@graph\":[{\"@type\":\"WebPage\",\"@id\":\"https:\/\/www.praktivak.be\/fr\/produit\/gelsmart-anneau-dorteil-tricot-small-3-pcs-jusqua-epuisement-du-stock-alors-gs5217-081\/\",\"url\":\"https:\/\/www.praktivak.be\/fr\/produit\/gelsmart-anneau-dorteil-tricot-small-3-pcs-jusqua-epuisement-du-stock-alors-gs5217-081\/\",\"name\":\"GelSmart Anneau d'Orteil Tricot Small, 3 pcs. - Jusqu'\u00e0 \u00e9puisement du stock! - alors GS5217.081 - Praktivak\",\"isPartOf\":{\"@id\":\"https:\/\/www.praktivak.be\/fr\/#website\"},\"primaryImageOfPage\":{\"@id\":\"https:\/\/www.praktivak.be\/fr\/produit\/gelsmart-anneau-dorteil-tricot-small-3-pcs-jusqua-epuisement-du-stock-alors-gs5217-081\/#primaryimage\"},\"image\":{\"@id\":\"https:\/\/www.praktivak.be\/fr\/produit\/gelsmart-anneau-dorteil-tricot-small-3-pcs-jusqua-epuisement-du-stock-alors-gs5217-081\/#primaryimage\"},\"thumbnailUrl\":\"https:\/\/www.praktivak.be\/wp-content\/uploads\/2025\/09\/GS5215.081.jpg\",\"datePublished\":\"2025-05-13T21:59:30+00:00\",\"dateModified\":\"2026-02-01T02:03:06+00:00\",\"breadcrumb\":{\"@id\":\"https:\/\/www.praktivak.be\/fr\/produit\/gelsmart-anneau-dorteil-tricot-small-3-pcs-jusqua-epuisement-du-stock-alors-gs5217-081\/#breadcrumb\"},\"inLanguage\":\"fr-FR\",\"potentialAction\":[{\"@type\":\"ReadAction\",\"target\":[\"https:\/\/www.praktivak.be\/fr\/produit\/gelsmart-anneau-dorteil-tricot-small-3-pcs-jusqua-epuisement-du-stock-alors-gs5217-081\/\"]}]},{\"@type\":\"ImageObject\",\"inLanguage\":\"fr-FR\",\"@id\":\"https:\/\/www.praktivak.be\/fr\/produit\/gelsmart-anneau-dorteil-tricot-small-3-pcs-jusqua-epuisement-du-stock-alors-gs5217-081\/#primaryimage\",\"url\":\"https:\/\/www.praktivak.be\/wp-content\/uploads\/2025\/09\/GS5215.081.jpg\",\"contentUrl\":\"https:\/\/www.praktivak.be\/wp-content\/uploads\/2025\/09\/GS5215.081.jpg\",\"width\":360,\"height\":360},{\"@type\":\"BreadcrumbList\",\"@id\":\"https:\/\/www.praktivak.be\/fr\/produit\/gelsmart-anneau-dorteil-tricot-small-3-pcs-jusqua-epuisement-du-stock-alors-gs5217-081\/#breadcrumb\",\"itemListElement\":[{\"@type\":\"ListItem\",\"position\":1,\"name\":\"Home\",\"item\":\"https:\/\/www.praktivak.be\/fr\/\"},{\"@type\":\"ListItem\",\"position\":2,\"name\":\"Boutique\",\"item\":\"https:\/\/www.praktivak.be\/fr\/boutique\/\"},{\"@type\":\"ListItem\",\"position\":3,\"name\":\"GelSmart Anneau d&#8217;Orteil Tricot Small, 3 pcs. &#8211; Jusqu&#8217;\u00e0 \u00e9puisement du stock! &#8211; alors GS5217.081\"}]},{\"@type\":\"WebSite\",\"@id\":\"https:\/\/www.praktivak.be\/fr\/#website\",\"url\":\"https:\/\/www.praktivak.be\/fr\/\",\"name\":\"Praktivak\",\"description\":\"\",\"publisher\":{\"@id\":\"https:\/\/www.praktivak.be\/fr\/#organization\"},\"potentialAction\":[{\"@type\":\"SearchAction\",\"target\":{\"@type\":\"EntryPoint\",\"urlTemplate\":\"https:\/\/www.praktivak.be\/fr\/?s={search_term_string}\"},\"query-input\":{\"@type\":\"PropertyValueSpecification\",\"valueRequired\":true,\"valueName\":\"search_term_string\"}}],\"inLanguage\":\"fr-FR\"},{\"@type\":\"Organization\",\"@id\":\"https:\/\/www.praktivak.be\/fr\/#organization\",\"name\":\"Praktivak\",\"url\":\"https:\/\/www.praktivak.be\/fr\/\",\"logo\":{\"@type\":\"ImageObject\",\"inLanguage\":\"fr-FR\",\"@id\":\"https:\/\/www.praktivak.be\/fr\/#\/schema\/logo\/image\/\",\"url\":\"https:\/\/www.praktivak.be\/wp-content\/uploads\/2024\/09\/Logo.png\",\"contentUrl\":\"https:\/\/www.praktivak.be\/wp-content\/uploads\/2024\/09\/Logo.png\",\"width\":1774,\"height\":337,\"caption\":\"Praktivak\"},\"image\":{\"@id\":\"https:\/\/www.praktivak.be\/fr\/#\/schema\/logo\/image\/\"}}]}<\/script>\n<!-- \/ Yoast SEO plugin. -->","yoast_head_json":{"title":"GelSmart Anneau d'Orteil Tricot Small, 3 pcs. - Jusqu'\u00e0 \u00e9puisement du stock! - alors GS5217.081 - Praktivak","robots":{"index":"index","follow":"follow","max-snippet":"max-snippet:-1","max-image-preview":"max-image-preview:large","max-video-preview":"max-video-preview:-1"},"canonical":"https:\/\/www.praktivak.be\/fr\/produit\/gelsmart-anneau-dorteil-tricot-small-3-pcs-jusqua-epuisement-du-stock-alors-gs5217-081\/","og_locale":"fr_FR","og_type":"article","og_title":"GelSmart Anneau d'Orteil Tricot Small, 3 pcs. - Jusqu'\u00e0 \u00e9puisement du stock! - alors GS5217.081 - Praktivak","og_description":"GelSmart Anneau d&rsquo;Orteil Tricot Small Cet anneau en tricot antimicrobien (fabricsmartTM) dispose &agrave; l&#146;int&eacute;rieur d&#146;un coussinet en gel soulageant la pression et le frottement aux orteils. De cette fa&ccedil;on, l&#146;anneau offre une protection et un confort en cas de probl&egrave;mes ongulaires, de sillons ongulaires secs et abim&eacute;s, de cors, d&#146;orteils marteaux et de peau irrit&eacute;e. &hellip; Continuer la lecture \"GelSmart Anneau d&rsquo;Orteil Tricot Small, 3 pcs. &#8211; Jusqu&rsquo;\u00e0 \u00e9puisement du stock! &#8211; alors GS5217.081\"","og_url":"https:\/\/www.praktivak.be\/fr\/produit\/gelsmart-anneau-dorteil-tricot-small-3-pcs-jusqua-epuisement-du-stock-alors-gs5217-081\/","og_site_name":"Praktivak","article_modified_time":"2026-02-01T02:03:06+00:00","og_image":[{"width":360,"height":360,"url":"https:\/\/www.praktivak.be\/wp-content\/uploads\/2025\/09\/GS5215.081.jpg","type":"image\/jpeg"}],"twitter_card":"summary_large_image","twitter_misc":{"Dur\u00e9e de lecture estim\u00e9e":"1 minute"},"schema":{"@context":"https:\/\/schema.org","@graph":[{"@type":"WebPage","@id":"https:\/\/www.praktivak.be\/fr\/produit\/gelsmart-anneau-dorteil-tricot-small-3-pcs-jusqua-epuisement-du-stock-alors-gs5217-081\/","url":"https:\/\/www.praktivak.be\/fr\/produit\/gelsmart-anneau-dorteil-tricot-small-3-pcs-jusqua-epuisement-du-stock-alors-gs5217-081\/","name":"GelSmart Anneau d'Orteil Tricot Small, 3 pcs. - Jusqu'\u00e0 \u00e9puisement du stock! - alors GS5217.081 - Praktivak","isPartOf":{"@id":"https:\/\/www.praktivak.be\/fr\/#website"},"primaryImageOfPage":{"@id":"https:\/\/www.praktivak.be\/fr\/produit\/gelsmart-anneau-dorteil-tricot-small-3-pcs-jusqua-epuisement-du-stock-alors-gs5217-081\/#primaryimage"},"image":{"@id":"https:\/\/www.praktivak.be\/fr\/produit\/gelsmart-anneau-dorteil-tricot-small-3-pcs-jusqua-epuisement-du-stock-alors-gs5217-081\/#primaryimage"},"thumbnailUrl":"https:\/\/www.praktivak.be\/wp-content\/uploads\/2025\/09\/GS5215.081.jpg","datePublished":"2025-05-13T21:59:30+00:00","dateModified":"2026-02-01T02:03:06+00:00","breadcrumb":{"@id":"https:\/\/www.praktivak.be\/fr\/produit\/gelsmart-anneau-dorteil-tricot-small-3-pcs-jusqua-epuisement-du-stock-alors-gs5217-081\/#breadcrumb"},"inLanguage":"fr-FR","potentialAction":[{"@type":"ReadAction","target":["https:\/\/www.praktivak.be\/fr\/produit\/gelsmart-anneau-dorteil-tricot-small-3-pcs-jusqua-epuisement-du-stock-alors-gs5217-081\/"]}]},{"@type":"ImageObject","inLanguage":"fr-FR","@id":"https:\/\/www.praktivak.be\/fr\/produit\/gelsmart-anneau-dorteil-tricot-small-3-pcs-jusqua-epuisement-du-stock-alors-gs5217-081\/#primaryimage","url":"https:\/\/www.praktivak.be\/wp-content\/uploads\/2025\/09\/GS5215.081.jpg","contentUrl":"https:\/\/www.praktivak.be\/wp-content\/uploads\/2025\/09\/GS5215.081.jpg","width":360,"height":360},{"@type":"BreadcrumbList","@id":"https:\/\/www.praktivak.be\/fr\/produit\/gelsmart-anneau-dorteil-tricot-small-3-pcs-jusqua-epuisement-du-stock-alors-gs5217-081\/#breadcrumb","itemListElement":[{"@type":"ListItem","position":1,"name":"Home","item":"https:\/\/www.praktivak.be\/fr\/"},{"@type":"ListItem","position":2,"name":"Boutique","item":"https:\/\/www.praktivak.be\/fr\/boutique\/"},{"@type":"ListItem","position":3,"name":"GelSmart Anneau d&#8217;Orteil Tricot Small, 3 pcs. &#8211; Jusqu&#8217;\u00e0 \u00e9puisement du stock! &#8211; alors GS5217.081"}]},{"@type":"WebSite","@id":"https:\/\/www.praktivak.be\/fr\/#website","url":"https:\/\/www.praktivak.be\/fr\/","name":"Praktivak","description":"","publisher":{"@id":"https:\/\/www.praktivak.be\/fr\/#organization"},"potentialAction":[{"@type":"SearchAction","target":{"@type":"EntryPoint","urlTemplate":"https:\/\/www.praktivak.be\/fr\/?s={search_term_string}"},"query-input":{"@type":"PropertyValueSpecification","valueRequired":true,"valueName":"search_term_string"}}],"inLanguage":"fr-FR"},{"@type":"Organization","@id":"https:\/\/www.praktivak.be\/fr\/#organization","name":"Praktivak","url":"https:\/\/www.praktivak.be\/fr\/","logo":{"@type":"ImageObject","inLanguage":"fr-FR","@id":"https:\/\/www.praktivak.be\/fr\/#\/schema\/logo\/image\/","url":"https:\/\/www.praktivak.be\/wp-content\/uploads\/2024\/09\/Logo.png","contentUrl":"https:\/\/www.praktivak.be\/wp-content\/uploads\/2024\/09\/Logo.png","width":1774,"height":337,"caption":"Praktivak"},"image":{"@id":"https:\/\/www.praktivak.be\/fr\/#\/schema\/logo\/image\/"}}]}},"featured_img":"https:\/\/www.praktivak.be\/wp-content\/uploads\/2025\/09\/GS5215.081.jpg","coauthors":[],"author_meta":{"author_link":"https:\/\/www.praktivak.be\/fr\/author\/madeit\/","display_name":"Tjebbe Lievens"},"relative_dates":{"created":"Publi\u00e9 11 mois il y a","modified":"Mis \u00e0 jour 3 mois il y a"},"absolute_dates":{"created":"Publi\u00e9 le 13 mai 2025","modified":"Mise \u00e0 jour le 1 f\u00e9vrier 2026"},"absolute_dates_time":{"created":"Publi\u00e9 le 13 mai 2025 23h59","modified":"Mise \u00e0 jour le 1 f\u00e9vrier 2026 3h03"},"featured_img_caption":"","tax_additional":{"product_brand":{"linked":[],"unlinked":[],"slug":"product_brand","name":"Marques"},"product_type":{"linked":["<a href=\"https:\/\/www.praktivak.be\/fr\/?taxonomy=product_type&#038;term=simple\" class=\"advgb-post-tax-term\">simple<\/a>"],"unlinked":["<span class=\"advgb-post-tax-term\">simple<\/span>"],"slug":"product_type","name":"Type de produit"},"product_visibility":{"linked":[],"unlinked":[],"slug":"product_visibility","name":"Visibilit\u00e9 du produit"},"product_cat":{"linked":["<a href=\"https:\/\/www.praktivak.be\/fr\/categorie-de-produit\/pedicure-2-fr\/siliconen-en-antidruk\/gelsmart-siliconen-en-antidruk-pedicure-2-fr\/\" class=\"advgb-post-tax-term\">GelSmart<\/a>"],"unlinked":["<span class=\"advgb-post-tax-term\">GelSmart<\/span>"],"slug":"product_cat","name":"Cat\u00e9gories de produits"},"product_tag":{"linked":[],"unlinked":[],"slug":"product_tag","name":"\u00c9tiquettes produit"},"product_shipping_class":{"linked":[],"unlinked":[],"slug":"product_shipping_class","name":"Classe d\u2019exp\u00e9dition du produit"},"pos_product_visibility":{"linked":[],"unlinked":[],"slug":"pos_product_visibility","name":"Visibilit\u00e9 du produit sur le point de vente"},"translation_priority":{"linked":[],"unlinked":[],"slug":"translation_priority","name":"Priorit\u00e9s de traduction"}},"series_order":"","_links":{"self":[{"href":"https:\/\/www.praktivak.be\/fr\/wp-json\/wp\/v2\/product\/49202","targetHints":{"allow":["GET"]}}],"collection":[{"href":"https:\/\/www.praktivak.be\/fr\/wp-json\/wp\/v2\/product"}],"about":[{"href":"https:\/\/www.praktivak.be\/fr\/wp-json\/wp\/v2\/types\/product"}],"version-history":[{"count":91,"href":"https:\/\/www.praktivak.be\/fr\/wp-json\/wp\/v2\/product\/49202\/revisions"}],"predecessor-version":[{"id":327030,"href":"https:\/\/www.praktivak.be\/fr\/wp-json\/wp\/v2\/product\/49202\/revisions\/327030"}],"wp:featuredmedia":[{"embeddable":true,"href":"https:\/\/www.praktivak.be\/fr\/wp-json\/wp\/v2\/media\/292651"}],"wp:attachment":[{"href":"https:\/\/www.praktivak.be\/fr\/wp-json\/wp\/v2\/media?parent=49202"}],"wp:term":[{"taxonomy":"product_brand","embeddable":true,"href":"https:\/\/www.praktivak.be\/fr\/wp-json\/wp\/v2\/product_brand?post=49202"},{"taxonomy":"product_cat","embeddable":true,"href":"https:\/\/www.praktivak.be\/fr\/wp-json\/wp\/v2\/product_cat?post=49202"},{"taxonomy":"product_tag","embeddable":true,"href":"https:\/\/www.praktivak.be\/fr\/wp-json\/wp\/v2\/product_tag?post=49202"}],"curies":[{"name":"wp","href":"https:\/\/api.w.org\/{rel}","templated":true}]}}