

{"id":48324,"date":"2025-05-13T23:37:47","date_gmt":"2025-05-13T21:37:47","guid":{"rendered":"https:\/\/www.praktivak.be\/product\/gehwol-balsem-normale-huid-75ml\/"},"modified":"2026-04-22T05:35:23","modified_gmt":"2026-04-22T03:35:23","slug":"gehwol-baume-75ml","status":"publish","type":"product","link":"https:\/\/www.praktivak.be\/fr\/produit\/gehwol-baume-75ml\/","title":{"rendered":"Gehwol baume, 75ml"},"content":{"rendered":"\n<p>\nBaume pour les pieds rafra&icirc;chissant et stimulant. Soigne, d&eacute;sodorise, pr&eacute;vient les mycoses.<\/p>\n\n<p>\nApporte une agr&eacute;able imperssion de fra&icirc;cheur. Les pieds fatigu&eacute;s et douloureux revivent. &Eacute;limine durablement les mauvaises odeurs, pr&eacute;vienne efficacement les mycoses du pied et maintienne une fra&icirc;cheur hygi&eacute;nique.<\/p>\n\n","protected":false},"excerpt":{"rendered":"<p>Baume pour les pieds rafra&icirc;chissant et stimulant. Soigne, d&eacute;sodorise, pr&eacute;vient les mycoses. Apporte une agr&eacute;able imperssion de fra&icirc;cheur. Les pieds fatigu&eacute;s et douloureux revivent. &Eacute;limine durablement les mauvaises odeurs, pr&eacute;vienne efficacement les mycoses du pied et maintienne une fra&icirc;cheur hygi&eacute;nique.<\/p>\n","protected":false},"author":1,"featured_media":291567,"template":"","meta":{"_acf_changed":false,"_relevanssi_hide_post":"","_relevanssi_hide_content":"","_relevanssi_pin_for_all":"","_relevanssi_pin_keywords":"","_relevanssi_unpin_keywords":"","_relevanssi_related_keywords":"","_relevanssi_related_include_ids":"","_relevanssi_related_exclude_ids":"","_relevanssi_related_no_append":"","_relevanssi_related_not_related":"","_relevanssi_related_posts":"","_relevanssi_noindex_reason":"","advgb_blocks_editor_width":"","advgb_blocks_columns_visual_guide":"","footnotes":""},"product_brand":[],"product_cat":[1959],"product_tag":[],"class_list":{"0":"post-48324","1":"product","2":"type-product","3":"status-publish","4":"has-post-thumbnail","6":"product_cat-voetverzorging-en-cremes-gehwol-voetverzorgingslijnen-4-fr","8":"first","9":"instock","10":"sale","11":"taxable","12":"shipping-taxable","13":"product-type-simple"},"acf":[],"yoast_head":"<!-- This site is optimized with the Yoast SEO plugin v27.4 - https:\/\/yoast.com\/product\/yoast-seo-wordpress\/ -->\n<title>Gehwol baume, 75ml - Praktivak<\/title>\n<meta name=\"robots\" content=\"index, follow, max-snippet:-1, max-image-preview:large, max-video-preview:-1\" \/>\n<link rel=\"canonical\" href=\"https:\/\/www.praktivak.be\/fr\/produit\/gehwol-baume-75ml\/\" \/>\n<meta property=\"og:locale\" content=\"fr_FR\" \/>\n<meta property=\"og:type\" content=\"article\" \/>\n<meta property=\"og:title\" content=\"Gehwol baume, 75ml - Praktivak\" \/>\n<meta property=\"og:description\" content=\"Baume pour les pieds rafra&icirc;chissant et stimulant. Soigne, d&eacute;sodorise, pr&eacute;vient les mycoses. Apporte une agr&eacute;able imperssion de fra&icirc;cheur. Les pieds fatigu&eacute;s et douloureux revivent. &Eacute;limine durablement les mauvaises odeurs, pr&eacute;vienne efficacement les mycoses du pied et maintienne une fra&icirc;cheur hygi&eacute;nique.\" \/>\n<meta property=\"og:url\" content=\"https:\/\/www.praktivak.be\/fr\/produit\/gehwol-baume-75ml\/\" \/>\n<meta property=\"og:site_name\" content=\"Praktivak\" \/>\n<meta property=\"article:modified_time\" content=\"2026-04-22T03:35:23+00:00\" \/>\n<meta property=\"og:image\" content=\"https:\/\/www.praktivak.be\/wp-content\/uploads\/2025\/09\/124205-2.jpg\" \/>\n\t<meta property=\"og:image:width\" content=\"750\" \/>\n\t<meta property=\"og:image:height\" content=\"750\" \/>\n\t<meta property=\"og:image:type\" content=\"image\/jpeg\" \/>\n<meta name=\"twitter:card\" content=\"summary_large_image\" \/>\n<script type=\"application\/ld+json\" class=\"yoast-schema-graph\">{\"@context\":\"https:\\\/\\\/schema.org\",\"@graph\":[{\"@type\":\"WebPage\",\"@id\":\"https:\\\/\\\/www.praktivak.be\\\/fr\\\/produit\\\/gehwol-baume-75ml\\\/\",\"url\":\"https:\\\/\\\/www.praktivak.be\\\/fr\\\/produit\\\/gehwol-baume-75ml\\\/\",\"name\":\"Gehwol baume, 75ml - Praktivak\",\"isPartOf\":{\"@id\":\"https:\\\/\\\/www.praktivak.be\\\/fr\\\/#website\"},\"primaryImageOfPage\":{\"@id\":\"https:\\\/\\\/www.praktivak.be\\\/fr\\\/produit\\\/gehwol-baume-75ml\\\/#primaryimage\"},\"image\":{\"@id\":\"https:\\\/\\\/www.praktivak.be\\\/fr\\\/produit\\\/gehwol-baume-75ml\\\/#primaryimage\"},\"thumbnailUrl\":\"https:\\\/\\\/www.praktivak.be\\\/wp-content\\\/uploads\\\/2025\\\/09\\\/124205-2.jpg\",\"datePublished\":\"2025-05-13T21:37:47+00:00\",\"dateModified\":\"2026-04-22T03:35:23+00:00\",\"breadcrumb\":{\"@id\":\"https:\\\/\\\/www.praktivak.be\\\/fr\\\/produit\\\/gehwol-baume-75ml\\\/#breadcrumb\"},\"inLanguage\":\"fr-FR\",\"potentialAction\":[{\"@type\":\"ReadAction\",\"target\":[\"https:\\\/\\\/www.praktivak.be\\\/fr\\\/produit\\\/gehwol-baume-75ml\\\/\"]}]},{\"@type\":\"ImageObject\",\"inLanguage\":\"fr-FR\",\"@id\":\"https:\\\/\\\/www.praktivak.be\\\/fr\\\/produit\\\/gehwol-baume-75ml\\\/#primaryimage\",\"url\":\"https:\\\/\\\/www.praktivak.be\\\/wp-content\\\/uploads\\\/2025\\\/09\\\/124205-2.jpg\",\"contentUrl\":\"https:\\\/\\\/www.praktivak.be\\\/wp-content\\\/uploads\\\/2025\\\/09\\\/124205-2.jpg\",\"width\":750,\"height\":750},{\"@type\":\"BreadcrumbList\",\"@id\":\"https:\\\/\\\/www.praktivak.be\\\/fr\\\/produit\\\/gehwol-baume-75ml\\\/#breadcrumb\",\"itemListElement\":[{\"@type\":\"ListItem\",\"position\":1,\"name\":\"Home\",\"item\":\"https:\\\/\\\/www.praktivak.be\\\/fr\\\/\"},{\"@type\":\"ListItem\",\"position\":2,\"name\":\"Boutique\",\"item\":\"https:\\\/\\\/www.praktivak.be\\\/fr\\\/boutique\\\/\"},{\"@type\":\"ListItem\",\"position\":3,\"name\":\"Gehwol baume, 75ml\"}]},{\"@type\":\"WebSite\",\"@id\":\"https:\\\/\\\/www.praktivak.be\\\/fr\\\/#website\",\"url\":\"https:\\\/\\\/www.praktivak.be\\\/fr\\\/\",\"name\":\"Praktivak\",\"description\":\"\",\"publisher\":{\"@id\":\"https:\\\/\\\/www.praktivak.be\\\/fr\\\/#organization\"},\"potentialAction\":[{\"@type\":\"SearchAction\",\"target\":{\"@type\":\"EntryPoint\",\"urlTemplate\":\"https:\\\/\\\/www.praktivak.be\\\/fr\\\/?s={search_term_string}\"},\"query-input\":{\"@type\":\"PropertyValueSpecification\",\"valueRequired\":true,\"valueName\":\"search_term_string\"}}],\"inLanguage\":\"fr-FR\"},{\"@type\":\"Organization\",\"@id\":\"https:\\\/\\\/www.praktivak.be\\\/fr\\\/#organization\",\"name\":\"Praktivak\",\"url\":\"https:\\\/\\\/www.praktivak.be\\\/fr\\\/\",\"logo\":{\"@type\":\"ImageObject\",\"inLanguage\":\"fr-FR\",\"@id\":\"https:\\\/\\\/www.praktivak.be\\\/fr\\\/#\\\/schema\\\/logo\\\/image\\\/\",\"url\":\"https:\\\/\\\/www.praktivak.be\\\/wp-content\\\/uploads\\\/2024\\\/09\\\/Logo.png\",\"contentUrl\":\"https:\\\/\\\/www.praktivak.be\\\/wp-content\\\/uploads\\\/2024\\\/09\\\/Logo.png\",\"width\":1774,\"height\":337,\"caption\":\"Praktivak\"},\"image\":{\"@id\":\"https:\\\/\\\/www.praktivak.be\\\/fr\\\/#\\\/schema\\\/logo\\\/image\\\/\"}}]}<\/script>\n<!-- \/ Yoast SEO plugin. -->","yoast_head_json":{"title":"Gehwol baume, 75ml - Praktivak","robots":{"index":"index","follow":"follow","max-snippet":"max-snippet:-1","max-image-preview":"max-image-preview:large","max-video-preview":"max-video-preview:-1"},"canonical":"https:\/\/www.praktivak.be\/fr\/produit\/gehwol-baume-75ml\/","og_locale":"fr_FR","og_type":"article","og_title":"Gehwol baume, 75ml - Praktivak","og_description":"Baume pour les pieds rafra&icirc;chissant et stimulant. Soigne, d&eacute;sodorise, pr&eacute;vient les mycoses. Apporte une agr&eacute;able imperssion de fra&icirc;cheur. Les pieds fatigu&eacute;s et douloureux revivent. &Eacute;limine durablement les mauvaises odeurs, pr&eacute;vienne efficacement les mycoses du pied et maintienne une fra&icirc;cheur hygi&eacute;nique.","og_url":"https:\/\/www.praktivak.be\/fr\/produit\/gehwol-baume-75ml\/","og_site_name":"Praktivak","article_modified_time":"2026-04-22T03:35:23+00:00","og_image":[{"width":750,"height":750,"url":"https:\/\/www.praktivak.be\/wp-content\/uploads\/2025\/09\/124205-2.jpg","type":"image\/jpeg"}],"twitter_card":"summary_large_image","schema":{"@context":"https:\/\/schema.org","@graph":[{"@type":"WebPage","@id":"https:\/\/www.praktivak.be\/fr\/produit\/gehwol-baume-75ml\/","url":"https:\/\/www.praktivak.be\/fr\/produit\/gehwol-baume-75ml\/","name":"Gehwol baume, 75ml - Praktivak","isPartOf":{"@id":"https:\/\/www.praktivak.be\/fr\/#website"},"primaryImageOfPage":{"@id":"https:\/\/www.praktivak.be\/fr\/produit\/gehwol-baume-75ml\/#primaryimage"},"image":{"@id":"https:\/\/www.praktivak.be\/fr\/produit\/gehwol-baume-75ml\/#primaryimage"},"thumbnailUrl":"https:\/\/www.praktivak.be\/wp-content\/uploads\/2025\/09\/124205-2.jpg","datePublished":"2025-05-13T21:37:47+00:00","dateModified":"2026-04-22T03:35:23+00:00","breadcrumb":{"@id":"https:\/\/www.praktivak.be\/fr\/produit\/gehwol-baume-75ml\/#breadcrumb"},"inLanguage":"fr-FR","potentialAction":[{"@type":"ReadAction","target":["https:\/\/www.praktivak.be\/fr\/produit\/gehwol-baume-75ml\/"]}]},{"@type":"ImageObject","inLanguage":"fr-FR","@id":"https:\/\/www.praktivak.be\/fr\/produit\/gehwol-baume-75ml\/#primaryimage","url":"https:\/\/www.praktivak.be\/wp-content\/uploads\/2025\/09\/124205-2.jpg","contentUrl":"https:\/\/www.praktivak.be\/wp-content\/uploads\/2025\/09\/124205-2.jpg","width":750,"height":750},{"@type":"BreadcrumbList","@id":"https:\/\/www.praktivak.be\/fr\/produit\/gehwol-baume-75ml\/#breadcrumb","itemListElement":[{"@type":"ListItem","position":1,"name":"Home","item":"https:\/\/www.praktivak.be\/fr\/"},{"@type":"ListItem","position":2,"name":"Boutique","item":"https:\/\/www.praktivak.be\/fr\/boutique\/"},{"@type":"ListItem","position":3,"name":"Gehwol baume, 75ml"}]},{"@type":"WebSite","@id":"https:\/\/www.praktivak.be\/fr\/#website","url":"https:\/\/www.praktivak.be\/fr\/","name":"Praktivak","description":"","publisher":{"@id":"https:\/\/www.praktivak.be\/fr\/#organization"},"potentialAction":[{"@type":"SearchAction","target":{"@type":"EntryPoint","urlTemplate":"https:\/\/www.praktivak.be\/fr\/?s={search_term_string}"},"query-input":{"@type":"PropertyValueSpecification","valueRequired":true,"valueName":"search_term_string"}}],"inLanguage":"fr-FR"},{"@type":"Organization","@id":"https:\/\/www.praktivak.be\/fr\/#organization","name":"Praktivak","url":"https:\/\/www.praktivak.be\/fr\/","logo":{"@type":"ImageObject","inLanguage":"fr-FR","@id":"https:\/\/www.praktivak.be\/fr\/#\/schema\/logo\/image\/","url":"https:\/\/www.praktivak.be\/wp-content\/uploads\/2024\/09\/Logo.png","contentUrl":"https:\/\/www.praktivak.be\/wp-content\/uploads\/2024\/09\/Logo.png","width":1774,"height":337,"caption":"Praktivak"},"image":{"@id":"https:\/\/www.praktivak.be\/fr\/#\/schema\/logo\/image\/"}}]}},"featured_img":"https:\/\/www.praktivak.be\/wp-content\/uploads\/2025\/09\/124205-2.jpg","coauthors":[],"author_meta":{"author_link":"https:\/\/www.praktivak.be\/fr\/author\/madeit\/","display_name":"Tjebbe Lievens"},"relative_dates":{"created":"Publi\u00e9 11 mois il y a","modified":"Mis \u00e0 jour 3 heures il y a"},"absolute_dates":{"created":"Publi\u00e9 le 13 mai 2025","modified":"Mise \u00e0 jour le 22 avril 2026"},"absolute_dates_time":{"created":"Publi\u00e9 le 13 mai 2025 23h37","modified":"Mise \u00e0 jour le 22 avril 2026 5h35"},"featured_img_caption":"","tax_additional":{"product_brand":{"linked":[],"unlinked":[],"slug":"product_brand","name":"Marques"},"product_type":{"linked":["<a href=\"https:\/\/www.praktivak.be\/fr\/?taxonomy=product_type&#038;term=simple\" class=\"advgb-post-tax-term\">simple<\/a>"],"unlinked":["<span class=\"advgb-post-tax-term\">simple<\/span>"],"slug":"product_type","name":"Type de produit"},"product_visibility":{"linked":[],"unlinked":[],"slug":"product_visibility","name":"Visibilit\u00e9 du produit"},"product_cat":{"linked":["<a href=\"https:\/\/www.praktivak.be\/fr\/categorie-de-produit\/voetverzorgingslijnen-fr\/gehwol\/voetverzorging-en-cremes-gehwol-voetverzorgingslijnen-4-fr\/\" class=\"advgb-post-tax-term\">Soins et cr\u00e8mes pour les pieds<\/a>"],"unlinked":["<span class=\"advgb-post-tax-term\">Soins et cr\u00e8mes pour les pieds<\/span>"],"slug":"product_cat","name":"Cat\u00e9gories de produits"},"product_tag":{"linked":[],"unlinked":[],"slug":"product_tag","name":"\u00c9tiquettes produit"},"product_shipping_class":{"linked":[],"unlinked":[],"slug":"product_shipping_class","name":"Classe d\u2019exp\u00e9dition du produit"},"pos_product_visibility":{"linked":[],"unlinked":[],"slug":"pos_product_visibility","name":"Visibilit\u00e9 du produit sur le point de vente"},"translation_priority":{"linked":[],"unlinked":[],"slug":"translation_priority","name":"Priorit\u00e9s de traduction"}},"series_order":"","_links":{"self":[{"href":"https:\/\/www.praktivak.be\/fr\/wp-json\/wp\/v2\/product\/48324","targetHints":{"allow":["GET"]}}],"collection":[{"href":"https:\/\/www.praktivak.be\/fr\/wp-json\/wp\/v2\/product"}],"about":[{"href":"https:\/\/www.praktivak.be\/fr\/wp-json\/wp\/v2\/types\/product"}],"version-history":[{"count":99,"href":"https:\/\/www.praktivak.be\/fr\/wp-json\/wp\/v2\/product\/48324\/revisions"}],"predecessor-version":[{"id":374987,"href":"https:\/\/www.praktivak.be\/fr\/wp-json\/wp\/v2\/product\/48324\/revisions\/374987"}],"wp:featuredmedia":[{"embeddable":true,"href":"https:\/\/www.praktivak.be\/fr\/wp-json\/wp\/v2\/media\/291567"}],"wp:attachment":[{"href":"https:\/\/www.praktivak.be\/fr\/wp-json\/wp\/v2\/media?parent=48324"}],"wp:term":[{"taxonomy":"product_brand","embeddable":true,"href":"https:\/\/www.praktivak.be\/fr\/wp-json\/wp\/v2\/product_brand?post=48324"},{"taxonomy":"product_cat","embeddable":true,"href":"https:\/\/www.praktivak.be\/fr\/wp-json\/wp\/v2\/product_cat?post=48324"},{"taxonomy":"product_tag","embeddable":true,"href":"https:\/\/www.praktivak.be\/fr\/wp-json\/wp\/v2\/product_tag?post=48324"}],"curies":[{"name":"wp","href":"https:\/\/api.w.org\/{rel}","templated":true}]}}