

{"id":48304,"date":"2025-05-13T23:37:17","date_gmt":"2025-05-13T21:37:17","guid":{"rendered":"https:\/\/www.praktivak.be\/product\/gehwol-med-klovenzalf-125ml\/"},"modified":"2026-02-01T03:02:24","modified_gmt":"2026-02-01T02:02:24","slug":"gehwol-pommade-gercures-125ml","status":"publish","type":"product","link":"https:\/\/www.praktivak.be\/fr\/produit\/gehwol-pommade-gercures-125ml\/","title":{"rendered":"Gehwol pommade ger\u00e7ures, 125ml"},"content":{"rendered":"\n<p>\nPommade de soins pour les peaux calleuses, crevass&eacute;es, s&egrave;ches et rugueuses.<\/p>\n\n<p>\nCr&egrave;me pour le traitement de la peau calleuse, crevass&eacute;e, s&egrave;che et rugueuse et pour les pieds extr&ecirc;mement sollicit&eacute;s. Prot&egrave;ge efficacement et pr&eacute;vient les petites ger&ccedil;ures, les crevasses, les rougeurs et les complications qui en sont la cons&eacute;quence.<\/p>\n\n<p>\nConvient &eacute;galement aux diab&eacute;tiques.<\/p>\n\n<p>\nIngr&eacute;dients:<\/p>\n<p>\nSavon m&eacute;dicale <\/p>\n<p>\nPanth&eacute;nol <\/p>\n<p>\nBisabolol <\/p>\n\n<p>\nUtilisation: Appliquez en couche &eacute;paisse sur les crevasses et couvrez d&#146;un pansement ou d&#146;un bandage. Laissez agir pendant quelques heures. <\/p>\n<p>\nPour une peau s&egrave;che et rugueuse : bien faire p&eacute;n&eacute;trer dans la peau 1 &agrave; 2 fois par jour.<\/p>\n\n","protected":false},"excerpt":{"rendered":"<p>Pommade de soins pour les peaux calleuses, crevass&eacute;es, s&egrave;ches et rugueuses. Cr&egrave;me pour le traitement de la peau calleuse, crevass&eacute;e, s&egrave;che et rugueuse et pour les pieds extr&ecirc;mement sollicit&eacute;s. Prot&egrave;ge efficacement et pr&eacute;vient les petites ger&ccedil;ures, les crevasses, les rougeurs et les complications qui en sont la cons&eacute;quence. Convient &eacute;galement aux diab&eacute;tiques. Ingr&eacute;dients: Savon m&eacute;dicale &hellip; <\/p>\n<p class=\"link-more\"><a href=\"https:\/\/www.praktivak.be\/fr\/produit\/gehwol-pommade-gercures-125ml\/\" class=\"more-link\">Continuer la lecture<span class=\"screen-reader-text\"> \u00ab\u00a0Gehwol pommade ger\u00e7ures, 125ml\u00a0\u00bb<\/span><\/a><\/p>\n","protected":false},"author":1,"featured_media":290768,"template":"","meta":{"_acf_changed":false,"_relevanssi_hide_post":"","_relevanssi_hide_content":"","_relevanssi_pin_for_all":"","_relevanssi_pin_keywords":"","_relevanssi_unpin_keywords":"","_relevanssi_related_keywords":"","_relevanssi_related_include_ids":"","_relevanssi_related_exclude_ids":"","_relevanssi_related_no_append":"","_relevanssi_related_not_related":"","_relevanssi_related_posts":"","_relevanssi_noindex_reason":"","advgb_blocks_editor_width":"","advgb_blocks_columns_visual_guide":"","footnotes":""},"product_brand":[],"product_cat":[1959],"product_tag":[],"class_list":{"0":"post-48304","1":"product","2":"type-product","3":"status-publish","4":"has-post-thumbnail","6":"product_cat-voetverzorging-en-cremes-gehwol-voetverzorgingslijnen-4-fr","8":"first","9":"instock","10":"taxable","11":"shipping-taxable","12":"product-type-simple"},"acf":[],"yoast_head":"<!-- This site is optimized with the Yoast SEO plugin v27.2 - https:\/\/yoast.com\/product\/yoast-seo-wordpress\/ -->\n<title>Gehwol pommade ger\u00e7ures, 125ml - Praktivak<\/title>\n<meta name=\"robots\" content=\"index, follow, max-snippet:-1, max-image-preview:large, max-video-preview:-1\" \/>\n<link rel=\"canonical\" href=\"https:\/\/www.praktivak.be\/fr\/produit\/gehwol-pommade-gercures-125ml\/\" \/>\n<meta property=\"og:locale\" content=\"fr_FR\" \/>\n<meta property=\"og:type\" content=\"article\" \/>\n<meta property=\"og:title\" content=\"Gehwol pommade ger\u00e7ures, 125ml - Praktivak\" \/>\n<meta property=\"og:description\" content=\"Pommade de soins pour les peaux calleuses, crevass&eacute;es, s&egrave;ches et rugueuses. Cr&egrave;me pour le traitement de la peau calleuse, crevass&eacute;e, s&egrave;che et rugueuse et pour les pieds extr&ecirc;mement sollicit&eacute;s. Prot&egrave;ge efficacement et pr&eacute;vient les petites ger&ccedil;ures, les crevasses, les rougeurs et les complications qui en sont la cons&eacute;quence. Convient &eacute;galement aux diab&eacute;tiques. Ingr&eacute;dients: Savon m&eacute;dicale &hellip; Continuer la lecture &quot;Gehwol pommade ger\u00e7ures, 125ml&quot;\" \/>\n<meta property=\"og:url\" content=\"https:\/\/www.praktivak.be\/fr\/produit\/gehwol-pommade-gercures-125ml\/\" \/>\n<meta property=\"og:site_name\" content=\"Praktivak\" \/>\n<meta property=\"article:modified_time\" content=\"2026-02-01T02:02:24+00:00\" \/>\n<meta property=\"og:image\" content=\"https:\/\/www.praktivak.be\/wp-content\/uploads\/2025\/09\/140107-2.jpg\" \/>\n\t<meta property=\"og:image:width\" content=\"461\" \/>\n\t<meta property=\"og:image:height\" content=\"474\" \/>\n\t<meta property=\"og:image:type\" content=\"image\/jpeg\" \/>\n<meta name=\"twitter:card\" content=\"summary_large_image\" \/>\n<meta name=\"twitter:label1\" content=\"Dur\u00e9e de lecture estim\u00e9e\" \/>\n\t<meta name=\"twitter:data1\" content=\"1 minute\" \/>\n<script type=\"application\/ld+json\" class=\"yoast-schema-graph\">{\"@context\":\"https:\/\/schema.org\",\"@graph\":[{\"@type\":\"WebPage\",\"@id\":\"https:\/\/www.praktivak.be\/fr\/produit\/gehwol-pommade-gercures-125ml\/\",\"url\":\"https:\/\/www.praktivak.be\/fr\/produit\/gehwol-pommade-gercures-125ml\/\",\"name\":\"Gehwol pommade ger\u00e7ures, 125ml - Praktivak\",\"isPartOf\":{\"@id\":\"https:\/\/www.praktivak.be\/fr\/#website\"},\"primaryImageOfPage\":{\"@id\":\"https:\/\/www.praktivak.be\/fr\/produit\/gehwol-pommade-gercures-125ml\/#primaryimage\"},\"image\":{\"@id\":\"https:\/\/www.praktivak.be\/fr\/produit\/gehwol-pommade-gercures-125ml\/#primaryimage\"},\"thumbnailUrl\":\"https:\/\/www.praktivak.be\/wp-content\/uploads\/2025\/09\/140107-2.jpg\",\"datePublished\":\"2025-05-13T21:37:17+00:00\",\"dateModified\":\"2026-02-01T02:02:24+00:00\",\"breadcrumb\":{\"@id\":\"https:\/\/www.praktivak.be\/fr\/produit\/gehwol-pommade-gercures-125ml\/#breadcrumb\"},\"inLanguage\":\"fr-FR\",\"potentialAction\":[{\"@type\":\"ReadAction\",\"target\":[\"https:\/\/www.praktivak.be\/fr\/produit\/gehwol-pommade-gercures-125ml\/\"]}]},{\"@type\":\"ImageObject\",\"inLanguage\":\"fr-FR\",\"@id\":\"https:\/\/www.praktivak.be\/fr\/produit\/gehwol-pommade-gercures-125ml\/#primaryimage\",\"url\":\"https:\/\/www.praktivak.be\/wp-content\/uploads\/2025\/09\/140107-2.jpg\",\"contentUrl\":\"https:\/\/www.praktivak.be\/wp-content\/uploads\/2025\/09\/140107-2.jpg\",\"width\":461,\"height\":474},{\"@type\":\"BreadcrumbList\",\"@id\":\"https:\/\/www.praktivak.be\/fr\/produit\/gehwol-pommade-gercures-125ml\/#breadcrumb\",\"itemListElement\":[{\"@type\":\"ListItem\",\"position\":1,\"name\":\"Home\",\"item\":\"https:\/\/www.praktivak.be\/fr\/\"},{\"@type\":\"ListItem\",\"position\":2,\"name\":\"Boutique\",\"item\":\"https:\/\/www.praktivak.be\/fr\/boutique\/\"},{\"@type\":\"ListItem\",\"position\":3,\"name\":\"Gehwol pommade ger\u00e7ures, 125ml\"}]},{\"@type\":\"WebSite\",\"@id\":\"https:\/\/www.praktivak.be\/fr\/#website\",\"url\":\"https:\/\/www.praktivak.be\/fr\/\",\"name\":\"Praktivak\",\"description\":\"\",\"publisher\":{\"@id\":\"https:\/\/www.praktivak.be\/fr\/#organization\"},\"potentialAction\":[{\"@type\":\"SearchAction\",\"target\":{\"@type\":\"EntryPoint\",\"urlTemplate\":\"https:\/\/www.praktivak.be\/fr\/?s={search_term_string}\"},\"query-input\":{\"@type\":\"PropertyValueSpecification\",\"valueRequired\":true,\"valueName\":\"search_term_string\"}}],\"inLanguage\":\"fr-FR\"},{\"@type\":\"Organization\",\"@id\":\"https:\/\/www.praktivak.be\/fr\/#organization\",\"name\":\"Praktivak\",\"url\":\"https:\/\/www.praktivak.be\/fr\/\",\"logo\":{\"@type\":\"ImageObject\",\"inLanguage\":\"fr-FR\",\"@id\":\"https:\/\/www.praktivak.be\/fr\/#\/schema\/logo\/image\/\",\"url\":\"https:\/\/www.praktivak.be\/wp-content\/uploads\/2024\/09\/Logo.png\",\"contentUrl\":\"https:\/\/www.praktivak.be\/wp-content\/uploads\/2024\/09\/Logo.png\",\"width\":1774,\"height\":337,\"caption\":\"Praktivak\"},\"image\":{\"@id\":\"https:\/\/www.praktivak.be\/fr\/#\/schema\/logo\/image\/\"}}]}<\/script>\n<!-- \/ Yoast SEO plugin. -->","yoast_head_json":{"title":"Gehwol pommade ger\u00e7ures, 125ml - Praktivak","robots":{"index":"index","follow":"follow","max-snippet":"max-snippet:-1","max-image-preview":"max-image-preview:large","max-video-preview":"max-video-preview:-1"},"canonical":"https:\/\/www.praktivak.be\/fr\/produit\/gehwol-pommade-gercures-125ml\/","og_locale":"fr_FR","og_type":"article","og_title":"Gehwol pommade ger\u00e7ures, 125ml - Praktivak","og_description":"Pommade de soins pour les peaux calleuses, crevass&eacute;es, s&egrave;ches et rugueuses. Cr&egrave;me pour le traitement de la peau calleuse, crevass&eacute;e, s&egrave;che et rugueuse et pour les pieds extr&ecirc;mement sollicit&eacute;s. Prot&egrave;ge efficacement et pr&eacute;vient les petites ger&ccedil;ures, les crevasses, les rougeurs et les complications qui en sont la cons&eacute;quence. Convient &eacute;galement aux diab&eacute;tiques. Ingr&eacute;dients: Savon m&eacute;dicale &hellip; Continuer la lecture \"Gehwol pommade ger\u00e7ures, 125ml\"","og_url":"https:\/\/www.praktivak.be\/fr\/produit\/gehwol-pommade-gercures-125ml\/","og_site_name":"Praktivak","article_modified_time":"2026-02-01T02:02:24+00:00","og_image":[{"width":461,"height":474,"url":"https:\/\/www.praktivak.be\/wp-content\/uploads\/2025\/09\/140107-2.jpg","type":"image\/jpeg"}],"twitter_card":"summary_large_image","twitter_misc":{"Dur\u00e9e de lecture estim\u00e9e":"1 minute"},"schema":{"@context":"https:\/\/schema.org","@graph":[{"@type":"WebPage","@id":"https:\/\/www.praktivak.be\/fr\/produit\/gehwol-pommade-gercures-125ml\/","url":"https:\/\/www.praktivak.be\/fr\/produit\/gehwol-pommade-gercures-125ml\/","name":"Gehwol pommade ger\u00e7ures, 125ml - Praktivak","isPartOf":{"@id":"https:\/\/www.praktivak.be\/fr\/#website"},"primaryImageOfPage":{"@id":"https:\/\/www.praktivak.be\/fr\/produit\/gehwol-pommade-gercures-125ml\/#primaryimage"},"image":{"@id":"https:\/\/www.praktivak.be\/fr\/produit\/gehwol-pommade-gercures-125ml\/#primaryimage"},"thumbnailUrl":"https:\/\/www.praktivak.be\/wp-content\/uploads\/2025\/09\/140107-2.jpg","datePublished":"2025-05-13T21:37:17+00:00","dateModified":"2026-02-01T02:02:24+00:00","breadcrumb":{"@id":"https:\/\/www.praktivak.be\/fr\/produit\/gehwol-pommade-gercures-125ml\/#breadcrumb"},"inLanguage":"fr-FR","potentialAction":[{"@type":"ReadAction","target":["https:\/\/www.praktivak.be\/fr\/produit\/gehwol-pommade-gercures-125ml\/"]}]},{"@type":"ImageObject","inLanguage":"fr-FR","@id":"https:\/\/www.praktivak.be\/fr\/produit\/gehwol-pommade-gercures-125ml\/#primaryimage","url":"https:\/\/www.praktivak.be\/wp-content\/uploads\/2025\/09\/140107-2.jpg","contentUrl":"https:\/\/www.praktivak.be\/wp-content\/uploads\/2025\/09\/140107-2.jpg","width":461,"height":474},{"@type":"BreadcrumbList","@id":"https:\/\/www.praktivak.be\/fr\/produit\/gehwol-pommade-gercures-125ml\/#breadcrumb","itemListElement":[{"@type":"ListItem","position":1,"name":"Home","item":"https:\/\/www.praktivak.be\/fr\/"},{"@type":"ListItem","position":2,"name":"Boutique","item":"https:\/\/www.praktivak.be\/fr\/boutique\/"},{"@type":"ListItem","position":3,"name":"Gehwol pommade ger\u00e7ures, 125ml"}]},{"@type":"WebSite","@id":"https:\/\/www.praktivak.be\/fr\/#website","url":"https:\/\/www.praktivak.be\/fr\/","name":"Praktivak","description":"","publisher":{"@id":"https:\/\/www.praktivak.be\/fr\/#organization"},"potentialAction":[{"@type":"SearchAction","target":{"@type":"EntryPoint","urlTemplate":"https:\/\/www.praktivak.be\/fr\/?s={search_term_string}"},"query-input":{"@type":"PropertyValueSpecification","valueRequired":true,"valueName":"search_term_string"}}],"inLanguage":"fr-FR"},{"@type":"Organization","@id":"https:\/\/www.praktivak.be\/fr\/#organization","name":"Praktivak","url":"https:\/\/www.praktivak.be\/fr\/","logo":{"@type":"ImageObject","inLanguage":"fr-FR","@id":"https:\/\/www.praktivak.be\/fr\/#\/schema\/logo\/image\/","url":"https:\/\/www.praktivak.be\/wp-content\/uploads\/2024\/09\/Logo.png","contentUrl":"https:\/\/www.praktivak.be\/wp-content\/uploads\/2024\/09\/Logo.png","width":1774,"height":337,"caption":"Praktivak"},"image":{"@id":"https:\/\/www.praktivak.be\/fr\/#\/schema\/logo\/image\/"}}]}},"featured_img":"https:\/\/www.praktivak.be\/wp-content\/uploads\/2025\/09\/140107-2.jpg","coauthors":[],"author_meta":{"author_link":"https:\/\/www.praktivak.be\/fr\/author\/madeit\/","display_name":"Tjebbe Lievens"},"relative_dates":{"created":"Publi\u00e9 11 mois il y a","modified":"Mis \u00e0 jour 2 mois il y a"},"absolute_dates":{"created":"Publi\u00e9 le 13 mai 2025","modified":"Mise \u00e0 jour le 1 f\u00e9vrier 2026"},"absolute_dates_time":{"created":"Publi\u00e9 le 13 mai 2025 23h37","modified":"Mise \u00e0 jour le 1 f\u00e9vrier 2026 3h02"},"featured_img_caption":"","tax_additional":{"product_brand":{"linked":[],"unlinked":[],"slug":"product_brand","name":"Marques"},"product_type":{"linked":["<a href=\"https:\/\/www.praktivak.be\/fr\/?taxonomy=product_type&#038;term=simple\" class=\"advgb-post-tax-term\">simple<\/a>"],"unlinked":["<span class=\"advgb-post-tax-term\">simple<\/span>"],"slug":"product_type","name":"Type de produit"},"product_visibility":{"linked":[],"unlinked":[],"slug":"product_visibility","name":"Visibilit\u00e9 du produit"},"product_cat":{"linked":["<a href=\"https:\/\/www.praktivak.be\/fr\/categorie-de-produit\/voetverzorgingslijnen-fr\/gehwol\/voetverzorging-en-cremes-gehwol-voetverzorgingslijnen-4-fr\/\" class=\"advgb-post-tax-term\">Soins et cr\u00e8mes pour les pieds<\/a>"],"unlinked":["<span class=\"advgb-post-tax-term\">Soins et cr\u00e8mes pour les pieds<\/span>"],"slug":"product_cat","name":"Cat\u00e9gories de produits"},"product_tag":{"linked":[],"unlinked":[],"slug":"product_tag","name":"\u00c9tiquettes produit"},"product_shipping_class":{"linked":[],"unlinked":[],"slug":"product_shipping_class","name":"Classe d\u2019exp\u00e9dition du produit"},"pos_product_visibility":{"linked":[],"unlinked":[],"slug":"pos_product_visibility","name":"Visibilit\u00e9 du produit sur le point de vente"},"translation_priority":{"linked":[],"unlinked":[],"slug":"translation_priority","name":"Priorit\u00e9s de traduction"}},"series_order":"","_links":{"self":[{"href":"https:\/\/www.praktivak.be\/fr\/wp-json\/wp\/v2\/product\/48304","targetHints":{"allow":["GET"]}}],"collection":[{"href":"https:\/\/www.praktivak.be\/fr\/wp-json\/wp\/v2\/product"}],"about":[{"href":"https:\/\/www.praktivak.be\/fr\/wp-json\/wp\/v2\/types\/product"}],"version-history":[{"count":95,"href":"https:\/\/www.praktivak.be\/fr\/wp-json\/wp\/v2\/product\/48304\/revisions"}],"predecessor-version":[{"id":337750,"href":"https:\/\/www.praktivak.be\/fr\/wp-json\/wp\/v2\/product\/48304\/revisions\/337750"}],"wp:featuredmedia":[{"embeddable":true,"href":"https:\/\/www.praktivak.be\/fr\/wp-json\/wp\/v2\/media\/290768"}],"wp:attachment":[{"href":"https:\/\/www.praktivak.be\/fr\/wp-json\/wp\/v2\/media?parent=48304"}],"wp:term":[{"taxonomy":"product_brand","embeddable":true,"href":"https:\/\/www.praktivak.be\/fr\/wp-json\/wp\/v2\/product_brand?post=48304"},{"taxonomy":"product_cat","embeddable":true,"href":"https:\/\/www.praktivak.be\/fr\/wp-json\/wp\/v2\/product_cat?post=48304"},{"taxonomy":"product_tag","embeddable":true,"href":"https:\/\/www.praktivak.be\/fr\/wp-json\/wp\/v2\/product_tag?post=48304"}],"curies":[{"name":"wp","href":"https:\/\/api.w.org\/{rel}","templated":true}]}}