

{"id":47579,"date":"2025-05-13T23:18:20","date_gmt":"2025-05-13T21:18:20","guid":{"rendered":"https:\/\/www.praktivak.be\/product\/diodelaser-ice-xt-1600-watt-tri-wave-handstuk-luxe\/"},"modified":"2026-02-01T16:32:29","modified_gmt":"2026-02-01T15:32:29","slug":"diodelaser-ice-xt-1600-watt-tri-wave-piece-a-main-luxe","status":"publish","type":"product","link":"https:\/\/www.praktivak.be\/fr\/produit\/diodelaser-ice-xt-1600-watt-tri-wave-piece-a-main-luxe\/","title":{"rendered":"Diodelaser ICE+ XT 1600 Watt Tri-Wave + pi\u00e8ce \u00e0 main Luxe"},"content":{"rendered":"\n<p>\nLe Bowie Diode Laser ICE+XT 1200 avec technologie TripleWave est l&rsquo;un des lasers d&rsquo;&eacute;pilation les plus avanc&eacute;s du moment.<\/p>\n\n<p>\nPi&egrave;ce &agrave; main &eacute;cran LED pour Diodelaser ICE+ XT 1600 Watt<\/p>\n<p>\n808nm<\/p>\n<p>\nSpotsize: 15x30mm<\/p>\n\n<p>\nCe laser &agrave; diode a une puissance de travail tr&egrave;s puissante, allant jusqu&rsquo;&agrave; 120 Joule\/cm2 &agrave; 1200 watts sur un spot de 3,00 cm2. Cette puissance de travail de pointe &eacute;lev&eacute;e correspond &agrave; la puissance de travail moyenne d&rsquo;un dispositif de 2000 watts en raison de son rendement de conversion tr&egrave;s &eacute;lev&eacute;.  <\/p>\n\n<p>\nLa puissance de cet appareil est de 2500 &agrave; 4000 watts.<\/p>\n\n<p>\nLa grande efficacit&eacute; de cet appareil garantit des r&eacute;sultats d&rsquo;&eacute;pilation optimaux pour tous les types de peau et de poils.<\/p>\n\n<p>\nLe Bowie Diode Laser ICE+ poss&egrave;de une taille de spot unique de 15&times;20 mm (3,00 cm2) pour un traitement rapide et efficace.<\/p>\n\n<p>\nLe laser fonctionne avec 3 longueurs d&rsquo;onde diff&eacute;rentes (755nm, 808nm et 1064nm) pour un traitement cibl&eacute; de tous les types de peau et de poils. <\/p>\n\n<p>\nCet appareil peut &ecirc;tre utilis&eacute; dans le mode traditionnel &laquo;&nbsp;mono-passe&nbsp;&raquo; (coup par coup) et dans le nouveau mode d&rsquo;&eacute;pilation &laquo;&nbsp;multi-passe&nbsp;&raquo; (SHR), qui permet &eacute;galement de traiter les peaux sp&eacute;cifiquement fonc&eacute;es de mani&egrave;re tr&egrave;s efficace et sans douleur.<\/p>\n\n<p>\nCe laser &agrave; diode est &eacute;quip&eacute; d&rsquo;une pi&egrave;ce &agrave; main ergonomique tr&egrave;s l&eacute;g&egrave;re de seulement 375 grammes, le praticien est donc moins susceptible de se fatiguer. La pi&egrave;ce &agrave; main laser est dot&eacute;e d&rsquo;un syst&egrave;me de refroidissement par contact extr&ecirc;mement froid pour un traitement confortable et indolore.<\/p>\n\n<p>\nDe plus, le Bowie Diode Laser ICE+ XT est &eacute;galement &eacute;quip&eacute; en standard de la pi&egrave;ce &agrave; main de refroidissement de la peau ICE+ XT pour un pr&eacute; et post-traitement confortable jusqu&rsquo;&agrave; -15 degr&eacute;s Celsius.<\/p>\n<p>\nCe laser &agrave; diode est dot&eacute; d&rsquo;un grand &eacute;cran tactile couleur avec une interface logicielle intelligente pour une facilit&eacute; d&rsquo;utilisation optimale.<\/p>\n\n<p>\nEn saisissant un certain nombre de param&egrave;tres tels que le type de peau et de cheveux, l&rsquo;appareil s&eacute;lectionne automatiquement les r&eacute;glages les plus s&ucirc;rs et les plus efficaces. Par la suite, ces param&egrave;tres peuvent bien s&ucirc;r aussi &ecirc;tre ajust&eacute;s manuellement.   <\/p>\n\n<p>\nLe Bowie Diode Laser ICE+ XT est un appareil durable et fiable, dot&eacute; d&rsquo;une technologie de haute qualit&eacute; et construit &agrave; partir des meilleurs composants.<\/p>\n\n<p>\nGr&acirc;ce &agrave; son design attrayant et &agrave; la possibilit&eacute; de choisir des couleurs de bo&icirc;tier sp&eacute;ciales, cet appareil constitue un ajout de bon go&ucirc;t &agrave; tout salon ou cabinet.<\/p>\n\n<p>\nLe Bowie Diode Laser ICE+ est certifi&eacute; CE m&eacute;dical et convient &agrave; un usage m&eacute;dical.<\/p>\n\n<p>\nSp&eacute;cifications :<\/p>\n<p>\n* Mod&egrave;le \/ num&eacute;ro de type : PZ-606IV (CE m&eacute;dical europ&eacute;en \/ FDA am&eacute;ricain)<\/p>\n<p>\n* puissance de travail puissante : 120 joule\/cm2 &agrave; 1600 Watts sur un spot de 3,65 cm2<\/p>\n<p>\n* Puissance de la machine 3000W \/ 4500W<\/p>\n<p>\n* Grande taille de spot : classique 15x25mm (3,75 cm2) ou nouvelle LED 15x30mm (4,5 cm2)<\/p>\n<p>\n* pi&egrave;ce &agrave; main tr&egrave;s l&eacute;g&egrave;re et ergonomique de seulement 375 grammes<\/p>\n<p>\n* pi&egrave;ce laser avec refroidissement par contact r&eacute;glable jusqu&rsquo;&agrave; -8 degr&eacute;s<\/p>\n<p>\n* Source d&rsquo;alimentation : Diode Laser USA import 20 &agrave; un maximum de 100 millions de tirs.<\/p>\n<p>\n* Fonctionnement d&rsquo;un grand &eacute;cran tactile en couleur avec interface logicielle en n&eacute;erlandais <\/p>\n<p>\n* 3 longueurs d&rsquo;onde diff&eacute;rentes : 808nm \/ 755nm \/ 1064nm (disponibles en plusieurs combinaisons)<\/p>\n<p>\n* 2 techniques de traitement : technique &agrave; passage unique et technique SHR &agrave; passage multiple (en mouvement).  <\/p>\n<p>\n* Une (deuxi&egrave;me) pi&egrave;ce &agrave; main de refroidissement suppl&eacute;mentaire ICE+ est incluse en standard pour le pr&eacute; et le post-traitement.<\/p>\n<p>\n* Fr&eacute;quence : 1 &agrave; 20 Hz <\/p>\n<p>\n* fluence : jusqu&rsquo;&agrave; 120 J\/cm2  <\/p>\n<p>\n* Longueur d&rsquo;impulsion r&eacute;glable : 10ms &agrave; 200\/400ms <\/p>\n<p>\n* Electricit&eacute; : AC 230V, 50 Hz,<\/p>\n<p>\n* Design moderne et attrayant \/ possibilit&eacute; de choisir diff&eacute;rentes couleurs de bo&icirc;tier<\/p>\n<p>\n* Service par notre propre service technique sp&eacute;cialis&eacute;<\/p>\n<p>\n* Y compris la formation<\/p>\n<p>\n* Diverses options de financement et des conditions de location tr&egrave;s favorables. <\/p>\n<p>\n* dimensions : 160cm x 69cm x 49cm <\/p>\n<p>\n* Poids : 79 kg&nbsp;&raquo;<\/p>\n\n","protected":false},"excerpt":{"rendered":"<p>Le Bowie Diode Laser ICE+XT 1200 avec technologie TripleWave est l&rsquo;un des lasers d&rsquo;&eacute;pilation les plus avanc&eacute;s du moment. Pi&egrave;ce &agrave; main &eacute;cran LED pour Diodelaser ICE+ XT 1600 Watt 808nm Spotsize: 15x30mm Ce laser &agrave; diode a une puissance de travail tr&egrave;s puissante, allant jusqu&rsquo;&agrave; 120 Joule\/cm2 &agrave; 1200 watts sur un spot de &hellip; <\/p>\n<p class=\"link-more\"><a href=\"https:\/\/www.praktivak.be\/fr\/produit\/diodelaser-ice-xt-1600-watt-tri-wave-piece-a-main-luxe\/\" class=\"more-link\">Continuer la lecture<span class=\"screen-reader-text\"> \u00ab\u00a0Diodelaser ICE+ XT 1600 Watt Tri-Wave + pi\u00e8ce \u00e0 main Luxe\u00a0\u00bb<\/span><\/a><\/p>\n","protected":false},"author":1,"featured_media":288462,"template":"","meta":{"_acf_changed":false,"_relevanssi_hide_post":"","_relevanssi_hide_content":"","_relevanssi_pin_for_all":"","_relevanssi_pin_keywords":"","_relevanssi_unpin_keywords":"","_relevanssi_related_keywords":"","_relevanssi_related_include_ids":"","_relevanssi_related_exclude_ids":"","_relevanssi_related_no_append":"","_relevanssi_related_not_related":"","_relevanssi_related_posts":"","_relevanssi_noindex_reason":"","advgb_blocks_editor_width":"","advgb_blocks_columns_visual_guide":"","footnotes":""},"product_brand":[],"product_cat":[2075],"product_tag":[],"class_list":{"0":"post-47579","1":"product","2":"type-product","3":"status-publish","4":"has-post-thumbnail","6":"product_cat-apparatuur-laser-fr","8":"first","9":"instock","10":"taxable","11":"shipping-taxable","12":"product-type-simple"},"acf":[],"yoast_head":"<!-- This site is optimized with the Yoast SEO plugin v27.2 - https:\/\/yoast.com\/product\/yoast-seo-wordpress\/ -->\n<title>Diodelaser ICE+ XT 1600 Watt Tri-Wave + pi\u00e8ce \u00e0 main Luxe - Praktivak<\/title>\n<meta name=\"robots\" content=\"index, follow, max-snippet:-1, max-image-preview:large, max-video-preview:-1\" \/>\n<link rel=\"canonical\" href=\"https:\/\/www.praktivak.be\/fr\/produit\/diodelaser-ice-xt-1600-watt-tri-wave-piece-a-main-luxe\/\" \/>\n<meta property=\"og:locale\" content=\"fr_FR\" \/>\n<meta property=\"og:type\" content=\"article\" \/>\n<meta property=\"og:title\" content=\"Diodelaser ICE+ XT 1600 Watt Tri-Wave + pi\u00e8ce \u00e0 main Luxe - Praktivak\" \/>\n<meta property=\"og:description\" content=\"Le Bowie Diode Laser ICE+XT 1200 avec technologie TripleWave est l&rsquo;un des lasers d&rsquo;&eacute;pilation les plus avanc&eacute;s du moment. Pi&egrave;ce &agrave; main &eacute;cran LED pour Diodelaser ICE+ XT 1600 Watt 808nm Spotsize: 15x30mm Ce laser &agrave; diode a une puissance de travail tr&egrave;s puissante, allant jusqu&rsquo;&agrave; 120 Joule\/cm2 &agrave; 1200 watts sur un spot de &hellip; Continuer la lecture &quot;Diodelaser ICE+ XT 1600 Watt Tri-Wave + pi\u00e8ce \u00e0 main Luxe&quot;\" \/>\n<meta property=\"og:url\" content=\"https:\/\/www.praktivak.be\/fr\/produit\/diodelaser-ice-xt-1600-watt-tri-wave-piece-a-main-luxe\/\" \/>\n<meta property=\"og:site_name\" content=\"Praktivak\" \/>\n<meta property=\"article:modified_time\" content=\"2026-02-01T15:32:29+00:00\" \/>\n<meta property=\"og:image\" content=\"https:\/\/www.praktivak.be\/wp-content\/uploads\/2025\/09\/CL022-1600TWL-2.jpg\" \/>\n\t<meta property=\"og:image:width\" content=\"853\" \/>\n\t<meta property=\"og:image:height\" content=\"1000\" \/>\n\t<meta property=\"og:image:type\" content=\"image\/jpeg\" \/>\n<meta name=\"twitter:card\" content=\"summary_large_image\" \/>\n<meta name=\"twitter:label1\" content=\"Dur\u00e9e de lecture estim\u00e9e\" \/>\n\t<meta name=\"twitter:data1\" content=\"3 minutes\" \/>\n<script type=\"application\/ld+json\" class=\"yoast-schema-graph\">{\"@context\":\"https:\/\/schema.org\",\"@graph\":[{\"@type\":\"WebPage\",\"@id\":\"https:\/\/www.praktivak.be\/fr\/produit\/diodelaser-ice-xt-1600-watt-tri-wave-piece-a-main-luxe\/\",\"url\":\"https:\/\/www.praktivak.be\/fr\/produit\/diodelaser-ice-xt-1600-watt-tri-wave-piece-a-main-luxe\/\",\"name\":\"Diodelaser ICE+ XT 1600 Watt Tri-Wave + pi\u00e8ce \u00e0 main Luxe - Praktivak\",\"isPartOf\":{\"@id\":\"https:\/\/www.praktivak.be\/fr\/#website\"},\"primaryImageOfPage\":{\"@id\":\"https:\/\/www.praktivak.be\/fr\/produit\/diodelaser-ice-xt-1600-watt-tri-wave-piece-a-main-luxe\/#primaryimage\"},\"image\":{\"@id\":\"https:\/\/www.praktivak.be\/fr\/produit\/diodelaser-ice-xt-1600-watt-tri-wave-piece-a-main-luxe\/#primaryimage\"},\"thumbnailUrl\":\"https:\/\/www.praktivak.be\/wp-content\/uploads\/2025\/09\/CL022-1600TWL-2.jpg\",\"datePublished\":\"2025-05-13T21:18:20+00:00\",\"dateModified\":\"2026-02-01T15:32:29+00:00\",\"breadcrumb\":{\"@id\":\"https:\/\/www.praktivak.be\/fr\/produit\/diodelaser-ice-xt-1600-watt-tri-wave-piece-a-main-luxe\/#breadcrumb\"},\"inLanguage\":\"fr-FR\",\"potentialAction\":[{\"@type\":\"ReadAction\",\"target\":[\"https:\/\/www.praktivak.be\/fr\/produit\/diodelaser-ice-xt-1600-watt-tri-wave-piece-a-main-luxe\/\"]}]},{\"@type\":\"ImageObject\",\"inLanguage\":\"fr-FR\",\"@id\":\"https:\/\/www.praktivak.be\/fr\/produit\/diodelaser-ice-xt-1600-watt-tri-wave-piece-a-main-luxe\/#primaryimage\",\"url\":\"https:\/\/www.praktivak.be\/wp-content\/uploads\/2025\/09\/CL022-1600TWL-2.jpg\",\"contentUrl\":\"https:\/\/www.praktivak.be\/wp-content\/uploads\/2025\/09\/CL022-1600TWL-2.jpg\",\"width\":853,\"height\":1000},{\"@type\":\"BreadcrumbList\",\"@id\":\"https:\/\/www.praktivak.be\/fr\/produit\/diodelaser-ice-xt-1600-watt-tri-wave-piece-a-main-luxe\/#breadcrumb\",\"itemListElement\":[{\"@type\":\"ListItem\",\"position\":1,\"name\":\"Home\",\"item\":\"https:\/\/www.praktivak.be\/fr\/\"},{\"@type\":\"ListItem\",\"position\":2,\"name\":\"Boutique\",\"item\":\"https:\/\/www.praktivak.be\/fr\/boutique\/\"},{\"@type\":\"ListItem\",\"position\":3,\"name\":\"Diodelaser ICE+ XT 1600 Watt Tri-Wave + pi\u00e8ce \u00e0 main Luxe\"}]},{\"@type\":\"WebSite\",\"@id\":\"https:\/\/www.praktivak.be\/fr\/#website\",\"url\":\"https:\/\/www.praktivak.be\/fr\/\",\"name\":\"Praktivak\",\"description\":\"\",\"publisher\":{\"@id\":\"https:\/\/www.praktivak.be\/fr\/#organization\"},\"potentialAction\":[{\"@type\":\"SearchAction\",\"target\":{\"@type\":\"EntryPoint\",\"urlTemplate\":\"https:\/\/www.praktivak.be\/fr\/?s={search_term_string}\"},\"query-input\":{\"@type\":\"PropertyValueSpecification\",\"valueRequired\":true,\"valueName\":\"search_term_string\"}}],\"inLanguage\":\"fr-FR\"},{\"@type\":\"Organization\",\"@id\":\"https:\/\/www.praktivak.be\/fr\/#organization\",\"name\":\"Praktivak\",\"url\":\"https:\/\/www.praktivak.be\/fr\/\",\"logo\":{\"@type\":\"ImageObject\",\"inLanguage\":\"fr-FR\",\"@id\":\"https:\/\/www.praktivak.be\/fr\/#\/schema\/logo\/image\/\",\"url\":\"https:\/\/www.praktivak.be\/wp-content\/uploads\/2024\/09\/Logo.png\",\"contentUrl\":\"https:\/\/www.praktivak.be\/wp-content\/uploads\/2024\/09\/Logo.png\",\"width\":1774,\"height\":337,\"caption\":\"Praktivak\"},\"image\":{\"@id\":\"https:\/\/www.praktivak.be\/fr\/#\/schema\/logo\/image\/\"}}]}<\/script>\n<!-- \/ Yoast SEO plugin. -->","yoast_head_json":{"title":"Diodelaser ICE+ XT 1600 Watt Tri-Wave + pi\u00e8ce \u00e0 main Luxe - Praktivak","robots":{"index":"index","follow":"follow","max-snippet":"max-snippet:-1","max-image-preview":"max-image-preview:large","max-video-preview":"max-video-preview:-1"},"canonical":"https:\/\/www.praktivak.be\/fr\/produit\/diodelaser-ice-xt-1600-watt-tri-wave-piece-a-main-luxe\/","og_locale":"fr_FR","og_type":"article","og_title":"Diodelaser ICE+ XT 1600 Watt Tri-Wave + pi\u00e8ce \u00e0 main Luxe - Praktivak","og_description":"Le Bowie Diode Laser ICE+XT 1200 avec technologie TripleWave est l&rsquo;un des lasers d&rsquo;&eacute;pilation les plus avanc&eacute;s du moment. Pi&egrave;ce &agrave; main &eacute;cran LED pour Diodelaser ICE+ XT 1600 Watt 808nm Spotsize: 15x30mm Ce laser &agrave; diode a une puissance de travail tr&egrave;s puissante, allant jusqu&rsquo;&agrave; 120 Joule\/cm2 &agrave; 1200 watts sur un spot de &hellip; Continuer la lecture \"Diodelaser ICE+ XT 1600 Watt Tri-Wave + pi\u00e8ce \u00e0 main Luxe\"","og_url":"https:\/\/www.praktivak.be\/fr\/produit\/diodelaser-ice-xt-1600-watt-tri-wave-piece-a-main-luxe\/","og_site_name":"Praktivak","article_modified_time":"2026-02-01T15:32:29+00:00","og_image":[{"width":853,"height":1000,"url":"https:\/\/www.praktivak.be\/wp-content\/uploads\/2025\/09\/CL022-1600TWL-2.jpg","type":"image\/jpeg"}],"twitter_card":"summary_large_image","twitter_misc":{"Dur\u00e9e de lecture estim\u00e9e":"3 minutes"},"schema":{"@context":"https:\/\/schema.org","@graph":[{"@type":"WebPage","@id":"https:\/\/www.praktivak.be\/fr\/produit\/diodelaser-ice-xt-1600-watt-tri-wave-piece-a-main-luxe\/","url":"https:\/\/www.praktivak.be\/fr\/produit\/diodelaser-ice-xt-1600-watt-tri-wave-piece-a-main-luxe\/","name":"Diodelaser ICE+ XT 1600 Watt Tri-Wave + pi\u00e8ce \u00e0 main Luxe - Praktivak","isPartOf":{"@id":"https:\/\/www.praktivak.be\/fr\/#website"},"primaryImageOfPage":{"@id":"https:\/\/www.praktivak.be\/fr\/produit\/diodelaser-ice-xt-1600-watt-tri-wave-piece-a-main-luxe\/#primaryimage"},"image":{"@id":"https:\/\/www.praktivak.be\/fr\/produit\/diodelaser-ice-xt-1600-watt-tri-wave-piece-a-main-luxe\/#primaryimage"},"thumbnailUrl":"https:\/\/www.praktivak.be\/wp-content\/uploads\/2025\/09\/CL022-1600TWL-2.jpg","datePublished":"2025-05-13T21:18:20+00:00","dateModified":"2026-02-01T15:32:29+00:00","breadcrumb":{"@id":"https:\/\/www.praktivak.be\/fr\/produit\/diodelaser-ice-xt-1600-watt-tri-wave-piece-a-main-luxe\/#breadcrumb"},"inLanguage":"fr-FR","potentialAction":[{"@type":"ReadAction","target":["https:\/\/www.praktivak.be\/fr\/produit\/diodelaser-ice-xt-1600-watt-tri-wave-piece-a-main-luxe\/"]}]},{"@type":"ImageObject","inLanguage":"fr-FR","@id":"https:\/\/www.praktivak.be\/fr\/produit\/diodelaser-ice-xt-1600-watt-tri-wave-piece-a-main-luxe\/#primaryimage","url":"https:\/\/www.praktivak.be\/wp-content\/uploads\/2025\/09\/CL022-1600TWL-2.jpg","contentUrl":"https:\/\/www.praktivak.be\/wp-content\/uploads\/2025\/09\/CL022-1600TWL-2.jpg","width":853,"height":1000},{"@type":"BreadcrumbList","@id":"https:\/\/www.praktivak.be\/fr\/produit\/diodelaser-ice-xt-1600-watt-tri-wave-piece-a-main-luxe\/#breadcrumb","itemListElement":[{"@type":"ListItem","position":1,"name":"Home","item":"https:\/\/www.praktivak.be\/fr\/"},{"@type":"ListItem","position":2,"name":"Boutique","item":"https:\/\/www.praktivak.be\/fr\/boutique\/"},{"@type":"ListItem","position":3,"name":"Diodelaser ICE+ XT 1600 Watt Tri-Wave + pi\u00e8ce \u00e0 main Luxe"}]},{"@type":"WebSite","@id":"https:\/\/www.praktivak.be\/fr\/#website","url":"https:\/\/www.praktivak.be\/fr\/","name":"Praktivak","description":"","publisher":{"@id":"https:\/\/www.praktivak.be\/fr\/#organization"},"potentialAction":[{"@type":"SearchAction","target":{"@type":"EntryPoint","urlTemplate":"https:\/\/www.praktivak.be\/fr\/?s={search_term_string}"},"query-input":{"@type":"PropertyValueSpecification","valueRequired":true,"valueName":"search_term_string"}}],"inLanguage":"fr-FR"},{"@type":"Organization","@id":"https:\/\/www.praktivak.be\/fr\/#organization","name":"Praktivak","url":"https:\/\/www.praktivak.be\/fr\/","logo":{"@type":"ImageObject","inLanguage":"fr-FR","@id":"https:\/\/www.praktivak.be\/fr\/#\/schema\/logo\/image\/","url":"https:\/\/www.praktivak.be\/wp-content\/uploads\/2024\/09\/Logo.png","contentUrl":"https:\/\/www.praktivak.be\/wp-content\/uploads\/2024\/09\/Logo.png","width":1774,"height":337,"caption":"Praktivak"},"image":{"@id":"https:\/\/www.praktivak.be\/fr\/#\/schema\/logo\/image\/"}}]}},"featured_img":"https:\/\/www.praktivak.be\/wp-content\/uploads\/2025\/09\/CL022-1600TWL-2.jpg","coauthors":[],"author_meta":{"author_link":"https:\/\/www.praktivak.be\/fr\/author\/madeit\/","display_name":"Tjebbe Lievens"},"relative_dates":{"created":"Publi\u00e9 11 mois il y a","modified":"Mis \u00e0 jour 2 mois il y a"},"absolute_dates":{"created":"Publi\u00e9 le 13 mai 2025","modified":"Mise \u00e0 jour le 1 f\u00e9vrier 2026"},"absolute_dates_time":{"created":"Publi\u00e9 le 13 mai 2025 23h18","modified":"Mise \u00e0 jour le 1 f\u00e9vrier 2026 16h32"},"featured_img_caption":"","tax_additional":{"product_brand":{"linked":[],"unlinked":[],"slug":"product_brand","name":"Marques"},"product_type":{"linked":["<a href=\"https:\/\/www.praktivak.be\/fr\/?taxonomy=product_type&#038;term=simple\" class=\"advgb-post-tax-term\">simple<\/a>"],"unlinked":["<span class=\"advgb-post-tax-term\">simple<\/span>"],"slug":"product_type","name":"Type de produit"},"product_visibility":{"linked":[],"unlinked":[],"slug":"product_visibility","name":"Visibilit\u00e9 du produit"},"product_cat":{"linked":["<a href=\"https:\/\/www.praktivak.be\/fr\/categorie-de-produit\/esthetische-apparatuur-fr\/specialistische-apparatuur-esthetische-apparatuur-fr\/epilation\/laser-fr\/apparatuur-laser-fr\/\" class=\"advgb-post-tax-term\">Appareils<\/a>"],"unlinked":["<span class=\"advgb-post-tax-term\">Appareils<\/span>"],"slug":"product_cat","name":"Cat\u00e9gories de produits"},"product_tag":{"linked":[],"unlinked":[],"slug":"product_tag","name":"\u00c9tiquettes produit"},"product_shipping_class":{"linked":[],"unlinked":[],"slug":"product_shipping_class","name":"Classe d\u2019exp\u00e9dition du produit"},"pos_product_visibility":{"linked":[],"unlinked":[],"slug":"pos_product_visibility","name":"Visibilit\u00e9 du produit sur le point de vente"},"translation_priority":{"linked":[],"unlinked":[],"slug":"translation_priority","name":"Priorit\u00e9s de traduction"}},"series_order":"","_links":{"self":[{"href":"https:\/\/www.praktivak.be\/fr\/wp-json\/wp\/v2\/product\/47579","targetHints":{"allow":["GET"]}}],"collection":[{"href":"https:\/\/www.praktivak.be\/fr\/wp-json\/wp\/v2\/product"}],"about":[{"href":"https:\/\/www.praktivak.be\/fr\/wp-json\/wp\/v2\/types\/product"}],"version-history":[{"count":113,"href":"https:\/\/www.praktivak.be\/fr\/wp-json\/wp\/v2\/product\/47579\/revisions"}],"predecessor-version":[{"id":343099,"href":"https:\/\/www.praktivak.be\/fr\/wp-json\/wp\/v2\/product\/47579\/revisions\/343099"}],"wp:featuredmedia":[{"embeddable":true,"href":"https:\/\/www.praktivak.be\/fr\/wp-json\/wp\/v2\/media\/288462"}],"wp:attachment":[{"href":"https:\/\/www.praktivak.be\/fr\/wp-json\/wp\/v2\/media?parent=47579"}],"wp:term":[{"taxonomy":"product_brand","embeddable":true,"href":"https:\/\/www.praktivak.be\/fr\/wp-json\/wp\/v2\/product_brand?post=47579"},{"taxonomy":"product_cat","embeddable":true,"href":"https:\/\/www.praktivak.be\/fr\/wp-json\/wp\/v2\/product_cat?post=47579"},{"taxonomy":"product_tag","embeddable":true,"href":"https:\/\/www.praktivak.be\/fr\/wp-json\/wp\/v2\/product_tag?post=47579"}],"curies":[{"name":"wp","href":"https:\/\/api.w.org\/{rel}","templated":true}]}}