

{"id":47443,"date":"2025-05-13T23:14:29","date_gmt":"2025-05-13T21:14:29","guid":{"rendered":"https:\/\/www.praktivak.be\/product\/hifu-system-dynamic-3d-matrix-vmax\/"},"modified":"2026-02-01T16:28:35","modified_gmt":"2026-02-01T15:28:35","slug":"hifu-system-dynamic-3d-matrix-vmax","status":"publish","type":"product","link":"https:\/\/www.praktivak.be\/fr\/produit\/hifu-system-dynamic-3d-matrix-vmax\/","title":{"rendered":"HIFU System Dynamic 3D Matrix + Vmax"},"content":{"rendered":"\n<p>\nLe syst&egrave;me HIFU Dynamic est un syst&egrave;me HIFU avanc&eacute; et performant qui permet d&rsquo;obtenir les meilleurs r&eacute;sultats.<\/p>\n\n\n<p>\nLa plateforme HIFU Dynamic peut &ecirc;tre &eacute;quip&eacute;e en option de toutes les techniques HIFU connues telles que :<\/p>\n\n<p>\n* HIFU &agrave; matrice 3D<\/p>\n\n<p>\n* 1D line HIFU<\/p>\n\n<p>\n* 7D line HIFU<\/p>\n\n<p>\n* Vmax point HIFU<\/p>\n\n<p>\n* Liposonic body HIFU<\/p>\n\n<p>\nCe HIFU Dynamic 3D matrix + Vmax comporte 2 pi&egrave;ces &agrave; main :<\/p>\n<p>\n* 1 pi&egrave;ce &agrave; main avec technologie matricielle 3D<\/p>\n<p>\n* 1 pi&egrave;ce &agrave; main avec technologie Vmax dot<\/p>\n\n<p>\nNous pouvons &eacute;galement fournir des versions avec plus de combinaisons et d&rsquo;autres combinaisons sur demande.<\/p>\n\n<p>\nLe syst&egrave;me Dynamic 3D est fourni en standard avec 3 cartouches pour chaque pi&egrave;ce &agrave; main :<\/p>\n<p>\n* pour la matrice 3D : 1,5 mm &ndash; 3,0 mm &amp; 4,5 mm.<\/p>\n<p>\n* pour le point Vmax : 1.5mm &ndash; 3.0mm &amp; 4.5mm<\/p>\n\n<p>\nPour le syst&egrave;me de matrice 3D, un total de 8 diff&eacute;rents sont disponibles.<\/p>\n<p>\nPour le syst&egrave;me de points Vmax, un total de 3 cartouches est disponible.<\/p>\n\n<p>\nHIFU signifie High Intensity Focused Ultrasound (ultrasons focalis&eacute;s de haute intensit&eacute;). Dans ce traitement, des impulsions d&rsquo;&eacute;nergie ultrasonique intense sont d&eacute;livr&eacute;es dans les couches profondes de la peau, stimulant ainsi la production de collag&egrave;ne. Les impulsions d&eacute;livr&eacute;es consistent en des vibrations sonores qui p&eacute;n&egrave;trent dans les trois couches diff&eacute;rentes et donc plus profondes de la peau, tout en laissant intacte la couche sup&eacute;rieure de la peau. Les vibrations sonores &agrave; haute fr&eacute;quence produisent de l&rsquo;&eacute;nergie, qui est convertie en chaleur dans la peau. Cette chaleur remplit la peau de nouveaux tissus, affinant les rides et resserrant la peau. Les ultrasons favorisent la production naturelle de collag&egrave;ne dans la peau. Cela am&eacute;liorera et raffermira la peau. L&rsquo;effet de lifting sera progressif et durable !<\/p>\n\n\n<p>\nR&eacute;sultats :<\/p>\n<p>\nUn seul traitement suffit pour stimuler la production de collag&egrave;ne. Les r&eacute;sultats du traitement deviennent visibles apr&egrave;s environ 2 &agrave; 3 mois, l&rsquo;am&eacute;lioration peut m&ecirc;me s&rsquo;accentuer jusqu&rsquo;&agrave; 6 mois apr&egrave;s le traitement et durer longtemps. Pour des r&eacute;sultats encore meilleurs, il est possible de r&eacute;p&eacute;ter le traitement.<\/p>\n\n<p>\nLes zones suivantes peuvent &ecirc;tre trait&eacute;es :<\/p>\n<p>\n* front et sourcils<\/p>\n<p>\n* pattes d&rsquo;oie<\/p>\n<p>\n* joues et m&acirc;choire<\/p>\n<p>\n* sillon nasog&eacute;nien<\/p>\n<p>\n* Cou et poitrine<\/p>\n<p>\n* Ventre et dos<\/p>\n<p>\n* jambes et fesses<\/p>\n\n","protected":false},"excerpt":{"rendered":"<p>Le syst&egrave;me HIFU Dynamic est un syst&egrave;me HIFU avanc&eacute; et performant qui permet d&rsquo;obtenir les meilleurs r&eacute;sultats. La plateforme HIFU Dynamic peut &ecirc;tre &eacute;quip&eacute;e en option de toutes les techniques HIFU connues telles que : * HIFU &agrave; matrice 3D * 1D line HIFU * 7D line HIFU * Vmax point HIFU * Liposonic body &hellip; <\/p>\n<p class=\"link-more\"><a href=\"https:\/\/www.praktivak.be\/fr\/produit\/hifu-system-dynamic-3d-matrix-vmax\/\" class=\"more-link\">Continuer la lecture<span class=\"screen-reader-text\"> \u00ab\u00a0HIFU System Dynamic 3D Matrix + Vmax\u00a0\u00bb<\/span><\/a><\/p>\n","protected":false},"author":1,"featured_media":293425,"template":"","meta":{"_acf_changed":false,"_relevanssi_hide_post":"","_relevanssi_hide_content":"","_relevanssi_pin_for_all":"","_relevanssi_pin_keywords":"","_relevanssi_unpin_keywords":"","_relevanssi_related_keywords":"","_relevanssi_related_include_ids":"","_relevanssi_related_exclude_ids":"","_relevanssi_related_no_append":"","_relevanssi_related_not_related":"","_relevanssi_related_posts":"","_relevanssi_noindex_reason":"","advgb_blocks_editor_width":"","advgb_blocks_columns_visual_guide":"","footnotes":""},"product_brand":[],"product_cat":[2061],"product_tag":[],"class_list":{"0":"post-47443","1":"product","2":"type-product","3":"status-publish","4":"has-post-thumbnail","6":"product_cat-hifu-lifting-fr","8":"first","9":"instock","10":"taxable","11":"shipping-taxable","12":"product-type-simple"},"acf":[],"yoast_head":"<!-- This site is optimized with the Yoast SEO plugin v27.2 - https:\/\/yoast.com\/product\/yoast-seo-wordpress\/ -->\n<title>HIFU System Dynamic 3D Matrix + Vmax - Praktivak<\/title>\n<meta name=\"robots\" content=\"index, follow, max-snippet:-1, max-image-preview:large, max-video-preview:-1\" \/>\n<link rel=\"canonical\" href=\"https:\/\/www.praktivak.be\/fr\/produit\/hifu-system-dynamic-3d-matrix-vmax\/\" \/>\n<meta property=\"og:locale\" content=\"fr_FR\" \/>\n<meta property=\"og:type\" content=\"article\" \/>\n<meta property=\"og:title\" content=\"HIFU System Dynamic 3D Matrix + Vmax - Praktivak\" \/>\n<meta property=\"og:description\" content=\"Le syst&egrave;me HIFU Dynamic est un syst&egrave;me HIFU avanc&eacute; et performant qui permet d&rsquo;obtenir les meilleurs r&eacute;sultats. La plateforme HIFU Dynamic peut &ecirc;tre &eacute;quip&eacute;e en option de toutes les techniques HIFU connues telles que : * HIFU &agrave; matrice 3D * 1D line HIFU * 7D line HIFU * Vmax point HIFU * Liposonic body &hellip; Continuer la lecture &quot;HIFU System Dynamic 3D Matrix + Vmax&quot;\" \/>\n<meta property=\"og:url\" content=\"https:\/\/www.praktivak.be\/fr\/produit\/hifu-system-dynamic-3d-matrix-vmax\/\" \/>\n<meta property=\"og:site_name\" content=\"Praktivak\" \/>\n<meta property=\"article:modified_time\" content=\"2026-02-01T15:28:35+00:00\" \/>\n<meta property=\"og:image\" content=\"https:\/\/www.praktivak.be\/wp-content\/uploads\/2025\/09\/B1225-2.jpg\" \/>\n\t<meta property=\"og:image:width\" content=\"533\" \/>\n\t<meta property=\"og:image:height\" content=\"449\" \/>\n\t<meta property=\"og:image:type\" content=\"image\/jpeg\" \/>\n<meta name=\"twitter:card\" content=\"summary_large_image\" \/>\n<meta name=\"twitter:label1\" content=\"Dur\u00e9e de lecture estim\u00e9e\" \/>\n\t<meta name=\"twitter:data1\" content=\"2 minutes\" \/>\n<script type=\"application\/ld+json\" class=\"yoast-schema-graph\">{\"@context\":\"https:\/\/schema.org\",\"@graph\":[{\"@type\":\"WebPage\",\"@id\":\"https:\/\/www.praktivak.be\/fr\/produit\/hifu-system-dynamic-3d-matrix-vmax\/\",\"url\":\"https:\/\/www.praktivak.be\/fr\/produit\/hifu-system-dynamic-3d-matrix-vmax\/\",\"name\":\"HIFU System Dynamic 3D Matrix + Vmax - Praktivak\",\"isPartOf\":{\"@id\":\"https:\/\/www.praktivak.be\/fr\/#website\"},\"primaryImageOfPage\":{\"@id\":\"https:\/\/www.praktivak.be\/fr\/produit\/hifu-system-dynamic-3d-matrix-vmax\/#primaryimage\"},\"image\":{\"@id\":\"https:\/\/www.praktivak.be\/fr\/produit\/hifu-system-dynamic-3d-matrix-vmax\/#primaryimage\"},\"thumbnailUrl\":\"https:\/\/www.praktivak.be\/wp-content\/uploads\/2025\/09\/B1225-2.jpg\",\"datePublished\":\"2025-05-13T21:14:29+00:00\",\"dateModified\":\"2026-02-01T15:28:35+00:00\",\"breadcrumb\":{\"@id\":\"https:\/\/www.praktivak.be\/fr\/produit\/hifu-system-dynamic-3d-matrix-vmax\/#breadcrumb\"},\"inLanguage\":\"fr-FR\",\"potentialAction\":[{\"@type\":\"ReadAction\",\"target\":[\"https:\/\/www.praktivak.be\/fr\/produit\/hifu-system-dynamic-3d-matrix-vmax\/\"]}]},{\"@type\":\"ImageObject\",\"inLanguage\":\"fr-FR\",\"@id\":\"https:\/\/www.praktivak.be\/fr\/produit\/hifu-system-dynamic-3d-matrix-vmax\/#primaryimage\",\"url\":\"https:\/\/www.praktivak.be\/wp-content\/uploads\/2025\/09\/B1225-2.jpg\",\"contentUrl\":\"https:\/\/www.praktivak.be\/wp-content\/uploads\/2025\/09\/B1225-2.jpg\",\"width\":533,\"height\":449},{\"@type\":\"BreadcrumbList\",\"@id\":\"https:\/\/www.praktivak.be\/fr\/produit\/hifu-system-dynamic-3d-matrix-vmax\/#breadcrumb\",\"itemListElement\":[{\"@type\":\"ListItem\",\"position\":1,\"name\":\"Home\",\"item\":\"https:\/\/www.praktivak.be\/fr\/\"},{\"@type\":\"ListItem\",\"position\":2,\"name\":\"Boutique\",\"item\":\"https:\/\/www.praktivak.be\/fr\/boutique\/\"},{\"@type\":\"ListItem\",\"position\":3,\"name\":\"HIFU System Dynamic 3D Matrix + Vmax\"}]},{\"@type\":\"WebSite\",\"@id\":\"https:\/\/www.praktivak.be\/fr\/#website\",\"url\":\"https:\/\/www.praktivak.be\/fr\/\",\"name\":\"Praktivak\",\"description\":\"\",\"publisher\":{\"@id\":\"https:\/\/www.praktivak.be\/fr\/#organization\"},\"potentialAction\":[{\"@type\":\"SearchAction\",\"target\":{\"@type\":\"EntryPoint\",\"urlTemplate\":\"https:\/\/www.praktivak.be\/fr\/?s={search_term_string}\"},\"query-input\":{\"@type\":\"PropertyValueSpecification\",\"valueRequired\":true,\"valueName\":\"search_term_string\"}}],\"inLanguage\":\"fr-FR\"},{\"@type\":\"Organization\",\"@id\":\"https:\/\/www.praktivak.be\/fr\/#organization\",\"name\":\"Praktivak\",\"url\":\"https:\/\/www.praktivak.be\/fr\/\",\"logo\":{\"@type\":\"ImageObject\",\"inLanguage\":\"fr-FR\",\"@id\":\"https:\/\/www.praktivak.be\/fr\/#\/schema\/logo\/image\/\",\"url\":\"https:\/\/www.praktivak.be\/wp-content\/uploads\/2024\/09\/Logo.png\",\"contentUrl\":\"https:\/\/www.praktivak.be\/wp-content\/uploads\/2024\/09\/Logo.png\",\"width\":1774,\"height\":337,\"caption\":\"Praktivak\"},\"image\":{\"@id\":\"https:\/\/www.praktivak.be\/fr\/#\/schema\/logo\/image\/\"}}]}<\/script>\n<!-- \/ Yoast SEO plugin. -->","yoast_head_json":{"title":"HIFU System Dynamic 3D Matrix + Vmax - Praktivak","robots":{"index":"index","follow":"follow","max-snippet":"max-snippet:-1","max-image-preview":"max-image-preview:large","max-video-preview":"max-video-preview:-1"},"canonical":"https:\/\/www.praktivak.be\/fr\/produit\/hifu-system-dynamic-3d-matrix-vmax\/","og_locale":"fr_FR","og_type":"article","og_title":"HIFU System Dynamic 3D Matrix + Vmax - Praktivak","og_description":"Le syst&egrave;me HIFU Dynamic est un syst&egrave;me HIFU avanc&eacute; et performant qui permet d&rsquo;obtenir les meilleurs r&eacute;sultats. La plateforme HIFU Dynamic peut &ecirc;tre &eacute;quip&eacute;e en option de toutes les techniques HIFU connues telles que : * HIFU &agrave; matrice 3D * 1D line HIFU * 7D line HIFU * Vmax point HIFU * Liposonic body &hellip; Continuer la lecture \"HIFU System Dynamic 3D Matrix + Vmax\"","og_url":"https:\/\/www.praktivak.be\/fr\/produit\/hifu-system-dynamic-3d-matrix-vmax\/","og_site_name":"Praktivak","article_modified_time":"2026-02-01T15:28:35+00:00","og_image":[{"width":533,"height":449,"url":"https:\/\/www.praktivak.be\/wp-content\/uploads\/2025\/09\/B1225-2.jpg","type":"image\/jpeg"}],"twitter_card":"summary_large_image","twitter_misc":{"Dur\u00e9e de lecture estim\u00e9e":"2 minutes"},"schema":{"@context":"https:\/\/schema.org","@graph":[{"@type":"WebPage","@id":"https:\/\/www.praktivak.be\/fr\/produit\/hifu-system-dynamic-3d-matrix-vmax\/","url":"https:\/\/www.praktivak.be\/fr\/produit\/hifu-system-dynamic-3d-matrix-vmax\/","name":"HIFU System Dynamic 3D Matrix + Vmax - Praktivak","isPartOf":{"@id":"https:\/\/www.praktivak.be\/fr\/#website"},"primaryImageOfPage":{"@id":"https:\/\/www.praktivak.be\/fr\/produit\/hifu-system-dynamic-3d-matrix-vmax\/#primaryimage"},"image":{"@id":"https:\/\/www.praktivak.be\/fr\/produit\/hifu-system-dynamic-3d-matrix-vmax\/#primaryimage"},"thumbnailUrl":"https:\/\/www.praktivak.be\/wp-content\/uploads\/2025\/09\/B1225-2.jpg","datePublished":"2025-05-13T21:14:29+00:00","dateModified":"2026-02-01T15:28:35+00:00","breadcrumb":{"@id":"https:\/\/www.praktivak.be\/fr\/produit\/hifu-system-dynamic-3d-matrix-vmax\/#breadcrumb"},"inLanguage":"fr-FR","potentialAction":[{"@type":"ReadAction","target":["https:\/\/www.praktivak.be\/fr\/produit\/hifu-system-dynamic-3d-matrix-vmax\/"]}]},{"@type":"ImageObject","inLanguage":"fr-FR","@id":"https:\/\/www.praktivak.be\/fr\/produit\/hifu-system-dynamic-3d-matrix-vmax\/#primaryimage","url":"https:\/\/www.praktivak.be\/wp-content\/uploads\/2025\/09\/B1225-2.jpg","contentUrl":"https:\/\/www.praktivak.be\/wp-content\/uploads\/2025\/09\/B1225-2.jpg","width":533,"height":449},{"@type":"BreadcrumbList","@id":"https:\/\/www.praktivak.be\/fr\/produit\/hifu-system-dynamic-3d-matrix-vmax\/#breadcrumb","itemListElement":[{"@type":"ListItem","position":1,"name":"Home","item":"https:\/\/www.praktivak.be\/fr\/"},{"@type":"ListItem","position":2,"name":"Boutique","item":"https:\/\/www.praktivak.be\/fr\/boutique\/"},{"@type":"ListItem","position":3,"name":"HIFU System Dynamic 3D Matrix + Vmax"}]},{"@type":"WebSite","@id":"https:\/\/www.praktivak.be\/fr\/#website","url":"https:\/\/www.praktivak.be\/fr\/","name":"Praktivak","description":"","publisher":{"@id":"https:\/\/www.praktivak.be\/fr\/#organization"},"potentialAction":[{"@type":"SearchAction","target":{"@type":"EntryPoint","urlTemplate":"https:\/\/www.praktivak.be\/fr\/?s={search_term_string}"},"query-input":{"@type":"PropertyValueSpecification","valueRequired":true,"valueName":"search_term_string"}}],"inLanguage":"fr-FR"},{"@type":"Organization","@id":"https:\/\/www.praktivak.be\/fr\/#organization","name":"Praktivak","url":"https:\/\/www.praktivak.be\/fr\/","logo":{"@type":"ImageObject","inLanguage":"fr-FR","@id":"https:\/\/www.praktivak.be\/fr\/#\/schema\/logo\/image\/","url":"https:\/\/www.praktivak.be\/wp-content\/uploads\/2024\/09\/Logo.png","contentUrl":"https:\/\/www.praktivak.be\/wp-content\/uploads\/2024\/09\/Logo.png","width":1774,"height":337,"caption":"Praktivak"},"image":{"@id":"https:\/\/www.praktivak.be\/fr\/#\/schema\/logo\/image\/"}}]}},"featured_img":"https:\/\/www.praktivak.be\/wp-content\/uploads\/2025\/09\/B1225-2.jpg","coauthors":[],"author_meta":{"author_link":"https:\/\/www.praktivak.be\/fr\/author\/madeit\/","display_name":"Tjebbe Lievens"},"relative_dates":{"created":"Publi\u00e9 11 mois il y a","modified":"Mis \u00e0 jour 2 mois il y a"},"absolute_dates":{"created":"Publi\u00e9 le 13 mai 2025","modified":"Mise \u00e0 jour le 1 f\u00e9vrier 2026"},"absolute_dates_time":{"created":"Publi\u00e9 le 13 mai 2025 23h14","modified":"Mise \u00e0 jour le 1 f\u00e9vrier 2026 16h28"},"featured_img_caption":"","tax_additional":{"product_brand":{"linked":[],"unlinked":[],"slug":"product_brand","name":"Marques"},"product_type":{"linked":["<a href=\"https:\/\/www.praktivak.be\/fr\/?taxonomy=product_type&#038;term=simple\" class=\"advgb-post-tax-term\">simple<\/a>"],"unlinked":["<span class=\"advgb-post-tax-term\">simple<\/span>"],"slug":"product_type","name":"Type de produit"},"product_visibility":{"linked":[],"unlinked":[],"slug":"product_visibility","name":"Visibilit\u00e9 du produit"},"product_cat":{"linked":["<a href=\"https:\/\/www.praktivak.be\/fr\/categorie-de-produit\/esthetische-apparatuur-fr\/specialistische-apparatuur-esthetische-apparatuur-fr\/hifu-lifting-fr\/\" class=\"advgb-post-tax-term\">HIFU Lifting<\/a>"],"unlinked":["<span class=\"advgb-post-tax-term\">HIFU Lifting<\/span>"],"slug":"product_cat","name":"Cat\u00e9gories de produits"},"product_tag":{"linked":[],"unlinked":[],"slug":"product_tag","name":"\u00c9tiquettes produit"},"product_shipping_class":{"linked":[],"unlinked":[],"slug":"product_shipping_class","name":"Classe d\u2019exp\u00e9dition du produit"},"pos_product_visibility":{"linked":[],"unlinked":[],"slug":"pos_product_visibility","name":"Visibilit\u00e9 du produit sur le point de vente"},"translation_priority":{"linked":[],"unlinked":[],"slug":"translation_priority","name":"Priorit\u00e9s de traduction"}},"series_order":"","_links":{"self":[{"href":"https:\/\/www.praktivak.be\/fr\/wp-json\/wp\/v2\/product\/47443","targetHints":{"allow":["GET"]}}],"collection":[{"href":"https:\/\/www.praktivak.be\/fr\/wp-json\/wp\/v2\/product"}],"about":[{"href":"https:\/\/www.praktivak.be\/fr\/wp-json\/wp\/v2\/types\/product"}],"version-history":[{"count":93,"href":"https:\/\/www.praktivak.be\/fr\/wp-json\/wp\/v2\/product\/47443\/revisions"}],"predecessor-version":[{"id":342694,"href":"https:\/\/www.praktivak.be\/fr\/wp-json\/wp\/v2\/product\/47443\/revisions\/342694"}],"wp:featuredmedia":[{"embeddable":true,"href":"https:\/\/www.praktivak.be\/fr\/wp-json\/wp\/v2\/media\/293425"}],"wp:attachment":[{"href":"https:\/\/www.praktivak.be\/fr\/wp-json\/wp\/v2\/media?parent=47443"}],"wp:term":[{"taxonomy":"product_brand","embeddable":true,"href":"https:\/\/www.praktivak.be\/fr\/wp-json\/wp\/v2\/product_brand?post=47443"},{"taxonomy":"product_cat","embeddable":true,"href":"https:\/\/www.praktivak.be\/fr\/wp-json\/wp\/v2\/product_cat?post=47443"},{"taxonomy":"product_tag","embeddable":true,"href":"https:\/\/www.praktivak.be\/fr\/wp-json\/wp\/v2\/product_tag?post=47443"}],"curies":[{"name":"wp","href":"https:\/\/api.w.org\/{rel}","templated":true}]}}