

{"id":47433,"date":"2025-05-13T23:14:15","date_gmt":"2025-05-13T21:14:15","guid":{"rendered":"https:\/\/www.praktivak.be\/product\/behandelstoel-roma-met-4-motoren\/"},"modified":"2026-02-01T16:36:10","modified_gmt":"2026-02-01T15:36:10","slug":"fauteuil-de-soins-roma-avec-4-moteurs","status":"publish","type":"product","link":"https:\/\/www.praktivak.be\/fr\/produit\/fauteuil-de-soins-roma-avec-4-moteurs\/","title":{"rendered":"Fauteuil de soins Roma avec 4 moteurs"},"content":{"rendered":"\n<p>\nFauteuil de traitement multifonctionnel de qualit&eacute;, fabriqu&eacute; en Italie, avec 4 moteurs pour r&eacute;gler la hauteur, l&rsquo;inclinaison, le repose-jambes et le dossier. L&rsquo;appui-t&ecirc;te est &eacute;galement r&eacute;glable.  Ce magnifique fauteuil de soins se pr&ecirc;te &agrave; toutes sortes de traitements.<\/p>\n\n<p>\nAvec ses coussins extra-souples (deux couches), le ROMA offre un confort d&rsquo;assise parfait &agrave; long terme.  Rembourrage de qualit&eacute; disponible en plusieurs couleurs.  <\/p>\n<p>\nBase compacte et stable.<\/p>\n\n<p>\nLa chaise est mobile gr&acirc;ce &agrave; des roulettes escamotables.<\/p>\n\n<p>\nOptions :<\/p>\n<p>\n&ndash; Accoudoirs (synchronis&eacute;s avec le mouvement du dossier et rembourr&eacute;s des deux c&ocirc;t&eacute;s)<\/p>\n<p>\n&ndash; M&eacute;moire (sur commande &agrave; main)<\/p>\n<p>\n&ndash; Commande au pied sans fil avec positions m&eacute;moris&eacute;es<\/p>\n<p>\n&ndash; Batterie (continue de fonctionner en cas de coupure de courant)<\/p>\n<p>\n&ndash; Chauffage, r&eacute;glable en trois zones<\/p>\n<p>\n&ndash; Porte-rouleau<\/p>\n\n<p>\nLongueur : +\/- 185 cm<\/p>\n<p>\nLargeur : +\/-  65 cm<\/p>\n<p>\n (avec accoudoirs 84 cm)<\/p>\n<p>\nHauteur : min 56 cm \/ max 90 cm<\/p>\n<p>\nPoids : 117 kg<\/p>\n<p>\nCapacit&eacute; : 160 kg<\/p>\n\n<p>\nDisponible en diff&eacute;rentes couleurs, &eacute;galement en blanc.<\/p>\n\n<p>\nFABRIQU&Eacute; EN ITALIE<\/p>\n\n<p>\n3 ans de garantie sur les moteurs<\/p>\n\n","protected":false},"excerpt":{"rendered":"<p>Fauteuil de traitement multifonctionnel de qualit&eacute;, fabriqu&eacute; en Italie, avec 4 moteurs pour r&eacute;gler la hauteur, l&rsquo;inclinaison, le repose-jambes et le dossier. L&rsquo;appui-t&ecirc;te est &eacute;galement r&eacute;glable. Ce magnifique fauteuil de soins se pr&ecirc;te &agrave; toutes sortes de traitements. Avec ses coussins extra-souples (deux couches), le ROMA offre un confort d&rsquo;assise parfait &agrave; long terme. Rembourrage &hellip; <\/p>\n<p class=\"link-more\"><a href=\"https:\/\/www.praktivak.be\/fr\/produit\/fauteuil-de-soins-roma-avec-4-moteurs\/\" class=\"more-link\">Continuer la lecture<span class=\"screen-reader-text\"> \u00ab\u00a0Fauteuil de soins Roma avec 4 moteurs\u00a0\u00bb<\/span><\/a><\/p>\n","protected":false},"author":1,"featured_media":343426,"template":"","meta":{"_acf_changed":false,"_relevanssi_hide_post":"","_relevanssi_hide_content":"","_relevanssi_pin_for_all":"","_relevanssi_pin_keywords":"","_relevanssi_unpin_keywords":"","_relevanssi_related_keywords":"","_relevanssi_related_include_ids":"","_relevanssi_related_exclude_ids":"","_relevanssi_related_no_append":"","_relevanssi_related_not_related":"","_relevanssi_related_posts":"","_relevanssi_noindex_reason":"","advgb_blocks_editor_width":"","advgb_blocks_columns_visual_guide":"","footnotes":""},"product_brand":[],"product_cat":[2063,2062],"product_tag":[],"class_list":{"0":"post-47433","1":"product","2":"type-product","3":"status-publish","4":"has-post-thumbnail","6":"product_cat-behandelstoelen-inrichtingen-fr","7":"product_cat-premium-line-italiaans-design-inrichtingen-fr","9":"first","10":"instock","11":"taxable","12":"shipping-taxable","13":"product-type-simple"},"acf":[],"yoast_head":"<!-- This site is optimized with the Yoast SEO plugin v27.2 - https:\/\/yoast.com\/product\/yoast-seo-wordpress\/ -->\n<title>Fauteuil de soins Roma avec 4 moteurs - Praktivak<\/title>\n<meta name=\"robots\" content=\"index, follow, max-snippet:-1, max-image-preview:large, max-video-preview:-1\" \/>\n<link rel=\"canonical\" href=\"https:\/\/www.praktivak.be\/fr\/produit\/fauteuil-de-soins-roma-avec-4-moteurs\/\" \/>\n<meta property=\"og:locale\" content=\"fr_FR\" \/>\n<meta property=\"og:type\" content=\"article\" \/>\n<meta property=\"og:title\" content=\"Fauteuil de soins Roma avec 4 moteurs - Praktivak\" \/>\n<meta property=\"og:description\" content=\"Fauteuil de traitement multifonctionnel de qualit&eacute;, fabriqu&eacute; en Italie, avec 4 moteurs pour r&eacute;gler la hauteur, l&rsquo;inclinaison, le repose-jambes et le dossier. L&rsquo;appui-t&ecirc;te est &eacute;galement r&eacute;glable. Ce magnifique fauteuil de soins se pr&ecirc;te &agrave; toutes sortes de traitements. Avec ses coussins extra-souples (deux couches), le ROMA offre un confort d&rsquo;assise parfait &agrave; long terme. Rembourrage &hellip; Continuer la lecture &quot;Fauteuil de soins Roma avec 4 moteurs&quot;\" \/>\n<meta property=\"og:url\" content=\"https:\/\/www.praktivak.be\/fr\/produit\/fauteuil-de-soins-roma-avec-4-moteurs\/\" \/>\n<meta property=\"og:site_name\" content=\"Praktivak\" \/>\n<meta property=\"article:modified_time\" content=\"2026-02-01T15:36:10+00:00\" \/>\n<meta property=\"og:image\" content=\"https:\/\/www.praktivak.be\/wp-content\/uploads\/2026\/02\/LSC33-1.webp\" \/>\n\t<meta property=\"og:image:width\" content=\"360\" \/>\n\t<meta property=\"og:image:height\" content=\"330\" \/>\n\t<meta property=\"og:image:type\" content=\"image\/webp\" \/>\n<meta name=\"twitter:card\" content=\"summary_large_image\" \/>\n<meta name=\"twitter:label1\" content=\"Dur\u00e9e de lecture estim\u00e9e\" \/>\n\t<meta name=\"twitter:data1\" content=\"1 minute\" \/>\n<script type=\"application\/ld+json\" class=\"yoast-schema-graph\">{\"@context\":\"https:\/\/schema.org\",\"@graph\":[{\"@type\":\"WebPage\",\"@id\":\"https:\/\/www.praktivak.be\/fr\/produit\/fauteuil-de-soins-roma-avec-4-moteurs\/\",\"url\":\"https:\/\/www.praktivak.be\/fr\/produit\/fauteuil-de-soins-roma-avec-4-moteurs\/\",\"name\":\"Fauteuil de soins Roma avec 4 moteurs - Praktivak\",\"isPartOf\":{\"@id\":\"https:\/\/www.praktivak.be\/fr\/#website\"},\"primaryImageOfPage\":{\"@id\":\"https:\/\/www.praktivak.be\/fr\/produit\/fauteuil-de-soins-roma-avec-4-moteurs\/#primaryimage\"},\"image\":{\"@id\":\"https:\/\/www.praktivak.be\/fr\/produit\/fauteuil-de-soins-roma-avec-4-moteurs\/#primaryimage\"},\"thumbnailUrl\":\"https:\/\/www.praktivak.be\/wp-content\/uploads\/2026\/02\/LSC33-1.webp\",\"datePublished\":\"2025-05-13T21:14:15+00:00\",\"dateModified\":\"2026-02-01T15:36:10+00:00\",\"breadcrumb\":{\"@id\":\"https:\/\/www.praktivak.be\/fr\/produit\/fauteuil-de-soins-roma-avec-4-moteurs\/#breadcrumb\"},\"inLanguage\":\"fr-FR\",\"potentialAction\":[{\"@type\":\"ReadAction\",\"target\":[\"https:\/\/www.praktivak.be\/fr\/produit\/fauteuil-de-soins-roma-avec-4-moteurs\/\"]}]},{\"@type\":\"ImageObject\",\"inLanguage\":\"fr-FR\",\"@id\":\"https:\/\/www.praktivak.be\/fr\/produit\/fauteuil-de-soins-roma-avec-4-moteurs\/#primaryimage\",\"url\":\"https:\/\/www.praktivak.be\/wp-content\/uploads\/2026\/02\/LSC33-1.webp\",\"contentUrl\":\"https:\/\/www.praktivak.be\/wp-content\/uploads\/2026\/02\/LSC33-1.webp\",\"width\":360,\"height\":330,\"caption\":\"Behandelstoel Roma met 4 motoren\"},{\"@type\":\"BreadcrumbList\",\"@id\":\"https:\/\/www.praktivak.be\/fr\/produit\/fauteuil-de-soins-roma-avec-4-moteurs\/#breadcrumb\",\"itemListElement\":[{\"@type\":\"ListItem\",\"position\":1,\"name\":\"Home\",\"item\":\"https:\/\/www.praktivak.be\/fr\/\"},{\"@type\":\"ListItem\",\"position\":2,\"name\":\"Boutique\",\"item\":\"https:\/\/www.praktivak.be\/fr\/boutique\/\"},{\"@type\":\"ListItem\",\"position\":3,\"name\":\"Fauteuil de soins Roma avec 4 moteurs\"}]},{\"@type\":\"WebSite\",\"@id\":\"https:\/\/www.praktivak.be\/fr\/#website\",\"url\":\"https:\/\/www.praktivak.be\/fr\/\",\"name\":\"Praktivak\",\"description\":\"\",\"publisher\":{\"@id\":\"https:\/\/www.praktivak.be\/fr\/#organization\"},\"potentialAction\":[{\"@type\":\"SearchAction\",\"target\":{\"@type\":\"EntryPoint\",\"urlTemplate\":\"https:\/\/www.praktivak.be\/fr\/?s={search_term_string}\"},\"query-input\":{\"@type\":\"PropertyValueSpecification\",\"valueRequired\":true,\"valueName\":\"search_term_string\"}}],\"inLanguage\":\"fr-FR\"},{\"@type\":\"Organization\",\"@id\":\"https:\/\/www.praktivak.be\/fr\/#organization\",\"name\":\"Praktivak\",\"url\":\"https:\/\/www.praktivak.be\/fr\/\",\"logo\":{\"@type\":\"ImageObject\",\"inLanguage\":\"fr-FR\",\"@id\":\"https:\/\/www.praktivak.be\/fr\/#\/schema\/logo\/image\/\",\"url\":\"https:\/\/www.praktivak.be\/wp-content\/uploads\/2024\/09\/Logo.png\",\"contentUrl\":\"https:\/\/www.praktivak.be\/wp-content\/uploads\/2024\/09\/Logo.png\",\"width\":1774,\"height\":337,\"caption\":\"Praktivak\"},\"image\":{\"@id\":\"https:\/\/www.praktivak.be\/fr\/#\/schema\/logo\/image\/\"}}]}<\/script>\n<!-- \/ Yoast SEO plugin. -->","yoast_head_json":{"title":"Fauteuil de soins Roma avec 4 moteurs - Praktivak","robots":{"index":"index","follow":"follow","max-snippet":"max-snippet:-1","max-image-preview":"max-image-preview:large","max-video-preview":"max-video-preview:-1"},"canonical":"https:\/\/www.praktivak.be\/fr\/produit\/fauteuil-de-soins-roma-avec-4-moteurs\/","og_locale":"fr_FR","og_type":"article","og_title":"Fauteuil de soins Roma avec 4 moteurs - Praktivak","og_description":"Fauteuil de traitement multifonctionnel de qualit&eacute;, fabriqu&eacute; en Italie, avec 4 moteurs pour r&eacute;gler la hauteur, l&rsquo;inclinaison, le repose-jambes et le dossier. L&rsquo;appui-t&ecirc;te est &eacute;galement r&eacute;glable. Ce magnifique fauteuil de soins se pr&ecirc;te &agrave; toutes sortes de traitements. Avec ses coussins extra-souples (deux couches), le ROMA offre un confort d&rsquo;assise parfait &agrave; long terme. Rembourrage &hellip; Continuer la lecture \"Fauteuil de soins Roma avec 4 moteurs\"","og_url":"https:\/\/www.praktivak.be\/fr\/produit\/fauteuil-de-soins-roma-avec-4-moteurs\/","og_site_name":"Praktivak","article_modified_time":"2026-02-01T15:36:10+00:00","og_image":[{"width":360,"height":330,"url":"https:\/\/www.praktivak.be\/wp-content\/uploads\/2026\/02\/LSC33-1.webp","type":"image\/webp"}],"twitter_card":"summary_large_image","twitter_misc":{"Dur\u00e9e de lecture estim\u00e9e":"1 minute"},"schema":{"@context":"https:\/\/schema.org","@graph":[{"@type":"WebPage","@id":"https:\/\/www.praktivak.be\/fr\/produit\/fauteuil-de-soins-roma-avec-4-moteurs\/","url":"https:\/\/www.praktivak.be\/fr\/produit\/fauteuil-de-soins-roma-avec-4-moteurs\/","name":"Fauteuil de soins Roma avec 4 moteurs - Praktivak","isPartOf":{"@id":"https:\/\/www.praktivak.be\/fr\/#website"},"primaryImageOfPage":{"@id":"https:\/\/www.praktivak.be\/fr\/produit\/fauteuil-de-soins-roma-avec-4-moteurs\/#primaryimage"},"image":{"@id":"https:\/\/www.praktivak.be\/fr\/produit\/fauteuil-de-soins-roma-avec-4-moteurs\/#primaryimage"},"thumbnailUrl":"https:\/\/www.praktivak.be\/wp-content\/uploads\/2026\/02\/LSC33-1.webp","datePublished":"2025-05-13T21:14:15+00:00","dateModified":"2026-02-01T15:36:10+00:00","breadcrumb":{"@id":"https:\/\/www.praktivak.be\/fr\/produit\/fauteuil-de-soins-roma-avec-4-moteurs\/#breadcrumb"},"inLanguage":"fr-FR","potentialAction":[{"@type":"ReadAction","target":["https:\/\/www.praktivak.be\/fr\/produit\/fauteuil-de-soins-roma-avec-4-moteurs\/"]}]},{"@type":"ImageObject","inLanguage":"fr-FR","@id":"https:\/\/www.praktivak.be\/fr\/produit\/fauteuil-de-soins-roma-avec-4-moteurs\/#primaryimage","url":"https:\/\/www.praktivak.be\/wp-content\/uploads\/2026\/02\/LSC33-1.webp","contentUrl":"https:\/\/www.praktivak.be\/wp-content\/uploads\/2026\/02\/LSC33-1.webp","width":360,"height":330,"caption":"Behandelstoel Roma met 4 motoren"},{"@type":"BreadcrumbList","@id":"https:\/\/www.praktivak.be\/fr\/produit\/fauteuil-de-soins-roma-avec-4-moteurs\/#breadcrumb","itemListElement":[{"@type":"ListItem","position":1,"name":"Home","item":"https:\/\/www.praktivak.be\/fr\/"},{"@type":"ListItem","position":2,"name":"Boutique","item":"https:\/\/www.praktivak.be\/fr\/boutique\/"},{"@type":"ListItem","position":3,"name":"Fauteuil de soins Roma avec 4 moteurs"}]},{"@type":"WebSite","@id":"https:\/\/www.praktivak.be\/fr\/#website","url":"https:\/\/www.praktivak.be\/fr\/","name":"Praktivak","description":"","publisher":{"@id":"https:\/\/www.praktivak.be\/fr\/#organization"},"potentialAction":[{"@type":"SearchAction","target":{"@type":"EntryPoint","urlTemplate":"https:\/\/www.praktivak.be\/fr\/?s={search_term_string}"},"query-input":{"@type":"PropertyValueSpecification","valueRequired":true,"valueName":"search_term_string"}}],"inLanguage":"fr-FR"},{"@type":"Organization","@id":"https:\/\/www.praktivak.be\/fr\/#organization","name":"Praktivak","url":"https:\/\/www.praktivak.be\/fr\/","logo":{"@type":"ImageObject","inLanguage":"fr-FR","@id":"https:\/\/www.praktivak.be\/fr\/#\/schema\/logo\/image\/","url":"https:\/\/www.praktivak.be\/wp-content\/uploads\/2024\/09\/Logo.png","contentUrl":"https:\/\/www.praktivak.be\/wp-content\/uploads\/2024\/09\/Logo.png","width":1774,"height":337,"caption":"Praktivak"},"image":{"@id":"https:\/\/www.praktivak.be\/fr\/#\/schema\/logo\/image\/"}}]}},"featured_img":"https:\/\/www.praktivak.be\/wp-content\/uploads\/2026\/02\/LSC33-1.webp","coauthors":[],"author_meta":{"author_link":"https:\/\/www.praktivak.be\/fr\/author\/madeit\/","display_name":"Tjebbe Lievens"},"relative_dates":{"created":"Publi\u00e9 11 mois il y a","modified":"Mis \u00e0 jour 2 mois il y a"},"absolute_dates":{"created":"Publi\u00e9 le 13 mai 2025","modified":"Mise \u00e0 jour le 1 f\u00e9vrier 2026"},"absolute_dates_time":{"created":"Publi\u00e9 le 13 mai 2025 23h14","modified":"Mise \u00e0 jour le 1 f\u00e9vrier 2026 16h36"},"featured_img_caption":"","tax_additional":{"product_brand":{"linked":[],"unlinked":[],"slug":"product_brand","name":"Marques"},"product_type":{"linked":["<a href=\"https:\/\/www.praktivak.be\/fr\/?taxonomy=product_type&#038;term=simple\" class=\"advgb-post-tax-term\">simple<\/a>"],"unlinked":["<span class=\"advgb-post-tax-term\">simple<\/span>"],"slug":"product_type","name":"Type de produit"},"product_visibility":{"linked":[],"unlinked":[],"slug":"product_visibility","name":"Visibilit\u00e9 du produit"},"product_cat":{"linked":["<a href=\"https:\/\/www.praktivak.be\/fr\/categorie-de-produit\/inrichtingen-fr\/behandelstoelen-inrichtingen-fr\/\" class=\"advgb-post-tax-term\">Fauteuils de soins<\/a>","<a href=\"https:\/\/www.praktivak.be\/fr\/categorie-de-produit\/inrichtingen-fr\/premium-line-italiaans-design-inrichtingen-fr\/\" class=\"advgb-post-tax-term\">Premium Line \u2013 design italien<\/a>"],"unlinked":["<span class=\"advgb-post-tax-term\">Fauteuils de soins<\/span>","<span class=\"advgb-post-tax-term\">Premium Line \u2013 design italien<\/span>"],"slug":"product_cat","name":"Cat\u00e9gories de produits"},"product_tag":{"linked":[],"unlinked":[],"slug":"product_tag","name":"\u00c9tiquettes produit"},"product_shipping_class":{"linked":[],"unlinked":[],"slug":"product_shipping_class","name":"Classe d\u2019exp\u00e9dition du produit"},"pos_product_visibility":{"linked":[],"unlinked":[],"slug":"pos_product_visibility","name":"Visibilit\u00e9 du produit sur le point de vente"},"translation_priority":{"linked":[],"unlinked":[],"slug":"translation_priority","name":"Priorit\u00e9s de traduction"}},"series_order":"","_links":{"self":[{"href":"https:\/\/www.praktivak.be\/fr\/wp-json\/wp\/v2\/product\/47433","targetHints":{"allow":["GET"]}}],"collection":[{"href":"https:\/\/www.praktivak.be\/fr\/wp-json\/wp\/v2\/product"}],"about":[{"href":"https:\/\/www.praktivak.be\/fr\/wp-json\/wp\/v2\/types\/product"}],"version-history":[{"count":141,"href":"https:\/\/www.praktivak.be\/fr\/wp-json\/wp\/v2\/product\/47433\/revisions"}],"predecessor-version":[{"id":343442,"href":"https:\/\/www.praktivak.be\/fr\/wp-json\/wp\/v2\/product\/47433\/revisions\/343442"}],"wp:featuredmedia":[{"embeddable":true,"href":"https:\/\/www.praktivak.be\/fr\/wp-json\/wp\/v2\/media\/343426"}],"wp:attachment":[{"href":"https:\/\/www.praktivak.be\/fr\/wp-json\/wp\/v2\/media?parent=47433"}],"wp:term":[{"taxonomy":"product_brand","embeddable":true,"href":"https:\/\/www.praktivak.be\/fr\/wp-json\/wp\/v2\/product_brand?post=47433"},{"taxonomy":"product_cat","embeddable":true,"href":"https:\/\/www.praktivak.be\/fr\/wp-json\/wp\/v2\/product_cat?post=47433"},{"taxonomy":"product_tag","embeddable":true,"href":"https:\/\/www.praktivak.be\/fr\/wp-json\/wp\/v2\/product_tag?post=47433"}],"curies":[{"name":"wp","href":"https:\/\/api.w.org\/{rel}","templated":true}]}}