

{"id":46495,"date":"2025-05-13T22:50:14","date_gmt":"2025-05-13T20:50:14","guid":{"rendered":"https:\/\/www.praktivak.be\/product\/diodelaser-coolite-evo\/"},"modified":"2026-02-01T16:39:07","modified_gmt":"2026-02-01T15:39:07","slug":"diodelaser-coolite-evo","status":"publish","type":"product","link":"https:\/\/www.praktivak.be\/fr\/produit\/diodelaser-coolite-evo\/","title":{"rendered":"Diodelaser Coolite Evo"},"content":{"rendered":"\n<p data-oe-version=\"1.2\">\n<\/p><p>\nCoolite Evo est le nouveau syst&egrave;me laser &agrave; diode coupl&eacute;e &agrave; une fibre (F.C.D.) de Bowie Medical. D&rsquo;une puissance de 750 watts et d&rsquo;une taille de spot de 10*15, il permet de travailler rapidement et efficacement. Le Coolite Evo est un mod&egrave;le compact et puissant. La pi&egrave;ce &agrave; main ne p&egrave;se que 210&nbsp;grammes gr&acirc;ce &agrave; sa technologie unique de laser &agrave; fibre optique !   <\/p>\n\n<p>\nQu&rsquo;est-ce qu&rsquo;un laser &agrave; diode coupl&eacute; &agrave; une fibre ? <\/p>\n<p>\nL&rsquo;&eacute;nergie est g&eacute;n&eacute;r&eacute;e &agrave; l&rsquo;int&eacute;rieur de l&rsquo;appareil et transf&eacute;r&eacute;e &agrave; la pi&egrave;ce &agrave; main par l&rsquo;interm&eacute;diaire d&rsquo;un c&acirc;ble &agrave; fibres. Cela facilite le refroidissement du laser et all&egrave;ge la pi&egrave;ce &agrave; main. Cela permet &eacute;galement au laser de durer plus longtemps.<\/p>\n\n<p>\nAvantages du syst&egrave;me laser F.C.D. ? <\/p>\n<p>\n&ndash; divergence &eacute;troite, ce qui permet une p&eacute;n&eacute;tration plus profonde ; <\/p>\n<p>\n&ndash; transmission uniforme de l&rsquo;&eacute;nergie &agrave; travers le c&acirc;ble en fibre optique ; <\/p>\n<p>\n&ndash; efficace et efficient  <\/p>\n\n<p>\nSp&eacute;cifications :<\/p>\n<p>\nType de laser : laser &agrave; diode &agrave; fibre 810nm<\/p>\n<p>\nPuissance du laser : 750 W<\/p>\n<p>\nTaille du spot : 15 * 10 mm<\/p>\n<p>\nDensit&eacute; d&rsquo;&eacute;nergie : 1-100J\/cm2<\/p>\n<p>\nLargeur d&rsquo;impulsion : 7-600ms<\/p>\n<p>\nFr&eacute;quence : 1&ndash;10HZ<\/p>\n<p>\nRefroidissement : jusqu&rsquo;&agrave; -5<\/p>\n<p>\nDimensions : 500*380*350mm<\/p>\n<p>\nPoids : 22 kg<\/p>\n\n","protected":false},"excerpt":{"rendered":"<p>Coolite Evo est le nouveau syst&egrave;me laser &agrave; diode coupl&eacute;e &agrave; une fibre (F.C.D.) de Bowie Medical. D&rsquo;une puissance de 750 watts et d&rsquo;une taille de spot de 10*15, il permet de travailler rapidement et efficacement. Le Coolite Evo est un mod&egrave;le compact et puissant. La pi&egrave;ce &agrave; main ne p&egrave;se que 210&nbsp;grammes gr&acirc;ce &agrave; &hellip; <\/p>\n<p class=\"link-more\"><a href=\"https:\/\/www.praktivak.be\/fr\/produit\/diodelaser-coolite-evo\/\" class=\"more-link\">Continuer la lecture<span class=\"screen-reader-text\"> \u00ab\u00a0Diodelaser Coolite Evo\u00a0\u00bb<\/span><\/a><\/p>\n","protected":false},"author":1,"featured_media":288508,"template":"","meta":{"_acf_changed":false,"_relevanssi_hide_post":"","_relevanssi_hide_content":"","_relevanssi_pin_for_all":"","_relevanssi_pin_keywords":"","_relevanssi_unpin_keywords":"","_relevanssi_related_keywords":"","_relevanssi_related_include_ids":"","_relevanssi_related_exclude_ids":"","_relevanssi_related_no_append":"","_relevanssi_related_not_related":"","_relevanssi_related_posts":"","_relevanssi_noindex_reason":"","advgb_blocks_editor_width":"","advgb_blocks_columns_visual_guide":"","footnotes":""},"product_brand":[],"product_cat":[2075],"product_tag":[],"class_list":{"0":"post-46495","1":"product","2":"type-product","3":"status-publish","4":"has-post-thumbnail","6":"product_cat-apparatuur-laser-fr","8":"first","9":"instock","10":"taxable","11":"shipping-taxable","12":"product-type-simple"},"acf":[],"yoast_head":"<!-- This site is optimized with the Yoast SEO plugin v27.2 - https:\/\/yoast.com\/product\/yoast-seo-wordpress\/ -->\n<title>Diodelaser Coolite Evo - Praktivak<\/title>\n<meta name=\"robots\" content=\"index, follow, max-snippet:-1, max-image-preview:large, max-video-preview:-1\" \/>\n<link rel=\"canonical\" href=\"https:\/\/www.praktivak.be\/fr\/produit\/diodelaser-coolite-evo\/\" \/>\n<meta property=\"og:locale\" content=\"fr_FR\" \/>\n<meta property=\"og:type\" content=\"article\" \/>\n<meta property=\"og:title\" content=\"Diodelaser Coolite Evo - Praktivak\" \/>\n<meta property=\"og:description\" content=\"Coolite Evo est le nouveau syst&egrave;me laser &agrave; diode coupl&eacute;e &agrave; une fibre (F.C.D.) de Bowie Medical. D&rsquo;une puissance de 750 watts et d&rsquo;une taille de spot de 10*15, il permet de travailler rapidement et efficacement. Le Coolite Evo est un mod&egrave;le compact et puissant. La pi&egrave;ce &agrave; main ne p&egrave;se que 210&nbsp;grammes gr&acirc;ce &agrave; &hellip; Continuer la lecture &quot;Diodelaser Coolite Evo&quot;\" \/>\n<meta property=\"og:url\" content=\"https:\/\/www.praktivak.be\/fr\/produit\/diodelaser-coolite-evo\/\" \/>\n<meta property=\"og:site_name\" content=\"Praktivak\" \/>\n<meta property=\"article:modified_time\" content=\"2026-02-01T15:39:07+00:00\" \/>\n<meta property=\"og:image\" content=\"https:\/\/www.praktivak.be\/wp-content\/uploads\/2025\/09\/CL01A-2.jpg\" \/>\n\t<meta property=\"og:image:width\" content=\"548\" \/>\n\t<meta property=\"og:image:height\" content=\"406\" \/>\n\t<meta property=\"og:image:type\" content=\"image\/jpeg\" \/>\n<meta name=\"twitter:card\" content=\"summary_large_image\" \/>\n<meta name=\"twitter:label1\" content=\"Dur\u00e9e de lecture estim\u00e9e\" \/>\n\t<meta name=\"twitter:data1\" content=\"1 minute\" \/>\n<script type=\"application\/ld+json\" class=\"yoast-schema-graph\">{\"@context\":\"https:\/\/schema.org\",\"@graph\":[{\"@type\":\"WebPage\",\"@id\":\"https:\/\/www.praktivak.be\/fr\/produit\/diodelaser-coolite-evo\/\",\"url\":\"https:\/\/www.praktivak.be\/fr\/produit\/diodelaser-coolite-evo\/\",\"name\":\"Diodelaser Coolite Evo - Praktivak\",\"isPartOf\":{\"@id\":\"https:\/\/www.praktivak.be\/fr\/#website\"},\"primaryImageOfPage\":{\"@id\":\"https:\/\/www.praktivak.be\/fr\/produit\/diodelaser-coolite-evo\/#primaryimage\"},\"image\":{\"@id\":\"https:\/\/www.praktivak.be\/fr\/produit\/diodelaser-coolite-evo\/#primaryimage\"},\"thumbnailUrl\":\"https:\/\/www.praktivak.be\/wp-content\/uploads\/2025\/09\/CL01A-2.jpg\",\"datePublished\":\"2025-05-13T20:50:14+00:00\",\"dateModified\":\"2026-02-01T15:39:07+00:00\",\"breadcrumb\":{\"@id\":\"https:\/\/www.praktivak.be\/fr\/produit\/diodelaser-coolite-evo\/#breadcrumb\"},\"inLanguage\":\"fr-FR\",\"potentialAction\":[{\"@type\":\"ReadAction\",\"target\":[\"https:\/\/www.praktivak.be\/fr\/produit\/diodelaser-coolite-evo\/\"]}]},{\"@type\":\"ImageObject\",\"inLanguage\":\"fr-FR\",\"@id\":\"https:\/\/www.praktivak.be\/fr\/produit\/diodelaser-coolite-evo\/#primaryimage\",\"url\":\"https:\/\/www.praktivak.be\/wp-content\/uploads\/2025\/09\/CL01A-2.jpg\",\"contentUrl\":\"https:\/\/www.praktivak.be\/wp-content\/uploads\/2025\/09\/CL01A-2.jpg\",\"width\":548,\"height\":406},{\"@type\":\"BreadcrumbList\",\"@id\":\"https:\/\/www.praktivak.be\/fr\/produit\/diodelaser-coolite-evo\/#breadcrumb\",\"itemListElement\":[{\"@type\":\"ListItem\",\"position\":1,\"name\":\"Home\",\"item\":\"https:\/\/www.praktivak.be\/fr\/\"},{\"@type\":\"ListItem\",\"position\":2,\"name\":\"Boutique\",\"item\":\"https:\/\/www.praktivak.be\/fr\/boutique\/\"},{\"@type\":\"ListItem\",\"position\":3,\"name\":\"Diodelaser Coolite Evo\"}]},{\"@type\":\"WebSite\",\"@id\":\"https:\/\/www.praktivak.be\/fr\/#website\",\"url\":\"https:\/\/www.praktivak.be\/fr\/\",\"name\":\"Praktivak\",\"description\":\"\",\"publisher\":{\"@id\":\"https:\/\/www.praktivak.be\/fr\/#organization\"},\"potentialAction\":[{\"@type\":\"SearchAction\",\"target\":{\"@type\":\"EntryPoint\",\"urlTemplate\":\"https:\/\/www.praktivak.be\/fr\/?s={search_term_string}\"},\"query-input\":{\"@type\":\"PropertyValueSpecification\",\"valueRequired\":true,\"valueName\":\"search_term_string\"}}],\"inLanguage\":\"fr-FR\"},{\"@type\":\"Organization\",\"@id\":\"https:\/\/www.praktivak.be\/fr\/#organization\",\"name\":\"Praktivak\",\"url\":\"https:\/\/www.praktivak.be\/fr\/\",\"logo\":{\"@type\":\"ImageObject\",\"inLanguage\":\"fr-FR\",\"@id\":\"https:\/\/www.praktivak.be\/fr\/#\/schema\/logo\/image\/\",\"url\":\"https:\/\/www.praktivak.be\/wp-content\/uploads\/2024\/09\/Logo.png\",\"contentUrl\":\"https:\/\/www.praktivak.be\/wp-content\/uploads\/2024\/09\/Logo.png\",\"width\":1774,\"height\":337,\"caption\":\"Praktivak\"},\"image\":{\"@id\":\"https:\/\/www.praktivak.be\/fr\/#\/schema\/logo\/image\/\"}}]}<\/script>\n<!-- \/ Yoast SEO plugin. -->","yoast_head_json":{"title":"Diodelaser Coolite Evo - Praktivak","robots":{"index":"index","follow":"follow","max-snippet":"max-snippet:-1","max-image-preview":"max-image-preview:large","max-video-preview":"max-video-preview:-1"},"canonical":"https:\/\/www.praktivak.be\/fr\/produit\/diodelaser-coolite-evo\/","og_locale":"fr_FR","og_type":"article","og_title":"Diodelaser Coolite Evo - Praktivak","og_description":"Coolite Evo est le nouveau syst&egrave;me laser &agrave; diode coupl&eacute;e &agrave; une fibre (F.C.D.) de Bowie Medical. D&rsquo;une puissance de 750 watts et d&rsquo;une taille de spot de 10*15, il permet de travailler rapidement et efficacement. Le Coolite Evo est un mod&egrave;le compact et puissant. La pi&egrave;ce &agrave; main ne p&egrave;se que 210&nbsp;grammes gr&acirc;ce &agrave; &hellip; Continuer la lecture \"Diodelaser Coolite Evo\"","og_url":"https:\/\/www.praktivak.be\/fr\/produit\/diodelaser-coolite-evo\/","og_site_name":"Praktivak","article_modified_time":"2026-02-01T15:39:07+00:00","og_image":[{"width":548,"height":406,"url":"https:\/\/www.praktivak.be\/wp-content\/uploads\/2025\/09\/CL01A-2.jpg","type":"image\/jpeg"}],"twitter_card":"summary_large_image","twitter_misc":{"Dur\u00e9e de lecture estim\u00e9e":"1 minute"},"schema":{"@context":"https:\/\/schema.org","@graph":[{"@type":"WebPage","@id":"https:\/\/www.praktivak.be\/fr\/produit\/diodelaser-coolite-evo\/","url":"https:\/\/www.praktivak.be\/fr\/produit\/diodelaser-coolite-evo\/","name":"Diodelaser Coolite Evo - Praktivak","isPartOf":{"@id":"https:\/\/www.praktivak.be\/fr\/#website"},"primaryImageOfPage":{"@id":"https:\/\/www.praktivak.be\/fr\/produit\/diodelaser-coolite-evo\/#primaryimage"},"image":{"@id":"https:\/\/www.praktivak.be\/fr\/produit\/diodelaser-coolite-evo\/#primaryimage"},"thumbnailUrl":"https:\/\/www.praktivak.be\/wp-content\/uploads\/2025\/09\/CL01A-2.jpg","datePublished":"2025-05-13T20:50:14+00:00","dateModified":"2026-02-01T15:39:07+00:00","breadcrumb":{"@id":"https:\/\/www.praktivak.be\/fr\/produit\/diodelaser-coolite-evo\/#breadcrumb"},"inLanguage":"fr-FR","potentialAction":[{"@type":"ReadAction","target":["https:\/\/www.praktivak.be\/fr\/produit\/diodelaser-coolite-evo\/"]}]},{"@type":"ImageObject","inLanguage":"fr-FR","@id":"https:\/\/www.praktivak.be\/fr\/produit\/diodelaser-coolite-evo\/#primaryimage","url":"https:\/\/www.praktivak.be\/wp-content\/uploads\/2025\/09\/CL01A-2.jpg","contentUrl":"https:\/\/www.praktivak.be\/wp-content\/uploads\/2025\/09\/CL01A-2.jpg","width":548,"height":406},{"@type":"BreadcrumbList","@id":"https:\/\/www.praktivak.be\/fr\/produit\/diodelaser-coolite-evo\/#breadcrumb","itemListElement":[{"@type":"ListItem","position":1,"name":"Home","item":"https:\/\/www.praktivak.be\/fr\/"},{"@type":"ListItem","position":2,"name":"Boutique","item":"https:\/\/www.praktivak.be\/fr\/boutique\/"},{"@type":"ListItem","position":3,"name":"Diodelaser Coolite Evo"}]},{"@type":"WebSite","@id":"https:\/\/www.praktivak.be\/fr\/#website","url":"https:\/\/www.praktivak.be\/fr\/","name":"Praktivak","description":"","publisher":{"@id":"https:\/\/www.praktivak.be\/fr\/#organization"},"potentialAction":[{"@type":"SearchAction","target":{"@type":"EntryPoint","urlTemplate":"https:\/\/www.praktivak.be\/fr\/?s={search_term_string}"},"query-input":{"@type":"PropertyValueSpecification","valueRequired":true,"valueName":"search_term_string"}}],"inLanguage":"fr-FR"},{"@type":"Organization","@id":"https:\/\/www.praktivak.be\/fr\/#organization","name":"Praktivak","url":"https:\/\/www.praktivak.be\/fr\/","logo":{"@type":"ImageObject","inLanguage":"fr-FR","@id":"https:\/\/www.praktivak.be\/fr\/#\/schema\/logo\/image\/","url":"https:\/\/www.praktivak.be\/wp-content\/uploads\/2024\/09\/Logo.png","contentUrl":"https:\/\/www.praktivak.be\/wp-content\/uploads\/2024\/09\/Logo.png","width":1774,"height":337,"caption":"Praktivak"},"image":{"@id":"https:\/\/www.praktivak.be\/fr\/#\/schema\/logo\/image\/"}}]}},"featured_img":"https:\/\/www.praktivak.be\/wp-content\/uploads\/2025\/09\/CL01A-2.jpg","coauthors":[],"author_meta":{"author_link":"https:\/\/www.praktivak.be\/fr\/author\/madeit\/","display_name":"Tjebbe Lievens"},"relative_dates":{"created":"Publi\u00e9 11 mois il y a","modified":"Mis \u00e0 jour 2 mois il y a"},"absolute_dates":{"created":"Publi\u00e9 le 13 mai 2025","modified":"Mise \u00e0 jour le 1 f\u00e9vrier 2026"},"absolute_dates_time":{"created":"Publi\u00e9 le 13 mai 2025 22h50","modified":"Mise \u00e0 jour le 1 f\u00e9vrier 2026 16h39"},"featured_img_caption":"","tax_additional":{"product_brand":{"linked":[],"unlinked":[],"slug":"product_brand","name":"Marques"},"product_type":{"linked":["<a href=\"https:\/\/www.praktivak.be\/fr\/?taxonomy=product_type&#038;term=simple\" class=\"advgb-post-tax-term\">simple<\/a>"],"unlinked":["<span class=\"advgb-post-tax-term\">simple<\/span>"],"slug":"product_type","name":"Type de produit"},"product_visibility":{"linked":[],"unlinked":[],"slug":"product_visibility","name":"Visibilit\u00e9 du produit"},"product_cat":{"linked":["<a href=\"https:\/\/www.praktivak.be\/fr\/categorie-de-produit\/esthetische-apparatuur-fr\/specialistische-apparatuur-esthetische-apparatuur-fr\/epilation\/laser-fr\/apparatuur-laser-fr\/\" class=\"advgb-post-tax-term\">Appareils<\/a>"],"unlinked":["<span class=\"advgb-post-tax-term\">Appareils<\/span>"],"slug":"product_cat","name":"Cat\u00e9gories de produits"},"product_tag":{"linked":[],"unlinked":[],"slug":"product_tag","name":"\u00c9tiquettes produit"},"product_shipping_class":{"linked":[],"unlinked":[],"slug":"product_shipping_class","name":"Classe d\u2019exp\u00e9dition du produit"},"pos_product_visibility":{"linked":[],"unlinked":[],"slug":"pos_product_visibility","name":"Visibilit\u00e9 du produit sur le point de vente"},"translation_priority":{"linked":[],"unlinked":[],"slug":"translation_priority","name":"Priorit\u00e9s de traduction"}},"series_order":"","_links":{"self":[{"href":"https:\/\/www.praktivak.be\/fr\/wp-json\/wp\/v2\/product\/46495","targetHints":{"allow":["GET"]}}],"collection":[{"href":"https:\/\/www.praktivak.be\/fr\/wp-json\/wp\/v2\/product"}],"about":[{"href":"https:\/\/www.praktivak.be\/fr\/wp-json\/wp\/v2\/types\/product"}],"version-history":[{"count":118,"href":"https:\/\/www.praktivak.be\/fr\/wp-json\/wp\/v2\/product\/46495\/revisions"}],"predecessor-version":[{"id":343802,"href":"https:\/\/www.praktivak.be\/fr\/wp-json\/wp\/v2\/product\/46495\/revisions\/343802"}],"wp:featuredmedia":[{"embeddable":true,"href":"https:\/\/www.praktivak.be\/fr\/wp-json\/wp\/v2\/media\/288508"}],"wp:attachment":[{"href":"https:\/\/www.praktivak.be\/fr\/wp-json\/wp\/v2\/media?parent=46495"}],"wp:term":[{"taxonomy":"product_brand","embeddable":true,"href":"https:\/\/www.praktivak.be\/fr\/wp-json\/wp\/v2\/product_brand?post=46495"},{"taxonomy":"product_cat","embeddable":true,"href":"https:\/\/www.praktivak.be\/fr\/wp-json\/wp\/v2\/product_cat?post=46495"},{"taxonomy":"product_tag","embeddable":true,"href":"https:\/\/www.praktivak.be\/fr\/wp-json\/wp\/v2\/product_tag?post=46495"}],"curies":[{"name":"wp","href":"https:\/\/api.w.org\/{rel}","templated":true}]}}