

{"id":46430,"date":"2025-05-13T22:48:37","date_gmt":"2025-05-13T20:48:37","guid":{"rendered":"https:\/\/www.praktivak.be\/product\/lcn-wow-hybrid-gel-polish-princess-doll-8ml\/"},"modified":"2026-02-01T03:01:25","modified_gmt":"2026-02-01T02:01:25","slug":"lcn-wow-hybrid-gel-polish-princess-doll-8ml","status":"publish","type":"product","link":"https:\/\/www.praktivak.be\/fr\/produit\/lcn-wow-hybrid-gel-polish-princess-doll-8ml\/","title":{"rendered":"LCN WOW Hybrid Gel Polish \u00ab\u00a0Princess Doll\u00a0\u00bb, 8ml"},"content":{"rendered":"\n<p>\nD&eacute;couvrez le nouveau syst&egrave;me LCN WOW Hybrid Gel Nail Polish qui ne n&eacute;cessite pas de lampe. Jusqu&rsquo;&agrave; 10 jours d&rsquo;ongles parfaitement polis. Ce syst&egrave;me offre des couleurs intenses et &eacute;clatantes et pr&eacute;sente une structure uniforme, ferme mais tr&egrave;s souple et de longue dur&eacute;e.<\/p>\n\n\n<p>\nQue signifie Hybrid Gel&nbsp;&raquo; ?<\/p>\n\n<p>\nCe syst&egrave;me combine les avantages du vernis &agrave; ongles et du vernis &agrave; ongles UV. Les syst&egrave;mes Hybrid Gel s&egrave;chent plus rapidement que les vernis &agrave; ongles classiques, durent plus longtemps et vous permettent d&rsquo;obtenir un &eacute;clat brillant sans &eacute;quipement UV ou LED. La technologie sp&eacute;ciale de la lumi&egrave;re UV est sp&eacute;ciale, d&rsquo;o&ugrave; les bouteilles prot&eacute;g&eacute;es de la lumi&egrave;re. Cette texture permet au vernis &agrave; ongles de durcir lorsqu&rsquo;il est expos&eacute; &agrave; la lumi&egrave;re du jour.<\/p>\n\n<p>\nUtilisation en 2 &eacute;tapes seulement<\/p>\n\n<p>\n1 : Vernis gel hybride WOW<\/p>\n<p>\nVous n&rsquo;avez pas besoin d&rsquo;une couche de base car elle est d&eacute;j&agrave; dans le vernis de couleur. Il suffit de peindre les ongles avec votre couleur pr&eacute;f&eacute;r&eacute;e et de les laisser s&eacute;cher. Deux couches fines donnent le meilleur r&eacute;sultat<\/p>\n<p>\n2 : Vernis de finition WOW Hybrid Gel Polish<\/p>\n<p>\nLe Top Coat donne un r&eacute;sultat ultra brillant et la couleur bois plus longtemps. La couleur et la brillance sont conserv&eacute;es plus longtemps lorsque vous r&eacute;appliquez le Top Coat tous les deux jours.<\/p>\n\n<p>\nConseils de LCN :<\/p>\n<p>\nPour rafra&icirc;chir la brillance et conserver la couleur plus longtemps, le WOW Hybrid Gel Top Coat peut &ecirc;tre r&eacute;appliqu&eacute; tous les deux jours. Attendez un peu avant d&rsquo;appliquer le WOW Hybrid Gel Top Coat pour &eacute;viter la formation de cloques. Le vernis gel hybride WOW s&egrave;che plus rapidement qu&rsquo;un vernis &agrave; ongles normal. Vous remarquerez que le vernis est r&eacute;sistant &agrave; la bavure. Les petites imperfections et les premiers signes d&rsquo;&eacute;clatement peuvent &ecirc;tre facilement dissimul&eacute;s avec une nouvelle couche de vernis de couleur et un Top Coat entre-temps, si n&eacute;cessaire, gr&acirc;ce &agrave; la texture de remplissage.<\/p>\n\n<p>\nNe stockez pas le syst&egrave;me &agrave; proximit&eacute; d&rsquo;une lampe LED ou UV ou d&rsquo;une fen&ecirc;tre. Les photo-initiateurs qu&rsquo;ils contiennent ne doivent pas &ecirc;tre expos&eacute;s &agrave; la lumi&egrave;re.<\/p>\n\n<p>\nLe syst&egrave;me :<\/p>\n<p>\nUne combinaison sp&eacute;ciale d&rsquo;oligom&egrave;res et de photo-initiateurs r&eacute;agit &agrave; la lumi&egrave;re du jour. Apr&egrave;s application, le WOW Hybrid Gel Polish met un jour &agrave; atteindre la duret&eacute; souhait&eacute;e. Chaque jour suivant, la texture devient plus dure et plus forte. Aucune lampe UV ou LED n&rsquo;est n&eacute;cessaire. Un vernissage dans un endroit ferm&eacute;, non expos&eacute; &agrave; la lumi&egrave;re directe du soleil, est amplement suffisant. L&rsquo;application du scellant est tr&egrave;s importante. La technologie hybride est pr&eacute;sente &agrave; la fois dans le WOW Hybrid Gel Polish et dans le Top Coat, ce qui garantit une longue dur&eacute;e de conservation.<\/p>\n\n<p>\nAvantages<\/p>\n<p>\n&ndash; avec la technologie des photo-initiateurs<\/p>\n<p>\n&ndash; aucune lampe UV requise<\/p>\n<p>\n&ndash; application simple et rapide et durcissement &agrave; la lumi&egrave;re normale du jour<\/p>\n<p>\n&ndash; avec effet gel repulpant pour une plaque d&rsquo;ongle plate<\/p>\n<p>\n&ndash; Reste en place jusqu&rsquo;&agrave; 10 jours<\/p>\n<p>\n&ndash; brillance ultime<\/p>\n<p>\n&ndash; doux et s&ucirc;r<\/p>\n<p>\n&ndash; retirer avec un dissolvant pour vernis &agrave; ongles sans ac&eacute;tone<\/p>\n<p>\n&ndash; 100% v&eacute;g&eacute;talien<\/p>\n\n<p>\nAttention :<\/p>\n<p>\nEn raison des photo-initiateurs, le syst&egrave;me WOW Hybrid Gel Polish doit &ecirc;tre prot&eacute;g&eacute; de la lumi&egrave;re directe du soleil.&nbsp;&raquo;<\/p>\n\n","protected":false},"excerpt":{"rendered":"<p>D&eacute;couvrez le nouveau syst&egrave;me LCN WOW Hybrid Gel Nail Polish qui ne n&eacute;cessite pas de lampe. Jusqu&rsquo;&agrave; 10 jours d&rsquo;ongles parfaitement polis. Ce syst&egrave;me offre des couleurs intenses et &eacute;clatantes et pr&eacute;sente une structure uniforme, ferme mais tr&egrave;s souple et de longue dur&eacute;e. Que signifie Hybrid Gel&nbsp;&raquo; ? Ce syst&egrave;me combine les avantages du vernis &hellip; <\/p>\n<p class=\"link-more\"><a href=\"https:\/\/www.praktivak.be\/fr\/produit\/lcn-wow-hybrid-gel-polish-princess-doll-8ml\/\" class=\"more-link\">Continuer la lecture<span class=\"screen-reader-text\"> \u00ab\u00a0LCN WOW Hybrid Gel Polish \u00ab\u00a0Princess Doll\u00a0\u00bb, 8ml\u00a0\u00bb<\/span><\/a><\/p>\n","protected":false},"author":1,"featured_media":295538,"template":"","meta":{"_acf_changed":false,"_relevanssi_hide_post":"","_relevanssi_hide_content":"","_relevanssi_pin_for_all":"","_relevanssi_pin_keywords":"","_relevanssi_unpin_keywords":"","_relevanssi_related_keywords":"","_relevanssi_related_include_ids":"","_relevanssi_related_exclude_ids":"","_relevanssi_related_no_append":"","_relevanssi_related_not_related":"","_relevanssi_related_posts":"","_relevanssi_noindex_reason":"","advgb_blocks_editor_width":"","advgb_blocks_columns_visual_guide":"","footnotes":""},"product_brand":[],"product_cat":[2105],"product_tag":[],"class_list":{"0":"post-46430","1":"product","2":"type-product","3":"status-publish","4":"has-post-thumbnail","6":"product_cat-wow-hybrid-gel-polish-manicure-2-fr","8":"first","9":"instock","10":"taxable","11":"shipping-taxable","12":"product-type-simple"},"acf":[],"yoast_head":"<!-- This site is optimized with the Yoast SEO plugin v27.2 - https:\/\/yoast.com\/product\/yoast-seo-wordpress\/ -->\n<title>LCN WOW Hybrid Gel Polish &quot;Princess Doll&quot;, 8ml - Praktivak<\/title>\n<meta name=\"robots\" content=\"index, follow, max-snippet:-1, max-image-preview:large, max-video-preview:-1\" \/>\n<link rel=\"canonical\" href=\"https:\/\/www.praktivak.be\/fr\/produit\/lcn-wow-hybrid-gel-polish-princess-doll-8ml\/\" \/>\n<meta property=\"og:locale\" content=\"fr_FR\" \/>\n<meta property=\"og:type\" content=\"article\" \/>\n<meta property=\"og:title\" content=\"LCN WOW Hybrid Gel Polish &quot;Princess Doll&quot;, 8ml - Praktivak\" \/>\n<meta property=\"og:description\" content=\"D&eacute;couvrez le nouveau syst&egrave;me LCN WOW Hybrid Gel Nail Polish qui ne n&eacute;cessite pas de lampe. Jusqu&rsquo;&agrave; 10 jours d&rsquo;ongles parfaitement polis. Ce syst&egrave;me offre des couleurs intenses et &eacute;clatantes et pr&eacute;sente une structure uniforme, ferme mais tr&egrave;s souple et de longue dur&eacute;e. Que signifie Hybrid Gel&nbsp;&raquo; ? Ce syst&egrave;me combine les avantages du vernis &hellip; Continuer la lecture &quot;LCN WOW Hybrid Gel Polish \u00ab\u00a0Princess Doll\u00a0\u00bb, 8ml&quot;\" \/>\n<meta property=\"og:url\" content=\"https:\/\/www.praktivak.be\/fr\/produit\/lcn-wow-hybrid-gel-polish-princess-doll-8ml\/\" \/>\n<meta property=\"og:site_name\" content=\"Praktivak\" \/>\n<meta property=\"article:modified_time\" content=\"2026-02-01T02:01:25+00:00\" \/>\n<meta property=\"og:image\" content=\"https:\/\/www.praktivak.be\/wp-content\/uploads\/2025\/09\/LCN45077-14-2.jpg\" \/>\n\t<meta property=\"og:image:width\" content=\"553\" \/>\n\t<meta property=\"og:image:height\" content=\"553\" \/>\n\t<meta property=\"og:image:type\" content=\"image\/jpeg\" \/>\n<meta name=\"twitter:card\" content=\"summary_large_image\" \/>\n<meta name=\"twitter:label1\" content=\"Dur\u00e9e de lecture estim\u00e9e\" \/>\n\t<meta name=\"twitter:data1\" content=\"3 minutes\" \/>\n<script type=\"application\/ld+json\" class=\"yoast-schema-graph\">{\"@context\":\"https:\/\/schema.org\",\"@graph\":[{\"@type\":\"WebPage\",\"@id\":\"https:\/\/www.praktivak.be\/fr\/produit\/lcn-wow-hybrid-gel-polish-princess-doll-8ml\/\",\"url\":\"https:\/\/www.praktivak.be\/fr\/produit\/lcn-wow-hybrid-gel-polish-princess-doll-8ml\/\",\"name\":\"LCN WOW Hybrid Gel Polish \\\"Princess Doll\\\", 8ml - Praktivak\",\"isPartOf\":{\"@id\":\"https:\/\/www.praktivak.be\/fr\/#website\"},\"primaryImageOfPage\":{\"@id\":\"https:\/\/www.praktivak.be\/fr\/produit\/lcn-wow-hybrid-gel-polish-princess-doll-8ml\/#primaryimage\"},\"image\":{\"@id\":\"https:\/\/www.praktivak.be\/fr\/produit\/lcn-wow-hybrid-gel-polish-princess-doll-8ml\/#primaryimage\"},\"thumbnailUrl\":\"https:\/\/www.praktivak.be\/wp-content\/uploads\/2025\/09\/LCN45077-14-2.jpg\",\"datePublished\":\"2025-05-13T20:48:37+00:00\",\"dateModified\":\"2026-02-01T02:01:25+00:00\",\"breadcrumb\":{\"@id\":\"https:\/\/www.praktivak.be\/fr\/produit\/lcn-wow-hybrid-gel-polish-princess-doll-8ml\/#breadcrumb\"},\"inLanguage\":\"fr-FR\",\"potentialAction\":[{\"@type\":\"ReadAction\",\"target\":[\"https:\/\/www.praktivak.be\/fr\/produit\/lcn-wow-hybrid-gel-polish-princess-doll-8ml\/\"]}]},{\"@type\":\"ImageObject\",\"inLanguage\":\"fr-FR\",\"@id\":\"https:\/\/www.praktivak.be\/fr\/produit\/lcn-wow-hybrid-gel-polish-princess-doll-8ml\/#primaryimage\",\"url\":\"https:\/\/www.praktivak.be\/wp-content\/uploads\/2025\/09\/LCN45077-14-2.jpg\",\"contentUrl\":\"https:\/\/www.praktivak.be\/wp-content\/uploads\/2025\/09\/LCN45077-14-2.jpg\",\"width\":553,\"height\":553},{\"@type\":\"BreadcrumbList\",\"@id\":\"https:\/\/www.praktivak.be\/fr\/produit\/lcn-wow-hybrid-gel-polish-princess-doll-8ml\/#breadcrumb\",\"itemListElement\":[{\"@type\":\"ListItem\",\"position\":1,\"name\":\"Home\",\"item\":\"https:\/\/www.praktivak.be\/fr\/\"},{\"@type\":\"ListItem\",\"position\":2,\"name\":\"Boutique\",\"item\":\"https:\/\/www.praktivak.be\/fr\/boutique\/\"},{\"@type\":\"ListItem\",\"position\":3,\"name\":\"LCN WOW Hybrid Gel Polish &#8220;Princess Doll&#8221;, 8ml\"}]},{\"@type\":\"WebSite\",\"@id\":\"https:\/\/www.praktivak.be\/fr\/#website\",\"url\":\"https:\/\/www.praktivak.be\/fr\/\",\"name\":\"Praktivak\",\"description\":\"\",\"publisher\":{\"@id\":\"https:\/\/www.praktivak.be\/fr\/#organization\"},\"potentialAction\":[{\"@type\":\"SearchAction\",\"target\":{\"@type\":\"EntryPoint\",\"urlTemplate\":\"https:\/\/www.praktivak.be\/fr\/?s={search_term_string}\"},\"query-input\":{\"@type\":\"PropertyValueSpecification\",\"valueRequired\":true,\"valueName\":\"search_term_string\"}}],\"inLanguage\":\"fr-FR\"},{\"@type\":\"Organization\",\"@id\":\"https:\/\/www.praktivak.be\/fr\/#organization\",\"name\":\"Praktivak\",\"url\":\"https:\/\/www.praktivak.be\/fr\/\",\"logo\":{\"@type\":\"ImageObject\",\"inLanguage\":\"fr-FR\",\"@id\":\"https:\/\/www.praktivak.be\/fr\/#\/schema\/logo\/image\/\",\"url\":\"https:\/\/www.praktivak.be\/wp-content\/uploads\/2024\/09\/Logo.png\",\"contentUrl\":\"https:\/\/www.praktivak.be\/wp-content\/uploads\/2024\/09\/Logo.png\",\"width\":1774,\"height\":337,\"caption\":\"Praktivak\"},\"image\":{\"@id\":\"https:\/\/www.praktivak.be\/fr\/#\/schema\/logo\/image\/\"}}]}<\/script>\n<!-- \/ Yoast SEO plugin. -->","yoast_head_json":{"title":"LCN WOW Hybrid Gel Polish \"Princess Doll\", 8ml - Praktivak","robots":{"index":"index","follow":"follow","max-snippet":"max-snippet:-1","max-image-preview":"max-image-preview:large","max-video-preview":"max-video-preview:-1"},"canonical":"https:\/\/www.praktivak.be\/fr\/produit\/lcn-wow-hybrid-gel-polish-princess-doll-8ml\/","og_locale":"fr_FR","og_type":"article","og_title":"LCN WOW Hybrid Gel Polish \"Princess Doll\", 8ml - Praktivak","og_description":"D&eacute;couvrez le nouveau syst&egrave;me LCN WOW Hybrid Gel Nail Polish qui ne n&eacute;cessite pas de lampe. Jusqu&rsquo;&agrave; 10 jours d&rsquo;ongles parfaitement polis. Ce syst&egrave;me offre des couleurs intenses et &eacute;clatantes et pr&eacute;sente une structure uniforme, ferme mais tr&egrave;s souple et de longue dur&eacute;e. Que signifie Hybrid Gel&nbsp;&raquo; ? Ce syst&egrave;me combine les avantages du vernis &hellip; Continuer la lecture \"LCN WOW Hybrid Gel Polish \u00ab\u00a0Princess Doll\u00a0\u00bb, 8ml\"","og_url":"https:\/\/www.praktivak.be\/fr\/produit\/lcn-wow-hybrid-gel-polish-princess-doll-8ml\/","og_site_name":"Praktivak","article_modified_time":"2026-02-01T02:01:25+00:00","og_image":[{"width":553,"height":553,"url":"https:\/\/www.praktivak.be\/wp-content\/uploads\/2025\/09\/LCN45077-14-2.jpg","type":"image\/jpeg"}],"twitter_card":"summary_large_image","twitter_misc":{"Dur\u00e9e de lecture estim\u00e9e":"3 minutes"},"schema":{"@context":"https:\/\/schema.org","@graph":[{"@type":"WebPage","@id":"https:\/\/www.praktivak.be\/fr\/produit\/lcn-wow-hybrid-gel-polish-princess-doll-8ml\/","url":"https:\/\/www.praktivak.be\/fr\/produit\/lcn-wow-hybrid-gel-polish-princess-doll-8ml\/","name":"LCN WOW Hybrid Gel Polish \"Princess Doll\", 8ml - Praktivak","isPartOf":{"@id":"https:\/\/www.praktivak.be\/fr\/#website"},"primaryImageOfPage":{"@id":"https:\/\/www.praktivak.be\/fr\/produit\/lcn-wow-hybrid-gel-polish-princess-doll-8ml\/#primaryimage"},"image":{"@id":"https:\/\/www.praktivak.be\/fr\/produit\/lcn-wow-hybrid-gel-polish-princess-doll-8ml\/#primaryimage"},"thumbnailUrl":"https:\/\/www.praktivak.be\/wp-content\/uploads\/2025\/09\/LCN45077-14-2.jpg","datePublished":"2025-05-13T20:48:37+00:00","dateModified":"2026-02-01T02:01:25+00:00","breadcrumb":{"@id":"https:\/\/www.praktivak.be\/fr\/produit\/lcn-wow-hybrid-gel-polish-princess-doll-8ml\/#breadcrumb"},"inLanguage":"fr-FR","potentialAction":[{"@type":"ReadAction","target":["https:\/\/www.praktivak.be\/fr\/produit\/lcn-wow-hybrid-gel-polish-princess-doll-8ml\/"]}]},{"@type":"ImageObject","inLanguage":"fr-FR","@id":"https:\/\/www.praktivak.be\/fr\/produit\/lcn-wow-hybrid-gel-polish-princess-doll-8ml\/#primaryimage","url":"https:\/\/www.praktivak.be\/wp-content\/uploads\/2025\/09\/LCN45077-14-2.jpg","contentUrl":"https:\/\/www.praktivak.be\/wp-content\/uploads\/2025\/09\/LCN45077-14-2.jpg","width":553,"height":553},{"@type":"BreadcrumbList","@id":"https:\/\/www.praktivak.be\/fr\/produit\/lcn-wow-hybrid-gel-polish-princess-doll-8ml\/#breadcrumb","itemListElement":[{"@type":"ListItem","position":1,"name":"Home","item":"https:\/\/www.praktivak.be\/fr\/"},{"@type":"ListItem","position":2,"name":"Boutique","item":"https:\/\/www.praktivak.be\/fr\/boutique\/"},{"@type":"ListItem","position":3,"name":"LCN WOW Hybrid Gel Polish &#8220;Princess Doll&#8221;, 8ml"}]},{"@type":"WebSite","@id":"https:\/\/www.praktivak.be\/fr\/#website","url":"https:\/\/www.praktivak.be\/fr\/","name":"Praktivak","description":"","publisher":{"@id":"https:\/\/www.praktivak.be\/fr\/#organization"},"potentialAction":[{"@type":"SearchAction","target":{"@type":"EntryPoint","urlTemplate":"https:\/\/www.praktivak.be\/fr\/?s={search_term_string}"},"query-input":{"@type":"PropertyValueSpecification","valueRequired":true,"valueName":"search_term_string"}}],"inLanguage":"fr-FR"},{"@type":"Organization","@id":"https:\/\/www.praktivak.be\/fr\/#organization","name":"Praktivak","url":"https:\/\/www.praktivak.be\/fr\/","logo":{"@type":"ImageObject","inLanguage":"fr-FR","@id":"https:\/\/www.praktivak.be\/fr\/#\/schema\/logo\/image\/","url":"https:\/\/www.praktivak.be\/wp-content\/uploads\/2024\/09\/Logo.png","contentUrl":"https:\/\/www.praktivak.be\/wp-content\/uploads\/2024\/09\/Logo.png","width":1774,"height":337,"caption":"Praktivak"},"image":{"@id":"https:\/\/www.praktivak.be\/fr\/#\/schema\/logo\/image\/"}}]}},"featured_img":"https:\/\/www.praktivak.be\/wp-content\/uploads\/2025\/09\/LCN45077-14-2.jpg","coauthors":[],"author_meta":{"author_link":"https:\/\/www.praktivak.be\/fr\/author\/madeit\/","display_name":"Tjebbe Lievens"},"relative_dates":{"created":"Publi\u00e9 11 mois il y a","modified":"Mis \u00e0 jour 2 mois il y a"},"absolute_dates":{"created":"Publi\u00e9 le 13 mai 2025","modified":"Mise \u00e0 jour le 1 f\u00e9vrier 2026"},"absolute_dates_time":{"created":"Publi\u00e9 le 13 mai 2025 22h48","modified":"Mise \u00e0 jour le 1 f\u00e9vrier 2026 3h01"},"featured_img_caption":"","tax_additional":{"product_brand":{"linked":[],"unlinked":[],"slug":"product_brand","name":"Marques"},"product_type":{"linked":["<a href=\"https:\/\/www.praktivak.be\/fr\/?taxonomy=product_type&#038;term=simple\" class=\"advgb-post-tax-term\">simple<\/a>"],"unlinked":["<span class=\"advgb-post-tax-term\">simple<\/span>"],"slug":"product_type","name":"Type de produit"},"product_visibility":{"linked":[],"unlinked":[],"slug":"product_visibility","name":"Visibilit\u00e9 du produit"},"product_cat":{"linked":["<a href=\"https:\/\/www.praktivak.be\/fr\/categorie-de-produit\/manicure\/wow-hybrid-gel-polish-manicure-2-fr\/\" class=\"advgb-post-tax-term\">WOW hybrid gel polish<\/a>"],"unlinked":["<span class=\"advgb-post-tax-term\">WOW hybrid gel polish<\/span>"],"slug":"product_cat","name":"Cat\u00e9gories de produits"},"product_tag":{"linked":[],"unlinked":[],"slug":"product_tag","name":"\u00c9tiquettes produit"},"product_shipping_class":{"linked":[],"unlinked":[],"slug":"product_shipping_class","name":"Classe d\u2019exp\u00e9dition du produit"},"pos_product_visibility":{"linked":[],"unlinked":[],"slug":"pos_product_visibility","name":"Visibilit\u00e9 du produit sur le point de vente"},"translation_priority":{"linked":[],"unlinked":[],"slug":"translation_priority","name":"Priorit\u00e9s de traduction"}},"series_order":"","_links":{"self":[{"href":"https:\/\/www.praktivak.be\/fr\/wp-json\/wp\/v2\/product\/46430","targetHints":{"allow":["GET"]}}],"collection":[{"href":"https:\/\/www.praktivak.be\/fr\/wp-json\/wp\/v2\/product"}],"about":[{"href":"https:\/\/www.praktivak.be\/fr\/wp-json\/wp\/v2\/types\/product"}],"version-history":[{"count":105,"href":"https:\/\/www.praktivak.be\/fr\/wp-json\/wp\/v2\/product\/46430\/revisions"}],"predecessor-version":[{"id":324785,"href":"https:\/\/www.praktivak.be\/fr\/wp-json\/wp\/v2\/product\/46430\/revisions\/324785"}],"wp:featuredmedia":[{"embeddable":true,"href":"https:\/\/www.praktivak.be\/fr\/wp-json\/wp\/v2\/media\/295538"}],"wp:attachment":[{"href":"https:\/\/www.praktivak.be\/fr\/wp-json\/wp\/v2\/media?parent=46430"}],"wp:term":[{"taxonomy":"product_brand","embeddable":true,"href":"https:\/\/www.praktivak.be\/fr\/wp-json\/wp\/v2\/product_brand?post=46430"},{"taxonomy":"product_cat","embeddable":true,"href":"https:\/\/www.praktivak.be\/fr\/wp-json\/wp\/v2\/product_cat?post=46430"},{"taxonomy":"product_tag","embeddable":true,"href":"https:\/\/www.praktivak.be\/fr\/wp-json\/wp\/v2\/product_tag?post=46430"}],"curies":[{"name":"wp","href":"https:\/\/api.w.org\/{rel}","templated":true}]}}