

{"id":45700,"date":"2025-05-13T22:30:03","date_gmt":"2025-05-13T20:30:03","guid":{"rendered":"https:\/\/www.praktivak.be\/product\/lcn-fibertech-gel-clear-5ml-zolang-de-voorraad-strekt\/"},"modified":"2026-01-31T10:51:04","modified_gmt":"2026-01-31T09:51:04","slug":"lcn-fibertech-gel-clear-5ml-jusqua-epuisement-du-stock","status":"publish","type":"product","link":"https:\/\/www.praktivak.be\/fr\/produit\/lcn-fibertech-gel-clear-5ml-jusqua-epuisement-du-stock\/","title":{"rendered":"LCN Fibertech Gel Clear, 5ml &#8211; Jusqu&rsquo;\u00e0 \u00e9puisement du stock!"},"content":{"rendered":"\n<p>\nGagnant du &laquo;&nbsp;Readers Choice Award 2017&nbsp;&raquo; du Beauty Forum dans la cat&eacute;gorie plastique de modelage UV.<\/p>\n\n\n<p>\nLCN pr&eacute;sente la derni&egrave;re technologie de gel de fibre avec une fonction 2 en 1. Dans cette nouvelle formule, l&rsquo;adh&eacute;rence et l&rsquo;accumulation sont combin&eacute;es. Le nouveau gel FiberTech est un gel de montage tr&egrave;s facile &agrave; construire, tr&egrave;s durable et dot&eacute; d&rsquo;excellentes propri&eacute;t&eacute;s d&rsquo;adh&eacute;sion.<\/p>\n<p>\nFiberTech Gel incarne la derni&egrave;re g&eacute;n&eacute;ration de plastiques en fibre de verre, combinant la clart&eacute; d&rsquo;un gel avec la force et la puissance des particules de fibre de verre et une structure de gel simple.<\/p>\n\n\n<p>\nTous les avantages:<\/p>\n\n<p>\n&ndash; Fonction 2 en 1 (combine les propri&eacute;t&eacute;s de collage et d&rsquo;accumulation)<\/p>\n\n<p>\n&ndash; Tr&egrave;s haute stabilit&eacute;<\/p>\n\n<p>\n&ndash; Renforcement extr&ecirc;me des ongles gr&acirc;ce &agrave; des particules de fibres de verre hautement transparentes.<\/p>\n\n<p>\n&ndash; Tr&egrave;s bien adapt&eacute; comme gel de modelage<\/p>\n\n<p>\n&ndash; Tr&egrave;s bien adapt&eacute; &agrave; la technique du pochoir<\/p>\n\n<p>\n&ndash; Haute r&eacute;sistance &agrave; la pression<\/p>\n\n<p>\n&ndash; Combine les propri&eacute;t&eacute;s d&rsquo;adh&eacute;sion et d&rsquo;accumulation<\/p>\n\n<p>\n&ndash; Sans solvant<\/p>\n\n\n<p>\nApplication :<\/p>\n\n<p>\nLe gel FiberTech est tr&egrave;s facile &agrave; appliquer. Son excellente fluidit&eacute; minimise les corrections et les remplissages d&egrave;s la premi&egrave;re application. Les petites particules de fibre de verre, tr&egrave;s &eacute;lastiques, reposent &agrave; plat sur l&rsquo;ongle apr&egrave;s l&rsquo;application et forment une surface lisse. La formule sp&eacute;ciale de ce gel emp&ecirc;che les soul&egrave;vements, les cassures et les fissures. Le clou peut &eacute;galement &ecirc;tre &eacute;pingl&eacute; facilement si n&eacute;cessaire.<\/p>\n\n<p>\n&laquo;&nbsp;<\/p>\n\n","protected":false},"excerpt":{"rendered":"<p>Gagnant du &laquo;&nbsp;Readers Choice Award 2017&nbsp;&raquo; du Beauty Forum dans la cat&eacute;gorie plastique de modelage UV. LCN pr&eacute;sente la derni&egrave;re technologie de gel de fibre avec une fonction 2 en 1. Dans cette nouvelle formule, l&rsquo;adh&eacute;rence et l&rsquo;accumulation sont combin&eacute;es. Le nouveau gel FiberTech est un gel de montage tr&egrave;s facile &agrave; construire, tr&egrave;s durable &hellip; <\/p>\n<p class=\"link-more\"><a href=\"https:\/\/www.praktivak.be\/fr\/produit\/lcn-fibertech-gel-clear-5ml-jusqua-epuisement-du-stock\/\" class=\"more-link\">Continuer la lecture<span class=\"screen-reader-text\"> \u00ab\u00a0LCN Fibertech Gel Clear, 5ml &#8211; Jusqu&rsquo;\u00e0 \u00e9puisement du stock!\u00a0\u00bb<\/span><\/a><\/p>\n","protected":false},"author":1,"featured_media":294305,"template":"","meta":{"_acf_changed":false,"_relevanssi_hide_post":"","_relevanssi_hide_content":"","_relevanssi_pin_for_all":"","_relevanssi_pin_keywords":"","_relevanssi_unpin_keywords":"","_relevanssi_related_keywords":"","_relevanssi_related_include_ids":"","_relevanssi_related_exclude_ids":"","_relevanssi_related_no_append":"","_relevanssi_related_not_related":"","_relevanssi_related_posts":"","_relevanssi_noindex_reason":"","advgb_blocks_editor_width":"","advgb_blocks_columns_visual_guide":"","footnotes":""},"product_brand":[],"product_cat":[2106],"product_tag":[],"class_list":{"0":"post-45700","1":"product","2":"type-product","3":"status-publish","4":"has-post-thumbnail","6":"product_cat-uv-gel-manicure-2-fr","8":"first","9":"instock","10":"sale","11":"taxable","12":"shipping-taxable","13":"product-type-simple"},"acf":[],"yoast_head":"<!-- This site is optimized with the Yoast SEO plugin v27.2 - https:\/\/yoast.com\/product\/yoast-seo-wordpress\/ -->\n<title>LCN Fibertech Gel Clear, 5ml - Jusqu&#039;\u00e0 \u00e9puisement du stock! - Praktivak<\/title>\n<meta name=\"robots\" content=\"index, follow, max-snippet:-1, max-image-preview:large, max-video-preview:-1\" \/>\n<link rel=\"canonical\" href=\"https:\/\/www.praktivak.be\/fr\/produit\/lcn-fibertech-gel-clear-5ml-jusqua-epuisement-du-stock\/\" \/>\n<meta property=\"og:locale\" content=\"fr_FR\" \/>\n<meta property=\"og:type\" content=\"article\" \/>\n<meta property=\"og:title\" content=\"LCN Fibertech Gel Clear, 5ml - Jusqu&#039;\u00e0 \u00e9puisement du stock! - Praktivak\" \/>\n<meta property=\"og:description\" content=\"Gagnant du &laquo;&nbsp;Readers Choice Award 2017&nbsp;&raquo; du Beauty Forum dans la cat&eacute;gorie plastique de modelage UV. LCN pr&eacute;sente la derni&egrave;re technologie de gel de fibre avec une fonction 2 en 1. Dans cette nouvelle formule, l&rsquo;adh&eacute;rence et l&rsquo;accumulation sont combin&eacute;es. Le nouveau gel FiberTech est un gel de montage tr&egrave;s facile &agrave; construire, tr&egrave;s durable &hellip; Continuer la lecture &quot;LCN Fibertech Gel Clear, 5ml &#8211; Jusqu&rsquo;\u00e0 \u00e9puisement du stock!&quot;\" \/>\n<meta property=\"og:url\" content=\"https:\/\/www.praktivak.be\/fr\/produit\/lcn-fibertech-gel-clear-5ml-jusqua-epuisement-du-stock\/\" \/>\n<meta property=\"og:site_name\" content=\"Praktivak\" \/>\n<meta property=\"article:modified_time\" content=\"2026-01-31T09:51:04+00:00\" \/>\n<meta property=\"og:image\" content=\"https:\/\/www.praktivak.be\/wp-content\/uploads\/2025\/09\/LCN21316-2.jpg\" \/>\n\t<meta property=\"og:image:width\" content=\"553\" \/>\n\t<meta property=\"og:image:height\" content=\"553\" \/>\n\t<meta property=\"og:image:type\" content=\"image\/jpeg\" \/>\n<meta name=\"twitter:card\" content=\"summary_large_image\" \/>\n<meta name=\"twitter:label1\" content=\"Dur\u00e9e de lecture estim\u00e9e\" \/>\n\t<meta name=\"twitter:data1\" content=\"1 minute\" \/>\n<script type=\"application\/ld+json\" class=\"yoast-schema-graph\">{\"@context\":\"https:\/\/schema.org\",\"@graph\":[{\"@type\":\"WebPage\",\"@id\":\"https:\/\/www.praktivak.be\/fr\/produit\/lcn-fibertech-gel-clear-5ml-jusqua-epuisement-du-stock\/\",\"url\":\"https:\/\/www.praktivak.be\/fr\/produit\/lcn-fibertech-gel-clear-5ml-jusqua-epuisement-du-stock\/\",\"name\":\"LCN Fibertech Gel Clear, 5ml - Jusqu'\u00e0 \u00e9puisement du stock! - Praktivak\",\"isPartOf\":{\"@id\":\"https:\/\/www.praktivak.be\/fr\/#website\"},\"primaryImageOfPage\":{\"@id\":\"https:\/\/www.praktivak.be\/fr\/produit\/lcn-fibertech-gel-clear-5ml-jusqua-epuisement-du-stock\/#primaryimage\"},\"image\":{\"@id\":\"https:\/\/www.praktivak.be\/fr\/produit\/lcn-fibertech-gel-clear-5ml-jusqua-epuisement-du-stock\/#primaryimage\"},\"thumbnailUrl\":\"https:\/\/www.praktivak.be\/wp-content\/uploads\/2025\/09\/LCN21316-2.jpg\",\"datePublished\":\"2025-05-13T20:30:03+00:00\",\"dateModified\":\"2026-01-31T09:51:04+00:00\",\"breadcrumb\":{\"@id\":\"https:\/\/www.praktivak.be\/fr\/produit\/lcn-fibertech-gel-clear-5ml-jusqua-epuisement-du-stock\/#breadcrumb\"},\"inLanguage\":\"fr-FR\",\"potentialAction\":[{\"@type\":\"ReadAction\",\"target\":[\"https:\/\/www.praktivak.be\/fr\/produit\/lcn-fibertech-gel-clear-5ml-jusqua-epuisement-du-stock\/\"]}]},{\"@type\":\"ImageObject\",\"inLanguage\":\"fr-FR\",\"@id\":\"https:\/\/www.praktivak.be\/fr\/produit\/lcn-fibertech-gel-clear-5ml-jusqua-epuisement-du-stock\/#primaryimage\",\"url\":\"https:\/\/www.praktivak.be\/wp-content\/uploads\/2025\/09\/LCN21316-2.jpg\",\"contentUrl\":\"https:\/\/www.praktivak.be\/wp-content\/uploads\/2025\/09\/LCN21316-2.jpg\",\"width\":553,\"height\":553},{\"@type\":\"BreadcrumbList\",\"@id\":\"https:\/\/www.praktivak.be\/fr\/produit\/lcn-fibertech-gel-clear-5ml-jusqua-epuisement-du-stock\/#breadcrumb\",\"itemListElement\":[{\"@type\":\"ListItem\",\"position\":1,\"name\":\"Home\",\"item\":\"https:\/\/www.praktivak.be\/fr\/\"},{\"@type\":\"ListItem\",\"position\":2,\"name\":\"Boutique\",\"item\":\"https:\/\/www.praktivak.be\/fr\/boutique\/\"},{\"@type\":\"ListItem\",\"position\":3,\"name\":\"LCN Fibertech Gel Clear, 5ml &#8211; Jusqu&#8217;\u00e0 \u00e9puisement du stock!\"}]},{\"@type\":\"WebSite\",\"@id\":\"https:\/\/www.praktivak.be\/fr\/#website\",\"url\":\"https:\/\/www.praktivak.be\/fr\/\",\"name\":\"Praktivak\",\"description\":\"\",\"publisher\":{\"@id\":\"https:\/\/www.praktivak.be\/fr\/#organization\"},\"potentialAction\":[{\"@type\":\"SearchAction\",\"target\":{\"@type\":\"EntryPoint\",\"urlTemplate\":\"https:\/\/www.praktivak.be\/fr\/?s={search_term_string}\"},\"query-input\":{\"@type\":\"PropertyValueSpecification\",\"valueRequired\":true,\"valueName\":\"search_term_string\"}}],\"inLanguage\":\"fr-FR\"},{\"@type\":\"Organization\",\"@id\":\"https:\/\/www.praktivak.be\/fr\/#organization\",\"name\":\"Praktivak\",\"url\":\"https:\/\/www.praktivak.be\/fr\/\",\"logo\":{\"@type\":\"ImageObject\",\"inLanguage\":\"fr-FR\",\"@id\":\"https:\/\/www.praktivak.be\/fr\/#\/schema\/logo\/image\/\",\"url\":\"https:\/\/www.praktivak.be\/wp-content\/uploads\/2024\/09\/Logo.png\",\"contentUrl\":\"https:\/\/www.praktivak.be\/wp-content\/uploads\/2024\/09\/Logo.png\",\"width\":1774,\"height\":337,\"caption\":\"Praktivak\"},\"image\":{\"@id\":\"https:\/\/www.praktivak.be\/fr\/#\/schema\/logo\/image\/\"}}]}<\/script>\n<!-- \/ Yoast SEO plugin. -->","yoast_head_json":{"title":"LCN Fibertech Gel Clear, 5ml - Jusqu'\u00e0 \u00e9puisement du stock! - Praktivak","robots":{"index":"index","follow":"follow","max-snippet":"max-snippet:-1","max-image-preview":"max-image-preview:large","max-video-preview":"max-video-preview:-1"},"canonical":"https:\/\/www.praktivak.be\/fr\/produit\/lcn-fibertech-gel-clear-5ml-jusqua-epuisement-du-stock\/","og_locale":"fr_FR","og_type":"article","og_title":"LCN Fibertech Gel Clear, 5ml - Jusqu'\u00e0 \u00e9puisement du stock! - Praktivak","og_description":"Gagnant du &laquo;&nbsp;Readers Choice Award 2017&nbsp;&raquo; du Beauty Forum dans la cat&eacute;gorie plastique de modelage UV. LCN pr&eacute;sente la derni&egrave;re technologie de gel de fibre avec une fonction 2 en 1. Dans cette nouvelle formule, l&rsquo;adh&eacute;rence et l&rsquo;accumulation sont combin&eacute;es. Le nouveau gel FiberTech est un gel de montage tr&egrave;s facile &agrave; construire, tr&egrave;s durable &hellip; Continuer la lecture \"LCN Fibertech Gel Clear, 5ml &#8211; Jusqu&rsquo;\u00e0 \u00e9puisement du stock!\"","og_url":"https:\/\/www.praktivak.be\/fr\/produit\/lcn-fibertech-gel-clear-5ml-jusqua-epuisement-du-stock\/","og_site_name":"Praktivak","article_modified_time":"2026-01-31T09:51:04+00:00","og_image":[{"width":553,"height":553,"url":"https:\/\/www.praktivak.be\/wp-content\/uploads\/2025\/09\/LCN21316-2.jpg","type":"image\/jpeg"}],"twitter_card":"summary_large_image","twitter_misc":{"Dur\u00e9e de lecture estim\u00e9e":"1 minute"},"schema":{"@context":"https:\/\/schema.org","@graph":[{"@type":"WebPage","@id":"https:\/\/www.praktivak.be\/fr\/produit\/lcn-fibertech-gel-clear-5ml-jusqua-epuisement-du-stock\/","url":"https:\/\/www.praktivak.be\/fr\/produit\/lcn-fibertech-gel-clear-5ml-jusqua-epuisement-du-stock\/","name":"LCN Fibertech Gel Clear, 5ml - Jusqu'\u00e0 \u00e9puisement du stock! - Praktivak","isPartOf":{"@id":"https:\/\/www.praktivak.be\/fr\/#website"},"primaryImageOfPage":{"@id":"https:\/\/www.praktivak.be\/fr\/produit\/lcn-fibertech-gel-clear-5ml-jusqua-epuisement-du-stock\/#primaryimage"},"image":{"@id":"https:\/\/www.praktivak.be\/fr\/produit\/lcn-fibertech-gel-clear-5ml-jusqua-epuisement-du-stock\/#primaryimage"},"thumbnailUrl":"https:\/\/www.praktivak.be\/wp-content\/uploads\/2025\/09\/LCN21316-2.jpg","datePublished":"2025-05-13T20:30:03+00:00","dateModified":"2026-01-31T09:51:04+00:00","breadcrumb":{"@id":"https:\/\/www.praktivak.be\/fr\/produit\/lcn-fibertech-gel-clear-5ml-jusqua-epuisement-du-stock\/#breadcrumb"},"inLanguage":"fr-FR","potentialAction":[{"@type":"ReadAction","target":["https:\/\/www.praktivak.be\/fr\/produit\/lcn-fibertech-gel-clear-5ml-jusqua-epuisement-du-stock\/"]}]},{"@type":"ImageObject","inLanguage":"fr-FR","@id":"https:\/\/www.praktivak.be\/fr\/produit\/lcn-fibertech-gel-clear-5ml-jusqua-epuisement-du-stock\/#primaryimage","url":"https:\/\/www.praktivak.be\/wp-content\/uploads\/2025\/09\/LCN21316-2.jpg","contentUrl":"https:\/\/www.praktivak.be\/wp-content\/uploads\/2025\/09\/LCN21316-2.jpg","width":553,"height":553},{"@type":"BreadcrumbList","@id":"https:\/\/www.praktivak.be\/fr\/produit\/lcn-fibertech-gel-clear-5ml-jusqua-epuisement-du-stock\/#breadcrumb","itemListElement":[{"@type":"ListItem","position":1,"name":"Home","item":"https:\/\/www.praktivak.be\/fr\/"},{"@type":"ListItem","position":2,"name":"Boutique","item":"https:\/\/www.praktivak.be\/fr\/boutique\/"},{"@type":"ListItem","position":3,"name":"LCN Fibertech Gel Clear, 5ml &#8211; Jusqu&#8217;\u00e0 \u00e9puisement du stock!"}]},{"@type":"WebSite","@id":"https:\/\/www.praktivak.be\/fr\/#website","url":"https:\/\/www.praktivak.be\/fr\/","name":"Praktivak","description":"","publisher":{"@id":"https:\/\/www.praktivak.be\/fr\/#organization"},"potentialAction":[{"@type":"SearchAction","target":{"@type":"EntryPoint","urlTemplate":"https:\/\/www.praktivak.be\/fr\/?s={search_term_string}"},"query-input":{"@type":"PropertyValueSpecification","valueRequired":true,"valueName":"search_term_string"}}],"inLanguage":"fr-FR"},{"@type":"Organization","@id":"https:\/\/www.praktivak.be\/fr\/#organization","name":"Praktivak","url":"https:\/\/www.praktivak.be\/fr\/","logo":{"@type":"ImageObject","inLanguage":"fr-FR","@id":"https:\/\/www.praktivak.be\/fr\/#\/schema\/logo\/image\/","url":"https:\/\/www.praktivak.be\/wp-content\/uploads\/2024\/09\/Logo.png","contentUrl":"https:\/\/www.praktivak.be\/wp-content\/uploads\/2024\/09\/Logo.png","width":1774,"height":337,"caption":"Praktivak"},"image":{"@id":"https:\/\/www.praktivak.be\/fr\/#\/schema\/logo\/image\/"}}]}},"featured_img":"https:\/\/www.praktivak.be\/wp-content\/uploads\/2025\/09\/LCN21316-2.jpg","coauthors":[],"author_meta":{"author_link":"https:\/\/www.praktivak.be\/fr\/author\/madeit\/","display_name":"Tjebbe Lievens"},"relative_dates":{"created":"Publi\u00e9 11 mois il y a","modified":"Mis \u00e0 jour 3 mois il y a"},"absolute_dates":{"created":"Publi\u00e9 le 13 mai 2025","modified":"Mise \u00e0 jour le 31 janvier 2026"},"absolute_dates_time":{"created":"Publi\u00e9 le 13 mai 2025 22h30","modified":"Mise \u00e0 jour le 31 janvier 2026 10h51"},"featured_img_caption":"","tax_additional":{"product_brand":{"linked":[],"unlinked":[],"slug":"product_brand","name":"Marques"},"product_type":{"linked":["<a href=\"https:\/\/www.praktivak.be\/fr\/?taxonomy=product_type&#038;term=simple\" class=\"advgb-post-tax-term\">simple<\/a>"],"unlinked":["<span class=\"advgb-post-tax-term\">simple<\/span>"],"slug":"product_type","name":"Type de produit"},"product_visibility":{"linked":[],"unlinked":[],"slug":"product_visibility","name":"Visibilit\u00e9 du produit"},"product_cat":{"linked":["<a href=\"https:\/\/www.praktivak.be\/fr\/categorie-de-produit\/manicure\/uv-gel-manicure-2-fr\/\" class=\"advgb-post-tax-term\">Gel UV<\/a>"],"unlinked":["<span class=\"advgb-post-tax-term\">Gel UV<\/span>"],"slug":"product_cat","name":"Cat\u00e9gories de produits"},"product_tag":{"linked":[],"unlinked":[],"slug":"product_tag","name":"\u00c9tiquettes produit"},"product_shipping_class":{"linked":[],"unlinked":[],"slug":"product_shipping_class","name":"Classe d\u2019exp\u00e9dition du produit"},"pos_product_visibility":{"linked":[],"unlinked":[],"slug":"pos_product_visibility","name":"Visibilit\u00e9 du produit sur le point de vente"},"translation_priority":{"linked":[],"unlinked":[],"slug":"translation_priority","name":"Priorit\u00e9s de traduction"}},"series_order":"","_links":{"self":[{"href":"https:\/\/www.praktivak.be\/fr\/wp-json\/wp\/v2\/product\/45700","targetHints":{"allow":["GET"]}}],"collection":[{"href":"https:\/\/www.praktivak.be\/fr\/wp-json\/wp\/v2\/product"}],"about":[{"href":"https:\/\/www.praktivak.be\/fr\/wp-json\/wp\/v2\/types\/product"}],"version-history":[{"count":89,"href":"https:\/\/www.praktivak.be\/fr\/wp-json\/wp\/v2\/product\/45700\/revisions"}],"predecessor-version":[{"id":324217,"href":"https:\/\/www.praktivak.be\/fr\/wp-json\/wp\/v2\/product\/45700\/revisions\/324217"}],"wp:featuredmedia":[{"embeddable":true,"href":"https:\/\/www.praktivak.be\/fr\/wp-json\/wp\/v2\/media\/294305"}],"wp:attachment":[{"href":"https:\/\/www.praktivak.be\/fr\/wp-json\/wp\/v2\/media?parent=45700"}],"wp:term":[{"taxonomy":"product_brand","embeddable":true,"href":"https:\/\/www.praktivak.be\/fr\/wp-json\/wp\/v2\/product_brand?post=45700"},{"taxonomy":"product_cat","embeddable":true,"href":"https:\/\/www.praktivak.be\/fr\/wp-json\/wp\/v2\/product_cat?post=45700"},{"taxonomy":"product_tag","embeddable":true,"href":"https:\/\/www.praktivak.be\/fr\/wp-json\/wp\/v2\/product_tag?post=45700"}],"curies":[{"name":"wp","href":"https:\/\/api.w.org\/{rel}","templated":true}]}}