

{"id":45645,"date":"2025-05-13T22:28:38","date_gmt":"2025-05-13T20:28:38","guid":{"rendered":"https:\/\/www.praktivak.be\/product\/behandelstoel-princess-soft-twist-met-4-motoren-verwarming-reset-en-memory\/"},"modified":"2026-02-01T16:39:50","modified_gmt":"2026-02-01T15:39:50","slug":"princess-soft-twist-avec-4-moteurs-chauffage-reset-et-memory","status":"publish","type":"product","link":"https:\/\/www.praktivak.be\/fr\/produit\/princess-soft-twist-avec-4-moteurs-chauffage-reset-et-memory\/","title":{"rendered":"Princess Soft Twist avec 4 moteurs, chauffage, reset et memory"},"content":{"rendered":"\n<p>\nLe fauteuil de soins Princess Soft twist &agrave; 4 moteurs est un fauteuil de soins professionnel et multifonctionnel dot&eacute; de coussins soft-line. Le fauteuil est &eacute;quip&eacute; de 4 moteurs permettant de r&eacute;gler la hauteur, le dossier, le repose-jambes et l&rsquo;inclinaison. Cette version dispose &eacute;galement d&rsquo;un chauffage et peut &ecirc;tre tourn&eacute;e.<\/p>\n\n\n<p>\nLe fauteuil est r&eacute;glable &eacute;lectriquement &agrave; l&rsquo;aide des boutons int&eacute;gr&eacute;s sur le c&ocirc;t&eacute; et &agrave; l&rsquo;arri&egrave;re du fauteuil. En outre, ce fauteuil est &eacute;galement dot&eacute; d&rsquo;une commande manuelle suppl&eacute;mentaire. Avec la fonction RESET, vous pouvez ramener le fauteuil &agrave; une position d&rsquo;entr&eacute;e. Un capteur de mouvement est &eacute;galement int&eacute;gr&eacute; &agrave; l&rsquo;arri&egrave;re du dossier, ce qui permet d&rsquo;obtenir une position assise plus profonde et plus confortable.<\/p>\n\n\n<p>\nL&rsquo;appui-t&ecirc;te est r&eacute;glable en 3D et comporte une d&eacute;coupe pour le visage. Les accoudoirs peuvent &ecirc;tre rabattus ou retir&eacute;s. Le fauteuil est recouvert d&rsquo;un cuir PU de haute qualit&eacute;, facile &agrave; nettoyer et ne n&eacute;cessitant aucun entretien majeur.<\/p>\n\n\n<p>\nCaract&eacute;ristiques principales :<\/p>\n<p>\n* 4 moteurs fiables pour la commande &eacute;lectrique de la hauteur, du dossier, de l&rsquo;inclinaison et du repose-jambes.<\/p>\n<p>\n* Trou de nez<\/p>\n<p>\n* Accoudoirs amovibles<\/p>\n<p>\n* Rembourrage extra doux et confortable<\/p>\n<p>\n* Chauffage int&eacute;gr&eacute;<\/p>\n<p>\n* Pivotement de -60&deg; &agrave; +60&deg;.<\/p>\n<p>\n* Commande manuelle dans le paquet<\/p>\n\n<p>\nOptions :<\/p>\n<p>\n* Commande au pied<\/p>\n<p>\n* Couverture<\/p>\n\n<p>\nLongueur : 190 cm<\/p>\n<p>\nLargeur avec accoudoirs : 82cm<\/p>\n<p>\nLargeur sans accoudoirs : 58cm<\/p>\n<p>\nHauteur : 59-90cm<\/p>\n<p>\nPoids : 100 kg<\/p>\n<p>\nCapacit&eacute; : 175 kg<\/p>\n\n","protected":false},"excerpt":{"rendered":"<p>Le fauteuil de soins Princess Soft twist &agrave; 4 moteurs est un fauteuil de soins professionnel et multifonctionnel dot&eacute; de coussins soft-line. Le fauteuil est &eacute;quip&eacute; de 4 moteurs permettant de r&eacute;gler la hauteur, le dossier, le repose-jambes et l&rsquo;inclinaison. Cette version dispose &eacute;galement d&rsquo;un chauffage et peut &ecirc;tre tourn&eacute;e. Le fauteuil est r&eacute;glable &eacute;lectriquement &hellip; <\/p>\n<p class=\"link-more\"><a href=\"https:\/\/www.praktivak.be\/fr\/produit\/princess-soft-twist-avec-4-moteurs-chauffage-reset-et-memory\/\" class=\"more-link\">Continuer la lecture<span class=\"screen-reader-text\"> \u00ab\u00a0Princess Soft Twist avec 4 moteurs, chauffage, reset et memory\u00a0\u00bb<\/span><\/a><\/p>\n","protected":false},"author":1,"featured_media":286216,"template":"","meta":{"_acf_changed":false,"_relevanssi_hide_post":"","_relevanssi_hide_content":"","_relevanssi_pin_for_all":"","_relevanssi_pin_keywords":"","_relevanssi_unpin_keywords":"","_relevanssi_related_keywords":"","_relevanssi_related_include_ids":"","_relevanssi_related_exclude_ids":"","_relevanssi_related_no_append":"","_relevanssi_related_not_related":"","_relevanssi_related_posts":"","_relevanssi_noindex_reason":"","advgb_blocks_editor_width":"","advgb_blocks_columns_visual_guide":"","footnotes":""},"product_brand":[],"product_cat":[2063],"product_tag":[],"class_list":{"0":"post-45645","1":"product","2":"type-product","3":"status-publish","4":"has-post-thumbnail","6":"product_cat-behandelstoelen-inrichtingen-fr","8":"first","9":"instock","10":"taxable","11":"shipping-taxable","12":"product-type-simple"},"acf":[],"yoast_head":"<!-- This site is optimized with the Yoast SEO plugin v27.2 - https:\/\/yoast.com\/product\/yoast-seo-wordpress\/ -->\n<title>Princess Soft Twist avec 4 moteurs, chauffage, reset et memory - Praktivak<\/title>\n<meta name=\"robots\" content=\"index, follow, max-snippet:-1, max-image-preview:large, max-video-preview:-1\" \/>\n<link rel=\"canonical\" href=\"https:\/\/www.praktivak.be\/fr\/produit\/princess-soft-twist-avec-4-moteurs-chauffage-reset-et-memory\/\" \/>\n<meta property=\"og:locale\" content=\"fr_FR\" \/>\n<meta property=\"og:type\" content=\"article\" \/>\n<meta property=\"og:title\" content=\"Princess Soft Twist avec 4 moteurs, chauffage, reset et memory - Praktivak\" \/>\n<meta property=\"og:description\" content=\"Le fauteuil de soins Princess Soft twist &agrave; 4 moteurs est un fauteuil de soins professionnel et multifonctionnel dot&eacute; de coussins soft-line. Le fauteuil est &eacute;quip&eacute; de 4 moteurs permettant de r&eacute;gler la hauteur, le dossier, le repose-jambes et l&rsquo;inclinaison. Cette version dispose &eacute;galement d&rsquo;un chauffage et peut &ecirc;tre tourn&eacute;e. Le fauteuil est r&eacute;glable &eacute;lectriquement &hellip; Continuer la lecture &quot;Princess Soft Twist avec 4 moteurs, chauffage, reset et memory&quot;\" \/>\n<meta property=\"og:url\" content=\"https:\/\/www.praktivak.be\/fr\/produit\/princess-soft-twist-avec-4-moteurs-chauffage-reset-et-memory\/\" \/>\n<meta property=\"og:site_name\" content=\"Praktivak\" \/>\n<meta property=\"article:modified_time\" content=\"2026-02-01T15:39:50+00:00\" \/>\n<meta property=\"og:image\" content=\"https:\/\/www.praktivak.be\/wp-content\/uploads\/2025\/09\/BMI30303THM-2.jpg\" \/>\n\t<meta property=\"og:image:width\" content=\"1000\" \/>\n\t<meta property=\"og:image:height\" content=\"709\" \/>\n\t<meta property=\"og:image:type\" content=\"image\/jpeg\" \/>\n<meta name=\"twitter:card\" content=\"summary_large_image\" \/>\n<meta name=\"twitter:label1\" content=\"Dur\u00e9e de lecture estim\u00e9e\" \/>\n\t<meta name=\"twitter:data1\" content=\"1 minute\" \/>\n<script type=\"application\/ld+json\" class=\"yoast-schema-graph\">{\"@context\":\"https:\/\/schema.org\",\"@graph\":[{\"@type\":\"WebPage\",\"@id\":\"https:\/\/www.praktivak.be\/fr\/produit\/princess-soft-twist-avec-4-moteurs-chauffage-reset-et-memory\/\",\"url\":\"https:\/\/www.praktivak.be\/fr\/produit\/princess-soft-twist-avec-4-moteurs-chauffage-reset-et-memory\/\",\"name\":\"Princess Soft Twist avec 4 moteurs, chauffage, reset et memory - Praktivak\",\"isPartOf\":{\"@id\":\"https:\/\/www.praktivak.be\/fr\/#website\"},\"primaryImageOfPage\":{\"@id\":\"https:\/\/www.praktivak.be\/fr\/produit\/princess-soft-twist-avec-4-moteurs-chauffage-reset-et-memory\/#primaryimage\"},\"image\":{\"@id\":\"https:\/\/www.praktivak.be\/fr\/produit\/princess-soft-twist-avec-4-moteurs-chauffage-reset-et-memory\/#primaryimage\"},\"thumbnailUrl\":\"https:\/\/www.praktivak.be\/wp-content\/uploads\/2025\/09\/BMI30303THM-2.jpg\",\"datePublished\":\"2025-05-13T20:28:38+00:00\",\"dateModified\":\"2026-02-01T15:39:50+00:00\",\"breadcrumb\":{\"@id\":\"https:\/\/www.praktivak.be\/fr\/produit\/princess-soft-twist-avec-4-moteurs-chauffage-reset-et-memory\/#breadcrumb\"},\"inLanguage\":\"fr-FR\",\"potentialAction\":[{\"@type\":\"ReadAction\",\"target\":[\"https:\/\/www.praktivak.be\/fr\/produit\/princess-soft-twist-avec-4-moteurs-chauffage-reset-et-memory\/\"]}]},{\"@type\":\"ImageObject\",\"inLanguage\":\"fr-FR\",\"@id\":\"https:\/\/www.praktivak.be\/fr\/produit\/princess-soft-twist-avec-4-moteurs-chauffage-reset-et-memory\/#primaryimage\",\"url\":\"https:\/\/www.praktivak.be\/wp-content\/uploads\/2025\/09\/BMI30303THM-2.jpg\",\"contentUrl\":\"https:\/\/www.praktivak.be\/wp-content\/uploads\/2025\/09\/BMI30303THM-2.jpg\",\"width\":1000,\"height\":709},{\"@type\":\"BreadcrumbList\",\"@id\":\"https:\/\/www.praktivak.be\/fr\/produit\/princess-soft-twist-avec-4-moteurs-chauffage-reset-et-memory\/#breadcrumb\",\"itemListElement\":[{\"@type\":\"ListItem\",\"position\":1,\"name\":\"Home\",\"item\":\"https:\/\/www.praktivak.be\/fr\/\"},{\"@type\":\"ListItem\",\"position\":2,\"name\":\"Boutique\",\"item\":\"https:\/\/www.praktivak.be\/fr\/boutique\/\"},{\"@type\":\"ListItem\",\"position\":3,\"name\":\"Princess Soft Twist avec 4 moteurs, chauffage, reset et memory\"}]},{\"@type\":\"WebSite\",\"@id\":\"https:\/\/www.praktivak.be\/fr\/#website\",\"url\":\"https:\/\/www.praktivak.be\/fr\/\",\"name\":\"Praktivak\",\"description\":\"\",\"publisher\":{\"@id\":\"https:\/\/www.praktivak.be\/fr\/#organization\"},\"potentialAction\":[{\"@type\":\"SearchAction\",\"target\":{\"@type\":\"EntryPoint\",\"urlTemplate\":\"https:\/\/www.praktivak.be\/fr\/?s={search_term_string}\"},\"query-input\":{\"@type\":\"PropertyValueSpecification\",\"valueRequired\":true,\"valueName\":\"search_term_string\"}}],\"inLanguage\":\"fr-FR\"},{\"@type\":\"Organization\",\"@id\":\"https:\/\/www.praktivak.be\/fr\/#organization\",\"name\":\"Praktivak\",\"url\":\"https:\/\/www.praktivak.be\/fr\/\",\"logo\":{\"@type\":\"ImageObject\",\"inLanguage\":\"fr-FR\",\"@id\":\"https:\/\/www.praktivak.be\/fr\/#\/schema\/logo\/image\/\",\"url\":\"https:\/\/www.praktivak.be\/wp-content\/uploads\/2024\/09\/Logo.png\",\"contentUrl\":\"https:\/\/www.praktivak.be\/wp-content\/uploads\/2024\/09\/Logo.png\",\"width\":1774,\"height\":337,\"caption\":\"Praktivak\"},\"image\":{\"@id\":\"https:\/\/www.praktivak.be\/fr\/#\/schema\/logo\/image\/\"}}]}<\/script>\n<!-- \/ Yoast SEO plugin. -->","yoast_head_json":{"title":"Princess Soft Twist avec 4 moteurs, chauffage, reset et memory - Praktivak","robots":{"index":"index","follow":"follow","max-snippet":"max-snippet:-1","max-image-preview":"max-image-preview:large","max-video-preview":"max-video-preview:-1"},"canonical":"https:\/\/www.praktivak.be\/fr\/produit\/princess-soft-twist-avec-4-moteurs-chauffage-reset-et-memory\/","og_locale":"fr_FR","og_type":"article","og_title":"Princess Soft Twist avec 4 moteurs, chauffage, reset et memory - Praktivak","og_description":"Le fauteuil de soins Princess Soft twist &agrave; 4 moteurs est un fauteuil de soins professionnel et multifonctionnel dot&eacute; de coussins soft-line. Le fauteuil est &eacute;quip&eacute; de 4 moteurs permettant de r&eacute;gler la hauteur, le dossier, le repose-jambes et l&rsquo;inclinaison. Cette version dispose &eacute;galement d&rsquo;un chauffage et peut &ecirc;tre tourn&eacute;e. Le fauteuil est r&eacute;glable &eacute;lectriquement &hellip; Continuer la lecture \"Princess Soft Twist avec 4 moteurs, chauffage, reset et memory\"","og_url":"https:\/\/www.praktivak.be\/fr\/produit\/princess-soft-twist-avec-4-moteurs-chauffage-reset-et-memory\/","og_site_name":"Praktivak","article_modified_time":"2026-02-01T15:39:50+00:00","og_image":[{"width":1000,"height":709,"url":"https:\/\/www.praktivak.be\/wp-content\/uploads\/2025\/09\/BMI30303THM-2.jpg","type":"image\/jpeg"}],"twitter_card":"summary_large_image","twitter_misc":{"Dur\u00e9e de lecture estim\u00e9e":"1 minute"},"schema":{"@context":"https:\/\/schema.org","@graph":[{"@type":"WebPage","@id":"https:\/\/www.praktivak.be\/fr\/produit\/princess-soft-twist-avec-4-moteurs-chauffage-reset-et-memory\/","url":"https:\/\/www.praktivak.be\/fr\/produit\/princess-soft-twist-avec-4-moteurs-chauffage-reset-et-memory\/","name":"Princess Soft Twist avec 4 moteurs, chauffage, reset et memory - Praktivak","isPartOf":{"@id":"https:\/\/www.praktivak.be\/fr\/#website"},"primaryImageOfPage":{"@id":"https:\/\/www.praktivak.be\/fr\/produit\/princess-soft-twist-avec-4-moteurs-chauffage-reset-et-memory\/#primaryimage"},"image":{"@id":"https:\/\/www.praktivak.be\/fr\/produit\/princess-soft-twist-avec-4-moteurs-chauffage-reset-et-memory\/#primaryimage"},"thumbnailUrl":"https:\/\/www.praktivak.be\/wp-content\/uploads\/2025\/09\/BMI30303THM-2.jpg","datePublished":"2025-05-13T20:28:38+00:00","dateModified":"2026-02-01T15:39:50+00:00","breadcrumb":{"@id":"https:\/\/www.praktivak.be\/fr\/produit\/princess-soft-twist-avec-4-moteurs-chauffage-reset-et-memory\/#breadcrumb"},"inLanguage":"fr-FR","potentialAction":[{"@type":"ReadAction","target":["https:\/\/www.praktivak.be\/fr\/produit\/princess-soft-twist-avec-4-moteurs-chauffage-reset-et-memory\/"]}]},{"@type":"ImageObject","inLanguage":"fr-FR","@id":"https:\/\/www.praktivak.be\/fr\/produit\/princess-soft-twist-avec-4-moteurs-chauffage-reset-et-memory\/#primaryimage","url":"https:\/\/www.praktivak.be\/wp-content\/uploads\/2025\/09\/BMI30303THM-2.jpg","contentUrl":"https:\/\/www.praktivak.be\/wp-content\/uploads\/2025\/09\/BMI30303THM-2.jpg","width":1000,"height":709},{"@type":"BreadcrumbList","@id":"https:\/\/www.praktivak.be\/fr\/produit\/princess-soft-twist-avec-4-moteurs-chauffage-reset-et-memory\/#breadcrumb","itemListElement":[{"@type":"ListItem","position":1,"name":"Home","item":"https:\/\/www.praktivak.be\/fr\/"},{"@type":"ListItem","position":2,"name":"Boutique","item":"https:\/\/www.praktivak.be\/fr\/boutique\/"},{"@type":"ListItem","position":3,"name":"Princess Soft Twist avec 4 moteurs, chauffage, reset et memory"}]},{"@type":"WebSite","@id":"https:\/\/www.praktivak.be\/fr\/#website","url":"https:\/\/www.praktivak.be\/fr\/","name":"Praktivak","description":"","publisher":{"@id":"https:\/\/www.praktivak.be\/fr\/#organization"},"potentialAction":[{"@type":"SearchAction","target":{"@type":"EntryPoint","urlTemplate":"https:\/\/www.praktivak.be\/fr\/?s={search_term_string}"},"query-input":{"@type":"PropertyValueSpecification","valueRequired":true,"valueName":"search_term_string"}}],"inLanguage":"fr-FR"},{"@type":"Organization","@id":"https:\/\/www.praktivak.be\/fr\/#organization","name":"Praktivak","url":"https:\/\/www.praktivak.be\/fr\/","logo":{"@type":"ImageObject","inLanguage":"fr-FR","@id":"https:\/\/www.praktivak.be\/fr\/#\/schema\/logo\/image\/","url":"https:\/\/www.praktivak.be\/wp-content\/uploads\/2024\/09\/Logo.png","contentUrl":"https:\/\/www.praktivak.be\/wp-content\/uploads\/2024\/09\/Logo.png","width":1774,"height":337,"caption":"Praktivak"},"image":{"@id":"https:\/\/www.praktivak.be\/fr\/#\/schema\/logo\/image\/"}}]}},"featured_img":"https:\/\/www.praktivak.be\/wp-content\/uploads\/2025\/09\/BMI30303THM-2.jpg","coauthors":[],"author_meta":{"author_link":"https:\/\/www.praktivak.be\/fr\/author\/madeit\/","display_name":"Tjebbe Lievens"},"relative_dates":{"created":"Publi\u00e9 11 mois il y a","modified":"Mis \u00e0 jour 2 mois il y a"},"absolute_dates":{"created":"Publi\u00e9 le 13 mai 2025","modified":"Mise \u00e0 jour le 1 f\u00e9vrier 2026"},"absolute_dates_time":{"created":"Publi\u00e9 le 13 mai 2025 22h28","modified":"Mise \u00e0 jour le 1 f\u00e9vrier 2026 16h39"},"featured_img_caption":"","tax_additional":{"product_brand":{"linked":[],"unlinked":[],"slug":"product_brand","name":"Marques"},"product_type":{"linked":["<a href=\"https:\/\/www.praktivak.be\/fr\/?taxonomy=product_type&#038;term=simple\" class=\"advgb-post-tax-term\">simple<\/a>"],"unlinked":["<span class=\"advgb-post-tax-term\">simple<\/span>"],"slug":"product_type","name":"Type de produit"},"product_visibility":{"linked":[],"unlinked":[],"slug":"product_visibility","name":"Visibilit\u00e9 du produit"},"product_cat":{"linked":["<a href=\"https:\/\/www.praktivak.be\/fr\/categorie-de-produit\/inrichtingen-fr\/behandelstoelen-inrichtingen-fr\/\" class=\"advgb-post-tax-term\">Fauteuils de soins<\/a>"],"unlinked":["<span class=\"advgb-post-tax-term\">Fauteuils de soins<\/span>"],"slug":"product_cat","name":"Cat\u00e9gories de produits"},"product_tag":{"linked":[],"unlinked":[],"slug":"product_tag","name":"\u00c9tiquettes produit"},"product_shipping_class":{"linked":[],"unlinked":[],"slug":"product_shipping_class","name":"Classe d\u2019exp\u00e9dition du produit"},"pos_product_visibility":{"linked":[],"unlinked":[],"slug":"pos_product_visibility","name":"Visibilit\u00e9 du produit sur le point de vente"},"translation_priority":{"linked":[],"unlinked":[],"slug":"translation_priority","name":"Priorit\u00e9s de traduction"}},"series_order":"","_links":{"self":[{"href":"https:\/\/www.praktivak.be\/fr\/wp-json\/wp\/v2\/product\/45645","targetHints":{"allow":["GET"]}}],"collection":[{"href":"https:\/\/www.praktivak.be\/fr\/wp-json\/wp\/v2\/product"}],"about":[{"href":"https:\/\/www.praktivak.be\/fr\/wp-json\/wp\/v2\/types\/product"}],"version-history":[{"count":107,"href":"https:\/\/www.praktivak.be\/fr\/wp-json\/wp\/v2\/product\/45645\/revisions"}],"predecessor-version":[{"id":343909,"href":"https:\/\/www.praktivak.be\/fr\/wp-json\/wp\/v2\/product\/45645\/revisions\/343909"}],"wp:featuredmedia":[{"embeddable":true,"href":"https:\/\/www.praktivak.be\/fr\/wp-json\/wp\/v2\/media\/286216"}],"wp:attachment":[{"href":"https:\/\/www.praktivak.be\/fr\/wp-json\/wp\/v2\/media?parent=45645"}],"wp:term":[{"taxonomy":"product_brand","embeddable":true,"href":"https:\/\/www.praktivak.be\/fr\/wp-json\/wp\/v2\/product_brand?post=45645"},{"taxonomy":"product_cat","embeddable":true,"href":"https:\/\/www.praktivak.be\/fr\/wp-json\/wp\/v2\/product_cat?post=45645"},{"taxonomy":"product_tag","embeddable":true,"href":"https:\/\/www.praktivak.be\/fr\/wp-json\/wp\/v2\/product_tag?post=45645"}],"curies":[{"name":"wp","href":"https:\/\/api.w.org\/{rel}","templated":true}]}}