

{"id":45154,"date":"2025-05-13T21:47:04","date_gmt":"2025-05-13T19:47:04","guid":{"rendered":"https:\/\/www.praktivak.be\/product\/desinfectiepilaar-master-met-1-000ml-aluminium-elleboogdispenser-en-bord\/"},"modified":"2026-01-31T10:50:51","modified_gmt":"2026-01-31T09:50:51","slug":"colonne-master-avec-distributeur-de-coudes-en-aluminium-de-1-000ml-et-tableau-dinformation-modele-de-salle-dexposition","status":"publish","type":"product","link":"https:\/\/www.praktivak.be\/fr\/produit\/colonne-master-avec-distributeur-de-coudes-en-aluminium-de-1-000ml-et-tableau-dinformation-modele-de-salle-dexposition\/","title":{"rendered":"Colonne Master avec distributeur de coudes en aluminium de 1.000ml et tableau d&rsquo;information &#8211; mod\u00e8le de salle d&rsquo;exposition"},"content":{"rendered":"\n<p>\nColonne Master avec distributeur en aluminium de 1.000ml<\/p>\n\n<p>\nAvec son aspect &eacute;l&eacute;gant en acier blanc et sa base m&eacute;tallique stable, la colonne Master est un outil fiable pour alerter vos clients d&rsquo;un meilleur respect des mesures d&rsquo;hygi&egrave;ne dans votre salon ou votre cabinet. <\/p>\n\n<p>\nDesign &eacute;pur&eacute; en acier inoxydable avec rev&ecirc;tement en poudre blanche.<\/p>\n\n<p>\n Cette colonne est livr&eacute;e avec un distributeur coud&eacute; en aluminium tr&egrave;s pratique. Le distributeur peut &ecirc;tre rempli d&rsquo;un liquide ou d&rsquo;un gel d&eacute;sinfectant au choix. Bowie Medical fournit &eacute;galement une gamme de d&eacute;sinfectants pour remplir le distributeur. Il est facile de les commander via notre boutique en ligne.<\/p>\n\n\n<p>\nUn tableau d&rsquo;information avec un couvercle magn&eacute;tique transparent est fix&eacute; au sommet de la colonne Master. Le tableau d&rsquo;information magn&eacute;tique est au format A4. <\/p>\n\n<p>\nImprimez votre logo et votre message sur une feuille de format A4 et fixez-la sous la couverture magn&eacute;tique du tableau d&rsquo;information.<\/p>\n\n\n<p>\nAvantages:<\/p>\n\n<p>\n&ndash; meilleur respect des mesures d&rsquo;hygi&egrave;ne concernant le virus Corona ;<\/p>\n\n<p>\n&ndash; prot&egrave;ge vos clients, vos employ&eacute;s et vous-m&ecirc;me contre l&rsquo;infection et la propagation du virus ;<\/p>\n\n<p>\n&ndash; informe vos clients sur les r&egrave;gles en vigueur.<\/p>\n\n","protected":false},"excerpt":{"rendered":"<p>Colonne Master avec distributeur en aluminium de 1.000ml Avec son aspect &eacute;l&eacute;gant en acier blanc et sa base m&eacute;tallique stable, la colonne Master est un outil fiable pour alerter vos clients d&rsquo;un meilleur respect des mesures d&rsquo;hygi&egrave;ne dans votre salon ou votre cabinet. Design &eacute;pur&eacute; en acier inoxydable avec rev&ecirc;tement en poudre blanche. Cette colonne &hellip; <\/p>\n<p class=\"link-more\"><a href=\"https:\/\/www.praktivak.be\/fr\/produit\/colonne-master-avec-distributeur-de-coudes-en-aluminium-de-1-000ml-et-tableau-dinformation-modele-de-salle-dexposition\/\" class=\"more-link\">Continuer la lecture<span class=\"screen-reader-text\"> \u00ab\u00a0Colonne Master avec distributeur de coudes en aluminium de 1.000ml et tableau d&rsquo;information &#8211; mod\u00e8le de salle d&rsquo;exposition\u00a0\u00bb<\/span><\/a><\/p>\n","protected":false},"author":1,"featured_media":287571,"template":"","meta":{"_acf_changed":false,"_relevanssi_hide_post":"","_relevanssi_hide_content":"","_relevanssi_pin_for_all":"","_relevanssi_pin_keywords":"","_relevanssi_unpin_keywords":"","_relevanssi_related_keywords":"","_relevanssi_related_include_ids":"","_relevanssi_related_exclude_ids":"","_relevanssi_related_no_append":"","_relevanssi_related_not_related":"","_relevanssi_related_posts":"","_relevanssi_noindex_reason":"","advgb_blocks_editor_width":"","advgb_blocks_columns_visual_guide":"","footnotes":""},"product_brand":[],"product_cat":[2123],"product_tag":[],"class_list":{"0":"post-45154","1":"product","2":"type-product","3":"status-publish","4":"has-post-thumbnail","6":"product_cat-dispensers-fr","8":"first","9":"instock","10":"sale","11":"taxable","12":"shipping-taxable","13":"product-type-simple"},"acf":[],"yoast_head":"<!-- This site is optimized with the Yoast SEO plugin v27.2 - https:\/\/yoast.com\/product\/yoast-seo-wordpress\/ -->\n<title>Colonne Master avec distributeur de coudes en aluminium de 1.000ml et tableau d&#039;information - mod\u00e8le de salle d&#039;exposition - Praktivak<\/title>\n<meta name=\"robots\" content=\"index, follow, max-snippet:-1, max-image-preview:large, max-video-preview:-1\" \/>\n<link rel=\"canonical\" href=\"https:\/\/www.praktivak.be\/fr\/produit\/colonne-master-avec-distributeur-de-coudes-en-aluminium-de-1-000ml-et-tableau-dinformation-modele-de-salle-dexposition\/\" \/>\n<meta property=\"og:locale\" content=\"fr_FR\" \/>\n<meta property=\"og:type\" content=\"article\" \/>\n<meta property=\"og:title\" content=\"Colonne Master avec distributeur de coudes en aluminium de 1.000ml et tableau d&#039;information - mod\u00e8le de salle d&#039;exposition - Praktivak\" \/>\n<meta property=\"og:description\" content=\"Colonne Master avec distributeur en aluminium de 1.000ml Avec son aspect &eacute;l&eacute;gant en acier blanc et sa base m&eacute;tallique stable, la colonne Master est un outil fiable pour alerter vos clients d&rsquo;un meilleur respect des mesures d&rsquo;hygi&egrave;ne dans votre salon ou votre cabinet. Design &eacute;pur&eacute; en acier inoxydable avec rev&ecirc;tement en poudre blanche. Cette colonne &hellip; Continuer la lecture &quot;Colonne Master avec distributeur de coudes en aluminium de 1.000ml et tableau d&rsquo;information &#8211; mod\u00e8le de salle d&rsquo;exposition&quot;\" \/>\n<meta property=\"og:url\" content=\"https:\/\/www.praktivak.be\/fr\/produit\/colonne-master-avec-distributeur-de-coudes-en-aluminium-de-1-000ml-et-tableau-dinformation-modele-de-salle-dexposition\/\" \/>\n<meta property=\"og:site_name\" content=\"Praktivak\" \/>\n<meta property=\"article:modified_time\" content=\"2026-01-31T09:50:51+00:00\" \/>\n<meta property=\"og:image\" content=\"https:\/\/www.praktivak.be\/wp-content\/uploads\/2025\/09\/ZBM001-2.jpg\" \/>\n\t<meta property=\"og:image:width\" content=\"299\" \/>\n\t<meta property=\"og:image:height\" content=\"1000\" \/>\n\t<meta property=\"og:image:type\" content=\"image\/jpeg\" \/>\n<meta name=\"twitter:card\" content=\"summary_large_image\" \/>\n<meta name=\"twitter:label1\" content=\"Dur\u00e9e de lecture estim\u00e9e\" \/>\n\t<meta name=\"twitter:data1\" content=\"1 minute\" \/>\n<script type=\"application\/ld+json\" class=\"yoast-schema-graph\">{\"@context\":\"https:\/\/schema.org\",\"@graph\":[{\"@type\":\"WebPage\",\"@id\":\"https:\/\/www.praktivak.be\/fr\/produit\/colonne-master-avec-distributeur-de-coudes-en-aluminium-de-1-000ml-et-tableau-dinformation-modele-de-salle-dexposition\/\",\"url\":\"https:\/\/www.praktivak.be\/fr\/produit\/colonne-master-avec-distributeur-de-coudes-en-aluminium-de-1-000ml-et-tableau-dinformation-modele-de-salle-dexposition\/\",\"name\":\"Colonne Master avec distributeur de coudes en aluminium de 1.000ml et tableau d'information - mod\u00e8le de salle d'exposition - Praktivak\",\"isPartOf\":{\"@id\":\"https:\/\/www.praktivak.be\/fr\/#website\"},\"primaryImageOfPage\":{\"@id\":\"https:\/\/www.praktivak.be\/fr\/produit\/colonne-master-avec-distributeur-de-coudes-en-aluminium-de-1-000ml-et-tableau-dinformation-modele-de-salle-dexposition\/#primaryimage\"},\"image\":{\"@id\":\"https:\/\/www.praktivak.be\/fr\/produit\/colonne-master-avec-distributeur-de-coudes-en-aluminium-de-1-000ml-et-tableau-dinformation-modele-de-salle-dexposition\/#primaryimage\"},\"thumbnailUrl\":\"https:\/\/www.praktivak.be\/wp-content\/uploads\/2025\/09\/ZBM001-2.jpg\",\"datePublished\":\"2025-05-13T19:47:04+00:00\",\"dateModified\":\"2026-01-31T09:50:51+00:00\",\"breadcrumb\":{\"@id\":\"https:\/\/www.praktivak.be\/fr\/produit\/colonne-master-avec-distributeur-de-coudes-en-aluminium-de-1-000ml-et-tableau-dinformation-modele-de-salle-dexposition\/#breadcrumb\"},\"inLanguage\":\"fr-FR\",\"potentialAction\":[{\"@type\":\"ReadAction\",\"target\":[\"https:\/\/www.praktivak.be\/fr\/produit\/colonne-master-avec-distributeur-de-coudes-en-aluminium-de-1-000ml-et-tableau-dinformation-modele-de-salle-dexposition\/\"]}]},{\"@type\":\"ImageObject\",\"inLanguage\":\"fr-FR\",\"@id\":\"https:\/\/www.praktivak.be\/fr\/produit\/colonne-master-avec-distributeur-de-coudes-en-aluminium-de-1-000ml-et-tableau-dinformation-modele-de-salle-dexposition\/#primaryimage\",\"url\":\"https:\/\/www.praktivak.be\/wp-content\/uploads\/2025\/09\/ZBM001-2.jpg\",\"contentUrl\":\"https:\/\/www.praktivak.be\/wp-content\/uploads\/2025\/09\/ZBM001-2.jpg\",\"width\":299,\"height\":1000},{\"@type\":\"BreadcrumbList\",\"@id\":\"https:\/\/www.praktivak.be\/fr\/produit\/colonne-master-avec-distributeur-de-coudes-en-aluminium-de-1-000ml-et-tableau-dinformation-modele-de-salle-dexposition\/#breadcrumb\",\"itemListElement\":[{\"@type\":\"ListItem\",\"position\":1,\"name\":\"Home\",\"item\":\"https:\/\/www.praktivak.be\/fr\/\"},{\"@type\":\"ListItem\",\"position\":2,\"name\":\"Boutique\",\"item\":\"https:\/\/www.praktivak.be\/fr\/boutique\/\"},{\"@type\":\"ListItem\",\"position\":3,\"name\":\"Colonne Master avec distributeur de coudes en aluminium de 1.000ml et tableau d&#8217;information &#8211; mod\u00e8le de salle d&#8217;exposition\"}]},{\"@type\":\"WebSite\",\"@id\":\"https:\/\/www.praktivak.be\/fr\/#website\",\"url\":\"https:\/\/www.praktivak.be\/fr\/\",\"name\":\"Praktivak\",\"description\":\"\",\"publisher\":{\"@id\":\"https:\/\/www.praktivak.be\/fr\/#organization\"},\"potentialAction\":[{\"@type\":\"SearchAction\",\"target\":{\"@type\":\"EntryPoint\",\"urlTemplate\":\"https:\/\/www.praktivak.be\/fr\/?s={search_term_string}\"},\"query-input\":{\"@type\":\"PropertyValueSpecification\",\"valueRequired\":true,\"valueName\":\"search_term_string\"}}],\"inLanguage\":\"fr-FR\"},{\"@type\":\"Organization\",\"@id\":\"https:\/\/www.praktivak.be\/fr\/#organization\",\"name\":\"Praktivak\",\"url\":\"https:\/\/www.praktivak.be\/fr\/\",\"logo\":{\"@type\":\"ImageObject\",\"inLanguage\":\"fr-FR\",\"@id\":\"https:\/\/www.praktivak.be\/fr\/#\/schema\/logo\/image\/\",\"url\":\"https:\/\/www.praktivak.be\/wp-content\/uploads\/2024\/09\/Logo.png\",\"contentUrl\":\"https:\/\/www.praktivak.be\/wp-content\/uploads\/2024\/09\/Logo.png\",\"width\":1774,\"height\":337,\"caption\":\"Praktivak\"},\"image\":{\"@id\":\"https:\/\/www.praktivak.be\/fr\/#\/schema\/logo\/image\/\"}}]}<\/script>\n<!-- \/ Yoast SEO plugin. -->","yoast_head_json":{"title":"Colonne Master avec distributeur de coudes en aluminium de 1.000ml et tableau d'information - mod\u00e8le de salle d'exposition - Praktivak","robots":{"index":"index","follow":"follow","max-snippet":"max-snippet:-1","max-image-preview":"max-image-preview:large","max-video-preview":"max-video-preview:-1"},"canonical":"https:\/\/www.praktivak.be\/fr\/produit\/colonne-master-avec-distributeur-de-coudes-en-aluminium-de-1-000ml-et-tableau-dinformation-modele-de-salle-dexposition\/","og_locale":"fr_FR","og_type":"article","og_title":"Colonne Master avec distributeur de coudes en aluminium de 1.000ml et tableau d'information - mod\u00e8le de salle d'exposition - Praktivak","og_description":"Colonne Master avec distributeur en aluminium de 1.000ml Avec son aspect &eacute;l&eacute;gant en acier blanc et sa base m&eacute;tallique stable, la colonne Master est un outil fiable pour alerter vos clients d&rsquo;un meilleur respect des mesures d&rsquo;hygi&egrave;ne dans votre salon ou votre cabinet. Design &eacute;pur&eacute; en acier inoxydable avec rev&ecirc;tement en poudre blanche. Cette colonne &hellip; Continuer la lecture \"Colonne Master avec distributeur de coudes en aluminium de 1.000ml et tableau d&rsquo;information &#8211; mod\u00e8le de salle d&rsquo;exposition\"","og_url":"https:\/\/www.praktivak.be\/fr\/produit\/colonne-master-avec-distributeur-de-coudes-en-aluminium-de-1-000ml-et-tableau-dinformation-modele-de-salle-dexposition\/","og_site_name":"Praktivak","article_modified_time":"2026-01-31T09:50:51+00:00","og_image":[{"width":299,"height":1000,"url":"https:\/\/www.praktivak.be\/wp-content\/uploads\/2025\/09\/ZBM001-2.jpg","type":"image\/jpeg"}],"twitter_card":"summary_large_image","twitter_misc":{"Dur\u00e9e de lecture estim\u00e9e":"1 minute"},"schema":{"@context":"https:\/\/schema.org","@graph":[{"@type":"WebPage","@id":"https:\/\/www.praktivak.be\/fr\/produit\/colonne-master-avec-distributeur-de-coudes-en-aluminium-de-1-000ml-et-tableau-dinformation-modele-de-salle-dexposition\/","url":"https:\/\/www.praktivak.be\/fr\/produit\/colonne-master-avec-distributeur-de-coudes-en-aluminium-de-1-000ml-et-tableau-dinformation-modele-de-salle-dexposition\/","name":"Colonne Master avec distributeur de coudes en aluminium de 1.000ml et tableau d'information - mod\u00e8le de salle d'exposition - Praktivak","isPartOf":{"@id":"https:\/\/www.praktivak.be\/fr\/#website"},"primaryImageOfPage":{"@id":"https:\/\/www.praktivak.be\/fr\/produit\/colonne-master-avec-distributeur-de-coudes-en-aluminium-de-1-000ml-et-tableau-dinformation-modele-de-salle-dexposition\/#primaryimage"},"image":{"@id":"https:\/\/www.praktivak.be\/fr\/produit\/colonne-master-avec-distributeur-de-coudes-en-aluminium-de-1-000ml-et-tableau-dinformation-modele-de-salle-dexposition\/#primaryimage"},"thumbnailUrl":"https:\/\/www.praktivak.be\/wp-content\/uploads\/2025\/09\/ZBM001-2.jpg","datePublished":"2025-05-13T19:47:04+00:00","dateModified":"2026-01-31T09:50:51+00:00","breadcrumb":{"@id":"https:\/\/www.praktivak.be\/fr\/produit\/colonne-master-avec-distributeur-de-coudes-en-aluminium-de-1-000ml-et-tableau-dinformation-modele-de-salle-dexposition\/#breadcrumb"},"inLanguage":"fr-FR","potentialAction":[{"@type":"ReadAction","target":["https:\/\/www.praktivak.be\/fr\/produit\/colonne-master-avec-distributeur-de-coudes-en-aluminium-de-1-000ml-et-tableau-dinformation-modele-de-salle-dexposition\/"]}]},{"@type":"ImageObject","inLanguage":"fr-FR","@id":"https:\/\/www.praktivak.be\/fr\/produit\/colonne-master-avec-distributeur-de-coudes-en-aluminium-de-1-000ml-et-tableau-dinformation-modele-de-salle-dexposition\/#primaryimage","url":"https:\/\/www.praktivak.be\/wp-content\/uploads\/2025\/09\/ZBM001-2.jpg","contentUrl":"https:\/\/www.praktivak.be\/wp-content\/uploads\/2025\/09\/ZBM001-2.jpg","width":299,"height":1000},{"@type":"BreadcrumbList","@id":"https:\/\/www.praktivak.be\/fr\/produit\/colonne-master-avec-distributeur-de-coudes-en-aluminium-de-1-000ml-et-tableau-dinformation-modele-de-salle-dexposition\/#breadcrumb","itemListElement":[{"@type":"ListItem","position":1,"name":"Home","item":"https:\/\/www.praktivak.be\/fr\/"},{"@type":"ListItem","position":2,"name":"Boutique","item":"https:\/\/www.praktivak.be\/fr\/boutique\/"},{"@type":"ListItem","position":3,"name":"Colonne Master avec distributeur de coudes en aluminium de 1.000ml et tableau d&#8217;information &#8211; mod\u00e8le de salle d&#8217;exposition"}]},{"@type":"WebSite","@id":"https:\/\/www.praktivak.be\/fr\/#website","url":"https:\/\/www.praktivak.be\/fr\/","name":"Praktivak","description":"","publisher":{"@id":"https:\/\/www.praktivak.be\/fr\/#organization"},"potentialAction":[{"@type":"SearchAction","target":{"@type":"EntryPoint","urlTemplate":"https:\/\/www.praktivak.be\/fr\/?s={search_term_string}"},"query-input":{"@type":"PropertyValueSpecification","valueRequired":true,"valueName":"search_term_string"}}],"inLanguage":"fr-FR"},{"@type":"Organization","@id":"https:\/\/www.praktivak.be\/fr\/#organization","name":"Praktivak","url":"https:\/\/www.praktivak.be\/fr\/","logo":{"@type":"ImageObject","inLanguage":"fr-FR","@id":"https:\/\/www.praktivak.be\/fr\/#\/schema\/logo\/image\/","url":"https:\/\/www.praktivak.be\/wp-content\/uploads\/2024\/09\/Logo.png","contentUrl":"https:\/\/www.praktivak.be\/wp-content\/uploads\/2024\/09\/Logo.png","width":1774,"height":337,"caption":"Praktivak"},"image":{"@id":"https:\/\/www.praktivak.be\/fr\/#\/schema\/logo\/image\/"}}]}},"featured_img":"https:\/\/www.praktivak.be\/wp-content\/uploads\/2025\/09\/ZBM001-2.jpg","coauthors":[],"author_meta":{"author_link":"https:\/\/www.praktivak.be\/fr\/author\/madeit\/","display_name":"Tjebbe Lievens"},"relative_dates":{"created":"Publi\u00e9 11 mois il y a","modified":"Mis \u00e0 jour 2 mois il y a"},"absolute_dates":{"created":"Publi\u00e9 le 13 mai 2025","modified":"Mise \u00e0 jour le 31 janvier 2026"},"absolute_dates_time":{"created":"Publi\u00e9 le 13 mai 2025 21h47","modified":"Mise \u00e0 jour le 31 janvier 2026 10h50"},"featured_img_caption":"","tax_additional":{"product_brand":{"linked":[],"unlinked":[],"slug":"product_brand","name":"Marques"},"product_type":{"linked":["<a href=\"https:\/\/www.praktivak.be\/fr\/?taxonomy=product_type&#038;term=simple\" class=\"advgb-post-tax-term\">simple<\/a>"],"unlinked":["<span class=\"advgb-post-tax-term\">simple<\/span>"],"slug":"product_type","name":"Type de produit"},"product_visibility":{"linked":[],"unlinked":[],"slug":"product_visibility","name":"Visibilit\u00e9 du produit"},"product_cat":{"linked":["<a href=\"https:\/\/www.praktivak.be\/fr\/categorie-de-produit\/hygiene-en-desinfectie-fr\/dispensers-fr\/\" class=\"advgb-post-tax-term\">Distributeurs<\/a>"],"unlinked":["<span class=\"advgb-post-tax-term\">Distributeurs<\/span>"],"slug":"product_cat","name":"Cat\u00e9gories de produits"},"product_tag":{"linked":[],"unlinked":[],"slug":"product_tag","name":"\u00c9tiquettes produit"},"product_shipping_class":{"linked":[],"unlinked":[],"slug":"product_shipping_class","name":"Classe d\u2019exp\u00e9dition du produit"},"pos_product_visibility":{"linked":[],"unlinked":[],"slug":"pos_product_visibility","name":"Visibilit\u00e9 du produit sur le point de vente"},"translation_priority":{"linked":[],"unlinked":[],"slug":"translation_priority","name":"Priorit\u00e9s de traduction"}},"series_order":"","_links":{"self":[{"href":"https:\/\/www.praktivak.be\/fr\/wp-json\/wp\/v2\/product\/45154","targetHints":{"allow":["GET"]}}],"collection":[{"href":"https:\/\/www.praktivak.be\/fr\/wp-json\/wp\/v2\/product"}],"about":[{"href":"https:\/\/www.praktivak.be\/fr\/wp-json\/wp\/v2\/types\/product"}],"version-history":[{"count":79,"href":"https:\/\/www.praktivak.be\/fr\/wp-json\/wp\/v2\/product\/45154\/revisions"}],"predecessor-version":[{"id":323803,"href":"https:\/\/www.praktivak.be\/fr\/wp-json\/wp\/v2\/product\/45154\/revisions\/323803"}],"wp:featuredmedia":[{"embeddable":true,"href":"https:\/\/www.praktivak.be\/fr\/wp-json\/wp\/v2\/media\/287571"}],"wp:attachment":[{"href":"https:\/\/www.praktivak.be\/fr\/wp-json\/wp\/v2\/media?parent=45154"}],"wp:term":[{"taxonomy":"product_brand","embeddable":true,"href":"https:\/\/www.praktivak.be\/fr\/wp-json\/wp\/v2\/product_brand?post=45154"},{"taxonomy":"product_cat","embeddable":true,"href":"https:\/\/www.praktivak.be\/fr\/wp-json\/wp\/v2\/product_cat?post=45154"},{"taxonomy":"product_tag","embeddable":true,"href":"https:\/\/www.praktivak.be\/fr\/wp-json\/wp\/v2\/product_tag?post=45154"}],"curies":[{"name":"wp","href":"https:\/\/api.w.org\/{rel}","templated":true}]}}