

{"id":44999,"date":"2025-05-13T21:42:43","date_gmt":"2025-05-13T19:42:43","guid":{"rendered":"https:\/\/www.praktivak.be\/product\/hybrid-twister-medium-korrel-ht854r-095\/"},"modified":"2026-02-01T03:00:35","modified_gmt":"2026-02-01T02:00:35","slug":"hybrid-twister-medium-grain-ht854r-095","status":"publish","type":"product","link":"https:\/\/www.praktivak.be\/fr\/produit\/hybrid-twister-medium-grain-ht854r-095\/","title":{"rendered":"Hybrid Twister medium grain HT854R-095"},"content":{"rendered":"\n<p>\nLes fraises hybrides de Busch sont une combinaison de diamant et de c&eacute;ramique. En combinant ces mat&eacute;riaux, les coupeurs hybrides sont extr&ecirc;mement adapt&eacute;s au traitement des callosit&eacute;s. <\/p>\n\n\n<p>\nC&eacute;ramique : &eacute;limine rapidement la poussi&egrave;re, offre une surface lisse et fait gagner du temps. <\/p>\n<p>\nDiamant : a une longue dur&eacute;e de vie.  <\/p>\n\n\n<p>\nCes fraises grossi&egrave;res peuvent &ecirc;tre utilis&eacute;es pour les couches les plus &eacute;paisses de callosit&eacute;s et donnent toujours le r&eacute;sultat souhait&eacute;. <\/p>\n\n\n<p>\nLes fraises Hybrid Twister conviennent aussi bien au broyage &agrave; sec qu&rsquo;au broyage humide. <\/p>\n\n","protected":false},"excerpt":{"rendered":"<p>Les fraises hybrides de Busch sont une combinaison de diamant et de c&eacute;ramique. En combinant ces mat&eacute;riaux, les coupeurs hybrides sont extr&ecirc;mement adapt&eacute;s au traitement des callosit&eacute;s. C&eacute;ramique : &eacute;limine rapidement la poussi&egrave;re, offre une surface lisse et fait gagner du temps. Diamant : a une longue dur&eacute;e de vie. Ces fraises grossi&egrave;res peuvent &ecirc;tre &hellip; <\/p>\n<p class=\"link-more\"><a href=\"https:\/\/www.praktivak.be\/fr\/produit\/hybrid-twister-medium-grain-ht854r-095\/\" class=\"more-link\">Continuer la lecture<span class=\"screen-reader-text\"> \u00ab\u00a0Hybrid Twister medium grain HT854R-095\u00a0\u00bb<\/span><\/a><\/p>\n","protected":false},"author":1,"featured_media":294399,"template":"","meta":{"_acf_changed":false,"_relevanssi_hide_post":"","_relevanssi_hide_content":"","_relevanssi_pin_for_all":"","_relevanssi_pin_keywords":"","_relevanssi_unpin_keywords":"","_relevanssi_related_keywords":"","_relevanssi_related_include_ids":"","_relevanssi_related_exclude_ids":"","_relevanssi_related_no_append":"","_relevanssi_related_not_related":"","_relevanssi_related_posts":"","_relevanssi_noindex_reason":"","advgb_blocks_editor_width":"","advgb_blocks_columns_visual_guide":"","footnotes":""},"product_brand":[],"product_cat":[2176],"product_tag":[],"class_list":{"0":"post-44999","1":"product","2":"type-product","3":"status-publish","4":"has-post-thumbnail","6":"product_cat-hybrid-twisters-busch-freesjes-en-toebehoren-instrumenten-pedicure-2-fr","8":"first","9":"instock","10":"taxable","11":"shipping-taxable","12":"product-type-simple"},"acf":[],"yoast_head":"<!-- This site is optimized with the Yoast SEO plugin v27.2 - https:\/\/yoast.com\/product\/yoast-seo-wordpress\/ -->\n<title>Hybrid Twister medium grain HT854R-095 - Praktivak<\/title>\n<meta name=\"robots\" content=\"index, follow, max-snippet:-1, max-image-preview:large, max-video-preview:-1\" \/>\n<link rel=\"canonical\" href=\"https:\/\/www.praktivak.be\/fr\/produit\/hybrid-twister-medium-grain-ht854r-095\/\" \/>\n<meta property=\"og:locale\" content=\"fr_FR\" \/>\n<meta property=\"og:type\" content=\"article\" \/>\n<meta property=\"og:title\" content=\"Hybrid Twister medium grain HT854R-095 - Praktivak\" \/>\n<meta property=\"og:description\" content=\"Les fraises hybrides de Busch sont une combinaison de diamant et de c&eacute;ramique. En combinant ces mat&eacute;riaux, les coupeurs hybrides sont extr&ecirc;mement adapt&eacute;s au traitement des callosit&eacute;s. C&eacute;ramique : &eacute;limine rapidement la poussi&egrave;re, offre une surface lisse et fait gagner du temps. Diamant : a une longue dur&eacute;e de vie. Ces fraises grossi&egrave;res peuvent &ecirc;tre &hellip; Continuer la lecture &quot;Hybrid Twister medium grain HT854R-095&quot;\" \/>\n<meta property=\"og:url\" content=\"https:\/\/www.praktivak.be\/fr\/produit\/hybrid-twister-medium-grain-ht854r-095\/\" \/>\n<meta property=\"og:site_name\" content=\"Praktivak\" \/>\n<meta property=\"article:modified_time\" content=\"2026-02-01T02:00:35+00:00\" \/>\n<meta property=\"og:image\" content=\"https:\/\/www.praktivak.be\/wp-content\/uploads\/2025\/09\/HT854R-095-2.jpg\" \/>\n\t<meta property=\"og:image:width\" content=\"210\" \/>\n\t<meta property=\"og:image:height\" content=\"210\" \/>\n\t<meta property=\"og:image:type\" content=\"image\/jpeg\" \/>\n<meta name=\"twitter:card\" content=\"summary_large_image\" \/>\n<script type=\"application\/ld+json\" class=\"yoast-schema-graph\">{\"@context\":\"https:\/\/schema.org\",\"@graph\":[{\"@type\":\"WebPage\",\"@id\":\"https:\/\/www.praktivak.be\/fr\/produit\/hybrid-twister-medium-grain-ht854r-095\/\",\"url\":\"https:\/\/www.praktivak.be\/fr\/produit\/hybrid-twister-medium-grain-ht854r-095\/\",\"name\":\"Hybrid Twister medium grain HT854R-095 - Praktivak\",\"isPartOf\":{\"@id\":\"https:\/\/www.praktivak.be\/fr\/#website\"},\"primaryImageOfPage\":{\"@id\":\"https:\/\/www.praktivak.be\/fr\/produit\/hybrid-twister-medium-grain-ht854r-095\/#primaryimage\"},\"image\":{\"@id\":\"https:\/\/www.praktivak.be\/fr\/produit\/hybrid-twister-medium-grain-ht854r-095\/#primaryimage\"},\"thumbnailUrl\":\"https:\/\/www.praktivak.be\/wp-content\/uploads\/2025\/09\/HT854R-095-2.jpg\",\"datePublished\":\"2025-05-13T19:42:43+00:00\",\"dateModified\":\"2026-02-01T02:00:35+00:00\",\"breadcrumb\":{\"@id\":\"https:\/\/www.praktivak.be\/fr\/produit\/hybrid-twister-medium-grain-ht854r-095\/#breadcrumb\"},\"inLanguage\":\"fr-FR\",\"potentialAction\":[{\"@type\":\"ReadAction\",\"target\":[\"https:\/\/www.praktivak.be\/fr\/produit\/hybrid-twister-medium-grain-ht854r-095\/\"]}]},{\"@type\":\"ImageObject\",\"inLanguage\":\"fr-FR\",\"@id\":\"https:\/\/www.praktivak.be\/fr\/produit\/hybrid-twister-medium-grain-ht854r-095\/#primaryimage\",\"url\":\"https:\/\/www.praktivak.be\/wp-content\/uploads\/2025\/09\/HT854R-095-2.jpg\",\"contentUrl\":\"https:\/\/www.praktivak.be\/wp-content\/uploads\/2025\/09\/HT854R-095-2.jpg\",\"width\":210,\"height\":210},{\"@type\":\"BreadcrumbList\",\"@id\":\"https:\/\/www.praktivak.be\/fr\/produit\/hybrid-twister-medium-grain-ht854r-095\/#breadcrumb\",\"itemListElement\":[{\"@type\":\"ListItem\",\"position\":1,\"name\":\"Home\",\"item\":\"https:\/\/www.praktivak.be\/fr\/\"},{\"@type\":\"ListItem\",\"position\":2,\"name\":\"Boutique\",\"item\":\"https:\/\/www.praktivak.be\/fr\/boutique\/\"},{\"@type\":\"ListItem\",\"position\":3,\"name\":\"Hybrid Twister medium grain HT854R-095\"}]},{\"@type\":\"WebSite\",\"@id\":\"https:\/\/www.praktivak.be\/fr\/#website\",\"url\":\"https:\/\/www.praktivak.be\/fr\/\",\"name\":\"Praktivak\",\"description\":\"\",\"publisher\":{\"@id\":\"https:\/\/www.praktivak.be\/fr\/#organization\"},\"potentialAction\":[{\"@type\":\"SearchAction\",\"target\":{\"@type\":\"EntryPoint\",\"urlTemplate\":\"https:\/\/www.praktivak.be\/fr\/?s={search_term_string}\"},\"query-input\":{\"@type\":\"PropertyValueSpecification\",\"valueRequired\":true,\"valueName\":\"search_term_string\"}}],\"inLanguage\":\"fr-FR\"},{\"@type\":\"Organization\",\"@id\":\"https:\/\/www.praktivak.be\/fr\/#organization\",\"name\":\"Praktivak\",\"url\":\"https:\/\/www.praktivak.be\/fr\/\",\"logo\":{\"@type\":\"ImageObject\",\"inLanguage\":\"fr-FR\",\"@id\":\"https:\/\/www.praktivak.be\/fr\/#\/schema\/logo\/image\/\",\"url\":\"https:\/\/www.praktivak.be\/wp-content\/uploads\/2024\/09\/Logo.png\",\"contentUrl\":\"https:\/\/www.praktivak.be\/wp-content\/uploads\/2024\/09\/Logo.png\",\"width\":1774,\"height\":337,\"caption\":\"Praktivak\"},\"image\":{\"@id\":\"https:\/\/www.praktivak.be\/fr\/#\/schema\/logo\/image\/\"}}]}<\/script>\n<!-- \/ Yoast SEO plugin. -->","yoast_head_json":{"title":"Hybrid Twister medium grain HT854R-095 - Praktivak","robots":{"index":"index","follow":"follow","max-snippet":"max-snippet:-1","max-image-preview":"max-image-preview:large","max-video-preview":"max-video-preview:-1"},"canonical":"https:\/\/www.praktivak.be\/fr\/produit\/hybrid-twister-medium-grain-ht854r-095\/","og_locale":"fr_FR","og_type":"article","og_title":"Hybrid Twister medium grain HT854R-095 - Praktivak","og_description":"Les fraises hybrides de Busch sont une combinaison de diamant et de c&eacute;ramique. En combinant ces mat&eacute;riaux, les coupeurs hybrides sont extr&ecirc;mement adapt&eacute;s au traitement des callosit&eacute;s. C&eacute;ramique : &eacute;limine rapidement la poussi&egrave;re, offre une surface lisse et fait gagner du temps. Diamant : a une longue dur&eacute;e de vie. Ces fraises grossi&egrave;res peuvent &ecirc;tre &hellip; Continuer la lecture \"Hybrid Twister medium grain HT854R-095\"","og_url":"https:\/\/www.praktivak.be\/fr\/produit\/hybrid-twister-medium-grain-ht854r-095\/","og_site_name":"Praktivak","article_modified_time":"2026-02-01T02:00:35+00:00","og_image":[{"width":210,"height":210,"url":"https:\/\/www.praktivak.be\/wp-content\/uploads\/2025\/09\/HT854R-095-2.jpg","type":"image\/jpeg"}],"twitter_card":"summary_large_image","schema":{"@context":"https:\/\/schema.org","@graph":[{"@type":"WebPage","@id":"https:\/\/www.praktivak.be\/fr\/produit\/hybrid-twister-medium-grain-ht854r-095\/","url":"https:\/\/www.praktivak.be\/fr\/produit\/hybrid-twister-medium-grain-ht854r-095\/","name":"Hybrid Twister medium grain HT854R-095 - Praktivak","isPartOf":{"@id":"https:\/\/www.praktivak.be\/fr\/#website"},"primaryImageOfPage":{"@id":"https:\/\/www.praktivak.be\/fr\/produit\/hybrid-twister-medium-grain-ht854r-095\/#primaryimage"},"image":{"@id":"https:\/\/www.praktivak.be\/fr\/produit\/hybrid-twister-medium-grain-ht854r-095\/#primaryimage"},"thumbnailUrl":"https:\/\/www.praktivak.be\/wp-content\/uploads\/2025\/09\/HT854R-095-2.jpg","datePublished":"2025-05-13T19:42:43+00:00","dateModified":"2026-02-01T02:00:35+00:00","breadcrumb":{"@id":"https:\/\/www.praktivak.be\/fr\/produit\/hybrid-twister-medium-grain-ht854r-095\/#breadcrumb"},"inLanguage":"fr-FR","potentialAction":[{"@type":"ReadAction","target":["https:\/\/www.praktivak.be\/fr\/produit\/hybrid-twister-medium-grain-ht854r-095\/"]}]},{"@type":"ImageObject","inLanguage":"fr-FR","@id":"https:\/\/www.praktivak.be\/fr\/produit\/hybrid-twister-medium-grain-ht854r-095\/#primaryimage","url":"https:\/\/www.praktivak.be\/wp-content\/uploads\/2025\/09\/HT854R-095-2.jpg","contentUrl":"https:\/\/www.praktivak.be\/wp-content\/uploads\/2025\/09\/HT854R-095-2.jpg","width":210,"height":210},{"@type":"BreadcrumbList","@id":"https:\/\/www.praktivak.be\/fr\/produit\/hybrid-twister-medium-grain-ht854r-095\/#breadcrumb","itemListElement":[{"@type":"ListItem","position":1,"name":"Home","item":"https:\/\/www.praktivak.be\/fr\/"},{"@type":"ListItem","position":2,"name":"Boutique","item":"https:\/\/www.praktivak.be\/fr\/boutique\/"},{"@type":"ListItem","position":3,"name":"Hybrid Twister medium grain HT854R-095"}]},{"@type":"WebSite","@id":"https:\/\/www.praktivak.be\/fr\/#website","url":"https:\/\/www.praktivak.be\/fr\/","name":"Praktivak","description":"","publisher":{"@id":"https:\/\/www.praktivak.be\/fr\/#organization"},"potentialAction":[{"@type":"SearchAction","target":{"@type":"EntryPoint","urlTemplate":"https:\/\/www.praktivak.be\/fr\/?s={search_term_string}"},"query-input":{"@type":"PropertyValueSpecification","valueRequired":true,"valueName":"search_term_string"}}],"inLanguage":"fr-FR"},{"@type":"Organization","@id":"https:\/\/www.praktivak.be\/fr\/#organization","name":"Praktivak","url":"https:\/\/www.praktivak.be\/fr\/","logo":{"@type":"ImageObject","inLanguage":"fr-FR","@id":"https:\/\/www.praktivak.be\/fr\/#\/schema\/logo\/image\/","url":"https:\/\/www.praktivak.be\/wp-content\/uploads\/2024\/09\/Logo.png","contentUrl":"https:\/\/www.praktivak.be\/wp-content\/uploads\/2024\/09\/Logo.png","width":1774,"height":337,"caption":"Praktivak"},"image":{"@id":"https:\/\/www.praktivak.be\/fr\/#\/schema\/logo\/image\/"}}]}},"featured_img":"https:\/\/www.praktivak.be\/wp-content\/uploads\/2025\/09\/HT854R-095-2.jpg","coauthors":[],"author_meta":{"author_link":"https:\/\/www.praktivak.be\/fr\/author\/madeit\/","display_name":"Tjebbe Lievens"},"relative_dates":{"created":"Publi\u00e9 11 mois il y a","modified":"Mis \u00e0 jour 2 mois il y a"},"absolute_dates":{"created":"Publi\u00e9 le 13 mai 2025","modified":"Mise \u00e0 jour le 1 f\u00e9vrier 2026"},"absolute_dates_time":{"created":"Publi\u00e9 le 13 mai 2025 21h42","modified":"Mise \u00e0 jour le 1 f\u00e9vrier 2026 3h00"},"featured_img_caption":"","tax_additional":{"product_brand":{"linked":[],"unlinked":[],"slug":"product_brand","name":"Marques"},"product_type":{"linked":["<a href=\"https:\/\/www.praktivak.be\/fr\/?taxonomy=product_type&#038;term=simple\" class=\"advgb-post-tax-term\">simple<\/a>"],"unlinked":["<span class=\"advgb-post-tax-term\">simple<\/span>"],"slug":"product_type","name":"Type de produit"},"product_visibility":{"linked":[],"unlinked":[],"slug":"product_visibility","name":"Visibilit\u00e9 du produit"},"product_cat":{"linked":["<a href=\"https:\/\/www.praktivak.be\/fr\/categorie-de-produit\/pedicure-2-fr\/instrumenten\/freesjes-en-toebehoren\/busch\/hybrid-twisters-busch-freesjes-en-toebehoren-instrumenten-pedicure-2-fr\/\" class=\"advgb-post-tax-term\">Hybrid Twist<\/a>"],"unlinked":["<span class=\"advgb-post-tax-term\">Hybrid Twist<\/span>"],"slug":"product_cat","name":"Cat\u00e9gories de produits"},"product_tag":{"linked":[],"unlinked":[],"slug":"product_tag","name":"\u00c9tiquettes produit"},"product_shipping_class":{"linked":[],"unlinked":[],"slug":"product_shipping_class","name":"Classe d\u2019exp\u00e9dition du produit"},"pos_product_visibility":{"linked":[],"unlinked":[],"slug":"pos_product_visibility","name":"Visibilit\u00e9 du produit sur le point de vente"},"translation_priority":{"linked":[],"unlinked":[],"slug":"translation_priority","name":"Priorit\u00e9s de traduction"}},"series_order":"","_links":{"self":[{"href":"https:\/\/www.praktivak.be\/fr\/wp-json\/wp\/v2\/product\/44999","targetHints":{"allow":["GET"]}}],"collection":[{"href":"https:\/\/www.praktivak.be\/fr\/wp-json\/wp\/v2\/product"}],"about":[{"href":"https:\/\/www.praktivak.be\/fr\/wp-json\/wp\/v2\/types\/product"}],"version-history":[{"count":83,"href":"https:\/\/www.praktivak.be\/fr\/wp-json\/wp\/v2\/product\/44999\/revisions"}],"predecessor-version":[{"id":336396,"href":"https:\/\/www.praktivak.be\/fr\/wp-json\/wp\/v2\/product\/44999\/revisions\/336396"}],"wp:featuredmedia":[{"embeddable":true,"href":"https:\/\/www.praktivak.be\/fr\/wp-json\/wp\/v2\/media\/294399"}],"wp:attachment":[{"href":"https:\/\/www.praktivak.be\/fr\/wp-json\/wp\/v2\/media?parent=44999"}],"wp:term":[{"taxonomy":"product_brand","embeddable":true,"href":"https:\/\/www.praktivak.be\/fr\/wp-json\/wp\/v2\/product_brand?post=44999"},{"taxonomy":"product_cat","embeddable":true,"href":"https:\/\/www.praktivak.be\/fr\/wp-json\/wp\/v2\/product_cat?post=44999"},{"taxonomy":"product_tag","embeddable":true,"href":"https:\/\/www.praktivak.be\/fr\/wp-json\/wp\/v2\/product_tag?post=44999"}],"curies":[{"name":"wp","href":"https:\/\/api.w.org\/{rel}","templated":true}]}}