

{"id":44959,"date":"2025-05-13T21:41:42","date_gmt":"2025-05-13T19:41:42","guid":{"rendered":"https:\/\/www.praktivak.be\/product\/carboxyneo-apparaat-inclusief-introductie\/"},"modified":"2026-03-26T10:46:25","modified_gmt":"2026-03-26T09:46:25","slug":"carboxyneo-apparaat-inclusief-introductie","status":"publish","type":"product","link":"https:\/\/www.praktivak.be\/fr\/produit\/carboxyneo-apparaat-inclusief-introductie\/","title":{"rendered":"CarboXyneo apparaat inclusief introductie"},"content":{"rendered":"\n<p>CarboXyneo is een nieuwe huidbehandeling waarbij gelijktijdig 3 effecten worden toegepast.<br>\nDeze unieke 3 in 1 huidbehandeling verbetert de huidtextuur en geeft de huid een stralend en verzorgd aanzien.<br>\nKlanten voelen het effect van deze behandeling direct.<br>\nVoor nog beter resultaat wordt een kuur van meerdere behandelingen geadviseerd.<\/p>\n<p>De 3 carboXyneo efffecten tijdens een Glowskin O+ behandeling zijn:<br>\n1. Exfoliatie van de bovenste huidlaag.<br>\n2. Insluizen van hoog werkzame werkstoffen.<br>\n3. Verhoging van de natuurlijke zuurstoftoevoer in de huid van binnenuit (Bohr effect) .<\/p>\n<p>De carboXyneo 3 -in-1 Glowskin O+ behandeling biedt een alternatief voor microdermabrasie, chemische peeling en zuurstofbehandeling in &eacute;&eacute;n. <\/p>\n<p>Tijdens de aangename carboXyneo behandeling wordt de huid gelijktijdig mild ge&euml;xfolieerd en voorzien van actieve werkstoffen terwijl zuurstof van binnenuit naar de huid wordt gevoerd (Bohr effect) <\/p>\n<p>Het carboXyneo platform is tevens standaard voorzien van een multi-polair handstuk voor facial RF lifting<\/p>\n<p>Het RF handstuk biedt comfortabele &amp; effectieve Radiofrequentie ( RF)  technologie voor huidverstrakking en versteviging.<\/p>\n<p>Resultaten bij RF facial lifting:<br>\nHuidverstrakking &amp; lifting &#149; Facial sculpting &amp; contouring &#149; Acne vermindering  &#149; Rimpel vermindering  &#149; Vermindering onderkin.<\/p>\n<p>SKIN-CAP &amp; GEL<br>\nDe carboXyneo Glowskin O+ behandeling kan worden uitgevoerd met 2 verschillende gels ( Rejuvenation Gel en Lightening Gel )<\/p>\n<p>De carboXyneo Glowskin O+ behandeling wordt uitgevoerd met een unieke carboXyneo skin-cap die op het handstuk wordt geplaatst.<\/p>\n<p>De carboXyneo skin-cap zorgt voor milde exfoliatie en reageert met de toegepaste gel waardoor koolstofdioxide belletjes tegen het huidoppervlak uiteenspatten.<br>\nDeze reactie staat bekend als het Bohr-effect&nbsp;&raquo; <\/p>\n<p>De actieve skin-cap zorgt dankzij de combinatie van exfoliatie van de bovenste huidlaag en veroorzaking van het Bohr-effect (zuurstof van binnenuit) voor betere opname van werkzame stoffen en directe huidverbetering.<\/p>\n\n","protected":false},"excerpt":{"rendered":"<p>CarboXyneo is een nieuwe huidbehandeling waarbij gelijktijdig 3 effecten worden toegepast. Deze unieke 3 in 1 huidbehandeling verbetert de huidtextuur en geeft de huid een stralend en verzorgd aanzien. Klanten voelen het effect van deze behandeling direct. Voor nog beter resultaat wordt een kuur van meerdere behandelingen geadviseerd. De 3 carboXyneo efffecten tijdens een Glowskin &hellip; <\/p>\n<p class=\"link-more\"><a href=\"https:\/\/www.praktivak.be\/fr\/produit\/carboxyneo-apparaat-inclusief-introductie\/\" class=\"more-link\">Continuer la lecture<span class=\"screen-reader-text\"> \u00ab\u00a0CarboXyneo apparaat inclusief introductie\u00a0\u00bb<\/span><\/a><\/p>\n","protected":false},"author":1,"featured_media":287807,"template":"","meta":{"_acf_changed":false,"_relevanssi_hide_post":"","_relevanssi_hide_content":"","_relevanssi_pin_for_all":"","_relevanssi_pin_keywords":"","_relevanssi_unpin_keywords":"","_relevanssi_related_keywords":"","_relevanssi_related_include_ids":"","_relevanssi_related_exclude_ids":"","_relevanssi_related_no_append":"","_relevanssi_related_not_related":"","_relevanssi_related_posts":"","_relevanssi_noindex_reason":"","advgb_blocks_editor_width":"","advgb_blocks_columns_visual_guide":"","footnotes":""},"product_brand":[],"product_cat":[2125],"product_tag":[],"class_list":{"0":"post-44959","1":"product","2":"type-product","3":"status-publish","4":"has-post-thumbnail","6":"product_cat-apparatuur-carboxyneo-specialistische-apparatuur-esthetische-apparatuur-fr","8":"first","9":"instock","10":"taxable","11":"shipping-taxable","12":"product-type-simple"},"acf":[],"yoast_head":"<!-- This site is optimized with the Yoast SEO plugin v27.2 - https:\/\/yoast.com\/product\/yoast-seo-wordpress\/ -->\n<title>CarboXyneo apparaat inclusief introductie - Praktivak<\/title>\n<meta name=\"robots\" content=\"index, follow, max-snippet:-1, max-image-preview:large, max-video-preview:-1\" \/>\n<link rel=\"canonical\" href=\"https:\/\/www.praktivak.be\/fr\/produit\/carboxyneo-apparaat-inclusief-introductie\/\" \/>\n<meta property=\"og:locale\" content=\"fr_FR\" \/>\n<meta property=\"og:type\" content=\"article\" \/>\n<meta property=\"og:title\" content=\"CarboXyneo apparaat inclusief introductie - Praktivak\" \/>\n<meta property=\"og:description\" content=\"CarboXyneo is een nieuwe huidbehandeling waarbij gelijktijdig 3 effecten worden toegepast. Deze unieke 3 in 1 huidbehandeling verbetert de huidtextuur en geeft de huid een stralend en verzorgd aanzien. Klanten voelen het effect van deze behandeling direct. Voor nog beter resultaat wordt een kuur van meerdere behandelingen geadviseerd. De 3 carboXyneo efffecten tijdens een Glowskin &hellip; Continuer la lecture &quot;CarboXyneo apparaat inclusief introductie&quot;\" \/>\n<meta property=\"og:url\" content=\"https:\/\/www.praktivak.be\/fr\/produit\/carboxyneo-apparaat-inclusief-introductie\/\" \/>\n<meta property=\"og:site_name\" content=\"Praktivak\" \/>\n<meta property=\"article:modified_time\" content=\"2026-03-26T09:46:25+00:00\" \/>\n<meta property=\"og:image\" content=\"https:\/\/www.praktivak.be\/wp-content\/uploads\/2025\/09\/S18200I-2.jpg\" \/>\n\t<meta property=\"og:image:width\" content=\"1000\" \/>\n\t<meta property=\"og:image:height\" content=\"908\" \/>\n\t<meta property=\"og:image:type\" content=\"image\/jpeg\" \/>\n<meta name=\"twitter:card\" content=\"summary_large_image\" \/>\n<meta name=\"twitter:label1\" content=\"Dur\u00e9e de lecture estim\u00e9e\" \/>\n\t<meta name=\"twitter:data1\" content=\"1 minute\" \/>\n<script type=\"application\/ld+json\" class=\"yoast-schema-graph\">{\"@context\":\"https:\/\/schema.org\",\"@graph\":[{\"@type\":\"WebPage\",\"@id\":\"https:\/\/www.praktivak.be\/fr\/produit\/carboxyneo-apparaat-inclusief-introductie\/\",\"url\":\"https:\/\/www.praktivak.be\/fr\/produit\/carboxyneo-apparaat-inclusief-introductie\/\",\"name\":\"CarboXyneo apparaat inclusief introductie - Praktivak\",\"isPartOf\":{\"@id\":\"https:\/\/www.praktivak.be\/fr\/#website\"},\"primaryImageOfPage\":{\"@id\":\"https:\/\/www.praktivak.be\/fr\/produit\/carboxyneo-apparaat-inclusief-introductie\/#primaryimage\"},\"image\":{\"@id\":\"https:\/\/www.praktivak.be\/fr\/produit\/carboxyneo-apparaat-inclusief-introductie\/#primaryimage\"},\"thumbnailUrl\":\"https:\/\/www.praktivak.be\/wp-content\/uploads\/2025\/09\/S18200I-2.jpg\",\"datePublished\":\"2025-05-13T19:41:42+00:00\",\"dateModified\":\"2026-03-26T09:46:25+00:00\",\"breadcrumb\":{\"@id\":\"https:\/\/www.praktivak.be\/fr\/produit\/carboxyneo-apparaat-inclusief-introductie\/#breadcrumb\"},\"inLanguage\":\"fr-FR\",\"potentialAction\":[{\"@type\":\"ReadAction\",\"target\":[\"https:\/\/www.praktivak.be\/fr\/produit\/carboxyneo-apparaat-inclusief-introductie\/\"]}]},{\"@type\":\"ImageObject\",\"inLanguage\":\"fr-FR\",\"@id\":\"https:\/\/www.praktivak.be\/fr\/produit\/carboxyneo-apparaat-inclusief-introductie\/#primaryimage\",\"url\":\"https:\/\/www.praktivak.be\/wp-content\/uploads\/2025\/09\/S18200I-2.jpg\",\"contentUrl\":\"https:\/\/www.praktivak.be\/wp-content\/uploads\/2025\/09\/S18200I-2.jpg\",\"width\":1000,\"height\":908},{\"@type\":\"BreadcrumbList\",\"@id\":\"https:\/\/www.praktivak.be\/fr\/produit\/carboxyneo-apparaat-inclusief-introductie\/#breadcrumb\",\"itemListElement\":[{\"@type\":\"ListItem\",\"position\":1,\"name\":\"Home\",\"item\":\"https:\/\/www.praktivak.be\/fr\/\"},{\"@type\":\"ListItem\",\"position\":2,\"name\":\"Boutique\",\"item\":\"https:\/\/www.praktivak.be\/fr\/boutique\/\"},{\"@type\":\"ListItem\",\"position\":3,\"name\":\"CarboXyneo apparaat inclusief introductie\"}]},{\"@type\":\"WebSite\",\"@id\":\"https:\/\/www.praktivak.be\/fr\/#website\",\"url\":\"https:\/\/www.praktivak.be\/fr\/\",\"name\":\"Praktivak\",\"description\":\"\",\"publisher\":{\"@id\":\"https:\/\/www.praktivak.be\/fr\/#organization\"},\"potentialAction\":[{\"@type\":\"SearchAction\",\"target\":{\"@type\":\"EntryPoint\",\"urlTemplate\":\"https:\/\/www.praktivak.be\/fr\/?s={search_term_string}\"},\"query-input\":{\"@type\":\"PropertyValueSpecification\",\"valueRequired\":true,\"valueName\":\"search_term_string\"}}],\"inLanguage\":\"fr-FR\"},{\"@type\":\"Organization\",\"@id\":\"https:\/\/www.praktivak.be\/fr\/#organization\",\"name\":\"Praktivak\",\"url\":\"https:\/\/www.praktivak.be\/fr\/\",\"logo\":{\"@type\":\"ImageObject\",\"inLanguage\":\"fr-FR\",\"@id\":\"https:\/\/www.praktivak.be\/fr\/#\/schema\/logo\/image\/\",\"url\":\"https:\/\/www.praktivak.be\/wp-content\/uploads\/2024\/09\/Logo.png\",\"contentUrl\":\"https:\/\/www.praktivak.be\/wp-content\/uploads\/2024\/09\/Logo.png\",\"width\":1774,\"height\":337,\"caption\":\"Praktivak\"},\"image\":{\"@id\":\"https:\/\/www.praktivak.be\/fr\/#\/schema\/logo\/image\/\"}}]}<\/script>\n<!-- \/ Yoast SEO plugin. -->","yoast_head_json":{"title":"CarboXyneo apparaat inclusief introductie - Praktivak","robots":{"index":"index","follow":"follow","max-snippet":"max-snippet:-1","max-image-preview":"max-image-preview:large","max-video-preview":"max-video-preview:-1"},"canonical":"https:\/\/www.praktivak.be\/fr\/produit\/carboxyneo-apparaat-inclusief-introductie\/","og_locale":"fr_FR","og_type":"article","og_title":"CarboXyneo apparaat inclusief introductie - Praktivak","og_description":"CarboXyneo is een nieuwe huidbehandeling waarbij gelijktijdig 3 effecten worden toegepast. Deze unieke 3 in 1 huidbehandeling verbetert de huidtextuur en geeft de huid een stralend en verzorgd aanzien. Klanten voelen het effect van deze behandeling direct. Voor nog beter resultaat wordt een kuur van meerdere behandelingen geadviseerd. De 3 carboXyneo efffecten tijdens een Glowskin &hellip; Continuer la lecture \"CarboXyneo apparaat inclusief introductie\"","og_url":"https:\/\/www.praktivak.be\/fr\/produit\/carboxyneo-apparaat-inclusief-introductie\/","og_site_name":"Praktivak","article_modified_time":"2026-03-26T09:46:25+00:00","og_image":[{"width":1000,"height":908,"url":"https:\/\/www.praktivak.be\/wp-content\/uploads\/2025\/09\/S18200I-2.jpg","type":"image\/jpeg"}],"twitter_card":"summary_large_image","twitter_misc":{"Dur\u00e9e de lecture estim\u00e9e":"1 minute"},"schema":{"@context":"https:\/\/schema.org","@graph":[{"@type":"WebPage","@id":"https:\/\/www.praktivak.be\/fr\/produit\/carboxyneo-apparaat-inclusief-introductie\/","url":"https:\/\/www.praktivak.be\/fr\/produit\/carboxyneo-apparaat-inclusief-introductie\/","name":"CarboXyneo apparaat inclusief introductie - Praktivak","isPartOf":{"@id":"https:\/\/www.praktivak.be\/fr\/#website"},"primaryImageOfPage":{"@id":"https:\/\/www.praktivak.be\/fr\/produit\/carboxyneo-apparaat-inclusief-introductie\/#primaryimage"},"image":{"@id":"https:\/\/www.praktivak.be\/fr\/produit\/carboxyneo-apparaat-inclusief-introductie\/#primaryimage"},"thumbnailUrl":"https:\/\/www.praktivak.be\/wp-content\/uploads\/2025\/09\/S18200I-2.jpg","datePublished":"2025-05-13T19:41:42+00:00","dateModified":"2026-03-26T09:46:25+00:00","breadcrumb":{"@id":"https:\/\/www.praktivak.be\/fr\/produit\/carboxyneo-apparaat-inclusief-introductie\/#breadcrumb"},"inLanguage":"fr-FR","potentialAction":[{"@type":"ReadAction","target":["https:\/\/www.praktivak.be\/fr\/produit\/carboxyneo-apparaat-inclusief-introductie\/"]}]},{"@type":"ImageObject","inLanguage":"fr-FR","@id":"https:\/\/www.praktivak.be\/fr\/produit\/carboxyneo-apparaat-inclusief-introductie\/#primaryimage","url":"https:\/\/www.praktivak.be\/wp-content\/uploads\/2025\/09\/S18200I-2.jpg","contentUrl":"https:\/\/www.praktivak.be\/wp-content\/uploads\/2025\/09\/S18200I-2.jpg","width":1000,"height":908},{"@type":"BreadcrumbList","@id":"https:\/\/www.praktivak.be\/fr\/produit\/carboxyneo-apparaat-inclusief-introductie\/#breadcrumb","itemListElement":[{"@type":"ListItem","position":1,"name":"Home","item":"https:\/\/www.praktivak.be\/fr\/"},{"@type":"ListItem","position":2,"name":"Boutique","item":"https:\/\/www.praktivak.be\/fr\/boutique\/"},{"@type":"ListItem","position":3,"name":"CarboXyneo apparaat inclusief introductie"}]},{"@type":"WebSite","@id":"https:\/\/www.praktivak.be\/fr\/#website","url":"https:\/\/www.praktivak.be\/fr\/","name":"Praktivak","description":"","publisher":{"@id":"https:\/\/www.praktivak.be\/fr\/#organization"},"potentialAction":[{"@type":"SearchAction","target":{"@type":"EntryPoint","urlTemplate":"https:\/\/www.praktivak.be\/fr\/?s={search_term_string}"},"query-input":{"@type":"PropertyValueSpecification","valueRequired":true,"valueName":"search_term_string"}}],"inLanguage":"fr-FR"},{"@type":"Organization","@id":"https:\/\/www.praktivak.be\/fr\/#organization","name":"Praktivak","url":"https:\/\/www.praktivak.be\/fr\/","logo":{"@type":"ImageObject","inLanguage":"fr-FR","@id":"https:\/\/www.praktivak.be\/fr\/#\/schema\/logo\/image\/","url":"https:\/\/www.praktivak.be\/wp-content\/uploads\/2024\/09\/Logo.png","contentUrl":"https:\/\/www.praktivak.be\/wp-content\/uploads\/2024\/09\/Logo.png","width":1774,"height":337,"caption":"Praktivak"},"image":{"@id":"https:\/\/www.praktivak.be\/fr\/#\/schema\/logo\/image\/"}}]}},"featured_img":"https:\/\/www.praktivak.be\/wp-content\/uploads\/2025\/09\/S18200I-2.jpg","coauthors":[],"author_meta":{"author_link":"https:\/\/www.praktivak.be\/fr\/author\/madeit\/","display_name":"Tjebbe Lievens"},"relative_dates":{"created":"Publi\u00e9 11 mois il y a","modified":"Mis \u00e0 jour 2 semaines il y a"},"absolute_dates":{"created":"Publi\u00e9 le 13 mai 2025","modified":"Mise \u00e0 jour le 26 mars 2026"},"absolute_dates_time":{"created":"Publi\u00e9 le 13 mai 2025 21h41","modified":"Mise \u00e0 jour le 26 mars 2026 10h46"},"featured_img_caption":"","tax_additional":{"product_brand":{"linked":[],"unlinked":[],"slug":"product_brand","name":"Marques"},"product_type":{"linked":["<a href=\"https:\/\/www.praktivak.be\/fr\/?taxonomy=product_type&#038;term=simple\" class=\"advgb-post-tax-term\">simple<\/a>"],"unlinked":["<span class=\"advgb-post-tax-term\">simple<\/span>"],"slug":"product_type","name":"Type de produit"},"product_visibility":{"linked":[],"unlinked":[],"slug":"product_visibility","name":"Visibilit\u00e9 du produit"},"product_cat":{"linked":["<a href=\"https:\/\/www.praktivak.be\/fr\/categorie-de-produit\/esthetische-apparatuur-fr\/specialistische-apparatuur-esthetische-apparatuur-fr\/carboxyneo-specialistische-apparatuur-esthetische-apparatuur-fr\/apparatuur-carboxyneo-specialistische-apparatuur-esthetische-apparatuur-fr\/\" class=\"advgb-post-tax-term\">Appareils<\/a>"],"unlinked":["<span class=\"advgb-post-tax-term\">Appareils<\/span>"],"slug":"product_cat","name":"Cat\u00e9gories de produits"},"product_tag":{"linked":[],"unlinked":[],"slug":"product_tag","name":"\u00c9tiquettes produit"},"product_shipping_class":{"linked":[],"unlinked":[],"slug":"product_shipping_class","name":"Classe d\u2019exp\u00e9dition du produit"},"pos_product_visibility":{"linked":[],"unlinked":[],"slug":"pos_product_visibility","name":"Visibilit\u00e9 du produit sur le point de vente"},"translation_priority":{"linked":[],"unlinked":[],"slug":"translation_priority","name":"Priorit\u00e9s de traduction"}},"series_order":"","_links":{"self":[{"href":"https:\/\/www.praktivak.be\/fr\/wp-json\/wp\/v2\/product\/44959","targetHints":{"allow":["GET"]}}],"collection":[{"href":"https:\/\/www.praktivak.be\/fr\/wp-json\/wp\/v2\/product"}],"about":[{"href":"https:\/\/www.praktivak.be\/fr\/wp-json\/wp\/v2\/types\/product"}],"version-history":[{"count":106,"href":"https:\/\/www.praktivak.be\/fr\/wp-json\/wp\/v2\/product\/44959\/revisions"}],"predecessor-version":[{"id":353505,"href":"https:\/\/www.praktivak.be\/fr\/wp-json\/wp\/v2\/product\/44959\/revisions\/353505"}],"wp:featuredmedia":[{"embeddable":true,"href":"https:\/\/www.praktivak.be\/fr\/wp-json\/wp\/v2\/media\/287807"}],"wp:attachment":[{"href":"https:\/\/www.praktivak.be\/fr\/wp-json\/wp\/v2\/media?parent=44959"}],"wp:term":[{"taxonomy":"product_brand","embeddable":true,"href":"https:\/\/www.praktivak.be\/fr\/wp-json\/wp\/v2\/product_brand?post=44959"},{"taxonomy":"product_cat","embeddable":true,"href":"https:\/\/www.praktivak.be\/fr\/wp-json\/wp\/v2\/product_cat?post=44959"},{"taxonomy":"product_tag","embeddable":true,"href":"https:\/\/www.praktivak.be\/fr\/wp-json\/wp\/v2\/product_tag?post=44959"}],"curies":[{"name":"wp","href":"https:\/\/api.w.org\/{rel}","templated":true}]}}