

{"id":44282,"date":"2025-05-13T20:56:22","date_gmt":"2025-05-13T18:56:22","guid":{"rendered":"https:\/\/www.praktivak.be\/product\/aqua-derma-apparaat\/"},"modified":"2026-02-01T16:40:44","modified_gmt":"2026-02-01T15:40:44","slug":"aqua-dermabrasion","status":"publish","type":"product","link":"https:\/\/www.praktivak.be\/fr\/produit\/aqua-dermabrasion\/","title":{"rendered":"Aqua Dermabrasion"},"content":{"rendered":"\n<p>\nHydra dermabrasion de l&rsquo;eau est une nouvelle technologie qui est beaucoup plus doux que la microdermabrasion de cristal ou de diamant dermabrasion.<\/p>\n\n<p>\nL&rsquo;Aqua Derma Player est un appareil d&rsquo;hydrodermabrasion (aussi appel&eacute; Aqua-Dermabrasion ou Hydra-Facial).<\/p>\n\n\n<p>\nL&rsquo;hydrodermabrasion est un traitement non invasif en 4 &eacute;tapes :<\/p>\n\n<p>\n1. Nettoyage &amp; Extraction : Sous vide, la peau est nettoy&eacute;e en profondeur avec les fluides sp&eacute;ciaux et l&rsquo;extraction s&eacute;bum\/talgue des com&eacute;dons et des pores a lieu. La salet&eacute; et le s&eacute;bum sont enlev&eacute;s dans le r&eacute;cipient de collecte.<\/p>\n\n<p>\n2. Exfoliation &amp; Peeling : avec l&rsquo;hydrodermabrasion, la peau est exfoli&eacute;e avec des liquides sp&eacute;ciaux (solutions AHA et BHA). Les cellules cutan&eacute;es\/d&eacute;bris morts sont enlev&eacute;s et jet&eacute;s dans le r&eacute;cipient de collecte.<\/p>\n\n<p>\n3. Hydratez et apaisez : l&rsquo;infusion d&rsquo;acide hyaluronique avec des additifs procure une hydratation intensive et apaise la peau.<\/p>\n\n<p>\n4. Verrouillage \/ Alimentation : L&rsquo;hydro-dermabrasion permet &eacute;galement de fixer directement les s&eacute;rums et les principes actifs dans la peau. De plus, le massage sous vide augmente la circulation sanguine et l&rsquo;activit&eacute; lymphatique de sorte que les substances sont absorb&eacute;es plus rapidement et mieux.<\/p>\n\n\n<p>\nTout cela se passe en un seul traitement confortable et indolore avec de jolis r&eacute;sultats.<\/p>\n<p>\nApr&egrave;s le traitement, la peau para&icirc;t &agrave; nouveau fra&icirc;che et saine,<\/p>\n\n\n<p>\nL&rsquo;hydrodermabrasion est recommand&eacute;e pour les traitements g&eacute;n&eacute;raux de rajeunissement et d&rsquo;embellissement de la peau (rajeunissement et anti-&acirc;ge).<\/p>\n\n\n<p>\nL&rsquo;hydrodermabrasion est &eacute;galement recommand&eacute;e pour un large &eacute;ventail de probl&egrave;mes cutan&eacute;s, y compris la peau impure, l&rsquo;acn&eacute;, les pores dilat&eacute;s, la peau s&egrave;che, la peau terne, etc.<\/p>\n\n<p>\nEFFET VORTREX<\/p>\n\n\n<p>\nLa conception sp&eacute;ciale en spirale des pointes Vortrex Hydro-Dermabrasion, associ&eacute;e &agrave; une technologie unique de mise sous vide, produit l'&nbsp;&raquo;effet Vortrex&nbsp;&raquo; sur la peau.<\/p>\n<p>\nGr&acirc;ce &agrave; l&rsquo;effet Vortrex, la peau est nettoy&eacute;e et exfoli&eacute;e intens&eacute;ment et toutes les impuret&eacute;s sont &eacute;limin&eacute;es efficacement.<\/p>\n\n<p>\n&laquo;&nbsp;<\/p>\n\n","protected":false},"excerpt":{"rendered":"<p>Hydra dermabrasion de l&rsquo;eau est une nouvelle technologie qui est beaucoup plus doux que la microdermabrasion de cristal ou de diamant dermabrasion. L&rsquo;Aqua Derma Player est un appareil d&rsquo;hydrodermabrasion (aussi appel&eacute; Aqua-Dermabrasion ou Hydra-Facial). L&rsquo;hydrodermabrasion est un traitement non invasif en 4 &eacute;tapes : 1. Nettoyage &amp; Extraction : Sous vide, la peau est nettoy&eacute;e &hellip; <\/p>\n<p class=\"link-more\"><a href=\"https:\/\/www.praktivak.be\/fr\/produit\/aqua-dermabrasion\/\" class=\"more-link\">Continuer la lecture<span class=\"screen-reader-text\"> \u00ab\u00a0Aqua Dermabrasion\u00a0\u00bb<\/span><\/a><\/p>\n","protected":false},"author":1,"featured_media":285977,"template":"","meta":{"_acf_changed":false,"_relevanssi_hide_post":"","_relevanssi_hide_content":"","_relevanssi_pin_for_all":"","_relevanssi_pin_keywords":"","_relevanssi_unpin_keywords":"","_relevanssi_related_keywords":"","_relevanssi_related_include_ids":"","_relevanssi_related_exclude_ids":"","_relevanssi_related_no_append":"","_relevanssi_related_not_related":"","_relevanssi_related_posts":"","_relevanssi_noindex_reason":"","advgb_blocks_editor_width":"","advgb_blocks_columns_visual_guide":"","footnotes":""},"product_brand":[],"product_cat":[2178],"product_tag":[],"class_list":{"0":"post-44282","1":"product","2":"type-product","3":"status-publish","4":"has-post-thumbnail","6":"product_cat-apparatuur-aquaderma-fr","8":"first","9":"instock","10":"taxable","11":"shipping-taxable","12":"product-type-simple"},"acf":[],"yoast_head":"<!-- This site is optimized with the Yoast SEO plugin v27.2 - https:\/\/yoast.com\/product\/yoast-seo-wordpress\/ -->\n<title>Aqua Dermabrasion - Praktivak<\/title>\n<meta name=\"robots\" content=\"index, follow, max-snippet:-1, max-image-preview:large, max-video-preview:-1\" \/>\n<link rel=\"canonical\" href=\"https:\/\/www.praktivak.be\/fr\/produit\/aqua-dermabrasion\/\" \/>\n<meta property=\"og:locale\" content=\"fr_FR\" \/>\n<meta property=\"og:type\" content=\"article\" \/>\n<meta property=\"og:title\" content=\"Aqua Dermabrasion - Praktivak\" \/>\n<meta property=\"og:description\" content=\"Hydra dermabrasion de l&rsquo;eau est une nouvelle technologie qui est beaucoup plus doux que la microdermabrasion de cristal ou de diamant dermabrasion. L&rsquo;Aqua Derma Player est un appareil d&rsquo;hydrodermabrasion (aussi appel&eacute; Aqua-Dermabrasion ou Hydra-Facial). L&rsquo;hydrodermabrasion est un traitement non invasif en 4 &eacute;tapes : 1. Nettoyage &amp; Extraction : Sous vide, la peau est nettoy&eacute;e &hellip; Continuer la lecture &quot;Aqua Dermabrasion&quot;\" \/>\n<meta property=\"og:url\" content=\"https:\/\/www.praktivak.be\/fr\/produit\/aqua-dermabrasion\/\" \/>\n<meta property=\"og:site_name\" content=\"Praktivak\" \/>\n<meta property=\"article:modified_time\" content=\"2026-02-01T15:40:44+00:00\" \/>\n<meta property=\"og:image\" content=\"https:\/\/www.praktivak.be\/wp-content\/uploads\/2025\/09\/S18100-2.jpg\" \/>\n\t<meta property=\"og:image:width\" content=\"811\" \/>\n\t<meta property=\"og:image:height\" content=\"1000\" \/>\n\t<meta property=\"og:image:type\" content=\"image\/jpeg\" \/>\n<meta name=\"twitter:card\" content=\"summary_large_image\" \/>\n<meta name=\"twitter:label1\" content=\"Dur\u00e9e de lecture estim\u00e9e\" \/>\n\t<meta name=\"twitter:data1\" content=\"2 minutes\" \/>\n<script type=\"application\/ld+json\" class=\"yoast-schema-graph\">{\"@context\":\"https:\/\/schema.org\",\"@graph\":[{\"@type\":\"WebPage\",\"@id\":\"https:\/\/www.praktivak.be\/fr\/produit\/aqua-dermabrasion\/\",\"url\":\"https:\/\/www.praktivak.be\/fr\/produit\/aqua-dermabrasion\/\",\"name\":\"Aqua Dermabrasion - Praktivak\",\"isPartOf\":{\"@id\":\"https:\/\/www.praktivak.be\/fr\/#website\"},\"primaryImageOfPage\":{\"@id\":\"https:\/\/www.praktivak.be\/fr\/produit\/aqua-dermabrasion\/#primaryimage\"},\"image\":{\"@id\":\"https:\/\/www.praktivak.be\/fr\/produit\/aqua-dermabrasion\/#primaryimage\"},\"thumbnailUrl\":\"https:\/\/www.praktivak.be\/wp-content\/uploads\/2025\/09\/S18100-2.jpg\",\"datePublished\":\"2025-05-13T18:56:22+00:00\",\"dateModified\":\"2026-02-01T15:40:44+00:00\",\"breadcrumb\":{\"@id\":\"https:\/\/www.praktivak.be\/fr\/produit\/aqua-dermabrasion\/#breadcrumb\"},\"inLanguage\":\"fr-FR\",\"potentialAction\":[{\"@type\":\"ReadAction\",\"target\":[\"https:\/\/www.praktivak.be\/fr\/produit\/aqua-dermabrasion\/\"]}]},{\"@type\":\"ImageObject\",\"inLanguage\":\"fr-FR\",\"@id\":\"https:\/\/www.praktivak.be\/fr\/produit\/aqua-dermabrasion\/#primaryimage\",\"url\":\"https:\/\/www.praktivak.be\/wp-content\/uploads\/2025\/09\/S18100-2.jpg\",\"contentUrl\":\"https:\/\/www.praktivak.be\/wp-content\/uploads\/2025\/09\/S18100-2.jpg\",\"width\":811,\"height\":1000},{\"@type\":\"BreadcrumbList\",\"@id\":\"https:\/\/www.praktivak.be\/fr\/produit\/aqua-dermabrasion\/#breadcrumb\",\"itemListElement\":[{\"@type\":\"ListItem\",\"position\":1,\"name\":\"Home\",\"item\":\"https:\/\/www.praktivak.be\/fr\/\"},{\"@type\":\"ListItem\",\"position\":2,\"name\":\"Boutique\",\"item\":\"https:\/\/www.praktivak.be\/fr\/boutique\/\"},{\"@type\":\"ListItem\",\"position\":3,\"name\":\"Aqua Dermabrasion\"}]},{\"@type\":\"WebSite\",\"@id\":\"https:\/\/www.praktivak.be\/fr\/#website\",\"url\":\"https:\/\/www.praktivak.be\/fr\/\",\"name\":\"Praktivak\",\"description\":\"\",\"publisher\":{\"@id\":\"https:\/\/www.praktivak.be\/fr\/#organization\"},\"potentialAction\":[{\"@type\":\"SearchAction\",\"target\":{\"@type\":\"EntryPoint\",\"urlTemplate\":\"https:\/\/www.praktivak.be\/fr\/?s={search_term_string}\"},\"query-input\":{\"@type\":\"PropertyValueSpecification\",\"valueRequired\":true,\"valueName\":\"search_term_string\"}}],\"inLanguage\":\"fr-FR\"},{\"@type\":\"Organization\",\"@id\":\"https:\/\/www.praktivak.be\/fr\/#organization\",\"name\":\"Praktivak\",\"url\":\"https:\/\/www.praktivak.be\/fr\/\",\"logo\":{\"@type\":\"ImageObject\",\"inLanguage\":\"fr-FR\",\"@id\":\"https:\/\/www.praktivak.be\/fr\/#\/schema\/logo\/image\/\",\"url\":\"https:\/\/www.praktivak.be\/wp-content\/uploads\/2024\/09\/Logo.png\",\"contentUrl\":\"https:\/\/www.praktivak.be\/wp-content\/uploads\/2024\/09\/Logo.png\",\"width\":1774,\"height\":337,\"caption\":\"Praktivak\"},\"image\":{\"@id\":\"https:\/\/www.praktivak.be\/fr\/#\/schema\/logo\/image\/\"}}]}<\/script>\n<!-- \/ Yoast SEO plugin. -->","yoast_head_json":{"title":"Aqua Dermabrasion - Praktivak","robots":{"index":"index","follow":"follow","max-snippet":"max-snippet:-1","max-image-preview":"max-image-preview:large","max-video-preview":"max-video-preview:-1"},"canonical":"https:\/\/www.praktivak.be\/fr\/produit\/aqua-dermabrasion\/","og_locale":"fr_FR","og_type":"article","og_title":"Aqua Dermabrasion - Praktivak","og_description":"Hydra dermabrasion de l&rsquo;eau est une nouvelle technologie qui est beaucoup plus doux que la microdermabrasion de cristal ou de diamant dermabrasion. L&rsquo;Aqua Derma Player est un appareil d&rsquo;hydrodermabrasion (aussi appel&eacute; Aqua-Dermabrasion ou Hydra-Facial). L&rsquo;hydrodermabrasion est un traitement non invasif en 4 &eacute;tapes : 1. Nettoyage &amp; Extraction : Sous vide, la peau est nettoy&eacute;e &hellip; Continuer la lecture \"Aqua Dermabrasion\"","og_url":"https:\/\/www.praktivak.be\/fr\/produit\/aqua-dermabrasion\/","og_site_name":"Praktivak","article_modified_time":"2026-02-01T15:40:44+00:00","og_image":[{"width":811,"height":1000,"url":"https:\/\/www.praktivak.be\/wp-content\/uploads\/2025\/09\/S18100-2.jpg","type":"image\/jpeg"}],"twitter_card":"summary_large_image","twitter_misc":{"Dur\u00e9e de lecture estim\u00e9e":"2 minutes"},"schema":{"@context":"https:\/\/schema.org","@graph":[{"@type":"WebPage","@id":"https:\/\/www.praktivak.be\/fr\/produit\/aqua-dermabrasion\/","url":"https:\/\/www.praktivak.be\/fr\/produit\/aqua-dermabrasion\/","name":"Aqua Dermabrasion - Praktivak","isPartOf":{"@id":"https:\/\/www.praktivak.be\/fr\/#website"},"primaryImageOfPage":{"@id":"https:\/\/www.praktivak.be\/fr\/produit\/aqua-dermabrasion\/#primaryimage"},"image":{"@id":"https:\/\/www.praktivak.be\/fr\/produit\/aqua-dermabrasion\/#primaryimage"},"thumbnailUrl":"https:\/\/www.praktivak.be\/wp-content\/uploads\/2025\/09\/S18100-2.jpg","datePublished":"2025-05-13T18:56:22+00:00","dateModified":"2026-02-01T15:40:44+00:00","breadcrumb":{"@id":"https:\/\/www.praktivak.be\/fr\/produit\/aqua-dermabrasion\/#breadcrumb"},"inLanguage":"fr-FR","potentialAction":[{"@type":"ReadAction","target":["https:\/\/www.praktivak.be\/fr\/produit\/aqua-dermabrasion\/"]}]},{"@type":"ImageObject","inLanguage":"fr-FR","@id":"https:\/\/www.praktivak.be\/fr\/produit\/aqua-dermabrasion\/#primaryimage","url":"https:\/\/www.praktivak.be\/wp-content\/uploads\/2025\/09\/S18100-2.jpg","contentUrl":"https:\/\/www.praktivak.be\/wp-content\/uploads\/2025\/09\/S18100-2.jpg","width":811,"height":1000},{"@type":"BreadcrumbList","@id":"https:\/\/www.praktivak.be\/fr\/produit\/aqua-dermabrasion\/#breadcrumb","itemListElement":[{"@type":"ListItem","position":1,"name":"Home","item":"https:\/\/www.praktivak.be\/fr\/"},{"@type":"ListItem","position":2,"name":"Boutique","item":"https:\/\/www.praktivak.be\/fr\/boutique\/"},{"@type":"ListItem","position":3,"name":"Aqua Dermabrasion"}]},{"@type":"WebSite","@id":"https:\/\/www.praktivak.be\/fr\/#website","url":"https:\/\/www.praktivak.be\/fr\/","name":"Praktivak","description":"","publisher":{"@id":"https:\/\/www.praktivak.be\/fr\/#organization"},"potentialAction":[{"@type":"SearchAction","target":{"@type":"EntryPoint","urlTemplate":"https:\/\/www.praktivak.be\/fr\/?s={search_term_string}"},"query-input":{"@type":"PropertyValueSpecification","valueRequired":true,"valueName":"search_term_string"}}],"inLanguage":"fr-FR"},{"@type":"Organization","@id":"https:\/\/www.praktivak.be\/fr\/#organization","name":"Praktivak","url":"https:\/\/www.praktivak.be\/fr\/","logo":{"@type":"ImageObject","inLanguage":"fr-FR","@id":"https:\/\/www.praktivak.be\/fr\/#\/schema\/logo\/image\/","url":"https:\/\/www.praktivak.be\/wp-content\/uploads\/2024\/09\/Logo.png","contentUrl":"https:\/\/www.praktivak.be\/wp-content\/uploads\/2024\/09\/Logo.png","width":1774,"height":337,"caption":"Praktivak"},"image":{"@id":"https:\/\/www.praktivak.be\/fr\/#\/schema\/logo\/image\/"}}]}},"featured_img":"https:\/\/www.praktivak.be\/wp-content\/uploads\/2025\/09\/S18100-2.jpg","coauthors":[],"author_meta":{"author_link":"https:\/\/www.praktivak.be\/fr\/author\/madeit\/","display_name":"Tjebbe Lievens"},"relative_dates":{"created":"Publi\u00e9 11 mois il y a","modified":"Mis \u00e0 jour 2 mois il y a"},"absolute_dates":{"created":"Publi\u00e9 le 13 mai 2025","modified":"Mise \u00e0 jour le 1 f\u00e9vrier 2026"},"absolute_dates_time":{"created":"Publi\u00e9 le 13 mai 2025 20h56","modified":"Mise \u00e0 jour le 1 f\u00e9vrier 2026 16h40"},"featured_img_caption":"","tax_additional":{"product_brand":{"linked":[],"unlinked":[],"slug":"product_brand","name":"Marques"},"product_type":{"linked":["<a href=\"https:\/\/www.praktivak.be\/fr\/?taxonomy=product_type&#038;term=simple\" class=\"advgb-post-tax-term\">simple<\/a>"],"unlinked":["<span class=\"advgb-post-tax-term\">simple<\/span>"],"slug":"product_type","name":"Type de produit"},"product_visibility":{"linked":[],"unlinked":[],"slug":"product_visibility","name":"Visibilit\u00e9 du produit"},"product_cat":{"linked":["<a href=\"https:\/\/www.praktivak.be\/fr\/categorie-de-produit\/esthetische-apparatuur-fr\/specialistische-apparatuur-esthetische-apparatuur-fr\/aquaderma-fr\/apparatuur-aquaderma-fr\/\" class=\"advgb-post-tax-term\">Appareils<\/a>"],"unlinked":["<span class=\"advgb-post-tax-term\">Appareils<\/span>"],"slug":"product_cat","name":"Cat\u00e9gories de produits"},"product_tag":{"linked":[],"unlinked":[],"slug":"product_tag","name":"\u00c9tiquettes produit"},"product_shipping_class":{"linked":[],"unlinked":[],"slug":"product_shipping_class","name":"Classe d\u2019exp\u00e9dition du produit"},"pos_product_visibility":{"linked":[],"unlinked":[],"slug":"pos_product_visibility","name":"Visibilit\u00e9 du produit sur le point de vente"},"translation_priority":{"linked":[],"unlinked":[],"slug":"translation_priority","name":"Priorit\u00e9s de traduction"}},"series_order":"","_links":{"self":[{"href":"https:\/\/www.praktivak.be\/fr\/wp-json\/wp\/v2\/product\/44282","targetHints":{"allow":["GET"]}}],"collection":[{"href":"https:\/\/www.praktivak.be\/fr\/wp-json\/wp\/v2\/product"}],"about":[{"href":"https:\/\/www.praktivak.be\/fr\/wp-json\/wp\/v2\/types\/product"}],"version-history":[{"count":93,"href":"https:\/\/www.praktivak.be\/fr\/wp-json\/wp\/v2\/product\/44282\/revisions"}],"predecessor-version":[{"id":343990,"href":"https:\/\/www.praktivak.be\/fr\/wp-json\/wp\/v2\/product\/44282\/revisions\/343990"}],"wp:featuredmedia":[{"embeddable":true,"href":"https:\/\/www.praktivak.be\/fr\/wp-json\/wp\/v2\/media\/285977"}],"wp:attachment":[{"href":"https:\/\/www.praktivak.be\/fr\/wp-json\/wp\/v2\/media?parent=44282"}],"wp:term":[{"taxonomy":"product_brand","embeddable":true,"href":"https:\/\/www.praktivak.be\/fr\/wp-json\/wp\/v2\/product_brand?post=44282"},{"taxonomy":"product_cat","embeddable":true,"href":"https:\/\/www.praktivak.be\/fr\/wp-json\/wp\/v2\/product_cat?post=44282"},{"taxonomy":"product_tag","embeddable":true,"href":"https:\/\/www.praktivak.be\/fr\/wp-json\/wp\/v2\/product_tag?post=44282"}],"curies":[{"name":"wp","href":"https:\/\/api.w.org\/{rel}","templated":true}]}}