

{"id":43893,"date":"2025-05-13T20:23:53","date_gmt":"2025-05-13T18:23:53","guid":{"rendered":"https:\/\/www.praktivak.be\/product\/behandelstoel-montana-soft-line-met-4-motoren-en-verwarming\/"},"modified":"2026-02-01T16:34:30","modified_gmt":"2026-02-01T15:34:30","slug":"montana-soft-line-avec-4-moteurs-et-chauffage","status":"publish","type":"product","link":"https:\/\/www.praktivak.be\/fr\/produit\/montana-soft-line-avec-4-moteurs-et-chauffage\/","title":{"rendered":"Montana Soft Line avec 4 moteurs et chauffage"},"content":{"rendered":"\n<p>\nFauteuil enti&egrave;rement &eacute;lectrique avec 4 moteurs. <\/p>\n<p>\nCe fauteuil a des coussins ergonomique et extra doux pour plus de confort et de luxe.  <\/p>\n<p>\nCe fauteuil est livr&eacute; avec appui-t&ecirc;te standard fixe et appui-t&ecirc;te avec le trou. <\/p>\n<p>\nBo&icirc;tier standard en blanc mat.  <\/p>\n<p>\nCommande manuelle incluse. Avec chauffage (2 positions).  <\/p>\n\n<p>\nFonctions moteurs:  <\/p>\n<p>\n&ndash; haut \/ bas  <\/p>\n<p>\n&ndash; dossier  <\/p>\n<p>\n&ndash; inclinaison  <\/p>\n<p>\n&ndash; section des jambes   <\/p>\n\n<p>\nD&eacute;tails:  <\/p>\n<p>\nHauteur:+\/- 197cm  <\/p>\n<p>\nLargeur avec accoudoirs: +\/-87cm  <\/p>\n<p>\nLargeur sans bras:+\/- 63cm  <\/p>\n<p>\nPosition la plus basse: +\/-68cm  <\/p>\n<p>\nPosition la plus haute: +\/-86cm  <\/p>\n<p>\nPoids: +\/-96 kg  <\/p>\n\n<p>\n3 ans de garantie sur les moteurs<\/p>\n\n","protected":false},"excerpt":{"rendered":"<p>Fauteuil enti&egrave;rement &eacute;lectrique avec 4 moteurs. Ce fauteuil a des coussins ergonomique et extra doux pour plus de confort et de luxe. Ce fauteuil est livr&eacute; avec appui-t&ecirc;te standard fixe et appui-t&ecirc;te avec le trou. Bo&icirc;tier standard en blanc mat. Commande manuelle incluse. Avec chauffage (2 positions). Fonctions moteurs: &ndash; haut \/ bas &ndash; dossier &hellip; <\/p>\n<p class=\"link-more\"><a href=\"https:\/\/www.praktivak.be\/fr\/produit\/montana-soft-line-avec-4-moteurs-et-chauffage\/\" class=\"more-link\">Continuer la lecture<span class=\"screen-reader-text\"> \u00ab\u00a0Montana Soft Line avec 4 moteurs et chauffage\u00a0\u00bb<\/span><\/a><\/p>\n","protected":false},"author":1,"featured_media":343328,"template":"","meta":{"_acf_changed":false,"_relevanssi_hide_post":"","_relevanssi_hide_content":"","_relevanssi_pin_for_all":"","_relevanssi_pin_keywords":"","_relevanssi_unpin_keywords":"","_relevanssi_related_keywords":"","_relevanssi_related_include_ids":"","_relevanssi_related_exclude_ids":"","_relevanssi_related_no_append":"","_relevanssi_related_not_related":"","_relevanssi_related_posts":"","_relevanssi_noindex_reason":"","advgb_blocks_editor_width":"","advgb_blocks_columns_visual_guide":"","footnotes":""},"product_brand":[],"product_cat":[2063],"product_tag":[],"class_list":{"0":"post-43893","1":"product","2":"type-product","3":"status-publish","4":"has-post-thumbnail","6":"product_cat-behandelstoelen-inrichtingen-fr","8":"first","9":"instock","10":"taxable","11":"shipping-taxable","12":"product-type-simple"},"acf":[],"yoast_head":"<!-- This site is optimized with the Yoast SEO plugin v27.2 - https:\/\/yoast.com\/product\/yoast-seo-wordpress\/ -->\n<title>Montana Soft Line avec 4 moteurs et chauffage - Praktivak<\/title>\n<meta name=\"robots\" content=\"index, follow, max-snippet:-1, max-image-preview:large, max-video-preview:-1\" \/>\n<link rel=\"canonical\" href=\"https:\/\/www.praktivak.be\/fr\/produit\/montana-soft-line-avec-4-moteurs-et-chauffage\/\" \/>\n<meta property=\"og:locale\" content=\"fr_FR\" \/>\n<meta property=\"og:type\" content=\"article\" \/>\n<meta property=\"og:title\" content=\"Montana Soft Line avec 4 moteurs et chauffage - Praktivak\" \/>\n<meta property=\"og:description\" content=\"Fauteuil enti&egrave;rement &eacute;lectrique avec 4 moteurs. Ce fauteuil a des coussins ergonomique et extra doux pour plus de confort et de luxe. Ce fauteuil est livr&eacute; avec appui-t&ecirc;te standard fixe et appui-t&ecirc;te avec le trou. Bo&icirc;tier standard en blanc mat. Commande manuelle incluse. Avec chauffage (2 positions). Fonctions moteurs: &ndash; haut \/ bas &ndash; dossier &hellip; Continuer la lecture &quot;Montana Soft Line avec 4 moteurs et chauffage&quot;\" \/>\n<meta property=\"og:url\" content=\"https:\/\/www.praktivak.be\/fr\/produit\/montana-soft-line-avec-4-moteurs-et-chauffage\/\" \/>\n<meta property=\"og:site_name\" content=\"Praktivak\" \/>\n<meta property=\"article:modified_time\" content=\"2026-02-01T15:34:30+00:00\" \/>\n<meta property=\"og:image\" content=\"https:\/\/www.praktivak.be\/wp-content\/uploads\/2026\/02\/B0253M-1.webp\" \/>\n\t<meta property=\"og:image:width\" content=\"1748\" \/>\n\t<meta property=\"og:image:height\" content=\"1240\" \/>\n\t<meta property=\"og:image:type\" content=\"image\/webp\" \/>\n<meta name=\"twitter:card\" content=\"summary_large_image\" \/>\n<script type=\"application\/ld+json\" class=\"yoast-schema-graph\">{\"@context\":\"https:\/\/schema.org\",\"@graph\":[{\"@type\":\"WebPage\",\"@id\":\"https:\/\/www.praktivak.be\/fr\/produit\/montana-soft-line-avec-4-moteurs-et-chauffage\/\",\"url\":\"https:\/\/www.praktivak.be\/fr\/produit\/montana-soft-line-avec-4-moteurs-et-chauffage\/\",\"name\":\"Montana Soft Line avec 4 moteurs et chauffage - Praktivak\",\"isPartOf\":{\"@id\":\"https:\/\/www.praktivak.be\/fr\/#website\"},\"primaryImageOfPage\":{\"@id\":\"https:\/\/www.praktivak.be\/fr\/produit\/montana-soft-line-avec-4-moteurs-et-chauffage\/#primaryimage\"},\"image\":{\"@id\":\"https:\/\/www.praktivak.be\/fr\/produit\/montana-soft-line-avec-4-moteurs-et-chauffage\/#primaryimage\"},\"thumbnailUrl\":\"https:\/\/www.praktivak.be\/wp-content\/uploads\/2026\/02\/B0253M-1.webp\",\"datePublished\":\"2025-05-13T18:23:53+00:00\",\"dateModified\":\"2026-02-01T15:34:30+00:00\",\"breadcrumb\":{\"@id\":\"https:\/\/www.praktivak.be\/fr\/produit\/montana-soft-line-avec-4-moteurs-et-chauffage\/#breadcrumb\"},\"inLanguage\":\"fr-FR\",\"potentialAction\":[{\"@type\":\"ReadAction\",\"target\":[\"https:\/\/www.praktivak.be\/fr\/produit\/montana-soft-line-avec-4-moteurs-et-chauffage\/\"]}]},{\"@type\":\"ImageObject\",\"inLanguage\":\"fr-FR\",\"@id\":\"https:\/\/www.praktivak.be\/fr\/produit\/montana-soft-line-avec-4-moteurs-et-chauffage\/#primaryimage\",\"url\":\"https:\/\/www.praktivak.be\/wp-content\/uploads\/2026\/02\/B0253M-1.webp\",\"contentUrl\":\"https:\/\/www.praktivak.be\/wp-content\/uploads\/2026\/02\/B0253M-1.webp\",\"width\":1748,\"height\":1240,\"caption\":\"Behandelstoel Montana Soft Line met 4 motoren en verwarming\"},{\"@type\":\"BreadcrumbList\",\"@id\":\"https:\/\/www.praktivak.be\/fr\/produit\/montana-soft-line-avec-4-moteurs-et-chauffage\/#breadcrumb\",\"itemListElement\":[{\"@type\":\"ListItem\",\"position\":1,\"name\":\"Home\",\"item\":\"https:\/\/www.praktivak.be\/fr\/\"},{\"@type\":\"ListItem\",\"position\":2,\"name\":\"Boutique\",\"item\":\"https:\/\/www.praktivak.be\/fr\/boutique\/\"},{\"@type\":\"ListItem\",\"position\":3,\"name\":\"Montana Soft Line avec 4 moteurs et chauffage\"}]},{\"@type\":\"WebSite\",\"@id\":\"https:\/\/www.praktivak.be\/fr\/#website\",\"url\":\"https:\/\/www.praktivak.be\/fr\/\",\"name\":\"Praktivak\",\"description\":\"\",\"publisher\":{\"@id\":\"https:\/\/www.praktivak.be\/fr\/#organization\"},\"potentialAction\":[{\"@type\":\"SearchAction\",\"target\":{\"@type\":\"EntryPoint\",\"urlTemplate\":\"https:\/\/www.praktivak.be\/fr\/?s={search_term_string}\"},\"query-input\":{\"@type\":\"PropertyValueSpecification\",\"valueRequired\":true,\"valueName\":\"search_term_string\"}}],\"inLanguage\":\"fr-FR\"},{\"@type\":\"Organization\",\"@id\":\"https:\/\/www.praktivak.be\/fr\/#organization\",\"name\":\"Praktivak\",\"url\":\"https:\/\/www.praktivak.be\/fr\/\",\"logo\":{\"@type\":\"ImageObject\",\"inLanguage\":\"fr-FR\",\"@id\":\"https:\/\/www.praktivak.be\/fr\/#\/schema\/logo\/image\/\",\"url\":\"https:\/\/www.praktivak.be\/wp-content\/uploads\/2024\/09\/Logo.png\",\"contentUrl\":\"https:\/\/www.praktivak.be\/wp-content\/uploads\/2024\/09\/Logo.png\",\"width\":1774,\"height\":337,\"caption\":\"Praktivak\"},\"image\":{\"@id\":\"https:\/\/www.praktivak.be\/fr\/#\/schema\/logo\/image\/\"}}]}<\/script>\n<!-- \/ Yoast SEO plugin. -->","yoast_head_json":{"title":"Montana Soft Line avec 4 moteurs et chauffage - Praktivak","robots":{"index":"index","follow":"follow","max-snippet":"max-snippet:-1","max-image-preview":"max-image-preview:large","max-video-preview":"max-video-preview:-1"},"canonical":"https:\/\/www.praktivak.be\/fr\/produit\/montana-soft-line-avec-4-moteurs-et-chauffage\/","og_locale":"fr_FR","og_type":"article","og_title":"Montana Soft Line avec 4 moteurs et chauffage - Praktivak","og_description":"Fauteuil enti&egrave;rement &eacute;lectrique avec 4 moteurs. Ce fauteuil a des coussins ergonomique et extra doux pour plus de confort et de luxe. Ce fauteuil est livr&eacute; avec appui-t&ecirc;te standard fixe et appui-t&ecirc;te avec le trou. Bo&icirc;tier standard en blanc mat. Commande manuelle incluse. Avec chauffage (2 positions). Fonctions moteurs: &ndash; haut \/ bas &ndash; dossier &hellip; Continuer la lecture \"Montana Soft Line avec 4 moteurs et chauffage\"","og_url":"https:\/\/www.praktivak.be\/fr\/produit\/montana-soft-line-avec-4-moteurs-et-chauffage\/","og_site_name":"Praktivak","article_modified_time":"2026-02-01T15:34:30+00:00","og_image":[{"width":1748,"height":1240,"url":"https:\/\/www.praktivak.be\/wp-content\/uploads\/2026\/02\/B0253M-1.webp","type":"image\/webp"}],"twitter_card":"summary_large_image","schema":{"@context":"https:\/\/schema.org","@graph":[{"@type":"WebPage","@id":"https:\/\/www.praktivak.be\/fr\/produit\/montana-soft-line-avec-4-moteurs-et-chauffage\/","url":"https:\/\/www.praktivak.be\/fr\/produit\/montana-soft-line-avec-4-moteurs-et-chauffage\/","name":"Montana Soft Line avec 4 moteurs et chauffage - Praktivak","isPartOf":{"@id":"https:\/\/www.praktivak.be\/fr\/#website"},"primaryImageOfPage":{"@id":"https:\/\/www.praktivak.be\/fr\/produit\/montana-soft-line-avec-4-moteurs-et-chauffage\/#primaryimage"},"image":{"@id":"https:\/\/www.praktivak.be\/fr\/produit\/montana-soft-line-avec-4-moteurs-et-chauffage\/#primaryimage"},"thumbnailUrl":"https:\/\/www.praktivak.be\/wp-content\/uploads\/2026\/02\/B0253M-1.webp","datePublished":"2025-05-13T18:23:53+00:00","dateModified":"2026-02-01T15:34:30+00:00","breadcrumb":{"@id":"https:\/\/www.praktivak.be\/fr\/produit\/montana-soft-line-avec-4-moteurs-et-chauffage\/#breadcrumb"},"inLanguage":"fr-FR","potentialAction":[{"@type":"ReadAction","target":["https:\/\/www.praktivak.be\/fr\/produit\/montana-soft-line-avec-4-moteurs-et-chauffage\/"]}]},{"@type":"ImageObject","inLanguage":"fr-FR","@id":"https:\/\/www.praktivak.be\/fr\/produit\/montana-soft-line-avec-4-moteurs-et-chauffage\/#primaryimage","url":"https:\/\/www.praktivak.be\/wp-content\/uploads\/2026\/02\/B0253M-1.webp","contentUrl":"https:\/\/www.praktivak.be\/wp-content\/uploads\/2026\/02\/B0253M-1.webp","width":1748,"height":1240,"caption":"Behandelstoel Montana Soft Line met 4 motoren en verwarming"},{"@type":"BreadcrumbList","@id":"https:\/\/www.praktivak.be\/fr\/produit\/montana-soft-line-avec-4-moteurs-et-chauffage\/#breadcrumb","itemListElement":[{"@type":"ListItem","position":1,"name":"Home","item":"https:\/\/www.praktivak.be\/fr\/"},{"@type":"ListItem","position":2,"name":"Boutique","item":"https:\/\/www.praktivak.be\/fr\/boutique\/"},{"@type":"ListItem","position":3,"name":"Montana Soft Line avec 4 moteurs et chauffage"}]},{"@type":"WebSite","@id":"https:\/\/www.praktivak.be\/fr\/#website","url":"https:\/\/www.praktivak.be\/fr\/","name":"Praktivak","description":"","publisher":{"@id":"https:\/\/www.praktivak.be\/fr\/#organization"},"potentialAction":[{"@type":"SearchAction","target":{"@type":"EntryPoint","urlTemplate":"https:\/\/www.praktivak.be\/fr\/?s={search_term_string}"},"query-input":{"@type":"PropertyValueSpecification","valueRequired":true,"valueName":"search_term_string"}}],"inLanguage":"fr-FR"},{"@type":"Organization","@id":"https:\/\/www.praktivak.be\/fr\/#organization","name":"Praktivak","url":"https:\/\/www.praktivak.be\/fr\/","logo":{"@type":"ImageObject","inLanguage":"fr-FR","@id":"https:\/\/www.praktivak.be\/fr\/#\/schema\/logo\/image\/","url":"https:\/\/www.praktivak.be\/wp-content\/uploads\/2024\/09\/Logo.png","contentUrl":"https:\/\/www.praktivak.be\/wp-content\/uploads\/2024\/09\/Logo.png","width":1774,"height":337,"caption":"Praktivak"},"image":{"@id":"https:\/\/www.praktivak.be\/fr\/#\/schema\/logo\/image\/"}}]}},"featured_img":"https:\/\/www.praktivak.be\/wp-content\/uploads\/2026\/02\/B0253M-1.webp","coauthors":[],"author_meta":{"author_link":"https:\/\/www.praktivak.be\/fr\/author\/madeit\/","display_name":"Tjebbe Lievens"},"relative_dates":{"created":"Publi\u00e9 11 mois il y a","modified":"Mis \u00e0 jour 2 mois il y a"},"absolute_dates":{"created":"Publi\u00e9 le 13 mai 2025","modified":"Mise \u00e0 jour le 1 f\u00e9vrier 2026"},"absolute_dates_time":{"created":"Publi\u00e9 le 13 mai 2025 20h23","modified":"Mise \u00e0 jour le 1 f\u00e9vrier 2026 16h34"},"featured_img_caption":"","tax_additional":{"product_brand":{"linked":[],"unlinked":[],"slug":"product_brand","name":"Marques"},"product_type":{"linked":["<a href=\"https:\/\/www.praktivak.be\/fr\/?taxonomy=product_type&#038;term=simple\" class=\"advgb-post-tax-term\">simple<\/a>"],"unlinked":["<span class=\"advgb-post-tax-term\">simple<\/span>"],"slug":"product_type","name":"Type de produit"},"product_visibility":{"linked":[],"unlinked":[],"slug":"product_visibility","name":"Visibilit\u00e9 du produit"},"product_cat":{"linked":["<a href=\"https:\/\/www.praktivak.be\/fr\/categorie-de-produit\/inrichtingen-fr\/behandelstoelen-inrichtingen-fr\/\" class=\"advgb-post-tax-term\">Fauteuils de soins<\/a>"],"unlinked":["<span class=\"advgb-post-tax-term\">Fauteuils de soins<\/span>"],"slug":"product_cat","name":"Cat\u00e9gories de produits"},"product_tag":{"linked":[],"unlinked":[],"slug":"product_tag","name":"\u00c9tiquettes produit"},"product_shipping_class":{"linked":[],"unlinked":[],"slug":"product_shipping_class","name":"Classe d\u2019exp\u00e9dition du produit"},"pos_product_visibility":{"linked":[],"unlinked":[],"slug":"pos_product_visibility","name":"Visibilit\u00e9 du produit sur le point de vente"},"translation_priority":{"linked":[],"unlinked":[],"slug":"translation_priority","name":"Priorit\u00e9s de traduction"}},"series_order":"","_links":{"self":[{"href":"https:\/\/www.praktivak.be\/fr\/wp-json\/wp\/v2\/product\/43893","targetHints":{"allow":["GET"]}}],"collection":[{"href":"https:\/\/www.praktivak.be\/fr\/wp-json\/wp\/v2\/product"}],"about":[{"href":"https:\/\/www.praktivak.be\/fr\/wp-json\/wp\/v2\/types\/product"}],"version-history":[{"count":125,"href":"https:\/\/www.praktivak.be\/fr\/wp-json\/wp\/v2\/product\/43893\/revisions"}],"predecessor-version":[{"id":343347,"href":"https:\/\/www.praktivak.be\/fr\/wp-json\/wp\/v2\/product\/43893\/revisions\/343347"}],"wp:featuredmedia":[{"embeddable":true,"href":"https:\/\/www.praktivak.be\/fr\/wp-json\/wp\/v2\/media\/343328"}],"wp:attachment":[{"href":"https:\/\/www.praktivak.be\/fr\/wp-json\/wp\/v2\/media?parent=43893"}],"wp:term":[{"taxonomy":"product_brand","embeddable":true,"href":"https:\/\/www.praktivak.be\/fr\/wp-json\/wp\/v2\/product_brand?post=43893"},{"taxonomy":"product_cat","embeddable":true,"href":"https:\/\/www.praktivak.be\/fr\/wp-json\/wp\/v2\/product_cat?post=43893"},{"taxonomy":"product_tag","embeddable":true,"href":"https:\/\/www.praktivak.be\/fr\/wp-json\/wp\/v2\/product_tag?post=43893"}],"curies":[{"name":"wp","href":"https:\/\/api.w.org\/{rel}","templated":true}]}}