

{"id":41658,"date":"2025-05-07T17:55:31","date_gmt":"2025-05-07T15:55:31","guid":{"rendered":"https:\/\/www.praktivak.be\/product\/allclean-1-000ml\/"},"modified":"2026-02-01T03:06:38","modified_gmt":"2026-02-01T02:06:38","slug":"allclean-1-000ml","status":"publish","type":"product","link":"https:\/\/www.praktivak.be\/fr\/produit\/allclean-1-000ml\/","title":{"rendered":"Allclean 1.000ml"},"content":{"rendered":"\n<p>\nConcentr&eacute; de d&eacute;sinfection des instruments<\/p>\n\n<p>\nConcentr&eacute; sans ald&eacute;hyde pour le nettoyage et la d&eacute;sinfection des instruments, y compris les instruments rotatifs en m&eacute;tal et en plastique, par exemple PE et PP.<\/p>\n\n<p>\n* Polyvalent &ndash; pour tous les instruments, y compris les instruments rotatifs.<\/p>\n<p>\n* Efficacit&eacute; test&eacute;e avec un large spectre d&rsquo;action contre les bact&eacute;ries, les levures et un nombre consid&eacute;rable de virus. Virucide limit&eacute; (virus encapsul&eacute;s, y compris VHB, VHC, VIH et coronavirus), norovirus et polyomavirus.<\/p>\n<p>\n* Test&eacute; selon les toutes derni&egrave;res m&eacute;thodes du VAH (Institut allemand de certification des d&eacute;sinfectants) et les normes europ&eacute;ennes.<\/p>\n<p>\n* &Eacute;conomique gr&acirc;ce &agrave; une faible concentration d&rsquo;application.<\/p>\n<p>\n* Tr&egrave;s bonne compatibilit&eacute; avec les mat&eacute;riaux gr&acirc;ce &agrave; des inhibiteurs de corrosion sp&eacute;ciaux.<\/p>\n\n<p>\nLa dur&eacute;e de conservation de la solution d&rsquo;application est de 14 jours.<\/p>\n\n<p>\nAppliquer ALLCLEAN&reg; pour le nettoyage &agrave; une concentration de 2% avec un temps de p&eacute;n&eacute;tration de 5 min. Rincer soigneusement les instruments &agrave; l&rsquo;eau courante et les nettoyer &agrave; la main si n&eacute;cessaire. Remplacer le produit de nettoyage usag&eacute; tous les jours ouvrables. D&eacute;sinfecter ensuite les instruments nettoy&eacute;s avec ALLCLEAN&reg;. ALLCLEAN&reg; est utilis&eacute; sous forme de solution &agrave; 2 %. Pour ce faire, appliquer ALLCLEAN&reg; selon VAH &agrave; 2% &ndash; 5 min (bact&eacute;ricide\/l&eacute;vucide) ou &agrave; 2% &ndash; 60 min (tuberculocide) ; dans les appareils &agrave; ultrasons 2% &ndash; 2 min, pour le tuberculocide ou les mycobact&eacute;ries 2% &ndash; 30 min. Une inactivation des virus a lieu &agrave; 2% &ndash; 1 min jusqu&rsquo;&agrave; 60 min. Apr&egrave;s le temps d&rsquo;inactivation, les instruments d&eacute;sinfect&eacute;s doivent &ecirc;tre rinc&eacute;s pendant au moins 15 secondes sous un fort jet d&rsquo;eau courante ayant au moins la qualit&eacute; de l&rsquo;eau potable (de pr&eacute;f&eacute;rence avec de l&rsquo;eau d&eacute;min&eacute;ralis&eacute;e), puis s&eacute;ch&eacute;s. En fonction de la contamination, la solution d&eacute;sinfectante peut &ecirc;tre utilis&eacute;e pendant 14 jours au maximum. En cas de contamination visible, la solution d&eacute;sinfectante doit &ecirc;tre remplac&eacute;e imm&eacute;diatement. Pour les instruments n&eacute;cessitant un traitement particulier, il convient de respecter les instructions du fabricant ainsi que les r&eacute;glementations nationales. Ne convient pas &agrave; la d&eacute;sinfection finale des dispositifs m&eacute;dicaux semi-critiques et critiques.<\/p>\n\n","protected":false},"excerpt":{"rendered":"<p>Concentr&eacute; de d&eacute;sinfection des instruments Concentr&eacute; sans ald&eacute;hyde pour le nettoyage et la d&eacute;sinfection des instruments, y compris les instruments rotatifs en m&eacute;tal et en plastique, par exemple PE et PP. * Polyvalent &ndash; pour tous les instruments, y compris les instruments rotatifs. * Efficacit&eacute; test&eacute;e avec un large spectre d&rsquo;action contre les bact&eacute;ries, les &hellip; <\/p>\n<p class=\"link-more\"><a href=\"https:\/\/www.praktivak.be\/fr\/produit\/allclean-1-000ml\/\" class=\"more-link\">Continuer la lecture<span class=\"screen-reader-text\"> \u00ab\u00a0Allclean 1.000ml\u00a0\u00bb<\/span><\/a><\/p>\n","protected":false},"author":1,"featured_media":285206,"template":"","meta":{"_acf_changed":false,"_relevanssi_hide_post":"","_relevanssi_hide_content":"","_relevanssi_pin_for_all":"","_relevanssi_pin_keywords":"","_relevanssi_unpin_keywords":"","_relevanssi_related_keywords":"","_relevanssi_related_include_ids":"","_relevanssi_related_exclude_ids":"","_relevanssi_related_no_append":"","_relevanssi_related_not_related":"","_relevanssi_related_posts":"","_relevanssi_noindex_reason":"","advgb_blocks_editor_width":"","advgb_blocks_columns_visual_guide":"","footnotes":""},"product_brand":[],"product_cat":[1942],"product_tag":[],"class_list":{"0":"post-41658","1":"product","2":"type-product","3":"status-publish","4":"has-post-thumbnail","6":"product_cat-vloeistoffen-hygiene-en-desinfectie-fr","8":"first","9":"instock","10":"taxable","11":"shipping-taxable","12":"product-type-simple"},"acf":[],"yoast_head":"<!-- This site is optimized with the Yoast SEO plugin v27.2 - https:\/\/yoast.com\/product\/yoast-seo-wordpress\/ -->\n<title>Allclean 1.000ml - Praktivak<\/title>\n<meta name=\"robots\" content=\"index, follow, max-snippet:-1, max-image-preview:large, max-video-preview:-1\" \/>\n<link rel=\"canonical\" href=\"https:\/\/www.praktivak.be\/fr\/produit\/allclean-1-000ml\/\" \/>\n<meta property=\"og:locale\" content=\"fr_FR\" \/>\n<meta property=\"og:type\" content=\"article\" \/>\n<meta property=\"og:title\" content=\"Allclean 1.000ml - Praktivak\" \/>\n<meta property=\"og:description\" content=\"Concentr&eacute; de d&eacute;sinfection des instruments Concentr&eacute; sans ald&eacute;hyde pour le nettoyage et la d&eacute;sinfection des instruments, y compris les instruments rotatifs en m&eacute;tal et en plastique, par exemple PE et PP. * Polyvalent &ndash; pour tous les instruments, y compris les instruments rotatifs. * Efficacit&eacute; test&eacute;e avec un large spectre d&rsquo;action contre les bact&eacute;ries, les &hellip; Continuer la lecture &quot;Allclean 1.000ml&quot;\" \/>\n<meta property=\"og:url\" content=\"https:\/\/www.praktivak.be\/fr\/produit\/allclean-1-000ml\/\" \/>\n<meta property=\"og:site_name\" content=\"Praktivak\" \/>\n<meta property=\"article:modified_time\" content=\"2026-02-01T02:06:38+00:00\" \/>\n<meta property=\"og:image\" content=\"https:\/\/www.praktivak.be\/wp-content\/uploads\/2025\/09\/RN1171.jpg\" \/>\n\t<meta property=\"og:image:width\" content=\"1000\" \/>\n\t<meta property=\"og:image:height\" content=\"1000\" \/>\n\t<meta property=\"og:image:type\" content=\"image\/jpeg\" \/>\n<meta name=\"twitter:card\" content=\"summary_large_image\" \/>\n<meta name=\"twitter:label1\" content=\"Dur\u00e9e de lecture estim\u00e9e\" \/>\n\t<meta name=\"twitter:data1\" content=\"2 minutes\" \/>\n<script type=\"application\/ld+json\" class=\"yoast-schema-graph\">{\"@context\":\"https:\/\/schema.org\",\"@graph\":[{\"@type\":\"WebPage\",\"@id\":\"https:\/\/www.praktivak.be\/fr\/produit\/allclean-1-000ml\/\",\"url\":\"https:\/\/www.praktivak.be\/fr\/produit\/allclean-1-000ml\/\",\"name\":\"Allclean 1.000ml - Praktivak\",\"isPartOf\":{\"@id\":\"https:\/\/www.praktivak.be\/fr\/#website\"},\"primaryImageOfPage\":{\"@id\":\"https:\/\/www.praktivak.be\/fr\/produit\/allclean-1-000ml\/#primaryimage\"},\"image\":{\"@id\":\"https:\/\/www.praktivak.be\/fr\/produit\/allclean-1-000ml\/#primaryimage\"},\"thumbnailUrl\":\"https:\/\/www.praktivak.be\/wp-content\/uploads\/2025\/09\/RN1171.jpg\",\"datePublished\":\"2025-05-07T15:55:31+00:00\",\"dateModified\":\"2026-02-01T02:06:38+00:00\",\"breadcrumb\":{\"@id\":\"https:\/\/www.praktivak.be\/fr\/produit\/allclean-1-000ml\/#breadcrumb\"},\"inLanguage\":\"fr-FR\",\"potentialAction\":[{\"@type\":\"ReadAction\",\"target\":[\"https:\/\/www.praktivak.be\/fr\/produit\/allclean-1-000ml\/\"]}]},{\"@type\":\"ImageObject\",\"inLanguage\":\"fr-FR\",\"@id\":\"https:\/\/www.praktivak.be\/fr\/produit\/allclean-1-000ml\/#primaryimage\",\"url\":\"https:\/\/www.praktivak.be\/wp-content\/uploads\/2025\/09\/RN1171.jpg\",\"contentUrl\":\"https:\/\/www.praktivak.be\/wp-content\/uploads\/2025\/09\/RN1171.jpg\",\"width\":1000,\"height\":1000},{\"@type\":\"BreadcrumbList\",\"@id\":\"https:\/\/www.praktivak.be\/fr\/produit\/allclean-1-000ml\/#breadcrumb\",\"itemListElement\":[{\"@type\":\"ListItem\",\"position\":1,\"name\":\"Home\",\"item\":\"https:\/\/www.praktivak.be\/fr\/\"},{\"@type\":\"ListItem\",\"position\":2,\"name\":\"Boutique\",\"item\":\"https:\/\/www.praktivak.be\/fr\/boutique\/\"},{\"@type\":\"ListItem\",\"position\":3,\"name\":\"Allclean 1.000ml\"}]},{\"@type\":\"WebSite\",\"@id\":\"https:\/\/www.praktivak.be\/fr\/#website\",\"url\":\"https:\/\/www.praktivak.be\/fr\/\",\"name\":\"Praktivak\",\"description\":\"\",\"publisher\":{\"@id\":\"https:\/\/www.praktivak.be\/fr\/#organization\"},\"potentialAction\":[{\"@type\":\"SearchAction\",\"target\":{\"@type\":\"EntryPoint\",\"urlTemplate\":\"https:\/\/www.praktivak.be\/fr\/?s={search_term_string}\"},\"query-input\":{\"@type\":\"PropertyValueSpecification\",\"valueRequired\":true,\"valueName\":\"search_term_string\"}}],\"inLanguage\":\"fr-FR\"},{\"@type\":\"Organization\",\"@id\":\"https:\/\/www.praktivak.be\/fr\/#organization\",\"name\":\"Praktivak\",\"url\":\"https:\/\/www.praktivak.be\/fr\/\",\"logo\":{\"@type\":\"ImageObject\",\"inLanguage\":\"fr-FR\",\"@id\":\"https:\/\/www.praktivak.be\/fr\/#\/schema\/logo\/image\/\",\"url\":\"https:\/\/www.praktivak.be\/wp-content\/uploads\/2024\/09\/Logo.png\",\"contentUrl\":\"https:\/\/www.praktivak.be\/wp-content\/uploads\/2024\/09\/Logo.png\",\"width\":1774,\"height\":337,\"caption\":\"Praktivak\"},\"image\":{\"@id\":\"https:\/\/www.praktivak.be\/fr\/#\/schema\/logo\/image\/\"}}]}<\/script>\n<!-- \/ Yoast SEO plugin. -->","yoast_head_json":{"title":"Allclean 1.000ml - Praktivak","robots":{"index":"index","follow":"follow","max-snippet":"max-snippet:-1","max-image-preview":"max-image-preview:large","max-video-preview":"max-video-preview:-1"},"canonical":"https:\/\/www.praktivak.be\/fr\/produit\/allclean-1-000ml\/","og_locale":"fr_FR","og_type":"article","og_title":"Allclean 1.000ml - Praktivak","og_description":"Concentr&eacute; de d&eacute;sinfection des instruments Concentr&eacute; sans ald&eacute;hyde pour le nettoyage et la d&eacute;sinfection des instruments, y compris les instruments rotatifs en m&eacute;tal et en plastique, par exemple PE et PP. * Polyvalent &ndash; pour tous les instruments, y compris les instruments rotatifs. * Efficacit&eacute; test&eacute;e avec un large spectre d&rsquo;action contre les bact&eacute;ries, les &hellip; Continuer la lecture \"Allclean 1.000ml\"","og_url":"https:\/\/www.praktivak.be\/fr\/produit\/allclean-1-000ml\/","og_site_name":"Praktivak","article_modified_time":"2026-02-01T02:06:38+00:00","og_image":[{"width":1000,"height":1000,"url":"https:\/\/www.praktivak.be\/wp-content\/uploads\/2025\/09\/RN1171.jpg","type":"image\/jpeg"}],"twitter_card":"summary_large_image","twitter_misc":{"Dur\u00e9e de lecture estim\u00e9e":"2 minutes"},"schema":{"@context":"https:\/\/schema.org","@graph":[{"@type":"WebPage","@id":"https:\/\/www.praktivak.be\/fr\/produit\/allclean-1-000ml\/","url":"https:\/\/www.praktivak.be\/fr\/produit\/allclean-1-000ml\/","name":"Allclean 1.000ml - Praktivak","isPartOf":{"@id":"https:\/\/www.praktivak.be\/fr\/#website"},"primaryImageOfPage":{"@id":"https:\/\/www.praktivak.be\/fr\/produit\/allclean-1-000ml\/#primaryimage"},"image":{"@id":"https:\/\/www.praktivak.be\/fr\/produit\/allclean-1-000ml\/#primaryimage"},"thumbnailUrl":"https:\/\/www.praktivak.be\/wp-content\/uploads\/2025\/09\/RN1171.jpg","datePublished":"2025-05-07T15:55:31+00:00","dateModified":"2026-02-01T02:06:38+00:00","breadcrumb":{"@id":"https:\/\/www.praktivak.be\/fr\/produit\/allclean-1-000ml\/#breadcrumb"},"inLanguage":"fr-FR","potentialAction":[{"@type":"ReadAction","target":["https:\/\/www.praktivak.be\/fr\/produit\/allclean-1-000ml\/"]}]},{"@type":"ImageObject","inLanguage":"fr-FR","@id":"https:\/\/www.praktivak.be\/fr\/produit\/allclean-1-000ml\/#primaryimage","url":"https:\/\/www.praktivak.be\/wp-content\/uploads\/2025\/09\/RN1171.jpg","contentUrl":"https:\/\/www.praktivak.be\/wp-content\/uploads\/2025\/09\/RN1171.jpg","width":1000,"height":1000},{"@type":"BreadcrumbList","@id":"https:\/\/www.praktivak.be\/fr\/produit\/allclean-1-000ml\/#breadcrumb","itemListElement":[{"@type":"ListItem","position":1,"name":"Home","item":"https:\/\/www.praktivak.be\/fr\/"},{"@type":"ListItem","position":2,"name":"Boutique","item":"https:\/\/www.praktivak.be\/fr\/boutique\/"},{"@type":"ListItem","position":3,"name":"Allclean 1.000ml"}]},{"@type":"WebSite","@id":"https:\/\/www.praktivak.be\/fr\/#website","url":"https:\/\/www.praktivak.be\/fr\/","name":"Praktivak","description":"","publisher":{"@id":"https:\/\/www.praktivak.be\/fr\/#organization"},"potentialAction":[{"@type":"SearchAction","target":{"@type":"EntryPoint","urlTemplate":"https:\/\/www.praktivak.be\/fr\/?s={search_term_string}"},"query-input":{"@type":"PropertyValueSpecification","valueRequired":true,"valueName":"search_term_string"}}],"inLanguage":"fr-FR"},{"@type":"Organization","@id":"https:\/\/www.praktivak.be\/fr\/#organization","name":"Praktivak","url":"https:\/\/www.praktivak.be\/fr\/","logo":{"@type":"ImageObject","inLanguage":"fr-FR","@id":"https:\/\/www.praktivak.be\/fr\/#\/schema\/logo\/image\/","url":"https:\/\/www.praktivak.be\/wp-content\/uploads\/2024\/09\/Logo.png","contentUrl":"https:\/\/www.praktivak.be\/wp-content\/uploads\/2024\/09\/Logo.png","width":1774,"height":337,"caption":"Praktivak"},"image":{"@id":"https:\/\/www.praktivak.be\/fr\/#\/schema\/logo\/image\/"}}]}},"featured_img":"https:\/\/www.praktivak.be\/wp-content\/uploads\/2025\/09\/RN1171.jpg","coauthors":[],"author_meta":{"author_link":"https:\/\/www.praktivak.be\/fr\/author\/madeit\/","display_name":"Tjebbe Lievens"},"relative_dates":{"created":"Publi\u00e9 11 mois il y a","modified":"Mis \u00e0 jour 2 mois il y a"},"absolute_dates":{"created":"Publi\u00e9 le 7 mai 2025","modified":"Mise \u00e0 jour le 1 f\u00e9vrier 2026"},"absolute_dates_time":{"created":"Publi\u00e9 le 7 mai 2025 17h55","modified":"Mise \u00e0 jour le 1 f\u00e9vrier 2026 3h06"},"featured_img_caption":"","tax_additional":{"product_brand":{"linked":[],"unlinked":[],"slug":"product_brand","name":"Marques"},"product_type":{"linked":["<a href=\"https:\/\/www.praktivak.be\/fr\/?taxonomy=product_type&#038;term=simple\" class=\"advgb-post-tax-term\">simple<\/a>"],"unlinked":["<span class=\"advgb-post-tax-term\">simple<\/span>"],"slug":"product_type","name":"Type de produit"},"product_visibility":{"linked":[],"unlinked":[],"slug":"product_visibility","name":"Visibilit\u00e9 du produit"},"product_cat":{"linked":["<a href=\"https:\/\/www.praktivak.be\/fr\/categorie-de-produit\/hygiene-en-desinfectie-fr\/vloeistoffen-hygiene-en-desinfectie-fr\/\" class=\"advgb-post-tax-term\">Liquides<\/a>"],"unlinked":["<span class=\"advgb-post-tax-term\">Liquides<\/span>"],"slug":"product_cat","name":"Cat\u00e9gories de produits"},"product_tag":{"linked":[],"unlinked":[],"slug":"product_tag","name":"\u00c9tiquettes produit"},"product_shipping_class":{"linked":[],"unlinked":[],"slug":"product_shipping_class","name":"Classe d\u2019exp\u00e9dition du produit"},"pos_product_visibility":{"linked":[],"unlinked":[],"slug":"pos_product_visibility","name":"Visibilit\u00e9 du produit sur le point de vente"},"translation_priority":{"linked":[],"unlinked":[],"slug":"translation_priority","name":"Priorit\u00e9s de traduction"}},"series_order":"","_links":{"self":[{"href":"https:\/\/www.praktivak.be\/fr\/wp-json\/wp\/v2\/product\/41658","targetHints":{"allow":["GET"]}}],"collection":[{"href":"https:\/\/www.praktivak.be\/fr\/wp-json\/wp\/v2\/product"}],"about":[{"href":"https:\/\/www.praktivak.be\/fr\/wp-json\/wp\/v2\/types\/product"}],"version-history":[{"count":86,"href":"https:\/\/www.praktivak.be\/fr\/wp-json\/wp\/v2\/product\/41658\/revisions"}],"predecessor-version":[{"id":330022,"href":"https:\/\/www.praktivak.be\/fr\/wp-json\/wp\/v2\/product\/41658\/revisions\/330022"}],"wp:featuredmedia":[{"embeddable":true,"href":"https:\/\/www.praktivak.be\/fr\/wp-json\/wp\/v2\/media\/285206"}],"wp:attachment":[{"href":"https:\/\/www.praktivak.be\/fr\/wp-json\/wp\/v2\/media?parent=41658"}],"wp:term":[{"taxonomy":"product_brand","embeddable":true,"href":"https:\/\/www.praktivak.be\/fr\/wp-json\/wp\/v2\/product_brand?post=41658"},{"taxonomy":"product_cat","embeddable":true,"href":"https:\/\/www.praktivak.be\/fr\/wp-json\/wp\/v2\/product_cat?post=41658"},{"taxonomy":"product_tag","embeddable":true,"href":"https:\/\/www.praktivak.be\/fr\/wp-json\/wp\/v2\/product_tag?post=41658"}],"curies":[{"name":"wp","href":"https:\/\/api.w.org\/{rel}","templated":true}]}}