

{"id":41537,"date":"2025-05-07T17:47:48","date_gmt":"2025-05-07T15:47:48","guid":{"rendered":"https:\/\/www.praktivak.be\/product\/bowie-contactgel-eco-in-zak-5-liter\/"},"modified":"2026-02-01T16:39:32","modified_gmt":"2026-02-01T15:39:32","slug":"gel-de-contact-bowie-eco-en-sac-5-litres","status":"publish","type":"product","link":"https:\/\/www.praktivak.be\/fr\/produit\/gel-de-contact-bowie-eco-en-sac-5-litres\/","title":{"rendered":"Gel de contact Bowie Eco en sac, 5 litres"},"content":{"rendered":"\n<p>\nLe gel de contact Bowie Eco est produit sous vide et ne contient donc pas de bulles d&rsquo;air. Le produit est totalement insoluble, inodore, facile &agrave; nettoyer, ne tache pas et ne graisse pas.<\/p>\n<p>\net ne graisse pas. Le gel de contact Bowie Eco ne contient aucun ingr&eacute;dient actif susceptible d&rsquo;endommager le transducteur de la sonde. Il n&rsquo;a pas d&rsquo;effet filtrant lorsqu&rsquo;il est dos&eacute;. Il ne contient pas de formald&eacute;hyde et sa<\/p>\n<p>\nformule sp&eacute;ciale favorise le mouvement du transducteur de la sonde et donc le travail de l&rsquo;analyste.<\/p>\n\n<p>\nClassification selon MDR 2017\/745 : Classe I<\/p>\n\n<p>\nAvertissements :<\/p>\n<p>\nAucune contre-indication n&rsquo;a &eacute;t&eacute; d&eacute;tect&eacute;e lors des tests d&rsquo;irritation cutan&eacute;e. Pour plus de confort, retirer de la peau apr&egrave;s utilisation.<\/p>\n\n<p>\nComposition : <\/p>\n<p>\n&ndash; hydratants ;<\/p>\n<p>\n&ndash; correcteurs de pH ;<\/p>\n<p>\n&ndash; polym&egrave;re ;<\/p>\n<p>\n&ndash; conservateur (d&eacute;riv&eacute; de l&rsquo;isotiazolinone) ;<\/p>\n<p>\n&ndash; sel conducteur.<\/p>\n\n<p>\nLimpide : ne contient aucun colorant. <\/p>\n<p>\npH : 7 &plusmn; 0,5 <\/p>\n<p>\nViscosit&eacute; : &plusmn;280 000 cps<\/p>\n\n<p>\nNotes : <\/p>\n<p>\nPour usage externe uniquement, ne contient pas de formald&eacute;hyde, sans latex.<\/p>\n\n<p>\nTraduit avec DeepL.com (version gratuite)<\/p>\n\n","protected":false},"excerpt":{"rendered":"<p>Le gel de contact Bowie Eco est produit sous vide et ne contient donc pas de bulles d&rsquo;air. Le produit est totalement insoluble, inodore, facile &agrave; nettoyer, ne tache pas et ne graisse pas. et ne graisse pas. Le gel de contact Bowie Eco ne contient aucun ingr&eacute;dient actif susceptible d&rsquo;endommager le transducteur de la &hellip; <\/p>\n<p class=\"link-more\"><a href=\"https:\/\/www.praktivak.be\/fr\/produit\/gel-de-contact-bowie-eco-en-sac-5-litres\/\" class=\"more-link\">Continuer la lecture<span class=\"screen-reader-text\"> \u00ab\u00a0Gel de contact Bowie Eco en sac, 5 litres\u00a0\u00bb<\/span><\/a><\/p>\n","protected":false},"author":1,"featured_media":287487,"template":"","meta":{"_acf_changed":false,"_relevanssi_hide_post":"","_relevanssi_hide_content":"","_relevanssi_pin_for_all":"","_relevanssi_pin_keywords":"","_relevanssi_unpin_keywords":"","_relevanssi_related_keywords":"","_relevanssi_related_include_ids":"","_relevanssi_related_exclude_ids":"","_relevanssi_related_no_append":"","_relevanssi_related_not_related":"","_relevanssi_related_posts":"","_relevanssi_noindex_reason":"","advgb_blocks_editor_width":"","advgb_blocks_columns_visual_guide":"","footnotes":""},"product_brand":[],"product_cat":[2084],"product_tag":[],"class_list":{"0":"post-41537","1":"product","2":"type-product","3":"status-publish","4":"has-post-thumbnail","6":"product_cat-toebehoren-ipl-systeem-fr","8":"first","9":"instock","10":"taxable","11":"shipping-taxable","12":"product-type-simple"},"acf":[],"yoast_head":"<!-- This site is optimized with the Yoast SEO plugin v27.2 - https:\/\/yoast.com\/product\/yoast-seo-wordpress\/ -->\n<title>Gel de contact Bowie Eco en sac, 5 litres - Praktivak<\/title>\n<meta name=\"robots\" content=\"index, follow, max-snippet:-1, max-image-preview:large, max-video-preview:-1\" \/>\n<link rel=\"canonical\" href=\"https:\/\/www.praktivak.be\/fr\/produit\/gel-de-contact-bowie-eco-en-sac-5-litres\/\" \/>\n<meta property=\"og:locale\" content=\"fr_FR\" \/>\n<meta property=\"og:type\" content=\"article\" \/>\n<meta property=\"og:title\" content=\"Gel de contact Bowie Eco en sac, 5 litres - Praktivak\" \/>\n<meta property=\"og:description\" content=\"Le gel de contact Bowie Eco est produit sous vide et ne contient donc pas de bulles d&rsquo;air. Le produit est totalement insoluble, inodore, facile &agrave; nettoyer, ne tache pas et ne graisse pas. et ne graisse pas. Le gel de contact Bowie Eco ne contient aucun ingr&eacute;dient actif susceptible d&rsquo;endommager le transducteur de la &hellip; Continuer la lecture &quot;Gel de contact Bowie Eco en sac, 5 litres&quot;\" \/>\n<meta property=\"og:url\" content=\"https:\/\/www.praktivak.be\/fr\/produit\/gel-de-contact-bowie-eco-en-sac-5-litres\/\" \/>\n<meta property=\"og:site_name\" content=\"Praktivak\" \/>\n<meta property=\"article:modified_time\" content=\"2026-02-01T15:39:32+00:00\" \/>\n<meta property=\"og:image\" content=\"https:\/\/www.praktivak.be\/wp-content\/uploads\/2025\/09\/EAB005.jpg\" \/>\n\t<meta property=\"og:image:width\" content=\"1000\" \/>\n\t<meta property=\"og:image:height\" content=\"714\" \/>\n\t<meta property=\"og:image:type\" content=\"image\/jpeg\" \/>\n<meta name=\"twitter:card\" content=\"summary_large_image\" \/>\n<meta name=\"twitter:label1\" content=\"Dur\u00e9e de lecture estim\u00e9e\" \/>\n\t<meta name=\"twitter:data1\" content=\"1 minute\" \/>\n<script type=\"application\/ld+json\" class=\"yoast-schema-graph\">{\"@context\":\"https:\/\/schema.org\",\"@graph\":[{\"@type\":\"WebPage\",\"@id\":\"https:\/\/www.praktivak.be\/fr\/produit\/gel-de-contact-bowie-eco-en-sac-5-litres\/\",\"url\":\"https:\/\/www.praktivak.be\/fr\/produit\/gel-de-contact-bowie-eco-en-sac-5-litres\/\",\"name\":\"Gel de contact Bowie Eco en sac, 5 litres - Praktivak\",\"isPartOf\":{\"@id\":\"https:\/\/www.praktivak.be\/fr\/#website\"},\"primaryImageOfPage\":{\"@id\":\"https:\/\/www.praktivak.be\/fr\/produit\/gel-de-contact-bowie-eco-en-sac-5-litres\/#primaryimage\"},\"image\":{\"@id\":\"https:\/\/www.praktivak.be\/fr\/produit\/gel-de-contact-bowie-eco-en-sac-5-litres\/#primaryimage\"},\"thumbnailUrl\":\"https:\/\/www.praktivak.be\/wp-content\/uploads\/2025\/09\/EAB005.jpg\",\"datePublished\":\"2025-05-07T15:47:48+00:00\",\"dateModified\":\"2026-02-01T15:39:32+00:00\",\"breadcrumb\":{\"@id\":\"https:\/\/www.praktivak.be\/fr\/produit\/gel-de-contact-bowie-eco-en-sac-5-litres\/#breadcrumb\"},\"inLanguage\":\"fr-FR\",\"potentialAction\":[{\"@type\":\"ReadAction\",\"target\":[\"https:\/\/www.praktivak.be\/fr\/produit\/gel-de-contact-bowie-eco-en-sac-5-litres\/\"]}]},{\"@type\":\"ImageObject\",\"inLanguage\":\"fr-FR\",\"@id\":\"https:\/\/www.praktivak.be\/fr\/produit\/gel-de-contact-bowie-eco-en-sac-5-litres\/#primaryimage\",\"url\":\"https:\/\/www.praktivak.be\/wp-content\/uploads\/2025\/09\/EAB005.jpg\",\"contentUrl\":\"https:\/\/www.praktivak.be\/wp-content\/uploads\/2025\/09\/EAB005.jpg\",\"width\":1000,\"height\":714},{\"@type\":\"BreadcrumbList\",\"@id\":\"https:\/\/www.praktivak.be\/fr\/produit\/gel-de-contact-bowie-eco-en-sac-5-litres\/#breadcrumb\",\"itemListElement\":[{\"@type\":\"ListItem\",\"position\":1,\"name\":\"Home\",\"item\":\"https:\/\/www.praktivak.be\/fr\/\"},{\"@type\":\"ListItem\",\"position\":2,\"name\":\"Boutique\",\"item\":\"https:\/\/www.praktivak.be\/fr\/boutique\/\"},{\"@type\":\"ListItem\",\"position\":3,\"name\":\"Gel de contact Bowie Eco en sac, 5 litres\"}]},{\"@type\":\"WebSite\",\"@id\":\"https:\/\/www.praktivak.be\/fr\/#website\",\"url\":\"https:\/\/www.praktivak.be\/fr\/\",\"name\":\"Praktivak\",\"description\":\"\",\"publisher\":{\"@id\":\"https:\/\/www.praktivak.be\/fr\/#organization\"},\"potentialAction\":[{\"@type\":\"SearchAction\",\"target\":{\"@type\":\"EntryPoint\",\"urlTemplate\":\"https:\/\/www.praktivak.be\/fr\/?s={search_term_string}\"},\"query-input\":{\"@type\":\"PropertyValueSpecification\",\"valueRequired\":true,\"valueName\":\"search_term_string\"}}],\"inLanguage\":\"fr-FR\"},{\"@type\":\"Organization\",\"@id\":\"https:\/\/www.praktivak.be\/fr\/#organization\",\"name\":\"Praktivak\",\"url\":\"https:\/\/www.praktivak.be\/fr\/\",\"logo\":{\"@type\":\"ImageObject\",\"inLanguage\":\"fr-FR\",\"@id\":\"https:\/\/www.praktivak.be\/fr\/#\/schema\/logo\/image\/\",\"url\":\"https:\/\/www.praktivak.be\/wp-content\/uploads\/2024\/09\/Logo.png\",\"contentUrl\":\"https:\/\/www.praktivak.be\/wp-content\/uploads\/2024\/09\/Logo.png\",\"width\":1774,\"height\":337,\"caption\":\"Praktivak\"},\"image\":{\"@id\":\"https:\/\/www.praktivak.be\/fr\/#\/schema\/logo\/image\/\"}}]}<\/script>\n<!-- \/ Yoast SEO plugin. -->","yoast_head_json":{"title":"Gel de contact Bowie Eco en sac, 5 litres - Praktivak","robots":{"index":"index","follow":"follow","max-snippet":"max-snippet:-1","max-image-preview":"max-image-preview:large","max-video-preview":"max-video-preview:-1"},"canonical":"https:\/\/www.praktivak.be\/fr\/produit\/gel-de-contact-bowie-eco-en-sac-5-litres\/","og_locale":"fr_FR","og_type":"article","og_title":"Gel de contact Bowie Eco en sac, 5 litres - Praktivak","og_description":"Le gel de contact Bowie Eco est produit sous vide et ne contient donc pas de bulles d&rsquo;air. Le produit est totalement insoluble, inodore, facile &agrave; nettoyer, ne tache pas et ne graisse pas. et ne graisse pas. Le gel de contact Bowie Eco ne contient aucun ingr&eacute;dient actif susceptible d&rsquo;endommager le transducteur de la &hellip; Continuer la lecture \"Gel de contact Bowie Eco en sac, 5 litres\"","og_url":"https:\/\/www.praktivak.be\/fr\/produit\/gel-de-contact-bowie-eco-en-sac-5-litres\/","og_site_name":"Praktivak","article_modified_time":"2026-02-01T15:39:32+00:00","og_image":[{"width":1000,"height":714,"url":"https:\/\/www.praktivak.be\/wp-content\/uploads\/2025\/09\/EAB005.jpg","type":"image\/jpeg"}],"twitter_card":"summary_large_image","twitter_misc":{"Dur\u00e9e de lecture estim\u00e9e":"1 minute"},"schema":{"@context":"https:\/\/schema.org","@graph":[{"@type":"WebPage","@id":"https:\/\/www.praktivak.be\/fr\/produit\/gel-de-contact-bowie-eco-en-sac-5-litres\/","url":"https:\/\/www.praktivak.be\/fr\/produit\/gel-de-contact-bowie-eco-en-sac-5-litres\/","name":"Gel de contact Bowie Eco en sac, 5 litres - Praktivak","isPartOf":{"@id":"https:\/\/www.praktivak.be\/fr\/#website"},"primaryImageOfPage":{"@id":"https:\/\/www.praktivak.be\/fr\/produit\/gel-de-contact-bowie-eco-en-sac-5-litres\/#primaryimage"},"image":{"@id":"https:\/\/www.praktivak.be\/fr\/produit\/gel-de-contact-bowie-eco-en-sac-5-litres\/#primaryimage"},"thumbnailUrl":"https:\/\/www.praktivak.be\/wp-content\/uploads\/2025\/09\/EAB005.jpg","datePublished":"2025-05-07T15:47:48+00:00","dateModified":"2026-02-01T15:39:32+00:00","breadcrumb":{"@id":"https:\/\/www.praktivak.be\/fr\/produit\/gel-de-contact-bowie-eco-en-sac-5-litres\/#breadcrumb"},"inLanguage":"fr-FR","potentialAction":[{"@type":"ReadAction","target":["https:\/\/www.praktivak.be\/fr\/produit\/gel-de-contact-bowie-eco-en-sac-5-litres\/"]}]},{"@type":"ImageObject","inLanguage":"fr-FR","@id":"https:\/\/www.praktivak.be\/fr\/produit\/gel-de-contact-bowie-eco-en-sac-5-litres\/#primaryimage","url":"https:\/\/www.praktivak.be\/wp-content\/uploads\/2025\/09\/EAB005.jpg","contentUrl":"https:\/\/www.praktivak.be\/wp-content\/uploads\/2025\/09\/EAB005.jpg","width":1000,"height":714},{"@type":"BreadcrumbList","@id":"https:\/\/www.praktivak.be\/fr\/produit\/gel-de-contact-bowie-eco-en-sac-5-litres\/#breadcrumb","itemListElement":[{"@type":"ListItem","position":1,"name":"Home","item":"https:\/\/www.praktivak.be\/fr\/"},{"@type":"ListItem","position":2,"name":"Boutique","item":"https:\/\/www.praktivak.be\/fr\/boutique\/"},{"@type":"ListItem","position":3,"name":"Gel de contact Bowie Eco en sac, 5 litres"}]},{"@type":"WebSite","@id":"https:\/\/www.praktivak.be\/fr\/#website","url":"https:\/\/www.praktivak.be\/fr\/","name":"Praktivak","description":"","publisher":{"@id":"https:\/\/www.praktivak.be\/fr\/#organization"},"potentialAction":[{"@type":"SearchAction","target":{"@type":"EntryPoint","urlTemplate":"https:\/\/www.praktivak.be\/fr\/?s={search_term_string}"},"query-input":{"@type":"PropertyValueSpecification","valueRequired":true,"valueName":"search_term_string"}}],"inLanguage":"fr-FR"},{"@type":"Organization","@id":"https:\/\/www.praktivak.be\/fr\/#organization","name":"Praktivak","url":"https:\/\/www.praktivak.be\/fr\/","logo":{"@type":"ImageObject","inLanguage":"fr-FR","@id":"https:\/\/www.praktivak.be\/fr\/#\/schema\/logo\/image\/","url":"https:\/\/www.praktivak.be\/wp-content\/uploads\/2024\/09\/Logo.png","contentUrl":"https:\/\/www.praktivak.be\/wp-content\/uploads\/2024\/09\/Logo.png","width":1774,"height":337,"caption":"Praktivak"},"image":{"@id":"https:\/\/www.praktivak.be\/fr\/#\/schema\/logo\/image\/"}}]}},"featured_img":"https:\/\/www.praktivak.be\/wp-content\/uploads\/2025\/09\/EAB005.jpg","coauthors":[],"author_meta":{"author_link":"https:\/\/www.praktivak.be\/fr\/author\/madeit\/","display_name":"Tjebbe Lievens"},"relative_dates":{"created":"Publi\u00e9 11 mois il y a","modified":"Mis \u00e0 jour 2 mois il y a"},"absolute_dates":{"created":"Publi\u00e9 le 7 mai 2025","modified":"Mise \u00e0 jour le 1 f\u00e9vrier 2026"},"absolute_dates_time":{"created":"Publi\u00e9 le 7 mai 2025 17h47","modified":"Mise \u00e0 jour le 1 f\u00e9vrier 2026 16h39"},"featured_img_caption":"","tax_additional":{"product_brand":{"linked":[],"unlinked":[],"slug":"product_brand","name":"Marques"},"product_type":{"linked":["<a href=\"https:\/\/www.praktivak.be\/fr\/?taxonomy=product_type&#038;term=simple\" class=\"advgb-post-tax-term\">simple<\/a>"],"unlinked":["<span class=\"advgb-post-tax-term\">simple<\/span>"],"slug":"product_type","name":"Type de produit"},"product_visibility":{"linked":[],"unlinked":[],"slug":"product_visibility","name":"Visibilit\u00e9 du produit"},"product_cat":{"linked":["<a href=\"https:\/\/www.praktivak.be\/fr\/categorie-de-produit\/esthetische-apparatuur-fr\/specialistische-apparatuur-esthetische-apparatuur-fr\/epilation\/lumiere-pulsee\/toebehoren-ipl-systeem-fr\/\" class=\"advgb-post-tax-term\">accessoires<\/a>"],"unlinked":["<span class=\"advgb-post-tax-term\">accessoires<\/span>"],"slug":"product_cat","name":"Cat\u00e9gories de produits"},"product_tag":{"linked":[],"unlinked":[],"slug":"product_tag","name":"\u00c9tiquettes produit"},"product_shipping_class":{"linked":[],"unlinked":[],"slug":"product_shipping_class","name":"Classe d\u2019exp\u00e9dition du produit"},"pos_product_visibility":{"linked":[],"unlinked":[],"slug":"pos_product_visibility","name":"Visibilit\u00e9 du produit sur le point de vente"},"translation_priority":{"linked":[],"unlinked":[],"slug":"translation_priority","name":"Priorit\u00e9s de traduction"}},"series_order":"","_links":{"self":[{"href":"https:\/\/www.praktivak.be\/fr\/wp-json\/wp\/v2\/product\/41537","targetHints":{"allow":["GET"]}}],"collection":[{"href":"https:\/\/www.praktivak.be\/fr\/wp-json\/wp\/v2\/product"}],"about":[{"href":"https:\/\/www.praktivak.be\/fr\/wp-json\/wp\/v2\/types\/product"}],"version-history":[{"count":102,"href":"https:\/\/www.praktivak.be\/fr\/wp-json\/wp\/v2\/product\/41537\/revisions"}],"predecessor-version":[{"id":343863,"href":"https:\/\/www.praktivak.be\/fr\/wp-json\/wp\/v2\/product\/41537\/revisions\/343863"}],"wp:featuredmedia":[{"embeddable":true,"href":"https:\/\/www.praktivak.be\/fr\/wp-json\/wp\/v2\/media\/287487"}],"wp:attachment":[{"href":"https:\/\/www.praktivak.be\/fr\/wp-json\/wp\/v2\/media?parent=41537"}],"wp:term":[{"taxonomy":"product_brand","embeddable":true,"href":"https:\/\/www.praktivak.be\/fr\/wp-json\/wp\/v2\/product_brand?post=41537"},{"taxonomy":"product_cat","embeddable":true,"href":"https:\/\/www.praktivak.be\/fr\/wp-json\/wp\/v2\/product_cat?post=41537"},{"taxonomy":"product_tag","embeddable":true,"href":"https:\/\/www.praktivak.be\/fr\/wp-json\/wp\/v2\/product_tag?post=41537"}],"curies":[{"name":"wp","href":"https:\/\/api.w.org\/{rel}","templated":true}]}}