

{"id":40239,"date":"2025-05-07T14:29:40","date_gmt":"2025-05-07T12:29:40","guid":{"rendered":"https:\/\/www.praktivak.be\/product\/combi-apparaat-elite-hot-cold-hamer-hoogfrequent-borstel-vacuum-spray\/"},"modified":"2026-02-01T16:39:24","modified_gmt":"2026-02-01T15:39:24","slug":"appareille-combi-marteau-chaud-froid-hf-brosses-aspiration-pulverisation","status":"publish","type":"product","link":"https:\/\/www.praktivak.be\/fr\/produit\/appareille-combi-marteau-chaud-froid-hf-brosses-aspiration-pulverisation\/","title":{"rendered":"Appareille combi (marteau chaud\/froid; HF, brosses, aspiration, pulv\u00e9risation)"},"content":{"rendered":"\n<p>\nAppareil de beaut&eacute; de dessin innovateur et &eacute;l&eacute;gant. Il combine 5 fonctions dans un seul appareil: marteau froid et chaud, haute fr&eacute;quence, brosses rotatives, aspiration et pulv&eacute;risation. L&#146;effet froid qui proportionne le marteau s&#146;utilise pour fermer les pores, calmer et proportionner fraicheur aux peaux d&eacute;licates. La fonction de chaleur est utilis&eacute;e pour renforcer la capacit&eacute; d&#146;absorption de la peau. Id&eacute;al pour des exfoliations superficielles et des extractions de points noirs et pour d&eacute;sinfecter, tonifier, fermer les pores et calmer les peaux d&eacute;licates.<\/p>\n\n","protected":false},"excerpt":{"rendered":"<p>Appareil de beaut&eacute; de dessin innovateur et &eacute;l&eacute;gant. Il combine 5 fonctions dans un seul appareil: marteau froid et chaud, haute fr&eacute;quence, brosses rotatives, aspiration et pulv&eacute;risation. L&#146;effet froid qui proportionne le marteau s&#146;utilise pour fermer les pores, calmer et proportionner fraicheur aux peaux d&eacute;licates. La fonction de chaleur est utilis&eacute;e pour renforcer la capacit&eacute; &hellip; <\/p>\n<p class=\"link-more\"><a href=\"https:\/\/www.praktivak.be\/fr\/produit\/appareille-combi-marteau-chaud-froid-hf-brosses-aspiration-pulverisation\/\" class=\"more-link\">Continuer la lecture<span class=\"screen-reader-text\"> \u00ab\u00a0Appareille combi (marteau chaud\/froid; HF, brosses, aspiration, pulv\u00e9risation)\u00a0\u00bb<\/span><\/a><\/p>\n","protected":false},"author":1,"featured_media":339310,"template":"","meta":{"_acf_changed":false,"_relevanssi_hide_post":"","_relevanssi_hide_content":"","_relevanssi_pin_for_all":"","_relevanssi_pin_keywords":"","_relevanssi_unpin_keywords":"","_relevanssi_related_keywords":"","_relevanssi_related_include_ids":"","_relevanssi_related_exclude_ids":"","_relevanssi_related_no_append":"","_relevanssi_related_not_related":"","_relevanssi_related_posts":"","_relevanssi_noindex_reason":"","advgb_blocks_editor_width":"","advgb_blocks_columns_visual_guide":"","footnotes":""},"product_brand":[],"product_cat":[2028],"product_tag":[],"class_list":{"0":"post-40239","1":"product","2":"type-product","3":"status-publish","4":"has-post-thumbnail","6":"product_cat-combi-apparatuur-salonapparatuur-esthetische-apparatuur-fr","8":"first","9":"instock","10":"taxable","11":"shipping-taxable","12":"product-type-simple"},"acf":[],"yoast_head":"<!-- This site is optimized with the Yoast SEO plugin v27.2 - https:\/\/yoast.com\/product\/yoast-seo-wordpress\/ -->\n<title>Appareille combi (marteau chaud\/froid; HF, brosses, aspiration, pulv\u00e9risation) - Praktivak<\/title>\n<meta name=\"robots\" content=\"index, follow, max-snippet:-1, max-image-preview:large, max-video-preview:-1\" \/>\n<link rel=\"canonical\" href=\"https:\/\/www.praktivak.be\/fr\/produit\/appareille-combi-marteau-chaud-froid-hf-brosses-aspiration-pulverisation\/\" \/>\n<meta property=\"og:locale\" content=\"fr_FR\" \/>\n<meta property=\"og:type\" content=\"article\" \/>\n<meta property=\"og:title\" content=\"Appareille combi (marteau chaud\/froid; HF, brosses, aspiration, pulv\u00e9risation) - Praktivak\" \/>\n<meta property=\"og:description\" content=\"Appareil de beaut&eacute; de dessin innovateur et &eacute;l&eacute;gant. Il combine 5 fonctions dans un seul appareil: marteau froid et chaud, haute fr&eacute;quence, brosses rotatives, aspiration et pulv&eacute;risation. L&#146;effet froid qui proportionne le marteau s&#146;utilise pour fermer les pores, calmer et proportionner fraicheur aux peaux d&eacute;licates. La fonction de chaleur est utilis&eacute;e pour renforcer la capacit&eacute; &hellip; Continuer la lecture &quot;Appareille combi (marteau chaud\/froid; HF, brosses, aspiration, pulv\u00e9risation)&quot;\" \/>\n<meta property=\"og:url\" content=\"https:\/\/www.praktivak.be\/fr\/produit\/appareille-combi-marteau-chaud-froid-hf-brosses-aspiration-pulverisation\/\" \/>\n<meta property=\"og:site_name\" content=\"Praktivak\" \/>\n<meta property=\"article:modified_time\" content=\"2026-02-01T15:39:24+00:00\" \/>\n<meta property=\"og:image\" content=\"https:\/\/www.praktivak.be\/wp-content\/uploads\/2026\/02\/E23031-1.jpg\" \/>\n\t<meta property=\"og:image:width\" content=\"1024\" \/>\n\t<meta property=\"og:image:height\" content=\"1024\" \/>\n\t<meta property=\"og:image:type\" content=\"image\/jpeg\" \/>\n<meta name=\"twitter:card\" content=\"summary_large_image\" \/>\n<script type=\"application\/ld+json\" class=\"yoast-schema-graph\">{\"@context\":\"https:\/\/schema.org\",\"@graph\":[{\"@type\":\"WebPage\",\"@id\":\"https:\/\/www.praktivak.be\/fr\/produit\/appareille-combi-marteau-chaud-froid-hf-brosses-aspiration-pulverisation\/\",\"url\":\"https:\/\/www.praktivak.be\/fr\/produit\/appareille-combi-marteau-chaud-froid-hf-brosses-aspiration-pulverisation\/\",\"name\":\"Appareille combi (marteau chaud\/froid; HF, brosses, aspiration, pulv\u00e9risation) - Praktivak\",\"isPartOf\":{\"@id\":\"https:\/\/www.praktivak.be\/fr\/#website\"},\"primaryImageOfPage\":{\"@id\":\"https:\/\/www.praktivak.be\/fr\/produit\/appareille-combi-marteau-chaud-froid-hf-brosses-aspiration-pulverisation\/#primaryimage\"},\"image\":{\"@id\":\"https:\/\/www.praktivak.be\/fr\/produit\/appareille-combi-marteau-chaud-froid-hf-brosses-aspiration-pulverisation\/#primaryimage\"},\"thumbnailUrl\":\"https:\/\/www.praktivak.be\/wp-content\/uploads\/2026\/02\/E23031-1.jpg\",\"datePublished\":\"2025-05-07T12:29:40+00:00\",\"dateModified\":\"2026-02-01T15:39:24+00:00\",\"breadcrumb\":{\"@id\":\"https:\/\/www.praktivak.be\/fr\/produit\/appareille-combi-marteau-chaud-froid-hf-brosses-aspiration-pulverisation\/#breadcrumb\"},\"inLanguage\":\"fr-FR\",\"potentialAction\":[{\"@type\":\"ReadAction\",\"target\":[\"https:\/\/www.praktivak.be\/fr\/produit\/appareille-combi-marteau-chaud-froid-hf-brosses-aspiration-pulverisation\/\"]}]},{\"@type\":\"ImageObject\",\"inLanguage\":\"fr-FR\",\"@id\":\"https:\/\/www.praktivak.be\/fr\/produit\/appareille-combi-marteau-chaud-froid-hf-brosses-aspiration-pulverisation\/#primaryimage\",\"url\":\"https:\/\/www.praktivak.be\/wp-content\/uploads\/2026\/02\/E23031-1.jpg\",\"contentUrl\":\"https:\/\/www.praktivak.be\/wp-content\/uploads\/2026\/02\/E23031-1.jpg\",\"width\":1024,\"height\":1024,\"caption\":\"Combi-apparaat Elite (hot\/cold hamer, hoogfrequent, borstel, vacu\u00fcm\/spray)\"},{\"@type\":\"BreadcrumbList\",\"@id\":\"https:\/\/www.praktivak.be\/fr\/produit\/appareille-combi-marteau-chaud-froid-hf-brosses-aspiration-pulverisation\/#breadcrumb\",\"itemListElement\":[{\"@type\":\"ListItem\",\"position\":1,\"name\":\"Home\",\"item\":\"https:\/\/www.praktivak.be\/fr\/\"},{\"@type\":\"ListItem\",\"position\":2,\"name\":\"Boutique\",\"item\":\"https:\/\/www.praktivak.be\/fr\/boutique\/\"},{\"@type\":\"ListItem\",\"position\":3,\"name\":\"Appareille combi (marteau chaud\/froid; HF, brosses, aspiration, pulv\u00e9risation)\"}]},{\"@type\":\"WebSite\",\"@id\":\"https:\/\/www.praktivak.be\/fr\/#website\",\"url\":\"https:\/\/www.praktivak.be\/fr\/\",\"name\":\"Praktivak\",\"description\":\"\",\"publisher\":{\"@id\":\"https:\/\/www.praktivak.be\/fr\/#organization\"},\"potentialAction\":[{\"@type\":\"SearchAction\",\"target\":{\"@type\":\"EntryPoint\",\"urlTemplate\":\"https:\/\/www.praktivak.be\/fr\/?s={search_term_string}\"},\"query-input\":{\"@type\":\"PropertyValueSpecification\",\"valueRequired\":true,\"valueName\":\"search_term_string\"}}],\"inLanguage\":\"fr-FR\"},{\"@type\":\"Organization\",\"@id\":\"https:\/\/www.praktivak.be\/fr\/#organization\",\"name\":\"Praktivak\",\"url\":\"https:\/\/www.praktivak.be\/fr\/\",\"logo\":{\"@type\":\"ImageObject\",\"inLanguage\":\"fr-FR\",\"@id\":\"https:\/\/www.praktivak.be\/fr\/#\/schema\/logo\/image\/\",\"url\":\"https:\/\/www.praktivak.be\/wp-content\/uploads\/2024\/09\/Logo.png\",\"contentUrl\":\"https:\/\/www.praktivak.be\/wp-content\/uploads\/2024\/09\/Logo.png\",\"width\":1774,\"height\":337,\"caption\":\"Praktivak\"},\"image\":{\"@id\":\"https:\/\/www.praktivak.be\/fr\/#\/schema\/logo\/image\/\"}}]}<\/script>\n<!-- \/ Yoast SEO plugin. -->","yoast_head_json":{"title":"Appareille combi (marteau chaud\/froid; HF, brosses, aspiration, pulv\u00e9risation) - Praktivak","robots":{"index":"index","follow":"follow","max-snippet":"max-snippet:-1","max-image-preview":"max-image-preview:large","max-video-preview":"max-video-preview:-1"},"canonical":"https:\/\/www.praktivak.be\/fr\/produit\/appareille-combi-marteau-chaud-froid-hf-brosses-aspiration-pulverisation\/","og_locale":"fr_FR","og_type":"article","og_title":"Appareille combi (marteau chaud\/froid; HF, brosses, aspiration, pulv\u00e9risation) - Praktivak","og_description":"Appareil de beaut&eacute; de dessin innovateur et &eacute;l&eacute;gant. Il combine 5 fonctions dans un seul appareil: marteau froid et chaud, haute fr&eacute;quence, brosses rotatives, aspiration et pulv&eacute;risation. L&#146;effet froid qui proportionne le marteau s&#146;utilise pour fermer les pores, calmer et proportionner fraicheur aux peaux d&eacute;licates. La fonction de chaleur est utilis&eacute;e pour renforcer la capacit&eacute; &hellip; Continuer la lecture \"Appareille combi (marteau chaud\/froid; HF, brosses, aspiration, pulv\u00e9risation)\"","og_url":"https:\/\/www.praktivak.be\/fr\/produit\/appareille-combi-marteau-chaud-froid-hf-brosses-aspiration-pulverisation\/","og_site_name":"Praktivak","article_modified_time":"2026-02-01T15:39:24+00:00","og_image":[{"width":1024,"height":1024,"url":"https:\/\/www.praktivak.be\/wp-content\/uploads\/2026\/02\/E23031-1.jpg","type":"image\/jpeg"}],"twitter_card":"summary_large_image","schema":{"@context":"https:\/\/schema.org","@graph":[{"@type":"WebPage","@id":"https:\/\/www.praktivak.be\/fr\/produit\/appareille-combi-marteau-chaud-froid-hf-brosses-aspiration-pulverisation\/","url":"https:\/\/www.praktivak.be\/fr\/produit\/appareille-combi-marteau-chaud-froid-hf-brosses-aspiration-pulverisation\/","name":"Appareille combi (marteau chaud\/froid; HF, brosses, aspiration, pulv\u00e9risation) - Praktivak","isPartOf":{"@id":"https:\/\/www.praktivak.be\/fr\/#website"},"primaryImageOfPage":{"@id":"https:\/\/www.praktivak.be\/fr\/produit\/appareille-combi-marteau-chaud-froid-hf-brosses-aspiration-pulverisation\/#primaryimage"},"image":{"@id":"https:\/\/www.praktivak.be\/fr\/produit\/appareille-combi-marteau-chaud-froid-hf-brosses-aspiration-pulverisation\/#primaryimage"},"thumbnailUrl":"https:\/\/www.praktivak.be\/wp-content\/uploads\/2026\/02\/E23031-1.jpg","datePublished":"2025-05-07T12:29:40+00:00","dateModified":"2026-02-01T15:39:24+00:00","breadcrumb":{"@id":"https:\/\/www.praktivak.be\/fr\/produit\/appareille-combi-marteau-chaud-froid-hf-brosses-aspiration-pulverisation\/#breadcrumb"},"inLanguage":"fr-FR","potentialAction":[{"@type":"ReadAction","target":["https:\/\/www.praktivak.be\/fr\/produit\/appareille-combi-marteau-chaud-froid-hf-brosses-aspiration-pulverisation\/"]}]},{"@type":"ImageObject","inLanguage":"fr-FR","@id":"https:\/\/www.praktivak.be\/fr\/produit\/appareille-combi-marteau-chaud-froid-hf-brosses-aspiration-pulverisation\/#primaryimage","url":"https:\/\/www.praktivak.be\/wp-content\/uploads\/2026\/02\/E23031-1.jpg","contentUrl":"https:\/\/www.praktivak.be\/wp-content\/uploads\/2026\/02\/E23031-1.jpg","width":1024,"height":1024,"caption":"Combi-apparaat Elite (hot\/cold hamer, hoogfrequent, borstel, vacu\u00fcm\/spray)"},{"@type":"BreadcrumbList","@id":"https:\/\/www.praktivak.be\/fr\/produit\/appareille-combi-marteau-chaud-froid-hf-brosses-aspiration-pulverisation\/#breadcrumb","itemListElement":[{"@type":"ListItem","position":1,"name":"Home","item":"https:\/\/www.praktivak.be\/fr\/"},{"@type":"ListItem","position":2,"name":"Boutique","item":"https:\/\/www.praktivak.be\/fr\/boutique\/"},{"@type":"ListItem","position":3,"name":"Appareille combi (marteau chaud\/froid; HF, brosses, aspiration, pulv\u00e9risation)"}]},{"@type":"WebSite","@id":"https:\/\/www.praktivak.be\/fr\/#website","url":"https:\/\/www.praktivak.be\/fr\/","name":"Praktivak","description":"","publisher":{"@id":"https:\/\/www.praktivak.be\/fr\/#organization"},"potentialAction":[{"@type":"SearchAction","target":{"@type":"EntryPoint","urlTemplate":"https:\/\/www.praktivak.be\/fr\/?s={search_term_string}"},"query-input":{"@type":"PropertyValueSpecification","valueRequired":true,"valueName":"search_term_string"}}],"inLanguage":"fr-FR"},{"@type":"Organization","@id":"https:\/\/www.praktivak.be\/fr\/#organization","name":"Praktivak","url":"https:\/\/www.praktivak.be\/fr\/","logo":{"@type":"ImageObject","inLanguage":"fr-FR","@id":"https:\/\/www.praktivak.be\/fr\/#\/schema\/logo\/image\/","url":"https:\/\/www.praktivak.be\/wp-content\/uploads\/2024\/09\/Logo.png","contentUrl":"https:\/\/www.praktivak.be\/wp-content\/uploads\/2024\/09\/Logo.png","width":1774,"height":337,"caption":"Praktivak"},"image":{"@id":"https:\/\/www.praktivak.be\/fr\/#\/schema\/logo\/image\/"}}]}},"featured_img":"https:\/\/www.praktivak.be\/wp-content\/uploads\/2026\/02\/E23031-1.jpg","coauthors":[],"author_meta":{"author_link":"https:\/\/www.praktivak.be\/fr\/author\/madeit\/","display_name":"Tjebbe Lievens"},"relative_dates":{"created":"Publi\u00e9 11 mois il y a","modified":"Mis \u00e0 jour 2 mois il y a"},"absolute_dates":{"created":"Publi\u00e9 le 7 mai 2025","modified":"Mise \u00e0 jour le 1 f\u00e9vrier 2026"},"absolute_dates_time":{"created":"Publi\u00e9 le 7 mai 2025 14h29","modified":"Mise \u00e0 jour le 1 f\u00e9vrier 2026 16h39"},"featured_img_caption":"","tax_additional":{"product_brand":{"linked":[],"unlinked":[],"slug":"product_brand","name":"Marques"},"product_type":{"linked":["<a href=\"https:\/\/www.praktivak.be\/fr\/?taxonomy=product_type&#038;term=simple\" class=\"advgb-post-tax-term\">simple<\/a>"],"unlinked":["<span class=\"advgb-post-tax-term\">simple<\/span>"],"slug":"product_type","name":"Type de produit"},"product_visibility":{"linked":[],"unlinked":[],"slug":"product_visibility","name":"Visibilit\u00e9 du produit"},"product_cat":{"linked":["<a href=\"https:\/\/www.praktivak.be\/fr\/categorie-de-produit\/esthetische-apparatuur-fr\/salonapparatuur-esthetische-apparatuur-fr\/combi-apparatuur-salonapparatuur-esthetische-apparatuur-fr\/\" class=\"advgb-post-tax-term\">Appareils Combi<\/a>"],"unlinked":["<span class=\"advgb-post-tax-term\">Appareils Combi<\/span>"],"slug":"product_cat","name":"Cat\u00e9gories de produits"},"product_tag":{"linked":[],"unlinked":[],"slug":"product_tag","name":"\u00c9tiquettes produit"},"product_shipping_class":{"linked":[],"unlinked":[],"slug":"product_shipping_class","name":"Classe d\u2019exp\u00e9dition du produit"},"pos_product_visibility":{"linked":[],"unlinked":[],"slug":"pos_product_visibility","name":"Visibilit\u00e9 du produit sur le point de vente"},"translation_priority":{"linked":[],"unlinked":[],"slug":"translation_priority","name":"Priorit\u00e9s de traduction"}},"series_order":"","_links":{"self":[{"href":"https:\/\/www.praktivak.be\/fr\/wp-json\/wp\/v2\/product\/40239","targetHints":{"allow":["GET"]}}],"collection":[{"href":"https:\/\/www.praktivak.be\/fr\/wp-json\/wp\/v2\/product"}],"about":[{"href":"https:\/\/www.praktivak.be\/fr\/wp-json\/wp\/v2\/types\/product"}],"version-history":[{"count":80,"href":"https:\/\/www.praktivak.be\/fr\/wp-json\/wp\/v2\/product\/40239\/revisions"}],"predecessor-version":[{"id":343841,"href":"https:\/\/www.praktivak.be\/fr\/wp-json\/wp\/v2\/product\/40239\/revisions\/343841"}],"wp:featuredmedia":[{"embeddable":true,"href":"https:\/\/www.praktivak.be\/fr\/wp-json\/wp\/v2\/media\/339310"}],"wp:attachment":[{"href":"https:\/\/www.praktivak.be\/fr\/wp-json\/wp\/v2\/media?parent=40239"}],"wp:term":[{"taxonomy":"product_brand","embeddable":true,"href":"https:\/\/www.praktivak.be\/fr\/wp-json\/wp\/v2\/product_brand?post=40239"},{"taxonomy":"product_cat","embeddable":true,"href":"https:\/\/www.praktivak.be\/fr\/wp-json\/wp\/v2\/product_cat?post=40239"},{"taxonomy":"product_tag","embeddable":true,"href":"https:\/\/www.praktivak.be\/fr\/wp-json\/wp\/v2\/product_tag?post=40239"}],"curies":[{"name":"wp","href":"https:\/\/api.w.org\/{rel}","templated":true}]}}