

{"id":40115,"date":"2025-05-09T03:43:19","date_gmt":"2025-05-09T01:43:19","guid":{"rendered":"https:\/\/www.praktivak.be\/product\/gouden-speed-carbuurfrees-met-tin-coating-8\/"},"modified":"2026-02-01T03:04:45","modified_gmt":"2026-02-01T02:04:45","slug":"t-speed-t429-060","status":"publish","type":"product","link":"https:\/\/www.praktivak.be\/fr\/produit\/t-speed-t429-060\/","title":{"rendered":"T-SPEED T429-060"},"content":{"rendered":"\n<p>\nGr&acirc;ce &agrave; sa dentures r&eacute;volutionnaire et &agrave; la pointe lisse de la partie travaillante, la nouvelle s&eacute;rie dor&eacute;e T-SPEED de fraises en carbure recouvertes de nitrure de titane (TiN) permet d&rsquo;obtenir d&rsquo;excvellents r&eacute;sultats de traitement, rapide et en toute s&eacute;curit&eacute;.Sp&eacute;cialement d&eacute;velop&eacute;e pour le traitement rapide et sans risque du gel.<\/p>\n\n","protected":false},"excerpt":{"rendered":"<p>Gr&acirc;ce &agrave; sa dentures r&eacute;volutionnaire et &agrave; la pointe lisse de la partie travaillante, la nouvelle s&eacute;rie dor&eacute;e T-SPEED de fraises en carbure recouvertes de nitrure de titane (TiN) permet d&rsquo;obtenir d&rsquo;excvellents r&eacute;sultats de traitement, rapide et en toute s&eacute;curit&eacute;.Sp&eacute;cialement d&eacute;velop&eacute;e pour le traitement rapide et sans risque du gel.<\/p>\n","protected":false},"author":1,"featured_media":293663,"template":"","meta":{"_acf_changed":false,"_relevanssi_hide_post":"","_relevanssi_hide_content":"","_relevanssi_pin_for_all":"","_relevanssi_pin_keywords":"","_relevanssi_unpin_keywords":"","_relevanssi_related_keywords":"","_relevanssi_related_include_ids":"","_relevanssi_related_exclude_ids":"","_relevanssi_related_no_append":"","_relevanssi_related_not_related":"","_relevanssi_related_posts":"","_relevanssi_noindex_reason":"","advgb_blocks_editor_width":"","advgb_blocks_columns_visual_guide":"","footnotes":""},"product_brand":[],"product_cat":[2121],"product_tag":[],"class_list":{"0":"post-40115","1":"product","2":"type-product","3":"status-publish","4":"has-post-thumbnail","6":"product_cat-tungsten-en-carbuurfrezen-busch-freesjes-en-toebehoren-instrumenten-pedicure-2-fr","8":"first","9":"instock","10":"taxable","11":"shipping-taxable","12":"product-type-simple"},"acf":[],"yoast_head":"<!-- This site is optimized with the Yoast SEO plugin v27.2 - https:\/\/yoast.com\/product\/yoast-seo-wordpress\/ -->\n<title>T-SPEED T429-060 - Praktivak<\/title>\n<meta name=\"robots\" content=\"index, follow, max-snippet:-1, max-image-preview:large, max-video-preview:-1\" \/>\n<link rel=\"canonical\" href=\"https:\/\/www.praktivak.be\/fr\/produit\/t-speed-t429-060\/\" \/>\n<meta property=\"og:locale\" content=\"fr_FR\" \/>\n<meta property=\"og:type\" content=\"article\" \/>\n<meta property=\"og:title\" content=\"T-SPEED T429-060 - Praktivak\" \/>\n<meta property=\"og:description\" content=\"Gr&acirc;ce &agrave; sa dentures r&eacute;volutionnaire et &agrave; la pointe lisse de la partie travaillante, la nouvelle s&eacute;rie dor&eacute;e T-SPEED de fraises en carbure recouvertes de nitrure de titane (TiN) permet d&rsquo;obtenir d&rsquo;excvellents r&eacute;sultats de traitement, rapide et en toute s&eacute;curit&eacute;.Sp&eacute;cialement d&eacute;velop&eacute;e pour le traitement rapide et sans risque du gel.\" \/>\n<meta property=\"og:url\" content=\"https:\/\/www.praktivak.be\/fr\/produit\/t-speed-t429-060\/\" \/>\n<meta property=\"og:site_name\" content=\"Praktivak\" \/>\n<meta property=\"article:modified_time\" content=\"2026-02-01T02:04:45+00:00\" \/>\n<meta property=\"og:image\" content=\"https:\/\/www.praktivak.be\/wp-content\/uploads\/2025\/09\/T429-SP060.jpg\" \/>\n\t<meta property=\"og:image:width\" content=\"370\" \/>\n\t<meta property=\"og:image:height\" content=\"205\" \/>\n\t<meta property=\"og:image:type\" content=\"image\/jpeg\" \/>\n<meta name=\"twitter:card\" content=\"summary_large_image\" \/>\n<script type=\"application\/ld+json\" class=\"yoast-schema-graph\">{\"@context\":\"https:\/\/schema.org\",\"@graph\":[{\"@type\":\"WebPage\",\"@id\":\"https:\/\/www.praktivak.be\/fr\/produit\/t-speed-t429-060\/\",\"url\":\"https:\/\/www.praktivak.be\/fr\/produit\/t-speed-t429-060\/\",\"name\":\"T-SPEED T429-060 - Praktivak\",\"isPartOf\":{\"@id\":\"https:\/\/www.praktivak.be\/fr\/#website\"},\"primaryImageOfPage\":{\"@id\":\"https:\/\/www.praktivak.be\/fr\/produit\/t-speed-t429-060\/#primaryimage\"},\"image\":{\"@id\":\"https:\/\/www.praktivak.be\/fr\/produit\/t-speed-t429-060\/#primaryimage\"},\"thumbnailUrl\":\"https:\/\/www.praktivak.be\/wp-content\/uploads\/2025\/09\/T429-SP060.jpg\",\"datePublished\":\"2025-05-09T01:43:19+00:00\",\"dateModified\":\"2026-02-01T02:04:45+00:00\",\"breadcrumb\":{\"@id\":\"https:\/\/www.praktivak.be\/fr\/produit\/t-speed-t429-060\/#breadcrumb\"},\"inLanguage\":\"fr-FR\",\"potentialAction\":[{\"@type\":\"ReadAction\",\"target\":[\"https:\/\/www.praktivak.be\/fr\/produit\/t-speed-t429-060\/\"]}]},{\"@type\":\"ImageObject\",\"inLanguage\":\"fr-FR\",\"@id\":\"https:\/\/www.praktivak.be\/fr\/produit\/t-speed-t429-060\/#primaryimage\",\"url\":\"https:\/\/www.praktivak.be\/wp-content\/uploads\/2025\/09\/T429-SP060.jpg\",\"contentUrl\":\"https:\/\/www.praktivak.be\/wp-content\/uploads\/2025\/09\/T429-SP060.jpg\",\"width\":370,\"height\":205},{\"@type\":\"BreadcrumbList\",\"@id\":\"https:\/\/www.praktivak.be\/fr\/produit\/t-speed-t429-060\/#breadcrumb\",\"itemListElement\":[{\"@type\":\"ListItem\",\"position\":1,\"name\":\"Home\",\"item\":\"https:\/\/www.praktivak.be\/fr\/\"},{\"@type\":\"ListItem\",\"position\":2,\"name\":\"Boutique\",\"item\":\"https:\/\/www.praktivak.be\/fr\/boutique\/\"},{\"@type\":\"ListItem\",\"position\":3,\"name\":\"T-SPEED T429-060\"}]},{\"@type\":\"WebSite\",\"@id\":\"https:\/\/www.praktivak.be\/fr\/#website\",\"url\":\"https:\/\/www.praktivak.be\/fr\/\",\"name\":\"Praktivak\",\"description\":\"\",\"publisher\":{\"@id\":\"https:\/\/www.praktivak.be\/fr\/#organization\"},\"potentialAction\":[{\"@type\":\"SearchAction\",\"target\":{\"@type\":\"EntryPoint\",\"urlTemplate\":\"https:\/\/www.praktivak.be\/fr\/?s={search_term_string}\"},\"query-input\":{\"@type\":\"PropertyValueSpecification\",\"valueRequired\":true,\"valueName\":\"search_term_string\"}}],\"inLanguage\":\"fr-FR\"},{\"@type\":\"Organization\",\"@id\":\"https:\/\/www.praktivak.be\/fr\/#organization\",\"name\":\"Praktivak\",\"url\":\"https:\/\/www.praktivak.be\/fr\/\",\"logo\":{\"@type\":\"ImageObject\",\"inLanguage\":\"fr-FR\",\"@id\":\"https:\/\/www.praktivak.be\/fr\/#\/schema\/logo\/image\/\",\"url\":\"https:\/\/www.praktivak.be\/wp-content\/uploads\/2024\/09\/Logo.png\",\"contentUrl\":\"https:\/\/www.praktivak.be\/wp-content\/uploads\/2024\/09\/Logo.png\",\"width\":1774,\"height\":337,\"caption\":\"Praktivak\"},\"image\":{\"@id\":\"https:\/\/www.praktivak.be\/fr\/#\/schema\/logo\/image\/\"}}]}<\/script>\n<!-- \/ Yoast SEO plugin. -->","yoast_head_json":{"title":"T-SPEED T429-060 - Praktivak","robots":{"index":"index","follow":"follow","max-snippet":"max-snippet:-1","max-image-preview":"max-image-preview:large","max-video-preview":"max-video-preview:-1"},"canonical":"https:\/\/www.praktivak.be\/fr\/produit\/t-speed-t429-060\/","og_locale":"fr_FR","og_type":"article","og_title":"T-SPEED T429-060 - Praktivak","og_description":"Gr&acirc;ce &agrave; sa dentures r&eacute;volutionnaire et &agrave; la pointe lisse de la partie travaillante, la nouvelle s&eacute;rie dor&eacute;e T-SPEED de fraises en carbure recouvertes de nitrure de titane (TiN) permet d&rsquo;obtenir d&rsquo;excvellents r&eacute;sultats de traitement, rapide et en toute s&eacute;curit&eacute;.Sp&eacute;cialement d&eacute;velop&eacute;e pour le traitement rapide et sans risque du gel.","og_url":"https:\/\/www.praktivak.be\/fr\/produit\/t-speed-t429-060\/","og_site_name":"Praktivak","article_modified_time":"2026-02-01T02:04:45+00:00","og_image":[{"width":370,"height":205,"url":"https:\/\/www.praktivak.be\/wp-content\/uploads\/2025\/09\/T429-SP060.jpg","type":"image\/jpeg"}],"twitter_card":"summary_large_image","schema":{"@context":"https:\/\/schema.org","@graph":[{"@type":"WebPage","@id":"https:\/\/www.praktivak.be\/fr\/produit\/t-speed-t429-060\/","url":"https:\/\/www.praktivak.be\/fr\/produit\/t-speed-t429-060\/","name":"T-SPEED T429-060 - Praktivak","isPartOf":{"@id":"https:\/\/www.praktivak.be\/fr\/#website"},"primaryImageOfPage":{"@id":"https:\/\/www.praktivak.be\/fr\/produit\/t-speed-t429-060\/#primaryimage"},"image":{"@id":"https:\/\/www.praktivak.be\/fr\/produit\/t-speed-t429-060\/#primaryimage"},"thumbnailUrl":"https:\/\/www.praktivak.be\/wp-content\/uploads\/2025\/09\/T429-SP060.jpg","datePublished":"2025-05-09T01:43:19+00:00","dateModified":"2026-02-01T02:04:45+00:00","breadcrumb":{"@id":"https:\/\/www.praktivak.be\/fr\/produit\/t-speed-t429-060\/#breadcrumb"},"inLanguage":"fr-FR","potentialAction":[{"@type":"ReadAction","target":["https:\/\/www.praktivak.be\/fr\/produit\/t-speed-t429-060\/"]}]},{"@type":"ImageObject","inLanguage":"fr-FR","@id":"https:\/\/www.praktivak.be\/fr\/produit\/t-speed-t429-060\/#primaryimage","url":"https:\/\/www.praktivak.be\/wp-content\/uploads\/2025\/09\/T429-SP060.jpg","contentUrl":"https:\/\/www.praktivak.be\/wp-content\/uploads\/2025\/09\/T429-SP060.jpg","width":370,"height":205},{"@type":"BreadcrumbList","@id":"https:\/\/www.praktivak.be\/fr\/produit\/t-speed-t429-060\/#breadcrumb","itemListElement":[{"@type":"ListItem","position":1,"name":"Home","item":"https:\/\/www.praktivak.be\/fr\/"},{"@type":"ListItem","position":2,"name":"Boutique","item":"https:\/\/www.praktivak.be\/fr\/boutique\/"},{"@type":"ListItem","position":3,"name":"T-SPEED T429-060"}]},{"@type":"WebSite","@id":"https:\/\/www.praktivak.be\/fr\/#website","url":"https:\/\/www.praktivak.be\/fr\/","name":"Praktivak","description":"","publisher":{"@id":"https:\/\/www.praktivak.be\/fr\/#organization"},"potentialAction":[{"@type":"SearchAction","target":{"@type":"EntryPoint","urlTemplate":"https:\/\/www.praktivak.be\/fr\/?s={search_term_string}"},"query-input":{"@type":"PropertyValueSpecification","valueRequired":true,"valueName":"search_term_string"}}],"inLanguage":"fr-FR"},{"@type":"Organization","@id":"https:\/\/www.praktivak.be\/fr\/#organization","name":"Praktivak","url":"https:\/\/www.praktivak.be\/fr\/","logo":{"@type":"ImageObject","inLanguage":"fr-FR","@id":"https:\/\/www.praktivak.be\/fr\/#\/schema\/logo\/image\/","url":"https:\/\/www.praktivak.be\/wp-content\/uploads\/2024\/09\/Logo.png","contentUrl":"https:\/\/www.praktivak.be\/wp-content\/uploads\/2024\/09\/Logo.png","width":1774,"height":337,"caption":"Praktivak"},"image":{"@id":"https:\/\/www.praktivak.be\/fr\/#\/schema\/logo\/image\/"}}]}},"featured_img":"https:\/\/www.praktivak.be\/wp-content\/uploads\/2025\/09\/T429-SP060.jpg","coauthors":[],"author_meta":{"author_link":"https:\/\/www.praktivak.be\/fr\/author\/madeit\/","display_name":"Tjebbe Lievens"},"relative_dates":{"created":"Publi\u00e9 11 mois il y a","modified":"Mis \u00e0 jour 2 mois il y a"},"absolute_dates":{"created":"Publi\u00e9 le 9 mai 2025","modified":"Mise \u00e0 jour le 1 f\u00e9vrier 2026"},"absolute_dates_time":{"created":"Publi\u00e9 le 9 mai 2025 3h43","modified":"Mise \u00e0 jour le 1 f\u00e9vrier 2026 3h04"},"featured_img_caption":"","tax_additional":{"product_brand":{"linked":[],"unlinked":[],"slug":"product_brand","name":"Marques"},"product_type":{"linked":["<a href=\"https:\/\/www.praktivak.be\/fr\/?taxonomy=product_type&#038;term=simple\" class=\"advgb-post-tax-term\">simple<\/a>"],"unlinked":["<span class=\"advgb-post-tax-term\">simple<\/span>"],"slug":"product_type","name":"Type de produit"},"product_visibility":{"linked":[],"unlinked":[],"slug":"product_visibility","name":"Visibilit\u00e9 du produit"},"product_cat":{"linked":["<a href=\"https:\/\/www.praktivak.be\/fr\/categorie-de-produit\/pedicure-2-fr\/instrumenten\/freesjes-en-toebehoren\/busch\/tungsten-en-carbuurfrezen-busch-freesjes-en-toebehoren-instrumenten-pedicure-2-fr\/\" class=\"advgb-post-tax-term\">Tungsten et carbure<\/a>"],"unlinked":["<span class=\"advgb-post-tax-term\">Tungsten et carbure<\/span>"],"slug":"product_cat","name":"Cat\u00e9gories de produits"},"product_tag":{"linked":[],"unlinked":[],"slug":"product_tag","name":"\u00c9tiquettes produit"},"product_shipping_class":{"linked":[],"unlinked":[],"slug":"product_shipping_class","name":"Classe d\u2019exp\u00e9dition du produit"},"pos_product_visibility":{"linked":[],"unlinked":[],"slug":"pos_product_visibility","name":"Visibilit\u00e9 du produit sur le point de vente"},"translation_priority":{"linked":[],"unlinked":[],"slug":"translation_priority","name":"Priorit\u00e9s de traduction"}},"series_order":"","_links":{"self":[{"href":"https:\/\/www.praktivak.be\/fr\/wp-json\/wp\/v2\/product\/40115","targetHints":{"allow":["GET"]}}],"collection":[{"href":"https:\/\/www.praktivak.be\/fr\/wp-json\/wp\/v2\/product"}],"about":[{"href":"https:\/\/www.praktivak.be\/fr\/wp-json\/wp\/v2\/types\/product"}],"version-history":[{"count":64,"href":"https:\/\/www.praktivak.be\/fr\/wp-json\/wp\/v2\/product\/40115\/revisions"}],"predecessor-version":[{"id":328536,"href":"https:\/\/www.praktivak.be\/fr\/wp-json\/wp\/v2\/product\/40115\/revisions\/328536"}],"wp:featuredmedia":[{"embeddable":true,"href":"https:\/\/www.praktivak.be\/fr\/wp-json\/wp\/v2\/media\/293663"}],"wp:attachment":[{"href":"https:\/\/www.praktivak.be\/fr\/wp-json\/wp\/v2\/media?parent=40115"}],"wp:term":[{"taxonomy":"product_brand","embeddable":true,"href":"https:\/\/www.praktivak.be\/fr\/wp-json\/wp\/v2\/product_brand?post=40115"},{"taxonomy":"product_cat","embeddable":true,"href":"https:\/\/www.praktivak.be\/fr\/wp-json\/wp\/v2\/product_cat?post=40115"},{"taxonomy":"product_tag","embeddable":true,"href":"https:\/\/www.praktivak.be\/fr\/wp-json\/wp\/v2\/product_tag?post=40115"}],"curies":[{"name":"wp","href":"https:\/\/api.w.org\/{rel}","templated":true}]}}