

{"id":40062,"date":"2025-05-07T13:04:25","date_gmt":"2025-05-07T11:04:25","guid":{"rendered":"https:\/\/www.praktivak.be\/product\/credo-glasvijl-blister-pop-art-medium\/"},"modified":"2026-02-01T03:04:41","modified_gmt":"2026-02-01T02:04:41","slug":"credo-lime-a-ongles-en-verre-blixter-pop-art-medium","status":"publish","type":"product","link":"https:\/\/www.praktivak.be\/fr\/produit\/credo-lime-a-ongles-en-verre-blixter-pop-art-medium\/","title":{"rendered":"Credo lime \u00e0 ongles en verre blixter, Pop Art medium"},"content":{"rendered":"\n<p>\nLes limes en verre de Credo Solingen sont en verre feuillet&eacute; et d&rsquo;avoir ainsi une surface tr&egrave;s fine, velout&eacute;. Nos limes sont grav&eacute;s et peut etre utiliser les 2 faces. La structure fine de la surface de la lime en verre travaille contre la formation de fissures et irr&eacute;gularit&eacute;s. <\/p>\n<p>\nLimes en verre Credo Solingen aller avec une utilisation prudente pour toute une vie. <\/p>\n\n<p>\nLimes &agrave; ongles en verre peuvent &ecirc;tre utilis&eacute;s chez les diab&eacute;tiques en toute s&eacute;curit&eacute;. <\/p>\n\n<p>\nDisponible en 5 couleurs Pop Art.<\/p>\n\n\n\n\n\n","protected":false},"excerpt":{"rendered":"<p>Les limes en verre de Credo Solingen sont en verre feuillet&eacute; et d&rsquo;avoir ainsi une surface tr&egrave;s fine, velout&eacute;. Nos limes sont grav&eacute;s et peut etre utiliser les 2 faces. La structure fine de la surface de la lime en verre travaille contre la formation de fissures et irr&eacute;gularit&eacute;s. Limes en verre Credo Solingen aller &hellip; <\/p>\n<p class=\"link-more\"><a href=\"https:\/\/www.praktivak.be\/fr\/produit\/credo-lime-a-ongles-en-verre-blixter-pop-art-medium\/\" class=\"more-link\">Continuer la lecture<span class=\"screen-reader-text\"> \u00ab\u00a0Credo lime \u00e0 ongles en verre blixter, Pop Art medium\u00a0\u00bb<\/span><\/a><\/p>\n","protected":false},"author":1,"featured_media":288370,"template":"","meta":{"_acf_changed":false,"_relevanssi_hide_post":"","_relevanssi_hide_content":"","_relevanssi_pin_for_all":"","_relevanssi_pin_keywords":"","_relevanssi_unpin_keywords":"","_relevanssi_related_keywords":"","_relevanssi_related_include_ids":"","_relevanssi_related_exclude_ids":"","_relevanssi_related_no_append":"","_relevanssi_related_not_related":"","_relevanssi_related_posts":"","_relevanssi_noindex_reason":"","advgb_blocks_editor_width":"","advgb_blocks_columns_visual_guide":"","footnotes":""},"product_brand":[],"product_cat":[2166],"product_tag":[],"class_list":{"0":"post-40062","1":"product","2":"type-product","3":"status-publish","4":"has-post-thumbnail","6":"product_cat-vijlen-instrumenten-pedicure-2-fr","8":"first","9":"instock","10":"taxable","11":"shipping-taxable","12":"product-type-simple"},"acf":[],"yoast_head":"<!-- This site is optimized with the Yoast SEO plugin v27.2 - https:\/\/yoast.com\/product\/yoast-seo-wordpress\/ -->\n<title>Credo lime \u00e0 ongles en verre blixter, Pop Art medium - Praktivak<\/title>\n<meta name=\"robots\" content=\"index, follow, max-snippet:-1, max-image-preview:large, max-video-preview:-1\" \/>\n<link rel=\"canonical\" href=\"https:\/\/www.praktivak.be\/fr\/produit\/credo-lime-a-ongles-en-verre-blixter-pop-art-medium\/\" \/>\n<meta property=\"og:locale\" content=\"fr_FR\" \/>\n<meta property=\"og:type\" content=\"article\" \/>\n<meta property=\"og:title\" content=\"Credo lime \u00e0 ongles en verre blixter, Pop Art medium - Praktivak\" \/>\n<meta property=\"og:description\" content=\"Les limes en verre de Credo Solingen sont en verre feuillet&eacute; et d&rsquo;avoir ainsi une surface tr&egrave;s fine, velout&eacute;. Nos limes sont grav&eacute;s et peut etre utiliser les 2 faces. La structure fine de la surface de la lime en verre travaille contre la formation de fissures et irr&eacute;gularit&eacute;s. Limes en verre Credo Solingen aller &hellip; Continuer la lecture &quot;Credo lime \u00e0 ongles en verre blixter, Pop Art medium&quot;\" \/>\n<meta property=\"og:url\" content=\"https:\/\/www.praktivak.be\/fr\/produit\/credo-lime-a-ongles-en-verre-blixter-pop-art-medium\/\" \/>\n<meta property=\"og:site_name\" content=\"Praktivak\" \/>\n<meta property=\"article:modified_time\" content=\"2026-02-01T02:04:41+00:00\" \/>\n<meta property=\"og:image\" content=\"https:\/\/www.praktivak.be\/wp-content\/uploads\/2025\/09\/CR021012.jpg\" \/>\n\t<meta property=\"og:image:width\" content=\"300\" \/>\n\t<meta property=\"og:image:height\" content=\"300\" \/>\n\t<meta property=\"og:image:type\" content=\"image\/jpeg\" \/>\n<meta name=\"twitter:card\" content=\"summary_large_image\" \/>\n<script type=\"application\/ld+json\" class=\"yoast-schema-graph\">{\"@context\":\"https:\/\/schema.org\",\"@graph\":[{\"@type\":\"WebPage\",\"@id\":\"https:\/\/www.praktivak.be\/fr\/produit\/credo-lime-a-ongles-en-verre-blixter-pop-art-medium\/\",\"url\":\"https:\/\/www.praktivak.be\/fr\/produit\/credo-lime-a-ongles-en-verre-blixter-pop-art-medium\/\",\"name\":\"Credo lime \u00e0 ongles en verre blixter, Pop Art medium - Praktivak\",\"isPartOf\":{\"@id\":\"https:\/\/www.praktivak.be\/fr\/#website\"},\"primaryImageOfPage\":{\"@id\":\"https:\/\/www.praktivak.be\/fr\/produit\/credo-lime-a-ongles-en-verre-blixter-pop-art-medium\/#primaryimage\"},\"image\":{\"@id\":\"https:\/\/www.praktivak.be\/fr\/produit\/credo-lime-a-ongles-en-verre-blixter-pop-art-medium\/#primaryimage\"},\"thumbnailUrl\":\"https:\/\/www.praktivak.be\/wp-content\/uploads\/2025\/09\/CR021012.jpg\",\"datePublished\":\"2025-05-07T11:04:25+00:00\",\"dateModified\":\"2026-02-01T02:04:41+00:00\",\"breadcrumb\":{\"@id\":\"https:\/\/www.praktivak.be\/fr\/produit\/credo-lime-a-ongles-en-verre-blixter-pop-art-medium\/#breadcrumb\"},\"inLanguage\":\"fr-FR\",\"potentialAction\":[{\"@type\":\"ReadAction\",\"target\":[\"https:\/\/www.praktivak.be\/fr\/produit\/credo-lime-a-ongles-en-verre-blixter-pop-art-medium\/\"]}]},{\"@type\":\"ImageObject\",\"inLanguage\":\"fr-FR\",\"@id\":\"https:\/\/www.praktivak.be\/fr\/produit\/credo-lime-a-ongles-en-verre-blixter-pop-art-medium\/#primaryimage\",\"url\":\"https:\/\/www.praktivak.be\/wp-content\/uploads\/2025\/09\/CR021012.jpg\",\"contentUrl\":\"https:\/\/www.praktivak.be\/wp-content\/uploads\/2025\/09\/CR021012.jpg\",\"width\":300,\"height\":300},{\"@type\":\"BreadcrumbList\",\"@id\":\"https:\/\/www.praktivak.be\/fr\/produit\/credo-lime-a-ongles-en-verre-blixter-pop-art-medium\/#breadcrumb\",\"itemListElement\":[{\"@type\":\"ListItem\",\"position\":1,\"name\":\"Home\",\"item\":\"https:\/\/www.praktivak.be\/fr\/\"},{\"@type\":\"ListItem\",\"position\":2,\"name\":\"Boutique\",\"item\":\"https:\/\/www.praktivak.be\/fr\/boutique\/\"},{\"@type\":\"ListItem\",\"position\":3,\"name\":\"Credo lime \u00e0 ongles en verre blixter, Pop Art medium\"}]},{\"@type\":\"WebSite\",\"@id\":\"https:\/\/www.praktivak.be\/fr\/#website\",\"url\":\"https:\/\/www.praktivak.be\/fr\/\",\"name\":\"Praktivak\",\"description\":\"\",\"publisher\":{\"@id\":\"https:\/\/www.praktivak.be\/fr\/#organization\"},\"potentialAction\":[{\"@type\":\"SearchAction\",\"target\":{\"@type\":\"EntryPoint\",\"urlTemplate\":\"https:\/\/www.praktivak.be\/fr\/?s={search_term_string}\"},\"query-input\":{\"@type\":\"PropertyValueSpecification\",\"valueRequired\":true,\"valueName\":\"search_term_string\"}}],\"inLanguage\":\"fr-FR\"},{\"@type\":\"Organization\",\"@id\":\"https:\/\/www.praktivak.be\/fr\/#organization\",\"name\":\"Praktivak\",\"url\":\"https:\/\/www.praktivak.be\/fr\/\",\"logo\":{\"@type\":\"ImageObject\",\"inLanguage\":\"fr-FR\",\"@id\":\"https:\/\/www.praktivak.be\/fr\/#\/schema\/logo\/image\/\",\"url\":\"https:\/\/www.praktivak.be\/wp-content\/uploads\/2024\/09\/Logo.png\",\"contentUrl\":\"https:\/\/www.praktivak.be\/wp-content\/uploads\/2024\/09\/Logo.png\",\"width\":1774,\"height\":337,\"caption\":\"Praktivak\"},\"image\":{\"@id\":\"https:\/\/www.praktivak.be\/fr\/#\/schema\/logo\/image\/\"}}]}<\/script>\n<!-- \/ Yoast SEO plugin. -->","yoast_head_json":{"title":"Credo lime \u00e0 ongles en verre blixter, Pop Art medium - Praktivak","robots":{"index":"index","follow":"follow","max-snippet":"max-snippet:-1","max-image-preview":"max-image-preview:large","max-video-preview":"max-video-preview:-1"},"canonical":"https:\/\/www.praktivak.be\/fr\/produit\/credo-lime-a-ongles-en-verre-blixter-pop-art-medium\/","og_locale":"fr_FR","og_type":"article","og_title":"Credo lime \u00e0 ongles en verre blixter, Pop Art medium - Praktivak","og_description":"Les limes en verre de Credo Solingen sont en verre feuillet&eacute; et d&rsquo;avoir ainsi une surface tr&egrave;s fine, velout&eacute;. Nos limes sont grav&eacute;s et peut etre utiliser les 2 faces. La structure fine de la surface de la lime en verre travaille contre la formation de fissures et irr&eacute;gularit&eacute;s. Limes en verre Credo Solingen aller &hellip; Continuer la lecture \"Credo lime \u00e0 ongles en verre blixter, Pop Art medium\"","og_url":"https:\/\/www.praktivak.be\/fr\/produit\/credo-lime-a-ongles-en-verre-blixter-pop-art-medium\/","og_site_name":"Praktivak","article_modified_time":"2026-02-01T02:04:41+00:00","og_image":[{"width":300,"height":300,"url":"https:\/\/www.praktivak.be\/wp-content\/uploads\/2025\/09\/CR021012.jpg","type":"image\/jpeg"}],"twitter_card":"summary_large_image","schema":{"@context":"https:\/\/schema.org","@graph":[{"@type":"WebPage","@id":"https:\/\/www.praktivak.be\/fr\/produit\/credo-lime-a-ongles-en-verre-blixter-pop-art-medium\/","url":"https:\/\/www.praktivak.be\/fr\/produit\/credo-lime-a-ongles-en-verre-blixter-pop-art-medium\/","name":"Credo lime \u00e0 ongles en verre blixter, Pop Art medium - Praktivak","isPartOf":{"@id":"https:\/\/www.praktivak.be\/fr\/#website"},"primaryImageOfPage":{"@id":"https:\/\/www.praktivak.be\/fr\/produit\/credo-lime-a-ongles-en-verre-blixter-pop-art-medium\/#primaryimage"},"image":{"@id":"https:\/\/www.praktivak.be\/fr\/produit\/credo-lime-a-ongles-en-verre-blixter-pop-art-medium\/#primaryimage"},"thumbnailUrl":"https:\/\/www.praktivak.be\/wp-content\/uploads\/2025\/09\/CR021012.jpg","datePublished":"2025-05-07T11:04:25+00:00","dateModified":"2026-02-01T02:04:41+00:00","breadcrumb":{"@id":"https:\/\/www.praktivak.be\/fr\/produit\/credo-lime-a-ongles-en-verre-blixter-pop-art-medium\/#breadcrumb"},"inLanguage":"fr-FR","potentialAction":[{"@type":"ReadAction","target":["https:\/\/www.praktivak.be\/fr\/produit\/credo-lime-a-ongles-en-verre-blixter-pop-art-medium\/"]}]},{"@type":"ImageObject","inLanguage":"fr-FR","@id":"https:\/\/www.praktivak.be\/fr\/produit\/credo-lime-a-ongles-en-verre-blixter-pop-art-medium\/#primaryimage","url":"https:\/\/www.praktivak.be\/wp-content\/uploads\/2025\/09\/CR021012.jpg","contentUrl":"https:\/\/www.praktivak.be\/wp-content\/uploads\/2025\/09\/CR021012.jpg","width":300,"height":300},{"@type":"BreadcrumbList","@id":"https:\/\/www.praktivak.be\/fr\/produit\/credo-lime-a-ongles-en-verre-blixter-pop-art-medium\/#breadcrumb","itemListElement":[{"@type":"ListItem","position":1,"name":"Home","item":"https:\/\/www.praktivak.be\/fr\/"},{"@type":"ListItem","position":2,"name":"Boutique","item":"https:\/\/www.praktivak.be\/fr\/boutique\/"},{"@type":"ListItem","position":3,"name":"Credo lime \u00e0 ongles en verre blixter, Pop Art medium"}]},{"@type":"WebSite","@id":"https:\/\/www.praktivak.be\/fr\/#website","url":"https:\/\/www.praktivak.be\/fr\/","name":"Praktivak","description":"","publisher":{"@id":"https:\/\/www.praktivak.be\/fr\/#organization"},"potentialAction":[{"@type":"SearchAction","target":{"@type":"EntryPoint","urlTemplate":"https:\/\/www.praktivak.be\/fr\/?s={search_term_string}"},"query-input":{"@type":"PropertyValueSpecification","valueRequired":true,"valueName":"search_term_string"}}],"inLanguage":"fr-FR"},{"@type":"Organization","@id":"https:\/\/www.praktivak.be\/fr\/#organization","name":"Praktivak","url":"https:\/\/www.praktivak.be\/fr\/","logo":{"@type":"ImageObject","inLanguage":"fr-FR","@id":"https:\/\/www.praktivak.be\/fr\/#\/schema\/logo\/image\/","url":"https:\/\/www.praktivak.be\/wp-content\/uploads\/2024\/09\/Logo.png","contentUrl":"https:\/\/www.praktivak.be\/wp-content\/uploads\/2024\/09\/Logo.png","width":1774,"height":337,"caption":"Praktivak"},"image":{"@id":"https:\/\/www.praktivak.be\/fr\/#\/schema\/logo\/image\/"}}]}},"featured_img":"https:\/\/www.praktivak.be\/wp-content\/uploads\/2025\/09\/CR021012.jpg","coauthors":[],"author_meta":{"author_link":"https:\/\/www.praktivak.be\/fr\/author\/madeit\/","display_name":"Tjebbe Lievens"},"relative_dates":{"created":"Publi\u00e9 11 mois il y a","modified":"Mis \u00e0 jour 2 mois il y a"},"absolute_dates":{"created":"Publi\u00e9 le 7 mai 2025","modified":"Mise \u00e0 jour le 1 f\u00e9vrier 2026"},"absolute_dates_time":{"created":"Publi\u00e9 le 7 mai 2025 13h04","modified":"Mise \u00e0 jour le 1 f\u00e9vrier 2026 3h04"},"featured_img_caption":"","tax_additional":{"product_brand":{"linked":[],"unlinked":[],"slug":"product_brand","name":"Marques"},"product_type":{"linked":["<a href=\"https:\/\/www.praktivak.be\/fr\/?taxonomy=product_type&#038;term=simple\" class=\"advgb-post-tax-term\">simple<\/a>"],"unlinked":["<span class=\"advgb-post-tax-term\">simple<\/span>"],"slug":"product_type","name":"Type de produit"},"product_visibility":{"linked":[],"unlinked":[],"slug":"product_visibility","name":"Visibilit\u00e9 du produit"},"product_cat":{"linked":["<a href=\"https:\/\/www.praktivak.be\/fr\/categorie-de-produit\/pedicure-2-fr\/instrumenten\/vijlen-instrumenten-pedicure-2-fr\/\" class=\"advgb-post-tax-term\">R\u00e2pes<\/a>"],"unlinked":["<span class=\"advgb-post-tax-term\">R\u00e2pes<\/span>"],"slug":"product_cat","name":"Cat\u00e9gories de produits"},"product_tag":{"linked":[],"unlinked":[],"slug":"product_tag","name":"\u00c9tiquettes produit"},"product_shipping_class":{"linked":[],"unlinked":[],"slug":"product_shipping_class","name":"Classe d\u2019exp\u00e9dition du produit"},"pos_product_visibility":{"linked":[],"unlinked":[],"slug":"pos_product_visibility","name":"Visibilit\u00e9 du produit sur le point de vente"},"translation_priority":{"linked":[],"unlinked":[],"slug":"translation_priority","name":"Priorit\u00e9s de traduction"}},"series_order":"","_links":{"self":[{"href":"https:\/\/www.praktivak.be\/fr\/wp-json\/wp\/v2\/product\/40062","targetHints":{"allow":["GET"]}}],"collection":[{"href":"https:\/\/www.praktivak.be\/fr\/wp-json\/wp\/v2\/product"}],"about":[{"href":"https:\/\/www.praktivak.be\/fr\/wp-json\/wp\/v2\/types\/product"}],"version-history":[{"count":76,"href":"https:\/\/www.praktivak.be\/fr\/wp-json\/wp\/v2\/product\/40062\/revisions"}],"predecessor-version":[{"id":328478,"href":"https:\/\/www.praktivak.be\/fr\/wp-json\/wp\/v2\/product\/40062\/revisions\/328478"}],"wp:featuredmedia":[{"embeddable":true,"href":"https:\/\/www.praktivak.be\/fr\/wp-json\/wp\/v2\/media\/288370"}],"wp:attachment":[{"href":"https:\/\/www.praktivak.be\/fr\/wp-json\/wp\/v2\/media?parent=40062"}],"wp:term":[{"taxonomy":"product_brand","embeddable":true,"href":"https:\/\/www.praktivak.be\/fr\/wp-json\/wp\/v2\/product_brand?post=40062"},{"taxonomy":"product_cat","embeddable":true,"href":"https:\/\/www.praktivak.be\/fr\/wp-json\/wp\/v2\/product_cat?post=40062"},{"taxonomy":"product_tag","embeddable":true,"href":"https:\/\/www.praktivak.be\/fr\/wp-json\/wp\/v2\/product_tag?post=40062"}],"curies":[{"name":"wp","href":"https:\/\/api.w.org\/{rel}","templated":true}]}}