

{"id":40030,"date":"2025-05-07T12:59:07","date_gmt":"2025-05-07T10:59:07","guid":{"rendered":"https:\/\/www.praktivak.be\/product\/hoogfrequentapparaat-elite\/"},"modified":"2026-02-01T16:28:18","modified_gmt":"2026-02-01T15:28:18","slug":"appareil-haute-frequent-elite","status":"publish","type":"product","link":"https:\/\/www.praktivak.be\/fr\/produit\/appareil-haute-frequent-elite\/","title":{"rendered":"Appareil haute frequent Elite"},"content":{"rendered":"\n<p>\nAppareil haute frequence d&rsquo;Elite d&eacute;sinfecte la peau en utilisant l&rsquo;ozone. En cours d&rsquo;utilisation, il se cr&eacute;e oxyg&egrave;ne enrichi qui est capable de p&eacute;n&eacute;trer la peau, qui fournit un environnement optimal.Massage la peau avec la haute fr&eacute;quence et ainsi am&eacute;liores l&rsquo;absorption des produits actifs &agrave; travers la peau. Il stimule &eacute;galement la circulation sanguine et le m&eacute;tabolisme des cellules de la peau, rendant la peau est mis &agrave; rajeunir et &agrave; r&eacute;cup&eacute;rer. Les lignes et les rides disparaissent et vieillissement de la peau est visiblement meilleur. Aussi la peau marbr&eacute;e est belle, saine et uniforme de nouveau. L&rsquo;appareil contient 4 &eacute;lectrodes de verre, un  timer et un courant r&eacute;glable.<\/p>\n\n","protected":false},"excerpt":{"rendered":"<p>Appareil haute frequence d&rsquo;Elite d&eacute;sinfecte la peau en utilisant l&rsquo;ozone. En cours d&rsquo;utilisation, il se cr&eacute;e oxyg&egrave;ne enrichi qui est capable de p&eacute;n&eacute;trer la peau, qui fournit un environnement optimal.Massage la peau avec la haute fr&eacute;quence et ainsi am&eacute;liores l&rsquo;absorption des produits actifs &agrave; travers la peau. Il stimule &eacute;galement la circulation sanguine et le &hellip; <\/p>\n<p class=\"link-more\"><a href=\"https:\/\/www.praktivak.be\/fr\/produit\/appareil-haute-frequent-elite\/\" class=\"more-link\">Continuer la lecture<span class=\"screen-reader-text\"> \u00ab\u00a0Appareil haute frequent Elite\u00a0\u00bb<\/span><\/a><\/p>\n","protected":false},"author":1,"featured_media":293785,"template":"","meta":{"_acf_changed":false,"_relevanssi_hide_post":"","_relevanssi_hide_content":"","_relevanssi_pin_for_all":"","_relevanssi_pin_keywords":"","_relevanssi_unpin_keywords":"","_relevanssi_related_keywords":"","_relevanssi_related_include_ids":"","_relevanssi_related_exclude_ids":"","_relevanssi_related_no_append":"","_relevanssi_related_not_related":"","_relevanssi_related_posts":"","_relevanssi_noindex_reason":"","advgb_blocks_editor_width":"","advgb_blocks_columns_visual_guide":"","footnotes":""},"product_brand":[],"product_cat":[1899],"product_tag":[],"class_list":{"0":"post-40030","1":"product","2":"type-product","3":"status-publish","4":"has-post-thumbnail","6":"product_cat-appareils-de-base","8":"first","9":"instock","10":"taxable","11":"shipping-taxable","12":"product-type-simple"},"acf":[],"yoast_head":"<!-- This site is optimized with the Yoast SEO plugin v27.2 - https:\/\/yoast.com\/product\/yoast-seo-wordpress\/ -->\n<title>Appareil haute frequent Elite - Praktivak<\/title>\n<meta name=\"robots\" content=\"index, follow, max-snippet:-1, max-image-preview:large, max-video-preview:-1\" \/>\n<link rel=\"canonical\" href=\"https:\/\/www.praktivak.be\/fr\/produit\/appareil-haute-frequent-elite\/\" \/>\n<meta property=\"og:locale\" content=\"fr_FR\" \/>\n<meta property=\"og:type\" content=\"article\" \/>\n<meta property=\"og:title\" content=\"Appareil haute frequent Elite - Praktivak\" \/>\n<meta property=\"og:description\" content=\"Appareil haute frequence d&rsquo;Elite d&eacute;sinfecte la peau en utilisant l&rsquo;ozone. En cours d&rsquo;utilisation, il se cr&eacute;e oxyg&egrave;ne enrichi qui est capable de p&eacute;n&eacute;trer la peau, qui fournit un environnement optimal.Massage la peau avec la haute fr&eacute;quence et ainsi am&eacute;liores l&rsquo;absorption des produits actifs &agrave; travers la peau. Il stimule &eacute;galement la circulation sanguine et le &hellip; Continuer la lecture &quot;Appareil haute frequent Elite&quot;\" \/>\n<meta property=\"og:url\" content=\"https:\/\/www.praktivak.be\/fr\/produit\/appareil-haute-frequent-elite\/\" \/>\n<meta property=\"og:site_name\" content=\"Praktivak\" \/>\n<meta property=\"article:modified_time\" content=\"2026-02-01T15:28:18+00:00\" \/>\n<meta property=\"og:image\" content=\"https:\/\/www.praktivak.be\/wp-content\/uploads\/2025\/09\/E24014.jpg\" \/>\n\t<meta property=\"og:image:width\" content=\"220\" \/>\n\t<meta property=\"og:image:height\" content=\"220\" \/>\n\t<meta property=\"og:image:type\" content=\"image\/jpeg\" \/>\n<meta name=\"twitter:card\" content=\"summary_large_image\" \/>\n<meta name=\"twitter:label1\" content=\"Dur\u00e9e de lecture estim\u00e9e\" \/>\n\t<meta name=\"twitter:data1\" content=\"1 minute\" \/>\n<script type=\"application\/ld+json\" class=\"yoast-schema-graph\">{\"@context\":\"https:\/\/schema.org\",\"@graph\":[{\"@type\":\"WebPage\",\"@id\":\"https:\/\/www.praktivak.be\/fr\/produit\/appareil-haute-frequent-elite\/\",\"url\":\"https:\/\/www.praktivak.be\/fr\/produit\/appareil-haute-frequent-elite\/\",\"name\":\"Appareil haute frequent Elite - Praktivak\",\"isPartOf\":{\"@id\":\"https:\/\/www.praktivak.be\/fr\/#website\"},\"primaryImageOfPage\":{\"@id\":\"https:\/\/www.praktivak.be\/fr\/produit\/appareil-haute-frequent-elite\/#primaryimage\"},\"image\":{\"@id\":\"https:\/\/www.praktivak.be\/fr\/produit\/appareil-haute-frequent-elite\/#primaryimage\"},\"thumbnailUrl\":\"https:\/\/www.praktivak.be\/wp-content\/uploads\/2025\/09\/E24014.jpg\",\"datePublished\":\"2025-05-07T10:59:07+00:00\",\"dateModified\":\"2026-02-01T15:28:18+00:00\",\"breadcrumb\":{\"@id\":\"https:\/\/www.praktivak.be\/fr\/produit\/appareil-haute-frequent-elite\/#breadcrumb\"},\"inLanguage\":\"fr-FR\",\"potentialAction\":[{\"@type\":\"ReadAction\",\"target\":[\"https:\/\/www.praktivak.be\/fr\/produit\/appareil-haute-frequent-elite\/\"]}]},{\"@type\":\"ImageObject\",\"inLanguage\":\"fr-FR\",\"@id\":\"https:\/\/www.praktivak.be\/fr\/produit\/appareil-haute-frequent-elite\/#primaryimage\",\"url\":\"https:\/\/www.praktivak.be\/wp-content\/uploads\/2025\/09\/E24014.jpg\",\"contentUrl\":\"https:\/\/www.praktivak.be\/wp-content\/uploads\/2025\/09\/E24014.jpg\",\"width\":220,\"height\":220},{\"@type\":\"BreadcrumbList\",\"@id\":\"https:\/\/www.praktivak.be\/fr\/produit\/appareil-haute-frequent-elite\/#breadcrumb\",\"itemListElement\":[{\"@type\":\"ListItem\",\"position\":1,\"name\":\"Home\",\"item\":\"https:\/\/www.praktivak.be\/fr\/\"},{\"@type\":\"ListItem\",\"position\":2,\"name\":\"Boutique\",\"item\":\"https:\/\/www.praktivak.be\/fr\/boutique\/\"},{\"@type\":\"ListItem\",\"position\":3,\"name\":\"Appareil haute frequent Elite\"}]},{\"@type\":\"WebSite\",\"@id\":\"https:\/\/www.praktivak.be\/fr\/#website\",\"url\":\"https:\/\/www.praktivak.be\/fr\/\",\"name\":\"Praktivak\",\"description\":\"\",\"publisher\":{\"@id\":\"https:\/\/www.praktivak.be\/fr\/#organization\"},\"potentialAction\":[{\"@type\":\"SearchAction\",\"target\":{\"@type\":\"EntryPoint\",\"urlTemplate\":\"https:\/\/www.praktivak.be\/fr\/?s={search_term_string}\"},\"query-input\":{\"@type\":\"PropertyValueSpecification\",\"valueRequired\":true,\"valueName\":\"search_term_string\"}}],\"inLanguage\":\"fr-FR\"},{\"@type\":\"Organization\",\"@id\":\"https:\/\/www.praktivak.be\/fr\/#organization\",\"name\":\"Praktivak\",\"url\":\"https:\/\/www.praktivak.be\/fr\/\",\"logo\":{\"@type\":\"ImageObject\",\"inLanguage\":\"fr-FR\",\"@id\":\"https:\/\/www.praktivak.be\/fr\/#\/schema\/logo\/image\/\",\"url\":\"https:\/\/www.praktivak.be\/wp-content\/uploads\/2024\/09\/Logo.png\",\"contentUrl\":\"https:\/\/www.praktivak.be\/wp-content\/uploads\/2024\/09\/Logo.png\",\"width\":1774,\"height\":337,\"caption\":\"Praktivak\"},\"image\":{\"@id\":\"https:\/\/www.praktivak.be\/fr\/#\/schema\/logo\/image\/\"}}]}<\/script>\n<!-- \/ Yoast SEO plugin. -->","yoast_head_json":{"title":"Appareil haute frequent Elite - Praktivak","robots":{"index":"index","follow":"follow","max-snippet":"max-snippet:-1","max-image-preview":"max-image-preview:large","max-video-preview":"max-video-preview:-1"},"canonical":"https:\/\/www.praktivak.be\/fr\/produit\/appareil-haute-frequent-elite\/","og_locale":"fr_FR","og_type":"article","og_title":"Appareil haute frequent Elite - Praktivak","og_description":"Appareil haute frequence d&rsquo;Elite d&eacute;sinfecte la peau en utilisant l&rsquo;ozone. En cours d&rsquo;utilisation, il se cr&eacute;e oxyg&egrave;ne enrichi qui est capable de p&eacute;n&eacute;trer la peau, qui fournit un environnement optimal.Massage la peau avec la haute fr&eacute;quence et ainsi am&eacute;liores l&rsquo;absorption des produits actifs &agrave; travers la peau. Il stimule &eacute;galement la circulation sanguine et le &hellip; Continuer la lecture \"Appareil haute frequent Elite\"","og_url":"https:\/\/www.praktivak.be\/fr\/produit\/appareil-haute-frequent-elite\/","og_site_name":"Praktivak","article_modified_time":"2026-02-01T15:28:18+00:00","og_image":[{"width":220,"height":220,"url":"https:\/\/www.praktivak.be\/wp-content\/uploads\/2025\/09\/E24014.jpg","type":"image\/jpeg"}],"twitter_card":"summary_large_image","twitter_misc":{"Dur\u00e9e de lecture estim\u00e9e":"1 minute"},"schema":{"@context":"https:\/\/schema.org","@graph":[{"@type":"WebPage","@id":"https:\/\/www.praktivak.be\/fr\/produit\/appareil-haute-frequent-elite\/","url":"https:\/\/www.praktivak.be\/fr\/produit\/appareil-haute-frequent-elite\/","name":"Appareil haute frequent Elite - Praktivak","isPartOf":{"@id":"https:\/\/www.praktivak.be\/fr\/#website"},"primaryImageOfPage":{"@id":"https:\/\/www.praktivak.be\/fr\/produit\/appareil-haute-frequent-elite\/#primaryimage"},"image":{"@id":"https:\/\/www.praktivak.be\/fr\/produit\/appareil-haute-frequent-elite\/#primaryimage"},"thumbnailUrl":"https:\/\/www.praktivak.be\/wp-content\/uploads\/2025\/09\/E24014.jpg","datePublished":"2025-05-07T10:59:07+00:00","dateModified":"2026-02-01T15:28:18+00:00","breadcrumb":{"@id":"https:\/\/www.praktivak.be\/fr\/produit\/appareil-haute-frequent-elite\/#breadcrumb"},"inLanguage":"fr-FR","potentialAction":[{"@type":"ReadAction","target":["https:\/\/www.praktivak.be\/fr\/produit\/appareil-haute-frequent-elite\/"]}]},{"@type":"ImageObject","inLanguage":"fr-FR","@id":"https:\/\/www.praktivak.be\/fr\/produit\/appareil-haute-frequent-elite\/#primaryimage","url":"https:\/\/www.praktivak.be\/wp-content\/uploads\/2025\/09\/E24014.jpg","contentUrl":"https:\/\/www.praktivak.be\/wp-content\/uploads\/2025\/09\/E24014.jpg","width":220,"height":220},{"@type":"BreadcrumbList","@id":"https:\/\/www.praktivak.be\/fr\/produit\/appareil-haute-frequent-elite\/#breadcrumb","itemListElement":[{"@type":"ListItem","position":1,"name":"Home","item":"https:\/\/www.praktivak.be\/fr\/"},{"@type":"ListItem","position":2,"name":"Boutique","item":"https:\/\/www.praktivak.be\/fr\/boutique\/"},{"@type":"ListItem","position":3,"name":"Appareil haute frequent Elite"}]},{"@type":"WebSite","@id":"https:\/\/www.praktivak.be\/fr\/#website","url":"https:\/\/www.praktivak.be\/fr\/","name":"Praktivak","description":"","publisher":{"@id":"https:\/\/www.praktivak.be\/fr\/#organization"},"potentialAction":[{"@type":"SearchAction","target":{"@type":"EntryPoint","urlTemplate":"https:\/\/www.praktivak.be\/fr\/?s={search_term_string}"},"query-input":{"@type":"PropertyValueSpecification","valueRequired":true,"valueName":"search_term_string"}}],"inLanguage":"fr-FR"},{"@type":"Organization","@id":"https:\/\/www.praktivak.be\/fr\/#organization","name":"Praktivak","url":"https:\/\/www.praktivak.be\/fr\/","logo":{"@type":"ImageObject","inLanguage":"fr-FR","@id":"https:\/\/www.praktivak.be\/fr\/#\/schema\/logo\/image\/","url":"https:\/\/www.praktivak.be\/wp-content\/uploads\/2024\/09\/Logo.png","contentUrl":"https:\/\/www.praktivak.be\/wp-content\/uploads\/2024\/09\/Logo.png","width":1774,"height":337,"caption":"Praktivak"},"image":{"@id":"https:\/\/www.praktivak.be\/fr\/#\/schema\/logo\/image\/"}}]}},"featured_img":"https:\/\/www.praktivak.be\/wp-content\/uploads\/2025\/09\/E24014.jpg","coauthors":[],"author_meta":{"author_link":"https:\/\/www.praktivak.be\/fr\/author\/madeit\/","display_name":"Tjebbe Lievens"},"relative_dates":{"created":"Publi\u00e9 11 mois il y a","modified":"Mis \u00e0 jour 2 mois il y a"},"absolute_dates":{"created":"Publi\u00e9 le 7 mai 2025","modified":"Mise \u00e0 jour le 1 f\u00e9vrier 2026"},"absolute_dates_time":{"created":"Publi\u00e9 le 7 mai 2025 12h59","modified":"Mise \u00e0 jour le 1 f\u00e9vrier 2026 16h28"},"featured_img_caption":"","tax_additional":{"product_brand":{"linked":[],"unlinked":[],"slug":"product_brand","name":"Marques"},"product_type":{"linked":["<a href=\"https:\/\/www.praktivak.be\/fr\/?taxonomy=product_type&#038;term=simple\" class=\"advgb-post-tax-term\">simple<\/a>"],"unlinked":["<span class=\"advgb-post-tax-term\">simple<\/span>"],"slug":"product_type","name":"Type de produit"},"product_visibility":{"linked":[],"unlinked":[],"slug":"product_visibility","name":"Visibilit\u00e9 du produit"},"product_cat":{"linked":["<a href=\"https:\/\/www.praktivak.be\/fr\/categorie-de-produit\/esthetische-apparatuur-fr\/salonapparatuur-esthetische-apparatuur-fr\/appareils-de-base\/\" class=\"advgb-post-tax-term\">Appareils de base<\/a>"],"unlinked":["<span class=\"advgb-post-tax-term\">Appareils de base<\/span>"],"slug":"product_cat","name":"Cat\u00e9gories de produits"},"product_tag":{"linked":[],"unlinked":[],"slug":"product_tag","name":"\u00c9tiquettes produit"},"product_shipping_class":{"linked":[],"unlinked":[],"slug":"product_shipping_class","name":"Classe d\u2019exp\u00e9dition du produit"},"pos_product_visibility":{"linked":[],"unlinked":[],"slug":"pos_product_visibility","name":"Visibilit\u00e9 du produit sur le point de vente"},"translation_priority":{"linked":[],"unlinked":[],"slug":"translation_priority","name":"Priorit\u00e9s de traduction"}},"series_order":"","_links":{"self":[{"href":"https:\/\/www.praktivak.be\/fr\/wp-json\/wp\/v2\/product\/40030","targetHints":{"allow":["GET"]}}],"collection":[{"href":"https:\/\/www.praktivak.be\/fr\/wp-json\/wp\/v2\/product"}],"about":[{"href":"https:\/\/www.praktivak.be\/fr\/wp-json\/wp\/v2\/types\/product"}],"version-history":[{"count":76,"href":"https:\/\/www.praktivak.be\/fr\/wp-json\/wp\/v2\/product\/40030\/revisions"}],"predecessor-version":[{"id":342648,"href":"https:\/\/www.praktivak.be\/fr\/wp-json\/wp\/v2\/product\/40030\/revisions\/342648"}],"wp:featuredmedia":[{"embeddable":true,"href":"https:\/\/www.praktivak.be\/fr\/wp-json\/wp\/v2\/media\/293785"}],"wp:attachment":[{"href":"https:\/\/www.praktivak.be\/fr\/wp-json\/wp\/v2\/media?parent=40030"}],"wp:term":[{"taxonomy":"product_brand","embeddable":true,"href":"https:\/\/www.praktivak.be\/fr\/wp-json\/wp\/v2\/product_brand?post=40030"},{"taxonomy":"product_cat","embeddable":true,"href":"https:\/\/www.praktivak.be\/fr\/wp-json\/wp\/v2\/product_cat?post=40030"},{"taxonomy":"product_tag","embeddable":true,"href":"https:\/\/www.praktivak.be\/fr\/wp-json\/wp\/v2\/product_tag?post=40030"}],"curies":[{"name":"wp","href":"https:\/\/api.w.org\/{rel}","templated":true}]}}