

{"id":39430,"date":"2025-05-07T10:36:55","date_gmt":"2025-05-07T08:36:55","guid":{"rendered":"https:\/\/www.praktivak.be\/product\/diatwister-x-grof-dt5880-115\/"},"modified":"2026-02-01T03:03:52","modified_gmt":"2026-02-01T02:03:52","slug":"diatwister-x-gros-7","status":"publish","type":"product","link":"https:\/\/www.praktivak.be\/fr\/produit\/diatwister-x-gros-7\/","title":{"rendered":"Diatwister x-gros"},"content":{"rendered":"\n<p>\nLa s&eacute;rie moderne de produits m&eacute;dicaux de premi&egrave;re classe, avec syst&egrave;me de refroidissement interne, pour le traitement de hyperk&eacute;ratoses. <\/p>\n<p>\nLe refroidissement optimal en utilisation &agrave; humide.<\/p>\n<p>\nDes ouvertures en formes d&rsquo;entailles sp&eacute;cialement dispos&eacute;es.<\/p>\n<p>\nLe mat&eacute;riau inoxydable garantit une persistance aux d&eacute;sinfections et st&eacute;rilisations.<\/p>\n<p>\nUne parfaite concentricit&eacute; gr&acirc;ce &agrave; la construction en une partie.<\/p>\n<p>\nAbrasion des callosit&eacute;s durs. Grain super gros.<\/p>\n\n","protected":false},"excerpt":{"rendered":"<p>La s&eacute;rie moderne de produits m&eacute;dicaux de premi&egrave;re classe, avec syst&egrave;me de refroidissement interne, pour le traitement de hyperk&eacute;ratoses. Le refroidissement optimal en utilisation &agrave; humide. Des ouvertures en formes d&rsquo;entailles sp&eacute;cialement dispos&eacute;es. Le mat&eacute;riau inoxydable garantit une persistance aux d&eacute;sinfections et st&eacute;rilisations. Une parfaite concentricit&eacute; gr&acirc;ce &agrave; la construction en une partie. Abrasion des &hellip; <\/p>\n<p class=\"link-more\"><a href=\"https:\/\/www.praktivak.be\/fr\/produit\/diatwister-x-gros-7\/\" class=\"more-link\">Continuer la lecture<span class=\"screen-reader-text\"> \u00ab\u00a0Diatwister x-gros\u00a0\u00bb<\/span><\/a><\/p>\n","protected":false},"author":1,"featured_media":289796,"template":"","meta":{"_acf_changed":false,"_relevanssi_hide_post":"","_relevanssi_hide_content":"","_relevanssi_pin_for_all":"","_relevanssi_pin_keywords":"","_relevanssi_unpin_keywords":"","_relevanssi_related_keywords":"","_relevanssi_related_include_ids":"","_relevanssi_related_exclude_ids":"","_relevanssi_related_no_append":"","_relevanssi_related_not_related":"","_relevanssi_related_posts":"","_relevanssi_noindex_reason":"","advgb_blocks_editor_width":"","advgb_blocks_columns_visual_guide":"","footnotes":""},"product_brand":[],"product_cat":[2210],"product_tag":[],"class_list":{"0":"post-39430","1":"product","2":"type-product","3":"status-publish","4":"has-post-thumbnail","6":"product_cat-diatwisters-busch-freesjes-en-toebehoren-instrumenten-pedicure-2-fr","8":"first","9":"instock","10":"taxable","11":"shipping-taxable","12":"product-type-simple"},"acf":[],"yoast_head":"<!-- This site is optimized with the Yoast SEO plugin v27.2 - https:\/\/yoast.com\/product\/yoast-seo-wordpress\/ -->\n<title>Diatwister x-gros - Praktivak<\/title>\n<meta name=\"robots\" content=\"index, follow, max-snippet:-1, max-image-preview:large, max-video-preview:-1\" \/>\n<link rel=\"canonical\" href=\"https:\/\/www.praktivak.be\/fr\/produit\/diatwister-x-gros-7\/\" \/>\n<meta property=\"og:locale\" content=\"fr_FR\" \/>\n<meta property=\"og:type\" content=\"article\" \/>\n<meta property=\"og:title\" content=\"Diatwister x-gros - Praktivak\" \/>\n<meta property=\"og:description\" content=\"La s&eacute;rie moderne de produits m&eacute;dicaux de premi&egrave;re classe, avec syst&egrave;me de refroidissement interne, pour le traitement de hyperk&eacute;ratoses. Le refroidissement optimal en utilisation &agrave; humide. Des ouvertures en formes d&rsquo;entailles sp&eacute;cialement dispos&eacute;es. Le mat&eacute;riau inoxydable garantit une persistance aux d&eacute;sinfections et st&eacute;rilisations. Une parfaite concentricit&eacute; gr&acirc;ce &agrave; la construction en une partie. Abrasion des &hellip; Continuer la lecture &quot;Diatwister x-gros&quot;\" \/>\n<meta property=\"og:url\" content=\"https:\/\/www.praktivak.be\/fr\/produit\/diatwister-x-gros-7\/\" \/>\n<meta property=\"og:site_name\" content=\"Praktivak\" \/>\n<meta property=\"article:modified_time\" content=\"2026-02-01T02:03:52+00:00\" \/>\n<meta property=\"og:image\" content=\"https:\/\/www.praktivak.be\/wp-content\/uploads\/2025\/09\/DT5880-115.jpg\" \/>\n\t<meta property=\"og:image:width\" content=\"308\" \/>\n\t<meta property=\"og:image:height\" content=\"191\" \/>\n\t<meta property=\"og:image:type\" content=\"image\/jpeg\" \/>\n<meta name=\"twitter:card\" content=\"summary_large_image\" \/>\n<script type=\"application\/ld+json\" class=\"yoast-schema-graph\">{\"@context\":\"https:\/\/schema.org\",\"@graph\":[{\"@type\":\"WebPage\",\"@id\":\"https:\/\/www.praktivak.be\/fr\/produit\/diatwister-x-gros-7\/\",\"url\":\"https:\/\/www.praktivak.be\/fr\/produit\/diatwister-x-gros-7\/\",\"name\":\"Diatwister x-gros - Praktivak\",\"isPartOf\":{\"@id\":\"https:\/\/www.praktivak.be\/fr\/#website\"},\"primaryImageOfPage\":{\"@id\":\"https:\/\/www.praktivak.be\/fr\/produit\/diatwister-x-gros-7\/#primaryimage\"},\"image\":{\"@id\":\"https:\/\/www.praktivak.be\/fr\/produit\/diatwister-x-gros-7\/#primaryimage\"},\"thumbnailUrl\":\"https:\/\/www.praktivak.be\/wp-content\/uploads\/2025\/09\/DT5880-115.jpg\",\"datePublished\":\"2025-05-07T08:36:55+00:00\",\"dateModified\":\"2026-02-01T02:03:52+00:00\",\"breadcrumb\":{\"@id\":\"https:\/\/www.praktivak.be\/fr\/produit\/diatwister-x-gros-7\/#breadcrumb\"},\"inLanguage\":\"fr-FR\",\"potentialAction\":[{\"@type\":\"ReadAction\",\"target\":[\"https:\/\/www.praktivak.be\/fr\/produit\/diatwister-x-gros-7\/\"]}]},{\"@type\":\"ImageObject\",\"inLanguage\":\"fr-FR\",\"@id\":\"https:\/\/www.praktivak.be\/fr\/produit\/diatwister-x-gros-7\/#primaryimage\",\"url\":\"https:\/\/www.praktivak.be\/wp-content\/uploads\/2025\/09\/DT5880-115.jpg\",\"contentUrl\":\"https:\/\/www.praktivak.be\/wp-content\/uploads\/2025\/09\/DT5880-115.jpg\",\"width\":308,\"height\":191},{\"@type\":\"BreadcrumbList\",\"@id\":\"https:\/\/www.praktivak.be\/fr\/produit\/diatwister-x-gros-7\/#breadcrumb\",\"itemListElement\":[{\"@type\":\"ListItem\",\"position\":1,\"name\":\"Home\",\"item\":\"https:\/\/www.praktivak.be\/fr\/\"},{\"@type\":\"ListItem\",\"position\":2,\"name\":\"Boutique\",\"item\":\"https:\/\/www.praktivak.be\/fr\/boutique\/\"},{\"@type\":\"ListItem\",\"position\":3,\"name\":\"Diatwister x-gros\"}]},{\"@type\":\"WebSite\",\"@id\":\"https:\/\/www.praktivak.be\/fr\/#website\",\"url\":\"https:\/\/www.praktivak.be\/fr\/\",\"name\":\"Praktivak\",\"description\":\"\",\"publisher\":{\"@id\":\"https:\/\/www.praktivak.be\/fr\/#organization\"},\"potentialAction\":[{\"@type\":\"SearchAction\",\"target\":{\"@type\":\"EntryPoint\",\"urlTemplate\":\"https:\/\/www.praktivak.be\/fr\/?s={search_term_string}\"},\"query-input\":{\"@type\":\"PropertyValueSpecification\",\"valueRequired\":true,\"valueName\":\"search_term_string\"}}],\"inLanguage\":\"fr-FR\"},{\"@type\":\"Organization\",\"@id\":\"https:\/\/www.praktivak.be\/fr\/#organization\",\"name\":\"Praktivak\",\"url\":\"https:\/\/www.praktivak.be\/fr\/\",\"logo\":{\"@type\":\"ImageObject\",\"inLanguage\":\"fr-FR\",\"@id\":\"https:\/\/www.praktivak.be\/fr\/#\/schema\/logo\/image\/\",\"url\":\"https:\/\/www.praktivak.be\/wp-content\/uploads\/2024\/09\/Logo.png\",\"contentUrl\":\"https:\/\/www.praktivak.be\/wp-content\/uploads\/2024\/09\/Logo.png\",\"width\":1774,\"height\":337,\"caption\":\"Praktivak\"},\"image\":{\"@id\":\"https:\/\/www.praktivak.be\/fr\/#\/schema\/logo\/image\/\"}}]}<\/script>\n<!-- \/ Yoast SEO plugin. -->","yoast_head_json":{"title":"Diatwister x-gros - Praktivak","robots":{"index":"index","follow":"follow","max-snippet":"max-snippet:-1","max-image-preview":"max-image-preview:large","max-video-preview":"max-video-preview:-1"},"canonical":"https:\/\/www.praktivak.be\/fr\/produit\/diatwister-x-gros-7\/","og_locale":"fr_FR","og_type":"article","og_title":"Diatwister x-gros - Praktivak","og_description":"La s&eacute;rie moderne de produits m&eacute;dicaux de premi&egrave;re classe, avec syst&egrave;me de refroidissement interne, pour le traitement de hyperk&eacute;ratoses. Le refroidissement optimal en utilisation &agrave; humide. Des ouvertures en formes d&rsquo;entailles sp&eacute;cialement dispos&eacute;es. Le mat&eacute;riau inoxydable garantit une persistance aux d&eacute;sinfections et st&eacute;rilisations. Une parfaite concentricit&eacute; gr&acirc;ce &agrave; la construction en une partie. Abrasion des &hellip; Continuer la lecture \"Diatwister x-gros\"","og_url":"https:\/\/www.praktivak.be\/fr\/produit\/diatwister-x-gros-7\/","og_site_name":"Praktivak","article_modified_time":"2026-02-01T02:03:52+00:00","og_image":[{"width":308,"height":191,"url":"https:\/\/www.praktivak.be\/wp-content\/uploads\/2025\/09\/DT5880-115.jpg","type":"image\/jpeg"}],"twitter_card":"summary_large_image","schema":{"@context":"https:\/\/schema.org","@graph":[{"@type":"WebPage","@id":"https:\/\/www.praktivak.be\/fr\/produit\/diatwister-x-gros-7\/","url":"https:\/\/www.praktivak.be\/fr\/produit\/diatwister-x-gros-7\/","name":"Diatwister x-gros - Praktivak","isPartOf":{"@id":"https:\/\/www.praktivak.be\/fr\/#website"},"primaryImageOfPage":{"@id":"https:\/\/www.praktivak.be\/fr\/produit\/diatwister-x-gros-7\/#primaryimage"},"image":{"@id":"https:\/\/www.praktivak.be\/fr\/produit\/diatwister-x-gros-7\/#primaryimage"},"thumbnailUrl":"https:\/\/www.praktivak.be\/wp-content\/uploads\/2025\/09\/DT5880-115.jpg","datePublished":"2025-05-07T08:36:55+00:00","dateModified":"2026-02-01T02:03:52+00:00","breadcrumb":{"@id":"https:\/\/www.praktivak.be\/fr\/produit\/diatwister-x-gros-7\/#breadcrumb"},"inLanguage":"fr-FR","potentialAction":[{"@type":"ReadAction","target":["https:\/\/www.praktivak.be\/fr\/produit\/diatwister-x-gros-7\/"]}]},{"@type":"ImageObject","inLanguage":"fr-FR","@id":"https:\/\/www.praktivak.be\/fr\/produit\/diatwister-x-gros-7\/#primaryimage","url":"https:\/\/www.praktivak.be\/wp-content\/uploads\/2025\/09\/DT5880-115.jpg","contentUrl":"https:\/\/www.praktivak.be\/wp-content\/uploads\/2025\/09\/DT5880-115.jpg","width":308,"height":191},{"@type":"BreadcrumbList","@id":"https:\/\/www.praktivak.be\/fr\/produit\/diatwister-x-gros-7\/#breadcrumb","itemListElement":[{"@type":"ListItem","position":1,"name":"Home","item":"https:\/\/www.praktivak.be\/fr\/"},{"@type":"ListItem","position":2,"name":"Boutique","item":"https:\/\/www.praktivak.be\/fr\/boutique\/"},{"@type":"ListItem","position":3,"name":"Diatwister x-gros"}]},{"@type":"WebSite","@id":"https:\/\/www.praktivak.be\/fr\/#website","url":"https:\/\/www.praktivak.be\/fr\/","name":"Praktivak","description":"","publisher":{"@id":"https:\/\/www.praktivak.be\/fr\/#organization"},"potentialAction":[{"@type":"SearchAction","target":{"@type":"EntryPoint","urlTemplate":"https:\/\/www.praktivak.be\/fr\/?s={search_term_string}"},"query-input":{"@type":"PropertyValueSpecification","valueRequired":true,"valueName":"search_term_string"}}],"inLanguage":"fr-FR"},{"@type":"Organization","@id":"https:\/\/www.praktivak.be\/fr\/#organization","name":"Praktivak","url":"https:\/\/www.praktivak.be\/fr\/","logo":{"@type":"ImageObject","inLanguage":"fr-FR","@id":"https:\/\/www.praktivak.be\/fr\/#\/schema\/logo\/image\/","url":"https:\/\/www.praktivak.be\/wp-content\/uploads\/2024\/09\/Logo.png","contentUrl":"https:\/\/www.praktivak.be\/wp-content\/uploads\/2024\/09\/Logo.png","width":1774,"height":337,"caption":"Praktivak"},"image":{"@id":"https:\/\/www.praktivak.be\/fr\/#\/schema\/logo\/image\/"}}]}},"featured_img":"https:\/\/www.praktivak.be\/wp-content\/uploads\/2025\/09\/DT5880-115.jpg","coauthors":[],"author_meta":{"author_link":"https:\/\/www.praktivak.be\/fr\/author\/madeit\/","display_name":"Tjebbe Lievens"},"relative_dates":{"created":"Publi\u00e9 11 mois il y a","modified":"Mis \u00e0 jour 2 mois il y a"},"absolute_dates":{"created":"Publi\u00e9 le 7 mai 2025","modified":"Mise \u00e0 jour le 1 f\u00e9vrier 2026"},"absolute_dates_time":{"created":"Publi\u00e9 le 7 mai 2025 10h36","modified":"Mise \u00e0 jour le 1 f\u00e9vrier 2026 3h03"},"featured_img_caption":"","tax_additional":{"product_brand":{"linked":[],"unlinked":[],"slug":"product_brand","name":"Marques"},"product_type":{"linked":["<a href=\"https:\/\/www.praktivak.be\/fr\/?taxonomy=product_type&#038;term=simple\" class=\"advgb-post-tax-term\">simple<\/a>"],"unlinked":["<span class=\"advgb-post-tax-term\">simple<\/span>"],"slug":"product_type","name":"Type de produit"},"product_visibility":{"linked":[],"unlinked":[],"slug":"product_visibility","name":"Visibilit\u00e9 du produit"},"product_cat":{"linked":["<a href=\"https:\/\/www.praktivak.be\/fr\/categorie-de-produit\/pedicure-2-fr\/instrumenten\/freesjes-en-toebehoren\/busch\/diatwisters-busch-freesjes-en-toebehoren-instrumenten-pedicure-2-fr\/\" class=\"advgb-post-tax-term\">Diatwist<\/a>"],"unlinked":["<span class=\"advgb-post-tax-term\">Diatwist<\/span>"],"slug":"product_cat","name":"Cat\u00e9gories de produits"},"product_tag":{"linked":[],"unlinked":[],"slug":"product_tag","name":"\u00c9tiquettes produit"},"product_shipping_class":{"linked":[],"unlinked":[],"slug":"product_shipping_class","name":"Classe d\u2019exp\u00e9dition du produit"},"pos_product_visibility":{"linked":[],"unlinked":[],"slug":"pos_product_visibility","name":"Visibilit\u00e9 du produit sur le point de vente"},"translation_priority":{"linked":[],"unlinked":[],"slug":"translation_priority","name":"Priorit\u00e9s de traduction"}},"series_order":"","_links":{"self":[{"href":"https:\/\/www.praktivak.be\/fr\/wp-json\/wp\/v2\/product\/39430","targetHints":{"allow":["GET"]}}],"collection":[{"href":"https:\/\/www.praktivak.be\/fr\/wp-json\/wp\/v2\/product"}],"about":[{"href":"https:\/\/www.praktivak.be\/fr\/wp-json\/wp\/v2\/types\/product"}],"version-history":[{"count":68,"href":"https:\/\/www.praktivak.be\/fr\/wp-json\/wp\/v2\/product\/39430\/revisions"}],"predecessor-version":[{"id":327878,"href":"https:\/\/www.praktivak.be\/fr\/wp-json\/wp\/v2\/product\/39430\/revisions\/327878"}],"wp:featuredmedia":[{"embeddable":true,"href":"https:\/\/www.praktivak.be\/fr\/wp-json\/wp\/v2\/media\/289796"}],"wp:attachment":[{"href":"https:\/\/www.praktivak.be\/fr\/wp-json\/wp\/v2\/media?parent=39430"}],"wp:term":[{"taxonomy":"product_brand","embeddable":true,"href":"https:\/\/www.praktivak.be\/fr\/wp-json\/wp\/v2\/product_brand?post=39430"},{"taxonomy":"product_cat","embeddable":true,"href":"https:\/\/www.praktivak.be\/fr\/wp-json\/wp\/v2\/product_cat?post=39430"},{"taxonomy":"product_tag","embeddable":true,"href":"https:\/\/www.praktivak.be\/fr\/wp-json\/wp\/v2\/product_tag?post=39430"}],"curies":[{"name":"wp","href":"https:\/\/api.w.org\/{rel}","templated":true}]}}