

{"id":351171,"date":"2026-03-22T15:18:45","date_gmt":"2026-03-22T14:18:45","guid":{"rendered":"https:\/\/www.praktivak.be\/product\/pre-hair-removal-toning-lotion-500ml\/"},"modified":"2026-04-11T05:00:29","modified_gmt":"2026-04-11T03:00:29","slug":"pre-hair-removal-toning-lotion","status":"publish","type":"product","link":"https:\/\/www.praktivak.be\/fr\/produit\/pre-hair-removal-toning-lotion\/","title":{"rendered":"Pre-hair removal toning lotion"},"content":{"rendered":"\n<p data-oe-version=\"1.2\">\n<\/p><p>Gr&acirc;ce &agrave; sa texture fluide et non collante, il p&eacute;n&egrave;tre rapidement et adoucit la peau, &eacute;limine les traces de transpiration et favorise l&rsquo;adh&eacute;rence des poils pour l&rsquo;&eacute;pilation, pr&eacute;parant ainsi la peau de mani&egrave;re optimale.<\/p>\n\n","protected":false},"excerpt":{"rendered":"<p>Gr&acirc;ce &agrave; sa texture fluide et non collante, il p&eacute;n&egrave;tre rapidement et adoucit la peau, &eacute;limine les traces de transpiration et favorise l&rsquo;adh&eacute;rence des poils pour l&rsquo;&eacute;pilation, pr&eacute;parant ainsi la peau de mani&egrave;re optimale.<\/p>\n","protected":false},"author":1,"featured_media":351174,"template":"","meta":{"_acf_changed":false,"_relevanssi_hide_post":"","_relevanssi_hide_content":"","_relevanssi_pin_for_all":"","_relevanssi_pin_keywords":"","_relevanssi_unpin_keywords":"","_relevanssi_related_keywords":"","_relevanssi_related_include_ids":"","_relevanssi_related_exclude_ids":"","_relevanssi_related_no_append":"","_relevanssi_related_not_related":"","_relevanssi_related_posts":"","_relevanssi_noindex_reason":"","advgb_blocks_editor_width":"","advgb_blocks_columns_visual_guide":"","footnotes":""},"product_brand":[],"product_cat":[2367,2004],"product_tag":[],"class_list":{"0":"post-351171","1":"product","2":"type-product","3":"status-publish","4":"has-post-thumbnail","6":"product_cat-cosmetics-en-benodigdheden-fr","7":"product_cat-benodigdheden-fr","9":"first","10":"instock","11":"taxable","12":"shipping-taxable","13":"product-type-simple"},"acf":[],"yoast_head":"<!-- This site is optimized with the Yoast SEO plugin v27.2 - https:\/\/yoast.com\/product\/yoast-seo-wordpress\/ -->\n<title>Pre-hair removal toning lotion - Praktivak<\/title>\n<meta name=\"robots\" content=\"index, follow, max-snippet:-1, max-image-preview:large, max-video-preview:-1\" \/>\n<link rel=\"canonical\" href=\"https:\/\/www.praktivak.be\/fr\/produit\/pre-hair-removal-toning-lotion\/\" \/>\n<meta property=\"og:locale\" content=\"fr_FR\" \/>\n<meta property=\"og:type\" content=\"article\" \/>\n<meta property=\"og:title\" content=\"Pre-hair removal toning lotion - Praktivak\" \/>\n<meta property=\"og:description\" content=\"Gr&acirc;ce &agrave; sa texture fluide et non collante, il p&eacute;n&egrave;tre rapidement et adoucit la peau, &eacute;limine les traces de transpiration et favorise l&rsquo;adh&eacute;rence des poils pour l&rsquo;&eacute;pilation, pr&eacute;parant ainsi la peau de mani&egrave;re optimale.\" \/>\n<meta property=\"og:url\" content=\"https:\/\/www.praktivak.be\/fr\/produit\/pre-hair-removal-toning-lotion\/\" \/>\n<meta property=\"og:site_name\" content=\"Praktivak\" \/>\n<meta property=\"article:modified_time\" content=\"2026-04-11T03:00:29+00:00\" \/>\n<meta property=\"og:image\" content=\"https:\/\/www.praktivak.be\/wp-content\/uploads\/2026\/03\/xi920341.webp\" \/>\n\t<meta property=\"og:image:width\" content=\"477\" \/>\n\t<meta property=\"og:image:height\" content=\"1500\" \/>\n\t<meta property=\"og:image:type\" content=\"image\/webp\" \/>\n<meta name=\"twitter:card\" content=\"summary_large_image\" \/>\n<script type=\"application\/ld+json\" class=\"yoast-schema-graph\">{\"@context\":\"https:\/\/schema.org\",\"@graph\":[{\"@type\":\"WebPage\",\"@id\":\"https:\/\/www.praktivak.be\/fr\/produit\/pre-hair-removal-toning-lotion\/\",\"url\":\"https:\/\/www.praktivak.be\/fr\/produit\/pre-hair-removal-toning-lotion\/\",\"name\":\"Pre-hair removal toning lotion - Praktivak\",\"isPartOf\":{\"@id\":\"https:\/\/www.praktivak.be\/fr\/#website\"},\"primaryImageOfPage\":{\"@id\":\"https:\/\/www.praktivak.be\/fr\/produit\/pre-hair-removal-toning-lotion\/#primaryimage\"},\"image\":{\"@id\":\"https:\/\/www.praktivak.be\/fr\/produit\/pre-hair-removal-toning-lotion\/#primaryimage\"},\"thumbnailUrl\":\"https:\/\/www.praktivak.be\/wp-content\/uploads\/2026\/03\/xi920341.webp\",\"datePublished\":\"2026-03-22T14:18:45+00:00\",\"dateModified\":\"2026-04-11T03:00:29+00:00\",\"breadcrumb\":{\"@id\":\"https:\/\/www.praktivak.be\/fr\/produit\/pre-hair-removal-toning-lotion\/#breadcrumb\"},\"inLanguage\":\"fr-FR\",\"potentialAction\":[{\"@type\":\"ReadAction\",\"target\":[\"https:\/\/www.praktivak.be\/fr\/produit\/pre-hair-removal-toning-lotion\/\"]}]},{\"@type\":\"ImageObject\",\"inLanguage\":\"fr-FR\",\"@id\":\"https:\/\/www.praktivak.be\/fr\/produit\/pre-hair-removal-toning-lotion\/#primaryimage\",\"url\":\"https:\/\/www.praktivak.be\/wp-content\/uploads\/2026\/03\/xi920341.webp\",\"contentUrl\":\"https:\/\/www.praktivak.be\/wp-content\/uploads\/2026\/03\/xi920341.webp\",\"width\":477,\"height\":1500,\"caption\":\"Pre-hair removal toning lotion, 500ml\"},{\"@type\":\"BreadcrumbList\",\"@id\":\"https:\/\/www.praktivak.be\/fr\/produit\/pre-hair-removal-toning-lotion\/#breadcrumb\",\"itemListElement\":[{\"@type\":\"ListItem\",\"position\":1,\"name\":\"Home\",\"item\":\"https:\/\/www.praktivak.be\/fr\/\"},{\"@type\":\"ListItem\",\"position\":2,\"name\":\"Boutique\",\"item\":\"https:\/\/www.praktivak.be\/fr\/boutique\/\"},{\"@type\":\"ListItem\",\"position\":3,\"name\":\"Pre-hair removal toning lotion\"}]},{\"@type\":\"WebSite\",\"@id\":\"https:\/\/www.praktivak.be\/fr\/#website\",\"url\":\"https:\/\/www.praktivak.be\/fr\/\",\"name\":\"Praktivak\",\"description\":\"\",\"publisher\":{\"@id\":\"https:\/\/www.praktivak.be\/fr\/#organization\"},\"potentialAction\":[{\"@type\":\"SearchAction\",\"target\":{\"@type\":\"EntryPoint\",\"urlTemplate\":\"https:\/\/www.praktivak.be\/fr\/?s={search_term_string}\"},\"query-input\":{\"@type\":\"PropertyValueSpecification\",\"valueRequired\":true,\"valueName\":\"search_term_string\"}}],\"inLanguage\":\"fr-FR\"},{\"@type\":\"Organization\",\"@id\":\"https:\/\/www.praktivak.be\/fr\/#organization\",\"name\":\"Praktivak\",\"url\":\"https:\/\/www.praktivak.be\/fr\/\",\"logo\":{\"@type\":\"ImageObject\",\"inLanguage\":\"fr-FR\",\"@id\":\"https:\/\/www.praktivak.be\/fr\/#\/schema\/logo\/image\/\",\"url\":\"https:\/\/www.praktivak.be\/wp-content\/uploads\/2024\/09\/Logo.png\",\"contentUrl\":\"https:\/\/www.praktivak.be\/wp-content\/uploads\/2024\/09\/Logo.png\",\"width\":1774,\"height\":337,\"caption\":\"Praktivak\"},\"image\":{\"@id\":\"https:\/\/www.praktivak.be\/fr\/#\/schema\/logo\/image\/\"}}]}<\/script>\n<!-- \/ Yoast SEO plugin. -->","yoast_head_json":{"title":"Pre-hair removal toning lotion - Praktivak","robots":{"index":"index","follow":"follow","max-snippet":"max-snippet:-1","max-image-preview":"max-image-preview:large","max-video-preview":"max-video-preview:-1"},"canonical":"https:\/\/www.praktivak.be\/fr\/produit\/pre-hair-removal-toning-lotion\/","og_locale":"fr_FR","og_type":"article","og_title":"Pre-hair removal toning lotion - Praktivak","og_description":"Gr&acirc;ce &agrave; sa texture fluide et non collante, il p&eacute;n&egrave;tre rapidement et adoucit la peau, &eacute;limine les traces de transpiration et favorise l&rsquo;adh&eacute;rence des poils pour l&rsquo;&eacute;pilation, pr&eacute;parant ainsi la peau de mani&egrave;re optimale.","og_url":"https:\/\/www.praktivak.be\/fr\/produit\/pre-hair-removal-toning-lotion\/","og_site_name":"Praktivak","article_modified_time":"2026-04-11T03:00:29+00:00","og_image":[{"width":477,"height":1500,"url":"https:\/\/www.praktivak.be\/wp-content\/uploads\/2026\/03\/xi920341.webp","type":"image\/webp"}],"twitter_card":"summary_large_image","schema":{"@context":"https:\/\/schema.org","@graph":[{"@type":"WebPage","@id":"https:\/\/www.praktivak.be\/fr\/produit\/pre-hair-removal-toning-lotion\/","url":"https:\/\/www.praktivak.be\/fr\/produit\/pre-hair-removal-toning-lotion\/","name":"Pre-hair removal toning lotion - Praktivak","isPartOf":{"@id":"https:\/\/www.praktivak.be\/fr\/#website"},"primaryImageOfPage":{"@id":"https:\/\/www.praktivak.be\/fr\/produit\/pre-hair-removal-toning-lotion\/#primaryimage"},"image":{"@id":"https:\/\/www.praktivak.be\/fr\/produit\/pre-hair-removal-toning-lotion\/#primaryimage"},"thumbnailUrl":"https:\/\/www.praktivak.be\/wp-content\/uploads\/2026\/03\/xi920341.webp","datePublished":"2026-03-22T14:18:45+00:00","dateModified":"2026-04-11T03:00:29+00:00","breadcrumb":{"@id":"https:\/\/www.praktivak.be\/fr\/produit\/pre-hair-removal-toning-lotion\/#breadcrumb"},"inLanguage":"fr-FR","potentialAction":[{"@type":"ReadAction","target":["https:\/\/www.praktivak.be\/fr\/produit\/pre-hair-removal-toning-lotion\/"]}]},{"@type":"ImageObject","inLanguage":"fr-FR","@id":"https:\/\/www.praktivak.be\/fr\/produit\/pre-hair-removal-toning-lotion\/#primaryimage","url":"https:\/\/www.praktivak.be\/wp-content\/uploads\/2026\/03\/xi920341.webp","contentUrl":"https:\/\/www.praktivak.be\/wp-content\/uploads\/2026\/03\/xi920341.webp","width":477,"height":1500,"caption":"Pre-hair removal toning lotion, 500ml"},{"@type":"BreadcrumbList","@id":"https:\/\/www.praktivak.be\/fr\/produit\/pre-hair-removal-toning-lotion\/#breadcrumb","itemListElement":[{"@type":"ListItem","position":1,"name":"Home","item":"https:\/\/www.praktivak.be\/fr\/"},{"@type":"ListItem","position":2,"name":"Boutique","item":"https:\/\/www.praktivak.be\/fr\/boutique\/"},{"@type":"ListItem","position":3,"name":"Pre-hair removal toning lotion"}]},{"@type":"WebSite","@id":"https:\/\/www.praktivak.be\/fr\/#website","url":"https:\/\/www.praktivak.be\/fr\/","name":"Praktivak","description":"","publisher":{"@id":"https:\/\/www.praktivak.be\/fr\/#organization"},"potentialAction":[{"@type":"SearchAction","target":{"@type":"EntryPoint","urlTemplate":"https:\/\/www.praktivak.be\/fr\/?s={search_term_string}"},"query-input":{"@type":"PropertyValueSpecification","valueRequired":true,"valueName":"search_term_string"}}],"inLanguage":"fr-FR"},{"@type":"Organization","@id":"https:\/\/www.praktivak.be\/fr\/#organization","name":"Praktivak","url":"https:\/\/www.praktivak.be\/fr\/","logo":{"@type":"ImageObject","inLanguage":"fr-FR","@id":"https:\/\/www.praktivak.be\/fr\/#\/schema\/logo\/image\/","url":"https:\/\/www.praktivak.be\/wp-content\/uploads\/2024\/09\/Logo.png","contentUrl":"https:\/\/www.praktivak.be\/wp-content\/uploads\/2024\/09\/Logo.png","width":1774,"height":337,"caption":"Praktivak"},"image":{"@id":"https:\/\/www.praktivak.be\/fr\/#\/schema\/logo\/image\/"}}]}},"featured_img":"https:\/\/www.praktivak.be\/wp-content\/uploads\/2026\/03\/xi920341.webp","coauthors":[],"author_meta":{"author_link":"https:\/\/www.praktivak.be\/fr\/author\/madeit\/","display_name":"Tjebbe Lievens"},"relative_dates":{"created":"Publi\u00e9 3 semaines il y a","modified":"Mis \u00e0 jour 7 heures il y a"},"absolute_dates":{"created":"Publi\u00e9 le 22 mars 2026","modified":"Mise \u00e0 jour le 11 avril 2026"},"absolute_dates_time":{"created":"Publi\u00e9 le 22 mars 2026 15h18","modified":"Mise \u00e0 jour le 11 avril 2026 5h00"},"featured_img_caption":"","tax_additional":{"product_brand":{"linked":[],"unlinked":[],"slug":"product_brand","name":"Marques"},"product_type":{"linked":["<a href=\"https:\/\/www.praktivak.be\/fr\/?taxonomy=product_type&#038;term=simple\" class=\"advgb-post-tax-term\">simple<\/a>"],"unlinked":["<span class=\"advgb-post-tax-term\">simple<\/span>"],"slug":"product_type","name":"Type de produit"},"product_visibility":{"linked":[],"unlinked":[],"slug":"product_visibility","name":"Visibilit\u00e9 du produit"},"product_cat":{"linked":["<a href=\"https:\/\/www.praktivak.be\/fr\/categorie-de-produit\/ontharing-fr\/depiluxe-fr\/cosmetics-en-benodigdheden-fr\/\" class=\"advgb-post-tax-term\">Cosmetics en benodigdheden<\/a>","<a href=\"https:\/\/www.praktivak.be\/fr\/categorie-de-produit\/ontharing-fr\/benodigdheden-fr\/\" class=\"advgb-post-tax-term\">Mat\u00e9riel<\/a>"],"unlinked":["<span class=\"advgb-post-tax-term\">Cosmetics en benodigdheden<\/span>","<span class=\"advgb-post-tax-term\">Mat\u00e9riel<\/span>"],"slug":"product_cat","name":"Cat\u00e9gories de produits"},"product_tag":{"linked":[],"unlinked":[],"slug":"product_tag","name":"\u00c9tiquettes produit"},"product_shipping_class":{"linked":[],"unlinked":[],"slug":"product_shipping_class","name":"Classe d\u2019exp\u00e9dition du produit"},"pos_product_visibility":{"linked":[],"unlinked":[],"slug":"pos_product_visibility","name":"Visibilit\u00e9 du produit sur le point de vente"},"translation_priority":{"linked":[],"unlinked":[],"slug":"translation_priority","name":"Priorit\u00e9s de traduction"}},"series_order":"","_links":{"self":[{"href":"https:\/\/www.praktivak.be\/fr\/wp-json\/wp\/v2\/product\/351171","targetHints":{"allow":["GET"]}}],"collection":[{"href":"https:\/\/www.praktivak.be\/fr\/wp-json\/wp\/v2\/product"}],"about":[{"href":"https:\/\/www.praktivak.be\/fr\/wp-json\/wp\/v2\/types\/product"}],"version-history":[{"count":579,"href":"https:\/\/www.praktivak.be\/fr\/wp-json\/wp\/v2\/product\/351171\/revisions"}],"predecessor-version":[{"id":360378,"href":"https:\/\/www.praktivak.be\/fr\/wp-json\/wp\/v2\/product\/351171\/revisions\/360378"}],"wp:featuredmedia":[{"embeddable":true,"href":"https:\/\/www.praktivak.be\/fr\/wp-json\/wp\/v2\/media\/351174"}],"wp:attachment":[{"href":"https:\/\/www.praktivak.be\/fr\/wp-json\/wp\/v2\/media?parent=351171"}],"wp:term":[{"taxonomy":"product_brand","embeddable":true,"href":"https:\/\/www.praktivak.be\/fr\/wp-json\/wp\/v2\/product_brand?post=351171"},{"taxonomy":"product_cat","embeddable":true,"href":"https:\/\/www.praktivak.be\/fr\/wp-json\/wp\/v2\/product_cat?post=351171"},{"taxonomy":"product_tag","embeddable":true,"href":"https:\/\/www.praktivak.be\/fr\/wp-json\/wp\/v2\/product_tag?post=351171"}],"curies":[{"name":"wp","href":"https:\/\/api.w.org\/{rel}","templated":true}]}}