

{"id":349688,"date":"2026-03-20T14:14:36","date_gmt":"2026-03-20T13:14:36","guid":{"rendered":"https:\/\/www.praktivak.be\/product\/depiluxe-filmhars-in-blik-roze-titanium-800ml-51-gratis\/"},"modified":"2026-04-12T05:01:23","modified_gmt":"2026-04-12T03:01:23","slug":"depiluxe-cire-pelliculable-en-boite-rose-titane-800ml-51-gratuit","status":"publish","type":"product","link":"https:\/\/www.praktivak.be\/fr\/produit\/depiluxe-cire-pelliculable-en-boite-rose-titane-800ml-51-gratuit\/","title":{"rendered":"Depiluxe cire pelliculable en bo\u00eete rose (titane), 800ml, 5+1 gratuit"},"content":{"rendered":"\n<div data-oe-version=\"1.2\">Les cires du syst&egrave;me d&rsquo;&eacute;pilation sans bande &laquo; Brasilian System &raquo;, appliqu&eacute;es ti&egrave;des sur la peau, dilatent les pores. Les poils sont d&eacute;licatement retir&eacute;s &agrave; la racine, ce qui est id&eacute;al pour les zones sensibles. Elles s&rsquo;&eacute;talent facilement, sont &eacute;lastiques et donnent des r&eacute;sultats parfaits avec une fine couche seulement. Fine et &eacute;lastique, ne se fissure pas, intervalles plus longs entre les &eacute;pilations, usage unique pour plus d&rsquo;hygi&egrave;ne, haute biod&eacute;gradabilit&eacute;.<\/div>\n<div><\/div>\n<div>La cire rose&nbsp;au titane contient de la cera alba\/cire d&rsquo;abeille et de la glyc&eacute;rine rosinate de haute qualit&eacute; et convient aussi bien aux grandes surfaces qu&rsquo;aux zones plus petites ou plus sensibles du corps.<\/div>\n<div><\/div>\n<div>Les pelables sont la derni&egrave;re innovation en mati&egrave;re de cire sans bande. Les pelables sont &agrave; base de cire 100 % naturelle provenant du pin. Ce type de cire est &eacute;galement appel&eacute; &laquo; cire film &raquo;. En effet, la cire est appliqu&eacute;e en couches tr&egrave;s fines.<\/div>\n<div><\/div>\n<div>La cire est tr&egrave;s souple et s&rsquo;applique facilement. La m&eacute;thode de cire pelables est moins douloureuse que les autres m&eacute;thodes, car elle adh&egrave;re davantage aux poils qu&rsquo;&agrave; la peau. La cire adh&egrave;re bien aux poils fins et peut &ecirc;tre appliqu&eacute;e ti&egrave;de.<\/div>\n<div><\/div>\n<div>Propri&eacute;t&eacute;s :<\/div>\n<div><\/div>\n<div>&ndash; convient aux poils fins<\/div>\n<div><\/div>\n<div>&ndash; convient aux peaux sensibles<\/div>\n<div><\/div>\n<div>&ndash; appliquer en couche fine<\/div>\n<div><\/div>\n<div>&ndash; appliquer dans le sens de la pousse du poil, retirer dans le sens inverse de la pousse.<\/div>\n<div><\/div>\n<div>&ndash; s&rsquo;utilise sans bande<\/div>\n<p><\/p>\n\n","protected":false},"excerpt":{"rendered":"<p>Les cires du syst&egrave;me d&rsquo;&eacute;pilation sans bande &laquo; Brasilian System &raquo;, appliqu&eacute;es ti&egrave;des sur la peau, dilatent les pores. Les poils sont d&eacute;licatement retir&eacute;s &agrave; la racine, ce qui est id&eacute;al pour les zones sensibles. Elles s&rsquo;&eacute;talent facilement, sont &eacute;lastiques et donnent des r&eacute;sultats parfaits avec une fine couche seulement. Fine et &eacute;lastique, ne se &hellip; <\/p>\n<p class=\"link-more\"><a href=\"https:\/\/www.praktivak.be\/fr\/produit\/depiluxe-cire-pelliculable-en-boite-rose-titane-800ml-51-gratuit\/\" class=\"more-link\">Continuer la lecture<span class=\"screen-reader-text\"> \u00ab\u00a0Depiluxe cire pelliculable en bo\u00eete rose (titane), 800ml, 5+1 gratuit\u00a0\u00bb<\/span><\/a><\/p>\n","protected":false},"author":1,"featured_media":351803,"template":"","meta":{"_acf_changed":false,"_relevanssi_hide_post":"","_relevanssi_hide_content":"","_relevanssi_pin_for_all":"","_relevanssi_pin_keywords":"","_relevanssi_unpin_keywords":"","_relevanssi_related_keywords":"","_relevanssi_related_include_ids":"","_relevanssi_related_exclude_ids":"","_relevanssi_related_no_append":"","_relevanssi_related_not_related":"","_relevanssi_related_posts":"","_relevanssi_noindex_reason":"","advgb_blocks_editor_width":"","advgb_blocks_columns_visual_guide":"","footnotes":""},"product_brand":[],"product_cat":[2104],"product_tag":[],"class_list":{"0":"post-349688","1":"product","2":"type-product","3":"status-publish","4":"has-post-thumbnail","6":"product_cat-filmharskorrels-fr","8":"first","9":"instock","10":"taxable","11":"shipping-taxable","12":"product-type-simple"},"acf":[],"yoast_head":"<!-- This site is optimized with the Yoast SEO plugin v27.2 - https:\/\/yoast.com\/product\/yoast-seo-wordpress\/ -->\n<title>Depiluxe cire pelliculable en bo\u00eete rose (titane), 800ml, 5+1 gratuit - Praktivak<\/title>\n<meta name=\"robots\" content=\"index, follow, max-snippet:-1, max-image-preview:large, max-video-preview:-1\" \/>\n<link rel=\"canonical\" href=\"https:\/\/www.praktivak.be\/fr\/produit\/depiluxe-cire-pelliculable-en-boite-rose-titane-800ml-51-gratuit\/\" \/>\n<meta property=\"og:locale\" content=\"fr_FR\" \/>\n<meta property=\"og:type\" content=\"article\" \/>\n<meta property=\"og:title\" content=\"Depiluxe cire pelliculable en bo\u00eete rose (titane), 800ml, 5+1 gratuit - Praktivak\" \/>\n<meta property=\"og:description\" content=\"Les cires du syst&egrave;me d&rsquo;&eacute;pilation sans bande &laquo; Brasilian System &raquo;, appliqu&eacute;es ti&egrave;des sur la peau, dilatent les pores. Les poils sont d&eacute;licatement retir&eacute;s &agrave; la racine, ce qui est id&eacute;al pour les zones sensibles. Elles s&rsquo;&eacute;talent facilement, sont &eacute;lastiques et donnent des r&eacute;sultats parfaits avec une fine couche seulement. Fine et &eacute;lastique, ne se &hellip; Continuer la lecture &quot;Depiluxe cire pelliculable en bo\u00eete rose (titane), 800ml, 5+1 gratuit&quot;\" \/>\n<meta property=\"og:url\" content=\"https:\/\/www.praktivak.be\/fr\/produit\/depiluxe-cire-pelliculable-en-boite-rose-titane-800ml-51-gratuit\/\" \/>\n<meta property=\"og:site_name\" content=\"Praktivak\" \/>\n<meta property=\"article:modified_time\" content=\"2026-04-12T03:01:23+00:00\" \/>\n<meta property=\"og:image\" content=\"https:\/\/www.praktivak.be\/wp-content\/uploads\/2026\/03\/xi930613-6-1.webp\" \/>\n\t<meta property=\"og:image:width\" content=\"1080\" \/>\n\t<meta property=\"og:image:height\" content=\"1080\" \/>\n\t<meta property=\"og:image:type\" content=\"image\/webp\" \/>\n<meta name=\"twitter:card\" content=\"summary_large_image\" \/>\n<meta name=\"twitter:label1\" content=\"Dur\u00e9e de lecture estim\u00e9e\" \/>\n\t<meta name=\"twitter:data1\" content=\"1 minute\" \/>\n<script type=\"application\/ld+json\" class=\"yoast-schema-graph\">{\"@context\":\"https:\/\/schema.org\",\"@graph\":[{\"@type\":\"WebPage\",\"@id\":\"https:\/\/www.praktivak.be\/fr\/produit\/depiluxe-cire-pelliculable-en-boite-rose-titane-800ml-51-gratuit\/\",\"url\":\"https:\/\/www.praktivak.be\/fr\/produit\/depiluxe-cire-pelliculable-en-boite-rose-titane-800ml-51-gratuit\/\",\"name\":\"Depiluxe cire pelliculable en bo\u00eete rose (titane), 800ml, 5+1 gratuit - Praktivak\",\"isPartOf\":{\"@id\":\"https:\/\/www.praktivak.be\/fr\/#website\"},\"primaryImageOfPage\":{\"@id\":\"https:\/\/www.praktivak.be\/fr\/produit\/depiluxe-cire-pelliculable-en-boite-rose-titane-800ml-51-gratuit\/#primaryimage\"},\"image\":{\"@id\":\"https:\/\/www.praktivak.be\/fr\/produit\/depiluxe-cire-pelliculable-en-boite-rose-titane-800ml-51-gratuit\/#primaryimage\"},\"thumbnailUrl\":\"https:\/\/www.praktivak.be\/wp-content\/uploads\/2026\/03\/xi930613-6-1.webp\",\"datePublished\":\"2026-03-20T13:14:36+00:00\",\"dateModified\":\"2026-04-12T03:01:23+00:00\",\"breadcrumb\":{\"@id\":\"https:\/\/www.praktivak.be\/fr\/produit\/depiluxe-cire-pelliculable-en-boite-rose-titane-800ml-51-gratuit\/#breadcrumb\"},\"inLanguage\":\"fr-FR\",\"potentialAction\":[{\"@type\":\"ReadAction\",\"target\":[\"https:\/\/www.praktivak.be\/fr\/produit\/depiluxe-cire-pelliculable-en-boite-rose-titane-800ml-51-gratuit\/\"]}]},{\"@type\":\"ImageObject\",\"inLanguage\":\"fr-FR\",\"@id\":\"https:\/\/www.praktivak.be\/fr\/produit\/depiluxe-cire-pelliculable-en-boite-rose-titane-800ml-51-gratuit\/#primaryimage\",\"url\":\"https:\/\/www.praktivak.be\/wp-content\/uploads\/2026\/03\/xi930613-6-1.webp\",\"contentUrl\":\"https:\/\/www.praktivak.be\/wp-content\/uploads\/2026\/03\/xi930613-6-1.webp\",\"width\":1080,\"height\":1080,\"caption\":\"Depiluxe filmhars in blik roze (titanium), 800ml, 5+1 gratis\"},{\"@type\":\"BreadcrumbList\",\"@id\":\"https:\/\/www.praktivak.be\/fr\/produit\/depiluxe-cire-pelliculable-en-boite-rose-titane-800ml-51-gratuit\/#breadcrumb\",\"itemListElement\":[{\"@type\":\"ListItem\",\"position\":1,\"name\":\"Home\",\"item\":\"https:\/\/www.praktivak.be\/fr\/\"},{\"@type\":\"ListItem\",\"position\":2,\"name\":\"Boutique\",\"item\":\"https:\/\/www.praktivak.be\/fr\/boutique\/\"},{\"@type\":\"ListItem\",\"position\":3,\"name\":\"Depiluxe cire pelliculable en bo\u00eete rose (titane), 800ml, 5+1 gratuit\"}]},{\"@type\":\"WebSite\",\"@id\":\"https:\/\/www.praktivak.be\/fr\/#website\",\"url\":\"https:\/\/www.praktivak.be\/fr\/\",\"name\":\"Praktivak\",\"description\":\"\",\"publisher\":{\"@id\":\"https:\/\/www.praktivak.be\/fr\/#organization\"},\"potentialAction\":[{\"@type\":\"SearchAction\",\"target\":{\"@type\":\"EntryPoint\",\"urlTemplate\":\"https:\/\/www.praktivak.be\/fr\/?s={search_term_string}\"},\"query-input\":{\"@type\":\"PropertyValueSpecification\",\"valueRequired\":true,\"valueName\":\"search_term_string\"}}],\"inLanguage\":\"fr-FR\"},{\"@type\":\"Organization\",\"@id\":\"https:\/\/www.praktivak.be\/fr\/#organization\",\"name\":\"Praktivak\",\"url\":\"https:\/\/www.praktivak.be\/fr\/\",\"logo\":{\"@type\":\"ImageObject\",\"inLanguage\":\"fr-FR\",\"@id\":\"https:\/\/www.praktivak.be\/fr\/#\/schema\/logo\/image\/\",\"url\":\"https:\/\/www.praktivak.be\/wp-content\/uploads\/2024\/09\/Logo.png\",\"contentUrl\":\"https:\/\/www.praktivak.be\/wp-content\/uploads\/2024\/09\/Logo.png\",\"width\":1774,\"height\":337,\"caption\":\"Praktivak\"},\"image\":{\"@id\":\"https:\/\/www.praktivak.be\/fr\/#\/schema\/logo\/image\/\"}}]}<\/script>\n<!-- \/ Yoast SEO plugin. -->","yoast_head_json":{"title":"Depiluxe cire pelliculable en bo\u00eete rose (titane), 800ml, 5+1 gratuit - Praktivak","robots":{"index":"index","follow":"follow","max-snippet":"max-snippet:-1","max-image-preview":"max-image-preview:large","max-video-preview":"max-video-preview:-1"},"canonical":"https:\/\/www.praktivak.be\/fr\/produit\/depiluxe-cire-pelliculable-en-boite-rose-titane-800ml-51-gratuit\/","og_locale":"fr_FR","og_type":"article","og_title":"Depiluxe cire pelliculable en bo\u00eete rose (titane), 800ml, 5+1 gratuit - Praktivak","og_description":"Les cires du syst&egrave;me d&rsquo;&eacute;pilation sans bande &laquo; Brasilian System &raquo;, appliqu&eacute;es ti&egrave;des sur la peau, dilatent les pores. Les poils sont d&eacute;licatement retir&eacute;s &agrave; la racine, ce qui est id&eacute;al pour les zones sensibles. Elles s&rsquo;&eacute;talent facilement, sont &eacute;lastiques et donnent des r&eacute;sultats parfaits avec une fine couche seulement. Fine et &eacute;lastique, ne se &hellip; Continuer la lecture \"Depiluxe cire pelliculable en bo\u00eete rose (titane), 800ml, 5+1 gratuit\"","og_url":"https:\/\/www.praktivak.be\/fr\/produit\/depiluxe-cire-pelliculable-en-boite-rose-titane-800ml-51-gratuit\/","og_site_name":"Praktivak","article_modified_time":"2026-04-12T03:01:23+00:00","og_image":[{"width":1080,"height":1080,"url":"https:\/\/www.praktivak.be\/wp-content\/uploads\/2026\/03\/xi930613-6-1.webp","type":"image\/webp"}],"twitter_card":"summary_large_image","twitter_misc":{"Dur\u00e9e de lecture estim\u00e9e":"1 minute"},"schema":{"@context":"https:\/\/schema.org","@graph":[{"@type":"WebPage","@id":"https:\/\/www.praktivak.be\/fr\/produit\/depiluxe-cire-pelliculable-en-boite-rose-titane-800ml-51-gratuit\/","url":"https:\/\/www.praktivak.be\/fr\/produit\/depiluxe-cire-pelliculable-en-boite-rose-titane-800ml-51-gratuit\/","name":"Depiluxe cire pelliculable en bo\u00eete rose (titane), 800ml, 5+1 gratuit - Praktivak","isPartOf":{"@id":"https:\/\/www.praktivak.be\/fr\/#website"},"primaryImageOfPage":{"@id":"https:\/\/www.praktivak.be\/fr\/produit\/depiluxe-cire-pelliculable-en-boite-rose-titane-800ml-51-gratuit\/#primaryimage"},"image":{"@id":"https:\/\/www.praktivak.be\/fr\/produit\/depiluxe-cire-pelliculable-en-boite-rose-titane-800ml-51-gratuit\/#primaryimage"},"thumbnailUrl":"https:\/\/www.praktivak.be\/wp-content\/uploads\/2026\/03\/xi930613-6-1.webp","datePublished":"2026-03-20T13:14:36+00:00","dateModified":"2026-04-12T03:01:23+00:00","breadcrumb":{"@id":"https:\/\/www.praktivak.be\/fr\/produit\/depiluxe-cire-pelliculable-en-boite-rose-titane-800ml-51-gratuit\/#breadcrumb"},"inLanguage":"fr-FR","potentialAction":[{"@type":"ReadAction","target":["https:\/\/www.praktivak.be\/fr\/produit\/depiluxe-cire-pelliculable-en-boite-rose-titane-800ml-51-gratuit\/"]}]},{"@type":"ImageObject","inLanguage":"fr-FR","@id":"https:\/\/www.praktivak.be\/fr\/produit\/depiluxe-cire-pelliculable-en-boite-rose-titane-800ml-51-gratuit\/#primaryimage","url":"https:\/\/www.praktivak.be\/wp-content\/uploads\/2026\/03\/xi930613-6-1.webp","contentUrl":"https:\/\/www.praktivak.be\/wp-content\/uploads\/2026\/03\/xi930613-6-1.webp","width":1080,"height":1080,"caption":"Depiluxe filmhars in blik roze (titanium), 800ml, 5+1 gratis"},{"@type":"BreadcrumbList","@id":"https:\/\/www.praktivak.be\/fr\/produit\/depiluxe-cire-pelliculable-en-boite-rose-titane-800ml-51-gratuit\/#breadcrumb","itemListElement":[{"@type":"ListItem","position":1,"name":"Home","item":"https:\/\/www.praktivak.be\/fr\/"},{"@type":"ListItem","position":2,"name":"Boutique","item":"https:\/\/www.praktivak.be\/fr\/boutique\/"},{"@type":"ListItem","position":3,"name":"Depiluxe cire pelliculable en bo\u00eete rose (titane), 800ml, 5+1 gratuit"}]},{"@type":"WebSite","@id":"https:\/\/www.praktivak.be\/fr\/#website","url":"https:\/\/www.praktivak.be\/fr\/","name":"Praktivak","description":"","publisher":{"@id":"https:\/\/www.praktivak.be\/fr\/#organization"},"potentialAction":[{"@type":"SearchAction","target":{"@type":"EntryPoint","urlTemplate":"https:\/\/www.praktivak.be\/fr\/?s={search_term_string}"},"query-input":{"@type":"PropertyValueSpecification","valueRequired":true,"valueName":"search_term_string"}}],"inLanguage":"fr-FR"},{"@type":"Organization","@id":"https:\/\/www.praktivak.be\/fr\/#organization","name":"Praktivak","url":"https:\/\/www.praktivak.be\/fr\/","logo":{"@type":"ImageObject","inLanguage":"fr-FR","@id":"https:\/\/www.praktivak.be\/fr\/#\/schema\/logo\/image\/","url":"https:\/\/www.praktivak.be\/wp-content\/uploads\/2024\/09\/Logo.png","contentUrl":"https:\/\/www.praktivak.be\/wp-content\/uploads\/2024\/09\/Logo.png","width":1774,"height":337,"caption":"Praktivak"},"image":{"@id":"https:\/\/www.praktivak.be\/fr\/#\/schema\/logo\/image\/"}}]}},"featured_img":"https:\/\/www.praktivak.be\/wp-content\/uploads\/2026\/03\/xi930613-6-1.webp","coauthors":[],"author_meta":{"author_link":"https:\/\/www.praktivak.be\/fr\/author\/madeit\/","display_name":"Tjebbe Lievens"},"relative_dates":{"created":"Publi\u00e9 3 semaines il y a","modified":"Mis \u00e0 jour 9 heures il y a"},"absolute_dates":{"created":"Publi\u00e9 le 20 mars 2026","modified":"Mise \u00e0 jour le 12 avril 2026"},"absolute_dates_time":{"created":"Publi\u00e9 le 20 mars 2026 14h14","modified":"Mise \u00e0 jour le 12 avril 2026 5h01"},"featured_img_caption":"","tax_additional":{"product_brand":{"linked":[],"unlinked":[],"slug":"product_brand","name":"Marques"},"product_type":{"linked":["<a href=\"https:\/\/www.praktivak.be\/fr\/?taxonomy=product_type&#038;term=simple\" class=\"advgb-post-tax-term\">simple<\/a>"],"unlinked":["<span class=\"advgb-post-tax-term\">simple<\/span>"],"slug":"product_type","name":"Type de produit"},"product_visibility":{"linked":[],"unlinked":[],"slug":"product_visibility","name":"Visibilit\u00e9 du produit"},"product_cat":{"linked":["<a href=\"https:\/\/www.praktivak.be\/fr\/categorie-de-produit\/ontharing-fr\/depiluxe-fr\/filmharskorrels-fr\/\" class=\"advgb-post-tax-term\">Perles de r\u00e9sine en film<\/a>"],"unlinked":["<span class=\"advgb-post-tax-term\">Perles de r\u00e9sine en film<\/span>"],"slug":"product_cat","name":"Cat\u00e9gories de produits"},"product_tag":{"linked":[],"unlinked":[],"slug":"product_tag","name":"\u00c9tiquettes produit"},"product_shipping_class":{"linked":[],"unlinked":[],"slug":"product_shipping_class","name":"Classe d\u2019exp\u00e9dition du produit"},"pos_product_visibility":{"linked":[],"unlinked":[],"slug":"pos_product_visibility","name":"Visibilit\u00e9 du produit sur le point de vente"},"translation_priority":{"linked":[],"unlinked":[],"slug":"translation_priority","name":"Priorit\u00e9s de traduction"}},"series_order":"","_links":{"self":[{"href":"https:\/\/www.praktivak.be\/fr\/wp-json\/wp\/v2\/product\/349688","targetHints":{"allow":["GET"]}}],"collection":[{"href":"https:\/\/www.praktivak.be\/fr\/wp-json\/wp\/v2\/product"}],"about":[{"href":"https:\/\/www.praktivak.be\/fr\/wp-json\/wp\/v2\/types\/product"}],"version-history":[{"count":19,"href":"https:\/\/www.praktivak.be\/fr\/wp-json\/wp\/v2\/product\/349688\/revisions"}],"predecessor-version":[{"id":360380,"href":"https:\/\/www.praktivak.be\/fr\/wp-json\/wp\/v2\/product\/349688\/revisions\/360380"}],"wp:featuredmedia":[{"embeddable":true,"href":"https:\/\/www.praktivak.be\/fr\/wp-json\/wp\/v2\/media\/351803"}],"wp:attachment":[{"href":"https:\/\/www.praktivak.be\/fr\/wp-json\/wp\/v2\/media?parent=349688"}],"wp:term":[{"taxonomy":"product_brand","embeddable":true,"href":"https:\/\/www.praktivak.be\/fr\/wp-json\/wp\/v2\/product_brand?post=349688"},{"taxonomy":"product_cat","embeddable":true,"href":"https:\/\/www.praktivak.be\/fr\/wp-json\/wp\/v2\/product_cat?post=349688"},{"taxonomy":"product_tag","embeddable":true,"href":"https:\/\/www.praktivak.be\/fr\/wp-json\/wp\/v2\/product_tag?post=349688"}],"curies":[{"name":"wp","href":"https:\/\/api.w.org\/{rel}","templated":true}]}}