

{"id":349680,"date":"2026-03-20T14:14:26","date_gmt":"2026-03-20T13:14:26","guid":{"rendered":"https:\/\/www.praktivak.be\/product\/depiluxe-filmhars-in-blik-groen-chlorophyll-800ml-51-gratis\/"},"modified":"2026-03-23T12:33:21","modified_gmt":"2026-03-23T11:33:21","slug":"depiluxe-filmhars-in-blik-groen-chlorophyll-800ml-51-gratis","status":"publish","type":"product","link":"https:\/\/www.praktivak.be\/fr\/produit\/depiluxe-filmhars-in-blik-groen-chlorophyll-800ml-51-gratis\/","title":{"rendered":"Depiluxe filmhars in blik groen (chlorophyll), 800ml, 5+1 gratis"},"content":{"rendered":"\n<p data-oe-version=\"1.2\">De waxen in het &ldquo;Brasilian System&rdquo; no-strip verwijderingssysteem, lauwwarm op de huid, verwijden de haarpori&euml;n. Het haar wordt voorzichtig bij de wortel verwijderd, ideaal voor gevoelige zones, gemakkelijk uitsmeerbaar en elastisch, perfecte resultaten met slechts een dun laagje. Dun en elastisch, barst niet, langere tijd tussen ontharingsbeurten, eenmalig gebruik voor meer hygi&euml;ne, hoge biologische afbreekbaarheid.<\/p>\n<p>De groene hars met chlorophyll bevat hoogwaardige cera alba\/bijenwas en glycerine rosinaat en is geschikt voor zowel grotere oppervlakken als voor gebruik op kleinere of gevoeligere delen van het lichaam.<\/p>\n<p>De pelables zijn de nieuwste innovatie op het gebied van harsen zonder strip. De pelables zijn op basis van 100% natuurlijke hars van de dennenboom. Deze harssoort wordt ook wel &nbsp;&raquo;filmhars&nbsp;&raquo; genoemd. Dit omdat de hars als zeer dunne laagjes wordt aangebracht.<\/p>\n<p>De hars is zeer flexibel en brengt gemakkelijk aan. De pelables hars-methode is minder pijnlijk dan andere methoden, het kleeft eerder aan het haar dan de huid. De hars heeft een goede grip op fijne haartjes en kan lauwwarm worden aangebracht. <\/p>\n<p><strong><u>Eigenschappen:<\/u><\/strong><\/p>\n<p>\n&ndash; geschikt voor fijn haar<\/p>\n<p>\n&ndash; geschikt voor de gevoellige huid<\/p>\n<p>\n&ndash; dunne laag aanbrengen<\/p>\n<p>\n&ndash; met de haargroei mee aanbrengen, tegen de haargroeirichting verwijderen. <\/p>\n<p>\n&ndash; zonder strip te gebruiken<\/p>\n<p><\/p>\n\n","protected":false},"excerpt":{"rendered":"<p>De waxen in het &ldquo;Brasilian System&rdquo; no-strip verwijderingssysteem, lauwwarm op de huid, verwijden de haarpori&euml;n. Het haar wordt voorzichtig bij de wortel verwijderd, ideaal voor gevoelige zones, gemakkelijk uitsmeerbaar en elastisch, perfecte resultaten met slechts een dun laagje. Dun en elastisch, barst niet, langere tijd tussen ontharingsbeurten, eenmalig gebruik voor meer hygi&euml;ne, hoge biologische afbreekbaarheid. &hellip; <\/p>\n<p class=\"link-more\"><a href=\"https:\/\/www.praktivak.be\/fr\/produit\/depiluxe-filmhars-in-blik-groen-chlorophyll-800ml-51-gratis\/\" class=\"more-link\">Continuer la lecture<span class=\"screen-reader-text\"> \u00ab\u00a0Depiluxe filmhars in blik groen (chlorophyll), 800ml, 5+1 gratis\u00a0\u00bb<\/span><\/a><\/p>\n","protected":false},"author":1,"featured_media":351789,"template":"","meta":{"_acf_changed":false,"_relevanssi_hide_post":"","_relevanssi_hide_content":"","_relevanssi_pin_for_all":"","_relevanssi_pin_keywords":"","_relevanssi_unpin_keywords":"","_relevanssi_related_keywords":"","_relevanssi_related_include_ids":"","_relevanssi_related_exclude_ids":"","_relevanssi_related_no_append":"","_relevanssi_related_not_related":"","_relevanssi_related_posts":"","_relevanssi_noindex_reason":"","advgb_blocks_editor_width":"","advgb_blocks_columns_visual_guide":"","footnotes":""},"product_brand":[],"product_cat":[2104],"product_tag":[],"class_list":{"0":"post-349680","1":"product","2":"type-product","3":"status-publish","4":"has-post-thumbnail","6":"product_cat-filmharskorrels-fr","8":"first","9":"instock","10":"sale","11":"taxable","12":"shipping-taxable","13":"product-type-simple"},"acf":[],"yoast_head":"<!-- This site is optimized with the Yoast SEO plugin v27.2 - https:\/\/yoast.com\/product\/yoast-seo-wordpress\/ -->\n<title>Depiluxe filmhars in blik groen (chlorophyll), 800ml, 5+1 gratis - Praktivak<\/title>\n<meta name=\"robots\" content=\"index, follow, max-snippet:-1, max-image-preview:large, max-video-preview:-1\" \/>\n<link rel=\"canonical\" href=\"https:\/\/www.praktivak.be\/fr\/produit\/depiluxe-filmhars-in-blik-groen-chlorophyll-800ml-51-gratis\/\" \/>\n<meta property=\"og:locale\" content=\"fr_FR\" \/>\n<meta property=\"og:type\" content=\"article\" \/>\n<meta property=\"og:title\" content=\"Depiluxe filmhars in blik groen (chlorophyll), 800ml, 5+1 gratis - Praktivak\" \/>\n<meta property=\"og:description\" content=\"De waxen in het &ldquo;Brasilian System&rdquo; no-strip verwijderingssysteem, lauwwarm op de huid, verwijden de haarpori&euml;n. Het haar wordt voorzichtig bij de wortel verwijderd, ideaal voor gevoelige zones, gemakkelijk uitsmeerbaar en elastisch, perfecte resultaten met slechts een dun laagje. Dun en elastisch, barst niet, langere tijd tussen ontharingsbeurten, eenmalig gebruik voor meer hygi&euml;ne, hoge biologische afbreekbaarheid. &hellip; Continuer la lecture &quot;Depiluxe filmhars in blik groen (chlorophyll), 800ml, 5+1 gratis&quot;\" \/>\n<meta property=\"og:url\" content=\"https:\/\/www.praktivak.be\/fr\/produit\/depiluxe-filmhars-in-blik-groen-chlorophyll-800ml-51-gratis\/\" \/>\n<meta property=\"og:site_name\" content=\"Praktivak\" \/>\n<meta property=\"article:modified_time\" content=\"2026-03-23T11:33:21+00:00\" \/>\n<meta property=\"og:image\" content=\"https:\/\/www.praktivak.be\/wp-content\/uploads\/2026\/03\/xi930611-6-2.webp\" \/>\n\t<meta property=\"og:image:width\" content=\"1080\" \/>\n\t<meta property=\"og:image:height\" content=\"1080\" \/>\n\t<meta property=\"og:image:type\" content=\"image\/webp\" \/>\n<meta name=\"twitter:card\" content=\"summary_large_image\" \/>\n<meta name=\"twitter:label1\" content=\"Dur\u00e9e de lecture estim\u00e9e\" \/>\n\t<meta name=\"twitter:data1\" content=\"1 minute\" \/>\n<script type=\"application\/ld+json\" class=\"yoast-schema-graph\">{\"@context\":\"https:\/\/schema.org\",\"@graph\":[{\"@type\":\"WebPage\",\"@id\":\"https:\/\/www.praktivak.be\/fr\/produit\/depiluxe-filmhars-in-blik-groen-chlorophyll-800ml-51-gratis\/\",\"url\":\"https:\/\/www.praktivak.be\/fr\/produit\/depiluxe-filmhars-in-blik-groen-chlorophyll-800ml-51-gratis\/\",\"name\":\"Depiluxe filmhars in blik groen (chlorophyll), 800ml, 5+1 gratis - Praktivak\",\"isPartOf\":{\"@id\":\"https:\/\/www.praktivak.be\/fr\/#website\"},\"primaryImageOfPage\":{\"@id\":\"https:\/\/www.praktivak.be\/fr\/produit\/depiluxe-filmhars-in-blik-groen-chlorophyll-800ml-51-gratis\/#primaryimage\"},\"image\":{\"@id\":\"https:\/\/www.praktivak.be\/fr\/produit\/depiluxe-filmhars-in-blik-groen-chlorophyll-800ml-51-gratis\/#primaryimage\"},\"thumbnailUrl\":\"https:\/\/www.praktivak.be\/wp-content\/uploads\/2026\/03\/xi930611-6-2.webp\",\"datePublished\":\"2026-03-20T13:14:26+00:00\",\"dateModified\":\"2026-03-23T11:33:21+00:00\",\"breadcrumb\":{\"@id\":\"https:\/\/www.praktivak.be\/fr\/produit\/depiluxe-filmhars-in-blik-groen-chlorophyll-800ml-51-gratis\/#breadcrumb\"},\"inLanguage\":\"fr-FR\",\"potentialAction\":[{\"@type\":\"ReadAction\",\"target\":[\"https:\/\/www.praktivak.be\/fr\/produit\/depiluxe-filmhars-in-blik-groen-chlorophyll-800ml-51-gratis\/\"]}]},{\"@type\":\"ImageObject\",\"inLanguage\":\"fr-FR\",\"@id\":\"https:\/\/www.praktivak.be\/fr\/produit\/depiluxe-filmhars-in-blik-groen-chlorophyll-800ml-51-gratis\/#primaryimage\",\"url\":\"https:\/\/www.praktivak.be\/wp-content\/uploads\/2026\/03\/xi930611-6-2.webp\",\"contentUrl\":\"https:\/\/www.praktivak.be\/wp-content\/uploads\/2026\/03\/xi930611-6-2.webp\",\"width\":1080,\"height\":1080,\"caption\":\"Depiluxe filmhars in blik groen (chlorophyll), 800ml, 5+1 gratis\"},{\"@type\":\"BreadcrumbList\",\"@id\":\"https:\/\/www.praktivak.be\/fr\/produit\/depiluxe-filmhars-in-blik-groen-chlorophyll-800ml-51-gratis\/#breadcrumb\",\"itemListElement\":[{\"@type\":\"ListItem\",\"position\":1,\"name\":\"Home\",\"item\":\"https:\/\/www.praktivak.be\/fr\/\"},{\"@type\":\"ListItem\",\"position\":2,\"name\":\"Boutique\",\"item\":\"https:\/\/www.praktivak.be\/fr\/boutique\/\"},{\"@type\":\"ListItem\",\"position\":3,\"name\":\"Depiluxe filmhars in blik groen (chlorophyll), 800ml, 5+1 gratis\"}]},{\"@type\":\"WebSite\",\"@id\":\"https:\/\/www.praktivak.be\/fr\/#website\",\"url\":\"https:\/\/www.praktivak.be\/fr\/\",\"name\":\"Praktivak\",\"description\":\"\",\"publisher\":{\"@id\":\"https:\/\/www.praktivak.be\/fr\/#organization\"},\"potentialAction\":[{\"@type\":\"SearchAction\",\"target\":{\"@type\":\"EntryPoint\",\"urlTemplate\":\"https:\/\/www.praktivak.be\/fr\/?s={search_term_string}\"},\"query-input\":{\"@type\":\"PropertyValueSpecification\",\"valueRequired\":true,\"valueName\":\"search_term_string\"}}],\"inLanguage\":\"fr-FR\"},{\"@type\":\"Organization\",\"@id\":\"https:\/\/www.praktivak.be\/fr\/#organization\",\"name\":\"Praktivak\",\"url\":\"https:\/\/www.praktivak.be\/fr\/\",\"logo\":{\"@type\":\"ImageObject\",\"inLanguage\":\"fr-FR\",\"@id\":\"https:\/\/www.praktivak.be\/fr\/#\/schema\/logo\/image\/\",\"url\":\"https:\/\/www.praktivak.be\/wp-content\/uploads\/2024\/09\/Logo.png\",\"contentUrl\":\"https:\/\/www.praktivak.be\/wp-content\/uploads\/2024\/09\/Logo.png\",\"width\":1774,\"height\":337,\"caption\":\"Praktivak\"},\"image\":{\"@id\":\"https:\/\/www.praktivak.be\/fr\/#\/schema\/logo\/image\/\"}}]}<\/script>\n<!-- \/ Yoast SEO plugin. -->","yoast_head_json":{"title":"Depiluxe filmhars in blik groen (chlorophyll), 800ml, 5+1 gratis - Praktivak","robots":{"index":"index","follow":"follow","max-snippet":"max-snippet:-1","max-image-preview":"max-image-preview:large","max-video-preview":"max-video-preview:-1"},"canonical":"https:\/\/www.praktivak.be\/fr\/produit\/depiluxe-filmhars-in-blik-groen-chlorophyll-800ml-51-gratis\/","og_locale":"fr_FR","og_type":"article","og_title":"Depiluxe filmhars in blik groen (chlorophyll), 800ml, 5+1 gratis - Praktivak","og_description":"De waxen in het &ldquo;Brasilian System&rdquo; no-strip verwijderingssysteem, lauwwarm op de huid, verwijden de haarpori&euml;n. Het haar wordt voorzichtig bij de wortel verwijderd, ideaal voor gevoelige zones, gemakkelijk uitsmeerbaar en elastisch, perfecte resultaten met slechts een dun laagje. Dun en elastisch, barst niet, langere tijd tussen ontharingsbeurten, eenmalig gebruik voor meer hygi&euml;ne, hoge biologische afbreekbaarheid. &hellip; Continuer la lecture \"Depiluxe filmhars in blik groen (chlorophyll), 800ml, 5+1 gratis\"","og_url":"https:\/\/www.praktivak.be\/fr\/produit\/depiluxe-filmhars-in-blik-groen-chlorophyll-800ml-51-gratis\/","og_site_name":"Praktivak","article_modified_time":"2026-03-23T11:33:21+00:00","og_image":[{"width":1080,"height":1080,"url":"https:\/\/www.praktivak.be\/wp-content\/uploads\/2026\/03\/xi930611-6-2.webp","type":"image\/webp"}],"twitter_card":"summary_large_image","twitter_misc":{"Dur\u00e9e de lecture estim\u00e9e":"1 minute"},"schema":{"@context":"https:\/\/schema.org","@graph":[{"@type":"WebPage","@id":"https:\/\/www.praktivak.be\/fr\/produit\/depiluxe-filmhars-in-blik-groen-chlorophyll-800ml-51-gratis\/","url":"https:\/\/www.praktivak.be\/fr\/produit\/depiluxe-filmhars-in-blik-groen-chlorophyll-800ml-51-gratis\/","name":"Depiluxe filmhars in blik groen (chlorophyll), 800ml, 5+1 gratis - Praktivak","isPartOf":{"@id":"https:\/\/www.praktivak.be\/fr\/#website"},"primaryImageOfPage":{"@id":"https:\/\/www.praktivak.be\/fr\/produit\/depiluxe-filmhars-in-blik-groen-chlorophyll-800ml-51-gratis\/#primaryimage"},"image":{"@id":"https:\/\/www.praktivak.be\/fr\/produit\/depiluxe-filmhars-in-blik-groen-chlorophyll-800ml-51-gratis\/#primaryimage"},"thumbnailUrl":"https:\/\/www.praktivak.be\/wp-content\/uploads\/2026\/03\/xi930611-6-2.webp","datePublished":"2026-03-20T13:14:26+00:00","dateModified":"2026-03-23T11:33:21+00:00","breadcrumb":{"@id":"https:\/\/www.praktivak.be\/fr\/produit\/depiluxe-filmhars-in-blik-groen-chlorophyll-800ml-51-gratis\/#breadcrumb"},"inLanguage":"fr-FR","potentialAction":[{"@type":"ReadAction","target":["https:\/\/www.praktivak.be\/fr\/produit\/depiluxe-filmhars-in-blik-groen-chlorophyll-800ml-51-gratis\/"]}]},{"@type":"ImageObject","inLanguage":"fr-FR","@id":"https:\/\/www.praktivak.be\/fr\/produit\/depiluxe-filmhars-in-blik-groen-chlorophyll-800ml-51-gratis\/#primaryimage","url":"https:\/\/www.praktivak.be\/wp-content\/uploads\/2026\/03\/xi930611-6-2.webp","contentUrl":"https:\/\/www.praktivak.be\/wp-content\/uploads\/2026\/03\/xi930611-6-2.webp","width":1080,"height":1080,"caption":"Depiluxe filmhars in blik groen (chlorophyll), 800ml, 5+1 gratis"},{"@type":"BreadcrumbList","@id":"https:\/\/www.praktivak.be\/fr\/produit\/depiluxe-filmhars-in-blik-groen-chlorophyll-800ml-51-gratis\/#breadcrumb","itemListElement":[{"@type":"ListItem","position":1,"name":"Home","item":"https:\/\/www.praktivak.be\/fr\/"},{"@type":"ListItem","position":2,"name":"Boutique","item":"https:\/\/www.praktivak.be\/fr\/boutique\/"},{"@type":"ListItem","position":3,"name":"Depiluxe filmhars in blik groen (chlorophyll), 800ml, 5+1 gratis"}]},{"@type":"WebSite","@id":"https:\/\/www.praktivak.be\/fr\/#website","url":"https:\/\/www.praktivak.be\/fr\/","name":"Praktivak","description":"","publisher":{"@id":"https:\/\/www.praktivak.be\/fr\/#organization"},"potentialAction":[{"@type":"SearchAction","target":{"@type":"EntryPoint","urlTemplate":"https:\/\/www.praktivak.be\/fr\/?s={search_term_string}"},"query-input":{"@type":"PropertyValueSpecification","valueRequired":true,"valueName":"search_term_string"}}],"inLanguage":"fr-FR"},{"@type":"Organization","@id":"https:\/\/www.praktivak.be\/fr\/#organization","name":"Praktivak","url":"https:\/\/www.praktivak.be\/fr\/","logo":{"@type":"ImageObject","inLanguage":"fr-FR","@id":"https:\/\/www.praktivak.be\/fr\/#\/schema\/logo\/image\/","url":"https:\/\/www.praktivak.be\/wp-content\/uploads\/2024\/09\/Logo.png","contentUrl":"https:\/\/www.praktivak.be\/wp-content\/uploads\/2024\/09\/Logo.png","width":1774,"height":337,"caption":"Praktivak"},"image":{"@id":"https:\/\/www.praktivak.be\/fr\/#\/schema\/logo\/image\/"}}]}},"featured_img":"https:\/\/www.praktivak.be\/wp-content\/uploads\/2026\/03\/xi930611-6-2.webp","coauthors":[],"author_meta":{"author_link":"https:\/\/www.praktivak.be\/fr\/author\/madeit\/","display_name":"Tjebbe Lievens"},"relative_dates":{"created":"Publi\u00e9 3 semaines il y a","modified":"Mis \u00e0 jour 3 semaines il y a"},"absolute_dates":{"created":"Publi\u00e9 le 20 mars 2026","modified":"Mise \u00e0 jour le 23 mars 2026"},"absolute_dates_time":{"created":"Publi\u00e9 le 20 mars 2026 14h14","modified":"Mise \u00e0 jour le 23 mars 2026 12h33"},"featured_img_caption":"","tax_additional":{"product_brand":{"linked":[],"unlinked":[],"slug":"product_brand","name":"Marques"},"product_type":{"linked":["<a href=\"https:\/\/www.praktivak.be\/fr\/?taxonomy=product_type&#038;term=simple\" class=\"advgb-post-tax-term\">simple<\/a>"],"unlinked":["<span class=\"advgb-post-tax-term\">simple<\/span>"],"slug":"product_type","name":"Type de produit"},"product_visibility":{"linked":[],"unlinked":[],"slug":"product_visibility","name":"Visibilit\u00e9 du produit"},"product_cat":{"linked":["<a href=\"https:\/\/www.praktivak.be\/fr\/categorie-de-produit\/ontharing-fr\/depiluxe-fr\/filmharskorrels-fr\/\" class=\"advgb-post-tax-term\">Perles de r\u00e9sine en film<\/a>"],"unlinked":["<span class=\"advgb-post-tax-term\">Perles de r\u00e9sine en film<\/span>"],"slug":"product_cat","name":"Cat\u00e9gories de produits"},"product_tag":{"linked":[],"unlinked":[],"slug":"product_tag","name":"\u00c9tiquettes produit"},"product_shipping_class":{"linked":[],"unlinked":[],"slug":"product_shipping_class","name":"Classe d\u2019exp\u00e9dition du produit"},"pos_product_visibility":{"linked":[],"unlinked":[],"slug":"pos_product_visibility","name":"Visibilit\u00e9 du produit sur le point de vente"},"translation_priority":{"linked":[],"unlinked":[],"slug":"translation_priority","name":"Priorit\u00e9s de traduction"}},"series_order":"","_links":{"self":[{"href":"https:\/\/www.praktivak.be\/fr\/wp-json\/wp\/v2\/product\/349680","targetHints":{"allow":["GET"]}}],"collection":[{"href":"https:\/\/www.praktivak.be\/fr\/wp-json\/wp\/v2\/product"}],"about":[{"href":"https:\/\/www.praktivak.be\/fr\/wp-json\/wp\/v2\/types\/product"}],"version-history":[{"count":106,"href":"https:\/\/www.praktivak.be\/fr\/wp-json\/wp\/v2\/product\/349680\/revisions"}],"predecessor-version":[{"id":352028,"href":"https:\/\/www.praktivak.be\/fr\/wp-json\/wp\/v2\/product\/349680\/revisions\/352028"}],"wp:featuredmedia":[{"embeddable":true,"href":"https:\/\/www.praktivak.be\/fr\/wp-json\/wp\/v2\/media\/351789"}],"wp:attachment":[{"href":"https:\/\/www.praktivak.be\/fr\/wp-json\/wp\/v2\/media?parent=349680"}],"wp:term":[{"taxonomy":"product_brand","embeddable":true,"href":"https:\/\/www.praktivak.be\/fr\/wp-json\/wp\/v2\/product_brand?post=349680"},{"taxonomy":"product_cat","embeddable":true,"href":"https:\/\/www.praktivak.be\/fr\/wp-json\/wp\/v2\/product_cat?post=349680"},{"taxonomy":"product_tag","embeddable":true,"href":"https:\/\/www.praktivak.be\/fr\/wp-json\/wp\/v2\/product_tag?post=349680"}],"curies":[{"name":"wp","href":"https:\/\/api.w.org\/{rel}","templated":true}]}}