

{"id":349610,"date":"2026-03-20T14:10:19","date_gmt":"2026-03-20T13:10:19","guid":{"rendered":"https:\/\/www.praktivak.be\/product\/depiluxe-harspatroon-roze-titanium-100ml-102-gratis\/"},"modified":"2026-04-11T05:00:38","modified_gmt":"2026-04-11T03:00:38","slug":"depiluxe-cartouche-de-cire-rose-titane-100ml-102-gratuit","status":"publish","type":"product","link":"https:\/\/www.praktivak.be\/fr\/produit\/depiluxe-cartouche-de-cire-rose-titane-100ml-102-gratuit\/","title":{"rendered":"Depiluxe cartouche de cire rose (titane) 100ml, 10+2 gratuit"},"content":{"rendered":"\n<p data-oe-version=\"1.2\"><\/p>\n<p>\nCartouche de cire&nbsp;Depiluxe de 100 ml avec rouleau fix&eacute; sur le dessus.<\/p>\n<p>La cire&nbsp;de titane rose convient particuli&egrave;rement aux peaux tr&egrave;s sensibles. L&rsquo;ajout de dioxyde de titane rend cette cire&nbsp;d&rsquo;&eacute;pilation particuli&egrave;rement adapt&eacute;e aux peaux tr&egrave;s fines, aux peaux &acirc;g&eacute;es, aux peaux bronz&eacute;es ou aux peaux endommag&eacute;es par le soleil. Le titane (TiO2) rose colle moins &agrave; la peau que les autres cires&nbsp;d&rsquo;&eacute;pilation.<\/p>\n\n","protected":false},"excerpt":{"rendered":"<p>Cartouche de cire&nbsp;Depiluxe de 100 ml avec rouleau fix&eacute; sur le dessus. La cire&nbsp;de titane rose convient particuli&egrave;rement aux peaux tr&egrave;s sensibles. L&rsquo;ajout de dioxyde de titane rend cette cire&nbsp;d&rsquo;&eacute;pilation particuli&egrave;rement adapt&eacute;e aux peaux tr&egrave;s fines, aux peaux &acirc;g&eacute;es, aux peaux bronz&eacute;es ou aux peaux endommag&eacute;es par le soleil. Le titane (TiO2) rose colle moins &hellip; <\/p>\n<p class=\"link-more\"><a href=\"https:\/\/www.praktivak.be\/fr\/produit\/depiluxe-cartouche-de-cire-rose-titane-100ml-102-gratuit\/\" class=\"more-link\">Continuer la lecture<span class=\"screen-reader-text\"> \u00ab\u00a0Depiluxe cartouche de cire rose (titane) 100ml, 10+2 gratuit\u00a0\u00bb<\/span><\/a><\/p>\n","protected":false},"author":1,"featured_media":353728,"template":"","meta":{"_acf_changed":false,"_relevanssi_hide_post":"","_relevanssi_hide_content":"","_relevanssi_pin_for_all":"","_relevanssi_pin_keywords":"","_relevanssi_unpin_keywords":"","_relevanssi_related_keywords":"","_relevanssi_related_include_ids":"","_relevanssi_related_exclude_ids":"","_relevanssi_related_no_append":"","_relevanssi_related_not_related":"","_relevanssi_related_posts":"","_relevanssi_noindex_reason":"","advgb_blocks_editor_width":"","advgb_blocks_columns_visual_guide":"","footnotes":""},"product_brand":[],"product_cat":[2102],"product_tag":[],"class_list":{"0":"post-349610","1":"product","2":"type-product","3":"status-publish","4":"has-post-thumbnail","6":"product_cat-cartridges-depiluxe-fr","8":"first","9":"instock","10":"taxable","11":"shipping-taxable","12":"product-type-simple"},"acf":[],"yoast_head":"<!-- This site is optimized with the Yoast SEO plugin v27.2 - https:\/\/yoast.com\/product\/yoast-seo-wordpress\/ -->\n<title>Depiluxe cartouche de cire rose (titane) 100ml, 10+2 gratuit - Praktivak<\/title>\n<meta name=\"robots\" content=\"index, follow, max-snippet:-1, max-image-preview:large, max-video-preview:-1\" \/>\n<link rel=\"canonical\" href=\"https:\/\/www.praktivak.be\/fr\/produit\/depiluxe-cartouche-de-cire-rose-titane-100ml-102-gratuit\/\" \/>\n<meta property=\"og:locale\" content=\"fr_FR\" \/>\n<meta property=\"og:type\" content=\"article\" \/>\n<meta property=\"og:title\" content=\"Depiluxe cartouche de cire rose (titane) 100ml, 10+2 gratuit - Praktivak\" \/>\n<meta property=\"og:description\" content=\"Cartouche de cire&nbsp;Depiluxe de 100 ml avec rouleau fix&eacute; sur le dessus. La cire&nbsp;de titane rose convient particuli&egrave;rement aux peaux tr&egrave;s sensibles. L&rsquo;ajout de dioxyde de titane rend cette cire&nbsp;d&rsquo;&eacute;pilation particuli&egrave;rement adapt&eacute;e aux peaux tr&egrave;s fines, aux peaux &acirc;g&eacute;es, aux peaux bronz&eacute;es ou aux peaux endommag&eacute;es par le soleil. Le titane (TiO2) rose colle moins &hellip; Continuer la lecture &quot;Depiluxe cartouche de cire rose (titane) 100ml, 10+2 gratuit&quot;\" \/>\n<meta property=\"og:url\" content=\"https:\/\/www.praktivak.be\/fr\/produit\/depiluxe-cartouche-de-cire-rose-titane-100ml-102-gratuit\/\" \/>\n<meta property=\"og:site_name\" content=\"Praktivak\" \/>\n<meta property=\"article:modified_time\" content=\"2026-04-11T03:00:38+00:00\" \/>\n<meta property=\"og:image\" content=\"https:\/\/www.praktivak.be\/wp-content\/uploads\/2026\/03\/xi930001-12-1.webp\" \/>\n\t<meta property=\"og:image:width\" content=\"1080\" \/>\n\t<meta property=\"og:image:height\" content=\"1080\" \/>\n\t<meta property=\"og:image:type\" content=\"image\/webp\" \/>\n<meta name=\"twitter:card\" content=\"summary_large_image\" \/>\n<script type=\"application\/ld+json\" class=\"yoast-schema-graph\">{\"@context\":\"https:\/\/schema.org\",\"@graph\":[{\"@type\":\"WebPage\",\"@id\":\"https:\/\/www.praktivak.be\/fr\/produit\/depiluxe-cartouche-de-cire-rose-titane-100ml-102-gratuit\/\",\"url\":\"https:\/\/www.praktivak.be\/fr\/produit\/depiluxe-cartouche-de-cire-rose-titane-100ml-102-gratuit\/\",\"name\":\"Depiluxe cartouche de cire rose (titane) 100ml, 10+2 gratuit - Praktivak\",\"isPartOf\":{\"@id\":\"https:\/\/www.praktivak.be\/fr\/#website\"},\"primaryImageOfPage\":{\"@id\":\"https:\/\/www.praktivak.be\/fr\/produit\/depiluxe-cartouche-de-cire-rose-titane-100ml-102-gratuit\/#primaryimage\"},\"image\":{\"@id\":\"https:\/\/www.praktivak.be\/fr\/produit\/depiluxe-cartouche-de-cire-rose-titane-100ml-102-gratuit\/#primaryimage\"},\"thumbnailUrl\":\"https:\/\/www.praktivak.be\/wp-content\/uploads\/2026\/03\/xi930001-12-1.webp\",\"datePublished\":\"2026-03-20T13:10:19+00:00\",\"dateModified\":\"2026-04-11T03:00:38+00:00\",\"breadcrumb\":{\"@id\":\"https:\/\/www.praktivak.be\/fr\/produit\/depiluxe-cartouche-de-cire-rose-titane-100ml-102-gratuit\/#breadcrumb\"},\"inLanguage\":\"fr-FR\",\"potentialAction\":[{\"@type\":\"ReadAction\",\"target\":[\"https:\/\/www.praktivak.be\/fr\/produit\/depiluxe-cartouche-de-cire-rose-titane-100ml-102-gratuit\/\"]}]},{\"@type\":\"ImageObject\",\"inLanguage\":\"fr-FR\",\"@id\":\"https:\/\/www.praktivak.be\/fr\/produit\/depiluxe-cartouche-de-cire-rose-titane-100ml-102-gratuit\/#primaryimage\",\"url\":\"https:\/\/www.praktivak.be\/wp-content\/uploads\/2026\/03\/xi930001-12-1.webp\",\"contentUrl\":\"https:\/\/www.praktivak.be\/wp-content\/uploads\/2026\/03\/xi930001-12-1.webp\",\"width\":1080,\"height\":1080,\"caption\":\"Depiluxe harspatroon roze (titanium), 100ml, 10+2 gratis\"},{\"@type\":\"BreadcrumbList\",\"@id\":\"https:\/\/www.praktivak.be\/fr\/produit\/depiluxe-cartouche-de-cire-rose-titane-100ml-102-gratuit\/#breadcrumb\",\"itemListElement\":[{\"@type\":\"ListItem\",\"position\":1,\"name\":\"Home\",\"item\":\"https:\/\/www.praktivak.be\/fr\/\"},{\"@type\":\"ListItem\",\"position\":2,\"name\":\"Boutique\",\"item\":\"https:\/\/www.praktivak.be\/fr\/boutique\/\"},{\"@type\":\"ListItem\",\"position\":3,\"name\":\"Depiluxe cartouche de cire rose (titane) 100ml, 10+2 gratuit\"}]},{\"@type\":\"WebSite\",\"@id\":\"https:\/\/www.praktivak.be\/fr\/#website\",\"url\":\"https:\/\/www.praktivak.be\/fr\/\",\"name\":\"Praktivak\",\"description\":\"\",\"publisher\":{\"@id\":\"https:\/\/www.praktivak.be\/fr\/#organization\"},\"potentialAction\":[{\"@type\":\"SearchAction\",\"target\":{\"@type\":\"EntryPoint\",\"urlTemplate\":\"https:\/\/www.praktivak.be\/fr\/?s={search_term_string}\"},\"query-input\":{\"@type\":\"PropertyValueSpecification\",\"valueRequired\":true,\"valueName\":\"search_term_string\"}}],\"inLanguage\":\"fr-FR\"},{\"@type\":\"Organization\",\"@id\":\"https:\/\/www.praktivak.be\/fr\/#organization\",\"name\":\"Praktivak\",\"url\":\"https:\/\/www.praktivak.be\/fr\/\",\"logo\":{\"@type\":\"ImageObject\",\"inLanguage\":\"fr-FR\",\"@id\":\"https:\/\/www.praktivak.be\/fr\/#\/schema\/logo\/image\/\",\"url\":\"https:\/\/www.praktivak.be\/wp-content\/uploads\/2024\/09\/Logo.png\",\"contentUrl\":\"https:\/\/www.praktivak.be\/wp-content\/uploads\/2024\/09\/Logo.png\",\"width\":1774,\"height\":337,\"caption\":\"Praktivak\"},\"image\":{\"@id\":\"https:\/\/www.praktivak.be\/fr\/#\/schema\/logo\/image\/\"}}]}<\/script>\n<!-- \/ Yoast SEO plugin. -->","yoast_head_json":{"title":"Depiluxe cartouche de cire rose (titane) 100ml, 10+2 gratuit - Praktivak","robots":{"index":"index","follow":"follow","max-snippet":"max-snippet:-1","max-image-preview":"max-image-preview:large","max-video-preview":"max-video-preview:-1"},"canonical":"https:\/\/www.praktivak.be\/fr\/produit\/depiluxe-cartouche-de-cire-rose-titane-100ml-102-gratuit\/","og_locale":"fr_FR","og_type":"article","og_title":"Depiluxe cartouche de cire rose (titane) 100ml, 10+2 gratuit - Praktivak","og_description":"Cartouche de cire&nbsp;Depiluxe de 100 ml avec rouleau fix&eacute; sur le dessus. La cire&nbsp;de titane rose convient particuli&egrave;rement aux peaux tr&egrave;s sensibles. L&rsquo;ajout de dioxyde de titane rend cette cire&nbsp;d&rsquo;&eacute;pilation particuli&egrave;rement adapt&eacute;e aux peaux tr&egrave;s fines, aux peaux &acirc;g&eacute;es, aux peaux bronz&eacute;es ou aux peaux endommag&eacute;es par le soleil. Le titane (TiO2) rose colle moins &hellip; Continuer la lecture \"Depiluxe cartouche de cire rose (titane) 100ml, 10+2 gratuit\"","og_url":"https:\/\/www.praktivak.be\/fr\/produit\/depiluxe-cartouche-de-cire-rose-titane-100ml-102-gratuit\/","og_site_name":"Praktivak","article_modified_time":"2026-04-11T03:00:38+00:00","og_image":[{"width":1080,"height":1080,"url":"https:\/\/www.praktivak.be\/wp-content\/uploads\/2026\/03\/xi930001-12-1.webp","type":"image\/webp"}],"twitter_card":"summary_large_image","schema":{"@context":"https:\/\/schema.org","@graph":[{"@type":"WebPage","@id":"https:\/\/www.praktivak.be\/fr\/produit\/depiluxe-cartouche-de-cire-rose-titane-100ml-102-gratuit\/","url":"https:\/\/www.praktivak.be\/fr\/produit\/depiluxe-cartouche-de-cire-rose-titane-100ml-102-gratuit\/","name":"Depiluxe cartouche de cire rose (titane) 100ml, 10+2 gratuit - Praktivak","isPartOf":{"@id":"https:\/\/www.praktivak.be\/fr\/#website"},"primaryImageOfPage":{"@id":"https:\/\/www.praktivak.be\/fr\/produit\/depiluxe-cartouche-de-cire-rose-titane-100ml-102-gratuit\/#primaryimage"},"image":{"@id":"https:\/\/www.praktivak.be\/fr\/produit\/depiluxe-cartouche-de-cire-rose-titane-100ml-102-gratuit\/#primaryimage"},"thumbnailUrl":"https:\/\/www.praktivak.be\/wp-content\/uploads\/2026\/03\/xi930001-12-1.webp","datePublished":"2026-03-20T13:10:19+00:00","dateModified":"2026-04-11T03:00:38+00:00","breadcrumb":{"@id":"https:\/\/www.praktivak.be\/fr\/produit\/depiluxe-cartouche-de-cire-rose-titane-100ml-102-gratuit\/#breadcrumb"},"inLanguage":"fr-FR","potentialAction":[{"@type":"ReadAction","target":["https:\/\/www.praktivak.be\/fr\/produit\/depiluxe-cartouche-de-cire-rose-titane-100ml-102-gratuit\/"]}]},{"@type":"ImageObject","inLanguage":"fr-FR","@id":"https:\/\/www.praktivak.be\/fr\/produit\/depiluxe-cartouche-de-cire-rose-titane-100ml-102-gratuit\/#primaryimage","url":"https:\/\/www.praktivak.be\/wp-content\/uploads\/2026\/03\/xi930001-12-1.webp","contentUrl":"https:\/\/www.praktivak.be\/wp-content\/uploads\/2026\/03\/xi930001-12-1.webp","width":1080,"height":1080,"caption":"Depiluxe harspatroon roze (titanium), 100ml, 10+2 gratis"},{"@type":"BreadcrumbList","@id":"https:\/\/www.praktivak.be\/fr\/produit\/depiluxe-cartouche-de-cire-rose-titane-100ml-102-gratuit\/#breadcrumb","itemListElement":[{"@type":"ListItem","position":1,"name":"Home","item":"https:\/\/www.praktivak.be\/fr\/"},{"@type":"ListItem","position":2,"name":"Boutique","item":"https:\/\/www.praktivak.be\/fr\/boutique\/"},{"@type":"ListItem","position":3,"name":"Depiluxe cartouche de cire rose (titane) 100ml, 10+2 gratuit"}]},{"@type":"WebSite","@id":"https:\/\/www.praktivak.be\/fr\/#website","url":"https:\/\/www.praktivak.be\/fr\/","name":"Praktivak","description":"","publisher":{"@id":"https:\/\/www.praktivak.be\/fr\/#organization"},"potentialAction":[{"@type":"SearchAction","target":{"@type":"EntryPoint","urlTemplate":"https:\/\/www.praktivak.be\/fr\/?s={search_term_string}"},"query-input":{"@type":"PropertyValueSpecification","valueRequired":true,"valueName":"search_term_string"}}],"inLanguage":"fr-FR"},{"@type":"Organization","@id":"https:\/\/www.praktivak.be\/fr\/#organization","name":"Praktivak","url":"https:\/\/www.praktivak.be\/fr\/","logo":{"@type":"ImageObject","inLanguage":"fr-FR","@id":"https:\/\/www.praktivak.be\/fr\/#\/schema\/logo\/image\/","url":"https:\/\/www.praktivak.be\/wp-content\/uploads\/2024\/09\/Logo.png","contentUrl":"https:\/\/www.praktivak.be\/wp-content\/uploads\/2024\/09\/Logo.png","width":1774,"height":337,"caption":"Praktivak"},"image":{"@id":"https:\/\/www.praktivak.be\/fr\/#\/schema\/logo\/image\/"}}]}},"featured_img":"https:\/\/www.praktivak.be\/wp-content\/uploads\/2026\/03\/xi930001-12-1.webp","coauthors":[],"author_meta":{"author_link":"https:\/\/www.praktivak.be\/fr\/author\/madeit\/","display_name":"Tjebbe Lievens"},"relative_dates":{"created":"Publi\u00e9 3 semaines il y a","modified":"Mis \u00e0 jour 10 heures il y a"},"absolute_dates":{"created":"Publi\u00e9 le 20 mars 2026","modified":"Mise \u00e0 jour le 11 avril 2026"},"absolute_dates_time":{"created":"Publi\u00e9 le 20 mars 2026 14h10","modified":"Mise \u00e0 jour le 11 avril 2026 5h00"},"featured_img_caption":"","tax_additional":{"product_brand":{"linked":[],"unlinked":[],"slug":"product_brand","name":"Marques"},"product_type":{"linked":["<a href=\"https:\/\/www.praktivak.be\/fr\/?taxonomy=product_type&#038;term=simple\" class=\"advgb-post-tax-term\">simple<\/a>"],"unlinked":["<span class=\"advgb-post-tax-term\">simple<\/span>"],"slug":"product_type","name":"Type de produit"},"product_visibility":{"linked":[],"unlinked":[],"slug":"product_visibility","name":"Visibilit\u00e9 du produit"},"product_cat":{"linked":["<a href=\"https:\/\/www.praktivak.be\/fr\/categorie-de-produit\/ontharing-fr\/depiluxe-fr\/cartridges-depiluxe-fr\/\" class=\"advgb-post-tax-term\">Cartouches<\/a>"],"unlinked":["<span class=\"advgb-post-tax-term\">Cartouches<\/span>"],"slug":"product_cat","name":"Cat\u00e9gories de produits"},"product_tag":{"linked":[],"unlinked":[],"slug":"product_tag","name":"\u00c9tiquettes produit"},"product_shipping_class":{"linked":[],"unlinked":[],"slug":"product_shipping_class","name":"Classe d\u2019exp\u00e9dition du produit"},"pos_product_visibility":{"linked":[],"unlinked":[],"slug":"pos_product_visibility","name":"Visibilit\u00e9 du produit sur le point de vente"},"translation_priority":{"linked":[],"unlinked":[],"slug":"translation_priority","name":"Priorit\u00e9s de traduction"}},"series_order":"","_links":{"self":[{"href":"https:\/\/www.praktivak.be\/fr\/wp-json\/wp\/v2\/product\/349610","targetHints":{"allow":["GET"]}}],"collection":[{"href":"https:\/\/www.praktivak.be\/fr\/wp-json\/wp\/v2\/product"}],"about":[{"href":"https:\/\/www.praktivak.be\/fr\/wp-json\/wp\/v2\/types\/product"}],"version-history":[{"count":19,"href":"https:\/\/www.praktivak.be\/fr\/wp-json\/wp\/v2\/product\/349610\/revisions"}],"predecessor-version":[{"id":360392,"href":"https:\/\/www.praktivak.be\/fr\/wp-json\/wp\/v2\/product\/349610\/revisions\/360392"}],"wp:featuredmedia":[{"embeddable":true,"href":"https:\/\/www.praktivak.be\/fr\/wp-json\/wp\/v2\/media\/353728"}],"wp:attachment":[{"href":"https:\/\/www.praktivak.be\/fr\/wp-json\/wp\/v2\/media?parent=349610"}],"wp:term":[{"taxonomy":"product_brand","embeddable":true,"href":"https:\/\/www.praktivak.be\/fr\/wp-json\/wp\/v2\/product_brand?post=349610"},{"taxonomy":"product_cat","embeddable":true,"href":"https:\/\/www.praktivak.be\/fr\/wp-json\/wp\/v2\/product_cat?post=349610"},{"taxonomy":"product_tag","embeddable":true,"href":"https:\/\/www.praktivak.be\/fr\/wp-json\/wp\/v2\/product_tag?post=349610"}],"curies":[{"name":"wp","href":"https:\/\/api.w.org\/{rel}","templated":true}]}}