

{"id":346769,"date":"2026-02-25T11:41:07","date_gmt":"2026-02-25T10:41:07","guid":{"rendered":"https:\/\/www.praktivak.be\/product\/massagebank-santori-square-met-wood-finish-verwarming-en-wegdraaiende-armdelen\/"},"modified":"2026-03-11T20:56:06","modified_gmt":"2026-03-11T19:56:06","slug":"massagebank-santori-square-met-wood-finish-verwarming-en-wegdraaiende-armdelen","status":"publish","type":"product","link":"https:\/\/www.praktivak.be\/fr\/produit\/massagebank-santori-square-met-wood-finish-verwarming-en-wegdraaiende-armdelen\/","title":{"rendered":"Massagebank Santori Square met wood finish, verwarming en wegdraaiende armdelen"},"content":{"rendered":"\n<p data-oe-version=\"1.2\">\n<\/p><p>\nStijlvolle en stabiele 4-motorige wellnessbank met instelbare verwarming en armdelen die weggedraaid kunnen worden. Deze wellnessbank is uitermate geschikt voor zowel schoonheids- als lichaamsbehandelingen. De licht grijze soft-cloud memory matras (samengesteld uit HR koudschuim, latex en HQ memory foam) is zacht en comfortabel en heeft een hoge dichtheid vulling.  De basis is gemaakt van sterk staal. Met instelbare &lsquo;LED Moodlights&rsquo; (diverse kleuren). Voorzien van een handbediening.  Elke beweging kan  op een precieze, eenvoudige en geleidelijke manier worden aangepast.<\/p>\n\n<p>\nDetails:<\/p>\n<p>\nlengte: +\/- 198,5 cm<\/p>\n<p>\nbreedte :+\/- 77&nbsp;cm<\/p>\n<p>\nlaagste stand: +\/- 63 cm<\/p>\n<p>\nhoogste stand: +\/- 93&nbsp;cm<\/p>\n\n<p>\n3 jaar garantie op de motoren<\/p>\n\n","protected":false},"excerpt":{"rendered":"<p>Stijlvolle en stabiele 4-motorige wellnessbank met instelbare verwarming en armdelen die weggedraaid kunnen worden. Deze wellnessbank is uitermate geschikt voor zowel schoonheids- als lichaamsbehandelingen. De licht grijze soft-cloud memory matras (samengesteld uit HR koudschuim, latex en HQ memory foam) is zacht en comfortabel en heeft een hoge dichtheid vulling. De basis is gemaakt van sterk &hellip; <\/p>\n<p class=\"link-more\"><a href=\"https:\/\/www.praktivak.be\/fr\/produit\/massagebank-santori-square-met-wood-finish-verwarming-en-wegdraaiende-armdelen\/\" class=\"more-link\">Continuer la lecture<span class=\"screen-reader-text\"> \u00ab\u00a0Massagebank Santori Square met wood finish, verwarming en wegdraaiende armdelen\u00a0\u00bb<\/span><\/a><\/p>\n","protected":false},"author":1,"featured_media":284336,"template":"","meta":{"_acf_changed":false,"_relevanssi_hide_post":"","_relevanssi_hide_content":"","_relevanssi_pin_for_all":"","_relevanssi_pin_keywords":"","_relevanssi_unpin_keywords":"","_relevanssi_related_keywords":"","_relevanssi_related_include_ids":"","_relevanssi_related_exclude_ids":"","_relevanssi_related_no_append":"","_relevanssi_related_not_related":"","_relevanssi_related_posts":"","_relevanssi_noindex_reason":"","advgb_blocks_editor_width":"","advgb_blocks_columns_visual_guide":"","footnotes":""},"product_brand":[],"product_cat":[2081],"product_tag":[],"class_list":{"0":"post-346769","1":"product","2":"type-product","3":"status-publish","4":"has-post-thumbnail","6":"product_cat-massagebanken-inrichtingen-fr","8":"first","9":"instock","10":"taxable","11":"shipping-taxable","12":"product-type-simple"},"acf":[],"yoast_head":"<!-- This site is optimized with the Yoast SEO plugin v27.2 - https:\/\/yoast.com\/product\/yoast-seo-wordpress\/ -->\n<title>Massagebank Santori Square met wood finish, verwarming en wegdraaiende armdelen - Praktivak<\/title>\n<meta name=\"robots\" content=\"index, follow, max-snippet:-1, max-image-preview:large, max-video-preview:-1\" \/>\n<link rel=\"canonical\" href=\"https:\/\/www.praktivak.be\/fr\/produit\/massagebank-santori-square-met-wood-finish-verwarming-en-wegdraaiende-armdelen\/\" \/>\n<meta property=\"og:locale\" content=\"fr_FR\" \/>\n<meta property=\"og:type\" content=\"article\" \/>\n<meta property=\"og:title\" content=\"Massagebank Santori Square met wood finish, verwarming en wegdraaiende armdelen - Praktivak\" \/>\n<meta property=\"og:description\" content=\"Stijlvolle en stabiele 4-motorige wellnessbank met instelbare verwarming en armdelen die weggedraaid kunnen worden. Deze wellnessbank is uitermate geschikt voor zowel schoonheids- als lichaamsbehandelingen. De licht grijze soft-cloud memory matras (samengesteld uit HR koudschuim, latex en HQ memory foam) is zacht en comfortabel en heeft een hoge dichtheid vulling. De basis is gemaakt van sterk &hellip; Continuer la lecture &quot;Massagebank Santori Square met wood finish, verwarming en wegdraaiende armdelen&quot;\" \/>\n<meta property=\"og:url\" content=\"https:\/\/www.praktivak.be\/fr\/produit\/massagebank-santori-square-met-wood-finish-verwarming-en-wegdraaiende-armdelen\/\" \/>\n<meta property=\"og:site_name\" content=\"Praktivak\" \/>\n<meta property=\"article:modified_time\" content=\"2026-03-11T19:56:06+00:00\" \/>\n<meta property=\"og:image\" content=\"https:\/\/www.praktivak.be\/wp-content\/uploads\/2025\/09\/B20255-1.webp\" \/>\n\t<meta property=\"og:image:width\" content=\"700\" \/>\n\t<meta property=\"og:image:height\" content=\"700\" \/>\n\t<meta property=\"og:image:type\" content=\"image\/webp\" \/>\n<meta name=\"twitter:card\" content=\"summary_large_image\" \/>\n<meta name=\"twitter:label1\" content=\"Dur\u00e9e de lecture estim\u00e9e\" \/>\n\t<meta name=\"twitter:data1\" content=\"1 minute\" \/>\n<script type=\"application\/ld+json\" class=\"yoast-schema-graph\">{\"@context\":\"https:\/\/schema.org\",\"@graph\":[{\"@type\":\"WebPage\",\"@id\":\"https:\/\/www.praktivak.be\/fr\/produit\/massagebank-santori-square-met-wood-finish-verwarming-en-wegdraaiende-armdelen\/\",\"url\":\"https:\/\/www.praktivak.be\/fr\/produit\/massagebank-santori-square-met-wood-finish-verwarming-en-wegdraaiende-armdelen\/\",\"name\":\"Massagebank Santori Square met wood finish, verwarming en wegdraaiende armdelen - Praktivak\",\"isPartOf\":{\"@id\":\"https:\/\/www.praktivak.be\/fr\/#website\"},\"primaryImageOfPage\":{\"@id\":\"https:\/\/www.praktivak.be\/fr\/produit\/massagebank-santori-square-met-wood-finish-verwarming-en-wegdraaiende-armdelen\/#primaryimage\"},\"image\":{\"@id\":\"https:\/\/www.praktivak.be\/fr\/produit\/massagebank-santori-square-met-wood-finish-verwarming-en-wegdraaiende-armdelen\/#primaryimage\"},\"thumbnailUrl\":\"https:\/\/www.praktivak.be\/wp-content\/uploads\/2025\/09\/B20255-1.webp\",\"datePublished\":\"2026-02-25T10:41:07+00:00\",\"dateModified\":\"2026-03-11T19:56:06+00:00\",\"breadcrumb\":{\"@id\":\"https:\/\/www.praktivak.be\/fr\/produit\/massagebank-santori-square-met-wood-finish-verwarming-en-wegdraaiende-armdelen\/#breadcrumb\"},\"inLanguage\":\"fr-FR\",\"potentialAction\":[{\"@type\":\"ReadAction\",\"target\":[\"https:\/\/www.praktivak.be\/fr\/produit\/massagebank-santori-square-met-wood-finish-verwarming-en-wegdraaiende-armdelen\/\"]}]},{\"@type\":\"ImageObject\",\"inLanguage\":\"fr-FR\",\"@id\":\"https:\/\/www.praktivak.be\/fr\/produit\/massagebank-santori-square-met-wood-finish-verwarming-en-wegdraaiende-armdelen\/#primaryimage\",\"url\":\"https:\/\/www.praktivak.be\/wp-content\/uploads\/2025\/09\/B20255-1.webp\",\"contentUrl\":\"https:\/\/www.praktivak.be\/wp-content\/uploads\/2025\/09\/B20255-1.webp\",\"width\":700,\"height\":700,\"caption\":\"Massagebank Santori Square met wood finish, verwarming en wegdraaiende armdelen\"},{\"@type\":\"BreadcrumbList\",\"@id\":\"https:\/\/www.praktivak.be\/fr\/produit\/massagebank-santori-square-met-wood-finish-verwarming-en-wegdraaiende-armdelen\/#breadcrumb\",\"itemListElement\":[{\"@type\":\"ListItem\",\"position\":1,\"name\":\"Home\",\"item\":\"https:\/\/www.praktivak.be\/fr\/\"},{\"@type\":\"ListItem\",\"position\":2,\"name\":\"Boutique\",\"item\":\"https:\/\/www.praktivak.be\/fr\/boutique\/\"},{\"@type\":\"ListItem\",\"position\":3,\"name\":\"Massagebank Santori Square met wood finish, verwarming en wegdraaiende armdelen\"}]},{\"@type\":\"WebSite\",\"@id\":\"https:\/\/www.praktivak.be\/fr\/#website\",\"url\":\"https:\/\/www.praktivak.be\/fr\/\",\"name\":\"Praktivak\",\"description\":\"\",\"publisher\":{\"@id\":\"https:\/\/www.praktivak.be\/fr\/#organization\"},\"potentialAction\":[{\"@type\":\"SearchAction\",\"target\":{\"@type\":\"EntryPoint\",\"urlTemplate\":\"https:\/\/www.praktivak.be\/fr\/?s={search_term_string}\"},\"query-input\":{\"@type\":\"PropertyValueSpecification\",\"valueRequired\":true,\"valueName\":\"search_term_string\"}}],\"inLanguage\":\"fr-FR\"},{\"@type\":\"Organization\",\"@id\":\"https:\/\/www.praktivak.be\/fr\/#organization\",\"name\":\"Praktivak\",\"url\":\"https:\/\/www.praktivak.be\/fr\/\",\"logo\":{\"@type\":\"ImageObject\",\"inLanguage\":\"fr-FR\",\"@id\":\"https:\/\/www.praktivak.be\/fr\/#\/schema\/logo\/image\/\",\"url\":\"https:\/\/www.praktivak.be\/wp-content\/uploads\/2024\/09\/Logo.png\",\"contentUrl\":\"https:\/\/www.praktivak.be\/wp-content\/uploads\/2024\/09\/Logo.png\",\"width\":1774,\"height\":337,\"caption\":\"Praktivak\"},\"image\":{\"@id\":\"https:\/\/www.praktivak.be\/fr\/#\/schema\/logo\/image\/\"}}]}<\/script>\n<!-- \/ Yoast SEO plugin. -->","yoast_head_json":{"title":"Massagebank Santori Square met wood finish, verwarming en wegdraaiende armdelen - Praktivak","robots":{"index":"index","follow":"follow","max-snippet":"max-snippet:-1","max-image-preview":"max-image-preview:large","max-video-preview":"max-video-preview:-1"},"canonical":"https:\/\/www.praktivak.be\/fr\/produit\/massagebank-santori-square-met-wood-finish-verwarming-en-wegdraaiende-armdelen\/","og_locale":"fr_FR","og_type":"article","og_title":"Massagebank Santori Square met wood finish, verwarming en wegdraaiende armdelen - Praktivak","og_description":"Stijlvolle en stabiele 4-motorige wellnessbank met instelbare verwarming en armdelen die weggedraaid kunnen worden. Deze wellnessbank is uitermate geschikt voor zowel schoonheids- als lichaamsbehandelingen. De licht grijze soft-cloud memory matras (samengesteld uit HR koudschuim, latex en HQ memory foam) is zacht en comfortabel en heeft een hoge dichtheid vulling. De basis is gemaakt van sterk &hellip; Continuer la lecture \"Massagebank Santori Square met wood finish, verwarming en wegdraaiende armdelen\"","og_url":"https:\/\/www.praktivak.be\/fr\/produit\/massagebank-santori-square-met-wood-finish-verwarming-en-wegdraaiende-armdelen\/","og_site_name":"Praktivak","article_modified_time":"2026-03-11T19:56:06+00:00","og_image":[{"width":700,"height":700,"url":"https:\/\/www.praktivak.be\/wp-content\/uploads\/2025\/09\/B20255-1.webp","type":"image\/webp"}],"twitter_card":"summary_large_image","twitter_misc":{"Dur\u00e9e de lecture estim\u00e9e":"1 minute"},"schema":{"@context":"https:\/\/schema.org","@graph":[{"@type":"WebPage","@id":"https:\/\/www.praktivak.be\/fr\/produit\/massagebank-santori-square-met-wood-finish-verwarming-en-wegdraaiende-armdelen\/","url":"https:\/\/www.praktivak.be\/fr\/produit\/massagebank-santori-square-met-wood-finish-verwarming-en-wegdraaiende-armdelen\/","name":"Massagebank Santori Square met wood finish, verwarming en wegdraaiende armdelen - Praktivak","isPartOf":{"@id":"https:\/\/www.praktivak.be\/fr\/#website"},"primaryImageOfPage":{"@id":"https:\/\/www.praktivak.be\/fr\/produit\/massagebank-santori-square-met-wood-finish-verwarming-en-wegdraaiende-armdelen\/#primaryimage"},"image":{"@id":"https:\/\/www.praktivak.be\/fr\/produit\/massagebank-santori-square-met-wood-finish-verwarming-en-wegdraaiende-armdelen\/#primaryimage"},"thumbnailUrl":"https:\/\/www.praktivak.be\/wp-content\/uploads\/2025\/09\/B20255-1.webp","datePublished":"2026-02-25T10:41:07+00:00","dateModified":"2026-03-11T19:56:06+00:00","breadcrumb":{"@id":"https:\/\/www.praktivak.be\/fr\/produit\/massagebank-santori-square-met-wood-finish-verwarming-en-wegdraaiende-armdelen\/#breadcrumb"},"inLanguage":"fr-FR","potentialAction":[{"@type":"ReadAction","target":["https:\/\/www.praktivak.be\/fr\/produit\/massagebank-santori-square-met-wood-finish-verwarming-en-wegdraaiende-armdelen\/"]}]},{"@type":"ImageObject","inLanguage":"fr-FR","@id":"https:\/\/www.praktivak.be\/fr\/produit\/massagebank-santori-square-met-wood-finish-verwarming-en-wegdraaiende-armdelen\/#primaryimage","url":"https:\/\/www.praktivak.be\/wp-content\/uploads\/2025\/09\/B20255-1.webp","contentUrl":"https:\/\/www.praktivak.be\/wp-content\/uploads\/2025\/09\/B20255-1.webp","width":700,"height":700,"caption":"Massagebank Santori Square met wood finish, verwarming en wegdraaiende armdelen"},{"@type":"BreadcrumbList","@id":"https:\/\/www.praktivak.be\/fr\/produit\/massagebank-santori-square-met-wood-finish-verwarming-en-wegdraaiende-armdelen\/#breadcrumb","itemListElement":[{"@type":"ListItem","position":1,"name":"Home","item":"https:\/\/www.praktivak.be\/fr\/"},{"@type":"ListItem","position":2,"name":"Boutique","item":"https:\/\/www.praktivak.be\/fr\/boutique\/"},{"@type":"ListItem","position":3,"name":"Massagebank Santori Square met wood finish, verwarming en wegdraaiende armdelen"}]},{"@type":"WebSite","@id":"https:\/\/www.praktivak.be\/fr\/#website","url":"https:\/\/www.praktivak.be\/fr\/","name":"Praktivak","description":"","publisher":{"@id":"https:\/\/www.praktivak.be\/fr\/#organization"},"potentialAction":[{"@type":"SearchAction","target":{"@type":"EntryPoint","urlTemplate":"https:\/\/www.praktivak.be\/fr\/?s={search_term_string}"},"query-input":{"@type":"PropertyValueSpecification","valueRequired":true,"valueName":"search_term_string"}}],"inLanguage":"fr-FR"},{"@type":"Organization","@id":"https:\/\/www.praktivak.be\/fr\/#organization","name":"Praktivak","url":"https:\/\/www.praktivak.be\/fr\/","logo":{"@type":"ImageObject","inLanguage":"fr-FR","@id":"https:\/\/www.praktivak.be\/fr\/#\/schema\/logo\/image\/","url":"https:\/\/www.praktivak.be\/wp-content\/uploads\/2024\/09\/Logo.png","contentUrl":"https:\/\/www.praktivak.be\/wp-content\/uploads\/2024\/09\/Logo.png","width":1774,"height":337,"caption":"Praktivak"},"image":{"@id":"https:\/\/www.praktivak.be\/fr\/#\/schema\/logo\/image\/"}}]}},"featured_img":"https:\/\/www.praktivak.be\/wp-content\/uploads\/2025\/09\/B20255-1.webp","coauthors":[],"author_meta":{"author_link":"https:\/\/www.praktivak.be\/fr\/author\/madeit\/","display_name":"Tjebbe Lievens"},"relative_dates":{"created":"Publi\u00e9 2 mois il y a","modified":"Mis \u00e0 jour 1 mois il y a"},"absolute_dates":{"created":"Publi\u00e9 le 25 f\u00e9vrier 2026","modified":"Mise \u00e0 jour le 11 mars 2026"},"absolute_dates_time":{"created":"Publi\u00e9 le 25 f\u00e9vrier 2026 11h41","modified":"Mise \u00e0 jour le 11 mars 2026 20h56"},"featured_img_caption":"","tax_additional":{"product_brand":{"linked":[],"unlinked":[],"slug":"product_brand","name":"Marques"},"product_type":{"linked":["<a href=\"https:\/\/www.praktivak.be\/fr\/?taxonomy=product_type&#038;term=simple\" class=\"advgb-post-tax-term\">simple<\/a>"],"unlinked":["<span class=\"advgb-post-tax-term\">simple<\/span>"],"slug":"product_type","name":"Type de produit"},"product_visibility":{"linked":[],"unlinked":[],"slug":"product_visibility","name":"Visibilit\u00e9 du produit"},"product_cat":{"linked":["<a href=\"https:\/\/www.praktivak.be\/fr\/categorie-de-produit\/inrichtingen-fr\/massagebanken-inrichtingen-fr\/\" class=\"advgb-post-tax-term\">Tables de massage<\/a>"],"unlinked":["<span class=\"advgb-post-tax-term\">Tables de massage<\/span>"],"slug":"product_cat","name":"Cat\u00e9gories de produits"},"product_tag":{"linked":[],"unlinked":[],"slug":"product_tag","name":"\u00c9tiquettes produit"},"product_shipping_class":{"linked":[],"unlinked":[],"slug":"product_shipping_class","name":"Classe d\u2019exp\u00e9dition du produit"},"pos_product_visibility":{"linked":[],"unlinked":[],"slug":"pos_product_visibility","name":"Visibilit\u00e9 du produit sur le point de vente"},"translation_priority":{"linked":[],"unlinked":[],"slug":"translation_priority","name":"Priorit\u00e9s de traduction"}},"series_order":"","_links":{"self":[{"href":"https:\/\/www.praktivak.be\/fr\/wp-json\/wp\/v2\/product\/346769","targetHints":{"allow":["GET"]}}],"collection":[{"href":"https:\/\/www.praktivak.be\/fr\/wp-json\/wp\/v2\/product"}],"about":[{"href":"https:\/\/www.praktivak.be\/fr\/wp-json\/wp\/v2\/types\/product"}],"version-history":[{"count":74,"href":"https:\/\/www.praktivak.be\/fr\/wp-json\/wp\/v2\/product\/346769\/revisions"}],"predecessor-version":[{"id":347385,"href":"https:\/\/www.praktivak.be\/fr\/wp-json\/wp\/v2\/product\/346769\/revisions\/347385"}],"wp:featuredmedia":[{"embeddable":true,"href":"https:\/\/www.praktivak.be\/fr\/wp-json\/wp\/v2\/media\/284336"}],"wp:attachment":[{"href":"https:\/\/www.praktivak.be\/fr\/wp-json\/wp\/v2\/media?parent=346769"}],"wp:term":[{"taxonomy":"product_brand","embeddable":true,"href":"https:\/\/www.praktivak.be\/fr\/wp-json\/wp\/v2\/product_brand?post=346769"},{"taxonomy":"product_cat","embeddable":true,"href":"https:\/\/www.praktivak.be\/fr\/wp-json\/wp\/v2\/product_cat?post=346769"},{"taxonomy":"product_tag","embeddable":true,"href":"https:\/\/www.praktivak.be\/fr\/wp-json\/wp\/v2\/product_tag?post=346769"}],"curies":[{"name":"wp","href":"https:\/\/api.w.org\/{rel}","templated":true}]}}