

{"id":346587,"date":"2026-02-23T10:59:00","date_gmt":"2026-02-23T09:59:00","guid":{"rendered":"https:\/\/www.praktivak.be\/product\/footlogix-the-power-8-zolang-de-voorraad-strekt\/"},"modified":"2026-02-23T11:04:02","modified_gmt":"2026-02-23T10:04:02","slug":"the-power-8-8-piece-kit-avec-excavator-gratuit","status":"publish","type":"product","link":"https:\/\/www.praktivak.be\/fr\/produit\/the-power-8-8-piece-kit-avec-excavator-gratuit\/","title":{"rendered":"\u00ab\u00a0The Power 8\u00a0\u00bb 8-Piece Kit avec Excavator GRATUIT!"},"content":{"rendered":"\n<p data-oe-version=\"1.2\"><\/p>\n<div data-embedded=\"video\" data-embedded-props='{\"videoId\":\"1113580199\",\"platform\":\"vimeo\",\"params\":{\"autoplay\":1,\"muted\":1,\"autopause\":0,\"loop\":1}}'><\/div>\n<p><\/p>\n<p><strong>Go Pro with the 8-Piece Kit &amp; Get a <u>FREE Excavator Tool<\/u>!<\/strong><\/p>\n<div>Le kit dont vous r&ecirc;vez &mdash; am&eacute;lior&eacute; et perfectionn&eacute;. Tout ce dont vous&nbsp;avez besoin pour une p&eacute;dicure Footlogix&reg; compl&egrave;te &mdash; joliment&nbsp;emball&eacute; dans un kit complet. Con&ccedil;u pour les&nbsp;professionnels des soins des pieds ax&eacute;s sur les r&eacute;sultats, cet ensemble offre&nbsp;des soins transformateurs du d&eacute;but &agrave; la fin.<\/div>\n<div>Il comprend d&eacute;sormais GRATUITEMENT une lime Excavator Round Edge,&nbsp;votre outil bonus pour une finition impeccable !<\/div>\n<div><\/div>\n<p>Avec un acc&egrave;s en ligne au centre d&rsquo;&eacute;ducation VIP<\/p>\n<p>Comprend 7 produits, 2 instruments, 1 mallette de transport transparente et du mat&eacute;riel de marketing.<\/p>\n<p>Producten: <\/p>\n<p>\n&ndash; 1x Very Dry Skin Mousse 125ml<\/p>\n<p>\n&ndash; 1x Cuticle Softener, 118ml<\/p>\n<p>\n&ndash; 1x Cuticle Conditioner, 118ml<\/p>\n<p>\n&ndash; 1x Foot Soak 250ml<\/p>\n<p>\n&ndash; 1x Exfoliating Seaweed Scrub 250ml<\/p>\n<p>\n&ndash; 1x Callus Softener 180ml<\/p>\n<p>\n&ndash; 1x Massage Lotion 250ml<\/p>\n<p>\n&ndash; 1x Professional Stainless Steel File<\/p>\n<p>&ndash; 1x Excavator Round Wedge with Blacks File GRATUIT<\/p>\n<p>\n<\/p>\n<p>\nAcc&egrave;s &agrave; la formation et au marketing VIP num&eacute;rique :<\/p>\n<p>\n&ndash; Vid&eacute;o sur les soins professionnels des pieds<\/p>\n<p>\n&ndash; S&eacute;minaires en ligne<\/p>\n<p>\n&ndash; Catalogues et brochures num&eacute;riques<\/p>\n<p>\n&ndash; Manuel de connaissance des produits et bien plus encore !<\/p>\n<p>\n<\/p>\n<p>\nMat&eacute;riel de marketing :<\/p>\n<p>\n&ndash; 1 carte de formation en ligne<\/p>\n<p>\n&ndash; 1x fiche d&rsquo;information sur la p&eacute;dicure<\/p>\n<p>\n&ndash; 1x Parcours de soins &agrave; domicile<\/p>\n\n","protected":false},"excerpt":{"rendered":"<p>Go Pro with the 8-Piece Kit &amp; Get a FREE Excavator Tool! Le kit dont vous r&ecirc;vez &mdash; am&eacute;lior&eacute; et perfectionn&eacute;. Tout ce dont vous&nbsp;avez besoin pour une p&eacute;dicure Footlogix&reg; compl&egrave;te &mdash; joliment&nbsp;emball&eacute; dans un kit complet. Con&ccedil;u pour les&nbsp;professionnels des soins des pieds ax&eacute;s sur les r&eacute;sultats, cet ensemble offre&nbsp;des soins transformateurs du d&eacute;but &hellip; <\/p>\n<p class=\"link-more\"><a href=\"https:\/\/www.praktivak.be\/fr\/produit\/the-power-8-8-piece-kit-avec-excavator-gratuit\/\" class=\"more-link\">Continuer la lecture<span class=\"screen-reader-text\"> \u00ab\u00a0\u00ab\u00a0The Power 8\u00a0\u00bb 8-Piece Kit avec Excavator GRATUIT!\u00a0\u00bb<\/span><\/a><\/p>\n","protected":false},"author":1,"featured_media":346629,"template":"","meta":{"_acf_changed":false,"_relevanssi_hide_post":"","_relevanssi_hide_content":"","_relevanssi_pin_for_all":"","_relevanssi_pin_keywords":"","_relevanssi_unpin_keywords":"","_relevanssi_related_keywords":"","_relevanssi_related_include_ids":"","_relevanssi_related_exclude_ids":"","_relevanssi_related_no_append":"","_relevanssi_related_not_related":"","_relevanssi_related_posts":"","_relevanssi_noindex_reason":"","advgb_blocks_editor_width":"","advgb_blocks_columns_visual_guide":"","footnotes":""},"product_brand":[],"product_cat":[2051],"product_tag":[],"class_list":{"0":"post-346587","1":"product","2":"type-product","3":"status-publish","4":"has-post-thumbnail","6":"product_cat-kits-footlogix-voetverzorgingslijnen-fr","8":"first","9":"instock","10":"taxable","11":"shipping-taxable","12":"product-type-simple"},"acf":[],"yoast_head":"<!-- This site is optimized with the Yoast SEO plugin v27.2 - https:\/\/yoast.com\/product\/yoast-seo-wordpress\/ -->\n<title>&quot;The Power 8&quot; 8-Piece Kit avec Excavator GRATUIT! - Praktivak<\/title>\n<meta name=\"robots\" content=\"index, follow, max-snippet:-1, max-image-preview:large, max-video-preview:-1\" \/>\n<link rel=\"canonical\" href=\"https:\/\/www.praktivak.be\/fr\/produit\/the-power-8-8-piece-kit-avec-excavator-gratuit\/\" \/>\n<meta property=\"og:locale\" content=\"fr_FR\" \/>\n<meta property=\"og:type\" content=\"article\" \/>\n<meta property=\"og:title\" content=\"&quot;The Power 8&quot; 8-Piece Kit avec Excavator GRATUIT! - Praktivak\" \/>\n<meta property=\"og:description\" content=\"Go Pro with the 8-Piece Kit &amp; Get a FREE Excavator Tool! Le kit dont vous r&ecirc;vez &mdash; am&eacute;lior&eacute; et perfectionn&eacute;. Tout ce dont vous&nbsp;avez besoin pour une p&eacute;dicure Footlogix&reg; compl&egrave;te &mdash; joliment&nbsp;emball&eacute; dans un kit complet. Con&ccedil;u pour les&nbsp;professionnels des soins des pieds ax&eacute;s sur les r&eacute;sultats, cet ensemble offre&nbsp;des soins transformateurs du d&eacute;but &hellip; Continuer la lecture &quot;\u00ab\u00a0The Power 8\u00a0\u00bb 8-Piece Kit avec Excavator GRATUIT!&quot;\" \/>\n<meta property=\"og:url\" content=\"https:\/\/www.praktivak.be\/fr\/produit\/the-power-8-8-piece-kit-avec-excavator-gratuit\/\" \/>\n<meta property=\"og:site_name\" content=\"Praktivak\" \/>\n<meta property=\"article:modified_time\" content=\"2026-02-23T10:04:02+00:00\" \/>\n<meta property=\"og:image\" content=\"https:\/\/www.praktivak.be\/wp-content\/uploads\/2026\/02\/HP0701003-Q12026-3.png\" \/>\n\t<meta property=\"og:image:width\" content=\"1080\" \/>\n\t<meta property=\"og:image:height\" content=\"1080\" \/>\n\t<meta property=\"og:image:type\" content=\"image\/png\" \/>\n<meta name=\"twitter:card\" content=\"summary_large_image\" \/>\n<meta name=\"twitter:label1\" content=\"Dur\u00e9e de lecture estim\u00e9e\" \/>\n\t<meta name=\"twitter:data1\" content=\"1 minute\" \/>\n<script type=\"application\/ld+json\" class=\"yoast-schema-graph\">{\"@context\":\"https:\/\/schema.org\",\"@graph\":[{\"@type\":\"WebPage\",\"@id\":\"https:\/\/www.praktivak.be\/fr\/produit\/the-power-8-8-piece-kit-avec-excavator-gratuit\/\",\"url\":\"https:\/\/www.praktivak.be\/fr\/produit\/the-power-8-8-piece-kit-avec-excavator-gratuit\/\",\"name\":\"\\\"The Power 8\\\" 8-Piece Kit avec Excavator GRATUIT! - Praktivak\",\"isPartOf\":{\"@id\":\"https:\/\/www.praktivak.be\/fr\/#website\"},\"primaryImageOfPage\":{\"@id\":\"https:\/\/www.praktivak.be\/fr\/produit\/the-power-8-8-piece-kit-avec-excavator-gratuit\/#primaryimage\"},\"image\":{\"@id\":\"https:\/\/www.praktivak.be\/fr\/produit\/the-power-8-8-piece-kit-avec-excavator-gratuit\/#primaryimage\"},\"thumbnailUrl\":\"https:\/\/www.praktivak.be\/wp-content\/uploads\/2026\/02\/HP0701003-Q12026-3.png\",\"datePublished\":\"2026-02-23T09:59:00+00:00\",\"dateModified\":\"2026-02-23T10:04:02+00:00\",\"breadcrumb\":{\"@id\":\"https:\/\/www.praktivak.be\/fr\/produit\/the-power-8-8-piece-kit-avec-excavator-gratuit\/#breadcrumb\"},\"inLanguage\":\"fr-FR\",\"potentialAction\":[{\"@type\":\"ReadAction\",\"target\":[\"https:\/\/www.praktivak.be\/fr\/produit\/the-power-8-8-piece-kit-avec-excavator-gratuit\/\"]}]},{\"@type\":\"ImageObject\",\"inLanguage\":\"fr-FR\",\"@id\":\"https:\/\/www.praktivak.be\/fr\/produit\/the-power-8-8-piece-kit-avec-excavator-gratuit\/#primaryimage\",\"url\":\"https:\/\/www.praktivak.be\/wp-content\/uploads\/2026\/02\/HP0701003-Q12026-3.png\",\"contentUrl\":\"https:\/\/www.praktivak.be\/wp-content\/uploads\/2026\/02\/HP0701003-Q12026-3.png\",\"width\":1080,\"height\":1080,\"caption\":\"Footlogix \\\"The Power 8\\\" - zolang de voorraad strekt!\"},{\"@type\":\"BreadcrumbList\",\"@id\":\"https:\/\/www.praktivak.be\/fr\/produit\/the-power-8-8-piece-kit-avec-excavator-gratuit\/#breadcrumb\",\"itemListElement\":[{\"@type\":\"ListItem\",\"position\":1,\"name\":\"Home\",\"item\":\"https:\/\/www.praktivak.be\/fr\/\"},{\"@type\":\"ListItem\",\"position\":2,\"name\":\"Boutique\",\"item\":\"https:\/\/www.praktivak.be\/fr\/boutique\/\"},{\"@type\":\"ListItem\",\"position\":3,\"name\":\"&#8220;The Power 8&#8221; 8-Piece Kit avec Excavator GRATUIT!\"}]},{\"@type\":\"WebSite\",\"@id\":\"https:\/\/www.praktivak.be\/fr\/#website\",\"url\":\"https:\/\/www.praktivak.be\/fr\/\",\"name\":\"Praktivak\",\"description\":\"\",\"publisher\":{\"@id\":\"https:\/\/www.praktivak.be\/fr\/#organization\"},\"potentialAction\":[{\"@type\":\"SearchAction\",\"target\":{\"@type\":\"EntryPoint\",\"urlTemplate\":\"https:\/\/www.praktivak.be\/fr\/?s={search_term_string}\"},\"query-input\":{\"@type\":\"PropertyValueSpecification\",\"valueRequired\":true,\"valueName\":\"search_term_string\"}}],\"inLanguage\":\"fr-FR\"},{\"@type\":\"Organization\",\"@id\":\"https:\/\/www.praktivak.be\/fr\/#organization\",\"name\":\"Praktivak\",\"url\":\"https:\/\/www.praktivak.be\/fr\/\",\"logo\":{\"@type\":\"ImageObject\",\"inLanguage\":\"fr-FR\",\"@id\":\"https:\/\/www.praktivak.be\/fr\/#\/schema\/logo\/image\/\",\"url\":\"https:\/\/www.praktivak.be\/wp-content\/uploads\/2024\/09\/Logo.png\",\"contentUrl\":\"https:\/\/www.praktivak.be\/wp-content\/uploads\/2024\/09\/Logo.png\",\"width\":1774,\"height\":337,\"caption\":\"Praktivak\"},\"image\":{\"@id\":\"https:\/\/www.praktivak.be\/fr\/#\/schema\/logo\/image\/\"}}]}<\/script>\n<!-- \/ Yoast SEO plugin. -->","yoast_head_json":{"title":"\"The Power 8\" 8-Piece Kit avec Excavator GRATUIT! - Praktivak","robots":{"index":"index","follow":"follow","max-snippet":"max-snippet:-1","max-image-preview":"max-image-preview:large","max-video-preview":"max-video-preview:-1"},"canonical":"https:\/\/www.praktivak.be\/fr\/produit\/the-power-8-8-piece-kit-avec-excavator-gratuit\/","og_locale":"fr_FR","og_type":"article","og_title":"\"The Power 8\" 8-Piece Kit avec Excavator GRATUIT! - Praktivak","og_description":"Go Pro with the 8-Piece Kit &amp; Get a FREE Excavator Tool! Le kit dont vous r&ecirc;vez &mdash; am&eacute;lior&eacute; et perfectionn&eacute;. Tout ce dont vous&nbsp;avez besoin pour une p&eacute;dicure Footlogix&reg; compl&egrave;te &mdash; joliment&nbsp;emball&eacute; dans un kit complet. Con&ccedil;u pour les&nbsp;professionnels des soins des pieds ax&eacute;s sur les r&eacute;sultats, cet ensemble offre&nbsp;des soins transformateurs du d&eacute;but &hellip; Continuer la lecture \"\u00ab\u00a0The Power 8\u00a0\u00bb 8-Piece Kit avec Excavator GRATUIT!\"","og_url":"https:\/\/www.praktivak.be\/fr\/produit\/the-power-8-8-piece-kit-avec-excavator-gratuit\/","og_site_name":"Praktivak","article_modified_time":"2026-02-23T10:04:02+00:00","og_image":[{"width":1080,"height":1080,"url":"https:\/\/www.praktivak.be\/wp-content\/uploads\/2026\/02\/HP0701003-Q12026-3.png","type":"image\/png"}],"twitter_card":"summary_large_image","twitter_misc":{"Dur\u00e9e de lecture estim\u00e9e":"1 minute"},"schema":{"@context":"https:\/\/schema.org","@graph":[{"@type":"WebPage","@id":"https:\/\/www.praktivak.be\/fr\/produit\/the-power-8-8-piece-kit-avec-excavator-gratuit\/","url":"https:\/\/www.praktivak.be\/fr\/produit\/the-power-8-8-piece-kit-avec-excavator-gratuit\/","name":"\"The Power 8\" 8-Piece Kit avec Excavator GRATUIT! - Praktivak","isPartOf":{"@id":"https:\/\/www.praktivak.be\/fr\/#website"},"primaryImageOfPage":{"@id":"https:\/\/www.praktivak.be\/fr\/produit\/the-power-8-8-piece-kit-avec-excavator-gratuit\/#primaryimage"},"image":{"@id":"https:\/\/www.praktivak.be\/fr\/produit\/the-power-8-8-piece-kit-avec-excavator-gratuit\/#primaryimage"},"thumbnailUrl":"https:\/\/www.praktivak.be\/wp-content\/uploads\/2026\/02\/HP0701003-Q12026-3.png","datePublished":"2026-02-23T09:59:00+00:00","dateModified":"2026-02-23T10:04:02+00:00","breadcrumb":{"@id":"https:\/\/www.praktivak.be\/fr\/produit\/the-power-8-8-piece-kit-avec-excavator-gratuit\/#breadcrumb"},"inLanguage":"fr-FR","potentialAction":[{"@type":"ReadAction","target":["https:\/\/www.praktivak.be\/fr\/produit\/the-power-8-8-piece-kit-avec-excavator-gratuit\/"]}]},{"@type":"ImageObject","inLanguage":"fr-FR","@id":"https:\/\/www.praktivak.be\/fr\/produit\/the-power-8-8-piece-kit-avec-excavator-gratuit\/#primaryimage","url":"https:\/\/www.praktivak.be\/wp-content\/uploads\/2026\/02\/HP0701003-Q12026-3.png","contentUrl":"https:\/\/www.praktivak.be\/wp-content\/uploads\/2026\/02\/HP0701003-Q12026-3.png","width":1080,"height":1080,"caption":"Footlogix \"The Power 8\" - zolang de voorraad strekt!"},{"@type":"BreadcrumbList","@id":"https:\/\/www.praktivak.be\/fr\/produit\/the-power-8-8-piece-kit-avec-excavator-gratuit\/#breadcrumb","itemListElement":[{"@type":"ListItem","position":1,"name":"Home","item":"https:\/\/www.praktivak.be\/fr\/"},{"@type":"ListItem","position":2,"name":"Boutique","item":"https:\/\/www.praktivak.be\/fr\/boutique\/"},{"@type":"ListItem","position":3,"name":"&#8220;The Power 8&#8221; 8-Piece Kit avec Excavator GRATUIT!"}]},{"@type":"WebSite","@id":"https:\/\/www.praktivak.be\/fr\/#website","url":"https:\/\/www.praktivak.be\/fr\/","name":"Praktivak","description":"","publisher":{"@id":"https:\/\/www.praktivak.be\/fr\/#organization"},"potentialAction":[{"@type":"SearchAction","target":{"@type":"EntryPoint","urlTemplate":"https:\/\/www.praktivak.be\/fr\/?s={search_term_string}"},"query-input":{"@type":"PropertyValueSpecification","valueRequired":true,"valueName":"search_term_string"}}],"inLanguage":"fr-FR"},{"@type":"Organization","@id":"https:\/\/www.praktivak.be\/fr\/#organization","name":"Praktivak","url":"https:\/\/www.praktivak.be\/fr\/","logo":{"@type":"ImageObject","inLanguage":"fr-FR","@id":"https:\/\/www.praktivak.be\/fr\/#\/schema\/logo\/image\/","url":"https:\/\/www.praktivak.be\/wp-content\/uploads\/2024\/09\/Logo.png","contentUrl":"https:\/\/www.praktivak.be\/wp-content\/uploads\/2024\/09\/Logo.png","width":1774,"height":337,"caption":"Praktivak"},"image":{"@id":"https:\/\/www.praktivak.be\/fr\/#\/schema\/logo\/image\/"}}]}},"featured_img":"https:\/\/www.praktivak.be\/wp-content\/uploads\/2026\/02\/HP0701003-Q12026-3.png","coauthors":[],"author_meta":{"author_link":"https:\/\/www.praktivak.be\/fr\/author\/madeit\/","display_name":"Tjebbe Lievens"},"relative_dates":{"created":"Publi\u00e9 2 mois il y a","modified":"Mis \u00e0 jour 2 mois il y a"},"absolute_dates":{"created":"Publi\u00e9 le 23 f\u00e9vrier 2026","modified":"Mise \u00e0 jour le 23 f\u00e9vrier 2026"},"absolute_dates_time":{"created":"Publi\u00e9 le 23 f\u00e9vrier 2026 10h59","modified":"Mise \u00e0 jour le 23 f\u00e9vrier 2026 11h04"},"featured_img_caption":"","tax_additional":{"product_brand":{"linked":[],"unlinked":[],"slug":"product_brand","name":"Marques"},"product_type":{"linked":["<a href=\"https:\/\/www.praktivak.be\/fr\/?taxonomy=product_type&#038;term=simple\" class=\"advgb-post-tax-term\">simple<\/a>"],"unlinked":["<span class=\"advgb-post-tax-term\">simple<\/span>"],"slug":"product_type","name":"Type de produit"},"product_visibility":{"linked":[],"unlinked":[],"slug":"product_visibility","name":"Visibilit\u00e9 du produit"},"product_cat":{"linked":["<a href=\"https:\/\/www.praktivak.be\/fr\/categorie-de-produit\/voetverzorgingslijnen-fr\/footlogix\/kits-footlogix-voetverzorgingslijnen-fr\/\" class=\"advgb-post-tax-term\">Kits<\/a>"],"unlinked":["<span class=\"advgb-post-tax-term\">Kits<\/span>"],"slug":"product_cat","name":"Cat\u00e9gories de produits"},"product_tag":{"linked":[],"unlinked":[],"slug":"product_tag","name":"\u00c9tiquettes produit"},"product_shipping_class":{"linked":[],"unlinked":[],"slug":"product_shipping_class","name":"Classe d\u2019exp\u00e9dition du produit"},"pos_product_visibility":{"linked":[],"unlinked":[],"slug":"pos_product_visibility","name":"Visibilit\u00e9 du produit sur le point de vente"},"translation_priority":{"linked":[],"unlinked":[],"slug":"translation_priority","name":"Priorit\u00e9s de traduction"}},"series_order":"","_links":{"self":[{"href":"https:\/\/www.praktivak.be\/fr\/wp-json\/wp\/v2\/product\/346587","targetHints":{"allow":["GET"]}}],"collection":[{"href":"https:\/\/www.praktivak.be\/fr\/wp-json\/wp\/v2\/product"}],"about":[{"href":"https:\/\/www.praktivak.be\/fr\/wp-json\/wp\/v2\/types\/product"}],"version-history":[{"count":53,"href":"https:\/\/www.praktivak.be\/fr\/wp-json\/wp\/v2\/product\/346587\/revisions"}],"predecessor-version":[{"id":346663,"href":"https:\/\/www.praktivak.be\/fr\/wp-json\/wp\/v2\/product\/346587\/revisions\/346663"}],"wp:featuredmedia":[{"embeddable":true,"href":"https:\/\/www.praktivak.be\/fr\/wp-json\/wp\/v2\/media\/346629"}],"wp:attachment":[{"href":"https:\/\/www.praktivak.be\/fr\/wp-json\/wp\/v2\/media?parent=346587"}],"wp:term":[{"taxonomy":"product_brand","embeddable":true,"href":"https:\/\/www.praktivak.be\/fr\/wp-json\/wp\/v2\/product_brand?post=346587"},{"taxonomy":"product_cat","embeddable":true,"href":"https:\/\/www.praktivak.be\/fr\/wp-json\/wp\/v2\/product_cat?post=346587"},{"taxonomy":"product_tag","embeddable":true,"href":"https:\/\/www.praktivak.be\/fr\/wp-json\/wp\/v2\/product_tag?post=346587"}],"curies":[{"name":"wp","href":"https:\/\/api.w.org\/{rel}","templated":true}]}}