

{"id":336878,"date":"2026-01-13T17:02:37","date_gmt":"2026-01-13T16:02:37","guid":{"rendered":"https:\/\/www.praktivak.be\/product\/aseptonet-dikke-medische-hygienische-doekjes-100-stuks\/"},"modified":"2026-02-01T03:00:40","modified_gmt":"2026-02-01T02:00:40","slug":"lingettes-de-nettoyage-hygenique-aseptonet-de-qualite-medicale-100-pieces","status":"publish","type":"product","link":"https:\/\/www.praktivak.be\/fr\/produit\/lingettes-de-nettoyage-hygenique-aseptonet-de-qualite-medicale-100-pieces\/","title":{"rendered":"Lingettes de nettoyage hygenique Aseptonet de qualit\u00e9 m\u00e9dicale, 100 pi\u00e8ces"},"content":{"rendered":"\n<p>\nCes lingettes sont &eacute;tudi&eacute;es pour le nettoyage hygienique des dispositifs m&eacute;dicaux non-invasifs et non-immergeables (petit mat&eacute;riel m&eacute;dical et dentaire). Lingettes &eacute;paisses impr&eacute;gn&eacute;es d&rsquo;une solution nettoyante et ethanol.<\/p>\n\n<p>\nMode d&rsquo;emploi:<\/p>\n<p>\nLingettes pr&ecirc;tes &agrave; l&rsquo;emploi &agrave; usage unique. Lors de la mise en service du sachet: ouvrir le d&eacute;vidoir, enlever d&eacute;finitivement l&rsquo;&eacute;tiquette d&rsquo;inviolabilit&eacute;, passer la premi&egrave;re l?gette dans l&rsquo;orifice du d&eacute;vidoir avec des mains propres puis refermer le d&eacute;vidoir. Passer la lingette sur le mat&eacute;riel. Laisser agir 30 secondes &agrave; 15 minutes selon l&rsquo;activit&eacute; antimicorbienne recherch&eacute;e. Laisser s&eacute;cher &agrave; l&rsquo;air libre. Ne pas rinces. Refermer le d&eacute;vidoir apr&egrave;s chaque utilisation p[rour &eacute;viter le d&eacute;ss&egrave;chement des lingettes.<\/p>\n\n<p>\nEmball&eacute; par 100 pi&egrave;ces, 180 x 200mm<\/p>\n\n<p>\nBact&eacute;ricide EN1276*, EN13727, EN13697*, EN14561 (dont SARM) en 5 min.<\/p>\n\n<p>\nTuberculocide sur Mycobacterium Terrae EN14348* et EN14563* en 15mn.<\/p>\n\n<p>\nFongicide EN14562* (sur Aspergillus Fugimatus) en 5 min.<\/p>\n\n<p>\nLevuricide EN1650, EN13697*, EN13624*, EN14562* sur Candida albicans en 5 min.<\/p>\n\n<p>\nVirucide EN14476 sur HBV, HCV, Adenovirus, Coronavirus, Norovirus, RSV, H1N1, HSV-1, Polyomavirus* en 1 mn, Rotavirus* en 15 mn.<\/p>\n\n","protected":false},"excerpt":{"rendered":"<p>Ces lingettes sont &eacute;tudi&eacute;es pour le nettoyage hygienique des dispositifs m&eacute;dicaux non-invasifs et non-immergeables (petit mat&eacute;riel m&eacute;dical et dentaire). Lingettes &eacute;paisses impr&eacute;gn&eacute;es d&rsquo;une solution nettoyante et ethanol. Mode d&rsquo;emploi: Lingettes pr&ecirc;tes &agrave; l&rsquo;emploi &agrave; usage unique. Lors de la mise en service du sachet: ouvrir le d&eacute;vidoir, enlever d&eacute;finitivement l&rsquo;&eacute;tiquette d&rsquo;inviolabilit&eacute;, passer la premi&egrave;re l?gette &hellip; <\/p>\n<p class=\"link-more\"><a href=\"https:\/\/www.praktivak.be\/fr\/produit\/lingettes-de-nettoyage-hygenique-aseptonet-de-qualite-medicale-100-pieces\/\" class=\"more-link\">Continuer la lecture<span class=\"screen-reader-text\"> \u00ab\u00a0Lingettes de nettoyage hygenique Aseptonet de qualit\u00e9 m\u00e9dicale, 100 pi\u00e8ces\u00a0\u00bb<\/span><\/a><\/p>\n","protected":false},"author":1,"featured_media":285364,"template":"","meta":{"_acf_changed":false,"_relevanssi_hide_post":"","_relevanssi_hide_content":"","_relevanssi_pin_for_all":"","_relevanssi_pin_keywords":"","_relevanssi_unpin_keywords":"","_relevanssi_related_keywords":"","_relevanssi_related_include_ids":"","_relevanssi_related_exclude_ids":"","_relevanssi_related_no_append":"","_relevanssi_related_not_related":"","_relevanssi_related_posts":"","_relevanssi_noindex_reason":"","advgb_blocks_editor_width":"","advgb_blocks_columns_visual_guide":"","footnotes":""},"product_brand":[],"product_cat":[2008],"product_tag":[],"class_list":{"0":"post-336878","1":"product","2":"type-product","3":"status-publish","4":"has-post-thumbnail","6":"product_cat-diverse-hygiene-en-desinfectie-fr","8":"first","9":"instock","10":"taxable","11":"shipping-taxable","12":"product-type-simple"},"acf":[],"yoast_head":"<!-- This site is optimized with the Yoast SEO plugin v27.2 - https:\/\/yoast.com\/product\/yoast-seo-wordpress\/ -->\n<title>Lingettes de nettoyage hygenique Aseptonet de qualit\u00e9 m\u00e9dicale, 100 pi\u00e8ces - Praktivak<\/title>\n<meta name=\"robots\" content=\"index, follow, max-snippet:-1, max-image-preview:large, max-video-preview:-1\" \/>\n<link rel=\"canonical\" href=\"https:\/\/www.praktivak.be\/fr\/produit\/lingettes-de-nettoyage-hygenique-aseptonet-de-qualite-medicale-100-pieces\/\" \/>\n<meta property=\"og:locale\" content=\"fr_FR\" \/>\n<meta property=\"og:type\" content=\"article\" \/>\n<meta property=\"og:title\" content=\"Lingettes de nettoyage hygenique Aseptonet de qualit\u00e9 m\u00e9dicale, 100 pi\u00e8ces - Praktivak\" \/>\n<meta property=\"og:description\" content=\"Ces lingettes sont &eacute;tudi&eacute;es pour le nettoyage hygienique des dispositifs m&eacute;dicaux non-invasifs et non-immergeables (petit mat&eacute;riel m&eacute;dical et dentaire). Lingettes &eacute;paisses impr&eacute;gn&eacute;es d&rsquo;une solution nettoyante et ethanol. Mode d&rsquo;emploi: Lingettes pr&ecirc;tes &agrave; l&rsquo;emploi &agrave; usage unique. Lors de la mise en service du sachet: ouvrir le d&eacute;vidoir, enlever d&eacute;finitivement l&rsquo;&eacute;tiquette d&rsquo;inviolabilit&eacute;, passer la premi&egrave;re l?gette &hellip; Continuer la lecture &quot;Lingettes de nettoyage hygenique Aseptonet de qualit\u00e9 m\u00e9dicale, 100 pi\u00e8ces&quot;\" \/>\n<meta property=\"og:url\" content=\"https:\/\/www.praktivak.be\/fr\/produit\/lingettes-de-nettoyage-hygenique-aseptonet-de-qualite-medicale-100-pieces\/\" \/>\n<meta property=\"og:site_name\" content=\"Praktivak\" \/>\n<meta property=\"article:modified_time\" content=\"2026-02-01T02:00:40+00:00\" \/>\n<meta property=\"og:image\" content=\"https:\/\/www.praktivak.be\/wp-content\/uploads\/2025\/09\/CF1710000-2.jpg\" \/>\n\t<meta property=\"og:image:width\" content=\"800\" \/>\n\t<meta property=\"og:image:height\" content=\"800\" \/>\n\t<meta property=\"og:image:type\" content=\"image\/jpeg\" \/>\n<meta name=\"twitter:card\" content=\"summary_large_image\" \/>\n<meta name=\"twitter:label1\" content=\"Dur\u00e9e de lecture estim\u00e9e\" \/>\n\t<meta name=\"twitter:data1\" content=\"1 minute\" \/>\n<script type=\"application\/ld+json\" class=\"yoast-schema-graph\">{\"@context\":\"https:\/\/schema.org\",\"@graph\":[{\"@type\":\"WebPage\",\"@id\":\"https:\/\/www.praktivak.be\/fr\/produit\/lingettes-de-nettoyage-hygenique-aseptonet-de-qualite-medicale-100-pieces\/\",\"url\":\"https:\/\/www.praktivak.be\/fr\/produit\/lingettes-de-nettoyage-hygenique-aseptonet-de-qualite-medicale-100-pieces\/\",\"name\":\"Lingettes de nettoyage hygenique Aseptonet de qualit\u00e9 m\u00e9dicale, 100 pi\u00e8ces - Praktivak\",\"isPartOf\":{\"@id\":\"https:\/\/www.praktivak.be\/fr\/#website\"},\"primaryImageOfPage\":{\"@id\":\"https:\/\/www.praktivak.be\/fr\/produit\/lingettes-de-nettoyage-hygenique-aseptonet-de-qualite-medicale-100-pieces\/#primaryimage\"},\"image\":{\"@id\":\"https:\/\/www.praktivak.be\/fr\/produit\/lingettes-de-nettoyage-hygenique-aseptonet-de-qualite-medicale-100-pieces\/#primaryimage\"},\"thumbnailUrl\":\"https:\/\/www.praktivak.be\/wp-content\/uploads\/2025\/09\/CF1710000-2.jpg\",\"datePublished\":\"2026-01-13T16:02:37+00:00\",\"dateModified\":\"2026-02-01T02:00:40+00:00\",\"breadcrumb\":{\"@id\":\"https:\/\/www.praktivak.be\/fr\/produit\/lingettes-de-nettoyage-hygenique-aseptonet-de-qualite-medicale-100-pieces\/#breadcrumb\"},\"inLanguage\":\"fr-FR\",\"potentialAction\":[{\"@type\":\"ReadAction\",\"target\":[\"https:\/\/www.praktivak.be\/fr\/produit\/lingettes-de-nettoyage-hygenique-aseptonet-de-qualite-medicale-100-pieces\/\"]}]},{\"@type\":\"ImageObject\",\"inLanguage\":\"fr-FR\",\"@id\":\"https:\/\/www.praktivak.be\/fr\/produit\/lingettes-de-nettoyage-hygenique-aseptonet-de-qualite-medicale-100-pieces\/#primaryimage\",\"url\":\"https:\/\/www.praktivak.be\/wp-content\/uploads\/2025\/09\/CF1710000-2.jpg\",\"contentUrl\":\"https:\/\/www.praktivak.be\/wp-content\/uploads\/2025\/09\/CF1710000-2.jpg\",\"width\":800,\"height\":800,\"caption\":\"Aseptonet dikke, medische hygienische doekjes, 100 stuks\"},{\"@type\":\"BreadcrumbList\",\"@id\":\"https:\/\/www.praktivak.be\/fr\/produit\/lingettes-de-nettoyage-hygenique-aseptonet-de-qualite-medicale-100-pieces\/#breadcrumb\",\"itemListElement\":[{\"@type\":\"ListItem\",\"position\":1,\"name\":\"Home\",\"item\":\"https:\/\/www.praktivak.be\/fr\/\"},{\"@type\":\"ListItem\",\"position\":2,\"name\":\"Boutique\",\"item\":\"https:\/\/www.praktivak.be\/fr\/boutique\/\"},{\"@type\":\"ListItem\",\"position\":3,\"name\":\"Lingettes de nettoyage hygenique Aseptonet de qualit\u00e9 m\u00e9dicale, 100 pi\u00e8ces\"}]},{\"@type\":\"WebSite\",\"@id\":\"https:\/\/www.praktivak.be\/fr\/#website\",\"url\":\"https:\/\/www.praktivak.be\/fr\/\",\"name\":\"Praktivak\",\"description\":\"\",\"publisher\":{\"@id\":\"https:\/\/www.praktivak.be\/fr\/#organization\"},\"potentialAction\":[{\"@type\":\"SearchAction\",\"target\":{\"@type\":\"EntryPoint\",\"urlTemplate\":\"https:\/\/www.praktivak.be\/fr\/?s={search_term_string}\"},\"query-input\":{\"@type\":\"PropertyValueSpecification\",\"valueRequired\":true,\"valueName\":\"search_term_string\"}}],\"inLanguage\":\"fr-FR\"},{\"@type\":\"Organization\",\"@id\":\"https:\/\/www.praktivak.be\/fr\/#organization\",\"name\":\"Praktivak\",\"url\":\"https:\/\/www.praktivak.be\/fr\/\",\"logo\":{\"@type\":\"ImageObject\",\"inLanguage\":\"fr-FR\",\"@id\":\"https:\/\/www.praktivak.be\/fr\/#\/schema\/logo\/image\/\",\"url\":\"https:\/\/www.praktivak.be\/wp-content\/uploads\/2024\/09\/Logo.png\",\"contentUrl\":\"https:\/\/www.praktivak.be\/wp-content\/uploads\/2024\/09\/Logo.png\",\"width\":1774,\"height\":337,\"caption\":\"Praktivak\"},\"image\":{\"@id\":\"https:\/\/www.praktivak.be\/fr\/#\/schema\/logo\/image\/\"}}]}<\/script>\n<!-- \/ Yoast SEO plugin. -->","yoast_head_json":{"title":"Lingettes de nettoyage hygenique Aseptonet de qualit\u00e9 m\u00e9dicale, 100 pi\u00e8ces - Praktivak","robots":{"index":"index","follow":"follow","max-snippet":"max-snippet:-1","max-image-preview":"max-image-preview:large","max-video-preview":"max-video-preview:-1"},"canonical":"https:\/\/www.praktivak.be\/fr\/produit\/lingettes-de-nettoyage-hygenique-aseptonet-de-qualite-medicale-100-pieces\/","og_locale":"fr_FR","og_type":"article","og_title":"Lingettes de nettoyage hygenique Aseptonet de qualit\u00e9 m\u00e9dicale, 100 pi\u00e8ces - Praktivak","og_description":"Ces lingettes sont &eacute;tudi&eacute;es pour le nettoyage hygienique des dispositifs m&eacute;dicaux non-invasifs et non-immergeables (petit mat&eacute;riel m&eacute;dical et dentaire). Lingettes &eacute;paisses impr&eacute;gn&eacute;es d&rsquo;une solution nettoyante et ethanol. Mode d&rsquo;emploi: Lingettes pr&ecirc;tes &agrave; l&rsquo;emploi &agrave; usage unique. Lors de la mise en service du sachet: ouvrir le d&eacute;vidoir, enlever d&eacute;finitivement l&rsquo;&eacute;tiquette d&rsquo;inviolabilit&eacute;, passer la premi&egrave;re l?gette &hellip; Continuer la lecture \"Lingettes de nettoyage hygenique Aseptonet de qualit\u00e9 m\u00e9dicale, 100 pi\u00e8ces\"","og_url":"https:\/\/www.praktivak.be\/fr\/produit\/lingettes-de-nettoyage-hygenique-aseptonet-de-qualite-medicale-100-pieces\/","og_site_name":"Praktivak","article_modified_time":"2026-02-01T02:00:40+00:00","og_image":[{"width":800,"height":800,"url":"https:\/\/www.praktivak.be\/wp-content\/uploads\/2025\/09\/CF1710000-2.jpg","type":"image\/jpeg"}],"twitter_card":"summary_large_image","twitter_misc":{"Dur\u00e9e de lecture estim\u00e9e":"1 minute"},"schema":{"@context":"https:\/\/schema.org","@graph":[{"@type":"WebPage","@id":"https:\/\/www.praktivak.be\/fr\/produit\/lingettes-de-nettoyage-hygenique-aseptonet-de-qualite-medicale-100-pieces\/","url":"https:\/\/www.praktivak.be\/fr\/produit\/lingettes-de-nettoyage-hygenique-aseptonet-de-qualite-medicale-100-pieces\/","name":"Lingettes de nettoyage hygenique Aseptonet de qualit\u00e9 m\u00e9dicale, 100 pi\u00e8ces - Praktivak","isPartOf":{"@id":"https:\/\/www.praktivak.be\/fr\/#website"},"primaryImageOfPage":{"@id":"https:\/\/www.praktivak.be\/fr\/produit\/lingettes-de-nettoyage-hygenique-aseptonet-de-qualite-medicale-100-pieces\/#primaryimage"},"image":{"@id":"https:\/\/www.praktivak.be\/fr\/produit\/lingettes-de-nettoyage-hygenique-aseptonet-de-qualite-medicale-100-pieces\/#primaryimage"},"thumbnailUrl":"https:\/\/www.praktivak.be\/wp-content\/uploads\/2025\/09\/CF1710000-2.jpg","datePublished":"2026-01-13T16:02:37+00:00","dateModified":"2026-02-01T02:00:40+00:00","breadcrumb":{"@id":"https:\/\/www.praktivak.be\/fr\/produit\/lingettes-de-nettoyage-hygenique-aseptonet-de-qualite-medicale-100-pieces\/#breadcrumb"},"inLanguage":"fr-FR","potentialAction":[{"@type":"ReadAction","target":["https:\/\/www.praktivak.be\/fr\/produit\/lingettes-de-nettoyage-hygenique-aseptonet-de-qualite-medicale-100-pieces\/"]}]},{"@type":"ImageObject","inLanguage":"fr-FR","@id":"https:\/\/www.praktivak.be\/fr\/produit\/lingettes-de-nettoyage-hygenique-aseptonet-de-qualite-medicale-100-pieces\/#primaryimage","url":"https:\/\/www.praktivak.be\/wp-content\/uploads\/2025\/09\/CF1710000-2.jpg","contentUrl":"https:\/\/www.praktivak.be\/wp-content\/uploads\/2025\/09\/CF1710000-2.jpg","width":800,"height":800,"caption":"Aseptonet dikke, medische hygienische doekjes, 100 stuks"},{"@type":"BreadcrumbList","@id":"https:\/\/www.praktivak.be\/fr\/produit\/lingettes-de-nettoyage-hygenique-aseptonet-de-qualite-medicale-100-pieces\/#breadcrumb","itemListElement":[{"@type":"ListItem","position":1,"name":"Home","item":"https:\/\/www.praktivak.be\/fr\/"},{"@type":"ListItem","position":2,"name":"Boutique","item":"https:\/\/www.praktivak.be\/fr\/boutique\/"},{"@type":"ListItem","position":3,"name":"Lingettes de nettoyage hygenique Aseptonet de qualit\u00e9 m\u00e9dicale, 100 pi\u00e8ces"}]},{"@type":"WebSite","@id":"https:\/\/www.praktivak.be\/fr\/#website","url":"https:\/\/www.praktivak.be\/fr\/","name":"Praktivak","description":"","publisher":{"@id":"https:\/\/www.praktivak.be\/fr\/#organization"},"potentialAction":[{"@type":"SearchAction","target":{"@type":"EntryPoint","urlTemplate":"https:\/\/www.praktivak.be\/fr\/?s={search_term_string}"},"query-input":{"@type":"PropertyValueSpecification","valueRequired":true,"valueName":"search_term_string"}}],"inLanguage":"fr-FR"},{"@type":"Organization","@id":"https:\/\/www.praktivak.be\/fr\/#organization","name":"Praktivak","url":"https:\/\/www.praktivak.be\/fr\/","logo":{"@type":"ImageObject","inLanguage":"fr-FR","@id":"https:\/\/www.praktivak.be\/fr\/#\/schema\/logo\/image\/","url":"https:\/\/www.praktivak.be\/wp-content\/uploads\/2024\/09\/Logo.png","contentUrl":"https:\/\/www.praktivak.be\/wp-content\/uploads\/2024\/09\/Logo.png","width":1774,"height":337,"caption":"Praktivak"},"image":{"@id":"https:\/\/www.praktivak.be\/fr\/#\/schema\/logo\/image\/"}}]}},"featured_img":"https:\/\/www.praktivak.be\/wp-content\/uploads\/2025\/09\/CF1710000-2.jpg","coauthors":[],"author_meta":{"author_link":"https:\/\/www.praktivak.be\/fr\/author\/madeit\/","display_name":"Tjebbe Lievens"},"relative_dates":{"created":"Publi\u00e9 3 mois il y a","modified":"Mis \u00e0 jour 2 mois il y a"},"absolute_dates":{"created":"Publi\u00e9 le 13 janvier 2026","modified":"Mise \u00e0 jour le 1 f\u00e9vrier 2026"},"absolute_dates_time":{"created":"Publi\u00e9 le 13 janvier 2026 17h02","modified":"Mise \u00e0 jour le 1 f\u00e9vrier 2026 3h00"},"featured_img_caption":"","tax_additional":{"product_brand":{"linked":[],"unlinked":[],"slug":"product_brand","name":"Marques"},"product_type":{"linked":["<a href=\"https:\/\/www.praktivak.be\/fr\/?taxonomy=product_type&#038;term=simple\" class=\"advgb-post-tax-term\">simple<\/a>"],"unlinked":["<span class=\"advgb-post-tax-term\">simple<\/span>"],"slug":"product_type","name":"Type de produit"},"product_visibility":{"linked":[],"unlinked":[],"slug":"product_visibility","name":"Visibilit\u00e9 du produit"},"product_cat":{"linked":["<a href=\"https:\/\/www.praktivak.be\/fr\/categorie-de-produit\/hygiene-en-desinfectie-fr\/diverse-hygiene-en-desinfectie-fr\/\" class=\"advgb-post-tax-term\">Divers<\/a>"],"unlinked":["<span class=\"advgb-post-tax-term\">Divers<\/span>"],"slug":"product_cat","name":"Cat\u00e9gories de produits"},"product_tag":{"linked":[],"unlinked":[],"slug":"product_tag","name":"\u00c9tiquettes produit"},"product_shipping_class":{"linked":[],"unlinked":[],"slug":"product_shipping_class","name":"Classe d\u2019exp\u00e9dition du produit"},"pos_product_visibility":{"linked":[],"unlinked":[],"slug":"pos_product_visibility","name":"Visibilit\u00e9 du produit sur le point de vente"},"translation_priority":{"linked":[],"unlinked":[],"slug":"translation_priority","name":"Priorit\u00e9s de traduction"}},"series_order":"","_links":{"self":[{"href":"https:\/\/www.praktivak.be\/fr\/wp-json\/wp\/v2\/product\/336878","targetHints":{"allow":["GET"]}}],"collection":[{"href":"https:\/\/www.praktivak.be\/fr\/wp-json\/wp\/v2\/product"}],"about":[{"href":"https:\/\/www.praktivak.be\/fr\/wp-json\/wp\/v2\/types\/product"}],"version-history":[{"count":9,"href":"https:\/\/www.praktivak.be\/fr\/wp-json\/wp\/v2\/product\/336878\/revisions"}],"predecessor-version":[{"id":336887,"href":"https:\/\/www.praktivak.be\/fr\/wp-json\/wp\/v2\/product\/336878\/revisions\/336887"}],"wp:featuredmedia":[{"embeddable":true,"href":"https:\/\/www.praktivak.be\/fr\/wp-json\/wp\/v2\/media\/285364"}],"wp:attachment":[{"href":"https:\/\/www.praktivak.be\/fr\/wp-json\/wp\/v2\/media?parent=336878"}],"wp:term":[{"taxonomy":"product_brand","embeddable":true,"href":"https:\/\/www.praktivak.be\/fr\/wp-json\/wp\/v2\/product_brand?post=336878"},{"taxonomy":"product_cat","embeddable":true,"href":"https:\/\/www.praktivak.be\/fr\/wp-json\/wp\/v2\/product_cat?post=336878"},{"taxonomy":"product_tag","embeddable":true,"href":"https:\/\/www.praktivak.be\/fr\/wp-json\/wp\/v2\/product_tag?post=336878"}],"curies":[{"name":"wp","href":"https:\/\/api.w.org\/{rel}","templated":true}]}}