

{"id":333963,"date":"2025-11-13T12:18:42","date_gmt":"2025-11-13T11:18:42","guid":{"rendered":"https:\/\/www.praktivak.be\/product\/lcn-natural-care-system\/"},"modified":"2026-01-27T20:01:03","modified_gmt":"2026-01-27T19:01:03","slug":"lcn-natural-care-system","status":"publish","type":"product","link":"https:\/\/www.praktivak.be\/fr\/produit\/lcn-natural-care-system\/","title":{"rendered":"LCN Natural Care System"},"content":{"rendered":"\n<p>\nNatural Care scelle l&rsquo;ongle naturel et prot&egrave;ge la surface des influences environnementales. Le soin naturel est appliqu&eacute; sur la plaque de l&rsquo;ongle. Les substances nourrissantes sont ainsi absorb&eacute;es par la plaque de l&rsquo;ongle, la p&eacute;n&egrave;trent et les substances actives peuvent faire leur travail.<\/p>\n\n\n<p>\nContenu :<\/p>\n\n<p>\n&ndash; Cr&egrave;me de soins naturels, 15 ml<\/p>\n\n<p>\n&ndash; Lime de polissage, trois couches<\/p>\n\n<p>\n&ndash; Huile pour ongles, 16ml<\/p>\n\n<p>\n&ndash; 1 pinceau plat<\/p>\n\n\n<p>\nUtilisation :<\/p>\n\n<p>\n&ndash; Appliquez la cr&egrave;me de soin naturel avec le pinceau sur l&rsquo;ensemble de l&rsquo;ongle ou sur la transition avec l&rsquo;ongle artificiel ;<\/p>\n\n<p>\n&ndash; Utilisez le c&ocirc;t&eacute; rose de la lime &agrave; polir pour faire p&eacute;n&eacute;trer la cr&egrave;me de soin naturelle dans l&rsquo;ongle et lisser la surface ;<\/p>\n\n<p>\n&ndash; Enlevez le reste du Soin Naturel avec une cellulose ou un coton ;<\/p>\n\n<p>\n&ndash; Appliquez maintenant l&rsquo;huile &agrave; ongles et faites-la p&eacute;n&eacute;trer dans l&rsquo;ongle avec le c&ocirc;t&eacute; blanc de la lime &agrave; polir ;<\/p>\n\n<p>\n&ndash; Utilisez maintenant le c&ocirc;t&eacute; gris pour polir la surface de l&rsquo;ongle jusqu&rsquo;&agrave; ce qu&rsquo;elle soit tr&egrave;s brillante. <\/p>\n\n\n<p>\nUtilisez la cr&egrave;me de soins naturels une fois par mois. Polissez les ongles une ou deux fois par semaine avec l&rsquo;huile pour ongles et le c&ocirc;t&eacute; gris de la lime &agrave; polir.<\/p>\n\n","protected":false},"excerpt":{"rendered":"<p>Natural Care scelle l&rsquo;ongle naturel et prot&egrave;ge la surface des influences environnementales. Le soin naturel est appliqu&eacute; sur la plaque de l&rsquo;ongle. Les substances nourrissantes sont ainsi absorb&eacute;es par la plaque de l&rsquo;ongle, la p&eacute;n&egrave;trent et les substances actives peuvent faire leur travail. Contenu : &ndash; Cr&egrave;me de soins naturels, 15 ml &ndash; Lime de &hellip; <\/p>\n<p class=\"link-more\"><a href=\"https:\/\/www.praktivak.be\/fr\/produit\/lcn-natural-care-system\/\" class=\"more-link\">Continuer la lecture<span class=\"screen-reader-text\"> \u00ab\u00a0LCN Natural Care System\u00a0\u00bb<\/span><\/a><\/p>\n","protected":false},"author":1,"featured_media":0,"template":"","meta":{"_acf_changed":false,"_relevanssi_hide_post":"","_relevanssi_hide_content":"","_relevanssi_pin_for_all":"","_relevanssi_pin_keywords":"","_relevanssi_unpin_keywords":"","_relevanssi_related_keywords":"","_relevanssi_related_include_ids":"","_relevanssi_related_exclude_ids":"","_relevanssi_related_no_append":"","_relevanssi_related_not_related":"","_relevanssi_related_posts":"","_relevanssi_noindex_reason":"","advgb_blocks_editor_width":"","advgb_blocks_columns_visual_guide":"","footnotes":""},"product_brand":[],"product_cat":[2117],"product_tag":[],"class_list":{"0":"post-333963","1":"product","2":"type-product","3":"status-publish","5":"product_cat-verzorgingsproducten-manicure-2-fr","7":"first","8":"instock","9":"taxable","10":"shipping-taxable","11":"product-type-simple"},"acf":[],"yoast_head":"<!-- This site is optimized with the Yoast SEO plugin v27.2 - https:\/\/yoast.com\/product\/yoast-seo-wordpress\/ -->\n<title>LCN Natural Care System - Praktivak<\/title>\n<meta name=\"robots\" content=\"index, follow, max-snippet:-1, max-image-preview:large, max-video-preview:-1\" \/>\n<link rel=\"canonical\" href=\"https:\/\/www.praktivak.be\/fr\/produit\/lcn-natural-care-system\/\" \/>\n<meta property=\"og:locale\" content=\"fr_FR\" \/>\n<meta property=\"og:type\" content=\"article\" \/>\n<meta property=\"og:title\" content=\"LCN Natural Care System - Praktivak\" \/>\n<meta property=\"og:description\" content=\"Natural Care scelle l&rsquo;ongle naturel et prot&egrave;ge la surface des influences environnementales. Le soin naturel est appliqu&eacute; sur la plaque de l&rsquo;ongle. Les substances nourrissantes sont ainsi absorb&eacute;es par la plaque de l&rsquo;ongle, la p&eacute;n&egrave;trent et les substances actives peuvent faire leur travail. Contenu : &ndash; Cr&egrave;me de soins naturels, 15 ml &ndash; Lime de &hellip; Continuer la lecture &quot;LCN Natural Care System&quot;\" \/>\n<meta property=\"og:url\" content=\"https:\/\/www.praktivak.be\/fr\/produit\/lcn-natural-care-system\/\" \/>\n<meta property=\"og:site_name\" content=\"Praktivak\" \/>\n<meta property=\"article:modified_time\" content=\"2026-01-27T19:01:03+00:00\" \/>\n<meta name=\"twitter:card\" content=\"summary_large_image\" \/>\n<meta name=\"twitter:label1\" content=\"Dur\u00e9e de lecture estim\u00e9e\" \/>\n\t<meta name=\"twitter:data1\" content=\"1 minute\" \/>\n<script type=\"application\/ld+json\" class=\"yoast-schema-graph\">{\"@context\":\"https:\/\/schema.org\",\"@graph\":[{\"@type\":\"WebPage\",\"@id\":\"https:\/\/www.praktivak.be\/fr\/produit\/lcn-natural-care-system\/\",\"url\":\"https:\/\/www.praktivak.be\/fr\/produit\/lcn-natural-care-system\/\",\"name\":\"LCN Natural Care System - Praktivak\",\"isPartOf\":{\"@id\":\"https:\/\/www.praktivak.be\/fr\/#website\"},\"datePublished\":\"2025-11-13T11:18:42+00:00\",\"dateModified\":\"2026-01-27T19:01:03+00:00\",\"breadcrumb\":{\"@id\":\"https:\/\/www.praktivak.be\/fr\/produit\/lcn-natural-care-system\/#breadcrumb\"},\"inLanguage\":\"fr-FR\",\"potentialAction\":[{\"@type\":\"ReadAction\",\"target\":[\"https:\/\/www.praktivak.be\/fr\/produit\/lcn-natural-care-system\/\"]}]},{\"@type\":\"BreadcrumbList\",\"@id\":\"https:\/\/www.praktivak.be\/fr\/produit\/lcn-natural-care-system\/#breadcrumb\",\"itemListElement\":[{\"@type\":\"ListItem\",\"position\":1,\"name\":\"Home\",\"item\":\"https:\/\/www.praktivak.be\/fr\/\"},{\"@type\":\"ListItem\",\"position\":2,\"name\":\"Boutique\",\"item\":\"https:\/\/www.praktivak.be\/fr\/boutique\/\"},{\"@type\":\"ListItem\",\"position\":3,\"name\":\"LCN Natural Care System\"}]},{\"@type\":\"WebSite\",\"@id\":\"https:\/\/www.praktivak.be\/fr\/#website\",\"url\":\"https:\/\/www.praktivak.be\/fr\/\",\"name\":\"Praktivak\",\"description\":\"\",\"publisher\":{\"@id\":\"https:\/\/www.praktivak.be\/fr\/#organization\"},\"potentialAction\":[{\"@type\":\"SearchAction\",\"target\":{\"@type\":\"EntryPoint\",\"urlTemplate\":\"https:\/\/www.praktivak.be\/fr\/?s={search_term_string}\"},\"query-input\":{\"@type\":\"PropertyValueSpecification\",\"valueRequired\":true,\"valueName\":\"search_term_string\"}}],\"inLanguage\":\"fr-FR\"},{\"@type\":\"Organization\",\"@id\":\"https:\/\/www.praktivak.be\/fr\/#organization\",\"name\":\"Praktivak\",\"url\":\"https:\/\/www.praktivak.be\/fr\/\",\"logo\":{\"@type\":\"ImageObject\",\"inLanguage\":\"fr-FR\",\"@id\":\"https:\/\/www.praktivak.be\/fr\/#\/schema\/logo\/image\/\",\"url\":\"https:\/\/www.praktivak.be\/wp-content\/uploads\/2024\/09\/Logo.png\",\"contentUrl\":\"https:\/\/www.praktivak.be\/wp-content\/uploads\/2024\/09\/Logo.png\",\"width\":1774,\"height\":337,\"caption\":\"Praktivak\"},\"image\":{\"@id\":\"https:\/\/www.praktivak.be\/fr\/#\/schema\/logo\/image\/\"}}]}<\/script>\n<!-- \/ Yoast SEO plugin. -->","yoast_head_json":{"title":"LCN Natural Care System - Praktivak","robots":{"index":"index","follow":"follow","max-snippet":"max-snippet:-1","max-image-preview":"max-image-preview:large","max-video-preview":"max-video-preview:-1"},"canonical":"https:\/\/www.praktivak.be\/fr\/produit\/lcn-natural-care-system\/","og_locale":"fr_FR","og_type":"article","og_title":"LCN Natural Care System - Praktivak","og_description":"Natural Care scelle l&rsquo;ongle naturel et prot&egrave;ge la surface des influences environnementales. Le soin naturel est appliqu&eacute; sur la plaque de l&rsquo;ongle. Les substances nourrissantes sont ainsi absorb&eacute;es par la plaque de l&rsquo;ongle, la p&eacute;n&egrave;trent et les substances actives peuvent faire leur travail. Contenu : &ndash; Cr&egrave;me de soins naturels, 15 ml &ndash; Lime de &hellip; Continuer la lecture \"LCN Natural Care System\"","og_url":"https:\/\/www.praktivak.be\/fr\/produit\/lcn-natural-care-system\/","og_site_name":"Praktivak","article_modified_time":"2026-01-27T19:01:03+00:00","twitter_card":"summary_large_image","twitter_misc":{"Dur\u00e9e de lecture estim\u00e9e":"1 minute"},"schema":{"@context":"https:\/\/schema.org","@graph":[{"@type":"WebPage","@id":"https:\/\/www.praktivak.be\/fr\/produit\/lcn-natural-care-system\/","url":"https:\/\/www.praktivak.be\/fr\/produit\/lcn-natural-care-system\/","name":"LCN Natural Care System - Praktivak","isPartOf":{"@id":"https:\/\/www.praktivak.be\/fr\/#website"},"datePublished":"2025-11-13T11:18:42+00:00","dateModified":"2026-01-27T19:01:03+00:00","breadcrumb":{"@id":"https:\/\/www.praktivak.be\/fr\/produit\/lcn-natural-care-system\/#breadcrumb"},"inLanguage":"fr-FR","potentialAction":[{"@type":"ReadAction","target":["https:\/\/www.praktivak.be\/fr\/produit\/lcn-natural-care-system\/"]}]},{"@type":"BreadcrumbList","@id":"https:\/\/www.praktivak.be\/fr\/produit\/lcn-natural-care-system\/#breadcrumb","itemListElement":[{"@type":"ListItem","position":1,"name":"Home","item":"https:\/\/www.praktivak.be\/fr\/"},{"@type":"ListItem","position":2,"name":"Boutique","item":"https:\/\/www.praktivak.be\/fr\/boutique\/"},{"@type":"ListItem","position":3,"name":"LCN Natural Care System"}]},{"@type":"WebSite","@id":"https:\/\/www.praktivak.be\/fr\/#website","url":"https:\/\/www.praktivak.be\/fr\/","name":"Praktivak","description":"","publisher":{"@id":"https:\/\/www.praktivak.be\/fr\/#organization"},"potentialAction":[{"@type":"SearchAction","target":{"@type":"EntryPoint","urlTemplate":"https:\/\/www.praktivak.be\/fr\/?s={search_term_string}"},"query-input":{"@type":"PropertyValueSpecification","valueRequired":true,"valueName":"search_term_string"}}],"inLanguage":"fr-FR"},{"@type":"Organization","@id":"https:\/\/www.praktivak.be\/fr\/#organization","name":"Praktivak","url":"https:\/\/www.praktivak.be\/fr\/","logo":{"@type":"ImageObject","inLanguage":"fr-FR","@id":"https:\/\/www.praktivak.be\/fr\/#\/schema\/logo\/image\/","url":"https:\/\/www.praktivak.be\/wp-content\/uploads\/2024\/09\/Logo.png","contentUrl":"https:\/\/www.praktivak.be\/wp-content\/uploads\/2024\/09\/Logo.png","width":1774,"height":337,"caption":"Praktivak"},"image":{"@id":"https:\/\/www.praktivak.be\/fr\/#\/schema\/logo\/image\/"}}]}},"featured_img":false,"coauthors":[],"author_meta":{"author_link":"https:\/\/www.praktivak.be\/fr\/author\/madeit\/","display_name":"Tjebbe Lievens"},"relative_dates":{"created":"Publi\u00e9 5 mois il y a","modified":"Mis \u00e0 jour 3 mois il y a"},"absolute_dates":{"created":"Publi\u00e9 le 13 novembre 2025","modified":"Mise \u00e0 jour le 27 janvier 2026"},"absolute_dates_time":{"created":"Publi\u00e9 le 13 novembre 2025 12h18","modified":"Mise \u00e0 jour le 27 janvier 2026 20h01"},"featured_img_caption":"","tax_additional":{"product_brand":{"linked":[],"unlinked":[],"slug":"product_brand","name":"Marques"},"product_type":{"linked":["<a href=\"https:\/\/www.praktivak.be\/fr\/?taxonomy=product_type&#038;term=simple\" class=\"advgb-post-tax-term\">simple<\/a>"],"unlinked":["<span class=\"advgb-post-tax-term\">simple<\/span>"],"slug":"product_type","name":"Type de produit"},"product_visibility":{"linked":[],"unlinked":[],"slug":"product_visibility","name":"Visibilit\u00e9 du produit"},"product_cat":{"linked":["<a href=\"https:\/\/www.praktivak.be\/fr\/categorie-de-produit\/manicure\/verzorgingsproducten-manicure-2-fr\/\" class=\"advgb-post-tax-term\">Produits de soins<\/a>"],"unlinked":["<span class=\"advgb-post-tax-term\">Produits de soins<\/span>"],"slug":"product_cat","name":"Cat\u00e9gories de produits"},"product_tag":{"linked":[],"unlinked":[],"slug":"product_tag","name":"\u00c9tiquettes produit"},"product_shipping_class":{"linked":[],"unlinked":[],"slug":"product_shipping_class","name":"Classe d\u2019exp\u00e9dition du produit"},"pos_product_visibility":{"linked":[],"unlinked":[],"slug":"pos_product_visibility","name":"Visibilit\u00e9 du produit sur le point de vente"},"translation_priority":{"linked":[],"unlinked":[],"slug":"translation_priority","name":"Priorit\u00e9s de traduction"}},"series_order":"","_links":{"self":[{"href":"https:\/\/www.praktivak.be\/fr\/wp-json\/wp\/v2\/product\/333963","targetHints":{"allow":["GET"]}}],"collection":[{"href":"https:\/\/www.praktivak.be\/fr\/wp-json\/wp\/v2\/product"}],"about":[{"href":"https:\/\/www.praktivak.be\/fr\/wp-json\/wp\/v2\/types\/product"}],"version-history":[{"count":5,"href":"https:\/\/www.praktivak.be\/fr\/wp-json\/wp\/v2\/product\/333963\/revisions"}],"predecessor-version":[{"id":333973,"href":"https:\/\/www.praktivak.be\/fr\/wp-json\/wp\/v2\/product\/333963\/revisions\/333973"}],"wp:attachment":[{"href":"https:\/\/www.praktivak.be\/fr\/wp-json\/wp\/v2\/media?parent=333963"}],"wp:term":[{"taxonomy":"product_brand","embeddable":true,"href":"https:\/\/www.praktivak.be\/fr\/wp-json\/wp\/v2\/product_brand?post=333963"},{"taxonomy":"product_cat","embeddable":true,"href":"https:\/\/www.praktivak.be\/fr\/wp-json\/wp\/v2\/product_cat?post=333963"},{"taxonomy":"product_tag","embeddable":true,"href":"https:\/\/www.praktivak.be\/fr\/wp-json\/wp\/v2\/product_tag?post=333963"}],"curies":[{"name":"wp","href":"https:\/\/api.w.org\/{rel}","templated":true}]}}