

{"id":332841,"date":"2025-11-05T12:16:34","date_gmt":"2025-11-05T11:16:34","guid":{"rendered":"https:\/\/www.praktivak.be\/product\/coming-soon-footlogix-day-night-combo-2-pcs\/"},"modified":"2026-02-01T16:23:14","modified_gmt":"2026-02-01T15:23:14","slug":"footlogix-day-night-combo-2-pcs","status":"publish","type":"product","link":"https:\/\/www.praktivak.be\/fr\/produit\/footlogix-day-night-combo-2-pcs\/","title":{"rendered":"Footlogix Day &amp; Night Combo, 2 pcs."},"content":{"rendered":"\n<div data-oe-version=\"1.2\">Kit Footlogix Day &amp; Night<\/div>\n<div><\/div>\n<div>Le duo parfait pour prendre soin de vos pieds 24 heures sur 24. <\/div>\n<div>Commencez la journ&eacute;e avec la formule l&eacute;g&egrave;re Daily Maintenance Formula pour maintenir l&rsquo;hydratation et terminez-la avec la DD Cream Mousse pour nourrir, rajeunir et prot&eacute;ger la peau pendant la nuit. Ensemble, ils gardent vos pieds doux, sains et bien soign&eacute;s du matin au soir.<\/div>\n<div><\/div>\n<div>Le kit Jour &amp; Nuit est recommand&eacute; pour :<\/div>\n<ul>\n<li>Les clients qui souhaitent conserver des pieds doux et sains : un duo parfait pour le jour et la nuit, pour une hydratation et une protection continues de la peau.<\/li>\n<li>Les personnes ayant une peau s&egrave;che, sensible ou vieillissante qui ont besoin d&rsquo;hydratation pendant la journ&eacute;e et de r&eacute;g&eacute;n&eacute;ration pendant la nuit pour des pieds visiblement plus lisses et plus souples.<\/li>\n<li>Les personnes &acirc;g&eacute;es ou les clients dont la barri&egrave;re cutan&eacute;e est alt&eacute;r&eacute;e, qui b&eacute;n&eacute;ficient du syst&egrave;me de diffusion doux mais tr&egrave;s efficace Dermal Infusion Technology&reg;.<\/li>\n<li>Les promotions saisonni&egrave;res ou ax&eacute;es sur le mode de vie : positionnez-le comme le &laquo; duo parfait &raquo; pour les soins des pieds tout au long de l&rsquo;ann&eacute;e : des pieds frais pendant la journ&eacute;e, une peau profond&eacute;ment nourrie pendant la nuit.<\/li>\n<\/ul>\n\n","protected":false},"excerpt":{"rendered":"<p>Kit Footlogix Day &amp; Night Le duo parfait pour prendre soin de vos pieds 24 heures sur 24. Commencez la journ&eacute;e avec la formule l&eacute;g&egrave;re Daily Maintenance Formula pour maintenir l&rsquo;hydratation et terminez-la avec la DD Cream Mousse pour nourrir, rajeunir et prot&eacute;ger la peau pendant la nuit. Ensemble, ils gardent vos pieds doux, sains &hellip; <\/p>\n<p class=\"link-more\"><a href=\"https:\/\/www.praktivak.be\/fr\/produit\/footlogix-day-night-combo-2-pcs\/\" class=\"more-link\">Continuer la lecture<span class=\"screen-reader-text\"> \u00ab\u00a0Footlogix Day &amp; Night Combo, 2 pcs.\u00a0\u00bb<\/span><\/a><\/p>\n","protected":false},"author":1,"featured_media":332854,"template":"","meta":{"_acf_changed":false,"_relevanssi_hide_post":"","_relevanssi_hide_content":"","_relevanssi_pin_for_all":"","_relevanssi_pin_keywords":"","_relevanssi_unpin_keywords":"","_relevanssi_related_keywords":"","_relevanssi_related_include_ids":"","_relevanssi_related_exclude_ids":"","_relevanssi_related_no_append":"","_relevanssi_related_not_related":"","_relevanssi_related_posts":"","_relevanssi_noindex_reason":"","advgb_blocks_editor_width":"","advgb_blocks_columns_visual_guide":"","footnotes":""},"product_brand":[],"product_cat":[2141],"product_tag":[],"class_list":{"0":"post-332841","1":"product","2":"type-product","3":"status-publish","4":"has-post-thumbnail","6":"product_cat-retail-displays-footlogix-voetverzorgingslijnen-fr","8":"first","9":"instock","10":"taxable","11":"shipping-taxable","12":"product-type-simple"},"acf":[],"yoast_head":"<!-- This site is optimized with the Yoast SEO plugin v27.2 - https:\/\/yoast.com\/product\/yoast-seo-wordpress\/ -->\n<title>Footlogix Day &amp; Night Combo, 2 pcs. - Praktivak<\/title>\n<meta name=\"robots\" content=\"index, follow, max-snippet:-1, max-image-preview:large, max-video-preview:-1\" \/>\n<link rel=\"canonical\" href=\"https:\/\/www.praktivak.be\/fr\/produit\/footlogix-day-night-combo-2-pcs\/\" \/>\n<meta property=\"og:locale\" content=\"fr_FR\" \/>\n<meta property=\"og:type\" content=\"article\" \/>\n<meta property=\"og:title\" content=\"Footlogix Day &amp; Night Combo, 2 pcs. - Praktivak\" \/>\n<meta property=\"og:description\" content=\"Kit Footlogix Day &amp; Night Le duo parfait pour prendre soin de vos pieds 24 heures sur 24. Commencez la journ&eacute;e avec la formule l&eacute;g&egrave;re Daily Maintenance Formula pour maintenir l&rsquo;hydratation et terminez-la avec la DD Cream Mousse pour nourrir, rajeunir et prot&eacute;ger la peau pendant la nuit. Ensemble, ils gardent vos pieds doux, sains &hellip; Continuer la lecture &quot;Footlogix Day &amp; Night Combo, 2 pcs.&quot;\" \/>\n<meta property=\"og:url\" content=\"https:\/\/www.praktivak.be\/fr\/produit\/footlogix-day-night-combo-2-pcs\/\" \/>\n<meta property=\"og:site_name\" content=\"Praktivak\" \/>\n<meta property=\"article:modified_time\" content=\"2026-02-01T15:23:14+00:00\" \/>\n<meta property=\"og:image\" content=\"https:\/\/www.praktivak.be\/wp-content\/uploads\/2025\/11\/HP016587.FTL-4.jpg\" \/>\n\t<meta property=\"og:image:width\" content=\"1080\" \/>\n\t<meta property=\"og:image:height\" content=\"1350\" \/>\n\t<meta property=\"og:image:type\" content=\"image\/jpeg\" \/>\n<meta name=\"twitter:card\" content=\"summary_large_image\" \/>\n<meta name=\"twitter:label1\" content=\"Dur\u00e9e de lecture estim\u00e9e\" \/>\n\t<meta name=\"twitter:data1\" content=\"1 minute\" \/>\n<script type=\"application\/ld+json\" class=\"yoast-schema-graph\">{\"@context\":\"https:\/\/schema.org\",\"@graph\":[{\"@type\":\"WebPage\",\"@id\":\"https:\/\/www.praktivak.be\/fr\/produit\/footlogix-day-night-combo-2-pcs\/\",\"url\":\"https:\/\/www.praktivak.be\/fr\/produit\/footlogix-day-night-combo-2-pcs\/\",\"name\":\"Footlogix Day &amp; Night Combo, 2 pcs. - Praktivak\",\"isPartOf\":{\"@id\":\"https:\/\/www.praktivak.be\/fr\/#website\"},\"primaryImageOfPage\":{\"@id\":\"https:\/\/www.praktivak.be\/fr\/produit\/footlogix-day-night-combo-2-pcs\/#primaryimage\"},\"image\":{\"@id\":\"https:\/\/www.praktivak.be\/fr\/produit\/footlogix-day-night-combo-2-pcs\/#primaryimage\"},\"thumbnailUrl\":\"https:\/\/www.praktivak.be\/wp-content\/uploads\/2025\/11\/HP016587.FTL-4.jpg\",\"datePublished\":\"2025-11-05T11:16:34+00:00\",\"dateModified\":\"2026-02-01T15:23:14+00:00\",\"breadcrumb\":{\"@id\":\"https:\/\/www.praktivak.be\/fr\/produit\/footlogix-day-night-combo-2-pcs\/#breadcrumb\"},\"inLanguage\":\"fr-FR\",\"potentialAction\":[{\"@type\":\"ReadAction\",\"target\":[\"https:\/\/www.praktivak.be\/fr\/produit\/footlogix-day-night-combo-2-pcs\/\"]}]},{\"@type\":\"ImageObject\",\"inLanguage\":\"fr-FR\",\"@id\":\"https:\/\/www.praktivak.be\/fr\/produit\/footlogix-day-night-combo-2-pcs\/#primaryimage\",\"url\":\"https:\/\/www.praktivak.be\/wp-content\/uploads\/2025\/11\/HP016587.FTL-4.jpg\",\"contentUrl\":\"https:\/\/www.praktivak.be\/wp-content\/uploads\/2025\/11\/HP016587.FTL-4.jpg\",\"width\":1080,\"height\":1350},{\"@type\":\"BreadcrumbList\",\"@id\":\"https:\/\/www.praktivak.be\/fr\/produit\/footlogix-day-night-combo-2-pcs\/#breadcrumb\",\"itemListElement\":[{\"@type\":\"ListItem\",\"position\":1,\"name\":\"Home\",\"item\":\"https:\/\/www.praktivak.be\/fr\/\"},{\"@type\":\"ListItem\",\"position\":2,\"name\":\"Boutique\",\"item\":\"https:\/\/www.praktivak.be\/fr\/boutique\/\"},{\"@type\":\"ListItem\",\"position\":3,\"name\":\"Footlogix Day &amp; Night Combo, 2 pcs.\"}]},{\"@type\":\"WebSite\",\"@id\":\"https:\/\/www.praktivak.be\/fr\/#website\",\"url\":\"https:\/\/www.praktivak.be\/fr\/\",\"name\":\"Praktivak\",\"description\":\"\",\"publisher\":{\"@id\":\"https:\/\/www.praktivak.be\/fr\/#organization\"},\"potentialAction\":[{\"@type\":\"SearchAction\",\"target\":{\"@type\":\"EntryPoint\",\"urlTemplate\":\"https:\/\/www.praktivak.be\/fr\/?s={search_term_string}\"},\"query-input\":{\"@type\":\"PropertyValueSpecification\",\"valueRequired\":true,\"valueName\":\"search_term_string\"}}],\"inLanguage\":\"fr-FR\"},{\"@type\":\"Organization\",\"@id\":\"https:\/\/www.praktivak.be\/fr\/#organization\",\"name\":\"Praktivak\",\"url\":\"https:\/\/www.praktivak.be\/fr\/\",\"logo\":{\"@type\":\"ImageObject\",\"inLanguage\":\"fr-FR\",\"@id\":\"https:\/\/www.praktivak.be\/fr\/#\/schema\/logo\/image\/\",\"url\":\"https:\/\/www.praktivak.be\/wp-content\/uploads\/2024\/09\/Logo.png\",\"contentUrl\":\"https:\/\/www.praktivak.be\/wp-content\/uploads\/2024\/09\/Logo.png\",\"width\":1774,\"height\":337,\"caption\":\"Praktivak\"},\"image\":{\"@id\":\"https:\/\/www.praktivak.be\/fr\/#\/schema\/logo\/image\/\"}}]}<\/script>\n<!-- \/ Yoast SEO plugin. -->","yoast_head_json":{"title":"Footlogix Day &amp; Night Combo, 2 pcs. - Praktivak","robots":{"index":"index","follow":"follow","max-snippet":"max-snippet:-1","max-image-preview":"max-image-preview:large","max-video-preview":"max-video-preview:-1"},"canonical":"https:\/\/www.praktivak.be\/fr\/produit\/footlogix-day-night-combo-2-pcs\/","og_locale":"fr_FR","og_type":"article","og_title":"Footlogix Day &amp; Night Combo, 2 pcs. - Praktivak","og_description":"Kit Footlogix Day &amp; Night Le duo parfait pour prendre soin de vos pieds 24 heures sur 24. Commencez la journ&eacute;e avec la formule l&eacute;g&egrave;re Daily Maintenance Formula pour maintenir l&rsquo;hydratation et terminez-la avec la DD Cream Mousse pour nourrir, rajeunir et prot&eacute;ger la peau pendant la nuit. Ensemble, ils gardent vos pieds doux, sains &hellip; Continuer la lecture \"Footlogix Day &amp; Night Combo, 2 pcs.\"","og_url":"https:\/\/www.praktivak.be\/fr\/produit\/footlogix-day-night-combo-2-pcs\/","og_site_name":"Praktivak","article_modified_time":"2026-02-01T15:23:14+00:00","og_image":[{"width":1080,"height":1350,"url":"https:\/\/www.praktivak.be\/wp-content\/uploads\/2025\/11\/HP016587.FTL-4.jpg","type":"image\/jpeg"}],"twitter_card":"summary_large_image","twitter_misc":{"Dur\u00e9e de lecture estim\u00e9e":"1 minute"},"schema":{"@context":"https:\/\/schema.org","@graph":[{"@type":"WebPage","@id":"https:\/\/www.praktivak.be\/fr\/produit\/footlogix-day-night-combo-2-pcs\/","url":"https:\/\/www.praktivak.be\/fr\/produit\/footlogix-day-night-combo-2-pcs\/","name":"Footlogix Day &amp; Night Combo, 2 pcs. - Praktivak","isPartOf":{"@id":"https:\/\/www.praktivak.be\/fr\/#website"},"primaryImageOfPage":{"@id":"https:\/\/www.praktivak.be\/fr\/produit\/footlogix-day-night-combo-2-pcs\/#primaryimage"},"image":{"@id":"https:\/\/www.praktivak.be\/fr\/produit\/footlogix-day-night-combo-2-pcs\/#primaryimage"},"thumbnailUrl":"https:\/\/www.praktivak.be\/wp-content\/uploads\/2025\/11\/HP016587.FTL-4.jpg","datePublished":"2025-11-05T11:16:34+00:00","dateModified":"2026-02-01T15:23:14+00:00","breadcrumb":{"@id":"https:\/\/www.praktivak.be\/fr\/produit\/footlogix-day-night-combo-2-pcs\/#breadcrumb"},"inLanguage":"fr-FR","potentialAction":[{"@type":"ReadAction","target":["https:\/\/www.praktivak.be\/fr\/produit\/footlogix-day-night-combo-2-pcs\/"]}]},{"@type":"ImageObject","inLanguage":"fr-FR","@id":"https:\/\/www.praktivak.be\/fr\/produit\/footlogix-day-night-combo-2-pcs\/#primaryimage","url":"https:\/\/www.praktivak.be\/wp-content\/uploads\/2025\/11\/HP016587.FTL-4.jpg","contentUrl":"https:\/\/www.praktivak.be\/wp-content\/uploads\/2025\/11\/HP016587.FTL-4.jpg","width":1080,"height":1350},{"@type":"BreadcrumbList","@id":"https:\/\/www.praktivak.be\/fr\/produit\/footlogix-day-night-combo-2-pcs\/#breadcrumb","itemListElement":[{"@type":"ListItem","position":1,"name":"Home","item":"https:\/\/www.praktivak.be\/fr\/"},{"@type":"ListItem","position":2,"name":"Boutique","item":"https:\/\/www.praktivak.be\/fr\/boutique\/"},{"@type":"ListItem","position":3,"name":"Footlogix Day &amp; Night Combo, 2 pcs."}]},{"@type":"WebSite","@id":"https:\/\/www.praktivak.be\/fr\/#website","url":"https:\/\/www.praktivak.be\/fr\/","name":"Praktivak","description":"","publisher":{"@id":"https:\/\/www.praktivak.be\/fr\/#organization"},"potentialAction":[{"@type":"SearchAction","target":{"@type":"EntryPoint","urlTemplate":"https:\/\/www.praktivak.be\/fr\/?s={search_term_string}"},"query-input":{"@type":"PropertyValueSpecification","valueRequired":true,"valueName":"search_term_string"}}],"inLanguage":"fr-FR"},{"@type":"Organization","@id":"https:\/\/www.praktivak.be\/fr\/#organization","name":"Praktivak","url":"https:\/\/www.praktivak.be\/fr\/","logo":{"@type":"ImageObject","inLanguage":"fr-FR","@id":"https:\/\/www.praktivak.be\/fr\/#\/schema\/logo\/image\/","url":"https:\/\/www.praktivak.be\/wp-content\/uploads\/2024\/09\/Logo.png","contentUrl":"https:\/\/www.praktivak.be\/wp-content\/uploads\/2024\/09\/Logo.png","width":1774,"height":337,"caption":"Praktivak"},"image":{"@id":"https:\/\/www.praktivak.be\/fr\/#\/schema\/logo\/image\/"}}]}},"featured_img":"https:\/\/www.praktivak.be\/wp-content\/uploads\/2025\/11\/HP016587.FTL-4.jpg","coauthors":[],"author_meta":{"author_link":"https:\/\/www.praktivak.be\/fr\/author\/madeit\/","display_name":"Tjebbe Lievens"},"relative_dates":{"created":"Publi\u00e9 5 mois il y a","modified":"Mis \u00e0 jour 2 mois il y a"},"absolute_dates":{"created":"Publi\u00e9 le 5 novembre 2025","modified":"Mise \u00e0 jour le 1 f\u00e9vrier 2026"},"absolute_dates_time":{"created":"Publi\u00e9 le 5 novembre 2025 12h16","modified":"Mise \u00e0 jour le 1 f\u00e9vrier 2026 16h23"},"featured_img_caption":"","tax_additional":{"product_brand":{"linked":[],"unlinked":[],"slug":"product_brand","name":"Marques"},"product_type":{"linked":["<a href=\"https:\/\/www.praktivak.be\/fr\/?taxonomy=product_type&#038;term=simple\" class=\"advgb-post-tax-term\">simple<\/a>"],"unlinked":["<span class=\"advgb-post-tax-term\">simple<\/span>"],"slug":"product_type","name":"Type de produit"},"product_visibility":{"linked":[],"unlinked":[],"slug":"product_visibility","name":"Visibilit\u00e9 du produit"},"product_cat":{"linked":["<a href=\"https:\/\/www.praktivak.be\/fr\/categorie-de-produit\/voetverzorgingslijnen-fr\/footlogix\/retail-displays-footlogix-voetverzorgingslijnen-fr\/\" class=\"advgb-post-tax-term\">Retail displays<\/a>"],"unlinked":["<span class=\"advgb-post-tax-term\">Retail displays<\/span>"],"slug":"product_cat","name":"Cat\u00e9gories de produits"},"product_tag":{"linked":[],"unlinked":[],"slug":"product_tag","name":"\u00c9tiquettes produit"},"product_shipping_class":{"linked":[],"unlinked":[],"slug":"product_shipping_class","name":"Classe d\u2019exp\u00e9dition du produit"},"pos_product_visibility":{"linked":[],"unlinked":[],"slug":"pos_product_visibility","name":"Visibilit\u00e9 du produit sur le point de vente"},"translation_priority":{"linked":[],"unlinked":[],"slug":"translation_priority","name":"Priorit\u00e9s de traduction"}},"series_order":"","_links":{"self":[{"href":"https:\/\/www.praktivak.be\/fr\/wp-json\/wp\/v2\/product\/332841","targetHints":{"allow":["GET"]}}],"collection":[{"href":"https:\/\/www.praktivak.be\/fr\/wp-json\/wp\/v2\/product"}],"about":[{"href":"https:\/\/www.praktivak.be\/fr\/wp-json\/wp\/v2\/types\/product"}],"version-history":[{"count":47,"href":"https:\/\/www.praktivak.be\/fr\/wp-json\/wp\/v2\/product\/332841\/revisions"}],"predecessor-version":[{"id":342110,"href":"https:\/\/www.praktivak.be\/fr\/wp-json\/wp\/v2\/product\/332841\/revisions\/342110"}],"wp:featuredmedia":[{"embeddable":true,"href":"https:\/\/www.praktivak.be\/fr\/wp-json\/wp\/v2\/media\/332854"}],"wp:attachment":[{"href":"https:\/\/www.praktivak.be\/fr\/wp-json\/wp\/v2\/media?parent=332841"}],"wp:term":[{"taxonomy":"product_brand","embeddable":true,"href":"https:\/\/www.praktivak.be\/fr\/wp-json\/wp\/v2\/product_brand?post=332841"},{"taxonomy":"product_cat","embeddable":true,"href":"https:\/\/www.praktivak.be\/fr\/wp-json\/wp\/v2\/product_cat?post=332841"},{"taxonomy":"product_tag","embeddable":true,"href":"https:\/\/www.praktivak.be\/fr\/wp-json\/wp\/v2\/product_tag?post=332841"}],"curies":[{"name":"wp","href":"https:\/\/api.w.org\/{rel}","templated":true}]}}