

{"id":331239,"date":"2025-11-03T14:46:33","date_gmt":"2025-11-03T13:46:33","guid":{"rendered":"https:\/\/www.praktivak.be\/product\/stalena-nageltang-recht-medium-ergonomisch-16mm\/"},"modified":"2026-01-27T20:02:46","modified_gmt":"2026-01-27T19:02:46","slug":"pince-a-ongles-droite-moyenne-ergonomique-16-mm","status":"publish","type":"product","link":"https:\/\/www.praktivak.be\/fr\/produit\/pince-a-ongles-droite-moyenne-ergonomique-16-mm\/","title":{"rendered":"Pince \u00e0 ongles droite, moyenne, ergonomique 16 mm"},"content":{"rendered":"\n<div data-oe-version=\"1.2\">Cette pince &agrave; ongles avec poign&eacute;e ergonomique convient pour couper les ongles tr&egrave;s &eacute;pais et durs (ongles calcifi&eacute;s et ongles fongiques).<\/div>\n<div><\/div>\n<div>Dans la gamme compl&egrave;te de pinces &agrave; ongles, ce mod&egrave;le est la pince la plus grande et la plus r&eacute;sistante. La pince &agrave; ongles droite K-17, avec poign&eacute;e ergonomique, convient pour couper les ongles tr&egrave;s durs ou &eacute;pais. <\/div>\n<div><\/div>\n<div>&bull; bords de coupe droits<\/div>\n<div><\/div>\n<div>&bull; tranchant impeccable gr&acirc;ce &agrave; une technique d&rsquo;aff&ucirc;tage manuel multicouche professionnelle sous microscope<\/div>\n<div><\/div>\n<div>&bull; le tranchant durable est garanti par la technique d&rsquo;aff&ucirc;tage manuel et un traitement thermique sp&eacute;cial du m&eacute;tal<\/div>\n<div><\/div>\n<div>&bull; l&rsquo;alignement parfait des surfaces de coupe garantit un mouvement r&eacute;gulier et fluide<\/div>\n<div><\/div>\n<div>&bull; prise en main confortable et fiable gr&acirc;ce &agrave; la poign&eacute;e ergonomique<\/div>\n<div><\/div>\n<div>&bull; Mouvement souple assur&eacute; par un polissage minutieux de l&rsquo;articulation &agrave; charni&egrave;re.<\/div>\n<div><\/div>\n<div>&bull; Entretien facile gr&acirc;ce &agrave; la construction unique &agrave; rivets invers&eacute;s.<\/div>\n<div><\/div>\n<div>&bull; R&eacute;sistance suppl&eacute;mentaire &agrave; la corrosion gr&acirc;ce au polissage avec la p&acirc;te abrasive GOI.<\/div>\n<div><\/div>\n<div>Mat&eacute;riau : Inox 40&times;13.<\/div>\n<div><\/div>\n<div>Longueur de coupe : 17 &plusmn; 1 mm.<\/div>\n<div><\/div>\n<div>Longueur de la pince : 130 &plusmn; 1 mm<\/div>\n<div><\/div>\n<div>Poids : 59 g<\/div>\n<div><\/div>\n<div>Comme tous les autres instruments STALENA, cet instrument peut &ecirc;tre d&eacute;sinfect&eacute; dans des solutions adapt&eacute;es aux instruments m&eacute;dicaux en inox et peut &ecirc;tre st&eacute;rilis&eacute; dans un four de s&eacute;chage, conform&eacute;ment aux prescriptions du fabricant des d&eacute;sinfectants et des appareils de st&eacute;rilisation.<\/div>\n<p><\/p>\n\n","protected":false},"excerpt":{"rendered":"<p>Cette pince &agrave; ongles avec poign&eacute;e ergonomique convient pour couper les ongles tr&egrave;s &eacute;pais et durs (ongles calcifi&eacute;s et ongles fongiques). Dans la gamme compl&egrave;te de pinces &agrave; ongles, ce mod&egrave;le est la pince la plus grande et la plus r&eacute;sistante. La pince &agrave; ongles droite K-17, avec poign&eacute;e ergonomique, convient pour couper les ongles &hellip; <\/p>\n<p class=\"link-more\"><a href=\"https:\/\/www.praktivak.be\/fr\/produit\/pince-a-ongles-droite-moyenne-ergonomique-16-mm\/\" class=\"more-link\">Continuer la lecture<span class=\"screen-reader-text\"> \u00ab\u00a0Pince \u00e0 ongles droite, moyenne, ergonomique 16 mm\u00a0\u00bb<\/span><\/a><\/p>\n","protected":false},"author":1,"featured_media":331310,"template":"","meta":{"_acf_changed":false,"_relevanssi_hide_post":"","_relevanssi_hide_content":"","_relevanssi_pin_for_all":"","_relevanssi_pin_keywords":"","_relevanssi_unpin_keywords":"","_relevanssi_related_keywords":"","_relevanssi_related_include_ids":"","_relevanssi_related_exclude_ids":"","_relevanssi_related_no_append":"","_relevanssi_related_not_related":"","_relevanssi_related_posts":"","_relevanssi_noindex_reason":"","advgb_blocks_editor_width":"","advgb_blocks_columns_visual_guide":"","footnotes":""},"product_brand":[],"product_cat":[2369],"product_tag":[],"class_list":{"0":"post-331239","1":"product","2":"type-product","3":"status-publish","4":"has-post-thumbnail","6":"product_cat-stalena-fr","8":"first","9":"instock","10":"taxable","11":"shipping-taxable","12":"product-type-simple"},"acf":[],"yoast_head":"<!-- This site is optimized with the Yoast SEO plugin v27.2 - https:\/\/yoast.com\/product\/yoast-seo-wordpress\/ -->\n<title>Pince \u00e0 ongles droite, moyenne, ergonomique 16 mm - Praktivak<\/title>\n<meta name=\"robots\" content=\"index, follow, max-snippet:-1, max-image-preview:large, max-video-preview:-1\" \/>\n<link rel=\"canonical\" href=\"https:\/\/www.praktivak.be\/fr\/produit\/pince-a-ongles-droite-moyenne-ergonomique-16-mm\/\" \/>\n<meta property=\"og:locale\" content=\"fr_FR\" \/>\n<meta property=\"og:type\" content=\"article\" \/>\n<meta property=\"og:title\" content=\"Pince \u00e0 ongles droite, moyenne, ergonomique 16 mm - Praktivak\" \/>\n<meta property=\"og:description\" content=\"Cette pince &agrave; ongles avec poign&eacute;e ergonomique convient pour couper les ongles tr&egrave;s &eacute;pais et durs (ongles calcifi&eacute;s et ongles fongiques). Dans la gamme compl&egrave;te de pinces &agrave; ongles, ce mod&egrave;le est la pince la plus grande et la plus r&eacute;sistante. La pince &agrave; ongles droite K-17, avec poign&eacute;e ergonomique, convient pour couper les ongles &hellip; Continuer la lecture &quot;Pince \u00e0 ongles droite, moyenne, ergonomique 16 mm&quot;\" \/>\n<meta property=\"og:url\" content=\"https:\/\/www.praktivak.be\/fr\/produit\/pince-a-ongles-droite-moyenne-ergonomique-16-mm\/\" \/>\n<meta property=\"og:site_name\" content=\"Praktivak\" \/>\n<meta property=\"article:modified_time\" content=\"2026-01-27T19:02:46+00:00\" \/>\n<meta property=\"og:image\" content=\"https:\/\/www.praktivak.be\/wp-content\/uploads\/2025\/11\/STA-K17-4.jpg\" \/>\n\t<meta property=\"og:image:width\" content=\"1875\" \/>\n\t<meta property=\"og:image:height\" content=\"1875\" \/>\n\t<meta property=\"og:image:type\" content=\"image\/jpeg\" \/>\n<meta name=\"twitter:card\" content=\"summary_large_image\" \/>\n<meta name=\"twitter:label1\" content=\"Dur\u00e9e de lecture estim\u00e9e\" \/>\n\t<meta name=\"twitter:data1\" content=\"1 minute\" \/>\n<script type=\"application\/ld+json\" class=\"yoast-schema-graph\">{\"@context\":\"https:\/\/schema.org\",\"@graph\":[{\"@type\":\"WebPage\",\"@id\":\"https:\/\/www.praktivak.be\/fr\/produit\/pince-a-ongles-droite-moyenne-ergonomique-16-mm\/\",\"url\":\"https:\/\/www.praktivak.be\/fr\/produit\/pince-a-ongles-droite-moyenne-ergonomique-16-mm\/\",\"name\":\"Pince \u00e0 ongles droite, moyenne, ergonomique 16 mm - Praktivak\",\"isPartOf\":{\"@id\":\"https:\/\/www.praktivak.be\/fr\/#website\"},\"primaryImageOfPage\":{\"@id\":\"https:\/\/www.praktivak.be\/fr\/produit\/pince-a-ongles-droite-moyenne-ergonomique-16-mm\/#primaryimage\"},\"image\":{\"@id\":\"https:\/\/www.praktivak.be\/fr\/produit\/pince-a-ongles-droite-moyenne-ergonomique-16-mm\/#primaryimage\"},\"thumbnailUrl\":\"https:\/\/www.praktivak.be\/wp-content\/uploads\/2025\/11\/STA-K17-4.jpg\",\"datePublished\":\"2025-11-03T13:46:33+00:00\",\"dateModified\":\"2026-01-27T19:02:46+00:00\",\"breadcrumb\":{\"@id\":\"https:\/\/www.praktivak.be\/fr\/produit\/pince-a-ongles-droite-moyenne-ergonomique-16-mm\/#breadcrumb\"},\"inLanguage\":\"fr-FR\",\"potentialAction\":[{\"@type\":\"ReadAction\",\"target\":[\"https:\/\/www.praktivak.be\/fr\/produit\/pince-a-ongles-droite-moyenne-ergonomique-16-mm\/\"]}]},{\"@type\":\"ImageObject\",\"inLanguage\":\"fr-FR\",\"@id\":\"https:\/\/www.praktivak.be\/fr\/produit\/pince-a-ongles-droite-moyenne-ergonomique-16-mm\/#primaryimage\",\"url\":\"https:\/\/www.praktivak.be\/wp-content\/uploads\/2025\/11\/STA-K17-4.jpg\",\"contentUrl\":\"https:\/\/www.praktivak.be\/wp-content\/uploads\/2025\/11\/STA-K17-4.jpg\",\"width\":1875,\"height\":1875},{\"@type\":\"BreadcrumbList\",\"@id\":\"https:\/\/www.praktivak.be\/fr\/produit\/pince-a-ongles-droite-moyenne-ergonomique-16-mm\/#breadcrumb\",\"itemListElement\":[{\"@type\":\"ListItem\",\"position\":1,\"name\":\"Home\",\"item\":\"https:\/\/www.praktivak.be\/fr\/\"},{\"@type\":\"ListItem\",\"position\":2,\"name\":\"Boutique\",\"item\":\"https:\/\/www.praktivak.be\/fr\/boutique\/\"},{\"@type\":\"ListItem\",\"position\":3,\"name\":\"Pince \u00e0 ongles droite, moyenne, ergonomique 16 mm\"}]},{\"@type\":\"WebSite\",\"@id\":\"https:\/\/www.praktivak.be\/fr\/#website\",\"url\":\"https:\/\/www.praktivak.be\/fr\/\",\"name\":\"Praktivak\",\"description\":\"\",\"publisher\":{\"@id\":\"https:\/\/www.praktivak.be\/fr\/#organization\"},\"potentialAction\":[{\"@type\":\"SearchAction\",\"target\":{\"@type\":\"EntryPoint\",\"urlTemplate\":\"https:\/\/www.praktivak.be\/fr\/?s={search_term_string}\"},\"query-input\":{\"@type\":\"PropertyValueSpecification\",\"valueRequired\":true,\"valueName\":\"search_term_string\"}}],\"inLanguage\":\"fr-FR\"},{\"@type\":\"Organization\",\"@id\":\"https:\/\/www.praktivak.be\/fr\/#organization\",\"name\":\"Praktivak\",\"url\":\"https:\/\/www.praktivak.be\/fr\/\",\"logo\":{\"@type\":\"ImageObject\",\"inLanguage\":\"fr-FR\",\"@id\":\"https:\/\/www.praktivak.be\/fr\/#\/schema\/logo\/image\/\",\"url\":\"https:\/\/www.praktivak.be\/wp-content\/uploads\/2024\/09\/Logo.png\",\"contentUrl\":\"https:\/\/www.praktivak.be\/wp-content\/uploads\/2024\/09\/Logo.png\",\"width\":1774,\"height\":337,\"caption\":\"Praktivak\"},\"image\":{\"@id\":\"https:\/\/www.praktivak.be\/fr\/#\/schema\/logo\/image\/\"}}]}<\/script>\n<!-- \/ Yoast SEO plugin. -->","yoast_head_json":{"title":"Pince \u00e0 ongles droite, moyenne, ergonomique 16 mm - Praktivak","robots":{"index":"index","follow":"follow","max-snippet":"max-snippet:-1","max-image-preview":"max-image-preview:large","max-video-preview":"max-video-preview:-1"},"canonical":"https:\/\/www.praktivak.be\/fr\/produit\/pince-a-ongles-droite-moyenne-ergonomique-16-mm\/","og_locale":"fr_FR","og_type":"article","og_title":"Pince \u00e0 ongles droite, moyenne, ergonomique 16 mm - Praktivak","og_description":"Cette pince &agrave; ongles avec poign&eacute;e ergonomique convient pour couper les ongles tr&egrave;s &eacute;pais et durs (ongles calcifi&eacute;s et ongles fongiques). Dans la gamme compl&egrave;te de pinces &agrave; ongles, ce mod&egrave;le est la pince la plus grande et la plus r&eacute;sistante. La pince &agrave; ongles droite K-17, avec poign&eacute;e ergonomique, convient pour couper les ongles &hellip; Continuer la lecture \"Pince \u00e0 ongles droite, moyenne, ergonomique 16 mm\"","og_url":"https:\/\/www.praktivak.be\/fr\/produit\/pince-a-ongles-droite-moyenne-ergonomique-16-mm\/","og_site_name":"Praktivak","article_modified_time":"2026-01-27T19:02:46+00:00","og_image":[{"width":1875,"height":1875,"url":"https:\/\/www.praktivak.be\/wp-content\/uploads\/2025\/11\/STA-K17-4.jpg","type":"image\/jpeg"}],"twitter_card":"summary_large_image","twitter_misc":{"Dur\u00e9e de lecture estim\u00e9e":"1 minute"},"schema":{"@context":"https:\/\/schema.org","@graph":[{"@type":"WebPage","@id":"https:\/\/www.praktivak.be\/fr\/produit\/pince-a-ongles-droite-moyenne-ergonomique-16-mm\/","url":"https:\/\/www.praktivak.be\/fr\/produit\/pince-a-ongles-droite-moyenne-ergonomique-16-mm\/","name":"Pince \u00e0 ongles droite, moyenne, ergonomique 16 mm - Praktivak","isPartOf":{"@id":"https:\/\/www.praktivak.be\/fr\/#website"},"primaryImageOfPage":{"@id":"https:\/\/www.praktivak.be\/fr\/produit\/pince-a-ongles-droite-moyenne-ergonomique-16-mm\/#primaryimage"},"image":{"@id":"https:\/\/www.praktivak.be\/fr\/produit\/pince-a-ongles-droite-moyenne-ergonomique-16-mm\/#primaryimage"},"thumbnailUrl":"https:\/\/www.praktivak.be\/wp-content\/uploads\/2025\/11\/STA-K17-4.jpg","datePublished":"2025-11-03T13:46:33+00:00","dateModified":"2026-01-27T19:02:46+00:00","breadcrumb":{"@id":"https:\/\/www.praktivak.be\/fr\/produit\/pince-a-ongles-droite-moyenne-ergonomique-16-mm\/#breadcrumb"},"inLanguage":"fr-FR","potentialAction":[{"@type":"ReadAction","target":["https:\/\/www.praktivak.be\/fr\/produit\/pince-a-ongles-droite-moyenne-ergonomique-16-mm\/"]}]},{"@type":"ImageObject","inLanguage":"fr-FR","@id":"https:\/\/www.praktivak.be\/fr\/produit\/pince-a-ongles-droite-moyenne-ergonomique-16-mm\/#primaryimage","url":"https:\/\/www.praktivak.be\/wp-content\/uploads\/2025\/11\/STA-K17-4.jpg","contentUrl":"https:\/\/www.praktivak.be\/wp-content\/uploads\/2025\/11\/STA-K17-4.jpg","width":1875,"height":1875},{"@type":"BreadcrumbList","@id":"https:\/\/www.praktivak.be\/fr\/produit\/pince-a-ongles-droite-moyenne-ergonomique-16-mm\/#breadcrumb","itemListElement":[{"@type":"ListItem","position":1,"name":"Home","item":"https:\/\/www.praktivak.be\/fr\/"},{"@type":"ListItem","position":2,"name":"Boutique","item":"https:\/\/www.praktivak.be\/fr\/boutique\/"},{"@type":"ListItem","position":3,"name":"Pince \u00e0 ongles droite, moyenne, ergonomique 16 mm"}]},{"@type":"WebSite","@id":"https:\/\/www.praktivak.be\/fr\/#website","url":"https:\/\/www.praktivak.be\/fr\/","name":"Praktivak","description":"","publisher":{"@id":"https:\/\/www.praktivak.be\/fr\/#organization"},"potentialAction":[{"@type":"SearchAction","target":{"@type":"EntryPoint","urlTemplate":"https:\/\/www.praktivak.be\/fr\/?s={search_term_string}"},"query-input":{"@type":"PropertyValueSpecification","valueRequired":true,"valueName":"search_term_string"}}],"inLanguage":"fr-FR"},{"@type":"Organization","@id":"https:\/\/www.praktivak.be\/fr\/#organization","name":"Praktivak","url":"https:\/\/www.praktivak.be\/fr\/","logo":{"@type":"ImageObject","inLanguage":"fr-FR","@id":"https:\/\/www.praktivak.be\/fr\/#\/schema\/logo\/image\/","url":"https:\/\/www.praktivak.be\/wp-content\/uploads\/2024\/09\/Logo.png","contentUrl":"https:\/\/www.praktivak.be\/wp-content\/uploads\/2024\/09\/Logo.png","width":1774,"height":337,"caption":"Praktivak"},"image":{"@id":"https:\/\/www.praktivak.be\/fr\/#\/schema\/logo\/image\/"}}]}},"featured_img":"https:\/\/www.praktivak.be\/wp-content\/uploads\/2025\/11\/STA-K17-4.jpg","coauthors":[],"author_meta":{"author_link":"https:\/\/www.praktivak.be\/fr\/author\/madeit\/","display_name":"Tjebbe Lievens"},"relative_dates":{"created":"Publi\u00e9 5 mois il y a","modified":"Mis \u00e0 jour 3 mois il y a"},"absolute_dates":{"created":"Publi\u00e9 le 3 novembre 2025","modified":"Mise \u00e0 jour le 27 janvier 2026"},"absolute_dates_time":{"created":"Publi\u00e9 le 3 novembre 2025 14h46","modified":"Mise \u00e0 jour le 27 janvier 2026 20h02"},"featured_img_caption":"","tax_additional":{"product_brand":{"linked":[],"unlinked":[],"slug":"product_brand","name":"Marques"},"product_type":{"linked":["<a href=\"https:\/\/www.praktivak.be\/fr\/?taxonomy=product_type&#038;term=simple\" class=\"advgb-post-tax-term\">simple<\/a>"],"unlinked":["<span class=\"advgb-post-tax-term\">simple<\/span>"],"slug":"product_type","name":"Type de produit"},"product_visibility":{"linked":[],"unlinked":[],"slug":"product_visibility","name":"Visibilit\u00e9 du produit"},"product_cat":{"linked":["<a href=\"https:\/\/www.praktivak.be\/fr\/categorie-de-produit\/pedicure-2-fr\/instrumenten\/tangen-en-scharen\/stalena-fr\/\" class=\"advgb-post-tax-term\">Stalena<\/a>"],"unlinked":["<span class=\"advgb-post-tax-term\">Stalena<\/span>"],"slug":"product_cat","name":"Cat\u00e9gories de produits"},"product_tag":{"linked":[],"unlinked":[],"slug":"product_tag","name":"\u00c9tiquettes produit"},"product_shipping_class":{"linked":[],"unlinked":[],"slug":"product_shipping_class","name":"Classe d\u2019exp\u00e9dition du produit"},"pos_product_visibility":{"linked":[],"unlinked":[],"slug":"pos_product_visibility","name":"Visibilit\u00e9 du produit sur le point de vente"},"translation_priority":{"linked":[],"unlinked":[],"slug":"translation_priority","name":"Priorit\u00e9s de traduction"}},"series_order":"","_links":{"self":[{"href":"https:\/\/www.praktivak.be\/fr\/wp-json\/wp\/v2\/product\/331239","targetHints":{"allow":["GET"]}}],"collection":[{"href":"https:\/\/www.praktivak.be\/fr\/wp-json\/wp\/v2\/product"}],"about":[{"href":"https:\/\/www.praktivak.be\/fr\/wp-json\/wp\/v2\/types\/product"}],"version-history":[{"count":9,"href":"https:\/\/www.praktivak.be\/fr\/wp-json\/wp\/v2\/product\/331239\/revisions"}],"predecessor-version":[{"id":331444,"href":"https:\/\/www.praktivak.be\/fr\/wp-json\/wp\/v2\/product\/331239\/revisions\/331444"}],"wp:featuredmedia":[{"embeddable":true,"href":"https:\/\/www.praktivak.be\/fr\/wp-json\/wp\/v2\/media\/331310"}],"wp:attachment":[{"href":"https:\/\/www.praktivak.be\/fr\/wp-json\/wp\/v2\/media?parent=331239"}],"wp:term":[{"taxonomy":"product_brand","embeddable":true,"href":"https:\/\/www.praktivak.be\/fr\/wp-json\/wp\/v2\/product_brand?post=331239"},{"taxonomy":"product_cat","embeddable":true,"href":"https:\/\/www.praktivak.be\/fr\/wp-json\/wp\/v2\/product_cat?post=331239"},{"taxonomy":"product_tag","embeddable":true,"href":"https:\/\/www.praktivak.be\/fr\/wp-json\/wp\/v2\/product_tag?post=331239"}],"curies":[{"name":"wp","href":"https:\/\/api.w.org\/{rel}","templated":true}]}}