

{"id":330761,"date":"2025-10-30T08:16:17","date_gmt":"2025-10-30T07:16:17","guid":{"rendered":"https:\/\/www.praktivak.be\/product\/lycon-pinkini-hybrid-hot-wax-beads-beads-800gr\/"},"modified":"2026-04-13T05:02:46","modified_gmt":"2026-04-13T03:02:46","slug":"lycon-pinkini-hybrid-hot-wax-beads-800gr","status":"publish","type":"product","link":"https:\/\/www.praktivak.be\/fr\/produit\/lycon-pinkini-hybrid-hot-wax-beads-800gr\/","title":{"rendered":"Lycon Pinkini Hybrid Hot Wax Beads (800gr)"},"content":{"rendered":"\n<p data-oe-version=\"1.2\"><\/p>\n<p>\nBEADS &ndash; Pinkini Hybrid Hot Wax (800gr) &ndash; Lycon<\/p>\n<div>&Eacute;limine tous les poils rebelles et nombreux ! &ndash; 800 g.<\/div>\n<div><\/div>\n<div>L&rsquo;&eacute;pilation &agrave; la cire br&eacute;silienne et les vajacials sont de plus en plus populaires dans les salons de beaut&eacute;. Avec la collection PINKINI Brazilian Wax &amp; Care, vous optez pour des soins confortables et luxueux aux r&eacute;sultats parfaits.<\/div>\n<div><\/div>\n<div>Notre cire chaude hybride innovante combine la puissance de la cire traditionnelle et la flexibilit&eacute; de la cire moderne LYCOtec Filmwax. La cire est onctueuse, tr&egrave;s flexible, &eacute;conomique &agrave; l&rsquo;usage et a une temp&eacute;rature de fusion basse, ce qui garantit un traitement doux sans irritation. M&ecirc;me les poils les plus courts, &agrave; partir de 1 mm, sont &eacute;limin&eacute;s sans effort, tandis que la peau reste soign&eacute;e gr&acirc;ce &agrave; des ingr&eacute;dients enrichissants tels que l&rsquo;huile d&rsquo;argan, le calendula et les extraits de camomille.<\/div>\n<div><\/div>\n<div>Les professionnels et les clients sont enthousiasm&eacute;s par l&rsquo;exp&eacute;rience PINKINI. D&eacute;couvrez &eacute;galement la gamme compl&egrave;te de soins PINKINI, d&eacute;velopp&eacute;e pour un apr&egrave;s-&eacute;pilation et un soin de la peau optimaux. Le choix parfait pour une &eacute;pilation intime simple, confortable et luxueuse.<\/div>\n<div><\/div>\n<div>Cette cire puissante &eacute;limine tous les poils drus, longs et toujours ras&eacute;s &agrave; partir de 1 mm sur toute la zone du maillot ou la zone intime.<\/div>\n<div><\/div>\n<div>1. Nettoyez la peau avec Pinkini Skin Cleanser.<\/div>\n<div><\/div>\n<div>2. Massez bien la peau &agrave; traiter avec un peu de Pinkini PRE-WAXING OIL. L&rsquo;huile permet &agrave; la cire d&rsquo;adh&eacute;rer uniquement aux poils et non &agrave; la peau, rendant ainsi le traitement confortable et pratiquement indolore pour le client.<\/div>\n<div><\/div>\n<div>3. Appliquez la cire en fines couches sur la peau &agrave; l&rsquo;aide du c&ocirc;t&eacute; arrondi de la spatule (appuyez bien avec la spatule), DANS LE SENS CONTRAIRE de la pousse du poil.<\/div>\n<div><\/div>\n<div>4. Retirez la cire d&rsquo;un mouvement rapide, dans le sens inverse de la pousse des poils.<\/div>\n<div><\/div>\n<div>CONSEIL ! Utilisez le LycoJET comme cire de finition pour tous les poils fins et duveteux, plus besoin de pince &agrave; &eacute;piler.<\/div>\n<div><\/div>\n<div>5. Nettoyez la peau avec Pinkini Skin Cleanser, qui referme les pores.<\/div>\n<div><\/div>\n<div>6. Enfin, massez la peau avec Pinkini Finishing Lotion.<\/div>\n<div><\/div>\n<div>Formul&eacute;e &agrave; partir de la technologie unique de LYCON &agrave; base de dioxyde de titane et d&rsquo;huile d&rsquo;argan nourrissante, de calendula et de camomille pour prot&eacute;ger, apaiser et hydrater les peaux sensibles pendant l&rsquo;&eacute;pilation.<\/div>\n<div><\/div>\n\n","protected":false},"excerpt":{"rendered":"<p>BEADS &ndash; Pinkini Hybrid Hot Wax (800gr) &ndash; Lycon &Eacute;limine tous les poils rebelles et nombreux ! &ndash; 800 g. L&rsquo;&eacute;pilation &agrave; la cire br&eacute;silienne et les vajacials sont de plus en plus populaires dans les salons de beaut&eacute;. Avec la collection PINKINI Brazilian Wax &amp; Care, vous optez pour des soins confortables et luxueux &hellip; <\/p>\n<p class=\"link-more\"><a href=\"https:\/\/www.praktivak.be\/fr\/produit\/lycon-pinkini-hybrid-hot-wax-beads-800gr\/\" class=\"more-link\">Continuer la lecture<span class=\"screen-reader-text\"> \u00ab\u00a0Lycon Pinkini Hybrid Hot Wax Beads (800gr)\u00a0\u00bb<\/span><\/a><\/p>\n","protected":false},"author":1,"featured_media":352002,"template":"","meta":{"_acf_changed":false,"_relevanssi_hide_post":"","_relevanssi_hide_content":"","_relevanssi_pin_for_all":"","_relevanssi_pin_keywords":"","_relevanssi_unpin_keywords":"","_relevanssi_related_keywords":"","_relevanssi_related_include_ids":"","_relevanssi_related_exclude_ids":"","_relevanssi_related_no_append":"","_relevanssi_related_not_related":"","_relevanssi_related_posts":"","_relevanssi_noindex_reason":"","advgb_blocks_editor_width":"","advgb_blocks_columns_visual_guide":"","footnotes":""},"product_brand":[],"product_cat":[2128],"product_tag":[],"class_list":{"0":"post-330761","1":"product","2":"type-product","3":"status-publish","4":"has-post-thumbnail","6":"product_cat-hot-wax-lycon-fr","8":"first","9":"instock","10":"taxable","11":"shipping-taxable","12":"product-type-simple"},"acf":[],"yoast_head":"<!-- This site is optimized with the Yoast SEO plugin v27.2 - https:\/\/yoast.com\/product\/yoast-seo-wordpress\/ -->\n<title>Lycon Pinkini Hybrid Hot Wax Beads (800gr) - Praktivak<\/title>\n<meta name=\"robots\" content=\"index, follow, max-snippet:-1, max-image-preview:large, max-video-preview:-1\" \/>\n<link rel=\"canonical\" href=\"https:\/\/www.praktivak.be\/fr\/produit\/lycon-pinkini-hybrid-hot-wax-beads-800gr\/\" \/>\n<meta property=\"og:locale\" content=\"fr_FR\" \/>\n<meta property=\"og:type\" content=\"article\" \/>\n<meta property=\"og:title\" content=\"Lycon Pinkini Hybrid Hot Wax Beads (800gr) - Praktivak\" \/>\n<meta property=\"og:description\" content=\"BEADS &ndash; Pinkini Hybrid Hot Wax (800gr) &ndash; Lycon &Eacute;limine tous les poils rebelles et nombreux ! &ndash; 800 g. L&rsquo;&eacute;pilation &agrave; la cire br&eacute;silienne et les vajacials sont de plus en plus populaires dans les salons de beaut&eacute;. Avec la collection PINKINI Brazilian Wax &amp; Care, vous optez pour des soins confortables et luxueux &hellip; Continuer la lecture &quot;Lycon Pinkini Hybrid Hot Wax Beads (800gr)&quot;\" \/>\n<meta property=\"og:url\" content=\"https:\/\/www.praktivak.be\/fr\/produit\/lycon-pinkini-hybrid-hot-wax-beads-800gr\/\" \/>\n<meta property=\"og:site_name\" content=\"Praktivak\" \/>\n<meta property=\"article:modified_time\" content=\"2026-04-13T03:02:46+00:00\" \/>\n<meta property=\"og:image\" content=\"https:\/\/www.praktivak.be\/wp-content\/uploads\/2026\/03\/1pk0181.webp\" \/>\n\t<meta property=\"og:image:width\" content=\"845\" \/>\n\t<meta property=\"og:image:height\" content=\"1200\" \/>\n\t<meta property=\"og:image:type\" content=\"image\/webp\" \/>\n<meta name=\"twitter:card\" content=\"summary_large_image\" \/>\n<meta name=\"twitter:label1\" content=\"Dur\u00e9e de lecture estim\u00e9e\" \/>\n\t<meta name=\"twitter:data1\" content=\"2 minutes\" \/>\n<script type=\"application\/ld+json\" class=\"yoast-schema-graph\">{\"@context\":\"https:\/\/schema.org\",\"@graph\":[{\"@type\":\"WebPage\",\"@id\":\"https:\/\/www.praktivak.be\/fr\/produit\/lycon-pinkini-hybrid-hot-wax-beads-800gr\/\",\"url\":\"https:\/\/www.praktivak.be\/fr\/produit\/lycon-pinkini-hybrid-hot-wax-beads-800gr\/\",\"name\":\"Lycon Pinkini Hybrid Hot Wax Beads (800gr) - Praktivak\",\"isPartOf\":{\"@id\":\"https:\/\/www.praktivak.be\/fr\/#website\"},\"primaryImageOfPage\":{\"@id\":\"https:\/\/www.praktivak.be\/fr\/produit\/lycon-pinkini-hybrid-hot-wax-beads-800gr\/#primaryimage\"},\"image\":{\"@id\":\"https:\/\/www.praktivak.be\/fr\/produit\/lycon-pinkini-hybrid-hot-wax-beads-800gr\/#primaryimage\"},\"thumbnailUrl\":\"https:\/\/www.praktivak.be\/wp-content\/uploads\/2026\/03\/1pk0181.webp\",\"datePublished\":\"2025-10-30T07:16:17+00:00\",\"dateModified\":\"2026-04-13T03:02:46+00:00\",\"breadcrumb\":{\"@id\":\"https:\/\/www.praktivak.be\/fr\/produit\/lycon-pinkini-hybrid-hot-wax-beads-800gr\/#breadcrumb\"},\"inLanguage\":\"fr-FR\",\"potentialAction\":[{\"@type\":\"ReadAction\",\"target\":[\"https:\/\/www.praktivak.be\/fr\/produit\/lycon-pinkini-hybrid-hot-wax-beads-800gr\/\"]}]},{\"@type\":\"ImageObject\",\"inLanguage\":\"fr-FR\",\"@id\":\"https:\/\/www.praktivak.be\/fr\/produit\/lycon-pinkini-hybrid-hot-wax-beads-800gr\/#primaryimage\",\"url\":\"https:\/\/www.praktivak.be\/wp-content\/uploads\/2026\/03\/1pk0181.webp\",\"contentUrl\":\"https:\/\/www.praktivak.be\/wp-content\/uploads\/2026\/03\/1pk0181.webp\",\"width\":845,\"height\":1200,\"caption\":\"Lycon Pinkini Hybrid Hot Wax Beads Beads (800gr)\"},{\"@type\":\"BreadcrumbList\",\"@id\":\"https:\/\/www.praktivak.be\/fr\/produit\/lycon-pinkini-hybrid-hot-wax-beads-800gr\/#breadcrumb\",\"itemListElement\":[{\"@type\":\"ListItem\",\"position\":1,\"name\":\"Home\",\"item\":\"https:\/\/www.praktivak.be\/fr\/\"},{\"@type\":\"ListItem\",\"position\":2,\"name\":\"Boutique\",\"item\":\"https:\/\/www.praktivak.be\/fr\/boutique\/\"},{\"@type\":\"ListItem\",\"position\":3,\"name\":\"Lycon Pinkini Hybrid Hot Wax Beads (800gr)\"}]},{\"@type\":\"WebSite\",\"@id\":\"https:\/\/www.praktivak.be\/fr\/#website\",\"url\":\"https:\/\/www.praktivak.be\/fr\/\",\"name\":\"Praktivak\",\"description\":\"\",\"publisher\":{\"@id\":\"https:\/\/www.praktivak.be\/fr\/#organization\"},\"potentialAction\":[{\"@type\":\"SearchAction\",\"target\":{\"@type\":\"EntryPoint\",\"urlTemplate\":\"https:\/\/www.praktivak.be\/fr\/?s={search_term_string}\"},\"query-input\":{\"@type\":\"PropertyValueSpecification\",\"valueRequired\":true,\"valueName\":\"search_term_string\"}}],\"inLanguage\":\"fr-FR\"},{\"@type\":\"Organization\",\"@id\":\"https:\/\/www.praktivak.be\/fr\/#organization\",\"name\":\"Praktivak\",\"url\":\"https:\/\/www.praktivak.be\/fr\/\",\"logo\":{\"@type\":\"ImageObject\",\"inLanguage\":\"fr-FR\",\"@id\":\"https:\/\/www.praktivak.be\/fr\/#\/schema\/logo\/image\/\",\"url\":\"https:\/\/www.praktivak.be\/wp-content\/uploads\/2024\/09\/Logo.png\",\"contentUrl\":\"https:\/\/www.praktivak.be\/wp-content\/uploads\/2024\/09\/Logo.png\",\"width\":1774,\"height\":337,\"caption\":\"Praktivak\"},\"image\":{\"@id\":\"https:\/\/www.praktivak.be\/fr\/#\/schema\/logo\/image\/\"}}]}<\/script>\n<!-- \/ Yoast SEO plugin. -->","yoast_head_json":{"title":"Lycon Pinkini Hybrid Hot Wax Beads (800gr) - Praktivak","robots":{"index":"index","follow":"follow","max-snippet":"max-snippet:-1","max-image-preview":"max-image-preview:large","max-video-preview":"max-video-preview:-1"},"canonical":"https:\/\/www.praktivak.be\/fr\/produit\/lycon-pinkini-hybrid-hot-wax-beads-800gr\/","og_locale":"fr_FR","og_type":"article","og_title":"Lycon Pinkini Hybrid Hot Wax Beads (800gr) - Praktivak","og_description":"BEADS &ndash; Pinkini Hybrid Hot Wax (800gr) &ndash; Lycon &Eacute;limine tous les poils rebelles et nombreux ! &ndash; 800 g. L&rsquo;&eacute;pilation &agrave; la cire br&eacute;silienne et les vajacials sont de plus en plus populaires dans les salons de beaut&eacute;. Avec la collection PINKINI Brazilian Wax &amp; Care, vous optez pour des soins confortables et luxueux &hellip; Continuer la lecture \"Lycon Pinkini Hybrid Hot Wax Beads (800gr)\"","og_url":"https:\/\/www.praktivak.be\/fr\/produit\/lycon-pinkini-hybrid-hot-wax-beads-800gr\/","og_site_name":"Praktivak","article_modified_time":"2026-04-13T03:02:46+00:00","og_image":[{"width":845,"height":1200,"url":"https:\/\/www.praktivak.be\/wp-content\/uploads\/2026\/03\/1pk0181.webp","type":"image\/webp"}],"twitter_card":"summary_large_image","twitter_misc":{"Dur\u00e9e de lecture estim\u00e9e":"2 minutes"},"schema":{"@context":"https:\/\/schema.org","@graph":[{"@type":"WebPage","@id":"https:\/\/www.praktivak.be\/fr\/produit\/lycon-pinkini-hybrid-hot-wax-beads-800gr\/","url":"https:\/\/www.praktivak.be\/fr\/produit\/lycon-pinkini-hybrid-hot-wax-beads-800gr\/","name":"Lycon Pinkini Hybrid Hot Wax Beads (800gr) - Praktivak","isPartOf":{"@id":"https:\/\/www.praktivak.be\/fr\/#website"},"primaryImageOfPage":{"@id":"https:\/\/www.praktivak.be\/fr\/produit\/lycon-pinkini-hybrid-hot-wax-beads-800gr\/#primaryimage"},"image":{"@id":"https:\/\/www.praktivak.be\/fr\/produit\/lycon-pinkini-hybrid-hot-wax-beads-800gr\/#primaryimage"},"thumbnailUrl":"https:\/\/www.praktivak.be\/wp-content\/uploads\/2026\/03\/1pk0181.webp","datePublished":"2025-10-30T07:16:17+00:00","dateModified":"2026-04-13T03:02:46+00:00","breadcrumb":{"@id":"https:\/\/www.praktivak.be\/fr\/produit\/lycon-pinkini-hybrid-hot-wax-beads-800gr\/#breadcrumb"},"inLanguage":"fr-FR","potentialAction":[{"@type":"ReadAction","target":["https:\/\/www.praktivak.be\/fr\/produit\/lycon-pinkini-hybrid-hot-wax-beads-800gr\/"]}]},{"@type":"ImageObject","inLanguage":"fr-FR","@id":"https:\/\/www.praktivak.be\/fr\/produit\/lycon-pinkini-hybrid-hot-wax-beads-800gr\/#primaryimage","url":"https:\/\/www.praktivak.be\/wp-content\/uploads\/2026\/03\/1pk0181.webp","contentUrl":"https:\/\/www.praktivak.be\/wp-content\/uploads\/2026\/03\/1pk0181.webp","width":845,"height":1200,"caption":"Lycon Pinkini Hybrid Hot Wax Beads Beads (800gr)"},{"@type":"BreadcrumbList","@id":"https:\/\/www.praktivak.be\/fr\/produit\/lycon-pinkini-hybrid-hot-wax-beads-800gr\/#breadcrumb","itemListElement":[{"@type":"ListItem","position":1,"name":"Home","item":"https:\/\/www.praktivak.be\/fr\/"},{"@type":"ListItem","position":2,"name":"Boutique","item":"https:\/\/www.praktivak.be\/fr\/boutique\/"},{"@type":"ListItem","position":3,"name":"Lycon Pinkini Hybrid Hot Wax Beads (800gr)"}]},{"@type":"WebSite","@id":"https:\/\/www.praktivak.be\/fr\/#website","url":"https:\/\/www.praktivak.be\/fr\/","name":"Praktivak","description":"","publisher":{"@id":"https:\/\/www.praktivak.be\/fr\/#organization"},"potentialAction":[{"@type":"SearchAction","target":{"@type":"EntryPoint","urlTemplate":"https:\/\/www.praktivak.be\/fr\/?s={search_term_string}"},"query-input":{"@type":"PropertyValueSpecification","valueRequired":true,"valueName":"search_term_string"}}],"inLanguage":"fr-FR"},{"@type":"Organization","@id":"https:\/\/www.praktivak.be\/fr\/#organization","name":"Praktivak","url":"https:\/\/www.praktivak.be\/fr\/","logo":{"@type":"ImageObject","inLanguage":"fr-FR","@id":"https:\/\/www.praktivak.be\/fr\/#\/schema\/logo\/image\/","url":"https:\/\/www.praktivak.be\/wp-content\/uploads\/2024\/09\/Logo.png","contentUrl":"https:\/\/www.praktivak.be\/wp-content\/uploads\/2024\/09\/Logo.png","width":1774,"height":337,"caption":"Praktivak"},"image":{"@id":"https:\/\/www.praktivak.be\/fr\/#\/schema\/logo\/image\/"}}]}},"featured_img":"https:\/\/www.praktivak.be\/wp-content\/uploads\/2026\/03\/1pk0181.webp","coauthors":[],"author_meta":{"author_link":"https:\/\/www.praktivak.be\/fr\/author\/madeit\/","display_name":"Tjebbe Lievens"},"relative_dates":{"created":"Publi\u00e9 6 mois il y a","modified":"Mis \u00e0 jour 17 heures il y a"},"absolute_dates":{"created":"Publi\u00e9 le 30 octobre 2025","modified":"Mise \u00e0 jour le 13 avril 2026"},"absolute_dates_time":{"created":"Publi\u00e9 le 30 octobre 2025 8h16","modified":"Mise \u00e0 jour le 13 avril 2026 5h02"},"featured_img_caption":"","tax_additional":{"product_brand":{"linked":[],"unlinked":[],"slug":"product_brand","name":"Marques"},"product_type":{"linked":["<a href=\"https:\/\/www.praktivak.be\/fr\/?taxonomy=product_type&#038;term=simple\" class=\"advgb-post-tax-term\">simple<\/a>"],"unlinked":["<span class=\"advgb-post-tax-term\">simple<\/span>"],"slug":"product_type","name":"Type de produit"},"product_visibility":{"linked":[],"unlinked":[],"slug":"product_visibility","name":"Visibilit\u00e9 du produit"},"product_cat":{"linked":["<a href=\"https:\/\/www.praktivak.be\/fr\/categorie-de-produit\/ontharing-fr\/lycon-fr\/hot-wax-lycon-fr\/\" class=\"advgb-post-tax-term\">Hot wax<\/a>"],"unlinked":["<span class=\"advgb-post-tax-term\">Hot wax<\/span>"],"slug":"product_cat","name":"Cat\u00e9gories de produits"},"product_tag":{"linked":[],"unlinked":[],"slug":"product_tag","name":"\u00c9tiquettes produit"},"product_shipping_class":{"linked":[],"unlinked":[],"slug":"product_shipping_class","name":"Classe d\u2019exp\u00e9dition du produit"},"pos_product_visibility":{"linked":[],"unlinked":[],"slug":"pos_product_visibility","name":"Visibilit\u00e9 du produit sur le point de vente"},"translation_priority":{"linked":[],"unlinked":[],"slug":"translation_priority","name":"Priorit\u00e9s de traduction"}},"series_order":"","_links":{"self":[{"href":"https:\/\/www.praktivak.be\/fr\/wp-json\/wp\/v2\/product\/330761","targetHints":{"allow":["GET"]}}],"collection":[{"href":"https:\/\/www.praktivak.be\/fr\/wp-json\/wp\/v2\/product"}],"about":[{"href":"https:\/\/www.praktivak.be\/fr\/wp-json\/wp\/v2\/types\/product"}],"version-history":[{"count":9,"href":"https:\/\/www.praktivak.be\/fr\/wp-json\/wp\/v2\/product\/330761\/revisions"}],"predecessor-version":[{"id":360376,"href":"https:\/\/www.praktivak.be\/fr\/wp-json\/wp\/v2\/product\/330761\/revisions\/360376"}],"wp:featuredmedia":[{"embeddable":true,"href":"https:\/\/www.praktivak.be\/fr\/wp-json\/wp\/v2\/media\/352002"}],"wp:attachment":[{"href":"https:\/\/www.praktivak.be\/fr\/wp-json\/wp\/v2\/media?parent=330761"}],"wp:term":[{"taxonomy":"product_brand","embeddable":true,"href":"https:\/\/www.praktivak.be\/fr\/wp-json\/wp\/v2\/product_brand?post=330761"},{"taxonomy":"product_cat","embeddable":true,"href":"https:\/\/www.praktivak.be\/fr\/wp-json\/wp\/v2\/product_cat?post=330761"},{"taxonomy":"product_tag","embeddable":true,"href":"https:\/\/www.praktivak.be\/fr\/wp-json\/wp\/v2\/product_tag?post=330761"}],"curies":[{"name":"wp","href":"https:\/\/api.w.org\/{rel}","templated":true}]}}