

{"id":330684,"date":"2025-10-30T08:11:27","date_gmt":"2025-10-30T07:11:27","guid":{"rendered":"https:\/\/www.praktivak.be\/product\/hoesset-voor-stoelen-175-195-cm-x-40-60-cm-hoes-stoel-3213001-hoes-armleuningen-en-spanners-zwart\/"},"modified":"2026-01-27T20:02:38","modified_gmt":"2026-01-27T19:02:38","slug":"housse-fauteuils-175-195-cm-x-40-60-cm-housse-fauteuil-3213001-housse-bras-et-tendeurs-noir","status":"publish","type":"product","link":"https:\/\/www.praktivak.be\/fr\/produit\/housse-fauteuils-175-195-cm-x-40-60-cm-housse-fauteuil-3213001-housse-bras-et-tendeurs-noir\/","title":{"rendered":"Housse fauteuils 175-195 cm x 40-60 cm (housse fauteuil 3213001, housse bras et tendeurs), noir"},"content":{"rendered":"\n<p>\nCouverture en tissu &eacute;ponge absorbant. Top en coton, base en polyester, avec cordon de serrage autour d&rsquo;une bonne connexion.<\/p>\n<p>\nLongueur: 175 &ndash; 195cm<\/p>\n<p>\nLargeur: 40-60cm                             <\/p>\n\n<p>\nSet = housse fauteuil + housses accoudoirs standard &#150; 2 pi&egrave;ces (longueur 30-70cm, largeur 5-15cm) + tendeurs (4 pi&egrave;ces)<\/p>\n\n","protected":false},"excerpt":{"rendered":"<p>Couverture en tissu &eacute;ponge absorbant. Top en coton, base en polyester, avec cordon de serrage autour d&rsquo;une bonne connexion. Longueur: 175 &ndash; 195cm Largeur: 40-60cm Set = housse fauteuil + housses accoudoirs standard &#150; 2 pi&egrave;ces (longueur 30-70cm, largeur 5-15cm) + tendeurs (4 pi&egrave;ces)<\/p>\n","protected":false},"author":1,"featured_media":330691,"template":"","meta":{"_acf_changed":false,"_relevanssi_hide_post":"","_relevanssi_hide_content":"","_relevanssi_pin_for_all":"","_relevanssi_pin_keywords":"","_relevanssi_unpin_keywords":"","_relevanssi_related_keywords":"","_relevanssi_related_include_ids":"","_relevanssi_related_exclude_ids":"","_relevanssi_related_no_append":"","_relevanssi_related_not_related":"","_relevanssi_related_posts":"","_relevanssi_noindex_reason":"","advgb_blocks_editor_width":"","advgb_blocks_columns_visual_guide":"","footnotes":""},"product_brand":[],"product_cat":[2184],"product_tag":[],"class_list":{"0":"post-330684","1":"product","2":"type-product","3":"status-publish","4":"has-post-thumbnail","6":"product_cat-hoezen-zonder-neusgat-175-195cm-x-40-60cm-fr","8":"first","9":"instock","10":"taxable","11":"shipping-taxable","12":"product-type-simple"},"acf":[],"yoast_head":"<!-- This site is optimized with the Yoast SEO plugin v27.2 - https:\/\/yoast.com\/product\/yoast-seo-wordpress\/ -->\n<title>Housse fauteuils 175-195 cm x 40-60 cm (housse fauteuil 3213001, housse bras et tendeurs), noir - Praktivak<\/title>\n<meta name=\"robots\" content=\"index, follow, max-snippet:-1, max-image-preview:large, max-video-preview:-1\" \/>\n<link rel=\"canonical\" href=\"https:\/\/www.praktivak.be\/fr\/produit\/housse-fauteuils-175-195-cm-x-40-60-cm-housse-fauteuil-3213001-housse-bras-et-tendeurs-noir\/\" \/>\n<meta property=\"og:locale\" content=\"fr_FR\" \/>\n<meta property=\"og:type\" content=\"article\" \/>\n<meta property=\"og:title\" content=\"Housse fauteuils 175-195 cm x 40-60 cm (housse fauteuil 3213001, housse bras et tendeurs), noir - Praktivak\" \/>\n<meta property=\"og:description\" content=\"Couverture en tissu &eacute;ponge absorbant. Top en coton, base en polyester, avec cordon de serrage autour d&rsquo;une bonne connexion. Longueur: 175 &ndash; 195cm Largeur: 40-60cm Set = housse fauteuil + housses accoudoirs standard &#150; 2 pi&egrave;ces (longueur 30-70cm, largeur 5-15cm) + tendeurs (4 pi&egrave;ces)\" \/>\n<meta property=\"og:url\" content=\"https:\/\/www.praktivak.be\/fr\/produit\/housse-fauteuils-175-195-cm-x-40-60-cm-housse-fauteuil-3213001-housse-bras-et-tendeurs-noir\/\" \/>\n<meta property=\"og:site_name\" content=\"Praktivak\" \/>\n<meta property=\"article:modified_time\" content=\"2026-01-27T19:02:38+00:00\" \/>\n<meta property=\"og:image\" content=\"https:\/\/www.praktivak.be\/wp-content\/uploads\/2025\/10\/3213001H-20.jpg\" \/>\n\t<meta property=\"og:image:width\" content=\"350\" \/>\n\t<meta property=\"og:image:height\" content=\"350\" \/>\n\t<meta property=\"og:image:type\" content=\"image\/jpeg\" \/>\n<meta name=\"twitter:card\" content=\"summary_large_image\" \/>\n<script type=\"application\/ld+json\" class=\"yoast-schema-graph\">{\"@context\":\"https:\/\/schema.org\",\"@graph\":[{\"@type\":\"WebPage\",\"@id\":\"https:\/\/www.praktivak.be\/fr\/produit\/housse-fauteuils-175-195-cm-x-40-60-cm-housse-fauteuil-3213001-housse-bras-et-tendeurs-noir\/\",\"url\":\"https:\/\/www.praktivak.be\/fr\/produit\/housse-fauteuils-175-195-cm-x-40-60-cm-housse-fauteuil-3213001-housse-bras-et-tendeurs-noir\/\",\"name\":\"Housse fauteuils 175-195 cm x 40-60 cm (housse fauteuil 3213001, housse bras et tendeurs), noir - Praktivak\",\"isPartOf\":{\"@id\":\"https:\/\/www.praktivak.be\/fr\/#website\"},\"primaryImageOfPage\":{\"@id\":\"https:\/\/www.praktivak.be\/fr\/produit\/housse-fauteuils-175-195-cm-x-40-60-cm-housse-fauteuil-3213001-housse-bras-et-tendeurs-noir\/#primaryimage\"},\"image\":{\"@id\":\"https:\/\/www.praktivak.be\/fr\/produit\/housse-fauteuils-175-195-cm-x-40-60-cm-housse-fauteuil-3213001-housse-bras-et-tendeurs-noir\/#primaryimage\"},\"thumbnailUrl\":\"https:\/\/www.praktivak.be\/wp-content\/uploads\/2025\/10\/3213001H-20.jpg\",\"datePublished\":\"2025-10-30T07:11:27+00:00\",\"dateModified\":\"2026-01-27T19:02:38+00:00\",\"breadcrumb\":{\"@id\":\"https:\/\/www.praktivak.be\/fr\/produit\/housse-fauteuils-175-195-cm-x-40-60-cm-housse-fauteuil-3213001-housse-bras-et-tendeurs-noir\/#breadcrumb\"},\"inLanguage\":\"fr-FR\",\"potentialAction\":[{\"@type\":\"ReadAction\",\"target\":[\"https:\/\/www.praktivak.be\/fr\/produit\/housse-fauteuils-175-195-cm-x-40-60-cm-housse-fauteuil-3213001-housse-bras-et-tendeurs-noir\/\"]}]},{\"@type\":\"ImageObject\",\"inLanguage\":\"fr-FR\",\"@id\":\"https:\/\/www.praktivak.be\/fr\/produit\/housse-fauteuils-175-195-cm-x-40-60-cm-housse-fauteuil-3213001-housse-bras-et-tendeurs-noir\/#primaryimage\",\"url\":\"https:\/\/www.praktivak.be\/wp-content\/uploads\/2025\/10\/3213001H-20.jpg\",\"contentUrl\":\"https:\/\/www.praktivak.be\/wp-content\/uploads\/2025\/10\/3213001H-20.jpg\",\"width\":350,\"height\":350,\"caption\":\"Hoesset voor stoelen 175-195 cm x 40-60 cm (hoes stoel 3213001, hoes armleuningen en spanners), zwart\"},{\"@type\":\"BreadcrumbList\",\"@id\":\"https:\/\/www.praktivak.be\/fr\/produit\/housse-fauteuils-175-195-cm-x-40-60-cm-housse-fauteuil-3213001-housse-bras-et-tendeurs-noir\/#breadcrumb\",\"itemListElement\":[{\"@type\":\"ListItem\",\"position\":1,\"name\":\"Home\",\"item\":\"https:\/\/www.praktivak.be\/fr\/\"},{\"@type\":\"ListItem\",\"position\":2,\"name\":\"Boutique\",\"item\":\"https:\/\/www.praktivak.be\/fr\/boutique\/\"},{\"@type\":\"ListItem\",\"position\":3,\"name\":\"Housse fauteuils 175-195 cm x 40-60 cm (housse fauteuil 3213001, housse bras et tendeurs), noir\"}]},{\"@type\":\"WebSite\",\"@id\":\"https:\/\/www.praktivak.be\/fr\/#website\",\"url\":\"https:\/\/www.praktivak.be\/fr\/\",\"name\":\"Praktivak\",\"description\":\"\",\"publisher\":{\"@id\":\"https:\/\/www.praktivak.be\/fr\/#organization\"},\"potentialAction\":[{\"@type\":\"SearchAction\",\"target\":{\"@type\":\"EntryPoint\",\"urlTemplate\":\"https:\/\/www.praktivak.be\/fr\/?s={search_term_string}\"},\"query-input\":{\"@type\":\"PropertyValueSpecification\",\"valueRequired\":true,\"valueName\":\"search_term_string\"}}],\"inLanguage\":\"fr-FR\"},{\"@type\":\"Organization\",\"@id\":\"https:\/\/www.praktivak.be\/fr\/#organization\",\"name\":\"Praktivak\",\"url\":\"https:\/\/www.praktivak.be\/fr\/\",\"logo\":{\"@type\":\"ImageObject\",\"inLanguage\":\"fr-FR\",\"@id\":\"https:\/\/www.praktivak.be\/fr\/#\/schema\/logo\/image\/\",\"url\":\"https:\/\/www.praktivak.be\/wp-content\/uploads\/2024\/09\/Logo.png\",\"contentUrl\":\"https:\/\/www.praktivak.be\/wp-content\/uploads\/2024\/09\/Logo.png\",\"width\":1774,\"height\":337,\"caption\":\"Praktivak\"},\"image\":{\"@id\":\"https:\/\/www.praktivak.be\/fr\/#\/schema\/logo\/image\/\"}}]}<\/script>\n<!-- \/ Yoast SEO plugin. -->","yoast_head_json":{"title":"Housse fauteuils 175-195 cm x 40-60 cm (housse fauteuil 3213001, housse bras et tendeurs), noir - Praktivak","robots":{"index":"index","follow":"follow","max-snippet":"max-snippet:-1","max-image-preview":"max-image-preview:large","max-video-preview":"max-video-preview:-1"},"canonical":"https:\/\/www.praktivak.be\/fr\/produit\/housse-fauteuils-175-195-cm-x-40-60-cm-housse-fauteuil-3213001-housse-bras-et-tendeurs-noir\/","og_locale":"fr_FR","og_type":"article","og_title":"Housse fauteuils 175-195 cm x 40-60 cm (housse fauteuil 3213001, housse bras et tendeurs), noir - Praktivak","og_description":"Couverture en tissu &eacute;ponge absorbant. Top en coton, base en polyester, avec cordon de serrage autour d&rsquo;une bonne connexion. Longueur: 175 &ndash; 195cm Largeur: 40-60cm Set = housse fauteuil + housses accoudoirs standard &#150; 2 pi&egrave;ces (longueur 30-70cm, largeur 5-15cm) + tendeurs (4 pi&egrave;ces)","og_url":"https:\/\/www.praktivak.be\/fr\/produit\/housse-fauteuils-175-195-cm-x-40-60-cm-housse-fauteuil-3213001-housse-bras-et-tendeurs-noir\/","og_site_name":"Praktivak","article_modified_time":"2026-01-27T19:02:38+00:00","og_image":[{"width":350,"height":350,"url":"https:\/\/www.praktivak.be\/wp-content\/uploads\/2025\/10\/3213001H-20.jpg","type":"image\/jpeg"}],"twitter_card":"summary_large_image","schema":{"@context":"https:\/\/schema.org","@graph":[{"@type":"WebPage","@id":"https:\/\/www.praktivak.be\/fr\/produit\/housse-fauteuils-175-195-cm-x-40-60-cm-housse-fauteuil-3213001-housse-bras-et-tendeurs-noir\/","url":"https:\/\/www.praktivak.be\/fr\/produit\/housse-fauteuils-175-195-cm-x-40-60-cm-housse-fauteuil-3213001-housse-bras-et-tendeurs-noir\/","name":"Housse fauteuils 175-195 cm x 40-60 cm (housse fauteuil 3213001, housse bras et tendeurs), noir - Praktivak","isPartOf":{"@id":"https:\/\/www.praktivak.be\/fr\/#website"},"primaryImageOfPage":{"@id":"https:\/\/www.praktivak.be\/fr\/produit\/housse-fauteuils-175-195-cm-x-40-60-cm-housse-fauteuil-3213001-housse-bras-et-tendeurs-noir\/#primaryimage"},"image":{"@id":"https:\/\/www.praktivak.be\/fr\/produit\/housse-fauteuils-175-195-cm-x-40-60-cm-housse-fauteuil-3213001-housse-bras-et-tendeurs-noir\/#primaryimage"},"thumbnailUrl":"https:\/\/www.praktivak.be\/wp-content\/uploads\/2025\/10\/3213001H-20.jpg","datePublished":"2025-10-30T07:11:27+00:00","dateModified":"2026-01-27T19:02:38+00:00","breadcrumb":{"@id":"https:\/\/www.praktivak.be\/fr\/produit\/housse-fauteuils-175-195-cm-x-40-60-cm-housse-fauteuil-3213001-housse-bras-et-tendeurs-noir\/#breadcrumb"},"inLanguage":"fr-FR","potentialAction":[{"@type":"ReadAction","target":["https:\/\/www.praktivak.be\/fr\/produit\/housse-fauteuils-175-195-cm-x-40-60-cm-housse-fauteuil-3213001-housse-bras-et-tendeurs-noir\/"]}]},{"@type":"ImageObject","inLanguage":"fr-FR","@id":"https:\/\/www.praktivak.be\/fr\/produit\/housse-fauteuils-175-195-cm-x-40-60-cm-housse-fauteuil-3213001-housse-bras-et-tendeurs-noir\/#primaryimage","url":"https:\/\/www.praktivak.be\/wp-content\/uploads\/2025\/10\/3213001H-20.jpg","contentUrl":"https:\/\/www.praktivak.be\/wp-content\/uploads\/2025\/10\/3213001H-20.jpg","width":350,"height":350,"caption":"Hoesset voor stoelen 175-195 cm x 40-60 cm (hoes stoel 3213001, hoes armleuningen en spanners), zwart"},{"@type":"BreadcrumbList","@id":"https:\/\/www.praktivak.be\/fr\/produit\/housse-fauteuils-175-195-cm-x-40-60-cm-housse-fauteuil-3213001-housse-bras-et-tendeurs-noir\/#breadcrumb","itemListElement":[{"@type":"ListItem","position":1,"name":"Home","item":"https:\/\/www.praktivak.be\/fr\/"},{"@type":"ListItem","position":2,"name":"Boutique","item":"https:\/\/www.praktivak.be\/fr\/boutique\/"},{"@type":"ListItem","position":3,"name":"Housse fauteuils 175-195 cm x 40-60 cm (housse fauteuil 3213001, housse bras et tendeurs), noir"}]},{"@type":"WebSite","@id":"https:\/\/www.praktivak.be\/fr\/#website","url":"https:\/\/www.praktivak.be\/fr\/","name":"Praktivak","description":"","publisher":{"@id":"https:\/\/www.praktivak.be\/fr\/#organization"},"potentialAction":[{"@type":"SearchAction","target":{"@type":"EntryPoint","urlTemplate":"https:\/\/www.praktivak.be\/fr\/?s={search_term_string}"},"query-input":{"@type":"PropertyValueSpecification","valueRequired":true,"valueName":"search_term_string"}}],"inLanguage":"fr-FR"},{"@type":"Organization","@id":"https:\/\/www.praktivak.be\/fr\/#organization","name":"Praktivak","url":"https:\/\/www.praktivak.be\/fr\/","logo":{"@type":"ImageObject","inLanguage":"fr-FR","@id":"https:\/\/www.praktivak.be\/fr\/#\/schema\/logo\/image\/","url":"https:\/\/www.praktivak.be\/wp-content\/uploads\/2024\/09\/Logo.png","contentUrl":"https:\/\/www.praktivak.be\/wp-content\/uploads\/2024\/09\/Logo.png","width":1774,"height":337,"caption":"Praktivak"},"image":{"@id":"https:\/\/www.praktivak.be\/fr\/#\/schema\/logo\/image\/"}}]}},"featured_img":"https:\/\/www.praktivak.be\/wp-content\/uploads\/2025\/10\/3213001H-20.jpg","coauthors":[],"author_meta":{"author_link":"https:\/\/www.praktivak.be\/fr\/author\/madeit\/","display_name":"Tjebbe Lievens"},"relative_dates":{"created":"Publi\u00e9 5 mois il y a","modified":"Mis \u00e0 jour 2 mois il y a"},"absolute_dates":{"created":"Publi\u00e9 le 30 octobre 2025","modified":"Mise \u00e0 jour le 27 janvier 2026"},"absolute_dates_time":{"created":"Publi\u00e9 le 30 octobre 2025 8h11","modified":"Mise \u00e0 jour le 27 janvier 2026 20h02"},"featured_img_caption":"","tax_additional":{"product_brand":{"linked":[],"unlinked":[],"slug":"product_brand","name":"Marques"},"product_type":{"linked":["<a href=\"https:\/\/www.praktivak.be\/fr\/?taxonomy=product_type&#038;term=simple\" class=\"advgb-post-tax-term\">simple<\/a>"],"unlinked":["<span class=\"advgb-post-tax-term\">simple<\/span>"],"slug":"product_type","name":"Type de produit"},"product_visibility":{"linked":[],"unlinked":[],"slug":"product_visibility","name":"Visibilit\u00e9 du produit"},"product_cat":{"linked":["<a href=\"https:\/\/www.praktivak.be\/fr\/categorie-de-produit\/inrichtingen-fr\/accessoires\/hoezen\/hoezen-zonder-neusgat-175-195cm-x-40-60cm-fr\/\" class=\"advgb-post-tax-term\">Housses sans trou 175-195cm x 40-60cm<\/a>"],"unlinked":["<span class=\"advgb-post-tax-term\">Housses sans trou 175-195cm x 40-60cm<\/span>"],"slug":"product_cat","name":"Cat\u00e9gories de produits"},"product_tag":{"linked":[],"unlinked":[],"slug":"product_tag","name":"\u00c9tiquettes produit"},"product_shipping_class":{"linked":[],"unlinked":[],"slug":"product_shipping_class","name":"Classe d\u2019exp\u00e9dition du produit"},"pos_product_visibility":{"linked":[],"unlinked":[],"slug":"pos_product_visibility","name":"Visibilit\u00e9 du produit sur le point de vente"},"translation_priority":{"linked":[],"unlinked":[],"slug":"translation_priority","name":"Priorit\u00e9s de traduction"}},"series_order":"","_links":{"self":[{"href":"https:\/\/www.praktivak.be\/fr\/wp-json\/wp\/v2\/product\/330684","targetHints":{"allow":["GET"]}}],"collection":[{"href":"https:\/\/www.praktivak.be\/fr\/wp-json\/wp\/v2\/product"}],"about":[{"href":"https:\/\/www.praktivak.be\/fr\/wp-json\/wp\/v2\/types\/product"}],"version-history":[{"count":5,"href":"https:\/\/www.praktivak.be\/fr\/wp-json\/wp\/v2\/product\/330684\/revisions"}],"predecessor-version":[{"id":337801,"href":"https:\/\/www.praktivak.be\/fr\/wp-json\/wp\/v2\/product\/330684\/revisions\/337801"}],"wp:featuredmedia":[{"embeddable":true,"href":"https:\/\/www.praktivak.be\/fr\/wp-json\/wp\/v2\/media\/330691"}],"wp:attachment":[{"href":"https:\/\/www.praktivak.be\/fr\/wp-json\/wp\/v2\/media?parent=330684"}],"wp:term":[{"taxonomy":"product_brand","embeddable":true,"href":"https:\/\/www.praktivak.be\/fr\/wp-json\/wp\/v2\/product_brand?post=330684"},{"taxonomy":"product_cat","embeddable":true,"href":"https:\/\/www.praktivak.be\/fr\/wp-json\/wp\/v2\/product_cat?post=330684"},{"taxonomy":"product_tag","embeddable":true,"href":"https:\/\/www.praktivak.be\/fr\/wp-json\/wp\/v2\/product_tag?post=330684"}],"curies":[{"name":"wp","href":"https:\/\/api.w.org\/{rel}","templated":true}]}}