

{"id":317859,"date":"2025-10-29T10:41:33","date_gmt":"2025-10-29T09:41:33","guid":{"rendered":"https:\/\/www.praktivak.be\/product\/apparatenmeubel-met-ladenblok-loeplamp-en-vapo\/"},"modified":"2026-01-27T20:02:51","modified_gmt":"2026-01-27T19:02:51","slug":"meuble-pour-appareilles-avec-tiroirs-lampe-loupe-et-vapo","status":"publish","type":"product","link":"https:\/\/www.praktivak.be\/fr\/produit\/meuble-pour-appareilles-avec-tiroirs-lampe-loupe-et-vapo\/","title":{"rendered":"Meuble pour appareilles avec tiroirs, lampe loupe et vapo"},"content":{"rendered":"\n<p>\nMeuble multifonctions avec la conception moderne de bois laqu&eacute; blanc. Cabinet avec 4 tiroirs et 2 portes lat&eacute;rales, con&ccedil;ues pour un rangement pratique des accessoires. Standard &eacute;quip&eacute; avec lampe loupe Elite Circus (1006T) et vapozone (F-300DT). Le meuble &agrave; la possibilit&eacute; pour le montage de deux appareils de la s&eacute;rie multi &eacute;quipement (Elite appareil avec 4 fonctions E23032 et\/ou Elite appareil combi E23031).  Comme &ccedil;a Jusqu&rsquo;&agrave; 12 fonctions diff&eacute;rentes peuvent &ecirc;tre combin&eacute;es.<\/p>\n\n<p>\nHauteur: 70 cm<\/p>\n<p>\nLargeur: 46 cm<\/p>\n<p>\nProfondeur: 33 cm<\/p>\n\n<p>\nDispositifs d&rsquo;&eacute;quipement multi sur l&rsquo;&eacute;cran ne sont pas inclus dans le prix.<\/p>\n\n","protected":false},"excerpt":{"rendered":"<p>Meuble multifonctions avec la conception moderne de bois laqu&eacute; blanc. Cabinet avec 4 tiroirs et 2 portes lat&eacute;rales, con&ccedil;ues pour un rangement pratique des accessoires. Standard &eacute;quip&eacute; avec lampe loupe Elite Circus (1006T) et vapozone (F-300DT). Le meuble &agrave; la possibilit&eacute; pour le montage de deux appareils de la s&eacute;rie multi &eacute;quipement (Elite appareil avec &hellip; <\/p>\n<p class=\"link-more\"><a href=\"https:\/\/www.praktivak.be\/fr\/produit\/meuble-pour-appareilles-avec-tiroirs-lampe-loupe-et-vapo\/\" class=\"more-link\">Continuer la lecture<span class=\"screen-reader-text\"> \u00ab\u00a0Meuble pour appareilles avec tiroirs, lampe loupe et vapo\u00a0\u00bb<\/span><\/a><\/p>\n","protected":false},"author":1,"featured_media":317843,"template":"","meta":{"_acf_changed":false,"_relevanssi_hide_post":"","_relevanssi_hide_content":"","_relevanssi_pin_for_all":"","_relevanssi_pin_keywords":"","_relevanssi_unpin_keywords":"","_relevanssi_related_keywords":"","_relevanssi_related_include_ids":"","_relevanssi_related_exclude_ids":"","_relevanssi_related_no_append":"","_relevanssi_related_not_related":"","_relevanssi_related_posts":"","_relevanssi_noindex_reason":"","advgb_blocks_editor_width":"","advgb_blocks_columns_visual_guide":"","footnotes":""},"product_brand":[],"product_cat":[2080],"product_tag":[],"class_list":{"0":"post-317859","1":"product","2":"type-product","3":"status-publish","4":"has-post-thumbnail","6":"product_cat-meubels-inrichtingen-fr","8":"first","9":"instock","10":"taxable","11":"shipping-taxable","12":"product-type-simple"},"acf":[],"yoast_head":"<!-- This site is optimized with the Yoast SEO plugin v27.2 - https:\/\/yoast.com\/product\/yoast-seo-wordpress\/ -->\n<title>Meuble pour appareilles avec tiroirs, lampe loupe et vapo - Praktivak<\/title>\n<meta name=\"robots\" content=\"index, follow, max-snippet:-1, max-image-preview:large, max-video-preview:-1\" \/>\n<link rel=\"canonical\" href=\"https:\/\/www.praktivak.be\/fr\/produit\/meuble-pour-appareilles-avec-tiroirs-lampe-loupe-et-vapo\/\" \/>\n<meta property=\"og:locale\" content=\"fr_FR\" \/>\n<meta property=\"og:type\" content=\"article\" \/>\n<meta property=\"og:title\" content=\"Meuble pour appareilles avec tiroirs, lampe loupe et vapo - Praktivak\" \/>\n<meta property=\"og:description\" content=\"Meuble multifonctions avec la conception moderne de bois laqu&eacute; blanc. Cabinet avec 4 tiroirs et 2 portes lat&eacute;rales, con&ccedil;ues pour un rangement pratique des accessoires. Standard &eacute;quip&eacute; avec lampe loupe Elite Circus (1006T) et vapozone (F-300DT). Le meuble &agrave; la possibilit&eacute; pour le montage de deux appareils de la s&eacute;rie multi &eacute;quipement (Elite appareil avec &hellip; Continuer la lecture &quot;Meuble pour appareilles avec tiroirs, lampe loupe et vapo&quot;\" \/>\n<meta property=\"og:url\" content=\"https:\/\/www.praktivak.be\/fr\/produit\/meuble-pour-appareilles-avec-tiroirs-lampe-loupe-et-vapo\/\" \/>\n<meta property=\"og:site_name\" content=\"Praktivak\" \/>\n<meta property=\"article:modified_time\" content=\"2026-01-27T19:02:51+00:00\" \/>\n<meta property=\"og:image\" content=\"https:\/\/www.praktivak.be\/wp-content\/uploads\/2025\/10\/E18500-2.jpg\" \/>\n\t<meta property=\"og:image:width\" content=\"1000\" \/>\n\t<meta property=\"og:image:height\" content=\"1000\" \/>\n\t<meta property=\"og:image:type\" content=\"image\/jpeg\" \/>\n<meta name=\"twitter:card\" content=\"summary_large_image\" \/>\n<script type=\"application\/ld+json\" class=\"yoast-schema-graph\">{\"@context\":\"https:\/\/schema.org\",\"@graph\":[{\"@type\":\"WebPage\",\"@id\":\"https:\/\/www.praktivak.be\/fr\/produit\/meuble-pour-appareilles-avec-tiroirs-lampe-loupe-et-vapo\/\",\"url\":\"https:\/\/www.praktivak.be\/fr\/produit\/meuble-pour-appareilles-avec-tiroirs-lampe-loupe-et-vapo\/\",\"name\":\"Meuble pour appareilles avec tiroirs, lampe loupe et vapo - Praktivak\",\"isPartOf\":{\"@id\":\"https:\/\/www.praktivak.be\/fr\/#website\"},\"primaryImageOfPage\":{\"@id\":\"https:\/\/www.praktivak.be\/fr\/produit\/meuble-pour-appareilles-avec-tiroirs-lampe-loupe-et-vapo\/#primaryimage\"},\"image\":{\"@id\":\"https:\/\/www.praktivak.be\/fr\/produit\/meuble-pour-appareilles-avec-tiroirs-lampe-loupe-et-vapo\/#primaryimage\"},\"thumbnailUrl\":\"https:\/\/www.praktivak.be\/wp-content\/uploads\/2025\/10\/E18500-2.jpg\",\"datePublished\":\"2025-10-29T09:41:33+00:00\",\"dateModified\":\"2026-01-27T19:02:51+00:00\",\"breadcrumb\":{\"@id\":\"https:\/\/www.praktivak.be\/fr\/produit\/meuble-pour-appareilles-avec-tiroirs-lampe-loupe-et-vapo\/#breadcrumb\"},\"inLanguage\":\"fr-FR\",\"potentialAction\":[{\"@type\":\"ReadAction\",\"target\":[\"https:\/\/www.praktivak.be\/fr\/produit\/meuble-pour-appareilles-avec-tiroirs-lampe-loupe-et-vapo\/\"]}]},{\"@type\":\"ImageObject\",\"inLanguage\":\"fr-FR\",\"@id\":\"https:\/\/www.praktivak.be\/fr\/produit\/meuble-pour-appareilles-avec-tiroirs-lampe-loupe-et-vapo\/#primaryimage\",\"url\":\"https:\/\/www.praktivak.be\/wp-content\/uploads\/2025\/10\/E18500-2.jpg\",\"contentUrl\":\"https:\/\/www.praktivak.be\/wp-content\/uploads\/2025\/10\/E18500-2.jpg\",\"width\":1000,\"height\":1000},{\"@type\":\"BreadcrumbList\",\"@id\":\"https:\/\/www.praktivak.be\/fr\/produit\/meuble-pour-appareilles-avec-tiroirs-lampe-loupe-et-vapo\/#breadcrumb\",\"itemListElement\":[{\"@type\":\"ListItem\",\"position\":1,\"name\":\"Home\",\"item\":\"https:\/\/www.praktivak.be\/fr\/\"},{\"@type\":\"ListItem\",\"position\":2,\"name\":\"Boutique\",\"item\":\"https:\/\/www.praktivak.be\/fr\/boutique\/\"},{\"@type\":\"ListItem\",\"position\":3,\"name\":\"Meuble pour appareilles avec tiroirs, lampe loupe et vapo\"}]},{\"@type\":\"WebSite\",\"@id\":\"https:\/\/www.praktivak.be\/fr\/#website\",\"url\":\"https:\/\/www.praktivak.be\/fr\/\",\"name\":\"Praktivak\",\"description\":\"\",\"publisher\":{\"@id\":\"https:\/\/www.praktivak.be\/fr\/#organization\"},\"potentialAction\":[{\"@type\":\"SearchAction\",\"target\":{\"@type\":\"EntryPoint\",\"urlTemplate\":\"https:\/\/www.praktivak.be\/fr\/?s={search_term_string}\"},\"query-input\":{\"@type\":\"PropertyValueSpecification\",\"valueRequired\":true,\"valueName\":\"search_term_string\"}}],\"inLanguage\":\"fr-FR\"},{\"@type\":\"Organization\",\"@id\":\"https:\/\/www.praktivak.be\/fr\/#organization\",\"name\":\"Praktivak\",\"url\":\"https:\/\/www.praktivak.be\/fr\/\",\"logo\":{\"@type\":\"ImageObject\",\"inLanguage\":\"fr-FR\",\"@id\":\"https:\/\/www.praktivak.be\/fr\/#\/schema\/logo\/image\/\",\"url\":\"https:\/\/www.praktivak.be\/wp-content\/uploads\/2024\/09\/Logo.png\",\"contentUrl\":\"https:\/\/www.praktivak.be\/wp-content\/uploads\/2024\/09\/Logo.png\",\"width\":1774,\"height\":337,\"caption\":\"Praktivak\"},\"image\":{\"@id\":\"https:\/\/www.praktivak.be\/fr\/#\/schema\/logo\/image\/\"}}]}<\/script>\n<!-- \/ Yoast SEO plugin. -->","yoast_head_json":{"title":"Meuble pour appareilles avec tiroirs, lampe loupe et vapo - Praktivak","robots":{"index":"index","follow":"follow","max-snippet":"max-snippet:-1","max-image-preview":"max-image-preview:large","max-video-preview":"max-video-preview:-1"},"canonical":"https:\/\/www.praktivak.be\/fr\/produit\/meuble-pour-appareilles-avec-tiroirs-lampe-loupe-et-vapo\/","og_locale":"fr_FR","og_type":"article","og_title":"Meuble pour appareilles avec tiroirs, lampe loupe et vapo - Praktivak","og_description":"Meuble multifonctions avec la conception moderne de bois laqu&eacute; blanc. Cabinet avec 4 tiroirs et 2 portes lat&eacute;rales, con&ccedil;ues pour un rangement pratique des accessoires. Standard &eacute;quip&eacute; avec lampe loupe Elite Circus (1006T) et vapozone (F-300DT). Le meuble &agrave; la possibilit&eacute; pour le montage de deux appareils de la s&eacute;rie multi &eacute;quipement (Elite appareil avec &hellip; Continuer la lecture \"Meuble pour appareilles avec tiroirs, lampe loupe et vapo\"","og_url":"https:\/\/www.praktivak.be\/fr\/produit\/meuble-pour-appareilles-avec-tiroirs-lampe-loupe-et-vapo\/","og_site_name":"Praktivak","article_modified_time":"2026-01-27T19:02:51+00:00","og_image":[{"width":1000,"height":1000,"url":"https:\/\/www.praktivak.be\/wp-content\/uploads\/2025\/10\/E18500-2.jpg","type":"image\/jpeg"}],"twitter_card":"summary_large_image","schema":{"@context":"https:\/\/schema.org","@graph":[{"@type":"WebPage","@id":"https:\/\/www.praktivak.be\/fr\/produit\/meuble-pour-appareilles-avec-tiroirs-lampe-loupe-et-vapo\/","url":"https:\/\/www.praktivak.be\/fr\/produit\/meuble-pour-appareilles-avec-tiroirs-lampe-loupe-et-vapo\/","name":"Meuble pour appareilles avec tiroirs, lampe loupe et vapo - Praktivak","isPartOf":{"@id":"https:\/\/www.praktivak.be\/fr\/#website"},"primaryImageOfPage":{"@id":"https:\/\/www.praktivak.be\/fr\/produit\/meuble-pour-appareilles-avec-tiroirs-lampe-loupe-et-vapo\/#primaryimage"},"image":{"@id":"https:\/\/www.praktivak.be\/fr\/produit\/meuble-pour-appareilles-avec-tiroirs-lampe-loupe-et-vapo\/#primaryimage"},"thumbnailUrl":"https:\/\/www.praktivak.be\/wp-content\/uploads\/2025\/10\/E18500-2.jpg","datePublished":"2025-10-29T09:41:33+00:00","dateModified":"2026-01-27T19:02:51+00:00","breadcrumb":{"@id":"https:\/\/www.praktivak.be\/fr\/produit\/meuble-pour-appareilles-avec-tiroirs-lampe-loupe-et-vapo\/#breadcrumb"},"inLanguage":"fr-FR","potentialAction":[{"@type":"ReadAction","target":["https:\/\/www.praktivak.be\/fr\/produit\/meuble-pour-appareilles-avec-tiroirs-lampe-loupe-et-vapo\/"]}]},{"@type":"ImageObject","inLanguage":"fr-FR","@id":"https:\/\/www.praktivak.be\/fr\/produit\/meuble-pour-appareilles-avec-tiroirs-lampe-loupe-et-vapo\/#primaryimage","url":"https:\/\/www.praktivak.be\/wp-content\/uploads\/2025\/10\/E18500-2.jpg","contentUrl":"https:\/\/www.praktivak.be\/wp-content\/uploads\/2025\/10\/E18500-2.jpg","width":1000,"height":1000},{"@type":"BreadcrumbList","@id":"https:\/\/www.praktivak.be\/fr\/produit\/meuble-pour-appareilles-avec-tiroirs-lampe-loupe-et-vapo\/#breadcrumb","itemListElement":[{"@type":"ListItem","position":1,"name":"Home","item":"https:\/\/www.praktivak.be\/fr\/"},{"@type":"ListItem","position":2,"name":"Boutique","item":"https:\/\/www.praktivak.be\/fr\/boutique\/"},{"@type":"ListItem","position":3,"name":"Meuble pour appareilles avec tiroirs, lampe loupe et vapo"}]},{"@type":"WebSite","@id":"https:\/\/www.praktivak.be\/fr\/#website","url":"https:\/\/www.praktivak.be\/fr\/","name":"Praktivak","description":"","publisher":{"@id":"https:\/\/www.praktivak.be\/fr\/#organization"},"potentialAction":[{"@type":"SearchAction","target":{"@type":"EntryPoint","urlTemplate":"https:\/\/www.praktivak.be\/fr\/?s={search_term_string}"},"query-input":{"@type":"PropertyValueSpecification","valueRequired":true,"valueName":"search_term_string"}}],"inLanguage":"fr-FR"},{"@type":"Organization","@id":"https:\/\/www.praktivak.be\/fr\/#organization","name":"Praktivak","url":"https:\/\/www.praktivak.be\/fr\/","logo":{"@type":"ImageObject","inLanguage":"fr-FR","@id":"https:\/\/www.praktivak.be\/fr\/#\/schema\/logo\/image\/","url":"https:\/\/www.praktivak.be\/wp-content\/uploads\/2024\/09\/Logo.png","contentUrl":"https:\/\/www.praktivak.be\/wp-content\/uploads\/2024\/09\/Logo.png","width":1774,"height":337,"caption":"Praktivak"},"image":{"@id":"https:\/\/www.praktivak.be\/fr\/#\/schema\/logo\/image\/"}}]}},"featured_img":"https:\/\/www.praktivak.be\/wp-content\/uploads\/2025\/10\/E18500-2.jpg","coauthors":[],"author_meta":{"author_link":"https:\/\/www.praktivak.be\/fr\/author\/madeit\/","display_name":"Tjebbe Lievens"},"relative_dates":{"created":"Publi\u00e9 6 mois il y a","modified":"Mis \u00e0 jour 3 mois il y a"},"absolute_dates":{"created":"Publi\u00e9 le 29 octobre 2025","modified":"Mise \u00e0 jour le 27 janvier 2026"},"absolute_dates_time":{"created":"Publi\u00e9 le 29 octobre 2025 10h41","modified":"Mise \u00e0 jour le 27 janvier 2026 20h02"},"featured_img_caption":"","tax_additional":{"product_brand":{"linked":[],"unlinked":[],"slug":"product_brand","name":"Marques"},"product_type":{"linked":["<a href=\"https:\/\/www.praktivak.be\/fr\/?taxonomy=product_type&#038;term=simple\" class=\"advgb-post-tax-term\">simple<\/a>"],"unlinked":["<span class=\"advgb-post-tax-term\">simple<\/span>"],"slug":"product_type","name":"Type de produit"},"product_visibility":{"linked":[],"unlinked":[],"slug":"product_visibility","name":"Visibilit\u00e9 du produit"},"product_cat":{"linked":["<a href=\"https:\/\/www.praktivak.be\/fr\/categorie-de-produit\/inrichtingen-fr\/meubels-inrichtingen-fr\/\" class=\"advgb-post-tax-term\">Meubles<\/a>"],"unlinked":["<span class=\"advgb-post-tax-term\">Meubles<\/span>"],"slug":"product_cat","name":"Cat\u00e9gories de produits"},"product_tag":{"linked":[],"unlinked":[],"slug":"product_tag","name":"\u00c9tiquettes produit"},"product_shipping_class":{"linked":[],"unlinked":[],"slug":"product_shipping_class","name":"Classe d\u2019exp\u00e9dition du produit"},"pos_product_visibility":{"linked":[],"unlinked":[],"slug":"pos_product_visibility","name":"Visibilit\u00e9 du produit sur le point de vente"},"translation_priority":{"linked":[],"unlinked":[],"slug":"translation_priority","name":"Priorit\u00e9s de traduction"}},"series_order":"","_links":{"self":[{"href":"https:\/\/www.praktivak.be\/fr\/wp-json\/wp\/v2\/product\/317859","targetHints":{"allow":["GET"]}}],"collection":[{"href":"https:\/\/www.praktivak.be\/fr\/wp-json\/wp\/v2\/product"}],"about":[{"href":"https:\/\/www.praktivak.be\/fr\/wp-json\/wp\/v2\/types\/product"}],"version-history":[{"count":17,"href":"https:\/\/www.praktivak.be\/fr\/wp-json\/wp\/v2\/product\/317859\/revisions"}],"predecessor-version":[{"id":330768,"href":"https:\/\/www.praktivak.be\/fr\/wp-json\/wp\/v2\/product\/317859\/revisions\/330768"}],"wp:featuredmedia":[{"embeddable":true,"href":"https:\/\/www.praktivak.be\/fr\/wp-json\/wp\/v2\/media\/317843"}],"wp:attachment":[{"href":"https:\/\/www.praktivak.be\/fr\/wp-json\/wp\/v2\/media?parent=317859"}],"wp:term":[{"taxonomy":"product_brand","embeddable":true,"href":"https:\/\/www.praktivak.be\/fr\/wp-json\/wp\/v2\/product_brand?post=317859"},{"taxonomy":"product_cat","embeddable":true,"href":"https:\/\/www.praktivak.be\/fr\/wp-json\/wp\/v2\/product_cat?post=317859"},{"taxonomy":"product_tag","embeddable":true,"href":"https:\/\/www.praktivak.be\/fr\/wp-json\/wp\/v2\/product_tag?post=317859"}],"curies":[{"name":"wp","href":"https:\/\/api.w.org\/{rel}","templated":true}]}}