

{"id":317056,"date":"2025-10-27T10:57:03","date_gmt":"2025-10-27T09:57:03","guid":{"rendered":"https:\/\/www.praktivak.be\/product\/lycon-active-gold-strip-wax-cartridges-100ml\/"},"modified":"2026-03-23T12:34:07","modified_gmt":"2026-03-23T11:34:07","slug":"lycon-active-gold-strip-wax-cartridges-100ml","status":"publish","type":"product","link":"https:\/\/www.praktivak.be\/fr\/produit\/lycon-active-gold-strip-wax-cartridges-100ml\/","title":{"rendered":"Lycon Active Gold Strip Wax Cartridges (100ml)"},"content":{"rendered":"\n<p>\nActive Gold Strip Wax Cartridges<\/p>\n<p>\nKamille en Micro Mica<\/p>\n\n<p>\nInhoud: Cartridge 100 ml<\/p>\n<p>\nLycon Active GOLD Strip wax is een must have in elke salon. Ideaal voor grotere oppervlaktes zoals benen, armen, borst en rug. Verwijdert haar snel, effectief en verzacht de huid! Lycon Active GOLD Strip Wax wordt zeer dun aangebracht. Bevat de verzachtende voordelen van kamille en de beste kwaliteit Micro Mica. Trekt niet aan de huid! <\/p>\n\n<p>\nDe beroemde en superzachte strip waxen van LYCON zijn verrassend snel aan te brengen en hebben extra stevige grip. G&eacute;&eacute;n plakkerige resten en de strips trekken niet aan de huid. De professionele strip waxen van LYCON bevatten een speciale combinatie van natuurlijke ingredi&euml;nten voor extra grip, zodat zelfs haren vanaf 2 mm kunnen worden verwijderd. De vloeibare wax van LYCON is heel dun aan te brengen, zodat per behandeling precies de goede hoeveelheid wax wordt gebruikt. Speciale aromatische oli&euml;n zijn toegevoegd om hun verzorgende en kalmerende effect. Zelfs de meest veeleisende cli&euml;nt kan nu vertrouwen op volledig comfort.<\/p>\n\n<p>\nBehandelingsgebruik per 100 gram:<\/p>\n<p>\n2 &ndash; 3 Onder- of bovenbeen | 1 &ndash; 2 Onder- en bovenbeen | 3 &ndash; 4 Armbehandelingen<\/p>\n\n<p>\nLycon strip wax verwijderd haren al vanaf 2mm! Geschikt voor de grotere oppervlaktes zoals armen, benen, borst, buik en rug!<\/p>\n\n<p>\nGEBRUIKSAANWIJZING:<\/p>\n\n<p>\n1. Maak de huid schoon met LYCOTANE Skin Cleanser. <\/p>\n<p>\n2. Span de huid en rol met enige druk de roller langs de huid in een hoek van 45gr., met de haargroeirichting mee. <\/p>\n<p>\n3. Breng de waxstrip aan. Wrijf stevig over de strip om er zeker van te zijn dat de strip hecht. <\/p>\n<p>\n4. Verwijder de waxstrip, tegen de haargroeirichting in. Span de huid goed. 6.Reinig de huid met LYCOTANE Skin Cleanser, hiermee sluiten de pori&euml;n. <\/p>\n<p>\n5. Maak de huid daarna schoon met PERFECT Finish of Tea Tree Perfect om de laatste restjes wax te verwijderen van de huid. <\/p>\n<p>\n6. Als laatste masseer je de huid in met de Soothing Cream of Tea Tree Sooth. TIP: Gebruik eventueel de Ingrown X-It spray, licht inmasseren en vertel over het gebruik.<\/p>\n\n","protected":false},"excerpt":{"rendered":"<p>Active Gold Strip Wax Cartridges Kamille en Micro Mica Inhoud: Cartridge 100 ml Lycon Active GOLD Strip wax is een must have in elke salon. Ideaal voor grotere oppervlaktes zoals benen, armen, borst en rug. Verwijdert haar snel, effectief en verzacht de huid! Lycon Active GOLD Strip Wax wordt zeer dun aangebracht. Bevat de verzachtende &hellip; <\/p>\n<p class=\"link-more\"><a href=\"https:\/\/www.praktivak.be\/fr\/produit\/lycon-active-gold-strip-wax-cartridges-100ml\/\" class=\"more-link\">Continuer la lecture<span class=\"screen-reader-text\"> \u00ab\u00a0Lycon Active Gold Strip Wax Cartridges (100ml)\u00a0\u00bb<\/span><\/a><\/p>\n","protected":false},"author":1,"featured_media":298092,"template":"","meta":{"_acf_changed":false,"_relevanssi_hide_post":"","_relevanssi_hide_content":"","_relevanssi_pin_for_all":"","_relevanssi_pin_keywords":"","_relevanssi_unpin_keywords":"","_relevanssi_related_keywords":"","_relevanssi_related_include_ids":"","_relevanssi_related_exclude_ids":"","_relevanssi_related_no_append":"","_relevanssi_related_not_related":"","_relevanssi_related_posts":"","_relevanssi_noindex_reason":"","advgb_blocks_editor_width":"","advgb_blocks_columns_visual_guide":"","footnotes":""},"product_brand":[],"product_cat":[2070],"product_tag":[],"class_list":{"0":"post-317056","1":"product","2":"type-product","3":"status-publish","4":"has-post-thumbnail","6":"product_cat-cartridges-fr","8":"first","9":"instock","10":"taxable","11":"shipping-taxable","12":"product-type-simple"},"acf":[],"yoast_head":"<!-- This site is optimized with the Yoast SEO plugin v27.2 - https:\/\/yoast.com\/product\/yoast-seo-wordpress\/ -->\n<title>Lycon Active Gold Strip Wax Cartridges (100ml) - Praktivak<\/title>\n<meta name=\"robots\" content=\"index, follow, max-snippet:-1, max-image-preview:large, max-video-preview:-1\" \/>\n<link rel=\"canonical\" href=\"https:\/\/www.praktivak.be\/fr\/produit\/lycon-active-gold-strip-wax-cartridges-100ml\/\" \/>\n<meta property=\"og:locale\" content=\"fr_FR\" \/>\n<meta property=\"og:type\" content=\"article\" \/>\n<meta property=\"og:title\" content=\"Lycon Active Gold Strip Wax Cartridges (100ml) - Praktivak\" \/>\n<meta property=\"og:description\" content=\"Active Gold Strip Wax Cartridges Kamille en Micro Mica Inhoud: Cartridge 100 ml Lycon Active GOLD Strip wax is een must have in elke salon. Ideaal voor grotere oppervlaktes zoals benen, armen, borst en rug. Verwijdert haar snel, effectief en verzacht de huid! Lycon Active GOLD Strip Wax wordt zeer dun aangebracht. Bevat de verzachtende &hellip; Continuer la lecture &quot;Lycon Active Gold Strip Wax Cartridges (100ml)&quot;\" \/>\n<meta property=\"og:url\" content=\"https:\/\/www.praktivak.be\/fr\/produit\/lycon-active-gold-strip-wax-cartridges-100ml\/\" \/>\n<meta property=\"og:site_name\" content=\"Praktivak\" \/>\n<meta property=\"article:modified_time\" content=\"2026-03-23T11:34:07+00:00\" \/>\n<meta property=\"og:image\" content=\"https:\/\/www.praktivak.be\/wp-content\/uploads\/2025\/09\/1KL0011-1.png\" \/>\n\t<meta property=\"og:image:width\" content=\"75\" \/>\n\t<meta property=\"og:image:height\" content=\"128\" \/>\n\t<meta property=\"og:image:type\" content=\"image\/png\" \/>\n<meta name=\"twitter:card\" content=\"summary_large_image\" \/>\n<meta name=\"twitter:label1\" content=\"Dur\u00e9e de lecture estim\u00e9e\" \/>\n\t<meta name=\"twitter:data1\" content=\"2 minutes\" \/>\n<script type=\"application\/ld+json\" class=\"yoast-schema-graph\">{\"@context\":\"https:\/\/schema.org\",\"@graph\":[{\"@type\":\"WebPage\",\"@id\":\"https:\/\/www.praktivak.be\/fr\/produit\/lycon-active-gold-strip-wax-cartridges-100ml\/\",\"url\":\"https:\/\/www.praktivak.be\/fr\/produit\/lycon-active-gold-strip-wax-cartridges-100ml\/\",\"name\":\"Lycon Active Gold Strip Wax Cartridges (100ml) - Praktivak\",\"isPartOf\":{\"@id\":\"https:\/\/www.praktivak.be\/fr\/#website\"},\"primaryImageOfPage\":{\"@id\":\"https:\/\/www.praktivak.be\/fr\/produit\/lycon-active-gold-strip-wax-cartridges-100ml\/#primaryimage\"},\"image\":{\"@id\":\"https:\/\/www.praktivak.be\/fr\/produit\/lycon-active-gold-strip-wax-cartridges-100ml\/#primaryimage\"},\"thumbnailUrl\":\"https:\/\/www.praktivak.be\/wp-content\/uploads\/2025\/09\/1KL0011-1.png\",\"datePublished\":\"2025-10-27T09:57:03+00:00\",\"dateModified\":\"2026-03-23T11:34:07+00:00\",\"breadcrumb\":{\"@id\":\"https:\/\/www.praktivak.be\/fr\/produit\/lycon-active-gold-strip-wax-cartridges-100ml\/#breadcrumb\"},\"inLanguage\":\"fr-FR\",\"potentialAction\":[{\"@type\":\"ReadAction\",\"target\":[\"https:\/\/www.praktivak.be\/fr\/produit\/lycon-active-gold-strip-wax-cartridges-100ml\/\"]}]},{\"@type\":\"ImageObject\",\"inLanguage\":\"fr-FR\",\"@id\":\"https:\/\/www.praktivak.be\/fr\/produit\/lycon-active-gold-strip-wax-cartridges-100ml\/#primaryimage\",\"url\":\"https:\/\/www.praktivak.be\/wp-content\/uploads\/2025\/09\/1KL0011-1.png\",\"contentUrl\":\"https:\/\/www.praktivak.be\/wp-content\/uploads\/2025\/09\/1KL0011-1.png\",\"width\":75,\"height\":128},{\"@type\":\"BreadcrumbList\",\"@id\":\"https:\/\/www.praktivak.be\/fr\/produit\/lycon-active-gold-strip-wax-cartridges-100ml\/#breadcrumb\",\"itemListElement\":[{\"@type\":\"ListItem\",\"position\":1,\"name\":\"Home\",\"item\":\"https:\/\/www.praktivak.be\/fr\/\"},{\"@type\":\"ListItem\",\"position\":2,\"name\":\"Boutique\",\"item\":\"https:\/\/www.praktivak.be\/fr\/boutique\/\"},{\"@type\":\"ListItem\",\"position\":3,\"name\":\"Lycon Active Gold Strip Wax Cartridges (100ml)\"}]},{\"@type\":\"WebSite\",\"@id\":\"https:\/\/www.praktivak.be\/fr\/#website\",\"url\":\"https:\/\/www.praktivak.be\/fr\/\",\"name\":\"Praktivak\",\"description\":\"\",\"publisher\":{\"@id\":\"https:\/\/www.praktivak.be\/fr\/#organization\"},\"potentialAction\":[{\"@type\":\"SearchAction\",\"target\":{\"@type\":\"EntryPoint\",\"urlTemplate\":\"https:\/\/www.praktivak.be\/fr\/?s={search_term_string}\"},\"query-input\":{\"@type\":\"PropertyValueSpecification\",\"valueRequired\":true,\"valueName\":\"search_term_string\"}}],\"inLanguage\":\"fr-FR\"},{\"@type\":\"Organization\",\"@id\":\"https:\/\/www.praktivak.be\/fr\/#organization\",\"name\":\"Praktivak\",\"url\":\"https:\/\/www.praktivak.be\/fr\/\",\"logo\":{\"@type\":\"ImageObject\",\"inLanguage\":\"fr-FR\",\"@id\":\"https:\/\/www.praktivak.be\/fr\/#\/schema\/logo\/image\/\",\"url\":\"https:\/\/www.praktivak.be\/wp-content\/uploads\/2024\/09\/Logo.png\",\"contentUrl\":\"https:\/\/www.praktivak.be\/wp-content\/uploads\/2024\/09\/Logo.png\",\"width\":1774,\"height\":337,\"caption\":\"Praktivak\"},\"image\":{\"@id\":\"https:\/\/www.praktivak.be\/fr\/#\/schema\/logo\/image\/\"}}]}<\/script>\n<!-- \/ Yoast SEO plugin. -->","yoast_head_json":{"title":"Lycon Active Gold Strip Wax Cartridges (100ml) - Praktivak","robots":{"index":"index","follow":"follow","max-snippet":"max-snippet:-1","max-image-preview":"max-image-preview:large","max-video-preview":"max-video-preview:-1"},"canonical":"https:\/\/www.praktivak.be\/fr\/produit\/lycon-active-gold-strip-wax-cartridges-100ml\/","og_locale":"fr_FR","og_type":"article","og_title":"Lycon Active Gold Strip Wax Cartridges (100ml) - Praktivak","og_description":"Active Gold Strip Wax Cartridges Kamille en Micro Mica Inhoud: Cartridge 100 ml Lycon Active GOLD Strip wax is een must have in elke salon. Ideaal voor grotere oppervlaktes zoals benen, armen, borst en rug. Verwijdert haar snel, effectief en verzacht de huid! Lycon Active GOLD Strip Wax wordt zeer dun aangebracht. Bevat de verzachtende &hellip; Continuer la lecture \"Lycon Active Gold Strip Wax Cartridges (100ml)\"","og_url":"https:\/\/www.praktivak.be\/fr\/produit\/lycon-active-gold-strip-wax-cartridges-100ml\/","og_site_name":"Praktivak","article_modified_time":"2026-03-23T11:34:07+00:00","og_image":[{"width":75,"height":128,"url":"https:\/\/www.praktivak.be\/wp-content\/uploads\/2025\/09\/1KL0011-1.png","type":"image\/png"}],"twitter_card":"summary_large_image","twitter_misc":{"Dur\u00e9e de lecture estim\u00e9e":"2 minutes"},"schema":{"@context":"https:\/\/schema.org","@graph":[{"@type":"WebPage","@id":"https:\/\/www.praktivak.be\/fr\/produit\/lycon-active-gold-strip-wax-cartridges-100ml\/","url":"https:\/\/www.praktivak.be\/fr\/produit\/lycon-active-gold-strip-wax-cartridges-100ml\/","name":"Lycon Active Gold Strip Wax Cartridges (100ml) - Praktivak","isPartOf":{"@id":"https:\/\/www.praktivak.be\/fr\/#website"},"primaryImageOfPage":{"@id":"https:\/\/www.praktivak.be\/fr\/produit\/lycon-active-gold-strip-wax-cartridges-100ml\/#primaryimage"},"image":{"@id":"https:\/\/www.praktivak.be\/fr\/produit\/lycon-active-gold-strip-wax-cartridges-100ml\/#primaryimage"},"thumbnailUrl":"https:\/\/www.praktivak.be\/wp-content\/uploads\/2025\/09\/1KL0011-1.png","datePublished":"2025-10-27T09:57:03+00:00","dateModified":"2026-03-23T11:34:07+00:00","breadcrumb":{"@id":"https:\/\/www.praktivak.be\/fr\/produit\/lycon-active-gold-strip-wax-cartridges-100ml\/#breadcrumb"},"inLanguage":"fr-FR","potentialAction":[{"@type":"ReadAction","target":["https:\/\/www.praktivak.be\/fr\/produit\/lycon-active-gold-strip-wax-cartridges-100ml\/"]}]},{"@type":"ImageObject","inLanguage":"fr-FR","@id":"https:\/\/www.praktivak.be\/fr\/produit\/lycon-active-gold-strip-wax-cartridges-100ml\/#primaryimage","url":"https:\/\/www.praktivak.be\/wp-content\/uploads\/2025\/09\/1KL0011-1.png","contentUrl":"https:\/\/www.praktivak.be\/wp-content\/uploads\/2025\/09\/1KL0011-1.png","width":75,"height":128},{"@type":"BreadcrumbList","@id":"https:\/\/www.praktivak.be\/fr\/produit\/lycon-active-gold-strip-wax-cartridges-100ml\/#breadcrumb","itemListElement":[{"@type":"ListItem","position":1,"name":"Home","item":"https:\/\/www.praktivak.be\/fr\/"},{"@type":"ListItem","position":2,"name":"Boutique","item":"https:\/\/www.praktivak.be\/fr\/boutique\/"},{"@type":"ListItem","position":3,"name":"Lycon Active Gold Strip Wax Cartridges (100ml)"}]},{"@type":"WebSite","@id":"https:\/\/www.praktivak.be\/fr\/#website","url":"https:\/\/www.praktivak.be\/fr\/","name":"Praktivak","description":"","publisher":{"@id":"https:\/\/www.praktivak.be\/fr\/#organization"},"potentialAction":[{"@type":"SearchAction","target":{"@type":"EntryPoint","urlTemplate":"https:\/\/www.praktivak.be\/fr\/?s={search_term_string}"},"query-input":{"@type":"PropertyValueSpecification","valueRequired":true,"valueName":"search_term_string"}}],"inLanguage":"fr-FR"},{"@type":"Organization","@id":"https:\/\/www.praktivak.be\/fr\/#organization","name":"Praktivak","url":"https:\/\/www.praktivak.be\/fr\/","logo":{"@type":"ImageObject","inLanguage":"fr-FR","@id":"https:\/\/www.praktivak.be\/fr\/#\/schema\/logo\/image\/","url":"https:\/\/www.praktivak.be\/wp-content\/uploads\/2024\/09\/Logo.png","contentUrl":"https:\/\/www.praktivak.be\/wp-content\/uploads\/2024\/09\/Logo.png","width":1774,"height":337,"caption":"Praktivak"},"image":{"@id":"https:\/\/www.praktivak.be\/fr\/#\/schema\/logo\/image\/"}}]}},"featured_img":"https:\/\/www.praktivak.be\/wp-content\/uploads\/2025\/09\/1KL0011-1.png","coauthors":[],"author_meta":{"author_link":"https:\/\/www.praktivak.be\/fr\/author\/madeit\/","display_name":"Tjebbe Lievens"},"relative_dates":{"created":"Publi\u00e9 6 mois il y a","modified":"Mis \u00e0 jour 3 semaines il y a"},"absolute_dates":{"created":"Publi\u00e9 le 27 octobre 2025","modified":"Mise \u00e0 jour le 23 mars 2026"},"absolute_dates_time":{"created":"Publi\u00e9 le 27 octobre 2025 10h57","modified":"Mise \u00e0 jour le 23 mars 2026 12h34"},"featured_img_caption":"","tax_additional":{"product_brand":{"linked":[],"unlinked":[],"slug":"product_brand","name":"Marques"},"product_type":{"linked":["<a href=\"https:\/\/www.praktivak.be\/fr\/?taxonomy=product_type&#038;term=simple\" class=\"advgb-post-tax-term\">simple<\/a>"],"unlinked":["<span class=\"advgb-post-tax-term\">simple<\/span>"],"slug":"product_type","name":"Type de produit"},"product_visibility":{"linked":[],"unlinked":[],"slug":"product_visibility","name":"Visibilit\u00e9 du produit"},"product_cat":{"linked":["<a href=\"https:\/\/www.praktivak.be\/fr\/categorie-de-produit\/ontharing-fr\/lycon-fr\/cartridges-fr\/\" class=\"advgb-post-tax-term\">Cartouches<\/a>"],"unlinked":["<span class=\"advgb-post-tax-term\">Cartouches<\/span>"],"slug":"product_cat","name":"Cat\u00e9gories de produits"},"product_tag":{"linked":[],"unlinked":[],"slug":"product_tag","name":"\u00c9tiquettes produit"},"product_shipping_class":{"linked":[],"unlinked":[],"slug":"product_shipping_class","name":"Classe d\u2019exp\u00e9dition du produit"},"pos_product_visibility":{"linked":[],"unlinked":[],"slug":"pos_product_visibility","name":"Visibilit\u00e9 du produit sur le point de vente"},"translation_priority":{"linked":[],"unlinked":[],"slug":"translation_priority","name":"Priorit\u00e9s de traduction"}},"series_order":"","_links":{"self":[{"href":"https:\/\/www.praktivak.be\/fr\/wp-json\/wp\/v2\/product\/317056","targetHints":{"allow":["GET"]}}],"collection":[{"href":"https:\/\/www.praktivak.be\/fr\/wp-json\/wp\/v2\/product"}],"about":[{"href":"https:\/\/www.praktivak.be\/fr\/wp-json\/wp\/v2\/types\/product"}],"version-history":[{"count":18,"href":"https:\/\/www.praktivak.be\/fr\/wp-json\/wp\/v2\/product\/317056\/revisions"}],"predecessor-version":[{"id":352040,"href":"https:\/\/www.praktivak.be\/fr\/wp-json\/wp\/v2\/product\/317056\/revisions\/352040"}],"wp:featuredmedia":[{"embeddable":true,"href":"https:\/\/www.praktivak.be\/fr\/wp-json\/wp\/v2\/media\/298092"}],"wp:attachment":[{"href":"https:\/\/www.praktivak.be\/fr\/wp-json\/wp\/v2\/media?parent=317056"}],"wp:term":[{"taxonomy":"product_brand","embeddable":true,"href":"https:\/\/www.praktivak.be\/fr\/wp-json\/wp\/v2\/product_brand?post=317056"},{"taxonomy":"product_cat","embeddable":true,"href":"https:\/\/www.praktivak.be\/fr\/wp-json\/wp\/v2\/product_cat?post=317056"},{"taxonomy":"product_tag","embeddable":true,"href":"https:\/\/www.praktivak.be\/fr\/wp-json\/wp\/v2\/product_tag?post=317056"}],"curies":[{"name":"wp","href":"https:\/\/api.w.org\/{rel}","templated":true}]}}