

{"id":315998,"date":"2025-09-11T16:16:22","date_gmt":"2025-09-11T14:16:22","guid":{"rendered":"https:\/\/www.praktivak.be\/product\/manta-skin-scrubber\/"},"modified":"2026-04-13T10:16:22","modified_gmt":"2026-04-13T08:16:22","slug":"manta-skin-scrubber","status":"publish","type":"product","link":"https:\/\/www.praktivak.be\/fr\/produit\/manta-skin-scrubber\/","title":{"rendered":"Manta skin scrubber"},"content":{"rendered":"\n<p data-oe-version=\"1.2\">Het Manta skin scrubberapparaat van Bowie Medical is een krachtig apparaat met een strak wit design dat past in elke salon.<\/p>\n<p>Het apparaat is gemakkelijk te bedienen door middel van de touch-screen toetsen op het display.<\/p>\n<p>De Skin Scrubber werkt d.m.v. ultrageluidsgolven en galvanische stroom.&nbsp;<\/p>\n<p>Met de platte kant van het handstuk kan worden gebruikt voor het insluizen van actieve werkstoffen.&nbsp;Door de trillingen van de geluidsgolven kunnen actieve werkstoffen tot diep in de huid treden.<\/p>\n<p>De andere kant van het handstuk kan worden gebruikt voor het reinigen van de huid.&nbsp;<\/p>\n<p>De Manta skin scrubber van Bowie Medical is zeer goed inzetbaar voor de behandeling van huidproblemen zoals onzuiverheden&nbsp;en huidontstekingen.&nbsp;<\/p>\n<p>Daarnaast helpt het apparaat met het verminderen van rimpels, verwijderen van talg, verkleinen van de pori&euml;n en verbeteren van de bloedsomloop.<\/p>\n<p>Dit apparaat voorzien van een timer die in te stellen is tot 30 minuten.<\/p>\n\n","protected":false},"excerpt":{"rendered":"<p>Het Manta skin scrubberapparaat van Bowie Medical is een krachtig apparaat met een strak wit design dat past in elke salon. Het apparaat is gemakkelijk te bedienen door middel van de touch-screen toetsen op het display. De Skin Scrubber werkt d.m.v. ultrageluidsgolven en galvanische stroom.&nbsp; Met de platte kant van het handstuk kan worden gebruikt &hellip; <\/p>\n<p class=\"link-more\"><a href=\"https:\/\/www.praktivak.be\/fr\/produit\/manta-skin-scrubber\/\" class=\"more-link\">Continuer la lecture<span class=\"screen-reader-text\"> \u00ab\u00a0Manta skin scrubber\u00a0\u00bb<\/span><\/a><\/p>\n","protected":false},"author":1,"featured_media":316007,"template":"","meta":{"_acf_changed":false,"_relevanssi_hide_post":"","_relevanssi_hide_content":"","_relevanssi_pin_for_all":"","_relevanssi_pin_keywords":"","_relevanssi_unpin_keywords":"","_relevanssi_related_keywords":"","_relevanssi_related_include_ids":"","_relevanssi_related_exclude_ids":"","_relevanssi_related_no_append":"","_relevanssi_related_not_related":"","_relevanssi_related_posts":"","_relevanssi_noindex_reason":"","advgb_blocks_editor_width":"","advgb_blocks_columns_visual_guide":"","footnotes":""},"product_brand":[],"product_cat":[2349],"product_tag":[],"class_list":{"0":"post-315998","1":"product","2":"type-product","3":"status-publish","4":"has-post-thumbnail","6":"product_cat-basisapparatuur-fr","8":"first","9":"instock","10":"taxable","11":"shipping-taxable","12":"product-type-simple"},"acf":[],"yoast_head":"<!-- This site is optimized with the Yoast SEO plugin v27.2 - https:\/\/yoast.com\/product\/yoast-seo-wordpress\/ -->\n<title>Manta skin scrubber - Praktivak<\/title>\n<meta name=\"robots\" content=\"index, follow, max-snippet:-1, max-image-preview:large, max-video-preview:-1\" \/>\n<link rel=\"canonical\" href=\"https:\/\/www.praktivak.be\/fr\/produit\/manta-skin-scrubber\/\" \/>\n<meta property=\"og:locale\" content=\"fr_FR\" \/>\n<meta property=\"og:type\" content=\"article\" \/>\n<meta property=\"og:title\" content=\"Manta skin scrubber - Praktivak\" \/>\n<meta property=\"og:description\" content=\"Het Manta skin scrubberapparaat van Bowie Medical is een krachtig apparaat met een strak wit design dat past in elke salon. Het apparaat is gemakkelijk te bedienen door middel van de touch-screen toetsen op het display. De Skin Scrubber werkt d.m.v. ultrageluidsgolven en galvanische stroom.&nbsp; Met de platte kant van het handstuk kan worden gebruikt &hellip; Continuer la lecture &quot;Manta skin scrubber&quot;\" \/>\n<meta property=\"og:url\" content=\"https:\/\/www.praktivak.be\/fr\/produit\/manta-skin-scrubber\/\" \/>\n<meta property=\"og:site_name\" content=\"Praktivak\" \/>\n<meta property=\"article:modified_time\" content=\"2026-04-13T08:16:22+00:00\" \/>\n<meta property=\"og:image\" content=\"https:\/\/www.praktivak.be\/wp-content\/uploads\/2025\/09\/EM10005-3.jpg\" \/>\n\t<meta property=\"og:image:width\" content=\"1920\" \/>\n\t<meta property=\"og:image:height\" content=\"1920\" \/>\n\t<meta property=\"og:image:type\" content=\"image\/jpeg\" \/>\n<meta name=\"twitter:card\" content=\"summary_large_image\" \/>\n<meta name=\"twitter:label1\" content=\"Dur\u00e9e de lecture estim\u00e9e\" \/>\n\t<meta name=\"twitter:data1\" content=\"1 minute\" \/>\n<script type=\"application\/ld+json\" class=\"yoast-schema-graph\">{\"@context\":\"https:\/\/schema.org\",\"@graph\":[{\"@type\":\"WebPage\",\"@id\":\"https:\/\/www.praktivak.be\/fr\/produit\/manta-skin-scrubber\/\",\"url\":\"https:\/\/www.praktivak.be\/fr\/produit\/manta-skin-scrubber\/\",\"name\":\"Manta skin scrubber - Praktivak\",\"isPartOf\":{\"@id\":\"https:\/\/www.praktivak.be\/fr\/#website\"},\"primaryImageOfPage\":{\"@id\":\"https:\/\/www.praktivak.be\/fr\/produit\/manta-skin-scrubber\/#primaryimage\"},\"image\":{\"@id\":\"https:\/\/www.praktivak.be\/fr\/produit\/manta-skin-scrubber\/#primaryimage\"},\"thumbnailUrl\":\"https:\/\/www.praktivak.be\/wp-content\/uploads\/2025\/09\/EM10005-3.jpg\",\"datePublished\":\"2025-09-11T14:16:22+00:00\",\"dateModified\":\"2026-04-13T08:16:22+00:00\",\"breadcrumb\":{\"@id\":\"https:\/\/www.praktivak.be\/fr\/produit\/manta-skin-scrubber\/#breadcrumb\"},\"inLanguage\":\"fr-FR\",\"potentialAction\":[{\"@type\":\"ReadAction\",\"target\":[\"https:\/\/www.praktivak.be\/fr\/produit\/manta-skin-scrubber\/\"]}]},{\"@type\":\"ImageObject\",\"inLanguage\":\"fr-FR\",\"@id\":\"https:\/\/www.praktivak.be\/fr\/produit\/manta-skin-scrubber\/#primaryimage\",\"url\":\"https:\/\/www.praktivak.be\/wp-content\/uploads\/2025\/09\/EM10005-3.jpg\",\"contentUrl\":\"https:\/\/www.praktivak.be\/wp-content\/uploads\/2025\/09\/EM10005-3.jpg\",\"width\":1920,\"height\":1920},{\"@type\":\"BreadcrumbList\",\"@id\":\"https:\/\/www.praktivak.be\/fr\/produit\/manta-skin-scrubber\/#breadcrumb\",\"itemListElement\":[{\"@type\":\"ListItem\",\"position\":1,\"name\":\"Home\",\"item\":\"https:\/\/www.praktivak.be\/fr\/\"},{\"@type\":\"ListItem\",\"position\":2,\"name\":\"Boutique\",\"item\":\"https:\/\/www.praktivak.be\/fr\/boutique\/\"},{\"@type\":\"ListItem\",\"position\":3,\"name\":\"Manta skin scrubber\"}]},{\"@type\":\"WebSite\",\"@id\":\"https:\/\/www.praktivak.be\/fr\/#website\",\"url\":\"https:\/\/www.praktivak.be\/fr\/\",\"name\":\"Praktivak\",\"description\":\"\",\"publisher\":{\"@id\":\"https:\/\/www.praktivak.be\/fr\/#organization\"},\"potentialAction\":[{\"@type\":\"SearchAction\",\"target\":{\"@type\":\"EntryPoint\",\"urlTemplate\":\"https:\/\/www.praktivak.be\/fr\/?s={search_term_string}\"},\"query-input\":{\"@type\":\"PropertyValueSpecification\",\"valueRequired\":true,\"valueName\":\"search_term_string\"}}],\"inLanguage\":\"fr-FR\"},{\"@type\":\"Organization\",\"@id\":\"https:\/\/www.praktivak.be\/fr\/#organization\",\"name\":\"Praktivak\",\"url\":\"https:\/\/www.praktivak.be\/fr\/\",\"logo\":{\"@type\":\"ImageObject\",\"inLanguage\":\"fr-FR\",\"@id\":\"https:\/\/www.praktivak.be\/fr\/#\/schema\/logo\/image\/\",\"url\":\"https:\/\/www.praktivak.be\/wp-content\/uploads\/2024\/09\/Logo.png\",\"contentUrl\":\"https:\/\/www.praktivak.be\/wp-content\/uploads\/2024\/09\/Logo.png\",\"width\":1774,\"height\":337,\"caption\":\"Praktivak\"},\"image\":{\"@id\":\"https:\/\/www.praktivak.be\/fr\/#\/schema\/logo\/image\/\"}}]}<\/script>\n<!-- \/ Yoast SEO plugin. -->","yoast_head_json":{"title":"Manta skin scrubber - Praktivak","robots":{"index":"index","follow":"follow","max-snippet":"max-snippet:-1","max-image-preview":"max-image-preview:large","max-video-preview":"max-video-preview:-1"},"canonical":"https:\/\/www.praktivak.be\/fr\/produit\/manta-skin-scrubber\/","og_locale":"fr_FR","og_type":"article","og_title":"Manta skin scrubber - Praktivak","og_description":"Het Manta skin scrubberapparaat van Bowie Medical is een krachtig apparaat met een strak wit design dat past in elke salon. Het apparaat is gemakkelijk te bedienen door middel van de touch-screen toetsen op het display. De Skin Scrubber werkt d.m.v. ultrageluidsgolven en galvanische stroom.&nbsp; Met de platte kant van het handstuk kan worden gebruikt &hellip; Continuer la lecture \"Manta skin scrubber\"","og_url":"https:\/\/www.praktivak.be\/fr\/produit\/manta-skin-scrubber\/","og_site_name":"Praktivak","article_modified_time":"2026-04-13T08:16:22+00:00","og_image":[{"width":1920,"height":1920,"url":"https:\/\/www.praktivak.be\/wp-content\/uploads\/2025\/09\/EM10005-3.jpg","type":"image\/jpeg"}],"twitter_card":"summary_large_image","twitter_misc":{"Dur\u00e9e de lecture estim\u00e9e":"1 minute"},"schema":{"@context":"https:\/\/schema.org","@graph":[{"@type":"WebPage","@id":"https:\/\/www.praktivak.be\/fr\/produit\/manta-skin-scrubber\/","url":"https:\/\/www.praktivak.be\/fr\/produit\/manta-skin-scrubber\/","name":"Manta skin scrubber - Praktivak","isPartOf":{"@id":"https:\/\/www.praktivak.be\/fr\/#website"},"primaryImageOfPage":{"@id":"https:\/\/www.praktivak.be\/fr\/produit\/manta-skin-scrubber\/#primaryimage"},"image":{"@id":"https:\/\/www.praktivak.be\/fr\/produit\/manta-skin-scrubber\/#primaryimage"},"thumbnailUrl":"https:\/\/www.praktivak.be\/wp-content\/uploads\/2025\/09\/EM10005-3.jpg","datePublished":"2025-09-11T14:16:22+00:00","dateModified":"2026-04-13T08:16:22+00:00","breadcrumb":{"@id":"https:\/\/www.praktivak.be\/fr\/produit\/manta-skin-scrubber\/#breadcrumb"},"inLanguage":"fr-FR","potentialAction":[{"@type":"ReadAction","target":["https:\/\/www.praktivak.be\/fr\/produit\/manta-skin-scrubber\/"]}]},{"@type":"ImageObject","inLanguage":"fr-FR","@id":"https:\/\/www.praktivak.be\/fr\/produit\/manta-skin-scrubber\/#primaryimage","url":"https:\/\/www.praktivak.be\/wp-content\/uploads\/2025\/09\/EM10005-3.jpg","contentUrl":"https:\/\/www.praktivak.be\/wp-content\/uploads\/2025\/09\/EM10005-3.jpg","width":1920,"height":1920},{"@type":"BreadcrumbList","@id":"https:\/\/www.praktivak.be\/fr\/produit\/manta-skin-scrubber\/#breadcrumb","itemListElement":[{"@type":"ListItem","position":1,"name":"Home","item":"https:\/\/www.praktivak.be\/fr\/"},{"@type":"ListItem","position":2,"name":"Boutique","item":"https:\/\/www.praktivak.be\/fr\/boutique\/"},{"@type":"ListItem","position":3,"name":"Manta skin scrubber"}]},{"@type":"WebSite","@id":"https:\/\/www.praktivak.be\/fr\/#website","url":"https:\/\/www.praktivak.be\/fr\/","name":"Praktivak","description":"","publisher":{"@id":"https:\/\/www.praktivak.be\/fr\/#organization"},"potentialAction":[{"@type":"SearchAction","target":{"@type":"EntryPoint","urlTemplate":"https:\/\/www.praktivak.be\/fr\/?s={search_term_string}"},"query-input":{"@type":"PropertyValueSpecification","valueRequired":true,"valueName":"search_term_string"}}],"inLanguage":"fr-FR"},{"@type":"Organization","@id":"https:\/\/www.praktivak.be\/fr\/#organization","name":"Praktivak","url":"https:\/\/www.praktivak.be\/fr\/","logo":{"@type":"ImageObject","inLanguage":"fr-FR","@id":"https:\/\/www.praktivak.be\/fr\/#\/schema\/logo\/image\/","url":"https:\/\/www.praktivak.be\/wp-content\/uploads\/2024\/09\/Logo.png","contentUrl":"https:\/\/www.praktivak.be\/wp-content\/uploads\/2024\/09\/Logo.png","width":1774,"height":337,"caption":"Praktivak"},"image":{"@id":"https:\/\/www.praktivak.be\/fr\/#\/schema\/logo\/image\/"}}]}},"featured_img":"https:\/\/www.praktivak.be\/wp-content\/uploads\/2025\/09\/EM10005-3.jpg","coauthors":[],"author_meta":{"author_link":"https:\/\/www.praktivak.be\/fr\/author\/madeit\/","display_name":"Tjebbe Lievens"},"relative_dates":{"created":"Publi\u00e9 7 mois il y a","modified":"Mis \u00e0 jour 3 jours il y a"},"absolute_dates":{"created":"Publi\u00e9 le 11 septembre 2025","modified":"Mise \u00e0 jour le 13 avril 2026"},"absolute_dates_time":{"created":"Publi\u00e9 le 11 septembre 2025 16h16","modified":"Mise \u00e0 jour le 13 avril 2026 10h16"},"featured_img_caption":"","tax_additional":{"product_brand":{"linked":[],"unlinked":[],"slug":"product_brand","name":"Marques"},"product_type":{"linked":["<a href=\"https:\/\/www.praktivak.be\/fr\/?taxonomy=product_type&#038;term=simple\" class=\"advgb-post-tax-term\">simple<\/a>"],"unlinked":["<span class=\"advgb-post-tax-term\">simple<\/span>"],"slug":"product_type","name":"Type de produit"},"product_visibility":{"linked":[],"unlinked":[],"slug":"product_visibility","name":"Visibilit\u00e9 du produit"},"product_cat":{"linked":["<a href=\"https:\/\/www.praktivak.be\/fr\/categorie-de-produit\/salonapparatuur-fr\/basisapparatuur-fr\/\" class=\"advgb-post-tax-term\">Basisapparatuur<\/a>"],"unlinked":["<span class=\"advgb-post-tax-term\">Basisapparatuur<\/span>"],"slug":"product_cat","name":"Cat\u00e9gories de produits"},"product_tag":{"linked":[],"unlinked":[],"slug":"product_tag","name":"\u00c9tiquettes produit"},"product_shipping_class":{"linked":[],"unlinked":[],"slug":"product_shipping_class","name":"Classe d\u2019exp\u00e9dition du produit"},"pos_product_visibility":{"linked":[],"unlinked":[],"slug":"pos_product_visibility","name":"Visibilit\u00e9 du produit sur le point de vente"},"translation_priority":{"linked":[],"unlinked":[],"slug":"translation_priority","name":"Priorit\u00e9s de traduction"}},"series_order":"","_links":{"self":[{"href":"https:\/\/www.praktivak.be\/fr\/wp-json\/wp\/v2\/product\/315998","targetHints":{"allow":["GET"]}}],"collection":[{"href":"https:\/\/www.praktivak.be\/fr\/wp-json\/wp\/v2\/product"}],"about":[{"href":"https:\/\/www.praktivak.be\/fr\/wp-json\/wp\/v2\/types\/product"}],"version-history":[{"count":49,"href":"https:\/\/www.praktivak.be\/fr\/wp-json\/wp\/v2\/product\/315998\/revisions"}],"predecessor-version":[{"id":363814,"href":"https:\/\/www.praktivak.be\/fr\/wp-json\/wp\/v2\/product\/315998\/revisions\/363814"}],"wp:featuredmedia":[{"embeddable":true,"href":"https:\/\/www.praktivak.be\/fr\/wp-json\/wp\/v2\/media\/316007"}],"wp:attachment":[{"href":"https:\/\/www.praktivak.be\/fr\/wp-json\/wp\/v2\/media?parent=315998"}],"wp:term":[{"taxonomy":"product_brand","embeddable":true,"href":"https:\/\/www.praktivak.be\/fr\/wp-json\/wp\/v2\/product_brand?post=315998"},{"taxonomy":"product_cat","embeddable":true,"href":"https:\/\/www.praktivak.be\/fr\/wp-json\/wp\/v2\/product_cat?post=315998"},{"taxonomy":"product_tag","embeddable":true,"href":"https:\/\/www.praktivak.be\/fr\/wp-json\/wp\/v2\/product_tag?post=315998"}],"curies":[{"name":"wp","href":"https:\/\/api.w.org\/{rel}","templated":true}]}}