

{"id":315880,"date":"2025-09-11T14:34:30","date_gmt":"2025-09-11T12:34:30","guid":{"rendered":"https:\/\/www.praktivak.be\/product\/manta-ultrasonic-apparaat\/"},"modified":"2026-04-13T10:46:18","modified_gmt":"2026-04-13T08:46:18","slug":"manta-ultrasonic-apparaat","status":"publish","type":"product","link":"https:\/\/www.praktivak.be\/fr\/produit\/manta-ultrasonic-apparaat\/","title":{"rendered":"Manta ultrasonic apparaat"},"content":{"rendered":"\n<p data-oe-version=\"1.2\">Het Manta ultrasonic apparaat van Bowie Medical is een krachtig ultrasound apparaat met een strak wit design dat past in elke salon.<\/p>\n<p>Het apparaat is gemakkelijk te bedienen door middel van de touch-screen toetsen op het display.<\/p>\n<p>Dit apparaat wordt o.a. gebruikt voor het insluizen van werkstoffen tot diep in de huid.<\/p>\n<p>Het apparaat werkt d.m.v. ultrageluidsgolven met een hele hoge frequentie.&nbsp;Door de trillingen van deze geluidgolven kunnen actieve werkstoffen tot diep in de huid treden.<\/p>\n<p>De Manta ultrasonic is erg goed inzetbaar voor de behandeling van rimpels, cellulitis en huidversteviging.<\/p>\n<p>Het apparaat heeft 2 verschillende behandelkoppen voor grotere en kleinere oppervlakken.<\/p>\n<p>Met de &nbsp;&raquo;mode&nbsp;&raquo; knop kunnen deze beide behandelkoppen op verschillende frequenties ingesteld worden.&nbsp;<\/p>\n<p>Daarnaast is dit apparaat voorzien van een timer die in te stellen is tot 30 minuten.<\/p>\n\n","protected":false},"excerpt":{"rendered":"<p>Het Manta ultrasonic apparaat van Bowie Medical is een krachtig ultrasound apparaat met een strak wit design dat past in elke salon. Het apparaat is gemakkelijk te bedienen door middel van de touch-screen toetsen op het display. Dit apparaat wordt o.a. gebruikt voor het insluizen van werkstoffen tot diep in de huid. Het apparaat werkt &hellip; <\/p>\n<p class=\"link-more\"><a href=\"https:\/\/www.praktivak.be\/fr\/produit\/manta-ultrasonic-apparaat\/\" class=\"more-link\">Continuer la lecture<span class=\"screen-reader-text\"> \u00ab\u00a0Manta ultrasonic apparaat\u00a0\u00bb<\/span><\/a><\/p>\n","protected":false},"author":1,"featured_media":315891,"template":"","meta":{"_acf_changed":false,"_relevanssi_hide_post":"","_relevanssi_hide_content":"","_relevanssi_pin_for_all":"","_relevanssi_pin_keywords":"","_relevanssi_unpin_keywords":"","_relevanssi_related_keywords":"","_relevanssi_related_include_ids":"","_relevanssi_related_exclude_ids":"","_relevanssi_related_no_append":"","_relevanssi_related_not_related":"","_relevanssi_related_posts":"","_relevanssi_noindex_reason":"","advgb_blocks_editor_width":"","advgb_blocks_columns_visual_guide":"","footnotes":""},"product_brand":[],"product_cat":[2349],"product_tag":[],"class_list":{"0":"post-315880","1":"product","2":"type-product","3":"status-publish","4":"has-post-thumbnail","6":"product_cat-basisapparatuur-fr","8":"first","9":"instock","10":"taxable","11":"shipping-taxable","12":"product-type-simple"},"acf":[],"yoast_head":"<!-- This site is optimized with the Yoast SEO plugin v27.2 - https:\/\/yoast.com\/product\/yoast-seo-wordpress\/ -->\n<title>Manta ultrasonic apparaat - Praktivak<\/title>\n<meta name=\"robots\" content=\"index, follow, max-snippet:-1, max-image-preview:large, max-video-preview:-1\" \/>\n<link rel=\"canonical\" href=\"https:\/\/www.praktivak.be\/fr\/produit\/manta-ultrasonic-apparaat\/\" \/>\n<meta property=\"og:locale\" content=\"fr_FR\" \/>\n<meta property=\"og:type\" content=\"article\" \/>\n<meta property=\"og:title\" content=\"Manta ultrasonic apparaat - Praktivak\" \/>\n<meta property=\"og:description\" content=\"Het Manta ultrasonic apparaat van Bowie Medical is een krachtig ultrasound apparaat met een strak wit design dat past in elke salon. Het apparaat is gemakkelijk te bedienen door middel van de touch-screen toetsen op het display. Dit apparaat wordt o.a. gebruikt voor het insluizen van werkstoffen tot diep in de huid. Het apparaat werkt &hellip; Continuer la lecture &quot;Manta ultrasonic apparaat&quot;\" \/>\n<meta property=\"og:url\" content=\"https:\/\/www.praktivak.be\/fr\/produit\/manta-ultrasonic-apparaat\/\" \/>\n<meta property=\"og:site_name\" content=\"Praktivak\" \/>\n<meta property=\"article:modified_time\" content=\"2026-04-13T08:46:18+00:00\" \/>\n<meta property=\"og:image\" content=\"https:\/\/www.praktivak.be\/wp-content\/uploads\/2025\/09\/EM10002-3.jpg\" \/>\n\t<meta property=\"og:image:width\" content=\"1920\" \/>\n\t<meta property=\"og:image:height\" content=\"1920\" \/>\n\t<meta property=\"og:image:type\" content=\"image\/jpeg\" \/>\n<meta name=\"twitter:card\" content=\"summary_large_image\" \/>\n<meta name=\"twitter:label1\" content=\"Dur\u00e9e de lecture estim\u00e9e\" \/>\n\t<meta name=\"twitter:data1\" content=\"1 minute\" \/>\n<script type=\"application\/ld+json\" class=\"yoast-schema-graph\">{\"@context\":\"https:\/\/schema.org\",\"@graph\":[{\"@type\":\"WebPage\",\"@id\":\"https:\/\/www.praktivak.be\/fr\/produit\/manta-ultrasonic-apparaat\/\",\"url\":\"https:\/\/www.praktivak.be\/fr\/produit\/manta-ultrasonic-apparaat\/\",\"name\":\"Manta ultrasonic apparaat - Praktivak\",\"isPartOf\":{\"@id\":\"https:\/\/www.praktivak.be\/fr\/#website\"},\"primaryImageOfPage\":{\"@id\":\"https:\/\/www.praktivak.be\/fr\/produit\/manta-ultrasonic-apparaat\/#primaryimage\"},\"image\":{\"@id\":\"https:\/\/www.praktivak.be\/fr\/produit\/manta-ultrasonic-apparaat\/#primaryimage\"},\"thumbnailUrl\":\"https:\/\/www.praktivak.be\/wp-content\/uploads\/2025\/09\/EM10002-3.jpg\",\"datePublished\":\"2025-09-11T12:34:30+00:00\",\"dateModified\":\"2026-04-13T08:46:18+00:00\",\"breadcrumb\":{\"@id\":\"https:\/\/www.praktivak.be\/fr\/produit\/manta-ultrasonic-apparaat\/#breadcrumb\"},\"inLanguage\":\"fr-FR\",\"potentialAction\":[{\"@type\":\"ReadAction\",\"target\":[\"https:\/\/www.praktivak.be\/fr\/produit\/manta-ultrasonic-apparaat\/\"]}]},{\"@type\":\"ImageObject\",\"inLanguage\":\"fr-FR\",\"@id\":\"https:\/\/www.praktivak.be\/fr\/produit\/manta-ultrasonic-apparaat\/#primaryimage\",\"url\":\"https:\/\/www.praktivak.be\/wp-content\/uploads\/2025\/09\/EM10002-3.jpg\",\"contentUrl\":\"https:\/\/www.praktivak.be\/wp-content\/uploads\/2025\/09\/EM10002-3.jpg\",\"width\":1920,\"height\":1920},{\"@type\":\"BreadcrumbList\",\"@id\":\"https:\/\/www.praktivak.be\/fr\/produit\/manta-ultrasonic-apparaat\/#breadcrumb\",\"itemListElement\":[{\"@type\":\"ListItem\",\"position\":1,\"name\":\"Home\",\"item\":\"https:\/\/www.praktivak.be\/fr\/\"},{\"@type\":\"ListItem\",\"position\":2,\"name\":\"Boutique\",\"item\":\"https:\/\/www.praktivak.be\/fr\/boutique\/\"},{\"@type\":\"ListItem\",\"position\":3,\"name\":\"Manta ultrasonic apparaat\"}]},{\"@type\":\"WebSite\",\"@id\":\"https:\/\/www.praktivak.be\/fr\/#website\",\"url\":\"https:\/\/www.praktivak.be\/fr\/\",\"name\":\"Praktivak\",\"description\":\"\",\"publisher\":{\"@id\":\"https:\/\/www.praktivak.be\/fr\/#organization\"},\"potentialAction\":[{\"@type\":\"SearchAction\",\"target\":{\"@type\":\"EntryPoint\",\"urlTemplate\":\"https:\/\/www.praktivak.be\/fr\/?s={search_term_string}\"},\"query-input\":{\"@type\":\"PropertyValueSpecification\",\"valueRequired\":true,\"valueName\":\"search_term_string\"}}],\"inLanguage\":\"fr-FR\"},{\"@type\":\"Organization\",\"@id\":\"https:\/\/www.praktivak.be\/fr\/#organization\",\"name\":\"Praktivak\",\"url\":\"https:\/\/www.praktivak.be\/fr\/\",\"logo\":{\"@type\":\"ImageObject\",\"inLanguage\":\"fr-FR\",\"@id\":\"https:\/\/www.praktivak.be\/fr\/#\/schema\/logo\/image\/\",\"url\":\"https:\/\/www.praktivak.be\/wp-content\/uploads\/2024\/09\/Logo.png\",\"contentUrl\":\"https:\/\/www.praktivak.be\/wp-content\/uploads\/2024\/09\/Logo.png\",\"width\":1774,\"height\":337,\"caption\":\"Praktivak\"},\"image\":{\"@id\":\"https:\/\/www.praktivak.be\/fr\/#\/schema\/logo\/image\/\"}}]}<\/script>\n<!-- \/ Yoast SEO plugin. -->","yoast_head_json":{"title":"Manta ultrasonic apparaat - Praktivak","robots":{"index":"index","follow":"follow","max-snippet":"max-snippet:-1","max-image-preview":"max-image-preview:large","max-video-preview":"max-video-preview:-1"},"canonical":"https:\/\/www.praktivak.be\/fr\/produit\/manta-ultrasonic-apparaat\/","og_locale":"fr_FR","og_type":"article","og_title":"Manta ultrasonic apparaat - Praktivak","og_description":"Het Manta ultrasonic apparaat van Bowie Medical is een krachtig ultrasound apparaat met een strak wit design dat past in elke salon. Het apparaat is gemakkelijk te bedienen door middel van de touch-screen toetsen op het display. Dit apparaat wordt o.a. gebruikt voor het insluizen van werkstoffen tot diep in de huid. Het apparaat werkt &hellip; Continuer la lecture \"Manta ultrasonic apparaat\"","og_url":"https:\/\/www.praktivak.be\/fr\/produit\/manta-ultrasonic-apparaat\/","og_site_name":"Praktivak","article_modified_time":"2026-04-13T08:46:18+00:00","og_image":[{"width":1920,"height":1920,"url":"https:\/\/www.praktivak.be\/wp-content\/uploads\/2025\/09\/EM10002-3.jpg","type":"image\/jpeg"}],"twitter_card":"summary_large_image","twitter_misc":{"Dur\u00e9e de lecture estim\u00e9e":"1 minute"},"schema":{"@context":"https:\/\/schema.org","@graph":[{"@type":"WebPage","@id":"https:\/\/www.praktivak.be\/fr\/produit\/manta-ultrasonic-apparaat\/","url":"https:\/\/www.praktivak.be\/fr\/produit\/manta-ultrasonic-apparaat\/","name":"Manta ultrasonic apparaat - Praktivak","isPartOf":{"@id":"https:\/\/www.praktivak.be\/fr\/#website"},"primaryImageOfPage":{"@id":"https:\/\/www.praktivak.be\/fr\/produit\/manta-ultrasonic-apparaat\/#primaryimage"},"image":{"@id":"https:\/\/www.praktivak.be\/fr\/produit\/manta-ultrasonic-apparaat\/#primaryimage"},"thumbnailUrl":"https:\/\/www.praktivak.be\/wp-content\/uploads\/2025\/09\/EM10002-3.jpg","datePublished":"2025-09-11T12:34:30+00:00","dateModified":"2026-04-13T08:46:18+00:00","breadcrumb":{"@id":"https:\/\/www.praktivak.be\/fr\/produit\/manta-ultrasonic-apparaat\/#breadcrumb"},"inLanguage":"fr-FR","potentialAction":[{"@type":"ReadAction","target":["https:\/\/www.praktivak.be\/fr\/produit\/manta-ultrasonic-apparaat\/"]}]},{"@type":"ImageObject","inLanguage":"fr-FR","@id":"https:\/\/www.praktivak.be\/fr\/produit\/manta-ultrasonic-apparaat\/#primaryimage","url":"https:\/\/www.praktivak.be\/wp-content\/uploads\/2025\/09\/EM10002-3.jpg","contentUrl":"https:\/\/www.praktivak.be\/wp-content\/uploads\/2025\/09\/EM10002-3.jpg","width":1920,"height":1920},{"@type":"BreadcrumbList","@id":"https:\/\/www.praktivak.be\/fr\/produit\/manta-ultrasonic-apparaat\/#breadcrumb","itemListElement":[{"@type":"ListItem","position":1,"name":"Home","item":"https:\/\/www.praktivak.be\/fr\/"},{"@type":"ListItem","position":2,"name":"Boutique","item":"https:\/\/www.praktivak.be\/fr\/boutique\/"},{"@type":"ListItem","position":3,"name":"Manta ultrasonic apparaat"}]},{"@type":"WebSite","@id":"https:\/\/www.praktivak.be\/fr\/#website","url":"https:\/\/www.praktivak.be\/fr\/","name":"Praktivak","description":"","publisher":{"@id":"https:\/\/www.praktivak.be\/fr\/#organization"},"potentialAction":[{"@type":"SearchAction","target":{"@type":"EntryPoint","urlTemplate":"https:\/\/www.praktivak.be\/fr\/?s={search_term_string}"},"query-input":{"@type":"PropertyValueSpecification","valueRequired":true,"valueName":"search_term_string"}}],"inLanguage":"fr-FR"},{"@type":"Organization","@id":"https:\/\/www.praktivak.be\/fr\/#organization","name":"Praktivak","url":"https:\/\/www.praktivak.be\/fr\/","logo":{"@type":"ImageObject","inLanguage":"fr-FR","@id":"https:\/\/www.praktivak.be\/fr\/#\/schema\/logo\/image\/","url":"https:\/\/www.praktivak.be\/wp-content\/uploads\/2024\/09\/Logo.png","contentUrl":"https:\/\/www.praktivak.be\/wp-content\/uploads\/2024\/09\/Logo.png","width":1774,"height":337,"caption":"Praktivak"},"image":{"@id":"https:\/\/www.praktivak.be\/fr\/#\/schema\/logo\/image\/"}}]}},"featured_img":"https:\/\/www.praktivak.be\/wp-content\/uploads\/2025\/09\/EM10002-3.jpg","coauthors":[],"author_meta":{"author_link":"https:\/\/www.praktivak.be\/fr\/author\/madeit\/","display_name":"Tjebbe Lievens"},"relative_dates":{"created":"Publi\u00e9 7 mois il y a","modified":"Mis \u00e0 jour 2 jours il y a"},"absolute_dates":{"created":"Publi\u00e9 le 11 septembre 2025","modified":"Mise \u00e0 jour le 13 avril 2026"},"absolute_dates_time":{"created":"Publi\u00e9 le 11 septembre 2025 14h34","modified":"Mise \u00e0 jour le 13 avril 2026 10h46"},"featured_img_caption":"","tax_additional":{"product_brand":{"linked":[],"unlinked":[],"slug":"product_brand","name":"Marques"},"product_type":{"linked":["<a href=\"https:\/\/www.praktivak.be\/fr\/?taxonomy=product_type&#038;term=simple\" class=\"advgb-post-tax-term\">simple<\/a>"],"unlinked":["<span class=\"advgb-post-tax-term\">simple<\/span>"],"slug":"product_type","name":"Type de produit"},"product_visibility":{"linked":[],"unlinked":[],"slug":"product_visibility","name":"Visibilit\u00e9 du produit"},"product_cat":{"linked":["<a href=\"https:\/\/www.praktivak.be\/fr\/categorie-de-produit\/salonapparatuur-fr\/basisapparatuur-fr\/\" class=\"advgb-post-tax-term\">Basisapparatuur<\/a>"],"unlinked":["<span class=\"advgb-post-tax-term\">Basisapparatuur<\/span>"],"slug":"product_cat","name":"Cat\u00e9gories de produits"},"product_tag":{"linked":[],"unlinked":[],"slug":"product_tag","name":"\u00c9tiquettes produit"},"product_shipping_class":{"linked":[],"unlinked":[],"slug":"product_shipping_class","name":"Classe d\u2019exp\u00e9dition du produit"},"pos_product_visibility":{"linked":[],"unlinked":[],"slug":"pos_product_visibility","name":"Visibilit\u00e9 du produit sur le point de vente"},"translation_priority":{"linked":[],"unlinked":[],"slug":"translation_priority","name":"Priorit\u00e9s de traduction"}},"series_order":"","_links":{"self":[{"href":"https:\/\/www.praktivak.be\/fr\/wp-json\/wp\/v2\/product\/315880","targetHints":{"allow":["GET"]}}],"collection":[{"href":"https:\/\/www.praktivak.be\/fr\/wp-json\/wp\/v2\/product"}],"about":[{"href":"https:\/\/www.praktivak.be\/fr\/wp-json\/wp\/v2\/types\/product"}],"version-history":[{"count":87,"href":"https:\/\/www.praktivak.be\/fr\/wp-json\/wp\/v2\/product\/315880\/revisions"}],"predecessor-version":[{"id":363847,"href":"https:\/\/www.praktivak.be\/fr\/wp-json\/wp\/v2\/product\/315880\/revisions\/363847"}],"wp:featuredmedia":[{"embeddable":true,"href":"https:\/\/www.praktivak.be\/fr\/wp-json\/wp\/v2\/media\/315891"}],"wp:attachment":[{"href":"https:\/\/www.praktivak.be\/fr\/wp-json\/wp\/v2\/media?parent=315880"}],"wp:term":[{"taxonomy":"product_brand","embeddable":true,"href":"https:\/\/www.praktivak.be\/fr\/wp-json\/wp\/v2\/product_brand?post=315880"},{"taxonomy":"product_cat","embeddable":true,"href":"https:\/\/www.praktivak.be\/fr\/wp-json\/wp\/v2\/product_cat?post=315880"},{"taxonomy":"product_tag","embeddable":true,"href":"https:\/\/www.praktivak.be\/fr\/wp-json\/wp\/v2\/product_tag?post=315880"}],"curies":[{"name":"wp","href":"https:\/\/api.w.org\/{rel}","templated":true}]}}