

{"id":315798,"date":"2025-09-11T13:18:44","date_gmt":"2025-09-11T11:18:44","guid":{"rendered":"https:\/\/www.praktivak.be\/product\/empire-twist-deluxe-soft-met-4-motoren-en-led-memory-verwarming-en-pedalen\/"},"modified":"2026-02-01T16:24:24","modified_gmt":"2026-02-01T15:24:24","slug":"empire-twist-deluxe-soft-4-moteurs-led-memoire-chauffage-et-pedales","status":"publish","type":"product","link":"https:\/\/www.praktivak.be\/fr\/produit\/empire-twist-deluxe-soft-4-moteurs-led-memoire-chauffage-et-pedales\/","title":{"rendered":"Empire Twist Deluxe Soft 4 moteurs, LED, m\u00e9moire, chauffage et p\u00e9dales"},"content":{"rendered":"\n<div data-oe-version=\"1.2\">L&rsquo;Empire Soft LED<br>\nest un nouveau fauteuil de traitement innovant avec de nombreux extras et<br>\n&eacute;quip&eacute; des derni&egrave;res technologies. Fauteuil de traitement tr&egrave;s bien con&ccedil;u et<br>\ntr&egrave;s confortable avec une entr&eacute;e et une sortie basses et des coussins soft-line<br>\nluxueux qui peuvent pivoter sur 240 degr&eacute;s pour une facilit&eacute; d&rsquo;utilisation<br>\noptimale. &Eacute;quip&eacute; avec un angle d&rsquo;inclinaisson profond, ainsi que d&rsquo;un arr&ecirc;t d&rsquo;urgence. &Eacute;quip&eacute; de s&eacute;rie de 4<br>\nmoteurs, d&rsquo;une lumi&egrave;re LED r&eacute;glable en diff&eacute;rentes couleurs, d&rsquo;une m&eacute;moire (2<br>\nmodes programmables) et d&rsquo;un chauffage.<\/div>\n<div><\/div>\n<div>Les fonctions peuvent &ecirc;tre command&eacute;es &agrave;<br>\nl&rsquo;aide des boutons situ&eacute;s sur le dossier et le panneau d&rsquo;assise, ainsi que<br>\nmanuellement et avec p&eacute;dals.&nbsp;Le fauteuil est &eacute;galement dot&eacute; d&rsquo;un bouton de r&eacute;initialisation,<br>\nqui permet de le remettre en fonction par simple pression sur un bouton.<br>\nAppui-t&ecirc;te r&eacute;glable avec narine et coussin et accoudoirs repliables pour une<br>\nfacilit&eacute; d&rsquo;utilisation optimale. Rev&ecirc;tement en PU m&eacute;dical pour un entretien<br>\nfacile.&nbsp;<\/div>\n<div><\/div>\n<div>Fonctions moteurs:&nbsp;<\/div>\n<div>-haut\/bas -dossier -section des jambes -inclinaison&nbsp;<\/div>\n<div><\/div>\n<div>D&eacute;tails:<\/div>\n<div>&nbsp;&ndash; Longueur: +\/-186cm<\/div>\n<div>&nbsp;&ndash; Largeur avec accoudoir: +\/-82cm<\/div>\n<div>&nbsp;&ndash; Largeur sans<br>\naccoudoirs: +\/-57cm&nbsp;<\/div>\n<div>&ndash; Position la plus basse: +\/-56cm<\/div>\n<div>&nbsp;&ndash; Position la plus haute:<br>\n+\/89cm<\/div>\n<div>&nbsp;&ndash; Rotation: 240 degr&eacute;s&nbsp;<\/div>\n<div>&ndash; Poids: 79 kg<\/div>\n<div>&nbsp;&ndash; Capacit&eacute; de charge: 200 kg<\/div>\n<div><\/div>\n<div>&nbsp;Options:<\/div>\n<div>&nbsp;&ndash; commande &agrave; p&eacute;dale&nbsp;<\/div>\n<div>&ndash; roues<\/div>\n<div>&ndash; porte-rouleau<\/div>\n<div><\/div>\n<div>&nbsp;3 ans de garantie sur les<br>\nmoteurs<\/div>\n\n","protected":false},"excerpt":{"rendered":"<p>L&rsquo;Empire Soft LED est un nouveau fauteuil de traitement innovant avec de nombreux extras et &eacute;quip&eacute; des derni&egrave;res technologies. Fauteuil de traitement tr&egrave;s bien con&ccedil;u et tr&egrave;s confortable avec une entr&eacute;e et une sortie basses et des coussins soft-line luxueux qui peuvent pivoter sur 240 degr&eacute;s pour une facilit&eacute; d&rsquo;utilisation optimale. &Eacute;quip&eacute; avec un angle &hellip; <\/p>\n<p class=\"link-more\"><a href=\"https:\/\/www.praktivak.be\/fr\/produit\/empire-twist-deluxe-soft-4-moteurs-led-memoire-chauffage-et-pedales\/\" class=\"more-link\">Continuer la lecture<span class=\"screen-reader-text\"> \u00ab\u00a0Empire Twist Deluxe Soft 4 moteurs, LED, m\u00e9moire, chauffage et p\u00e9dales\u00a0\u00bb<\/span><\/a><\/p>\n","protected":false},"author":1,"featured_media":332427,"template":"","meta":{"_acf_changed":false,"_relevanssi_hide_post":"","_relevanssi_hide_content":"","_relevanssi_pin_for_all":"","_relevanssi_pin_keywords":"","_relevanssi_unpin_keywords":"","_relevanssi_related_keywords":"","_relevanssi_related_include_ids":"","_relevanssi_related_exclude_ids":"","_relevanssi_related_no_append":"","_relevanssi_related_not_related":"","_relevanssi_related_posts":"","_relevanssi_noindex_reason":"","advgb_blocks_editor_width":"","advgb_blocks_columns_visual_guide":"","footnotes":""},"product_brand":[],"product_cat":[2063],"product_tag":[],"class_list":{"0":"post-315798","1":"product","2":"type-product","3":"status-publish","4":"has-post-thumbnail","6":"product_cat-behandelstoelen-inrichtingen-fr","8":"first","9":"instock","10":"taxable","11":"shipping-taxable","12":"product-type-simple"},"acf":[],"yoast_head":"<!-- This site is optimized with the Yoast SEO plugin v27.2 - https:\/\/yoast.com\/product\/yoast-seo-wordpress\/ -->\n<title>Empire Twist Deluxe Soft 4 moteurs, LED, m\u00e9moire, chauffage et p\u00e9dales - Praktivak<\/title>\n<meta name=\"robots\" content=\"index, follow, max-snippet:-1, max-image-preview:large, max-video-preview:-1\" \/>\n<link rel=\"canonical\" href=\"https:\/\/www.praktivak.be\/fr\/produit\/empire-twist-deluxe-soft-4-moteurs-led-memoire-chauffage-et-pedales\/\" \/>\n<meta property=\"og:locale\" content=\"fr_FR\" \/>\n<meta property=\"og:type\" content=\"article\" \/>\n<meta property=\"og:title\" content=\"Empire Twist Deluxe Soft 4 moteurs, LED, m\u00e9moire, chauffage et p\u00e9dales - Praktivak\" \/>\n<meta property=\"og:description\" content=\"L&rsquo;Empire Soft LED est un nouveau fauteuil de traitement innovant avec de nombreux extras et &eacute;quip&eacute; des derni&egrave;res technologies. Fauteuil de traitement tr&egrave;s bien con&ccedil;u et tr&egrave;s confortable avec une entr&eacute;e et une sortie basses et des coussins soft-line luxueux qui peuvent pivoter sur 240 degr&eacute;s pour une facilit&eacute; d&rsquo;utilisation optimale. &Eacute;quip&eacute; avec un angle &hellip; Continuer la lecture &quot;Empire Twist Deluxe Soft 4 moteurs, LED, m\u00e9moire, chauffage et p\u00e9dales&quot;\" \/>\n<meta property=\"og:url\" content=\"https:\/\/www.praktivak.be\/fr\/produit\/empire-twist-deluxe-soft-4-moteurs-led-memoire-chauffage-et-pedales\/\" \/>\n<meta property=\"og:site_name\" content=\"Praktivak\" \/>\n<meta property=\"article:modified_time\" content=\"2026-02-01T15:24:24+00:00\" \/>\n<meta property=\"og:image\" content=\"https:\/\/www.praktivak.be\/wp-content\/uploads\/2025\/11\/SKAA-1.webp\" \/>\n\t<meta property=\"og:image:width\" content=\"1748\" \/>\n\t<meta property=\"og:image:height\" content=\"1240\" \/>\n\t<meta property=\"og:image:type\" content=\"image\/webp\" \/>\n<meta name=\"twitter:card\" content=\"summary_large_image\" \/>\n<meta name=\"twitter:label1\" content=\"Dur\u00e9e de lecture estim\u00e9e\" \/>\n\t<meta name=\"twitter:data1\" content=\"1 minute\" \/>\n<script type=\"application\/ld+json\" class=\"yoast-schema-graph\">{\"@context\":\"https:\/\/schema.org\",\"@graph\":[{\"@type\":\"WebPage\",\"@id\":\"https:\/\/www.praktivak.be\/fr\/produit\/empire-twist-deluxe-soft-4-moteurs-led-memoire-chauffage-et-pedales\/\",\"url\":\"https:\/\/www.praktivak.be\/fr\/produit\/empire-twist-deluxe-soft-4-moteurs-led-memoire-chauffage-et-pedales\/\",\"name\":\"Empire Twist Deluxe Soft 4 moteurs, LED, m\u00e9moire, chauffage et p\u00e9dales - Praktivak\",\"isPartOf\":{\"@id\":\"https:\/\/www.praktivak.be\/fr\/#website\"},\"primaryImageOfPage\":{\"@id\":\"https:\/\/www.praktivak.be\/fr\/produit\/empire-twist-deluxe-soft-4-moteurs-led-memoire-chauffage-et-pedales\/#primaryimage\"},\"image\":{\"@id\":\"https:\/\/www.praktivak.be\/fr\/produit\/empire-twist-deluxe-soft-4-moteurs-led-memoire-chauffage-et-pedales\/#primaryimage\"},\"thumbnailUrl\":\"https:\/\/www.praktivak.be\/wp-content\/uploads\/2025\/11\/SKAA-1.webp\",\"datePublished\":\"2025-09-11T11:18:44+00:00\",\"dateModified\":\"2026-02-01T15:24:24+00:00\",\"breadcrumb\":{\"@id\":\"https:\/\/www.praktivak.be\/fr\/produit\/empire-twist-deluxe-soft-4-moteurs-led-memoire-chauffage-et-pedales\/#breadcrumb\"},\"inLanguage\":\"fr-FR\",\"potentialAction\":[{\"@type\":\"ReadAction\",\"target\":[\"https:\/\/www.praktivak.be\/fr\/produit\/empire-twist-deluxe-soft-4-moteurs-led-memoire-chauffage-et-pedales\/\"]}]},{\"@type\":\"ImageObject\",\"inLanguage\":\"fr-FR\",\"@id\":\"https:\/\/www.praktivak.be\/fr\/produit\/empire-twist-deluxe-soft-4-moteurs-led-memoire-chauffage-et-pedales\/#primaryimage\",\"url\":\"https:\/\/www.praktivak.be\/wp-content\/uploads\/2025\/11\/SKAA-1.webp\",\"contentUrl\":\"https:\/\/www.praktivak.be\/wp-content\/uploads\/2025\/11\/SKAA-1.webp\",\"width\":1748,\"height\":1240},{\"@type\":\"BreadcrumbList\",\"@id\":\"https:\/\/www.praktivak.be\/fr\/produit\/empire-twist-deluxe-soft-4-moteurs-led-memoire-chauffage-et-pedales\/#breadcrumb\",\"itemListElement\":[{\"@type\":\"ListItem\",\"position\":1,\"name\":\"Home\",\"item\":\"https:\/\/www.praktivak.be\/fr\/\"},{\"@type\":\"ListItem\",\"position\":2,\"name\":\"Boutique\",\"item\":\"https:\/\/www.praktivak.be\/fr\/boutique\/\"},{\"@type\":\"ListItem\",\"position\":3,\"name\":\"Empire Twist Deluxe Soft 4 moteurs, LED, m\u00e9moire, chauffage et p\u00e9dales\"}]},{\"@type\":\"WebSite\",\"@id\":\"https:\/\/www.praktivak.be\/fr\/#website\",\"url\":\"https:\/\/www.praktivak.be\/fr\/\",\"name\":\"Praktivak\",\"description\":\"\",\"publisher\":{\"@id\":\"https:\/\/www.praktivak.be\/fr\/#organization\"},\"potentialAction\":[{\"@type\":\"SearchAction\",\"target\":{\"@type\":\"EntryPoint\",\"urlTemplate\":\"https:\/\/www.praktivak.be\/fr\/?s={search_term_string}\"},\"query-input\":{\"@type\":\"PropertyValueSpecification\",\"valueRequired\":true,\"valueName\":\"search_term_string\"}}],\"inLanguage\":\"fr-FR\"},{\"@type\":\"Organization\",\"@id\":\"https:\/\/www.praktivak.be\/fr\/#organization\",\"name\":\"Praktivak\",\"url\":\"https:\/\/www.praktivak.be\/fr\/\",\"logo\":{\"@type\":\"ImageObject\",\"inLanguage\":\"fr-FR\",\"@id\":\"https:\/\/www.praktivak.be\/fr\/#\/schema\/logo\/image\/\",\"url\":\"https:\/\/www.praktivak.be\/wp-content\/uploads\/2024\/09\/Logo.png\",\"contentUrl\":\"https:\/\/www.praktivak.be\/wp-content\/uploads\/2024\/09\/Logo.png\",\"width\":1774,\"height\":337,\"caption\":\"Praktivak\"},\"image\":{\"@id\":\"https:\/\/www.praktivak.be\/fr\/#\/schema\/logo\/image\/\"}}]}<\/script>\n<!-- \/ Yoast SEO plugin. -->","yoast_head_json":{"title":"Empire Twist Deluxe Soft 4 moteurs, LED, m\u00e9moire, chauffage et p\u00e9dales - Praktivak","robots":{"index":"index","follow":"follow","max-snippet":"max-snippet:-1","max-image-preview":"max-image-preview:large","max-video-preview":"max-video-preview:-1"},"canonical":"https:\/\/www.praktivak.be\/fr\/produit\/empire-twist-deluxe-soft-4-moteurs-led-memoire-chauffage-et-pedales\/","og_locale":"fr_FR","og_type":"article","og_title":"Empire Twist Deluxe Soft 4 moteurs, LED, m\u00e9moire, chauffage et p\u00e9dales - Praktivak","og_description":"L&rsquo;Empire Soft LED est un nouveau fauteuil de traitement innovant avec de nombreux extras et &eacute;quip&eacute; des derni&egrave;res technologies. Fauteuil de traitement tr&egrave;s bien con&ccedil;u et tr&egrave;s confortable avec une entr&eacute;e et une sortie basses et des coussins soft-line luxueux qui peuvent pivoter sur 240 degr&eacute;s pour une facilit&eacute; d&rsquo;utilisation optimale. &Eacute;quip&eacute; avec un angle &hellip; Continuer la lecture \"Empire Twist Deluxe Soft 4 moteurs, LED, m\u00e9moire, chauffage et p\u00e9dales\"","og_url":"https:\/\/www.praktivak.be\/fr\/produit\/empire-twist-deluxe-soft-4-moteurs-led-memoire-chauffage-et-pedales\/","og_site_name":"Praktivak","article_modified_time":"2026-02-01T15:24:24+00:00","og_image":[{"width":1748,"height":1240,"url":"https:\/\/www.praktivak.be\/wp-content\/uploads\/2025\/11\/SKAA-1.webp","type":"image\/webp"}],"twitter_card":"summary_large_image","twitter_misc":{"Dur\u00e9e de lecture estim\u00e9e":"1 minute"},"schema":{"@context":"https:\/\/schema.org","@graph":[{"@type":"WebPage","@id":"https:\/\/www.praktivak.be\/fr\/produit\/empire-twist-deluxe-soft-4-moteurs-led-memoire-chauffage-et-pedales\/","url":"https:\/\/www.praktivak.be\/fr\/produit\/empire-twist-deluxe-soft-4-moteurs-led-memoire-chauffage-et-pedales\/","name":"Empire Twist Deluxe Soft 4 moteurs, LED, m\u00e9moire, chauffage et p\u00e9dales - Praktivak","isPartOf":{"@id":"https:\/\/www.praktivak.be\/fr\/#website"},"primaryImageOfPage":{"@id":"https:\/\/www.praktivak.be\/fr\/produit\/empire-twist-deluxe-soft-4-moteurs-led-memoire-chauffage-et-pedales\/#primaryimage"},"image":{"@id":"https:\/\/www.praktivak.be\/fr\/produit\/empire-twist-deluxe-soft-4-moteurs-led-memoire-chauffage-et-pedales\/#primaryimage"},"thumbnailUrl":"https:\/\/www.praktivak.be\/wp-content\/uploads\/2025\/11\/SKAA-1.webp","datePublished":"2025-09-11T11:18:44+00:00","dateModified":"2026-02-01T15:24:24+00:00","breadcrumb":{"@id":"https:\/\/www.praktivak.be\/fr\/produit\/empire-twist-deluxe-soft-4-moteurs-led-memoire-chauffage-et-pedales\/#breadcrumb"},"inLanguage":"fr-FR","potentialAction":[{"@type":"ReadAction","target":["https:\/\/www.praktivak.be\/fr\/produit\/empire-twist-deluxe-soft-4-moteurs-led-memoire-chauffage-et-pedales\/"]}]},{"@type":"ImageObject","inLanguage":"fr-FR","@id":"https:\/\/www.praktivak.be\/fr\/produit\/empire-twist-deluxe-soft-4-moteurs-led-memoire-chauffage-et-pedales\/#primaryimage","url":"https:\/\/www.praktivak.be\/wp-content\/uploads\/2025\/11\/SKAA-1.webp","contentUrl":"https:\/\/www.praktivak.be\/wp-content\/uploads\/2025\/11\/SKAA-1.webp","width":1748,"height":1240},{"@type":"BreadcrumbList","@id":"https:\/\/www.praktivak.be\/fr\/produit\/empire-twist-deluxe-soft-4-moteurs-led-memoire-chauffage-et-pedales\/#breadcrumb","itemListElement":[{"@type":"ListItem","position":1,"name":"Home","item":"https:\/\/www.praktivak.be\/fr\/"},{"@type":"ListItem","position":2,"name":"Boutique","item":"https:\/\/www.praktivak.be\/fr\/boutique\/"},{"@type":"ListItem","position":3,"name":"Empire Twist Deluxe Soft 4 moteurs, LED, m\u00e9moire, chauffage et p\u00e9dales"}]},{"@type":"WebSite","@id":"https:\/\/www.praktivak.be\/fr\/#website","url":"https:\/\/www.praktivak.be\/fr\/","name":"Praktivak","description":"","publisher":{"@id":"https:\/\/www.praktivak.be\/fr\/#organization"},"potentialAction":[{"@type":"SearchAction","target":{"@type":"EntryPoint","urlTemplate":"https:\/\/www.praktivak.be\/fr\/?s={search_term_string}"},"query-input":{"@type":"PropertyValueSpecification","valueRequired":true,"valueName":"search_term_string"}}],"inLanguage":"fr-FR"},{"@type":"Organization","@id":"https:\/\/www.praktivak.be\/fr\/#organization","name":"Praktivak","url":"https:\/\/www.praktivak.be\/fr\/","logo":{"@type":"ImageObject","inLanguage":"fr-FR","@id":"https:\/\/www.praktivak.be\/fr\/#\/schema\/logo\/image\/","url":"https:\/\/www.praktivak.be\/wp-content\/uploads\/2024\/09\/Logo.png","contentUrl":"https:\/\/www.praktivak.be\/wp-content\/uploads\/2024\/09\/Logo.png","width":1774,"height":337,"caption":"Praktivak"},"image":{"@id":"https:\/\/www.praktivak.be\/fr\/#\/schema\/logo\/image\/"}}]}},"featured_img":"https:\/\/www.praktivak.be\/wp-content\/uploads\/2025\/11\/SKAA-1.webp","coauthors":[],"author_meta":{"author_link":"https:\/\/www.praktivak.be\/fr\/author\/madeit\/","display_name":"Tjebbe Lievens"},"relative_dates":{"created":"Publi\u00e9 7 mois il y a","modified":"Mis \u00e0 jour 2 mois il y a"},"absolute_dates":{"created":"Publi\u00e9 le 11 septembre 2025","modified":"Mise \u00e0 jour le 1 f\u00e9vrier 2026"},"absolute_dates_time":{"created":"Publi\u00e9 le 11 septembre 2025 13h18","modified":"Mise \u00e0 jour le 1 f\u00e9vrier 2026 16h24"},"featured_img_caption":"","tax_additional":{"product_brand":{"linked":[],"unlinked":[],"slug":"product_brand","name":"Marques"},"product_type":{"linked":["<a href=\"https:\/\/www.praktivak.be\/fr\/?taxonomy=product_type&#038;term=simple\" class=\"advgb-post-tax-term\">simple<\/a>"],"unlinked":["<span class=\"advgb-post-tax-term\">simple<\/span>"],"slug":"product_type","name":"Type de produit"},"product_visibility":{"linked":[],"unlinked":[],"slug":"product_visibility","name":"Visibilit\u00e9 du produit"},"product_cat":{"linked":["<a href=\"https:\/\/www.praktivak.be\/fr\/categorie-de-produit\/inrichtingen-fr\/behandelstoelen-inrichtingen-fr\/\" class=\"advgb-post-tax-term\">Fauteuils de soins<\/a>"],"unlinked":["<span class=\"advgb-post-tax-term\">Fauteuils de soins<\/span>"],"slug":"product_cat","name":"Cat\u00e9gories de produits"},"product_tag":{"linked":[],"unlinked":[],"slug":"product_tag","name":"\u00c9tiquettes produit"},"product_shipping_class":{"linked":[],"unlinked":[],"slug":"product_shipping_class","name":"Classe d\u2019exp\u00e9dition du produit"},"pos_product_visibility":{"linked":[],"unlinked":[],"slug":"pos_product_visibility","name":"Visibilit\u00e9 du produit sur le point de vente"},"translation_priority":{"linked":[],"unlinked":[],"slug":"translation_priority","name":"Priorit\u00e9s de traduction"}},"series_order":"","_links":{"self":[{"href":"https:\/\/www.praktivak.be\/fr\/wp-json\/wp\/v2\/product\/315798","targetHints":{"allow":["GET"]}}],"collection":[{"href":"https:\/\/www.praktivak.be\/fr\/wp-json\/wp\/v2\/product"}],"about":[{"href":"https:\/\/www.praktivak.be\/fr\/wp-json\/wp\/v2\/types\/product"}],"version-history":[{"count":134,"href":"https:\/\/www.praktivak.be\/fr\/wp-json\/wp\/v2\/product\/315798\/revisions"}],"predecessor-version":[{"id":342240,"href":"https:\/\/www.praktivak.be\/fr\/wp-json\/wp\/v2\/product\/315798\/revisions\/342240"}],"wp:featuredmedia":[{"embeddable":true,"href":"https:\/\/www.praktivak.be\/fr\/wp-json\/wp\/v2\/media\/332427"}],"wp:attachment":[{"href":"https:\/\/www.praktivak.be\/fr\/wp-json\/wp\/v2\/media?parent=315798"}],"wp:term":[{"taxonomy":"product_brand","embeddable":true,"href":"https:\/\/www.praktivak.be\/fr\/wp-json\/wp\/v2\/product_brand?post=315798"},{"taxonomy":"product_cat","embeddable":true,"href":"https:\/\/www.praktivak.be\/fr\/wp-json\/wp\/v2\/product_cat?post=315798"},{"taxonomy":"product_tag","embeddable":true,"href":"https:\/\/www.praktivak.be\/fr\/wp-json\/wp\/v2\/product_tag?post=315798"}],"curies":[{"name":"wp","href":"https:\/\/api.w.org\/{rel}","templated":true}]}}