

{"id":284557,"date":"2025-09-01T16:52:32","date_gmt":"2025-09-01T14:52:32","guid":{"rendered":"https:\/\/www.praktivak.be\/product\/loeplamp-sonia-ovaal-met-led-licht-dioptrie-5-zwart\/"},"modified":"2026-02-01T16:57:02","modified_gmt":"2026-02-01T15:57:02","slug":"sonia-lampe-loupe-ovale-avec-de-la-lumiere-led-dioptrie-5-noir","status":"publish","type":"product","link":"https:\/\/www.praktivak.be\/fr\/produit\/sonia-lampe-loupe-ovale-avec-de-la-lumiere-led-dioptrie-5-noir\/","title":{"rendered":"Sonia lampe loupe ovale, avec de la lumi\u00e8re LED dioptrie 5, noir"},"content":{"rendered":"\n<p>\nLampe loupe avec de la lumi&egrave;re LED dioptrie 5. Livr&eacute; avec pince de table.<\/p>\n\n<p>\nPoids : 3,5kg<\/p>\n\n<p>\nAussi disponible avec tr&eacute;pied.<\/p>\n\n","protected":false},"excerpt":{"rendered":"<p>Lampe loupe avec de la lumi&egrave;re LED dioptrie 5. Livr&eacute; avec pince de table. Poids : 3,5kg Aussi disponible avec tr&eacute;pied.<\/p>\n","protected":false},"author":1,"featured_media":284663,"template":"","meta":{"_acf_changed":false,"_relevanssi_hide_post":"","_relevanssi_hide_content":"","_relevanssi_pin_for_all":"","_relevanssi_pin_keywords":"","_relevanssi_unpin_keywords":"","_relevanssi_related_keywords":"","_relevanssi_related_include_ids":"","_relevanssi_related_exclude_ids":"","_relevanssi_related_no_append":"","_relevanssi_related_not_related":"","_relevanssi_related_posts":"","_relevanssi_noindex_reason":"","advgb_blocks_editor_width":"","advgb_blocks_columns_visual_guide":"","footnotes":""},"product_brand":[],"product_cat":[2060],"product_tag":[],"class_list":{"0":"post-284557","1":"product","2":"type-product","3":"status-publish","4":"has-post-thumbnail","6":"product_cat-lampen-salonapparatuur-esthetische-apparatuur-fr","8":"first","9":"instock","10":"taxable","11":"shipping-taxable","12":"product-type-simple"},"acf":[],"yoast_head":"<!-- This site is optimized with the Yoast SEO plugin v27.2 - https:\/\/yoast.com\/product\/yoast-seo-wordpress\/ -->\n<title>Sonia lampe loupe ovale, avec de la lumi\u00e8re LED dioptrie 5, noir - Praktivak<\/title>\n<meta name=\"robots\" content=\"index, follow, max-snippet:-1, max-image-preview:large, max-video-preview:-1\" \/>\n<link rel=\"canonical\" href=\"https:\/\/www.praktivak.be\/fr\/produit\/sonia-lampe-loupe-ovale-avec-de-la-lumiere-led-dioptrie-5-noir\/\" \/>\n<meta property=\"og:locale\" content=\"fr_FR\" \/>\n<meta property=\"og:type\" content=\"article\" \/>\n<meta property=\"og:title\" content=\"Sonia lampe loupe ovale, avec de la lumi\u00e8re LED dioptrie 5, noir - Praktivak\" \/>\n<meta property=\"og:description\" content=\"Lampe loupe avec de la lumi&egrave;re LED dioptrie 5. Livr&eacute; avec pince de table. Poids : 3,5kg Aussi disponible avec tr&eacute;pied.\" \/>\n<meta property=\"og:url\" content=\"https:\/\/www.praktivak.be\/fr\/produit\/sonia-lampe-loupe-ovale-avec-de-la-lumiere-led-dioptrie-5-noir\/\" \/>\n<meta property=\"og:site_name\" content=\"Praktivak\" \/>\n<meta property=\"article:modified_time\" content=\"2026-02-01T15:57:02+00:00\" \/>\n<meta property=\"og:image\" content=\"https:\/\/www.praktivak.be\/wp-content\/uploads\/2025\/09\/E41006TZ-2.webp\" \/>\n\t<meta property=\"og:image:width\" content=\"1682\" \/>\n\t<meta property=\"og:image:height\" content=\"2000\" \/>\n\t<meta property=\"og:image:type\" content=\"image\/webp\" \/>\n<meta name=\"twitter:card\" content=\"summary_large_image\" \/>\n<script type=\"application\/ld+json\" class=\"yoast-schema-graph\">{\"@context\":\"https:\/\/schema.org\",\"@graph\":[{\"@type\":\"WebPage\",\"@id\":\"https:\/\/www.praktivak.be\/fr\/produit\/sonia-lampe-loupe-ovale-avec-de-la-lumiere-led-dioptrie-5-noir\/\",\"url\":\"https:\/\/www.praktivak.be\/fr\/produit\/sonia-lampe-loupe-ovale-avec-de-la-lumiere-led-dioptrie-5-noir\/\",\"name\":\"Sonia lampe loupe ovale, avec de la lumi\u00e8re LED dioptrie 5, noir - Praktivak\",\"isPartOf\":{\"@id\":\"https:\/\/www.praktivak.be\/fr\/#website\"},\"primaryImageOfPage\":{\"@id\":\"https:\/\/www.praktivak.be\/fr\/produit\/sonia-lampe-loupe-ovale-avec-de-la-lumiere-led-dioptrie-5-noir\/#primaryimage\"},\"image\":{\"@id\":\"https:\/\/www.praktivak.be\/fr\/produit\/sonia-lampe-loupe-ovale-avec-de-la-lumiere-led-dioptrie-5-noir\/#primaryimage\"},\"thumbnailUrl\":\"https:\/\/www.praktivak.be\/wp-content\/uploads\/2025\/09\/E41006TZ-2.webp\",\"datePublished\":\"2025-09-01T14:52:32+00:00\",\"dateModified\":\"2026-02-01T15:57:02+00:00\",\"breadcrumb\":{\"@id\":\"https:\/\/www.praktivak.be\/fr\/produit\/sonia-lampe-loupe-ovale-avec-de-la-lumiere-led-dioptrie-5-noir\/#breadcrumb\"},\"inLanguage\":\"fr-FR\",\"potentialAction\":[{\"@type\":\"ReadAction\",\"target\":[\"https:\/\/www.praktivak.be\/fr\/produit\/sonia-lampe-loupe-ovale-avec-de-la-lumiere-led-dioptrie-5-noir\/\"]}]},{\"@type\":\"ImageObject\",\"inLanguage\":\"fr-FR\",\"@id\":\"https:\/\/www.praktivak.be\/fr\/produit\/sonia-lampe-loupe-ovale-avec-de-la-lumiere-led-dioptrie-5-noir\/#primaryimage\",\"url\":\"https:\/\/www.praktivak.be\/wp-content\/uploads\/2025\/09\/E41006TZ-2.webp\",\"contentUrl\":\"https:\/\/www.praktivak.be\/wp-content\/uploads\/2025\/09\/E41006TZ-2.webp\",\"width\":1682,\"height\":2000},{\"@type\":\"BreadcrumbList\",\"@id\":\"https:\/\/www.praktivak.be\/fr\/produit\/sonia-lampe-loupe-ovale-avec-de-la-lumiere-led-dioptrie-5-noir\/#breadcrumb\",\"itemListElement\":[{\"@type\":\"ListItem\",\"position\":1,\"name\":\"Home\",\"item\":\"https:\/\/www.praktivak.be\/fr\/\"},{\"@type\":\"ListItem\",\"position\":2,\"name\":\"Boutique\",\"item\":\"https:\/\/www.praktivak.be\/fr\/boutique\/\"},{\"@type\":\"ListItem\",\"position\":3,\"name\":\"Sonia lampe loupe ovale, avec de la lumi\u00e8re LED dioptrie 5, noir\"}]},{\"@type\":\"WebSite\",\"@id\":\"https:\/\/www.praktivak.be\/fr\/#website\",\"url\":\"https:\/\/www.praktivak.be\/fr\/\",\"name\":\"Praktivak\",\"description\":\"\",\"publisher\":{\"@id\":\"https:\/\/www.praktivak.be\/fr\/#organization\"},\"potentialAction\":[{\"@type\":\"SearchAction\",\"target\":{\"@type\":\"EntryPoint\",\"urlTemplate\":\"https:\/\/www.praktivak.be\/fr\/?s={search_term_string}\"},\"query-input\":{\"@type\":\"PropertyValueSpecification\",\"valueRequired\":true,\"valueName\":\"search_term_string\"}}],\"inLanguage\":\"fr-FR\"},{\"@type\":\"Organization\",\"@id\":\"https:\/\/www.praktivak.be\/fr\/#organization\",\"name\":\"Praktivak\",\"url\":\"https:\/\/www.praktivak.be\/fr\/\",\"logo\":{\"@type\":\"ImageObject\",\"inLanguage\":\"fr-FR\",\"@id\":\"https:\/\/www.praktivak.be\/fr\/#\/schema\/logo\/image\/\",\"url\":\"https:\/\/www.praktivak.be\/wp-content\/uploads\/2024\/09\/Logo.png\",\"contentUrl\":\"https:\/\/www.praktivak.be\/wp-content\/uploads\/2024\/09\/Logo.png\",\"width\":1774,\"height\":337,\"caption\":\"Praktivak\"},\"image\":{\"@id\":\"https:\/\/www.praktivak.be\/fr\/#\/schema\/logo\/image\/\"}}]}<\/script>\n<!-- \/ Yoast SEO plugin. -->","yoast_head_json":{"title":"Sonia lampe loupe ovale, avec de la lumi\u00e8re LED dioptrie 5, noir - Praktivak","robots":{"index":"index","follow":"follow","max-snippet":"max-snippet:-1","max-image-preview":"max-image-preview:large","max-video-preview":"max-video-preview:-1"},"canonical":"https:\/\/www.praktivak.be\/fr\/produit\/sonia-lampe-loupe-ovale-avec-de-la-lumiere-led-dioptrie-5-noir\/","og_locale":"fr_FR","og_type":"article","og_title":"Sonia lampe loupe ovale, avec de la lumi\u00e8re LED dioptrie 5, noir - Praktivak","og_description":"Lampe loupe avec de la lumi&egrave;re LED dioptrie 5. Livr&eacute; avec pince de table. Poids : 3,5kg Aussi disponible avec tr&eacute;pied.","og_url":"https:\/\/www.praktivak.be\/fr\/produit\/sonia-lampe-loupe-ovale-avec-de-la-lumiere-led-dioptrie-5-noir\/","og_site_name":"Praktivak","article_modified_time":"2026-02-01T15:57:02+00:00","og_image":[{"width":1682,"height":2000,"url":"https:\/\/www.praktivak.be\/wp-content\/uploads\/2025\/09\/E41006TZ-2.webp","type":"image\/webp"}],"twitter_card":"summary_large_image","schema":{"@context":"https:\/\/schema.org","@graph":[{"@type":"WebPage","@id":"https:\/\/www.praktivak.be\/fr\/produit\/sonia-lampe-loupe-ovale-avec-de-la-lumiere-led-dioptrie-5-noir\/","url":"https:\/\/www.praktivak.be\/fr\/produit\/sonia-lampe-loupe-ovale-avec-de-la-lumiere-led-dioptrie-5-noir\/","name":"Sonia lampe loupe ovale, avec de la lumi\u00e8re LED dioptrie 5, noir - Praktivak","isPartOf":{"@id":"https:\/\/www.praktivak.be\/fr\/#website"},"primaryImageOfPage":{"@id":"https:\/\/www.praktivak.be\/fr\/produit\/sonia-lampe-loupe-ovale-avec-de-la-lumiere-led-dioptrie-5-noir\/#primaryimage"},"image":{"@id":"https:\/\/www.praktivak.be\/fr\/produit\/sonia-lampe-loupe-ovale-avec-de-la-lumiere-led-dioptrie-5-noir\/#primaryimage"},"thumbnailUrl":"https:\/\/www.praktivak.be\/wp-content\/uploads\/2025\/09\/E41006TZ-2.webp","datePublished":"2025-09-01T14:52:32+00:00","dateModified":"2026-02-01T15:57:02+00:00","breadcrumb":{"@id":"https:\/\/www.praktivak.be\/fr\/produit\/sonia-lampe-loupe-ovale-avec-de-la-lumiere-led-dioptrie-5-noir\/#breadcrumb"},"inLanguage":"fr-FR","potentialAction":[{"@type":"ReadAction","target":["https:\/\/www.praktivak.be\/fr\/produit\/sonia-lampe-loupe-ovale-avec-de-la-lumiere-led-dioptrie-5-noir\/"]}]},{"@type":"ImageObject","inLanguage":"fr-FR","@id":"https:\/\/www.praktivak.be\/fr\/produit\/sonia-lampe-loupe-ovale-avec-de-la-lumiere-led-dioptrie-5-noir\/#primaryimage","url":"https:\/\/www.praktivak.be\/wp-content\/uploads\/2025\/09\/E41006TZ-2.webp","contentUrl":"https:\/\/www.praktivak.be\/wp-content\/uploads\/2025\/09\/E41006TZ-2.webp","width":1682,"height":2000},{"@type":"BreadcrumbList","@id":"https:\/\/www.praktivak.be\/fr\/produit\/sonia-lampe-loupe-ovale-avec-de-la-lumiere-led-dioptrie-5-noir\/#breadcrumb","itemListElement":[{"@type":"ListItem","position":1,"name":"Home","item":"https:\/\/www.praktivak.be\/fr\/"},{"@type":"ListItem","position":2,"name":"Boutique","item":"https:\/\/www.praktivak.be\/fr\/boutique\/"},{"@type":"ListItem","position":3,"name":"Sonia lampe loupe ovale, avec de la lumi\u00e8re LED dioptrie 5, noir"}]},{"@type":"WebSite","@id":"https:\/\/www.praktivak.be\/fr\/#website","url":"https:\/\/www.praktivak.be\/fr\/","name":"Praktivak","description":"","publisher":{"@id":"https:\/\/www.praktivak.be\/fr\/#organization"},"potentialAction":[{"@type":"SearchAction","target":{"@type":"EntryPoint","urlTemplate":"https:\/\/www.praktivak.be\/fr\/?s={search_term_string}"},"query-input":{"@type":"PropertyValueSpecification","valueRequired":true,"valueName":"search_term_string"}}],"inLanguage":"fr-FR"},{"@type":"Organization","@id":"https:\/\/www.praktivak.be\/fr\/#organization","name":"Praktivak","url":"https:\/\/www.praktivak.be\/fr\/","logo":{"@type":"ImageObject","inLanguage":"fr-FR","@id":"https:\/\/www.praktivak.be\/fr\/#\/schema\/logo\/image\/","url":"https:\/\/www.praktivak.be\/wp-content\/uploads\/2024\/09\/Logo.png","contentUrl":"https:\/\/www.praktivak.be\/wp-content\/uploads\/2024\/09\/Logo.png","width":1774,"height":337,"caption":"Praktivak"},"image":{"@id":"https:\/\/www.praktivak.be\/fr\/#\/schema\/logo\/image\/"}}]}},"featured_img":"https:\/\/www.praktivak.be\/wp-content\/uploads\/2025\/09\/E41006TZ-2.webp","coauthors":[],"author_meta":{"author_link":"https:\/\/www.praktivak.be\/fr\/author\/madeit\/","display_name":"Tjebbe Lievens"},"relative_dates":{"created":"Publi\u00e9 8 mois il y a","modified":"Mis \u00e0 jour 2 mois il y a"},"absolute_dates":{"created":"Publi\u00e9 le 1 septembre 2025","modified":"Mise \u00e0 jour le 1 f\u00e9vrier 2026"},"absolute_dates_time":{"created":"Publi\u00e9 le 1 septembre 2025 16h52","modified":"Mise \u00e0 jour le 1 f\u00e9vrier 2026 16h57"},"featured_img_caption":"","tax_additional":{"product_brand":{"linked":[],"unlinked":[],"slug":"product_brand","name":"Marques"},"product_type":{"linked":["<a href=\"https:\/\/www.praktivak.be\/fr\/?taxonomy=product_type&#038;term=simple\" class=\"advgb-post-tax-term\">simple<\/a>"],"unlinked":["<span class=\"advgb-post-tax-term\">simple<\/span>"],"slug":"product_type","name":"Type de produit"},"product_visibility":{"linked":[],"unlinked":[],"slug":"product_visibility","name":"Visibilit\u00e9 du produit"},"product_cat":{"linked":["<a href=\"https:\/\/www.praktivak.be\/fr\/categorie-de-produit\/esthetische-apparatuur-fr\/salonapparatuur-esthetische-apparatuur-fr\/lampen-salonapparatuur-esthetische-apparatuur-fr\/\" class=\"advgb-post-tax-term\">Lampes<\/a>"],"unlinked":["<span class=\"advgb-post-tax-term\">Lampes<\/span>"],"slug":"product_cat","name":"Cat\u00e9gories de produits"},"product_tag":{"linked":[],"unlinked":[],"slug":"product_tag","name":"\u00c9tiquettes produit"},"product_shipping_class":{"linked":[],"unlinked":[],"slug":"product_shipping_class","name":"Classe d\u2019exp\u00e9dition du produit"},"pos_product_visibility":{"linked":[],"unlinked":[],"slug":"pos_product_visibility","name":"Visibilit\u00e9 du produit sur le point de vente"},"translation_priority":{"linked":[],"unlinked":[],"slug":"translation_priority","name":"Priorit\u00e9s de traduction"}},"series_order":"","_links":{"self":[{"href":"https:\/\/www.praktivak.be\/fr\/wp-json\/wp\/v2\/product\/284557","targetHints":{"allow":["GET"]}}],"collection":[{"href":"https:\/\/www.praktivak.be\/fr\/wp-json\/wp\/v2\/product"}],"about":[{"href":"https:\/\/www.praktivak.be\/fr\/wp-json\/wp\/v2\/types\/product"}],"version-history":[{"count":67,"href":"https:\/\/www.praktivak.be\/fr\/wp-json\/wp\/v2\/product\/284557\/revisions"}],"predecessor-version":[{"id":346002,"href":"https:\/\/www.praktivak.be\/fr\/wp-json\/wp\/v2\/product\/284557\/revisions\/346002"}],"wp:featuredmedia":[{"embeddable":true,"href":"https:\/\/www.praktivak.be\/fr\/wp-json\/wp\/v2\/media\/284663"}],"wp:attachment":[{"href":"https:\/\/www.praktivak.be\/fr\/wp-json\/wp\/v2\/media?parent=284557"}],"wp:term":[{"taxonomy":"product_brand","embeddable":true,"href":"https:\/\/www.praktivak.be\/fr\/wp-json\/wp\/v2\/product_brand?post=284557"},{"taxonomy":"product_cat","embeddable":true,"href":"https:\/\/www.praktivak.be\/fr\/wp-json\/wp\/v2\/product_cat?post=284557"},{"taxonomy":"product_tag","embeddable":true,"href":"https:\/\/www.praktivak.be\/fr\/wp-json\/wp\/v2\/product_tag?post=284557"}],"curies":[{"name":"wp","href":"https:\/\/api.w.org\/{rel}","templated":true}]}}