

{"id":169621,"date":"2025-05-13T23:18:41","date_gmt":"2025-05-13T21:18:41","guid":{"rendered":"https:\/\/www.praktivak.be\/product\/bowie-xt-ems-rf-body-shaping-4-handles\/"},"modified":"2026-02-01T16:36:02","modified_gmt":"2026-02-01T15:36:02","slug":"bowie-xt-ems-rf-body-shaping-4-poignees","status":"publish","type":"product","link":"https:\/\/www.praktivak.be\/fr\/produit\/bowie-xt-ems-rf-body-shaping-4-poignees\/","title":{"rendered":"Bowie XT EMS + RF Body Shaping 4 poign\u00e9es"},"content":{"rendered":"\n<p>\nNOUVEAU : cet appareil 2 en 1 combine simultan&eacute;ment les technologies EMS et RF (radiofr&eacute;quence).<\/p>\n\n<p>\nDisponible en blanc ou en noir.<\/p>\n\n<p>\nPendant le traitement, il y a un double effet synchronis&eacute; : chauffage par RF + stimulation musculaire par EMS.<\/p>\n\n\n<p>\nOPTION : l&rsquo;appareil peut &eacute;galement &ecirc;tre fourni en tant qu&rsquo;appareil EMS traditionnel sans RF.<\/p>\n\n<p>\nCet appareil a la puissance de travail Tesla la plus &eacute;lev&eacute;e du march&eacute;.<\/p>\n<p>\nCet appareil a des possibilit&eacute;s de connexion pour 4 poign&eacute;es.<\/p>\n\n<p>\nL&rsquo;appareil est livr&eacute; en standard avec 4 poign&eacute;es de votre choix.<\/p>\n\n<p>\nEn option : poign&eacute;es suppl&eacute;mentaires moyennant un suppl&eacute;ment de prix <\/p>\n<p>\nEn option : entra&icirc;neur pelvien avec suppl&eacute;ment de prix<\/p>\n\n\n<p>\nStimulation par radiofr&eacute;quence (RF)<\/p>\n<p>\nLe chauffage par radiofr&eacute;quence provoque une augmentation rapide de la temp&eacute;rature musculaire de plusieurs degr&eacute;s. Cela pr&eacute;pare les muscles &agrave; l&rsquo;exposition au stress, comme le fait une activit&eacute; d&rsquo;&eacute;chauffement avant une s&eacute;ance d&rsquo;entra&icirc;nement.<\/p>\n<p>\nLa combinaison de la RF et de l&rsquo;EMS cr&eacute;e un effet de synergie qui garantit de meilleurs r&eacute;sultats.<\/p>\n<p>\nStimulation musculaire &eacute;lectrique (EMS) <\/p>\n<p>\nL&rsquo;EMS Body Shaping est une technologie non invasive utilis&eacute;e pour renforcer les muscles et br&ucirc;ler les graisses.<\/p>\n\n<p>\nPendant le traitement, des courants &eacute;lectriques alternatifs sont utilis&eacute;s, ce qui cr&eacute;e des ondes magn&eacute;tiques. Celles-ci provoquent la contraction des muscles. L&rsquo;appareil EMS g&eacute;n&egrave;re des impulsions &agrave; une fr&eacute;quence si &eacute;lev&eacute;e que les muscles ne peuvent pas entrer dans la phase de relaxation. Les contractions intenses des muscles n&eacute;cessitent une grande quantit&eacute; d&rsquo;&eacute;nergie qui, outre le renforcement musculaire, permet de br&ucirc;ler les cellules graisseuses. La technologie EMS peut &ecirc;tre utilis&eacute;e sur diff&eacute;rentes parties du corps. Par exemple, l&rsquo;abdomen, les fesses ou les jambes.<\/p>\n<p>\nLes muscles sont entra&icirc;n&eacute;s, le pourcentage de graisse est r&eacute;duit et la peau est visiblement plus ferme. Pour obtenir les meilleurs r&eacute;sultats, il est recommand&eacute; de suivre une s&eacute;rie de traitements.<\/p>\n\n\n<p>\nLa recherche scientifique a montr&eacute; que l&rsquo;utilisation de l&rsquo;EMS permet d&rsquo;obtenir une augmentation significative de la masse musculaire ainsi qu&rsquo;une diminution significative du pourcentage de graisse. Une diminution de la circonf&eacute;rence abdominale de plusieurs centim&egrave;tres est possible.<\/p>\n\n<p>\nUn traitement avec l&rsquo;appareil EMS ressemble &agrave; un entra&icirc;nement intensif, mais pendant cet entra&icirc;nement, la personne trait&eacute;e peut simplement s&rsquo;allonger et se d&eacute;tendre. L&rsquo;appareil EMS cr&eacute;e de fortes contractions musculaires supramaximales&nbsp;&raquo;, qui ne peuvent &ecirc;tre obtenues par un entra&icirc;nement normal.<\/p>\n<p>\nLes contractions musculaires provoqu&eacute;es par l&rsquo;EMS sont sans danger pour les articulations, les organes ou les os du corps.<\/p>\n\n<p>\nR&eacute;sultats<\/p>\n<p>\nLes r&eacute;sultats de l&rsquo;EMS Body Shaping sont &eacute;tonnants et apparaissent imm&eacute;diatement apr&egrave;s le traitement. Les r&eacute;sultats sont plus visibles environ 4 semaines apr&egrave;s le dernier traitement. En moyenne, 4 &agrave; 6 traitements sont n&eacute;cessaires par zone &agrave; probl&egrave;mes, &agrave; des intervalles d&rsquo;environ une semaine.<\/p>\n\n<p>\nEntra&icirc;neur pelvien:<\/p>\n\n<p>\nLe nouvel &eacute;quipement EMS de Bowie Medical propose une nouvelle m&eacute;thode pour traiter les probl&egrave;mes musculaires du plancher pelvien.<\/p>\n<p>\nGr&acirc;ce au nouveau coussin pelvien, les muscles du plancher pelvien peuvent &ecirc;tre entra&icirc;n&eacute;s en position assise. L&rsquo;entra&icirc;nement augmente le flux sanguin et donc la fonction neurologique des muscles du plancher pelvien.<\/p>\n<p>\nAvec le nouveau traitement pelvien de l&rsquo;&eacute;quipement Bowie EMS, les muscles du plancher pelvien sont entra&icirc;n&eacute;s de mani&egrave;re &agrave; ce qu&rsquo;ils deviennent plus fermes, plus serr&eacute;s et qu&rsquo;ils recommencent &agrave; fonctionner mieux.<\/p>\n\n","protected":false},"excerpt":{"rendered":"<p>NOUVEAU : cet appareil 2 en 1 combine simultan&eacute;ment les technologies EMS et RF (radiofr&eacute;quence). Disponible en blanc ou en noir. Pendant le traitement, il y a un double effet synchronis&eacute; : chauffage par RF + stimulation musculaire par EMS. OPTION : l&rsquo;appareil peut &eacute;galement &ecirc;tre fourni en tant qu&rsquo;appareil EMS traditionnel sans RF. Cet &hellip; <\/p>\n<p class=\"link-more\"><a href=\"https:\/\/www.praktivak.be\/fr\/produit\/bowie-xt-ems-rf-body-shaping-4-poignees\/\" class=\"more-link\">Continuer la lecture<span class=\"screen-reader-text\"> \u00ab\u00a0Bowie XT EMS + RF Body Shaping 4 poign\u00e9es\u00a0\u00bb<\/span><\/a><\/p>\n","protected":false},"author":1,"featured_media":287475,"template":"","meta":{"_acf_changed":false,"_relevanssi_hide_post":"","_relevanssi_hide_content":"","_relevanssi_pin_for_all":"","_relevanssi_pin_keywords":"","_relevanssi_unpin_keywords":"","_relevanssi_related_keywords":"","_relevanssi_related_include_ids":"","_relevanssi_related_exclude_ids":"","_relevanssi_related_no_append":"","_relevanssi_related_not_related":"","_relevanssi_related_posts":"","_relevanssi_noindex_reason":"","advgb_blocks_editor_width":"","advgb_blocks_columns_visual_guide":"","footnotes":""},"product_brand":[],"product_cat":[2135],"product_tag":[],"class_list":{"0":"post-169621","1":"product","2":"type-product","3":"status-publish","4":"has-post-thumbnail","6":"product_cat-ems-shaping-specialistische-apparatuur-esthetische-apparatuur-fr","8":"first","9":"instock","10":"taxable","11":"shipping-taxable","12":"product-type-simple"},"acf":[],"yoast_head":"<!-- This site is optimized with the Yoast SEO plugin v27.2 - https:\/\/yoast.com\/product\/yoast-seo-wordpress\/ -->\n<title>Bowie XT EMS + RF Body Shaping 4 poign\u00e9es - Praktivak<\/title>\n<meta name=\"robots\" content=\"index, follow, max-snippet:-1, max-image-preview:large, max-video-preview:-1\" \/>\n<link rel=\"canonical\" href=\"https:\/\/www.praktivak.be\/fr\/produit\/bowie-xt-ems-rf-body-shaping-4-poignees\/\" \/>\n<meta property=\"og:locale\" content=\"fr_FR\" \/>\n<meta property=\"og:type\" content=\"article\" \/>\n<meta property=\"og:title\" content=\"Bowie XT EMS + RF Body Shaping 4 poign\u00e9es - Praktivak\" \/>\n<meta property=\"og:description\" content=\"NOUVEAU : cet appareil 2 en 1 combine simultan&eacute;ment les technologies EMS et RF (radiofr&eacute;quence). Disponible en blanc ou en noir. Pendant le traitement, il y a un double effet synchronis&eacute; : chauffage par RF + stimulation musculaire par EMS. OPTION : l&rsquo;appareil peut &eacute;galement &ecirc;tre fourni en tant qu&rsquo;appareil EMS traditionnel sans RF. Cet &hellip; Continuer la lecture &quot;Bowie XT EMS + RF Body Shaping 4 poign\u00e9es&quot;\" \/>\n<meta property=\"og:url\" content=\"https:\/\/www.praktivak.be\/fr\/produit\/bowie-xt-ems-rf-body-shaping-4-poignees\/\" \/>\n<meta property=\"og:site_name\" content=\"Praktivak\" \/>\n<meta property=\"article:modified_time\" content=\"2026-02-01T15:36:02+00:00\" \/>\n<meta property=\"og:image\" content=\"https:\/\/www.praktivak.be\/wp-content\/uploads\/2025\/09\/BOEMSXTRF-2.jpg\" \/>\n\t<meta property=\"og:image:width\" content=\"1000\" \/>\n\t<meta property=\"og:image:height\" content=\"888\" \/>\n\t<meta property=\"og:image:type\" content=\"image\/jpeg\" \/>\n<meta name=\"twitter:card\" content=\"summary_large_image\" \/>\n<meta name=\"twitter:label1\" content=\"Dur\u00e9e de lecture estim\u00e9e\" \/>\n\t<meta name=\"twitter:data1\" content=\"3 minutes\" \/>\n<script type=\"application\/ld+json\" class=\"yoast-schema-graph\">{\"@context\":\"https:\/\/schema.org\",\"@graph\":[{\"@type\":\"WebPage\",\"@id\":\"https:\/\/www.praktivak.be\/fr\/produit\/bowie-xt-ems-rf-body-shaping-4-poignees\/\",\"url\":\"https:\/\/www.praktivak.be\/fr\/produit\/bowie-xt-ems-rf-body-shaping-4-poignees\/\",\"name\":\"Bowie XT EMS + RF Body Shaping 4 poign\u00e9es - Praktivak\",\"isPartOf\":{\"@id\":\"https:\/\/www.praktivak.be\/fr\/#website\"},\"primaryImageOfPage\":{\"@id\":\"https:\/\/www.praktivak.be\/fr\/produit\/bowie-xt-ems-rf-body-shaping-4-poignees\/#primaryimage\"},\"image\":{\"@id\":\"https:\/\/www.praktivak.be\/fr\/produit\/bowie-xt-ems-rf-body-shaping-4-poignees\/#primaryimage\"},\"thumbnailUrl\":\"https:\/\/www.praktivak.be\/wp-content\/uploads\/2025\/09\/BOEMSXTRF-2.jpg\",\"datePublished\":\"2025-05-13T21:18:41+00:00\",\"dateModified\":\"2026-02-01T15:36:02+00:00\",\"breadcrumb\":{\"@id\":\"https:\/\/www.praktivak.be\/fr\/produit\/bowie-xt-ems-rf-body-shaping-4-poignees\/#breadcrumb\"},\"inLanguage\":\"fr-FR\",\"potentialAction\":[{\"@type\":\"ReadAction\",\"target\":[\"https:\/\/www.praktivak.be\/fr\/produit\/bowie-xt-ems-rf-body-shaping-4-poignees\/\"]}]},{\"@type\":\"ImageObject\",\"inLanguage\":\"fr-FR\",\"@id\":\"https:\/\/www.praktivak.be\/fr\/produit\/bowie-xt-ems-rf-body-shaping-4-poignees\/#primaryimage\",\"url\":\"https:\/\/www.praktivak.be\/wp-content\/uploads\/2025\/09\/BOEMSXTRF-2.jpg\",\"contentUrl\":\"https:\/\/www.praktivak.be\/wp-content\/uploads\/2025\/09\/BOEMSXTRF-2.jpg\",\"width\":1000,\"height\":888},{\"@type\":\"BreadcrumbList\",\"@id\":\"https:\/\/www.praktivak.be\/fr\/produit\/bowie-xt-ems-rf-body-shaping-4-poignees\/#breadcrumb\",\"itemListElement\":[{\"@type\":\"ListItem\",\"position\":1,\"name\":\"Home\",\"item\":\"https:\/\/www.praktivak.be\/fr\/\"},{\"@type\":\"ListItem\",\"position\":2,\"name\":\"Boutique\",\"item\":\"https:\/\/www.praktivak.be\/fr\/boutique\/\"},{\"@type\":\"ListItem\",\"position\":3,\"name\":\"Bowie XT EMS + RF Body Shaping 4 poign\u00e9es\"}]},{\"@type\":\"WebSite\",\"@id\":\"https:\/\/www.praktivak.be\/fr\/#website\",\"url\":\"https:\/\/www.praktivak.be\/fr\/\",\"name\":\"Praktivak\",\"description\":\"\",\"publisher\":{\"@id\":\"https:\/\/www.praktivak.be\/fr\/#organization\"},\"potentialAction\":[{\"@type\":\"SearchAction\",\"target\":{\"@type\":\"EntryPoint\",\"urlTemplate\":\"https:\/\/www.praktivak.be\/fr\/?s={search_term_string}\"},\"query-input\":{\"@type\":\"PropertyValueSpecification\",\"valueRequired\":true,\"valueName\":\"search_term_string\"}}],\"inLanguage\":\"fr-FR\"},{\"@type\":\"Organization\",\"@id\":\"https:\/\/www.praktivak.be\/fr\/#organization\",\"name\":\"Praktivak\",\"url\":\"https:\/\/www.praktivak.be\/fr\/\",\"logo\":{\"@type\":\"ImageObject\",\"inLanguage\":\"fr-FR\",\"@id\":\"https:\/\/www.praktivak.be\/fr\/#\/schema\/logo\/image\/\",\"url\":\"https:\/\/www.praktivak.be\/wp-content\/uploads\/2024\/09\/Logo.png\",\"contentUrl\":\"https:\/\/www.praktivak.be\/wp-content\/uploads\/2024\/09\/Logo.png\",\"width\":1774,\"height\":337,\"caption\":\"Praktivak\"},\"image\":{\"@id\":\"https:\/\/www.praktivak.be\/fr\/#\/schema\/logo\/image\/\"}}]}<\/script>\n<!-- \/ Yoast SEO plugin. -->","yoast_head_json":{"title":"Bowie XT EMS + RF Body Shaping 4 poign\u00e9es - Praktivak","robots":{"index":"index","follow":"follow","max-snippet":"max-snippet:-1","max-image-preview":"max-image-preview:large","max-video-preview":"max-video-preview:-1"},"canonical":"https:\/\/www.praktivak.be\/fr\/produit\/bowie-xt-ems-rf-body-shaping-4-poignees\/","og_locale":"fr_FR","og_type":"article","og_title":"Bowie XT EMS + RF Body Shaping 4 poign\u00e9es - Praktivak","og_description":"NOUVEAU : cet appareil 2 en 1 combine simultan&eacute;ment les technologies EMS et RF (radiofr&eacute;quence). Disponible en blanc ou en noir. Pendant le traitement, il y a un double effet synchronis&eacute; : chauffage par RF + stimulation musculaire par EMS. OPTION : l&rsquo;appareil peut &eacute;galement &ecirc;tre fourni en tant qu&rsquo;appareil EMS traditionnel sans RF. Cet &hellip; Continuer la lecture \"Bowie XT EMS + RF Body Shaping 4 poign\u00e9es\"","og_url":"https:\/\/www.praktivak.be\/fr\/produit\/bowie-xt-ems-rf-body-shaping-4-poignees\/","og_site_name":"Praktivak","article_modified_time":"2026-02-01T15:36:02+00:00","og_image":[{"width":1000,"height":888,"url":"https:\/\/www.praktivak.be\/wp-content\/uploads\/2025\/09\/BOEMSXTRF-2.jpg","type":"image\/jpeg"}],"twitter_card":"summary_large_image","twitter_misc":{"Dur\u00e9e de lecture estim\u00e9e":"3 minutes"},"schema":{"@context":"https:\/\/schema.org","@graph":[{"@type":"WebPage","@id":"https:\/\/www.praktivak.be\/fr\/produit\/bowie-xt-ems-rf-body-shaping-4-poignees\/","url":"https:\/\/www.praktivak.be\/fr\/produit\/bowie-xt-ems-rf-body-shaping-4-poignees\/","name":"Bowie XT EMS + RF Body Shaping 4 poign\u00e9es - Praktivak","isPartOf":{"@id":"https:\/\/www.praktivak.be\/fr\/#website"},"primaryImageOfPage":{"@id":"https:\/\/www.praktivak.be\/fr\/produit\/bowie-xt-ems-rf-body-shaping-4-poignees\/#primaryimage"},"image":{"@id":"https:\/\/www.praktivak.be\/fr\/produit\/bowie-xt-ems-rf-body-shaping-4-poignees\/#primaryimage"},"thumbnailUrl":"https:\/\/www.praktivak.be\/wp-content\/uploads\/2025\/09\/BOEMSXTRF-2.jpg","datePublished":"2025-05-13T21:18:41+00:00","dateModified":"2026-02-01T15:36:02+00:00","breadcrumb":{"@id":"https:\/\/www.praktivak.be\/fr\/produit\/bowie-xt-ems-rf-body-shaping-4-poignees\/#breadcrumb"},"inLanguage":"fr-FR","potentialAction":[{"@type":"ReadAction","target":["https:\/\/www.praktivak.be\/fr\/produit\/bowie-xt-ems-rf-body-shaping-4-poignees\/"]}]},{"@type":"ImageObject","inLanguage":"fr-FR","@id":"https:\/\/www.praktivak.be\/fr\/produit\/bowie-xt-ems-rf-body-shaping-4-poignees\/#primaryimage","url":"https:\/\/www.praktivak.be\/wp-content\/uploads\/2025\/09\/BOEMSXTRF-2.jpg","contentUrl":"https:\/\/www.praktivak.be\/wp-content\/uploads\/2025\/09\/BOEMSXTRF-2.jpg","width":1000,"height":888},{"@type":"BreadcrumbList","@id":"https:\/\/www.praktivak.be\/fr\/produit\/bowie-xt-ems-rf-body-shaping-4-poignees\/#breadcrumb","itemListElement":[{"@type":"ListItem","position":1,"name":"Home","item":"https:\/\/www.praktivak.be\/fr\/"},{"@type":"ListItem","position":2,"name":"Boutique","item":"https:\/\/www.praktivak.be\/fr\/boutique\/"},{"@type":"ListItem","position":3,"name":"Bowie XT EMS + RF Body Shaping 4 poign\u00e9es"}]},{"@type":"WebSite","@id":"https:\/\/www.praktivak.be\/fr\/#website","url":"https:\/\/www.praktivak.be\/fr\/","name":"Praktivak","description":"","publisher":{"@id":"https:\/\/www.praktivak.be\/fr\/#organization"},"potentialAction":[{"@type":"SearchAction","target":{"@type":"EntryPoint","urlTemplate":"https:\/\/www.praktivak.be\/fr\/?s={search_term_string}"},"query-input":{"@type":"PropertyValueSpecification","valueRequired":true,"valueName":"search_term_string"}}],"inLanguage":"fr-FR"},{"@type":"Organization","@id":"https:\/\/www.praktivak.be\/fr\/#organization","name":"Praktivak","url":"https:\/\/www.praktivak.be\/fr\/","logo":{"@type":"ImageObject","inLanguage":"fr-FR","@id":"https:\/\/www.praktivak.be\/fr\/#\/schema\/logo\/image\/","url":"https:\/\/www.praktivak.be\/wp-content\/uploads\/2024\/09\/Logo.png","contentUrl":"https:\/\/www.praktivak.be\/wp-content\/uploads\/2024\/09\/Logo.png","width":1774,"height":337,"caption":"Praktivak"},"image":{"@id":"https:\/\/www.praktivak.be\/fr\/#\/schema\/logo\/image\/"}}]}},"featured_img":"https:\/\/www.praktivak.be\/wp-content\/uploads\/2025\/09\/BOEMSXTRF-2.jpg","coauthors":[],"author_meta":{"author_link":"https:\/\/www.praktivak.be\/fr\/author\/madeit\/","display_name":"Tjebbe Lievens"},"relative_dates":{"created":"Publi\u00e9 11 mois il y a","modified":"Mis \u00e0 jour 2 mois il y a"},"absolute_dates":{"created":"Publi\u00e9 le 13 mai 2025","modified":"Mise \u00e0 jour le 1 f\u00e9vrier 2026"},"absolute_dates_time":{"created":"Publi\u00e9 le 13 mai 2025 23h18","modified":"Mise \u00e0 jour le 1 f\u00e9vrier 2026 16h36"},"featured_img_caption":"","tax_additional":{"product_brand":{"linked":[],"unlinked":[],"slug":"product_brand","name":"Marques"},"product_type":{"linked":["<a href=\"https:\/\/www.praktivak.be\/fr\/?taxonomy=product_type&#038;term=simple\" class=\"advgb-post-tax-term\">simple<\/a>"],"unlinked":["<span class=\"advgb-post-tax-term\">simple<\/span>"],"slug":"product_type","name":"Type de produit"},"product_visibility":{"linked":[],"unlinked":[],"slug":"product_visibility","name":"Visibilit\u00e9 du produit"},"product_cat":{"linked":["<a href=\"https:\/\/www.praktivak.be\/fr\/categorie-de-produit\/esthetische-apparatuur-fr\/specialistische-apparatuur-esthetische-apparatuur-fr\/ems-shaping-specialistische-apparatuur-esthetische-apparatuur-fr\/\" class=\"advgb-post-tax-term\">EMS Shaping<\/a>"],"unlinked":["<span class=\"advgb-post-tax-term\">EMS Shaping<\/span>"],"slug":"product_cat","name":"Cat\u00e9gories de produits"},"product_tag":{"linked":[],"unlinked":[],"slug":"product_tag","name":"\u00c9tiquettes produit"},"product_shipping_class":{"linked":[],"unlinked":[],"slug":"product_shipping_class","name":"Classe d\u2019exp\u00e9dition du produit"},"pos_product_visibility":{"linked":[],"unlinked":[],"slug":"pos_product_visibility","name":"Visibilit\u00e9 du produit sur le point de vente"},"translation_priority":{"linked":[],"unlinked":[],"slug":"translation_priority","name":"Priorit\u00e9s de traduction"}},"series_order":"","_links":{"self":[{"href":"https:\/\/www.praktivak.be\/fr\/wp-json\/wp\/v2\/product\/169621","targetHints":{"allow":["GET"]}}],"collection":[{"href":"https:\/\/www.praktivak.be\/fr\/wp-json\/wp\/v2\/product"}],"about":[{"href":"https:\/\/www.praktivak.be\/fr\/wp-json\/wp\/v2\/types\/product"}],"version-history":[{"count":70,"href":"https:\/\/www.praktivak.be\/fr\/wp-json\/wp\/v2\/product\/169621\/revisions"}],"predecessor-version":[{"id":343423,"href":"https:\/\/www.praktivak.be\/fr\/wp-json\/wp\/v2\/product\/169621\/revisions\/343423"}],"wp:featuredmedia":[{"embeddable":true,"href":"https:\/\/www.praktivak.be\/fr\/wp-json\/wp\/v2\/media\/287475"}],"wp:attachment":[{"href":"https:\/\/www.praktivak.be\/fr\/wp-json\/wp\/v2\/media?parent=169621"}],"wp:term":[{"taxonomy":"product_brand","embeddable":true,"href":"https:\/\/www.praktivak.be\/fr\/wp-json\/wp\/v2\/product_brand?post=169621"},{"taxonomy":"product_cat","embeddable":true,"href":"https:\/\/www.praktivak.be\/fr\/wp-json\/wp\/v2\/product_cat?post=169621"},{"taxonomy":"product_tag","embeddable":true,"href":"https:\/\/www.praktivak.be\/fr\/wp-json\/wp\/v2\/product_tag?post=169621"}],"curies":[{"name":"wp","href":"https:\/\/api.w.org\/{rel}","templated":true}]}}