

{"id":169267,"date":"2025-05-13T20:02:34","date_gmt":"2025-05-13T18:02:34","guid":{"rendered":"https:\/\/www.praktivak.be\/product\/basisset-2-7-instrumenten\/"},"modified":"2026-02-01T02:59:35","modified_gmt":"2026-02-01T01:59:35","slug":"set-de-base-2-7-instruments","status":"publish","type":"product","link":"https:\/\/www.praktivak.be\/fr\/produit\/set-de-base-2-7-instruments\/","title":{"rendered":"Set de base 2 (7 instruments)"},"content":{"rendered":"\n<p>\nUne s&eacute;lection des fraises diamant&eacute;s &agrave; grain diff&eacute;rentes tailles pour les ongles qui d&eacute;posent doucement et les callosit&eacute;s.<\/p>\n<p>\n&ndash; DT4880 pour enlever les callosit&eacute;s &eacute;paisses; <\/p>\n<p>\n&ndash; 5893 pour &eacute;liminer les callosit&eacute;s grandes <\/p>\n<p>\n&ndash; 893, 840 pour lisser les callosit&eacute;s <\/p>\n<p>\n&ndash; 801 pour l&rsquo;enl&egrave;vement de sl <\/p>\n<p>\n&ndash; 840 pour lisser les ongles <\/p>\n<p>\n&ndash; 8840, 8850 pour le traitement amende de cuticules et les ongles.<\/p>\n<p>\nLivr&eacute; dans Steri-Safe pour la st&eacute;rilisation &agrave; 180 &deg; C <\/p>\n<p>\nCouleur: gris clair <\/p>\n<p>\nPour une disposition claire des ensembles d&rsquo;outils. <\/p>\n<p>\nPour la conservation des instruments avant, pendant ou apr&egrave;s la d&eacute;sinfection, de nettoyage et \/ ou st&eacute;rilisation. <\/p>\n<p>\nConvient &agrave; toutes les m&eacute;thodes courantes de d&eacute;sinfection, de nettoyage et de sterilisation.<\/p>\n\n","protected":false},"excerpt":{"rendered":"<p>Une s&eacute;lection des fraises diamant&eacute;s &agrave; grain diff&eacute;rentes tailles pour les ongles qui d&eacute;posent doucement et les callosit&eacute;s. &ndash; DT4880 pour enlever les callosit&eacute;s &eacute;paisses; &ndash; 5893 pour &eacute;liminer les callosit&eacute;s grandes &ndash; 893, 840 pour lisser les callosit&eacute;s &ndash; 801 pour l&rsquo;enl&egrave;vement de sl &ndash; 840 pour lisser les ongles &ndash; 8840, 8850 pour &hellip; <\/p>\n<p class=\"link-more\"><a href=\"https:\/\/www.praktivak.be\/fr\/produit\/set-de-base-2-7-instruments\/\" class=\"more-link\">Continuer la lecture<span class=\"screen-reader-text\"> \u00ab\u00a0Set de base 2 (7 instruments)\u00a0\u00bb<\/span><\/a><\/p>\n","protected":false},"author":1,"featured_media":286427,"template":"","meta":{"_acf_changed":false,"_relevanssi_hide_post":"","_relevanssi_hide_content":"","_relevanssi_pin_for_all":"","_relevanssi_pin_keywords":"","_relevanssi_unpin_keywords":"","_relevanssi_related_keywords":"","_relevanssi_related_include_ids":"","_relevanssi_related_exclude_ids":"","_relevanssi_related_no_append":"","_relevanssi_related_not_related":"","_relevanssi_related_posts":"","_relevanssi_noindex_reason":"","advgb_blocks_editor_width":"","advgb_blocks_columns_visual_guide":"","footnotes":""},"product_brand":[],"product_cat":[2193],"product_tag":[],"class_list":{"0":"post-169267","1":"product","2":"type-product","3":"status-publish","4":"has-post-thumbnail","6":"product_cat-sets-busch-freesjes-en-toebehoren-instrumenten-pedicure-2-fr","8":"first","9":"instock","10":"taxable","11":"shipping-taxable","12":"product-type-simple"},"acf":[],"yoast_head":"<!-- This site is optimized with the Yoast SEO plugin v27.2 - https:\/\/yoast.com\/product\/yoast-seo-wordpress\/ -->\n<title>Set de base 2 (7 instruments) - Praktivak<\/title>\n<meta name=\"robots\" content=\"index, follow, max-snippet:-1, max-image-preview:large, max-video-preview:-1\" \/>\n<link rel=\"canonical\" href=\"https:\/\/www.praktivak.be\/fr\/produit\/set-de-base-2-7-instruments\/\" \/>\n<meta property=\"og:locale\" content=\"fr_FR\" \/>\n<meta property=\"og:type\" content=\"article\" \/>\n<meta property=\"og:title\" content=\"Set de base 2 (7 instruments) - Praktivak\" \/>\n<meta property=\"og:description\" content=\"Une s&eacute;lection des fraises diamant&eacute;s &agrave; grain diff&eacute;rentes tailles pour les ongles qui d&eacute;posent doucement et les callosit&eacute;s. &ndash; DT4880 pour enlever les callosit&eacute;s &eacute;paisses; &ndash; 5893 pour &eacute;liminer les callosit&eacute;s grandes &ndash; 893, 840 pour lisser les callosit&eacute;s &ndash; 801 pour l&rsquo;enl&egrave;vement de sl &ndash; 840 pour lisser les ongles &ndash; 8840, 8850 pour &hellip; Continuer la lecture &quot;Set de base 2 (7 instruments)&quot;\" \/>\n<meta property=\"og:url\" content=\"https:\/\/www.praktivak.be\/fr\/produit\/set-de-base-2-7-instruments\/\" \/>\n<meta property=\"og:site_name\" content=\"Praktivak\" \/>\n<meta property=\"article:modified_time\" content=\"2026-02-01T01:59:35+00:00\" \/>\n<meta property=\"og:image\" content=\"https:\/\/www.praktivak.be\/wp-content\/uploads\/2025\/09\/5315-2.png\" \/>\n\t<meta property=\"og:image:width\" content=\"210\" \/>\n\t<meta property=\"og:image:height\" content=\"210\" \/>\n\t<meta property=\"og:image:type\" content=\"image\/png\" \/>\n<meta name=\"twitter:card\" content=\"summary_large_image\" \/>\n<meta name=\"twitter:label1\" content=\"Dur\u00e9e de lecture estim\u00e9e\" \/>\n\t<meta name=\"twitter:data1\" content=\"1 minute\" \/>\n<script type=\"application\/ld+json\" class=\"yoast-schema-graph\">{\"@context\":\"https:\/\/schema.org\",\"@graph\":[{\"@type\":\"WebPage\",\"@id\":\"https:\/\/www.praktivak.be\/fr\/produit\/set-de-base-2-7-instruments\/\",\"url\":\"https:\/\/www.praktivak.be\/fr\/produit\/set-de-base-2-7-instruments\/\",\"name\":\"Set de base 2 (7 instruments) - Praktivak\",\"isPartOf\":{\"@id\":\"https:\/\/www.praktivak.be\/fr\/#website\"},\"primaryImageOfPage\":{\"@id\":\"https:\/\/www.praktivak.be\/fr\/produit\/set-de-base-2-7-instruments\/#primaryimage\"},\"image\":{\"@id\":\"https:\/\/www.praktivak.be\/fr\/produit\/set-de-base-2-7-instruments\/#primaryimage\"},\"thumbnailUrl\":\"https:\/\/www.praktivak.be\/wp-content\/uploads\/2025\/09\/5315-2.png\",\"datePublished\":\"2025-05-13T18:02:34+00:00\",\"dateModified\":\"2026-02-01T01:59:35+00:00\",\"breadcrumb\":{\"@id\":\"https:\/\/www.praktivak.be\/fr\/produit\/set-de-base-2-7-instruments\/#breadcrumb\"},\"inLanguage\":\"fr-FR\",\"potentialAction\":[{\"@type\":\"ReadAction\",\"target\":[\"https:\/\/www.praktivak.be\/fr\/produit\/set-de-base-2-7-instruments\/\"]}]},{\"@type\":\"ImageObject\",\"inLanguage\":\"fr-FR\",\"@id\":\"https:\/\/www.praktivak.be\/fr\/produit\/set-de-base-2-7-instruments\/#primaryimage\",\"url\":\"https:\/\/www.praktivak.be\/wp-content\/uploads\/2025\/09\/5315-2.png\",\"contentUrl\":\"https:\/\/www.praktivak.be\/wp-content\/uploads\/2025\/09\/5315-2.png\",\"width\":210,\"height\":210},{\"@type\":\"BreadcrumbList\",\"@id\":\"https:\/\/www.praktivak.be\/fr\/produit\/set-de-base-2-7-instruments\/#breadcrumb\",\"itemListElement\":[{\"@type\":\"ListItem\",\"position\":1,\"name\":\"Home\",\"item\":\"https:\/\/www.praktivak.be\/fr\/\"},{\"@type\":\"ListItem\",\"position\":2,\"name\":\"Boutique\",\"item\":\"https:\/\/www.praktivak.be\/fr\/boutique\/\"},{\"@type\":\"ListItem\",\"position\":3,\"name\":\"Set de base 2 (7 instruments)\"}]},{\"@type\":\"WebSite\",\"@id\":\"https:\/\/www.praktivak.be\/fr\/#website\",\"url\":\"https:\/\/www.praktivak.be\/fr\/\",\"name\":\"Praktivak\",\"description\":\"\",\"publisher\":{\"@id\":\"https:\/\/www.praktivak.be\/fr\/#organization\"},\"potentialAction\":[{\"@type\":\"SearchAction\",\"target\":{\"@type\":\"EntryPoint\",\"urlTemplate\":\"https:\/\/www.praktivak.be\/fr\/?s={search_term_string}\"},\"query-input\":{\"@type\":\"PropertyValueSpecification\",\"valueRequired\":true,\"valueName\":\"search_term_string\"}}],\"inLanguage\":\"fr-FR\"},{\"@type\":\"Organization\",\"@id\":\"https:\/\/www.praktivak.be\/fr\/#organization\",\"name\":\"Praktivak\",\"url\":\"https:\/\/www.praktivak.be\/fr\/\",\"logo\":{\"@type\":\"ImageObject\",\"inLanguage\":\"fr-FR\",\"@id\":\"https:\/\/www.praktivak.be\/fr\/#\/schema\/logo\/image\/\",\"url\":\"https:\/\/www.praktivak.be\/wp-content\/uploads\/2024\/09\/Logo.png\",\"contentUrl\":\"https:\/\/www.praktivak.be\/wp-content\/uploads\/2024\/09\/Logo.png\",\"width\":1774,\"height\":337,\"caption\":\"Praktivak\"},\"image\":{\"@id\":\"https:\/\/www.praktivak.be\/fr\/#\/schema\/logo\/image\/\"}}]}<\/script>\n<!-- \/ Yoast SEO plugin. -->","yoast_head_json":{"title":"Set de base 2 (7 instruments) - Praktivak","robots":{"index":"index","follow":"follow","max-snippet":"max-snippet:-1","max-image-preview":"max-image-preview:large","max-video-preview":"max-video-preview:-1"},"canonical":"https:\/\/www.praktivak.be\/fr\/produit\/set-de-base-2-7-instruments\/","og_locale":"fr_FR","og_type":"article","og_title":"Set de base 2 (7 instruments) - Praktivak","og_description":"Une s&eacute;lection des fraises diamant&eacute;s &agrave; grain diff&eacute;rentes tailles pour les ongles qui d&eacute;posent doucement et les callosit&eacute;s. &ndash; DT4880 pour enlever les callosit&eacute;s &eacute;paisses; &ndash; 5893 pour &eacute;liminer les callosit&eacute;s grandes &ndash; 893, 840 pour lisser les callosit&eacute;s &ndash; 801 pour l&rsquo;enl&egrave;vement de sl &ndash; 840 pour lisser les ongles &ndash; 8840, 8850 pour &hellip; Continuer la lecture \"Set de base 2 (7 instruments)\"","og_url":"https:\/\/www.praktivak.be\/fr\/produit\/set-de-base-2-7-instruments\/","og_site_name":"Praktivak","article_modified_time":"2026-02-01T01:59:35+00:00","og_image":[{"width":210,"height":210,"url":"https:\/\/www.praktivak.be\/wp-content\/uploads\/2025\/09\/5315-2.png","type":"image\/png"}],"twitter_card":"summary_large_image","twitter_misc":{"Dur\u00e9e de lecture estim\u00e9e":"1 minute"},"schema":{"@context":"https:\/\/schema.org","@graph":[{"@type":"WebPage","@id":"https:\/\/www.praktivak.be\/fr\/produit\/set-de-base-2-7-instruments\/","url":"https:\/\/www.praktivak.be\/fr\/produit\/set-de-base-2-7-instruments\/","name":"Set de base 2 (7 instruments) - Praktivak","isPartOf":{"@id":"https:\/\/www.praktivak.be\/fr\/#website"},"primaryImageOfPage":{"@id":"https:\/\/www.praktivak.be\/fr\/produit\/set-de-base-2-7-instruments\/#primaryimage"},"image":{"@id":"https:\/\/www.praktivak.be\/fr\/produit\/set-de-base-2-7-instruments\/#primaryimage"},"thumbnailUrl":"https:\/\/www.praktivak.be\/wp-content\/uploads\/2025\/09\/5315-2.png","datePublished":"2025-05-13T18:02:34+00:00","dateModified":"2026-02-01T01:59:35+00:00","breadcrumb":{"@id":"https:\/\/www.praktivak.be\/fr\/produit\/set-de-base-2-7-instruments\/#breadcrumb"},"inLanguage":"fr-FR","potentialAction":[{"@type":"ReadAction","target":["https:\/\/www.praktivak.be\/fr\/produit\/set-de-base-2-7-instruments\/"]}]},{"@type":"ImageObject","inLanguage":"fr-FR","@id":"https:\/\/www.praktivak.be\/fr\/produit\/set-de-base-2-7-instruments\/#primaryimage","url":"https:\/\/www.praktivak.be\/wp-content\/uploads\/2025\/09\/5315-2.png","contentUrl":"https:\/\/www.praktivak.be\/wp-content\/uploads\/2025\/09\/5315-2.png","width":210,"height":210},{"@type":"BreadcrumbList","@id":"https:\/\/www.praktivak.be\/fr\/produit\/set-de-base-2-7-instruments\/#breadcrumb","itemListElement":[{"@type":"ListItem","position":1,"name":"Home","item":"https:\/\/www.praktivak.be\/fr\/"},{"@type":"ListItem","position":2,"name":"Boutique","item":"https:\/\/www.praktivak.be\/fr\/boutique\/"},{"@type":"ListItem","position":3,"name":"Set de base 2 (7 instruments)"}]},{"@type":"WebSite","@id":"https:\/\/www.praktivak.be\/fr\/#website","url":"https:\/\/www.praktivak.be\/fr\/","name":"Praktivak","description":"","publisher":{"@id":"https:\/\/www.praktivak.be\/fr\/#organization"},"potentialAction":[{"@type":"SearchAction","target":{"@type":"EntryPoint","urlTemplate":"https:\/\/www.praktivak.be\/fr\/?s={search_term_string}"},"query-input":{"@type":"PropertyValueSpecification","valueRequired":true,"valueName":"search_term_string"}}],"inLanguage":"fr-FR"},{"@type":"Organization","@id":"https:\/\/www.praktivak.be\/fr\/#organization","name":"Praktivak","url":"https:\/\/www.praktivak.be\/fr\/","logo":{"@type":"ImageObject","inLanguage":"fr-FR","@id":"https:\/\/www.praktivak.be\/fr\/#\/schema\/logo\/image\/","url":"https:\/\/www.praktivak.be\/wp-content\/uploads\/2024\/09\/Logo.png","contentUrl":"https:\/\/www.praktivak.be\/wp-content\/uploads\/2024\/09\/Logo.png","width":1774,"height":337,"caption":"Praktivak"},"image":{"@id":"https:\/\/www.praktivak.be\/fr\/#\/schema\/logo\/image\/"}}]}},"featured_img":"https:\/\/www.praktivak.be\/wp-content\/uploads\/2025\/09\/5315-2.png","coauthors":[],"author_meta":{"author_link":"https:\/\/www.praktivak.be\/fr\/author\/madeit\/","display_name":"Tjebbe Lievens"},"relative_dates":{"created":"Publi\u00e9 11 mois il y a","modified":"Mis \u00e0 jour 2 mois il y a"},"absolute_dates":{"created":"Publi\u00e9 le 13 mai 2025","modified":"Mise \u00e0 jour le 1 f\u00e9vrier 2026"},"absolute_dates_time":{"created":"Publi\u00e9 le 13 mai 2025 20h02","modified":"Mise \u00e0 jour le 1 f\u00e9vrier 2026 2h59"},"featured_img_caption":"","tax_additional":{"product_brand":{"linked":[],"unlinked":[],"slug":"product_brand","name":"Marques"},"product_type":{"linked":["<a href=\"https:\/\/www.praktivak.be\/fr\/?taxonomy=product_type&#038;term=simple\" class=\"advgb-post-tax-term\">simple<\/a>"],"unlinked":["<span class=\"advgb-post-tax-term\">simple<\/span>"],"slug":"product_type","name":"Type de produit"},"product_visibility":{"linked":[],"unlinked":[],"slug":"product_visibility","name":"Visibilit\u00e9 du produit"},"product_cat":{"linked":["<a href=\"https:\/\/www.praktivak.be\/fr\/categorie-de-produit\/pedicure-2-fr\/instrumenten\/freesjes-en-toebehoren\/busch\/sets-busch-freesjes-en-toebehoren-instrumenten-pedicure-2-fr\/\" class=\"advgb-post-tax-term\">Sets<\/a>"],"unlinked":["<span class=\"advgb-post-tax-term\">Sets<\/span>"],"slug":"product_cat","name":"Cat\u00e9gories de produits"},"product_tag":{"linked":[],"unlinked":[],"slug":"product_tag","name":"\u00c9tiquettes produit"},"product_shipping_class":{"linked":[],"unlinked":[],"slug":"product_shipping_class","name":"Classe d\u2019exp\u00e9dition du produit"},"pos_product_visibility":{"linked":[],"unlinked":[],"slug":"pos_product_visibility","name":"Visibilit\u00e9 du produit sur le point de vente"},"translation_priority":{"linked":[],"unlinked":[],"slug":"translation_priority","name":"Priorit\u00e9s de traduction"}},"series_order":"","_links":{"self":[{"href":"https:\/\/www.praktivak.be\/fr\/wp-json\/wp\/v2\/product\/169267","targetHints":{"allow":["GET"]}}],"collection":[{"href":"https:\/\/www.praktivak.be\/fr\/wp-json\/wp\/v2\/product"}],"about":[{"href":"https:\/\/www.praktivak.be\/fr\/wp-json\/wp\/v2\/types\/product"}],"version-history":[{"count":46,"href":"https:\/\/www.praktivak.be\/fr\/wp-json\/wp\/v2\/product\/169267\/revisions"}],"predecessor-version":[{"id":322365,"href":"https:\/\/www.praktivak.be\/fr\/wp-json\/wp\/v2\/product\/169267\/revisions\/322365"}],"wp:featuredmedia":[{"embeddable":true,"href":"https:\/\/www.praktivak.be\/fr\/wp-json\/wp\/v2\/media\/286427"}],"wp:attachment":[{"href":"https:\/\/www.praktivak.be\/fr\/wp-json\/wp\/v2\/media?parent=169267"}],"wp:term":[{"taxonomy":"product_brand","embeddable":true,"href":"https:\/\/www.praktivak.be\/fr\/wp-json\/wp\/v2\/product_brand?post=169267"},{"taxonomy":"product_cat","embeddable":true,"href":"https:\/\/www.praktivak.be\/fr\/wp-json\/wp\/v2\/product_cat?post=169267"},{"taxonomy":"product_tag","embeddable":true,"href":"https:\/\/www.praktivak.be\/fr\/wp-json\/wp\/v2\/product_tag?post=169267"}],"curies":[{"name":"wp","href":"https:\/\/api.w.org\/{rel}","templated":true}]}}