

{"id":168599,"date":"2025-08-14T22:15:10","date_gmt":"2025-08-14T20:15:10","guid":{"rendered":"https:\/\/www.praktivak.be\/product\/xminerals-moisture-revival-facial-sheet-mask-19gr\/"},"modified":"2026-01-27T19:57:41","modified_gmt":"2026-01-27T18:57:41","slug":"xminerals-moisture-revival-facial-sheet-mask-19gr","status":"publish","type":"product","link":"https:\/\/www.praktivak.be\/fr\/produit\/xminerals-moisture-revival-facial-sheet-mask-19gr\/","title":{"rendered":"Xminerals Moisture Revival Facial Sheet Mask, 19gr."},"content":{"rendered":"\n<p>\nCr&egrave;me de nuit et masque en un<\/p>\n\n<p>\n&ndash; Tous les types de peau<\/p>\n<p>\n&ndash; Cr&egrave;me et masque 2 en 1<\/p>\n<p>\n&ndash; Vitamine E<\/p>\n<p>\n&ndash; Hydrate, r&eacute;g&eacute;n&egrave;re et revitalise la peau.<\/p>\n<p>\n&ndash; Une cr&egrave;me riche &agrave; utiliser comme un masque<\/p>\n<p>\n&ndash; Contient une formule unique de vitamine E et d&rsquo;ingr&eacute;dients de &laquo;&nbsp;superfruit&nbsp;&raquo;.<\/p>\n\n<p>\nLa cr&egrave;me et le masque de nuit Xminerals sont une cr&egrave;me de nuit riche qui peut &eacute;galement &ecirc;tre utilis&eacute;e comme masque pour le visage. Cette cr&egrave;me a des propri&eacute;t&eacute;s intens&eacute;ment nourrissantes et adoucissantes gr&acirc;ce au beurre de karit&eacute;, &agrave; l&rsquo;huile d&rsquo;onagre, au sel de la mer Morte et aux algues.<\/p>\n\n<p>\nLa formule hydrate, r&eacute;g&eacute;n&egrave;re et revitalise la peau gr&acirc;ce &agrave; l&rsquo;acide hyaluronique, aux peptides, aux prot&eacute;ines de bl&eacute; et de soja, &agrave; l&rsquo;extrait de camomille et &agrave; l&rsquo;aloe vera, entre autres. La combinaison de vitamine E et d&rsquo;ingr&eacute;dients de &laquo;&nbsp;superfruit&nbsp;&raquo;, comme la grenade, a un effet antioxydant puissant et aide &agrave; pr&eacute;venir le vieillissement pr&eacute;matur&eacute; de la peau.<\/p>\n\n<p>\nAppliquer en couche fine sur la peau nettoy&eacute;e, en laissant la formule s&rsquo;absorber compl&egrave;tement. Lorsqu&rsquo;il est utilis&eacute; comme masque, appliquer g&eacute;n&eacute;reusement sur la peau et apr&egrave;s 10-15 minutes, masser ou enlever l&rsquo;exc&egrave;s de cr&egrave;me avec des mouchoirs.<\/p>\n\n<p>\nIngr&eacute;dients :<\/p>\n<p>\nEau, alcool c&eacute;t&eacute;arylique, glucoside c&eacute;t&eacute;arylique, beurre de karit&eacute; (Butyrospermum Parkii), squalane, extrait de ma&iuml;s (Zea Mays), huile d&rsquo;onagre (Oenothera Biennis), sel de mer, glyc&eacute;rine, jus de feuilles d&rsquo;Aloe Barbadensis, Ac&eacute;tate de tocoph&eacute;ryle, extrait de son de riz (Oryza Sativa), extrait de Camellia Sinensis, prot&eacute;ines de riz hydrolys&eacute;es, hyaluronate de sodium, collag&egrave;ne, Chondrus Crispus, s&eacute;ricine, caprylyl glycol, prot&eacute;ines de soja (Glycine Soja), Ascorbylphosphate de magn&eacute;sium, acide d&eacute;hydroac&eacute;tique, prot&eacute;ine de bl&eacute; hydrolys&eacute;e, extrait de feuille d&rsquo;Olea Europaea (Olive), extrait de fruit de Punica Granatum (Grenade), huile d&rsquo;Hippophae Rhamnoides, Pentapeptide-3, Extrait de fruit de papaye (Carica Papaya), Panth&eacute;nol (et) extrait de Marrubium Vulgare, Palmitoyl Tripeptide-5, beurre de graines de mangue (Mangifera Indica), Parfum (suppl&eacute;ment), acide sorbique, alcool benzylique.<\/p>\n\n<p>\nPrincipes actifs de la &laquo;&nbsp;Cr&egrave;me de nuit + Masque&nbsp;&raquo; :<\/p>\n<p>\nVitamine E<\/p>\n<p>\nL&rsquo;utilisation de la vitamine E r&eacute;duit visiblement les ridules, les rides et l&rsquo;hyperpigmentation.<\/p>\n\n<p>\nHuile d&rsquo;onagre<\/p>\n<p>\nL&rsquo;huile d&rsquo;onagre stimule le processus de renouvellement cellulaire de votre peau pour une apparence pure et jeune.<\/p>\n\n<p>\nSqualane<\/p>\n<p>\nLes propri&eacute;t&eacute;s antioxydantes et hydratantes du squalane aident votre peau &agrave; conserver son aspect jeune.<\/p>\n\n<p>\nBeurre de karit&eacute;<\/p>\n<p>\nLe beurre de karit&eacute; est hydratant et riche en antioxydants. Ce beurre 100% v&eacute;g&eacute;tal donne &agrave; votre peau une sensation soyeuse.<\/p>\n\n<p>\nMin&eacute;raux de la mer Morte<\/p>\n<p>\nLa mer Morte contient 35 ( !) min&eacute;raux diff&eacute;rents qui nettoient et hydratent intensivement votre peau.<\/p>\n\n<p>\nExtrait de Chrondrus Crispus<\/p>\n<p>\nCet extrait d&rsquo;algue rouge rend votre peau visiblement et tangiblement douce et soyeuse.<\/p>\n\n<p>\nAloe Vera<\/p>\n<p>\nL&rsquo;aloe vera est riche en vitamines et en min&eacute;raux. Son utilisation donne &agrave; votre peau un &eacute;clat sain et une sensation agr&eacute;able.&nbsp;&raquo;<\/p>\n\n","protected":false},"excerpt":{"rendered":"<p>Cr&egrave;me de nuit et masque en un &ndash; Tous les types de peau &ndash; Cr&egrave;me et masque 2 en 1 &ndash; Vitamine E &ndash; Hydrate, r&eacute;g&eacute;n&egrave;re et revitalise la peau. &ndash; Une cr&egrave;me riche &agrave; utiliser comme un masque &ndash; Contient une formule unique de vitamine E et d&rsquo;ingr&eacute;dients de &laquo;&nbsp;superfruit&nbsp;&raquo;. La cr&egrave;me et le &hellip; <\/p>\n<p class=\"link-more\"><a href=\"https:\/\/www.praktivak.be\/fr\/produit\/xminerals-moisture-revival-facial-sheet-mask-19gr\/\" class=\"more-link\">Continuer la lecture<span class=\"screen-reader-text\"> \u00ab\u00a0Xminerals Moisture Revival Facial Sheet Mask, 19gr.\u00a0\u00bb<\/span><\/a><\/p>\n","protected":false},"author":1,"featured_media":310043,"template":"","meta":{"_acf_changed":false,"_relevanssi_hide_post":"","_relevanssi_hide_content":"","_relevanssi_pin_for_all":"","_relevanssi_pin_keywords":"","_relevanssi_unpin_keywords":"","_relevanssi_related_keywords":"","_relevanssi_related_include_ids":"","_relevanssi_related_exclude_ids":"","_relevanssi_related_no_append":"","_relevanssi_related_not_related":"","_relevanssi_related_posts":"","_relevanssi_noindex_reason":"","advgb_blocks_editor_width":"","advgb_blocks_columns_visual_guide":"","footnotes":""},"product_brand":[],"product_cat":[2115],"product_tag":[],"class_list":{"0":"post-168599","1":"product","2":"type-product","3":"status-publish","4":"has-post-thumbnail","6":"product_cat-consumer-products-xminerals-gelaatsverzorging-fr","8":"first","9":"instock","10":"taxable","11":"shipping-taxable","12":"product-type-simple"},"acf":[],"yoast_head":"<!-- This site is optimized with the Yoast SEO plugin v27.2 - https:\/\/yoast.com\/product\/yoast-seo-wordpress\/ -->\n<title>Xminerals Moisture Revival Facial Sheet Mask, 19gr. - Praktivak<\/title>\n<meta name=\"robots\" content=\"index, follow, max-snippet:-1, max-image-preview:large, max-video-preview:-1\" \/>\n<link rel=\"canonical\" href=\"https:\/\/www.praktivak.be\/fr\/produit\/xminerals-moisture-revival-facial-sheet-mask-19gr\/\" \/>\n<meta property=\"og:locale\" content=\"fr_FR\" \/>\n<meta property=\"og:type\" content=\"article\" \/>\n<meta property=\"og:title\" content=\"Xminerals Moisture Revival Facial Sheet Mask, 19gr. - Praktivak\" \/>\n<meta property=\"og:description\" content=\"Cr&egrave;me de nuit et masque en un &ndash; Tous les types de peau &ndash; Cr&egrave;me et masque 2 en 1 &ndash; Vitamine E &ndash; Hydrate, r&eacute;g&eacute;n&egrave;re et revitalise la peau. &ndash; Une cr&egrave;me riche &agrave; utiliser comme un masque &ndash; Contient une formule unique de vitamine E et d&rsquo;ingr&eacute;dients de &laquo;&nbsp;superfruit&nbsp;&raquo;. La cr&egrave;me et le &hellip; Continuer la lecture &quot;Xminerals Moisture Revival Facial Sheet Mask, 19gr.&quot;\" \/>\n<meta property=\"og:url\" content=\"https:\/\/www.praktivak.be\/fr\/produit\/xminerals-moisture-revival-facial-sheet-mask-19gr\/\" \/>\n<meta property=\"og:site_name\" content=\"Praktivak\" \/>\n<meta property=\"article:modified_time\" content=\"2026-01-27T18:57:41+00:00\" \/>\n<meta property=\"og:image\" content=\"https:\/\/www.praktivak.be\/wp-content\/uploads\/2025\/09\/MSC74622-2.jpg\" \/>\n\t<meta property=\"og:image:width\" content=\"1000\" \/>\n\t<meta property=\"og:image:height\" content=\"800\" \/>\n\t<meta property=\"og:image:type\" content=\"image\/jpeg\" \/>\n<meta name=\"twitter:card\" content=\"summary_large_image\" \/>\n<meta name=\"twitter:label1\" content=\"Dur\u00e9e de lecture estim\u00e9e\" \/>\n\t<meta name=\"twitter:data1\" content=\"3 minutes\" \/>\n<script type=\"application\/ld+json\" class=\"yoast-schema-graph\">{\"@context\":\"https:\/\/schema.org\",\"@graph\":[{\"@type\":\"WebPage\",\"@id\":\"https:\/\/www.praktivak.be\/fr\/produit\/xminerals-moisture-revival-facial-sheet-mask-19gr\/\",\"url\":\"https:\/\/www.praktivak.be\/fr\/produit\/xminerals-moisture-revival-facial-sheet-mask-19gr\/\",\"name\":\"Xminerals Moisture Revival Facial Sheet Mask, 19gr. - Praktivak\",\"isPartOf\":{\"@id\":\"https:\/\/www.praktivak.be\/fr\/#website\"},\"primaryImageOfPage\":{\"@id\":\"https:\/\/www.praktivak.be\/fr\/produit\/xminerals-moisture-revival-facial-sheet-mask-19gr\/#primaryimage\"},\"image\":{\"@id\":\"https:\/\/www.praktivak.be\/fr\/produit\/xminerals-moisture-revival-facial-sheet-mask-19gr\/#primaryimage\"},\"thumbnailUrl\":\"https:\/\/www.praktivak.be\/wp-content\/uploads\/2025\/09\/MSC74622-2.jpg\",\"datePublished\":\"2025-08-14T20:15:10+00:00\",\"dateModified\":\"2026-01-27T18:57:41+00:00\",\"breadcrumb\":{\"@id\":\"https:\/\/www.praktivak.be\/fr\/produit\/xminerals-moisture-revival-facial-sheet-mask-19gr\/#breadcrumb\"},\"inLanguage\":\"fr-FR\",\"potentialAction\":[{\"@type\":\"ReadAction\",\"target\":[\"https:\/\/www.praktivak.be\/fr\/produit\/xminerals-moisture-revival-facial-sheet-mask-19gr\/\"]}]},{\"@type\":\"ImageObject\",\"inLanguage\":\"fr-FR\",\"@id\":\"https:\/\/www.praktivak.be\/fr\/produit\/xminerals-moisture-revival-facial-sheet-mask-19gr\/#primaryimage\",\"url\":\"https:\/\/www.praktivak.be\/wp-content\/uploads\/2025\/09\/MSC74622-2.jpg\",\"contentUrl\":\"https:\/\/www.praktivak.be\/wp-content\/uploads\/2025\/09\/MSC74622-2.jpg\",\"width\":1000,\"height\":800},{\"@type\":\"BreadcrumbList\",\"@id\":\"https:\/\/www.praktivak.be\/fr\/produit\/xminerals-moisture-revival-facial-sheet-mask-19gr\/#breadcrumb\",\"itemListElement\":[{\"@type\":\"ListItem\",\"position\":1,\"name\":\"Home\",\"item\":\"https:\/\/www.praktivak.be\/fr\/\"},{\"@type\":\"ListItem\",\"position\":2,\"name\":\"Boutique\",\"item\":\"https:\/\/www.praktivak.be\/fr\/boutique\/\"},{\"@type\":\"ListItem\",\"position\":3,\"name\":\"Xminerals Moisture Revival Facial Sheet Mask, 19gr.\"}]},{\"@type\":\"WebSite\",\"@id\":\"https:\/\/www.praktivak.be\/fr\/#website\",\"url\":\"https:\/\/www.praktivak.be\/fr\/\",\"name\":\"Praktivak\",\"description\":\"\",\"publisher\":{\"@id\":\"https:\/\/www.praktivak.be\/fr\/#organization\"},\"potentialAction\":[{\"@type\":\"SearchAction\",\"target\":{\"@type\":\"EntryPoint\",\"urlTemplate\":\"https:\/\/www.praktivak.be\/fr\/?s={search_term_string}\"},\"query-input\":{\"@type\":\"PropertyValueSpecification\",\"valueRequired\":true,\"valueName\":\"search_term_string\"}}],\"inLanguage\":\"fr-FR\"},{\"@type\":\"Organization\",\"@id\":\"https:\/\/www.praktivak.be\/fr\/#organization\",\"name\":\"Praktivak\",\"url\":\"https:\/\/www.praktivak.be\/fr\/\",\"logo\":{\"@type\":\"ImageObject\",\"inLanguage\":\"fr-FR\",\"@id\":\"https:\/\/www.praktivak.be\/fr\/#\/schema\/logo\/image\/\",\"url\":\"https:\/\/www.praktivak.be\/wp-content\/uploads\/2024\/09\/Logo.png\",\"contentUrl\":\"https:\/\/www.praktivak.be\/wp-content\/uploads\/2024\/09\/Logo.png\",\"width\":1774,\"height\":337,\"caption\":\"Praktivak\"},\"image\":{\"@id\":\"https:\/\/www.praktivak.be\/fr\/#\/schema\/logo\/image\/\"}}]}<\/script>\n<!-- \/ Yoast SEO plugin. -->","yoast_head_json":{"title":"Xminerals Moisture Revival Facial Sheet Mask, 19gr. - Praktivak","robots":{"index":"index","follow":"follow","max-snippet":"max-snippet:-1","max-image-preview":"max-image-preview:large","max-video-preview":"max-video-preview:-1"},"canonical":"https:\/\/www.praktivak.be\/fr\/produit\/xminerals-moisture-revival-facial-sheet-mask-19gr\/","og_locale":"fr_FR","og_type":"article","og_title":"Xminerals Moisture Revival Facial Sheet Mask, 19gr. - Praktivak","og_description":"Cr&egrave;me de nuit et masque en un &ndash; Tous les types de peau &ndash; Cr&egrave;me et masque 2 en 1 &ndash; Vitamine E &ndash; Hydrate, r&eacute;g&eacute;n&egrave;re et revitalise la peau. &ndash; Une cr&egrave;me riche &agrave; utiliser comme un masque &ndash; Contient une formule unique de vitamine E et d&rsquo;ingr&eacute;dients de &laquo;&nbsp;superfruit&nbsp;&raquo;. La cr&egrave;me et le &hellip; Continuer la lecture \"Xminerals Moisture Revival Facial Sheet Mask, 19gr.\"","og_url":"https:\/\/www.praktivak.be\/fr\/produit\/xminerals-moisture-revival-facial-sheet-mask-19gr\/","og_site_name":"Praktivak","article_modified_time":"2026-01-27T18:57:41+00:00","og_image":[{"width":1000,"height":800,"url":"https:\/\/www.praktivak.be\/wp-content\/uploads\/2025\/09\/MSC74622-2.jpg","type":"image\/jpeg"}],"twitter_card":"summary_large_image","twitter_misc":{"Dur\u00e9e de lecture estim\u00e9e":"3 minutes"},"schema":{"@context":"https:\/\/schema.org","@graph":[{"@type":"WebPage","@id":"https:\/\/www.praktivak.be\/fr\/produit\/xminerals-moisture-revival-facial-sheet-mask-19gr\/","url":"https:\/\/www.praktivak.be\/fr\/produit\/xminerals-moisture-revival-facial-sheet-mask-19gr\/","name":"Xminerals Moisture Revival Facial Sheet Mask, 19gr. - Praktivak","isPartOf":{"@id":"https:\/\/www.praktivak.be\/fr\/#website"},"primaryImageOfPage":{"@id":"https:\/\/www.praktivak.be\/fr\/produit\/xminerals-moisture-revival-facial-sheet-mask-19gr\/#primaryimage"},"image":{"@id":"https:\/\/www.praktivak.be\/fr\/produit\/xminerals-moisture-revival-facial-sheet-mask-19gr\/#primaryimage"},"thumbnailUrl":"https:\/\/www.praktivak.be\/wp-content\/uploads\/2025\/09\/MSC74622-2.jpg","datePublished":"2025-08-14T20:15:10+00:00","dateModified":"2026-01-27T18:57:41+00:00","breadcrumb":{"@id":"https:\/\/www.praktivak.be\/fr\/produit\/xminerals-moisture-revival-facial-sheet-mask-19gr\/#breadcrumb"},"inLanguage":"fr-FR","potentialAction":[{"@type":"ReadAction","target":["https:\/\/www.praktivak.be\/fr\/produit\/xminerals-moisture-revival-facial-sheet-mask-19gr\/"]}]},{"@type":"ImageObject","inLanguage":"fr-FR","@id":"https:\/\/www.praktivak.be\/fr\/produit\/xminerals-moisture-revival-facial-sheet-mask-19gr\/#primaryimage","url":"https:\/\/www.praktivak.be\/wp-content\/uploads\/2025\/09\/MSC74622-2.jpg","contentUrl":"https:\/\/www.praktivak.be\/wp-content\/uploads\/2025\/09\/MSC74622-2.jpg","width":1000,"height":800},{"@type":"BreadcrumbList","@id":"https:\/\/www.praktivak.be\/fr\/produit\/xminerals-moisture-revival-facial-sheet-mask-19gr\/#breadcrumb","itemListElement":[{"@type":"ListItem","position":1,"name":"Home","item":"https:\/\/www.praktivak.be\/fr\/"},{"@type":"ListItem","position":2,"name":"Boutique","item":"https:\/\/www.praktivak.be\/fr\/boutique\/"},{"@type":"ListItem","position":3,"name":"Xminerals Moisture Revival Facial Sheet Mask, 19gr."}]},{"@type":"WebSite","@id":"https:\/\/www.praktivak.be\/fr\/#website","url":"https:\/\/www.praktivak.be\/fr\/","name":"Praktivak","description":"","publisher":{"@id":"https:\/\/www.praktivak.be\/fr\/#organization"},"potentialAction":[{"@type":"SearchAction","target":{"@type":"EntryPoint","urlTemplate":"https:\/\/www.praktivak.be\/fr\/?s={search_term_string}"},"query-input":{"@type":"PropertyValueSpecification","valueRequired":true,"valueName":"search_term_string"}}],"inLanguage":"fr-FR"},{"@type":"Organization","@id":"https:\/\/www.praktivak.be\/fr\/#organization","name":"Praktivak","url":"https:\/\/www.praktivak.be\/fr\/","logo":{"@type":"ImageObject","inLanguage":"fr-FR","@id":"https:\/\/www.praktivak.be\/fr\/#\/schema\/logo\/image\/","url":"https:\/\/www.praktivak.be\/wp-content\/uploads\/2024\/09\/Logo.png","contentUrl":"https:\/\/www.praktivak.be\/wp-content\/uploads\/2024\/09\/Logo.png","width":1774,"height":337,"caption":"Praktivak"},"image":{"@id":"https:\/\/www.praktivak.be\/fr\/#\/schema\/logo\/image\/"}}]}},"featured_img":"https:\/\/www.praktivak.be\/wp-content\/uploads\/2025\/09\/MSC74622-2.jpg","coauthors":[],"author_meta":{"author_link":"https:\/\/www.praktivak.be\/fr\/author\/madeit\/","display_name":"Tjebbe Lievens"},"relative_dates":{"created":"Publi\u00e9 8 mois il y a","modified":"Mis \u00e0 jour 3 mois il y a"},"absolute_dates":{"created":"Publi\u00e9 le 14 ao\u00fbt 2025","modified":"Mise \u00e0 jour le 27 janvier 2026"},"absolute_dates_time":{"created":"Publi\u00e9 le 14 ao\u00fbt 2025 22h15","modified":"Mise \u00e0 jour le 27 janvier 2026 19h57"},"featured_img_caption":"","tax_additional":{"product_brand":{"linked":[],"unlinked":[],"slug":"product_brand","name":"Marques"},"product_type":{"linked":["<a href=\"https:\/\/www.praktivak.be\/fr\/?taxonomy=product_type&#038;term=simple\" class=\"advgb-post-tax-term\">simple<\/a>"],"unlinked":["<span class=\"advgb-post-tax-term\">simple<\/span>"],"slug":"product_type","name":"Type de produit"},"product_visibility":{"linked":[],"unlinked":[],"slug":"product_visibility","name":"Visibilit\u00e9 du produit"},"product_cat":{"linked":["<a href=\"https:\/\/www.praktivak.be\/fr\/categorie-de-produit\/gelaatsverzorging-fr\/xminerals\/consumer-products-xminerals-gelaatsverzorging-fr\/\" class=\"advgb-post-tax-term\">Consumer products<\/a>"],"unlinked":["<span class=\"advgb-post-tax-term\">Consumer products<\/span>"],"slug":"product_cat","name":"Cat\u00e9gories de produits"},"product_tag":{"linked":[],"unlinked":[],"slug":"product_tag","name":"\u00c9tiquettes produit"},"product_shipping_class":{"linked":[],"unlinked":[],"slug":"product_shipping_class","name":"Classe d\u2019exp\u00e9dition du produit"},"pos_product_visibility":{"linked":[],"unlinked":[],"slug":"pos_product_visibility","name":"Visibilit\u00e9 du produit sur le point de vente"},"translation_priority":{"linked":[],"unlinked":[],"slug":"translation_priority","name":"Priorit\u00e9s de traduction"}},"series_order":"","_links":{"self":[{"href":"https:\/\/www.praktivak.be\/fr\/wp-json\/wp\/v2\/product\/168599","targetHints":{"allow":["GET"]}}],"collection":[{"href":"https:\/\/www.praktivak.be\/fr\/wp-json\/wp\/v2\/product"}],"about":[{"href":"https:\/\/www.praktivak.be\/fr\/wp-json\/wp\/v2\/types\/product"}],"version-history":[{"count":89,"href":"https:\/\/www.praktivak.be\/fr\/wp-json\/wp\/v2\/product\/168599\/revisions"}],"predecessor-version":[{"id":325879,"href":"https:\/\/www.praktivak.be\/fr\/wp-json\/wp\/v2\/product\/168599\/revisions\/325879"}],"wp:featuredmedia":[{"embeddable":true,"href":"https:\/\/www.praktivak.be\/fr\/wp-json\/wp\/v2\/media\/310043"}],"wp:attachment":[{"href":"https:\/\/www.praktivak.be\/fr\/wp-json\/wp\/v2\/media?parent=168599"}],"wp:term":[{"taxonomy":"product_brand","embeddable":true,"href":"https:\/\/www.praktivak.be\/fr\/wp-json\/wp\/v2\/product_brand?post=168599"},{"taxonomy":"product_cat","embeddable":true,"href":"https:\/\/www.praktivak.be\/fr\/wp-json\/wp\/v2\/product_cat?post=168599"},{"taxonomy":"product_tag","embeddable":true,"href":"https:\/\/www.praktivak.be\/fr\/wp-json\/wp\/v2\/product_tag?post=168599"}],"curies":[{"name":"wp","href":"https:\/\/api.w.org\/{rel}","templated":true}]}}