

{"id":168565,"date":"2025-08-14T22:14:24","date_gmt":"2025-08-14T20:14:24","guid":{"rendered":"https:\/\/www.praktivak.be\/product\/xminerals-intensive-moisture-balance-100ml\/"},"modified":"2026-01-27T19:57:18","modified_gmt":"2026-01-27T18:57:18","slug":"xminerals-intensive-moisture-balance-100ml","status":"publish","type":"product","link":"https:\/\/www.praktivak.be\/fr\/produit\/xminerals-intensive-moisture-balance-100ml\/","title":{"rendered":"Xminerals Intensive Moisture Balance, 100ml"},"content":{"rendered":"\n<p>\nHydratation intensive &eacute;quilibr&eacute;e<\/p>\n\n<p>\n&ndash; Peau mixte<\/p>\n<p>\n&ndash; Peau sensible<\/p>\n<p>\n&ndash; Restaurer<\/p>\n<p>\n&ndash; v&eacute;g&eacute;talien<\/p>\n<p>\n&ndash; Extrait de camomille<\/p>\n<p>\n&ndash; Stimule la production de collag&egrave;ne<\/p>\n<p>\n&ndash; Restaure la peau endommag&eacute;e<\/p>\n<p>\n&ndash; Contient des ingr&eacute;dients apaisants et adoucissants<\/p>\n<p>\n&ndash; Convient &eacute;galement aux peaux sensibles<\/p>\n<p>\n&ndash; Prot&egrave;ge contre les radicaux libres<\/p>\n<p>\n&ndash; Structure l&eacute;g&egrave;re, absorption rapide<\/p>\n<p>\n&ndash; Base id&eacute;ale sous le maquillage<\/p>\n\n<p>\nL&rsquo;hydratation intensive &eacute;quilibr&eacute;e est une cr&egrave;me hydratante d&rsquo;une l&eacute;g&egrave;ret&eacute; unique pour une peau &eacute;quilibr&eacute;e, douce et radieuse. Cette cr&egrave;me hydratante contient un pourcentage &eacute;lev&eacute; d&rsquo;acide hyaluronique et le puissant acide amin&eacute; glycine, qui hydrate et adoucit les rides et ridules. La camomille, l&rsquo;extrait de th&eacute; vert, les min&eacute;raux essentiels et la vitamine B3 ont un effet calmant et prot&egrave;gent la peau des radicaux libres.<\/p>\n\n<p>\nPour un usage quotidien. Appliquer une petite quantit&eacute; sur la peau propre du visage et faire p&eacute;n&eacute;trer par des mouvements circulaires jusqu&rsquo;&agrave; absorption compl&egrave;te. Id&eacute;al comme base sous le maquillage.<\/p>\n\n<p>\nIngr&eacute;dients :<\/p>\n<p>\nAqua, Propyl&egrave;ne Glycol, Hyaluronate de Sodium (&gt;4%), Triglyc&eacute;ride Caprylique\/Caprique, Glycine, Polyglyc&eacute;ryl-2 Diisost&eacute;arate, Copolym&egrave;re d&rsquo;Acrylates de Sodium, Phenoxyethanol, Extrait de Feuille de Camellia Sinensis, Extrait de fleur de Chamomilla Recutita (Matricaria), l&eacute;cithine, parfum (suppl&eacute;ment), alcool benzylique, niacinamide, gomme xanthane, aspartate de magn&eacute;sium, gluconate de zinc, gluconate de cuivre.<\/p>\n\n<p>\nPrincipes actifs de &laquo;&nbsp;Intensive Moisture Balance&nbsp;&raquo; :<\/p>\n<p>\nSEPITONIC&#153; M3.0<\/p>\n<p>\nSEPITONIC&#153; M3.0 est une combinaison puissante de 3 min&eacute;raux diff&eacute;rents. SEPITONIC&#153; M3.0 donne &agrave; votre peau un regain d&rsquo;&eacute;nergie. En outre, le SEPITONIC&#153; M3.0 pr&eacute;vient les d&eacute;p&ocirc;ts de prot&eacute;ines, les ridules et&hellip;<\/p>\n\n<p>\nNiacinamide<\/p>\n<p>\nLa niacinamide, &eacute;galement connue sous le nom de vitamine B3, r&eacute;duit l&rsquo;inflammation, r&eacute;gule la production de s&eacute;bum, prot&egrave;ge la peau des dommages caus&eacute;s par le soleil, aide &agrave; r&eacute;duire l&rsquo;hyperpigmentation et stimule la&hellip;<\/p>\n\n<p>\nExtrait de camomille<\/p>\n<p>\nL&rsquo;extrait de camomille a un effet anti-inflammatoire sur votre peau et apaise les irritations. <\/p>\n\n<p>\nAcide hyaluronique<\/p>\n<p>\nL&rsquo;acide hyaluronique est un hydratant naturel qui donne &agrave; votre peau une apparence et une sensation d&rsquo;&eacute;lasticit&eacute;, de jeunesse et de sant&eacute;.<\/p>\n\n<p>\nExtrait de th&eacute; vert<\/p>\n<p>\nL&rsquo;extrait de th&eacute; vert est un puissant antioxydant et r&eacute;duit les rougeurs.<\/p>\n\n<p>\nGlycine<\/p>\n<p>\nLa glycine stimule la cicatrisation et la r&eacute;paration des tissus et contribue &agrave; la production de collag&egrave;ne et &agrave; la r&eacute;tention d&rsquo;eau.<\/p>\n\n<p>\nTriglyc&eacute;ride caprylique\/caprique<\/p>\n<p>\nLe triglyc&eacute;ride caprylique\/caprique est un antioxydant et pr&eacute;vient la perte naturelle d&rsquo;humidit&eacute; de la peau (TEWL).&nbsp;&raquo;<\/p>\n\n","protected":false},"excerpt":{"rendered":"<p>Hydratation intensive &eacute;quilibr&eacute;e &ndash; Peau mixte &ndash; Peau sensible &ndash; Restaurer &ndash; v&eacute;g&eacute;talien &ndash; Extrait de camomille &ndash; Stimule la production de collag&egrave;ne &ndash; Restaure la peau endommag&eacute;e &ndash; Contient des ingr&eacute;dients apaisants et adoucissants &ndash; Convient &eacute;galement aux peaux sensibles &ndash; Prot&egrave;ge contre les radicaux libres &ndash; Structure l&eacute;g&egrave;re, absorption rapide &ndash; Base id&eacute;ale &hellip; <\/p>\n<p class=\"link-more\"><a href=\"https:\/\/www.praktivak.be\/fr\/produit\/xminerals-intensive-moisture-balance-100ml\/\" class=\"more-link\">Continuer la lecture<span class=\"screen-reader-text\"> \u00ab\u00a0Xminerals Intensive Moisture Balance, 100ml\u00a0\u00bb<\/span><\/a><\/p>\n","protected":false},"author":1,"featured_media":309479,"template":"","meta":{"_acf_changed":false,"_relevanssi_hide_post":"","_relevanssi_hide_content":"","_relevanssi_pin_for_all":"","_relevanssi_pin_keywords":"","_relevanssi_unpin_keywords":"","_relevanssi_related_keywords":"","_relevanssi_related_include_ids":"","_relevanssi_related_exclude_ids":"","_relevanssi_related_no_append":"","_relevanssi_related_not_related":"","_relevanssi_related_posts":"","_relevanssi_noindex_reason":"","advgb_blocks_editor_width":"","advgb_blocks_columns_visual_guide":"","footnotes":""},"product_brand":[],"product_cat":[2114],"product_tag":[],"class_list":{"0":"post-168565","1":"product","2":"type-product","3":"status-publish","4":"has-post-thumbnail","6":"product_cat-professional-products-xminerals-gelaatsverzorging-fr","8":"first","9":"instock","10":"taxable","11":"shipping-taxable","12":"product-type-simple"},"acf":[],"yoast_head":"<!-- This site is optimized with the Yoast SEO plugin v27.2 - https:\/\/yoast.com\/product\/yoast-seo-wordpress\/ -->\n<title>Xminerals Intensive Moisture Balance, 100ml - Praktivak<\/title>\n<meta name=\"robots\" content=\"index, follow, max-snippet:-1, max-image-preview:large, max-video-preview:-1\" \/>\n<link rel=\"canonical\" href=\"https:\/\/www.praktivak.be\/fr\/produit\/xminerals-intensive-moisture-balance-100ml\/\" \/>\n<meta property=\"og:locale\" content=\"fr_FR\" \/>\n<meta property=\"og:type\" content=\"article\" \/>\n<meta property=\"og:title\" content=\"Xminerals Intensive Moisture Balance, 100ml - Praktivak\" \/>\n<meta property=\"og:description\" content=\"Hydratation intensive &eacute;quilibr&eacute;e &ndash; Peau mixte &ndash; Peau sensible &ndash; Restaurer &ndash; v&eacute;g&eacute;talien &ndash; Extrait de camomille &ndash; Stimule la production de collag&egrave;ne &ndash; Restaure la peau endommag&eacute;e &ndash; Contient des ingr&eacute;dients apaisants et adoucissants &ndash; Convient &eacute;galement aux peaux sensibles &ndash; Prot&egrave;ge contre les radicaux libres &ndash; Structure l&eacute;g&egrave;re, absorption rapide &ndash; Base id&eacute;ale &hellip; Continuer la lecture &quot;Xminerals Intensive Moisture Balance, 100ml&quot;\" \/>\n<meta property=\"og:url\" content=\"https:\/\/www.praktivak.be\/fr\/produit\/xminerals-intensive-moisture-balance-100ml\/\" \/>\n<meta property=\"og:site_name\" content=\"Praktivak\" \/>\n<meta property=\"article:modified_time\" content=\"2026-01-27T18:57:18+00:00\" \/>\n<meta property=\"og:image\" content=\"https:\/\/www.praktivak.be\/wp-content\/uploads\/2025\/09\/MSC74636-2.jpg\" \/>\n\t<meta property=\"og:image:width\" content=\"1000\" \/>\n\t<meta property=\"og:image:height\" content=\"1000\" \/>\n\t<meta property=\"og:image:type\" content=\"image\/jpeg\" \/>\n<meta name=\"twitter:card\" content=\"summary_large_image\" \/>\n<meta name=\"twitter:label1\" content=\"Dur\u00e9e de lecture estim\u00e9e\" \/>\n\t<meta name=\"twitter:data1\" content=\"2 minutes\" \/>\n<script type=\"application\/ld+json\" class=\"yoast-schema-graph\">{\"@context\":\"https:\/\/schema.org\",\"@graph\":[{\"@type\":\"WebPage\",\"@id\":\"https:\/\/www.praktivak.be\/fr\/produit\/xminerals-intensive-moisture-balance-100ml\/\",\"url\":\"https:\/\/www.praktivak.be\/fr\/produit\/xminerals-intensive-moisture-balance-100ml\/\",\"name\":\"Xminerals Intensive Moisture Balance, 100ml - Praktivak\",\"isPartOf\":{\"@id\":\"https:\/\/www.praktivak.be\/fr\/#website\"},\"primaryImageOfPage\":{\"@id\":\"https:\/\/www.praktivak.be\/fr\/produit\/xminerals-intensive-moisture-balance-100ml\/#primaryimage\"},\"image\":{\"@id\":\"https:\/\/www.praktivak.be\/fr\/produit\/xminerals-intensive-moisture-balance-100ml\/#primaryimage\"},\"thumbnailUrl\":\"https:\/\/www.praktivak.be\/wp-content\/uploads\/2025\/09\/MSC74636-2.jpg\",\"datePublished\":\"2025-08-14T20:14:24+00:00\",\"dateModified\":\"2026-01-27T18:57:18+00:00\",\"breadcrumb\":{\"@id\":\"https:\/\/www.praktivak.be\/fr\/produit\/xminerals-intensive-moisture-balance-100ml\/#breadcrumb\"},\"inLanguage\":\"fr-FR\",\"potentialAction\":[{\"@type\":\"ReadAction\",\"target\":[\"https:\/\/www.praktivak.be\/fr\/produit\/xminerals-intensive-moisture-balance-100ml\/\"]}]},{\"@type\":\"ImageObject\",\"inLanguage\":\"fr-FR\",\"@id\":\"https:\/\/www.praktivak.be\/fr\/produit\/xminerals-intensive-moisture-balance-100ml\/#primaryimage\",\"url\":\"https:\/\/www.praktivak.be\/wp-content\/uploads\/2025\/09\/MSC74636-2.jpg\",\"contentUrl\":\"https:\/\/www.praktivak.be\/wp-content\/uploads\/2025\/09\/MSC74636-2.jpg\",\"width\":1000,\"height\":1000},{\"@type\":\"BreadcrumbList\",\"@id\":\"https:\/\/www.praktivak.be\/fr\/produit\/xminerals-intensive-moisture-balance-100ml\/#breadcrumb\",\"itemListElement\":[{\"@type\":\"ListItem\",\"position\":1,\"name\":\"Home\",\"item\":\"https:\/\/www.praktivak.be\/fr\/\"},{\"@type\":\"ListItem\",\"position\":2,\"name\":\"Boutique\",\"item\":\"https:\/\/www.praktivak.be\/fr\/boutique\/\"},{\"@type\":\"ListItem\",\"position\":3,\"name\":\"Xminerals Intensive Moisture Balance, 100ml\"}]},{\"@type\":\"WebSite\",\"@id\":\"https:\/\/www.praktivak.be\/fr\/#website\",\"url\":\"https:\/\/www.praktivak.be\/fr\/\",\"name\":\"Praktivak\",\"description\":\"\",\"publisher\":{\"@id\":\"https:\/\/www.praktivak.be\/fr\/#organization\"},\"potentialAction\":[{\"@type\":\"SearchAction\",\"target\":{\"@type\":\"EntryPoint\",\"urlTemplate\":\"https:\/\/www.praktivak.be\/fr\/?s={search_term_string}\"},\"query-input\":{\"@type\":\"PropertyValueSpecification\",\"valueRequired\":true,\"valueName\":\"search_term_string\"}}],\"inLanguage\":\"fr-FR\"},{\"@type\":\"Organization\",\"@id\":\"https:\/\/www.praktivak.be\/fr\/#organization\",\"name\":\"Praktivak\",\"url\":\"https:\/\/www.praktivak.be\/fr\/\",\"logo\":{\"@type\":\"ImageObject\",\"inLanguage\":\"fr-FR\",\"@id\":\"https:\/\/www.praktivak.be\/fr\/#\/schema\/logo\/image\/\",\"url\":\"https:\/\/www.praktivak.be\/wp-content\/uploads\/2024\/09\/Logo.png\",\"contentUrl\":\"https:\/\/www.praktivak.be\/wp-content\/uploads\/2024\/09\/Logo.png\",\"width\":1774,\"height\":337,\"caption\":\"Praktivak\"},\"image\":{\"@id\":\"https:\/\/www.praktivak.be\/fr\/#\/schema\/logo\/image\/\"}}]}<\/script>\n<!-- \/ Yoast SEO plugin. -->","yoast_head_json":{"title":"Xminerals Intensive Moisture Balance, 100ml - Praktivak","robots":{"index":"index","follow":"follow","max-snippet":"max-snippet:-1","max-image-preview":"max-image-preview:large","max-video-preview":"max-video-preview:-1"},"canonical":"https:\/\/www.praktivak.be\/fr\/produit\/xminerals-intensive-moisture-balance-100ml\/","og_locale":"fr_FR","og_type":"article","og_title":"Xminerals Intensive Moisture Balance, 100ml - Praktivak","og_description":"Hydratation intensive &eacute;quilibr&eacute;e &ndash; Peau mixte &ndash; Peau sensible &ndash; Restaurer &ndash; v&eacute;g&eacute;talien &ndash; Extrait de camomille &ndash; Stimule la production de collag&egrave;ne &ndash; Restaure la peau endommag&eacute;e &ndash; Contient des ingr&eacute;dients apaisants et adoucissants &ndash; Convient &eacute;galement aux peaux sensibles &ndash; Prot&egrave;ge contre les radicaux libres &ndash; Structure l&eacute;g&egrave;re, absorption rapide &ndash; Base id&eacute;ale &hellip; Continuer la lecture \"Xminerals Intensive Moisture Balance, 100ml\"","og_url":"https:\/\/www.praktivak.be\/fr\/produit\/xminerals-intensive-moisture-balance-100ml\/","og_site_name":"Praktivak","article_modified_time":"2026-01-27T18:57:18+00:00","og_image":[{"width":1000,"height":1000,"url":"https:\/\/www.praktivak.be\/wp-content\/uploads\/2025\/09\/MSC74636-2.jpg","type":"image\/jpeg"}],"twitter_card":"summary_large_image","twitter_misc":{"Dur\u00e9e de lecture estim\u00e9e":"2 minutes"},"schema":{"@context":"https:\/\/schema.org","@graph":[{"@type":"WebPage","@id":"https:\/\/www.praktivak.be\/fr\/produit\/xminerals-intensive-moisture-balance-100ml\/","url":"https:\/\/www.praktivak.be\/fr\/produit\/xminerals-intensive-moisture-balance-100ml\/","name":"Xminerals Intensive Moisture Balance, 100ml - Praktivak","isPartOf":{"@id":"https:\/\/www.praktivak.be\/fr\/#website"},"primaryImageOfPage":{"@id":"https:\/\/www.praktivak.be\/fr\/produit\/xminerals-intensive-moisture-balance-100ml\/#primaryimage"},"image":{"@id":"https:\/\/www.praktivak.be\/fr\/produit\/xminerals-intensive-moisture-balance-100ml\/#primaryimage"},"thumbnailUrl":"https:\/\/www.praktivak.be\/wp-content\/uploads\/2025\/09\/MSC74636-2.jpg","datePublished":"2025-08-14T20:14:24+00:00","dateModified":"2026-01-27T18:57:18+00:00","breadcrumb":{"@id":"https:\/\/www.praktivak.be\/fr\/produit\/xminerals-intensive-moisture-balance-100ml\/#breadcrumb"},"inLanguage":"fr-FR","potentialAction":[{"@type":"ReadAction","target":["https:\/\/www.praktivak.be\/fr\/produit\/xminerals-intensive-moisture-balance-100ml\/"]}]},{"@type":"ImageObject","inLanguage":"fr-FR","@id":"https:\/\/www.praktivak.be\/fr\/produit\/xminerals-intensive-moisture-balance-100ml\/#primaryimage","url":"https:\/\/www.praktivak.be\/wp-content\/uploads\/2025\/09\/MSC74636-2.jpg","contentUrl":"https:\/\/www.praktivak.be\/wp-content\/uploads\/2025\/09\/MSC74636-2.jpg","width":1000,"height":1000},{"@type":"BreadcrumbList","@id":"https:\/\/www.praktivak.be\/fr\/produit\/xminerals-intensive-moisture-balance-100ml\/#breadcrumb","itemListElement":[{"@type":"ListItem","position":1,"name":"Home","item":"https:\/\/www.praktivak.be\/fr\/"},{"@type":"ListItem","position":2,"name":"Boutique","item":"https:\/\/www.praktivak.be\/fr\/boutique\/"},{"@type":"ListItem","position":3,"name":"Xminerals Intensive Moisture Balance, 100ml"}]},{"@type":"WebSite","@id":"https:\/\/www.praktivak.be\/fr\/#website","url":"https:\/\/www.praktivak.be\/fr\/","name":"Praktivak","description":"","publisher":{"@id":"https:\/\/www.praktivak.be\/fr\/#organization"},"potentialAction":[{"@type":"SearchAction","target":{"@type":"EntryPoint","urlTemplate":"https:\/\/www.praktivak.be\/fr\/?s={search_term_string}"},"query-input":{"@type":"PropertyValueSpecification","valueRequired":true,"valueName":"search_term_string"}}],"inLanguage":"fr-FR"},{"@type":"Organization","@id":"https:\/\/www.praktivak.be\/fr\/#organization","name":"Praktivak","url":"https:\/\/www.praktivak.be\/fr\/","logo":{"@type":"ImageObject","inLanguage":"fr-FR","@id":"https:\/\/www.praktivak.be\/fr\/#\/schema\/logo\/image\/","url":"https:\/\/www.praktivak.be\/wp-content\/uploads\/2024\/09\/Logo.png","contentUrl":"https:\/\/www.praktivak.be\/wp-content\/uploads\/2024\/09\/Logo.png","width":1774,"height":337,"caption":"Praktivak"},"image":{"@id":"https:\/\/www.praktivak.be\/fr\/#\/schema\/logo\/image\/"}}]}},"featured_img":"https:\/\/www.praktivak.be\/wp-content\/uploads\/2025\/09\/MSC74636-2.jpg","coauthors":[],"author_meta":{"author_link":"https:\/\/www.praktivak.be\/fr\/author\/madeit\/","display_name":"Tjebbe Lievens"},"relative_dates":{"created":"Publi\u00e9 8 mois il y a","modified":"Mis \u00e0 jour 3 mois il y a"},"absolute_dates":{"created":"Publi\u00e9 le 14 ao\u00fbt 2025","modified":"Mise \u00e0 jour le 27 janvier 2026"},"absolute_dates_time":{"created":"Publi\u00e9 le 14 ao\u00fbt 2025 22h14","modified":"Mise \u00e0 jour le 27 janvier 2026 19h57"},"featured_img_caption":"","tax_additional":{"product_brand":{"linked":[],"unlinked":[],"slug":"product_brand","name":"Marques"},"product_type":{"linked":["<a href=\"https:\/\/www.praktivak.be\/fr\/?taxonomy=product_type&#038;term=simple\" class=\"advgb-post-tax-term\">simple<\/a>"],"unlinked":["<span class=\"advgb-post-tax-term\">simple<\/span>"],"slug":"product_type","name":"Type de produit"},"product_visibility":{"linked":[],"unlinked":[],"slug":"product_visibility","name":"Visibilit\u00e9 du produit"},"product_cat":{"linked":["<a href=\"https:\/\/www.praktivak.be\/fr\/categorie-de-produit\/gelaatsverzorging-fr\/xminerals\/professional-products-xminerals-gelaatsverzorging-fr\/\" class=\"advgb-post-tax-term\">Professional products<\/a>"],"unlinked":["<span class=\"advgb-post-tax-term\">Professional products<\/span>"],"slug":"product_cat","name":"Cat\u00e9gories de produits"},"product_tag":{"linked":[],"unlinked":[],"slug":"product_tag","name":"\u00c9tiquettes produit"},"product_shipping_class":{"linked":[],"unlinked":[],"slug":"product_shipping_class","name":"Classe d\u2019exp\u00e9dition du produit"},"pos_product_visibility":{"linked":[],"unlinked":[],"slug":"pos_product_visibility","name":"Visibilit\u00e9 du produit sur le point de vente"},"translation_priority":{"linked":[],"unlinked":[],"slug":"translation_priority","name":"Priorit\u00e9s de traduction"}},"series_order":"","_links":{"self":[{"href":"https:\/\/www.praktivak.be\/fr\/wp-json\/wp\/v2\/product\/168565","targetHints":{"allow":["GET"]}}],"collection":[{"href":"https:\/\/www.praktivak.be\/fr\/wp-json\/wp\/v2\/product"}],"about":[{"href":"https:\/\/www.praktivak.be\/fr\/wp-json\/wp\/v2\/types\/product"}],"version-history":[{"count":89,"href":"https:\/\/www.praktivak.be\/fr\/wp-json\/wp\/v2\/product\/168565\/revisions"}],"predecessor-version":[{"id":325461,"href":"https:\/\/www.praktivak.be\/fr\/wp-json\/wp\/v2\/product\/168565\/revisions\/325461"}],"wp:featuredmedia":[{"embeddable":true,"href":"https:\/\/www.praktivak.be\/fr\/wp-json\/wp\/v2\/media\/309479"}],"wp:attachment":[{"href":"https:\/\/www.praktivak.be\/fr\/wp-json\/wp\/v2\/media?parent=168565"}],"wp:term":[{"taxonomy":"product_brand","embeddable":true,"href":"https:\/\/www.praktivak.be\/fr\/wp-json\/wp\/v2\/product_brand?post=168565"},{"taxonomy":"product_cat","embeddable":true,"href":"https:\/\/www.praktivak.be\/fr\/wp-json\/wp\/v2\/product_cat?post=168565"},{"taxonomy":"product_tag","embeddable":true,"href":"https:\/\/www.praktivak.be\/fr\/wp-json\/wp\/v2\/product_tag?post=168565"}],"curies":[{"name":"wp","href":"https:\/\/api.w.org\/{rel}","templated":true}]}}