

{"id":168547,"date":"2025-08-14T22:13:51","date_gmt":"2025-08-14T20:13:51","guid":{"rendered":"https:\/\/www.praktivak.be\/product\/xminerals-hydra-day-cream-spf35-100ml\/"},"modified":"2026-01-27T19:57:18","modified_gmt":"2026-01-27T18:57:18","slug":"xminerals-hydra-day-cream-spf35-100ml","status":"publish","type":"product","link":"https:\/\/www.praktivak.be\/fr\/produit\/xminerals-hydra-day-cream-spf35-100ml\/","title":{"rendered":"Xminerals Hydra Day Cream SPF35, 100ml"},"content":{"rendered":"\n<p>\nCr&egrave;me de jour hydratante avec FPS 35<\/p>\n\n<p>\n&ndash; Tous les types de peau<\/p>\n<p>\n&ndash; Prot&eacute;ger<\/p>\n<p>\n&ndash; Acide hyaluronique<\/p>\n<p>\n&ndash; Hydrate et prot&egrave;ge<\/p>\n<p>\n&ndash; R&eacute;duit les rides et nourrit intens&eacute;ment la peau<\/p>\n<p>\n&ndash; Contient une protection fiable contre les UVA et les UVB<\/p>\n<p>\n&ndash; &Eacute;conomique &agrave; l&rsquo;usage<\/p>\n\n<p>\nCette cr&egrave;me de jour hydratante, &agrave; base de min&eacute;raux de la mer Morte, d&rsquo;algues, d&rsquo;aloe vera et d&rsquo;acide hyaluronique, assure une hydratation et une &eacute;lasticit&eacute; optimales de la peau. Le SPF 35 ajout&eacute; prot&egrave;ge la peau contre les rayons UV (filtre UVA+ UVB).<\/p>\n\n<p>\nIngr&eacute;dients<\/p>\n<p>\nPlein d&rsquo;ingr&eacute;dients naturels. Contient des huiles v&eacute;g&eacute;tales nourrissantes, du beurre de karit&eacute;, de l&rsquo;extrait de son de riz, des prot&eacute;ines de soja et de bl&eacute; et de l&rsquo;huile d&rsquo;onagre (riche en acides gras om&eacute;ga 3 et 6). Les vitamines A, E et les antioxydants du fruit de Camu-Camu, de la grenade, de la mangue et de la papaye, entre autres, aident &agrave; pr&eacute;venir le vieillissement pr&eacute;matur&eacute; de la peau.<\/p>\n\n<p>\nLe matin, appliquez une petite quantit&eacute; sur la peau propre du visage et massez par des mouvements circulaires jusqu&rsquo;&agrave; ce que la cr&egrave;me soit enti&egrave;rement absorb&eacute;e par la peau. En cas d&rsquo;exposition au soleil, r&eacute;p&eacute;ter toutes les 2 heures.<\/p>\n\n<p>\nIngr&eacute;dients :<\/p>\n<p>\nEau, m&eacute;thoxycinnamate d&rsquo;&eacute;thylhexyle, dioxyde de titane, beurre de karit&eacute; (Butyrospermum Parkii), squalane, extrait de ma&iuml;s (Zea Mays), huile d&rsquo;onagre (Oenothera Biennis), sel de mer, glyc&eacute;rine, extrait de Buddleja Davidii, extrait de feuilles de Peucedanum Ostruthium, Extrait de fruit de Myrciaria Dubia, extrait de betterave (Beta Vulgaris), jus de feuille d&rsquo;Aloe Barbadensis, ac&eacute;tate de Tocopheryl, extrait de son de riz (Oryza Sativa), extrait de Camellia Sinensis, prot&eacute;ine de riz hydrolys&eacute;e, hyaluronate de sodium, collag&egrave;ne, extrait de racine d&rsquo;Astragalus Membranaceus, Glycosaminoglycanes, Chondrus Crispus, S&eacute;ricine, Caprylyl Glycol, Prot&eacute;ine de soja (Glycine Soja), Ascorbyl Phosphate de magn&eacute;sium, Acide d&eacute;hydroac&eacute;tique, Prot&eacute;ine de bl&eacute; hydrolys&eacute;e, Palmitate de r&eacute;tinyle, Parfum (Suppl&eacute;ment), Acide sorbique, Extrait de feuille d&rsquo;Olea Europaea (Olive), Extrait de fruit de Punica Granatum (grenade), extrait de fruit de Musa Sapientum (banane), huile d&rsquo;Hippophae Rhamnoides, extrait de fruit de Papaye (Carica Papaya), extrait de racine de Gingembre (Zingiber Officinale), beurre de graines de Mangue (Mangifera Indica), Alcool Cetearyl, Glucoside Cetearyl.<\/p>\n\n<p>\nPrincipes actifs de &laquo;&nbsp;Hydra Day Cream SPF35&nbsp;&raquo; :<\/p>\n<p>\nVitamine E<\/p>\n<p>\nL&rsquo;utilisation de la vitamine E r&eacute;duit visiblement les ridules, les rides et l&rsquo;hyperpigmentation.<\/p>\n\n<p>\nHuile d&rsquo;onagre<\/p>\n<p>\nL&rsquo;huile d&rsquo;onagre stimule le processus de renouvellement cellulaire de votre peau pour une apparence pure et jeune.<\/p>\n\n<p>\nProt&eacute;ines de bl&eacute;<\/p>\n\n<p>\nProt&eacute;ines de soja<\/p>\n\n<p>\nBeurre de karit&eacute;<\/p>\n<p>\nLe beurre de karit&eacute; est hydratant et riche en antioxydants. Ce beurre 100% v&eacute;g&eacute;tal donne &agrave; votre peau une sensation soyeuse.<\/p>\n\n<p>\nAcide hyaluronique<\/p>\n<p>\nL&rsquo;acide hyaluronique est un hydratant naturel qui maintient l&rsquo;&eacute;lasticit&eacute;, la jeunesse et l&rsquo;aspect sain de votre peau.<\/p>\n\n<p>\nHuile d&rsquo;argousier<\/p>\n\n<p>\nExtrait de racine d&rsquo;astragale<\/p>\n<p>\n&Eacute;galement connu sous le nom de Huangqi, une herbe chinoise aux fortes propri&eacute;t&eacute;s antioxydantes et anti-inflammatoires.<\/p>\n\n<p>\nAloe Vera<\/p>\n<p>\nL&rsquo;aloe vera est riche en vitamines et en min&eacute;raux. Son utilisation donne &agrave; votre peau un &eacute;clat sain et une sensation agr&eacute;able.&nbsp;&raquo;<\/p>\n\n","protected":false},"excerpt":{"rendered":"<p>Cr&egrave;me de jour hydratante avec FPS 35 &ndash; Tous les types de peau &ndash; Prot&eacute;ger &ndash; Acide hyaluronique &ndash; Hydrate et prot&egrave;ge &ndash; R&eacute;duit les rides et nourrit intens&eacute;ment la peau &ndash; Contient une protection fiable contre les UVA et les UVB &ndash; &Eacute;conomique &agrave; l&rsquo;usage Cette cr&egrave;me de jour hydratante, &agrave; base de min&eacute;raux &hellip; <\/p>\n<p class=\"link-more\"><a href=\"https:\/\/www.praktivak.be\/fr\/produit\/xminerals-hydra-day-cream-spf35-100ml\/\" class=\"more-link\">Continuer la lecture<span class=\"screen-reader-text\"> \u00ab\u00a0Xminerals Hydra Day Cream SPF35, 100ml\u00a0\u00bb<\/span><\/a><\/p>\n","protected":false},"author":1,"featured_media":309469,"template":"","meta":{"_acf_changed":false,"_relevanssi_hide_post":"","_relevanssi_hide_content":"","_relevanssi_pin_for_all":"","_relevanssi_pin_keywords":"","_relevanssi_unpin_keywords":"","_relevanssi_related_keywords":"","_relevanssi_related_include_ids":"","_relevanssi_related_exclude_ids":"","_relevanssi_related_no_append":"","_relevanssi_related_not_related":"","_relevanssi_related_posts":"","_relevanssi_noindex_reason":"","advgb_blocks_editor_width":"","advgb_blocks_columns_visual_guide":"","footnotes":""},"product_brand":[],"product_cat":[2114],"product_tag":[],"class_list":{"0":"post-168547","1":"product","2":"type-product","3":"status-publish","4":"has-post-thumbnail","6":"product_cat-professional-products-xminerals-gelaatsverzorging-fr","8":"first","9":"instock","10":"taxable","11":"shipping-taxable","12":"product-type-simple"},"acf":[],"yoast_head":"<!-- This site is optimized with the Yoast SEO plugin v27.2 - https:\/\/yoast.com\/product\/yoast-seo-wordpress\/ -->\n<title>Xminerals Hydra Day Cream SPF35, 100ml - Praktivak<\/title>\n<meta name=\"robots\" content=\"index, follow, max-snippet:-1, max-image-preview:large, max-video-preview:-1\" \/>\n<link rel=\"canonical\" href=\"https:\/\/www.praktivak.be\/fr\/produit\/xminerals-hydra-day-cream-spf35-100ml\/\" \/>\n<meta property=\"og:locale\" content=\"fr_FR\" \/>\n<meta property=\"og:type\" content=\"article\" \/>\n<meta property=\"og:title\" content=\"Xminerals Hydra Day Cream SPF35, 100ml - Praktivak\" \/>\n<meta property=\"og:description\" content=\"Cr&egrave;me de jour hydratante avec FPS 35 &ndash; Tous les types de peau &ndash; Prot&eacute;ger &ndash; Acide hyaluronique &ndash; Hydrate et prot&egrave;ge &ndash; R&eacute;duit les rides et nourrit intens&eacute;ment la peau &ndash; Contient une protection fiable contre les UVA et les UVB &ndash; &Eacute;conomique &agrave; l&rsquo;usage Cette cr&egrave;me de jour hydratante, &agrave; base de min&eacute;raux &hellip; Continuer la lecture &quot;Xminerals Hydra Day Cream SPF35, 100ml&quot;\" \/>\n<meta property=\"og:url\" content=\"https:\/\/www.praktivak.be\/fr\/produit\/xminerals-hydra-day-cream-spf35-100ml\/\" \/>\n<meta property=\"og:site_name\" content=\"Praktivak\" \/>\n<meta property=\"article:modified_time\" content=\"2026-01-27T18:57:18+00:00\" \/>\n<meta property=\"og:image\" content=\"https:\/\/www.praktivak.be\/wp-content\/uploads\/2025\/09\/MSC74690-2.jpg\" \/>\n\t<meta property=\"og:image:width\" content=\"1000\" \/>\n\t<meta property=\"og:image:height\" content=\"1000\" \/>\n\t<meta property=\"og:image:type\" content=\"image\/jpeg\" \/>\n<meta name=\"twitter:card\" content=\"summary_large_image\" \/>\n<meta name=\"twitter:label1\" content=\"Dur\u00e9e de lecture estim\u00e9e\" \/>\n\t<meta name=\"twitter:data1\" content=\"3 minutes\" \/>\n<script type=\"application\/ld+json\" class=\"yoast-schema-graph\">{\"@context\":\"https:\/\/schema.org\",\"@graph\":[{\"@type\":\"WebPage\",\"@id\":\"https:\/\/www.praktivak.be\/fr\/produit\/xminerals-hydra-day-cream-spf35-100ml\/\",\"url\":\"https:\/\/www.praktivak.be\/fr\/produit\/xminerals-hydra-day-cream-spf35-100ml\/\",\"name\":\"Xminerals Hydra Day Cream SPF35, 100ml - Praktivak\",\"isPartOf\":{\"@id\":\"https:\/\/www.praktivak.be\/fr\/#website\"},\"primaryImageOfPage\":{\"@id\":\"https:\/\/www.praktivak.be\/fr\/produit\/xminerals-hydra-day-cream-spf35-100ml\/#primaryimage\"},\"image\":{\"@id\":\"https:\/\/www.praktivak.be\/fr\/produit\/xminerals-hydra-day-cream-spf35-100ml\/#primaryimage\"},\"thumbnailUrl\":\"https:\/\/www.praktivak.be\/wp-content\/uploads\/2025\/09\/MSC74690-2.jpg\",\"datePublished\":\"2025-08-14T20:13:51+00:00\",\"dateModified\":\"2026-01-27T18:57:18+00:00\",\"breadcrumb\":{\"@id\":\"https:\/\/www.praktivak.be\/fr\/produit\/xminerals-hydra-day-cream-spf35-100ml\/#breadcrumb\"},\"inLanguage\":\"fr-FR\",\"potentialAction\":[{\"@type\":\"ReadAction\",\"target\":[\"https:\/\/www.praktivak.be\/fr\/produit\/xminerals-hydra-day-cream-spf35-100ml\/\"]}]},{\"@type\":\"ImageObject\",\"inLanguage\":\"fr-FR\",\"@id\":\"https:\/\/www.praktivak.be\/fr\/produit\/xminerals-hydra-day-cream-spf35-100ml\/#primaryimage\",\"url\":\"https:\/\/www.praktivak.be\/wp-content\/uploads\/2025\/09\/MSC74690-2.jpg\",\"contentUrl\":\"https:\/\/www.praktivak.be\/wp-content\/uploads\/2025\/09\/MSC74690-2.jpg\",\"width\":1000,\"height\":1000},{\"@type\":\"BreadcrumbList\",\"@id\":\"https:\/\/www.praktivak.be\/fr\/produit\/xminerals-hydra-day-cream-spf35-100ml\/#breadcrumb\",\"itemListElement\":[{\"@type\":\"ListItem\",\"position\":1,\"name\":\"Home\",\"item\":\"https:\/\/www.praktivak.be\/fr\/\"},{\"@type\":\"ListItem\",\"position\":2,\"name\":\"Boutique\",\"item\":\"https:\/\/www.praktivak.be\/fr\/boutique\/\"},{\"@type\":\"ListItem\",\"position\":3,\"name\":\"Xminerals Hydra Day Cream SPF35, 100ml\"}]},{\"@type\":\"WebSite\",\"@id\":\"https:\/\/www.praktivak.be\/fr\/#website\",\"url\":\"https:\/\/www.praktivak.be\/fr\/\",\"name\":\"Praktivak\",\"description\":\"\",\"publisher\":{\"@id\":\"https:\/\/www.praktivak.be\/fr\/#organization\"},\"potentialAction\":[{\"@type\":\"SearchAction\",\"target\":{\"@type\":\"EntryPoint\",\"urlTemplate\":\"https:\/\/www.praktivak.be\/fr\/?s={search_term_string}\"},\"query-input\":{\"@type\":\"PropertyValueSpecification\",\"valueRequired\":true,\"valueName\":\"search_term_string\"}}],\"inLanguage\":\"fr-FR\"},{\"@type\":\"Organization\",\"@id\":\"https:\/\/www.praktivak.be\/fr\/#organization\",\"name\":\"Praktivak\",\"url\":\"https:\/\/www.praktivak.be\/fr\/\",\"logo\":{\"@type\":\"ImageObject\",\"inLanguage\":\"fr-FR\",\"@id\":\"https:\/\/www.praktivak.be\/fr\/#\/schema\/logo\/image\/\",\"url\":\"https:\/\/www.praktivak.be\/wp-content\/uploads\/2024\/09\/Logo.png\",\"contentUrl\":\"https:\/\/www.praktivak.be\/wp-content\/uploads\/2024\/09\/Logo.png\",\"width\":1774,\"height\":337,\"caption\":\"Praktivak\"},\"image\":{\"@id\":\"https:\/\/www.praktivak.be\/fr\/#\/schema\/logo\/image\/\"}}]}<\/script>\n<!-- \/ Yoast SEO plugin. -->","yoast_head_json":{"title":"Xminerals Hydra Day Cream SPF35, 100ml - Praktivak","robots":{"index":"index","follow":"follow","max-snippet":"max-snippet:-1","max-image-preview":"max-image-preview:large","max-video-preview":"max-video-preview:-1"},"canonical":"https:\/\/www.praktivak.be\/fr\/produit\/xminerals-hydra-day-cream-spf35-100ml\/","og_locale":"fr_FR","og_type":"article","og_title":"Xminerals Hydra Day Cream SPF35, 100ml - Praktivak","og_description":"Cr&egrave;me de jour hydratante avec FPS 35 &ndash; Tous les types de peau &ndash; Prot&eacute;ger &ndash; Acide hyaluronique &ndash; Hydrate et prot&egrave;ge &ndash; R&eacute;duit les rides et nourrit intens&eacute;ment la peau &ndash; Contient une protection fiable contre les UVA et les UVB &ndash; &Eacute;conomique &agrave; l&rsquo;usage Cette cr&egrave;me de jour hydratante, &agrave; base de min&eacute;raux &hellip; Continuer la lecture \"Xminerals Hydra Day Cream SPF35, 100ml\"","og_url":"https:\/\/www.praktivak.be\/fr\/produit\/xminerals-hydra-day-cream-spf35-100ml\/","og_site_name":"Praktivak","article_modified_time":"2026-01-27T18:57:18+00:00","og_image":[{"width":1000,"height":1000,"url":"https:\/\/www.praktivak.be\/wp-content\/uploads\/2025\/09\/MSC74690-2.jpg","type":"image\/jpeg"}],"twitter_card":"summary_large_image","twitter_misc":{"Dur\u00e9e de lecture estim\u00e9e":"3 minutes"},"schema":{"@context":"https:\/\/schema.org","@graph":[{"@type":"WebPage","@id":"https:\/\/www.praktivak.be\/fr\/produit\/xminerals-hydra-day-cream-spf35-100ml\/","url":"https:\/\/www.praktivak.be\/fr\/produit\/xminerals-hydra-day-cream-spf35-100ml\/","name":"Xminerals Hydra Day Cream SPF35, 100ml - Praktivak","isPartOf":{"@id":"https:\/\/www.praktivak.be\/fr\/#website"},"primaryImageOfPage":{"@id":"https:\/\/www.praktivak.be\/fr\/produit\/xminerals-hydra-day-cream-spf35-100ml\/#primaryimage"},"image":{"@id":"https:\/\/www.praktivak.be\/fr\/produit\/xminerals-hydra-day-cream-spf35-100ml\/#primaryimage"},"thumbnailUrl":"https:\/\/www.praktivak.be\/wp-content\/uploads\/2025\/09\/MSC74690-2.jpg","datePublished":"2025-08-14T20:13:51+00:00","dateModified":"2026-01-27T18:57:18+00:00","breadcrumb":{"@id":"https:\/\/www.praktivak.be\/fr\/produit\/xminerals-hydra-day-cream-spf35-100ml\/#breadcrumb"},"inLanguage":"fr-FR","potentialAction":[{"@type":"ReadAction","target":["https:\/\/www.praktivak.be\/fr\/produit\/xminerals-hydra-day-cream-spf35-100ml\/"]}]},{"@type":"ImageObject","inLanguage":"fr-FR","@id":"https:\/\/www.praktivak.be\/fr\/produit\/xminerals-hydra-day-cream-spf35-100ml\/#primaryimage","url":"https:\/\/www.praktivak.be\/wp-content\/uploads\/2025\/09\/MSC74690-2.jpg","contentUrl":"https:\/\/www.praktivak.be\/wp-content\/uploads\/2025\/09\/MSC74690-2.jpg","width":1000,"height":1000},{"@type":"BreadcrumbList","@id":"https:\/\/www.praktivak.be\/fr\/produit\/xminerals-hydra-day-cream-spf35-100ml\/#breadcrumb","itemListElement":[{"@type":"ListItem","position":1,"name":"Home","item":"https:\/\/www.praktivak.be\/fr\/"},{"@type":"ListItem","position":2,"name":"Boutique","item":"https:\/\/www.praktivak.be\/fr\/boutique\/"},{"@type":"ListItem","position":3,"name":"Xminerals Hydra Day Cream SPF35, 100ml"}]},{"@type":"WebSite","@id":"https:\/\/www.praktivak.be\/fr\/#website","url":"https:\/\/www.praktivak.be\/fr\/","name":"Praktivak","description":"","publisher":{"@id":"https:\/\/www.praktivak.be\/fr\/#organization"},"potentialAction":[{"@type":"SearchAction","target":{"@type":"EntryPoint","urlTemplate":"https:\/\/www.praktivak.be\/fr\/?s={search_term_string}"},"query-input":{"@type":"PropertyValueSpecification","valueRequired":true,"valueName":"search_term_string"}}],"inLanguage":"fr-FR"},{"@type":"Organization","@id":"https:\/\/www.praktivak.be\/fr\/#organization","name":"Praktivak","url":"https:\/\/www.praktivak.be\/fr\/","logo":{"@type":"ImageObject","inLanguage":"fr-FR","@id":"https:\/\/www.praktivak.be\/fr\/#\/schema\/logo\/image\/","url":"https:\/\/www.praktivak.be\/wp-content\/uploads\/2024\/09\/Logo.png","contentUrl":"https:\/\/www.praktivak.be\/wp-content\/uploads\/2024\/09\/Logo.png","width":1774,"height":337,"caption":"Praktivak"},"image":{"@id":"https:\/\/www.praktivak.be\/fr\/#\/schema\/logo\/image\/"}}]}},"featured_img":"https:\/\/www.praktivak.be\/wp-content\/uploads\/2025\/09\/MSC74690-2.jpg","coauthors":[],"author_meta":{"author_link":"https:\/\/www.praktivak.be\/fr\/author\/madeit\/","display_name":"Tjebbe Lievens"},"relative_dates":{"created":"Publi\u00e9 8 mois il y a","modified":"Mis \u00e0 jour 3 mois il y a"},"absolute_dates":{"created":"Publi\u00e9 le 14 ao\u00fbt 2025","modified":"Mise \u00e0 jour le 27 janvier 2026"},"absolute_dates_time":{"created":"Publi\u00e9 le 14 ao\u00fbt 2025 22h13","modified":"Mise \u00e0 jour le 27 janvier 2026 19h57"},"featured_img_caption":"","tax_additional":{"product_brand":{"linked":[],"unlinked":[],"slug":"product_brand","name":"Marques"},"product_type":{"linked":["<a href=\"https:\/\/www.praktivak.be\/fr\/?taxonomy=product_type&#038;term=simple\" class=\"advgb-post-tax-term\">simple<\/a>"],"unlinked":["<span class=\"advgb-post-tax-term\">simple<\/span>"],"slug":"product_type","name":"Type de produit"},"product_visibility":{"linked":[],"unlinked":[],"slug":"product_visibility","name":"Visibilit\u00e9 du produit"},"product_cat":{"linked":["<a href=\"https:\/\/www.praktivak.be\/fr\/categorie-de-produit\/gelaatsverzorging-fr\/xminerals\/professional-products-xminerals-gelaatsverzorging-fr\/\" class=\"advgb-post-tax-term\">Professional products<\/a>"],"unlinked":["<span class=\"advgb-post-tax-term\">Professional products<\/span>"],"slug":"product_cat","name":"Cat\u00e9gories de produits"},"product_tag":{"linked":[],"unlinked":[],"slug":"product_tag","name":"\u00c9tiquettes produit"},"product_shipping_class":{"linked":[],"unlinked":[],"slug":"product_shipping_class","name":"Classe d\u2019exp\u00e9dition du produit"},"pos_product_visibility":{"linked":[],"unlinked":[],"slug":"pos_product_visibility","name":"Visibilit\u00e9 du produit sur le point de vente"},"translation_priority":{"linked":[],"unlinked":[],"slug":"translation_priority","name":"Priorit\u00e9s de traduction"}},"series_order":"","_links":{"self":[{"href":"https:\/\/www.praktivak.be\/fr\/wp-json\/wp\/v2\/product\/168547","targetHints":{"allow":["GET"]}}],"collection":[{"href":"https:\/\/www.praktivak.be\/fr\/wp-json\/wp\/v2\/product"}],"about":[{"href":"https:\/\/www.praktivak.be\/fr\/wp-json\/wp\/v2\/types\/product"}],"version-history":[{"count":89,"href":"https:\/\/www.praktivak.be\/fr\/wp-json\/wp\/v2\/product\/168547\/revisions"}],"predecessor-version":[{"id":325457,"href":"https:\/\/www.praktivak.be\/fr\/wp-json\/wp\/v2\/product\/168547\/revisions\/325457"}],"wp:featuredmedia":[{"embeddable":true,"href":"https:\/\/www.praktivak.be\/fr\/wp-json\/wp\/v2\/media\/309469"}],"wp:attachment":[{"href":"https:\/\/www.praktivak.be\/fr\/wp-json\/wp\/v2\/media?parent=168547"}],"wp:term":[{"taxonomy":"product_brand","embeddable":true,"href":"https:\/\/www.praktivak.be\/fr\/wp-json\/wp\/v2\/product_brand?post=168547"},{"taxonomy":"product_cat","embeddable":true,"href":"https:\/\/www.praktivak.be\/fr\/wp-json\/wp\/v2\/product_cat?post=168547"},{"taxonomy":"product_tag","embeddable":true,"href":"https:\/\/www.praktivak.be\/fr\/wp-json\/wp\/v2\/product_tag?post=168547"}],"curies":[{"name":"wp","href":"https:\/\/api.w.org\/{rel}","templated":true}]}}