

{"id":168500,"date":"2025-08-14T22:12:49","date_gmt":"2025-08-14T20:12:49","guid":{"rendered":"https:\/\/www.praktivak.be\/product\/xminerals-gentle-peeling-cream-100ml\/"},"modified":"2026-01-27T19:58:58","modified_gmt":"2026-01-27T18:58:58","slug":"xminerals-gentle-peeling-cream-100ml","status":"publish","type":"product","link":"https:\/\/www.praktivak.be\/fr\/produit\/xminerals-gentle-peeling-cream-100ml\/","title":{"rendered":"Xminerals Gentle Peeling Cream, 100ml"},"content":{"rendered":"\n<p>\nCr&egrave;me peeling douce<\/p>\n\n<p>\n&ndash; Tous les types de peau<\/p>\n<p>\n&ndash; Exfoliation<\/p>\n<p>\n&ndash; v&eacute;g&eacute;talien<\/p>\n<p>\n&ndash; AHAs<\/p>\n<p>\n&ndash; Contient plusieurs acides pour un effet exfoliant efficace<\/p>\n<p>\n&ndash; Riche en ingr&eacute;dients apaisants et hydratants tels que l&rsquo;Aloe Vera.<\/p>\n<p>\n&ndash; Bourr&eacute; d&rsquo;antioxydants tels que la vitamine E et le th&eacute; vert.<\/p>\n\n<p>\nLa cr&egrave;me peeling douce convient &agrave; tous les types de peau. Cette cr&egrave;me peeling douce contient des acides glycolique, amandique et lactique (AHA) et de l&rsquo;acide salicylique (BHA), qui ont un effet exfoliant efficace sur la peau. La formule est riche en antioxydants pour combattre les radicaux libres, notamment en vitamine E et en extrait de th&eacute; vert. Contient de l&rsquo;aloe vera pour hydrater et apaiser. Les min&eacute;raux nourrissants de la mer Morte remin&eacute;ralisent et revitalisent la peau.<\/p>\n\n<p>\nLe soir, appliquez une petite quantit&eacute; sur la peau nettoy&eacute;e et massez. Utilisez jusqu&rsquo;&agrave; 2 ou 3 fois par semaine.<\/p>\n\n<p>\nIngr&eacute;dients :<\/p>\n<p>\nAqua, Steareth 2, Octyl Methoxycinnamate, Steareth 21, Aloe Barbadensis Leaf Juice, Glycolic Acid, Tocopheryl Acetate, Chondrus Crispus, Green Tea Extract, Lactic Acid, Ginkgo Biloba Extract, Magnesium Ascorbyl Phosphate, Carpobrotus Edulis Extract, Dehydroacetic Acid, Extrait de maca, acide az&eacute;la&iuml;que, dioxyde de titane, extrait de calendula, acide salicylique, st&eacute;arate de glyc&eacute;ryle, ac&eacute;tylglucosamine, acide benzo&iuml;que, acide sorbique, acide mand&eacute;lique, dim&eacute;thylm&eacute;thoxychromanol, acide thioctique, r&eacute;tinol, sel de mer, glycinate de zinc, parfum, acide gluconique.<\/p>\n\n<p>\nPrincipes actifs de la &laquo;&nbsp;Cr&egrave;me gommante douce&nbsp;&raquo; :<\/p>\n<p>\nAcide salycilique (BHA)<\/p>\n<p>\nL&rsquo;acide salycilique agit dans la couche sup&eacute;rieure de votre peau. Cet acide favorise la croissance de cellules saines et donne &agrave; la peau un aspect lisse et frais.<\/p>\n\n<p>\nAcide lactique (AHA)<\/p>\n<p>\nL&rsquo;acide lactique exfolie et fait dispara&icirc;tre les traces de cicatrices d&rsquo;acn&eacute;. L&rsquo;AHA r&eacute;duit les rides et hydrate la peau.<\/p>\n\n<p>\nAcide mand&eacute;lique (AHA)<\/p>\n<p>\nP&eacute;n&egrave;tre facilement la barri&egrave;re lipidique, r&eacute;duit l&rsquo;hyperpigmentation, p&eacute;n&egrave;tre la peau au maximum.<\/p>\n\n<p>\nAloe Vera<\/p>\n<p>\nL&rsquo;aloe vera est riche en vitamines et en min&eacute;raux. Son utilisation donne &agrave; votre peau un &eacute;clat sain et une sensation agr&eacute;able.&nbsp;&raquo;<\/p>\n\n","protected":false},"excerpt":{"rendered":"<p>Cr&egrave;me peeling douce &ndash; Tous les types de peau &ndash; Exfoliation &ndash; v&eacute;g&eacute;talien &ndash; AHAs &ndash; Contient plusieurs acides pour un effet exfoliant efficace &ndash; Riche en ingr&eacute;dients apaisants et hydratants tels que l&rsquo;Aloe Vera. &ndash; Bourr&eacute; d&rsquo;antioxydants tels que la vitamine E et le th&eacute; vert. La cr&egrave;me peeling douce convient &agrave; tous les &hellip; <\/p>\n<p class=\"link-more\"><a href=\"https:\/\/www.praktivak.be\/fr\/produit\/xminerals-gentle-peeling-cream-100ml\/\" class=\"more-link\">Continuer la lecture<span class=\"screen-reader-text\"> \u00ab\u00a0Xminerals Gentle Peeling Cream, 100ml\u00a0\u00bb<\/span><\/a><\/p>\n","protected":false},"author":1,"featured_media":313748,"template":"","meta":{"_acf_changed":false,"_relevanssi_hide_post":"","_relevanssi_hide_content":"","_relevanssi_pin_for_all":"","_relevanssi_pin_keywords":"","_relevanssi_unpin_keywords":"","_relevanssi_related_keywords":"","_relevanssi_related_include_ids":"","_relevanssi_related_exclude_ids":"","_relevanssi_related_no_append":"","_relevanssi_related_not_related":"","_relevanssi_related_posts":"","_relevanssi_noindex_reason":"","advgb_blocks_editor_width":"","advgb_blocks_columns_visual_guide":"","footnotes":""},"product_brand":[],"product_cat":[2114],"product_tag":[],"class_list":{"0":"post-168500","1":"product","2":"type-product","3":"status-publish","4":"has-post-thumbnail","6":"product_cat-professional-products-xminerals-gelaatsverzorging-fr","8":"first","9":"instock","10":"taxable","11":"shipping-taxable","12":"product-type-simple"},"acf":[],"yoast_head":"<!-- This site is optimized with the Yoast SEO plugin v27.2 - https:\/\/yoast.com\/product\/yoast-seo-wordpress\/ -->\n<title>Xminerals Gentle Peeling Cream, 100ml - Praktivak<\/title>\n<meta name=\"robots\" content=\"index, follow, max-snippet:-1, max-image-preview:large, max-video-preview:-1\" \/>\n<link rel=\"canonical\" href=\"https:\/\/www.praktivak.be\/fr\/produit\/xminerals-gentle-peeling-cream-100ml\/\" \/>\n<meta property=\"og:locale\" content=\"fr_FR\" \/>\n<meta property=\"og:type\" content=\"article\" \/>\n<meta property=\"og:title\" content=\"Xminerals Gentle Peeling Cream, 100ml - Praktivak\" \/>\n<meta property=\"og:description\" content=\"Cr&egrave;me peeling douce &ndash; Tous les types de peau &ndash; Exfoliation &ndash; v&eacute;g&eacute;talien &ndash; AHAs &ndash; Contient plusieurs acides pour un effet exfoliant efficace &ndash; Riche en ingr&eacute;dients apaisants et hydratants tels que l&rsquo;Aloe Vera. &ndash; Bourr&eacute; d&rsquo;antioxydants tels que la vitamine E et le th&eacute; vert. La cr&egrave;me peeling douce convient &agrave; tous les &hellip; Continuer la lecture &quot;Xminerals Gentle Peeling Cream, 100ml&quot;\" \/>\n<meta property=\"og:url\" content=\"https:\/\/www.praktivak.be\/fr\/produit\/xminerals-gentle-peeling-cream-100ml\/\" \/>\n<meta property=\"og:site_name\" content=\"Praktivak\" \/>\n<meta property=\"article:modified_time\" content=\"2026-01-27T18:58:58+00:00\" \/>\n<meta property=\"og:image\" content=\"https:\/\/www.praktivak.be\/wp-content\/uploads\/2025\/09\/MSC74693.jpg\" \/>\n\t<meta property=\"og:image:width\" content=\"1000\" \/>\n\t<meta property=\"og:image:height\" content=\"1000\" \/>\n\t<meta property=\"og:image:type\" content=\"image\/jpeg\" \/>\n<meta name=\"twitter:card\" content=\"summary_large_image\" \/>\n<meta name=\"twitter:label1\" content=\"Dur\u00e9e de lecture estim\u00e9e\" \/>\n\t<meta name=\"twitter:data1\" content=\"2 minutes\" \/>\n<script type=\"application\/ld+json\" class=\"yoast-schema-graph\">{\"@context\":\"https:\/\/schema.org\",\"@graph\":[{\"@type\":\"WebPage\",\"@id\":\"https:\/\/www.praktivak.be\/fr\/produit\/xminerals-gentle-peeling-cream-100ml\/\",\"url\":\"https:\/\/www.praktivak.be\/fr\/produit\/xminerals-gentle-peeling-cream-100ml\/\",\"name\":\"Xminerals Gentle Peeling Cream, 100ml - Praktivak\",\"isPartOf\":{\"@id\":\"https:\/\/www.praktivak.be\/fr\/#website\"},\"primaryImageOfPage\":{\"@id\":\"https:\/\/www.praktivak.be\/fr\/produit\/xminerals-gentle-peeling-cream-100ml\/#primaryimage\"},\"image\":{\"@id\":\"https:\/\/www.praktivak.be\/fr\/produit\/xminerals-gentle-peeling-cream-100ml\/#primaryimage\"},\"thumbnailUrl\":\"https:\/\/www.praktivak.be\/wp-content\/uploads\/2025\/09\/MSC74693.jpg\",\"datePublished\":\"2025-08-14T20:12:49+00:00\",\"dateModified\":\"2026-01-27T18:58:58+00:00\",\"breadcrumb\":{\"@id\":\"https:\/\/www.praktivak.be\/fr\/produit\/xminerals-gentle-peeling-cream-100ml\/#breadcrumb\"},\"inLanguage\":\"fr-FR\",\"potentialAction\":[{\"@type\":\"ReadAction\",\"target\":[\"https:\/\/www.praktivak.be\/fr\/produit\/xminerals-gentle-peeling-cream-100ml\/\"]}]},{\"@type\":\"ImageObject\",\"inLanguage\":\"fr-FR\",\"@id\":\"https:\/\/www.praktivak.be\/fr\/produit\/xminerals-gentle-peeling-cream-100ml\/#primaryimage\",\"url\":\"https:\/\/www.praktivak.be\/wp-content\/uploads\/2025\/09\/MSC74693.jpg\",\"contentUrl\":\"https:\/\/www.praktivak.be\/wp-content\/uploads\/2025\/09\/MSC74693.jpg\",\"width\":1000,\"height\":1000},{\"@type\":\"BreadcrumbList\",\"@id\":\"https:\/\/www.praktivak.be\/fr\/produit\/xminerals-gentle-peeling-cream-100ml\/#breadcrumb\",\"itemListElement\":[{\"@type\":\"ListItem\",\"position\":1,\"name\":\"Home\",\"item\":\"https:\/\/www.praktivak.be\/fr\/\"},{\"@type\":\"ListItem\",\"position\":2,\"name\":\"Boutique\",\"item\":\"https:\/\/www.praktivak.be\/fr\/boutique\/\"},{\"@type\":\"ListItem\",\"position\":3,\"name\":\"Xminerals Gentle Peeling Cream, 100ml\"}]},{\"@type\":\"WebSite\",\"@id\":\"https:\/\/www.praktivak.be\/fr\/#website\",\"url\":\"https:\/\/www.praktivak.be\/fr\/\",\"name\":\"Praktivak\",\"description\":\"\",\"publisher\":{\"@id\":\"https:\/\/www.praktivak.be\/fr\/#organization\"},\"potentialAction\":[{\"@type\":\"SearchAction\",\"target\":{\"@type\":\"EntryPoint\",\"urlTemplate\":\"https:\/\/www.praktivak.be\/fr\/?s={search_term_string}\"},\"query-input\":{\"@type\":\"PropertyValueSpecification\",\"valueRequired\":true,\"valueName\":\"search_term_string\"}}],\"inLanguage\":\"fr-FR\"},{\"@type\":\"Organization\",\"@id\":\"https:\/\/www.praktivak.be\/fr\/#organization\",\"name\":\"Praktivak\",\"url\":\"https:\/\/www.praktivak.be\/fr\/\",\"logo\":{\"@type\":\"ImageObject\",\"inLanguage\":\"fr-FR\",\"@id\":\"https:\/\/www.praktivak.be\/fr\/#\/schema\/logo\/image\/\",\"url\":\"https:\/\/www.praktivak.be\/wp-content\/uploads\/2024\/09\/Logo.png\",\"contentUrl\":\"https:\/\/www.praktivak.be\/wp-content\/uploads\/2024\/09\/Logo.png\",\"width\":1774,\"height\":337,\"caption\":\"Praktivak\"},\"image\":{\"@id\":\"https:\/\/www.praktivak.be\/fr\/#\/schema\/logo\/image\/\"}}]}<\/script>\n<!-- \/ Yoast SEO plugin. -->","yoast_head_json":{"title":"Xminerals Gentle Peeling Cream, 100ml - Praktivak","robots":{"index":"index","follow":"follow","max-snippet":"max-snippet:-1","max-image-preview":"max-image-preview:large","max-video-preview":"max-video-preview:-1"},"canonical":"https:\/\/www.praktivak.be\/fr\/produit\/xminerals-gentle-peeling-cream-100ml\/","og_locale":"fr_FR","og_type":"article","og_title":"Xminerals Gentle Peeling Cream, 100ml - Praktivak","og_description":"Cr&egrave;me peeling douce &ndash; Tous les types de peau &ndash; Exfoliation &ndash; v&eacute;g&eacute;talien &ndash; AHAs &ndash; Contient plusieurs acides pour un effet exfoliant efficace &ndash; Riche en ingr&eacute;dients apaisants et hydratants tels que l&rsquo;Aloe Vera. &ndash; Bourr&eacute; d&rsquo;antioxydants tels que la vitamine E et le th&eacute; vert. La cr&egrave;me peeling douce convient &agrave; tous les &hellip; Continuer la lecture \"Xminerals Gentle Peeling Cream, 100ml\"","og_url":"https:\/\/www.praktivak.be\/fr\/produit\/xminerals-gentle-peeling-cream-100ml\/","og_site_name":"Praktivak","article_modified_time":"2026-01-27T18:58:58+00:00","og_image":[{"width":1000,"height":1000,"url":"https:\/\/www.praktivak.be\/wp-content\/uploads\/2025\/09\/MSC74693.jpg","type":"image\/jpeg"}],"twitter_card":"summary_large_image","twitter_misc":{"Dur\u00e9e de lecture estim\u00e9e":"2 minutes"},"schema":{"@context":"https:\/\/schema.org","@graph":[{"@type":"WebPage","@id":"https:\/\/www.praktivak.be\/fr\/produit\/xminerals-gentle-peeling-cream-100ml\/","url":"https:\/\/www.praktivak.be\/fr\/produit\/xminerals-gentle-peeling-cream-100ml\/","name":"Xminerals Gentle Peeling Cream, 100ml - Praktivak","isPartOf":{"@id":"https:\/\/www.praktivak.be\/fr\/#website"},"primaryImageOfPage":{"@id":"https:\/\/www.praktivak.be\/fr\/produit\/xminerals-gentle-peeling-cream-100ml\/#primaryimage"},"image":{"@id":"https:\/\/www.praktivak.be\/fr\/produit\/xminerals-gentle-peeling-cream-100ml\/#primaryimage"},"thumbnailUrl":"https:\/\/www.praktivak.be\/wp-content\/uploads\/2025\/09\/MSC74693.jpg","datePublished":"2025-08-14T20:12:49+00:00","dateModified":"2026-01-27T18:58:58+00:00","breadcrumb":{"@id":"https:\/\/www.praktivak.be\/fr\/produit\/xminerals-gentle-peeling-cream-100ml\/#breadcrumb"},"inLanguage":"fr-FR","potentialAction":[{"@type":"ReadAction","target":["https:\/\/www.praktivak.be\/fr\/produit\/xminerals-gentle-peeling-cream-100ml\/"]}]},{"@type":"ImageObject","inLanguage":"fr-FR","@id":"https:\/\/www.praktivak.be\/fr\/produit\/xminerals-gentle-peeling-cream-100ml\/#primaryimage","url":"https:\/\/www.praktivak.be\/wp-content\/uploads\/2025\/09\/MSC74693.jpg","contentUrl":"https:\/\/www.praktivak.be\/wp-content\/uploads\/2025\/09\/MSC74693.jpg","width":1000,"height":1000},{"@type":"BreadcrumbList","@id":"https:\/\/www.praktivak.be\/fr\/produit\/xminerals-gentle-peeling-cream-100ml\/#breadcrumb","itemListElement":[{"@type":"ListItem","position":1,"name":"Home","item":"https:\/\/www.praktivak.be\/fr\/"},{"@type":"ListItem","position":2,"name":"Boutique","item":"https:\/\/www.praktivak.be\/fr\/boutique\/"},{"@type":"ListItem","position":3,"name":"Xminerals Gentle Peeling Cream, 100ml"}]},{"@type":"WebSite","@id":"https:\/\/www.praktivak.be\/fr\/#website","url":"https:\/\/www.praktivak.be\/fr\/","name":"Praktivak","description":"","publisher":{"@id":"https:\/\/www.praktivak.be\/fr\/#organization"},"potentialAction":[{"@type":"SearchAction","target":{"@type":"EntryPoint","urlTemplate":"https:\/\/www.praktivak.be\/fr\/?s={search_term_string}"},"query-input":{"@type":"PropertyValueSpecification","valueRequired":true,"valueName":"search_term_string"}}],"inLanguage":"fr-FR"},{"@type":"Organization","@id":"https:\/\/www.praktivak.be\/fr\/#organization","name":"Praktivak","url":"https:\/\/www.praktivak.be\/fr\/","logo":{"@type":"ImageObject","inLanguage":"fr-FR","@id":"https:\/\/www.praktivak.be\/fr\/#\/schema\/logo\/image\/","url":"https:\/\/www.praktivak.be\/wp-content\/uploads\/2024\/09\/Logo.png","contentUrl":"https:\/\/www.praktivak.be\/wp-content\/uploads\/2024\/09\/Logo.png","width":1774,"height":337,"caption":"Praktivak"},"image":{"@id":"https:\/\/www.praktivak.be\/fr\/#\/schema\/logo\/image\/"}}]}},"featured_img":"https:\/\/www.praktivak.be\/wp-content\/uploads\/2025\/09\/MSC74693.jpg","coauthors":[],"author_meta":{"author_link":"https:\/\/www.praktivak.be\/fr\/author\/madeit\/","display_name":"Tjebbe Lievens"},"relative_dates":{"created":"Publi\u00e9 8 mois il y a","modified":"Mis \u00e0 jour 3 mois il y a"},"absolute_dates":{"created":"Publi\u00e9 le 14 ao\u00fbt 2025","modified":"Mise \u00e0 jour le 27 janvier 2026"},"absolute_dates_time":{"created":"Publi\u00e9 le 14 ao\u00fbt 2025 22h12","modified":"Mise \u00e0 jour le 27 janvier 2026 19h58"},"featured_img_caption":"","tax_additional":{"product_brand":{"linked":[],"unlinked":[],"slug":"product_brand","name":"Marques"},"product_type":{"linked":["<a href=\"https:\/\/www.praktivak.be\/fr\/?taxonomy=product_type&#038;term=simple\" class=\"advgb-post-tax-term\">simple<\/a>"],"unlinked":["<span class=\"advgb-post-tax-term\">simple<\/span>"],"slug":"product_type","name":"Type de produit"},"product_visibility":{"linked":[],"unlinked":[],"slug":"product_visibility","name":"Visibilit\u00e9 du produit"},"product_cat":{"linked":["<a href=\"https:\/\/www.praktivak.be\/fr\/categorie-de-produit\/gelaatsverzorging-fr\/xminerals\/professional-products-xminerals-gelaatsverzorging-fr\/\" class=\"advgb-post-tax-term\">Professional products<\/a>"],"unlinked":["<span class=\"advgb-post-tax-term\">Professional products<\/span>"],"slug":"product_cat","name":"Cat\u00e9gories de produits"},"product_tag":{"linked":[],"unlinked":[],"slug":"product_tag","name":"\u00c9tiquettes produit"},"product_shipping_class":{"linked":[],"unlinked":[],"slug":"product_shipping_class","name":"Classe d\u2019exp\u00e9dition du produit"},"pos_product_visibility":{"linked":[],"unlinked":[],"slug":"pos_product_visibility","name":"Visibilit\u00e9 du produit sur le point de vente"},"translation_priority":{"linked":[],"unlinked":[],"slug":"translation_priority","name":"Priorit\u00e9s de traduction"}},"series_order":"","_links":{"self":[{"href":"https:\/\/www.praktivak.be\/fr\/wp-json\/wp\/v2\/product\/168500","targetHints":{"allow":["GET"]}}],"collection":[{"href":"https:\/\/www.praktivak.be\/fr\/wp-json\/wp\/v2\/product"}],"about":[{"href":"https:\/\/www.praktivak.be\/fr\/wp-json\/wp\/v2\/types\/product"}],"version-history":[{"count":85,"href":"https:\/\/www.praktivak.be\/fr\/wp-json\/wp\/v2\/product\/168500\/revisions"}],"predecessor-version":[{"id":327232,"href":"https:\/\/www.praktivak.be\/fr\/wp-json\/wp\/v2\/product\/168500\/revisions\/327232"}],"wp:featuredmedia":[{"embeddable":true,"href":"https:\/\/www.praktivak.be\/fr\/wp-json\/wp\/v2\/media\/313748"}],"wp:attachment":[{"href":"https:\/\/www.praktivak.be\/fr\/wp-json\/wp\/v2\/media?parent=168500"}],"wp:term":[{"taxonomy":"product_brand","embeddable":true,"href":"https:\/\/www.praktivak.be\/fr\/wp-json\/wp\/v2\/product_brand?post=168500"},{"taxonomy":"product_cat","embeddable":true,"href":"https:\/\/www.praktivak.be\/fr\/wp-json\/wp\/v2\/product_cat?post=168500"},{"taxonomy":"product_tag","embeddable":true,"href":"https:\/\/www.praktivak.be\/fr\/wp-json\/wp\/v2\/product_tag?post=168500"}],"curies":[{"name":"wp","href":"https:\/\/api.w.org\/{rel}","templated":true}]}}