

{"id":168482,"date":"2025-08-14T22:12:33","date_gmt":"2025-08-14T20:12:33","guid":{"rendered":"https:\/\/www.praktivak.be\/product\/xminerals-firming-eye-cream-30ml\/"},"modified":"2026-01-27T19:57:16","modified_gmt":"2026-01-27T18:57:16","slug":"xminerals-firming-eye-cream-30ml","status":"publish","type":"product","link":"https:\/\/www.praktivak.be\/fr\/produit\/xminerals-firming-eye-cream-30ml\/","title":{"rendered":"Xminerals Firming Eye Cream, 30ml"},"content":{"rendered":"\n<p>\nCr&egrave;me raffermissante pour les yeux<\/p>\n\n<p>\n&ndash; Tous les types de peau<\/p>\n<p>\n&ndash; Lissage<\/p>\n<p>\n&ndash; Cellules souches de pomme<\/p>\n<p>\n&ndash; R&eacute;duit les rides et les ridules<\/p>\n<p>\n&ndash; Am&eacute;liore la fermet&eacute; de la peau<\/p>\n<p>\n&ndash; Am&eacute;liore l&rsquo;&eacute;clat de la peau du contour des yeux.<\/p>\n<p>\n&ndash; Hydrate intens&eacute;ment<\/p>\n\n<p>\nL&rsquo;&eacute;nergie pr&eacute;cieuse de la mer Morte et les cellules souches naturelles de pomme pour un raffermissement spectaculaire du contour des yeux !<\/p>\n\n<p>\nCette cr&egrave;me riche pour les yeux &agrave; base de cellules souches de pomme, d&rsquo;algues, d&rsquo;acide hyaluronique, de squalane, d&rsquo;oligopeptides et de vitamines antioxydantes C et E a un double effet :<\/p>\n\n<p>\n&ndash; R&eacute;g&eacute;n&eacute;ration et raffermissement du contour des yeux<\/p>\n<p>\n&ndash; Optimisation du taux d&rsquo;humidit&eacute; naturel<\/p>\n\n<p>\nLe r&eacute;sultat est un contour des yeux visiblement raffermi, r&eacute;sistant et jeune, et une apparence fra&icirc;che, lumineuse et repos&eacute;e.<\/p>\n\n<p>\nAppliquez d&eacute;licatement une petite quantit&eacute; de cr&egrave;me sur le contour des yeux et faites p&eacute;n&eacute;trer par des mouvements circulaires. &Eacute;vitez le contact direct avec les yeux. Pour un usage quotidien.<\/p>\n\n<p>\nIngr&eacute;dients :<\/p>\n<p>\nAqua, Caprylyl Glycol, Isopropyl Myristate, Sodium Acrylates Copolymer, Lecithin, Butylene Glycol, Carbomer, Polysorbate-20, Palmitoyl Oligopeptide, Palmitoyl Tetrapeptide-7, Squalane, Propylen Glycol, Glyc&eacute;rine, Copolym&egrave;re d&rsquo;Acrylates, Ester VP\/ Polycarbamyl Polyglycol, Prot&eacute;ine de S&eacute;same Hydrolys&eacute;e PG-Propyl Methylsilanediol, Ac&eacute;tate de Tocopheryl (Vitamine E), Glyceryl Stearate Se, Alcool c&eacute;tylique, acide sorbique, parfum, lanoline, alcool benzylique, st&eacute;arate de peg 40, hyaluronate de sodium (acide hyaluronique), extrait de culture cellulaire de fruit Malus Domestica (cellules souches de pomme), Phosphate d&rsquo;ascorbyle de magn&eacute;sium (vitamine C), extrait de feuille d&rsquo;hamam&eacute;lis virginiana (hamam&eacute;lis), huile d&rsquo;onagre (Oenothera Biennis), extrait d&rsquo;algues, huile d&rsquo;amande douce (Prunus Amygdalus Dulcis), polysorbate 65.<\/p>\n\n<p>\nPrincipes actifs de la &laquo;&nbsp;Cr&egrave;me raffermissante pour les yeux&nbsp;&raquo; :<\/p>\n<p>\nVitamine E<\/p>\n<p>\nL&rsquo;utilisation de la vitamine E r&eacute;duit visiblement les ridules, les rides et l&rsquo;hyperpigmentation.<\/p>\n\n<p>\nVitamine C<\/p>\n<p>\nLa vitamine C prot&egrave;ge votre peau contre les irritations, les inflammations et la pollution. Cette protection donne &agrave; votre peau un aspect frais.<\/p>\n\n<p>\nPalmitoyl Tetrapeptide-7<\/p>\n<p>\nCe peptide est compos&eacute; de quatre acides amin&eacute;s pour am&eacute;liorer la stabilit&eacute; et la p&eacute;n&eacute;tration dans la peau. Les peptides ont diff&eacute;rentes fonctions sur la peau, et ce peptide particulier a une&hellip;<\/p>\n\n<p>\nPalmitoyl Oligopeptide<\/p>\n<p>\nPeptide compos&eacute; de six acides amin&eacute;s. Assure la fermet&eacute; et l&rsquo;am&eacute;lioration du teint.<\/p>\n\n<p>\nCellules souches de pomme<\/p>\n<p>\nIngr&eacute;dient anti-&acirc;ge issu de la science suisse pour la r&eacute;duction des pattes d&rsquo;oie. Antioxydant puissant.&nbsp;&raquo;<\/p>\n\n","protected":false},"excerpt":{"rendered":"<p>Cr&egrave;me raffermissante pour les yeux &ndash; Tous les types de peau &ndash; Lissage &ndash; Cellules souches de pomme &ndash; R&eacute;duit les rides et les ridules &ndash; Am&eacute;liore la fermet&eacute; de la peau &ndash; Am&eacute;liore l&rsquo;&eacute;clat de la peau du contour des yeux. &ndash; Hydrate intens&eacute;ment L&rsquo;&eacute;nergie pr&eacute;cieuse de la mer Morte et les cellules souches &hellip; <\/p>\n<p class=\"link-more\"><a href=\"https:\/\/www.praktivak.be\/fr\/produit\/xminerals-firming-eye-cream-30ml\/\" class=\"more-link\">Continuer la lecture<span class=\"screen-reader-text\"> \u00ab\u00a0Xminerals Firming Eye Cream, 30ml\u00a0\u00bb<\/span><\/a><\/p>\n","protected":false},"author":1,"featured_media":309379,"template":"","meta":{"_acf_changed":false,"_relevanssi_hide_post":"","_relevanssi_hide_content":"","_relevanssi_pin_for_all":"","_relevanssi_pin_keywords":"","_relevanssi_unpin_keywords":"","_relevanssi_related_keywords":"","_relevanssi_related_include_ids":"","_relevanssi_related_exclude_ids":"","_relevanssi_related_no_append":"","_relevanssi_related_not_related":"","_relevanssi_related_posts":"","_relevanssi_noindex_reason":"","advgb_blocks_editor_width":"","advgb_blocks_columns_visual_guide":"","footnotes":""},"product_brand":[],"product_cat":[2115],"product_tag":[],"class_list":{"0":"post-168482","1":"product","2":"type-product","3":"status-publish","4":"has-post-thumbnail","6":"product_cat-consumer-products-xminerals-gelaatsverzorging-fr","8":"first","9":"instock","10":"taxable","11":"shipping-taxable","12":"product-type-simple"},"acf":[],"yoast_head":"<!-- This site is optimized with the Yoast SEO plugin v27.2 - https:\/\/yoast.com\/product\/yoast-seo-wordpress\/ -->\n<title>Xminerals Firming Eye Cream, 30ml - Praktivak<\/title>\n<meta name=\"robots\" content=\"index, follow, max-snippet:-1, max-image-preview:large, max-video-preview:-1\" \/>\n<link rel=\"canonical\" href=\"https:\/\/www.praktivak.be\/fr\/produit\/xminerals-firming-eye-cream-30ml\/\" \/>\n<meta property=\"og:locale\" content=\"fr_FR\" \/>\n<meta property=\"og:type\" content=\"article\" \/>\n<meta property=\"og:title\" content=\"Xminerals Firming Eye Cream, 30ml - Praktivak\" \/>\n<meta property=\"og:description\" content=\"Cr&egrave;me raffermissante pour les yeux &ndash; Tous les types de peau &ndash; Lissage &ndash; Cellules souches de pomme &ndash; R&eacute;duit les rides et les ridules &ndash; Am&eacute;liore la fermet&eacute; de la peau &ndash; Am&eacute;liore l&rsquo;&eacute;clat de la peau du contour des yeux. &ndash; Hydrate intens&eacute;ment L&rsquo;&eacute;nergie pr&eacute;cieuse de la mer Morte et les cellules souches &hellip; Continuer la lecture &quot;Xminerals Firming Eye Cream, 30ml&quot;\" \/>\n<meta property=\"og:url\" content=\"https:\/\/www.praktivak.be\/fr\/produit\/xminerals-firming-eye-cream-30ml\/\" \/>\n<meta property=\"og:site_name\" content=\"Praktivak\" \/>\n<meta property=\"article:modified_time\" content=\"2026-01-27T18:57:16+00:00\" \/>\n<meta property=\"og:image\" content=\"https:\/\/www.praktivak.be\/wp-content\/uploads\/2025\/09\/MSC74677-2.jpg\" \/>\n\t<meta property=\"og:image:width\" content=\"1000\" \/>\n\t<meta property=\"og:image:height\" content=\"1000\" \/>\n\t<meta property=\"og:image:type\" content=\"image\/jpeg\" \/>\n<meta name=\"twitter:card\" content=\"summary_large_image\" \/>\n<meta name=\"twitter:label1\" content=\"Dur\u00e9e de lecture estim\u00e9e\" \/>\n\t<meta name=\"twitter:data1\" content=\"2 minutes\" \/>\n<script type=\"application\/ld+json\" class=\"yoast-schema-graph\">{\"@context\":\"https:\/\/schema.org\",\"@graph\":[{\"@type\":\"WebPage\",\"@id\":\"https:\/\/www.praktivak.be\/fr\/produit\/xminerals-firming-eye-cream-30ml\/\",\"url\":\"https:\/\/www.praktivak.be\/fr\/produit\/xminerals-firming-eye-cream-30ml\/\",\"name\":\"Xminerals Firming Eye Cream, 30ml - Praktivak\",\"isPartOf\":{\"@id\":\"https:\/\/www.praktivak.be\/fr\/#website\"},\"primaryImageOfPage\":{\"@id\":\"https:\/\/www.praktivak.be\/fr\/produit\/xminerals-firming-eye-cream-30ml\/#primaryimage\"},\"image\":{\"@id\":\"https:\/\/www.praktivak.be\/fr\/produit\/xminerals-firming-eye-cream-30ml\/#primaryimage\"},\"thumbnailUrl\":\"https:\/\/www.praktivak.be\/wp-content\/uploads\/2025\/09\/MSC74677-2.jpg\",\"datePublished\":\"2025-08-14T20:12:33+00:00\",\"dateModified\":\"2026-01-27T18:57:16+00:00\",\"breadcrumb\":{\"@id\":\"https:\/\/www.praktivak.be\/fr\/produit\/xminerals-firming-eye-cream-30ml\/#breadcrumb\"},\"inLanguage\":\"fr-FR\",\"potentialAction\":[{\"@type\":\"ReadAction\",\"target\":[\"https:\/\/www.praktivak.be\/fr\/produit\/xminerals-firming-eye-cream-30ml\/\"]}]},{\"@type\":\"ImageObject\",\"inLanguage\":\"fr-FR\",\"@id\":\"https:\/\/www.praktivak.be\/fr\/produit\/xminerals-firming-eye-cream-30ml\/#primaryimage\",\"url\":\"https:\/\/www.praktivak.be\/wp-content\/uploads\/2025\/09\/MSC74677-2.jpg\",\"contentUrl\":\"https:\/\/www.praktivak.be\/wp-content\/uploads\/2025\/09\/MSC74677-2.jpg\",\"width\":1000,\"height\":1000},{\"@type\":\"BreadcrumbList\",\"@id\":\"https:\/\/www.praktivak.be\/fr\/produit\/xminerals-firming-eye-cream-30ml\/#breadcrumb\",\"itemListElement\":[{\"@type\":\"ListItem\",\"position\":1,\"name\":\"Home\",\"item\":\"https:\/\/www.praktivak.be\/fr\/\"},{\"@type\":\"ListItem\",\"position\":2,\"name\":\"Boutique\",\"item\":\"https:\/\/www.praktivak.be\/fr\/boutique\/\"},{\"@type\":\"ListItem\",\"position\":3,\"name\":\"Xminerals Firming Eye Cream, 30ml\"}]},{\"@type\":\"WebSite\",\"@id\":\"https:\/\/www.praktivak.be\/fr\/#website\",\"url\":\"https:\/\/www.praktivak.be\/fr\/\",\"name\":\"Praktivak\",\"description\":\"\",\"publisher\":{\"@id\":\"https:\/\/www.praktivak.be\/fr\/#organization\"},\"potentialAction\":[{\"@type\":\"SearchAction\",\"target\":{\"@type\":\"EntryPoint\",\"urlTemplate\":\"https:\/\/www.praktivak.be\/fr\/?s={search_term_string}\"},\"query-input\":{\"@type\":\"PropertyValueSpecification\",\"valueRequired\":true,\"valueName\":\"search_term_string\"}}],\"inLanguage\":\"fr-FR\"},{\"@type\":\"Organization\",\"@id\":\"https:\/\/www.praktivak.be\/fr\/#organization\",\"name\":\"Praktivak\",\"url\":\"https:\/\/www.praktivak.be\/fr\/\",\"logo\":{\"@type\":\"ImageObject\",\"inLanguage\":\"fr-FR\",\"@id\":\"https:\/\/www.praktivak.be\/fr\/#\/schema\/logo\/image\/\",\"url\":\"https:\/\/www.praktivak.be\/wp-content\/uploads\/2024\/09\/Logo.png\",\"contentUrl\":\"https:\/\/www.praktivak.be\/wp-content\/uploads\/2024\/09\/Logo.png\",\"width\":1774,\"height\":337,\"caption\":\"Praktivak\"},\"image\":{\"@id\":\"https:\/\/www.praktivak.be\/fr\/#\/schema\/logo\/image\/\"}}]}<\/script>\n<!-- \/ Yoast SEO plugin. -->","yoast_head_json":{"title":"Xminerals Firming Eye Cream, 30ml - Praktivak","robots":{"index":"index","follow":"follow","max-snippet":"max-snippet:-1","max-image-preview":"max-image-preview:large","max-video-preview":"max-video-preview:-1"},"canonical":"https:\/\/www.praktivak.be\/fr\/produit\/xminerals-firming-eye-cream-30ml\/","og_locale":"fr_FR","og_type":"article","og_title":"Xminerals Firming Eye Cream, 30ml - Praktivak","og_description":"Cr&egrave;me raffermissante pour les yeux &ndash; Tous les types de peau &ndash; Lissage &ndash; Cellules souches de pomme &ndash; R&eacute;duit les rides et les ridules &ndash; Am&eacute;liore la fermet&eacute; de la peau &ndash; Am&eacute;liore l&rsquo;&eacute;clat de la peau du contour des yeux. &ndash; Hydrate intens&eacute;ment L&rsquo;&eacute;nergie pr&eacute;cieuse de la mer Morte et les cellules souches &hellip; Continuer la lecture \"Xminerals Firming Eye Cream, 30ml\"","og_url":"https:\/\/www.praktivak.be\/fr\/produit\/xminerals-firming-eye-cream-30ml\/","og_site_name":"Praktivak","article_modified_time":"2026-01-27T18:57:16+00:00","og_image":[{"width":1000,"height":1000,"url":"https:\/\/www.praktivak.be\/wp-content\/uploads\/2025\/09\/MSC74677-2.jpg","type":"image\/jpeg"}],"twitter_card":"summary_large_image","twitter_misc":{"Dur\u00e9e de lecture estim\u00e9e":"2 minutes"},"schema":{"@context":"https:\/\/schema.org","@graph":[{"@type":"WebPage","@id":"https:\/\/www.praktivak.be\/fr\/produit\/xminerals-firming-eye-cream-30ml\/","url":"https:\/\/www.praktivak.be\/fr\/produit\/xminerals-firming-eye-cream-30ml\/","name":"Xminerals Firming Eye Cream, 30ml - Praktivak","isPartOf":{"@id":"https:\/\/www.praktivak.be\/fr\/#website"},"primaryImageOfPage":{"@id":"https:\/\/www.praktivak.be\/fr\/produit\/xminerals-firming-eye-cream-30ml\/#primaryimage"},"image":{"@id":"https:\/\/www.praktivak.be\/fr\/produit\/xminerals-firming-eye-cream-30ml\/#primaryimage"},"thumbnailUrl":"https:\/\/www.praktivak.be\/wp-content\/uploads\/2025\/09\/MSC74677-2.jpg","datePublished":"2025-08-14T20:12:33+00:00","dateModified":"2026-01-27T18:57:16+00:00","breadcrumb":{"@id":"https:\/\/www.praktivak.be\/fr\/produit\/xminerals-firming-eye-cream-30ml\/#breadcrumb"},"inLanguage":"fr-FR","potentialAction":[{"@type":"ReadAction","target":["https:\/\/www.praktivak.be\/fr\/produit\/xminerals-firming-eye-cream-30ml\/"]}]},{"@type":"ImageObject","inLanguage":"fr-FR","@id":"https:\/\/www.praktivak.be\/fr\/produit\/xminerals-firming-eye-cream-30ml\/#primaryimage","url":"https:\/\/www.praktivak.be\/wp-content\/uploads\/2025\/09\/MSC74677-2.jpg","contentUrl":"https:\/\/www.praktivak.be\/wp-content\/uploads\/2025\/09\/MSC74677-2.jpg","width":1000,"height":1000},{"@type":"BreadcrumbList","@id":"https:\/\/www.praktivak.be\/fr\/produit\/xminerals-firming-eye-cream-30ml\/#breadcrumb","itemListElement":[{"@type":"ListItem","position":1,"name":"Home","item":"https:\/\/www.praktivak.be\/fr\/"},{"@type":"ListItem","position":2,"name":"Boutique","item":"https:\/\/www.praktivak.be\/fr\/boutique\/"},{"@type":"ListItem","position":3,"name":"Xminerals Firming Eye Cream, 30ml"}]},{"@type":"WebSite","@id":"https:\/\/www.praktivak.be\/fr\/#website","url":"https:\/\/www.praktivak.be\/fr\/","name":"Praktivak","description":"","publisher":{"@id":"https:\/\/www.praktivak.be\/fr\/#organization"},"potentialAction":[{"@type":"SearchAction","target":{"@type":"EntryPoint","urlTemplate":"https:\/\/www.praktivak.be\/fr\/?s={search_term_string}"},"query-input":{"@type":"PropertyValueSpecification","valueRequired":true,"valueName":"search_term_string"}}],"inLanguage":"fr-FR"},{"@type":"Organization","@id":"https:\/\/www.praktivak.be\/fr\/#organization","name":"Praktivak","url":"https:\/\/www.praktivak.be\/fr\/","logo":{"@type":"ImageObject","inLanguage":"fr-FR","@id":"https:\/\/www.praktivak.be\/fr\/#\/schema\/logo\/image\/","url":"https:\/\/www.praktivak.be\/wp-content\/uploads\/2024\/09\/Logo.png","contentUrl":"https:\/\/www.praktivak.be\/wp-content\/uploads\/2024\/09\/Logo.png","width":1774,"height":337,"caption":"Praktivak"},"image":{"@id":"https:\/\/www.praktivak.be\/fr\/#\/schema\/logo\/image\/"}}]}},"featured_img":"https:\/\/www.praktivak.be\/wp-content\/uploads\/2025\/09\/MSC74677-2.jpg","coauthors":[],"author_meta":{"author_link":"https:\/\/www.praktivak.be\/fr\/author\/madeit\/","display_name":"Tjebbe Lievens"},"relative_dates":{"created":"Publi\u00e9 8 mois il y a","modified":"Mis \u00e0 jour 3 mois il y a"},"absolute_dates":{"created":"Publi\u00e9 le 14 ao\u00fbt 2025","modified":"Mise \u00e0 jour le 27 janvier 2026"},"absolute_dates_time":{"created":"Publi\u00e9 le 14 ao\u00fbt 2025 22h12","modified":"Mise \u00e0 jour le 27 janvier 2026 19h57"},"featured_img_caption":"","tax_additional":{"product_brand":{"linked":[],"unlinked":[],"slug":"product_brand","name":"Marques"},"product_type":{"linked":["<a href=\"https:\/\/www.praktivak.be\/fr\/?taxonomy=product_type&#038;term=simple\" class=\"advgb-post-tax-term\">simple<\/a>"],"unlinked":["<span class=\"advgb-post-tax-term\">simple<\/span>"],"slug":"product_type","name":"Type de produit"},"product_visibility":{"linked":[],"unlinked":[],"slug":"product_visibility","name":"Visibilit\u00e9 du produit"},"product_cat":{"linked":["<a href=\"https:\/\/www.praktivak.be\/fr\/categorie-de-produit\/gelaatsverzorging-fr\/xminerals\/consumer-products-xminerals-gelaatsverzorging-fr\/\" class=\"advgb-post-tax-term\">Consumer products<\/a>"],"unlinked":["<span class=\"advgb-post-tax-term\">Consumer products<\/span>"],"slug":"product_cat","name":"Cat\u00e9gories de produits"},"product_tag":{"linked":[],"unlinked":[],"slug":"product_tag","name":"\u00c9tiquettes produit"},"product_shipping_class":{"linked":[],"unlinked":[],"slug":"product_shipping_class","name":"Classe d\u2019exp\u00e9dition du produit"},"pos_product_visibility":{"linked":[],"unlinked":[],"slug":"pos_product_visibility","name":"Visibilit\u00e9 du produit sur le point de vente"},"translation_priority":{"linked":[],"unlinked":[],"slug":"translation_priority","name":"Priorit\u00e9s de traduction"}},"series_order":"","_links":{"self":[{"href":"https:\/\/www.praktivak.be\/fr\/wp-json\/wp\/v2\/product\/168482","targetHints":{"allow":["GET"]}}],"collection":[{"href":"https:\/\/www.praktivak.be\/fr\/wp-json\/wp\/v2\/product"}],"about":[{"href":"https:\/\/www.praktivak.be\/fr\/wp-json\/wp\/v2\/types\/product"}],"version-history":[{"count":89,"href":"https:\/\/www.praktivak.be\/fr\/wp-json\/wp\/v2\/product\/168482\/revisions"}],"predecessor-version":[{"id":325421,"href":"https:\/\/www.praktivak.be\/fr\/wp-json\/wp\/v2\/product\/168482\/revisions\/325421"}],"wp:featuredmedia":[{"embeddable":true,"href":"https:\/\/www.praktivak.be\/fr\/wp-json\/wp\/v2\/media\/309379"}],"wp:attachment":[{"href":"https:\/\/www.praktivak.be\/fr\/wp-json\/wp\/v2\/media?parent=168482"}],"wp:term":[{"taxonomy":"product_brand","embeddable":true,"href":"https:\/\/www.praktivak.be\/fr\/wp-json\/wp\/v2\/product_brand?post=168482"},{"taxonomy":"product_cat","embeddable":true,"href":"https:\/\/www.praktivak.be\/fr\/wp-json\/wp\/v2\/product_cat?post=168482"},{"taxonomy":"product_tag","embeddable":true,"href":"https:\/\/www.praktivak.be\/fr\/wp-json\/wp\/v2\/product_tag?post=168482"}],"curies":[{"name":"wp","href":"https:\/\/api.w.org\/{rel}","templated":true}]}}